{"id":148,"date":"2025-12-29T23:27:06","date_gmt":"2025-12-29T22:27:06","guid":{"rendered":"https:\/\/www.sf-germany.org\/einheiten\/universe\/?page_id=148"},"modified":"2025-12-31T00:04:10","modified_gmt":"2025-12-30T23:04:10","slug":"aetoo-und-ocan","status":"publish","type":"page","link":"https:\/\/www.sf-germany.org\/einheiten\/universe\/aetoo-und-ocan\/","title":{"rendered":"Aetoo und Ocan"},"content":{"rendered":"<h5>Zwei sylenische Konzernprinzessinnen und ihr Team auf Abenteuerjagd<\/h5>\n<p><a href=\"https:\/\/sfg.groups.io\/g\/RPG-Universe\/search?tag=330766\">RPG-Archiv<\/a><\/p>\n<p>&nbsp;<\/p>\n<h6>Ocan und das Waisenhaus &#8211; Teil 1 und 2<\/h6>\n<ul>\n<li><a href=\"https:\/\/sfg.groups.io\/g\/RPG-Universe\/message\/198\">https:\/\/sfg.groups.io\/g\/RPG-Universe\/message\/198<\/a><\/li>\n<li><a href=\"https:\/\/sfg.groups.io\/g\/RPG-Universe\/message\/199\">https:\/\/sfg.groups.io\/g\/RPG-Universe\/message\/199<\/a><\/li>\n<\/ul>\n<h6>Navy CSI Sylene &#8211; Teil 1 und 2<\/h6>\n<ul>\n<li><a href=\"https:\/\/sfg.groups.io\/g\/RPG-Universe\/message\/200\">https:\/\/sfg.groups.io\/g\/RPG-Universe\/message\/200<\/a><\/li>\n<li><a href=\"https:\/\/sfg.groups.io\/g\/RPG-Universe\/message\/202\">https:\/\/sfg.groups.io\/g\/RPG-Universe\/message\/202<\/a><\/li>\n<\/ul>\n<h6>Things that go bump in the Night &#8211; Teil 1-3<\/h6>\n<ul>\n<li><a href=\"https:\/\/sfg.groups.io\/g\/RPG-Universe\/message\/207\">https:\/\/sfg.groups.io\/g\/RPG-Universe\/message\/207<\/a><\/li>\n<li><a href=\"https:\/\/sfg.groups.io\/g\/RPG-Universe\/message\/208\">https:\/\/sfg.groups.io\/g\/RPG-Universe\/message\/208<\/a><\/li>\n<li><a href=\"https:\/\/sfg.groups.io\/g\/RPG-Universe\/message\/209\">https:\/\/sfg.groups.io\/g\/RPG-Universe\/message\/209<\/a><\/li>\n<\/ul>\n<h6>Ocans Vorgeschichte &#8211; von der Navy in den Untergrund und zur\u00fcck bis zur Clanprinzessin<\/h6>\n<ul>\n<li><a href=\"https:\/\/sfg.groups.io\/g\/RPG-Universe\/message\/219\">A &#8218;Killing Offense&#8216;<\/a><\/li>\n<li><a href=\"https:\/\/sfg.groups.io\/g\/RPG-Universe\/message\/220\">The mission<\/a><\/li>\n<li><a href=\"https:\/\/sfg.groups.io\/g\/RPG-Universe\/message\/221\">A phyrric victory<\/a><\/li>\n<li><a href=\"https:\/\/sfg.groups.io\/g\/RPG-Universe\/message\/222\">Betrayel and traitors<\/a><\/li>\n<li><a href=\"https:\/\/sfg.groups.io\/g\/RPG-Universe\/message\/223\">The witch<\/a><\/li>\n<li><a href=\"https:\/\/sfg.groups.io\/g\/RPG-Universe\/message\/224\">Just a cat?<\/a><\/li>\n<li><a href=\"https:\/\/sfg.groups.io\/g\/RPG-Universe\/message\/225\">A job is a job<\/a><\/li>\n<li><a href=\"https:\/\/sfg.groups.io\/g\/RPG-Universe\/message\/226\">Doing the right thing<\/a><\/li>\n<li><a href=\"https:\/\/sfg.groups.io\/g\/RPG-Universe\/message\/227\">Foes become friends<\/a><\/li>\n<li><a href=\"https:\/\/sfg.groups.io\/g\/RPG-Universe\/message\/228\">Oh captain, ma captain!<\/a><\/li>\n<\/ul>\n<h6>Im Angesicht des Nichts<\/h6>\n<ul>\n<li><a href=\"https:\/\/sfg.groups.io\/g\/RPG-Universe\/message\/229\">Bombenstimmung<\/a><\/li>\n<li><a href=\"https:\/\/sfg.groups.io\/g\/RPG-Universe\/message\/230\">Kriegsrat + Bombenstimmung<\/a><\/li>\n<li><a href=\"https:\/\/sfg.groups.io\/g\/RPG-Universe\/message\/231\">A grand entrance<\/a><\/li>\n<li><a href=\"https:\/\/sfg.groups.io\/g\/RPG-Universe\/message\/232\">Gestern war heute noch morgen<\/a><\/li>\n<li><a href=\"https:\/\/sfg.groups.io\/g\/RPG-Universe\/message\/233\">Gestern, Heute, Morgen oder Denn in Wirklichkeit ist die Wirklichkeit nicht wirklich wirklich<\/a><\/li>\n<\/ul>\n<h6>The angel&#8217;s scepter<\/h6>\n<ul>\n<li><a href=\"https:\/\/sfg.groups.io\/g\/RPG-Universe\/message\/249\">The angel&#8217;s Scepter<\/a><\/li>\n<li><a href=\"https:\/\/sfg.groups.io\/g\/RPG-Universe\/message\/250\">Das Wrack<\/a><\/li>\n<li><a href=\"https:\/\/sfg.groups.io\/g\/RPG-Universe\/message\/253\">Die Schl\u00e4fer erwachen<\/a><\/li>\n<li><a href=\"https:\/\/sfg.groups.io\/g\/RPG-Universe\/message\/255\">Unter neuen Sternen<\/a><\/li>\n<li><a href=\"https:\/\/sfg.groups.io\/g\/RPG-Universe\/message\/256\">Schifflein wechsel Dich<\/a><\/li>\n<li><a href=\"https:\/\/sfg.groups.io\/g\/RPG-Universe\/message\/258\">Ein neuer Tag<\/a><\/li>\n<\/ul>\n<p>&nbsp;<\/p>\n<h5>Die Crew:<\/h5>\n<p><strong>Aetoo Jade<\/strong><\/p>\n<p>Eine kybernetische Pers\u00f6nlichkeit aus einer fremden Dimension, ein Android mit den Kindheitserinnerungen eines beh\u00fcteten kleinen M\u00e4dchens, gebaut um mechanische Monster ihrer Dimension zu jagen, die die Menschheit beinahe vernichtet h\u00e4tte. Auf der Jagd nach einem der wichtigsten Feindkontrukte &#8218;Eve&#8216; tritt sie nach diesem Ding durch ein Portal und findet sich in unserer Realit\u00e4t wieder, wo sie von Aina Jade aufgesammelt wird. Aina und Aetoo verstehen sich auf Anhieb sehr gut und lernen sich gegenseitig hoch sch\u00e4tzen.<\/p>\n<p><strong>Ocan Elden Jade<\/strong><\/p>\n<p>Ein M\u00e4dchen aus den &#8218;Slums&#8216;, den Tiefen unterhalb der Hauptstadt, die es in die Navy schaffte und dort zu einer sagenhaften Hackerin und Elektronikspezialistin aufstieg mit mehr als nur au\u00dfergew\u00f6hnlichen Multitaskingf\u00e4higkeiten, aber sozialen Schwierigkeiten. Nach einem Verrat schied sie aus der Navy aus, wurde freie Hackerin und Verbrecherin, doch dann wurde sie von Aetoo rekrutiert und trug zur Rettung Sylenes gegen eine fremde Spezies entscheidend bei. Die Jade-Familie nahm sie bei sich auf und adoptierte sie kurze Zeit sp\u00e4ter.<\/p>\n<p><strong>Zina Thedopoulos<\/strong><\/p>\n<p>Eine anfangs clanlose Soldatin der sylenischen Navy, ausgebildet bis zur Black-OPS Spezialistin, Scharfsch\u00fctzin und einige Zeit im Personenschutz Sylenes t\u00e4tig gewesen, nun dauerhaft Aetoo und Ocan zugeordnet und aufgenommen in den Clan Jade. Zina ist genetisch optimiert und mit kybernetischen Navy-Implantaten ausgestattet.<\/p>\n<p><strong>Lillith &#8211; &#8218;Things that go bump in the night&#8216;<\/strong><\/p>\n<p>Lillith. Die erste D\u00e4monin. Im sumerischen bedeutet der Name unter anderem &#8218;die Nacht&#8216;, &#8218;D\u00e4monin der Nacht&#8216;, &#8218;Nachtwind&#8216; und &#8218;Verf\u00fchrerin&#8216;. Geliebte oder Frau von Luzifer, je nach Deutung, Mutter aller Succubi und Incubi. In anderen Religionen galt sie als erste Frau Adams, die sich ihm nicht unterordnen wollte und daher durch Eva ersetzt wurde. Der erste Femizid sozusagen. Aber ein passender Name f\u00fcr den Avatar eines Schiffes, das &#8218;Things that go bump in the Night&#8216; getauft wurde.<\/p>\n<p>Lillith ist dieser Avatar der &#8218;Bumps&#8216;, eine sich selbst bewusste KI, die an Bord des schnellen Transporters installiert wurde. Das Schiff ist im Grunde eine \u00fcbergro\u00dfe Luxusyacht mit Suiten f\u00fcr die Offiziere, einem Pool und einem Spa-Bereich, sowie Trainingsraum, Schie\u00dfstand und industriellen Replikatoren, mit gro\u00dfen Frachtr\u00e4umen und sehr fortgeschrittener Technologie. Sie ist f\u00fcr ein ziviles Schiff schwer bewaffnet, gepanzert und mit starken Schilden ausgestattet, jedoch nicht auf H\u00f6he der milit\u00e4rischen Bewaffnung der SSN-Kreuzer.<\/p>\n<p>Lillith stellt sich holografisch selbst dar als vampirhafte Frau mit langen, schwarzen Haaren und &#8218;Goth&#8216;-Kleidungsstil.<\/p>\n<p><strong>Leonard &#8218;Leo&#8216; Bergmann<\/strong><\/p>\n<p>Ein aus dem 400j\u00e4hrigen Kryoschlaf eines Kolonieschiffes erweckter Mensch von der Erde, geboren etwa 2030. Ingenieur, Wissenschaftler, an vielem interessiert und schnell technische Zusammenh\u00e4nge begreifend k\u00fcmmert er sich um Gadgets f\u00fcr Aetoo und Ocan und ist das gute Gewissen der Crew. Auch ihm wurden Implantate eingef\u00fcgt zur Kommunikation und er lernt derzeit noch, damit umzugehen.<\/p>\n<p>&nbsp;<\/p>\n<p>&nbsp;<\/p>\n<p>&nbsp;<\/p>\n","protected":false},"excerpt":{"rendered":"<p>Zwei sylenische Konzernprinzessinnen und ihr Team auf Abenteuerjagd RPG-Archiv &nbsp; Ocan und das Waisenhaus &#8211; Teil 1 und 2 https:\/\/sfg.groups.io\/g\/RPG-Universe\/message\/198 https:\/\/sfg.groups.io\/g\/RPG-Universe\/message\/199 Navy CSI Sylene &#8211; Teil 1 und 2 https:\/\/sfg.groups.io\/g\/RPG-Universe\/message\/200 https:\/\/sfg.groups.io\/g\/RPG-Universe\/message\/202 Things that go bump in the Night &#8211; Teil 1-3 https:\/\/sfg.groups.io\/g\/RPG-Universe\/message\/207 https:\/\/sfg.groups.io\/g\/RPG-Universe\/message\/208 https:\/\/sfg.groups.io\/g\/RPG-Universe\/message\/209 Ocans Vorgeschichte &#8211; von der Navy in den Untergrund und zur\u00fcck&#8230;<\/p>\n<p class=\"more-link-wrap\"><a href=\"https:\/\/www.sf-germany.org\/einheiten\/universe\/aetoo-und-ocan\/\" class=\"more-link\">Read More<span class=\"screen-reader-text\"> &ldquo;Aetoo und Ocan&rdquo;<\/span> &raquo;<\/a><\/p>\n","protected":false},"author":32,"featured_media":0,"parent":0,"menu_order":0,"comment_status":"closed","ping_status":"closed","template":"","meta":{"footnotes":""},"class_list":["post-148","page","type-page","status-publish","hentry"],"_links":{"self":[{"href":"https:\/\/www.sf-germany.org\/einheiten\/universe\/wp-json\/wp\/v2\/pages\/148","targetHints":{"allow":["GET"]}}],"collection":[{"href":"https:\/\/www.sf-germany.org\/einheiten\/universe\/wp-json\/wp\/v2\/pages"}],"about":[{"href":"https:\/\/www.sf-germany.org\/einheiten\/universe\/wp-json\/wp\/v2\/types\/page"}],"author":[{"embeddable":true,"href":"https:\/\/www.sf-germany.org\/einheiten\/universe\/wp-json\/wp\/v2\/users\/32"}],"replies":[{"embeddable":true,"href":"https:\/\/www.sf-germany.org\/einheiten\/universe\/wp-json\/wp\/v2\/comments?post=148"}],"version-history":[{"count":15,"href":"https:\/\/www.sf-germany.org\/einheiten\/universe\/wp-json\/wp\/v2\/pages\/148\/revisions"}],"predecessor-version":[{"id":165,"href":"https:\/\/www.sf-germany.org\/einheiten\/universe\/wp-json\/wp\/v2\/pages\/148\/revisions\/165"}],"wp:attachment":[{"href":"https:\/\/www.sf-germany.org\/einheiten\/universe\/wp-json\/wp\/v2\/media?parent=148"}],"curies":[{"name":"wp","href":"https:\/\/api.w.org\/{rel}","templated":true}]}}