{"id":2,"date":"2023-02-05T18:08:25","date_gmt":"2023-02-05T17:08:25","guid":{"rendered":"https:\/\/www.sf-germany.org\/einheiten\/universe\/?page_id=2"},"modified":"2024-01-24T18:22:39","modified_gmt":"2024-01-24T17:22:39","slug":"beispiel-seite","status":"publish","type":"page","link":"https:\/\/www.sf-germany.org\/einheiten\/universe\/","title":{"rendered":"UNIVERSE"},"content":{"rendered":"<h2>Starfleet Germany &#8211; UNIVERSE<\/h2>\r\n<p><img loading=\"lazy\" decoding=\"async\" class=\" wp-image-43 aligncenter\" src=\"https:\/\/www.sf-germany.org\/einheiten\/universe\/wp-content\/uploads\/Andromeda_gendler_sm-300x217.jpg\" alt=\"\" width=\"409\" height=\"296\" srcset=\"https:\/\/www.sf-germany.org\/einheiten\/universe\/wp-content\/uploads\/Andromeda_gendler_sm-300x217.jpg 300w, https:\/\/www.sf-germany.org\/einheiten\/universe\/wp-content\/uploads\/Andromeda_gendler_sm-1024x742.jpg 1024w, https:\/\/www.sf-germany.org\/einheiten\/universe\/wp-content\/uploads\/Andromeda_gendler_sm-768x556.jpg 768w, https:\/\/www.sf-germany.org\/einheiten\/universe\/wp-content\/uploads\/Andromeda_gendler_sm.jpg 1100w\" sizes=\"auto, (max-width: 409px) 100vw, 409px\" \/><\/p>\r\n\r\n<p>Es gibt vielf\u00e4ltige Szenen, die einheiten\u00fcbergreifend, irgendwo in unserem Spieluniversum oder auch au\u00dferhalb stattfinden, die vielleicht Relevanz f\u00fcr andere Einheiten haben, f\u00fcr die Zeitlinie oder aber einfach nur etwas v\u00f6llig anderes zum Spa\u00df als Inhalt haben. Krieg, Politik, Forschung, Abenteuer fr\u00fcherer Zeiten oder in der fernen Zukunft (selbst von unserer Spielzeit aus gesehen)-Szenen auf der SB1, auf Cardassia Prime oder auf Schiffen die noch nicht oder nicht mehr im Dienst stehen. Oder aber Voelker, Kultur und Politik im gro\u00dfen Stil &#8211; auch jenseits des Canons ist bei uns sehr viel m\u00f6glich. Wer sehr unterschiedliche Plots schreiben will, ist auf der Liste herzlich willkommen.<\/p>\r\n<p>&nbsp;<\/p>\r\n","protected":false},"excerpt":{"rendered":"<p>Starfleet Germany &#8211; UNIVERSE Es gibt vielf\u00e4ltige Szenen, die einheiten\u00fcbergreifend, irgendwo in unserem Spieluniversum oder auch au\u00dferhalb stattfinden, die vielleicht Relevanz f\u00fcr andere Einheiten haben, f\u00fcr die Zeitlinie oder aber einfach nur etwas v\u00f6llig anderes zum Spa\u00df als Inhalt haben. Krieg, Politik, Forschung, Abenteuer fr\u00fcherer Zeiten oder in der fernen Zukunft (selbst von unserer Spielzeit&#8230;<\/p>\n<p class=\"more-link-wrap\"><a href=\"https:\/\/www.sf-germany.org\/einheiten\/universe\/\" class=\"more-link\">Read More<span class=\"screen-reader-text\"> &ldquo;UNIVERSE&rdquo;<\/span> &raquo;<\/a><\/p>\n","protected":false},"author":1,"featured_media":0,"parent":0,"menu_order":0,"comment_status":"closed","ping_status":"open","template":"","meta":{"footnotes":""},"class_list":["post-2","page","type-page","status-publish","hentry"],"_links":{"self":[{"href":"https:\/\/www.sf-germany.org\/einheiten\/universe\/wp-json\/wp\/v2\/pages\/2","targetHints":{"allow":["GET"]}}],"collection":[{"href":"https:\/\/www.sf-germany.org\/einheiten\/universe\/wp-json\/wp\/v2\/pages"}],"about":[{"href":"https:\/\/www.sf-germany.org\/einheiten\/universe\/wp-json\/wp\/v2\/types\/page"}],"author":[{"embeddable":true,"href":"https:\/\/www.sf-germany.org\/einheiten\/universe\/wp-json\/wp\/v2\/users\/1"}],"replies":[{"embeddable":true,"href":"https:\/\/www.sf-germany.org\/einheiten\/universe\/wp-json\/wp\/v2\/comments?post=2"}],"version-history":[{"count":6,"href":"https:\/\/www.sf-germany.org\/einheiten\/universe\/wp-json\/wp\/v2\/pages\/2\/revisions"}],"predecessor-version":[{"id":49,"href":"https:\/\/www.sf-germany.org\/einheiten\/universe\/wp-json\/wp\/v2\/pages\/2\/revisions\/49"}],"wp:attachment":[{"href":"https:\/\/www.sf-germany.org\/einheiten\/universe\/wp-json\/wp\/v2\/media?parent=2"}],"curies":[{"name":"wp","href":"https:\/\/api.w.org\/{rel}","templated":true}]}}