{"id":67,"date":"2024-01-25T00:26:50","date_gmt":"2024-01-24T23:26:50","guid":{"rendered":"https:\/\/www.sf-germany.org\/einheiten\/universe\/?page_id=67"},"modified":"2024-01-25T00:42:35","modified_gmt":"2024-01-24T23:42:35","slug":"regeln","status":"publish","type":"page","link":"https:\/\/www.sf-germany.org\/einheiten\/universe\/regeln\/","title":{"rendered":"Regeln"},"content":{"rendered":"<h4>Das Regelwerk der UNIVERSE-Liste<\/h4>\n<p>Es gibt nicht ganz viele Regeln, man darf gern auch Geschichten aus vollkommen anderen Bereichen anbringen. Du m\u00f6chtest eine Geschichte \u00fcber Vampire oder Elfen oder Drachen einbringen? Gerne. Nur ein paar Dinge sind zu beachten:<\/p>\n<ol>\n<li>Die Liste ist \u00f6ffentlich &#8211; damit gilt hier der Jugendschutz. Exzessive Gewaltdarstellung oder pornografische Inhalte sind zu vermeiden, alles was Altersklasse 18 w\u00e4re, ist nicht erlaubt und wird gel\u00f6scht.<\/li>\n<li>Sollten explizite Andeutungen vorhanden sein, Gewalt- oder Sex-Szenen, die unterhalb der &#8222;ab 18&#8220; Regel liegen, bitte mit dem Zusatz &#8222;FSK 16&#8220; versehen!<\/li>\n<li>Hashtags: Diese bitte direkt beim Posten einf\u00fcgen, ein nachtr\u00e4gliches editieren ist nat\u00fcrlich m\u00f6glich, aber Zusatzaufwand. Bitte auch kein Hashtags &#8222;klauen&#8220; oder fremd verwenden.<\/li>\n<\/ol>\n<p>&nbsp;<\/p>\n<p>Ansprechpartner im Discord f\u00fcr die Universe-Liste:\u00a0 Mannix und Assets<\/p>\n","protected":false},"excerpt":{"rendered":"<p>Das Regelwerk der UNIVERSE-Liste Es gibt nicht ganz viele Regeln, man darf gern auch Geschichten aus vollkommen anderen Bereichen anbringen. Du m\u00f6chtest eine Geschichte \u00fcber Vampire oder Elfen oder Drachen einbringen? Gerne. Nur ein paar Dinge sind zu beachten: Die Liste ist \u00f6ffentlich &#8211; damit gilt hier der Jugendschutz. Exzessive Gewaltdarstellung oder pornografische Inhalte sind&#8230;<\/p>\n<p class=\"more-link-wrap\"><a href=\"https:\/\/www.sf-germany.org\/einheiten\/universe\/regeln\/\" class=\"more-link\">Read More<span class=\"screen-reader-text\"> &ldquo;Regeln&rdquo;<\/span> &raquo;<\/a><\/p>\n","protected":false},"author":32,"featured_media":0,"parent":0,"menu_order":1,"comment_status":"closed","ping_status":"closed","template":"","meta":{"footnotes":""},"class_list":["post-67","page","type-page","status-publish","hentry"],"_links":{"self":[{"href":"https:\/\/www.sf-germany.org\/einheiten\/universe\/wp-json\/wp\/v2\/pages\/67","targetHints":{"allow":["GET"]}}],"collection":[{"href":"https:\/\/www.sf-germany.org\/einheiten\/universe\/wp-json\/wp\/v2\/pages"}],"about":[{"href":"https:\/\/www.sf-germany.org\/einheiten\/universe\/wp-json\/wp\/v2\/types\/page"}],"author":[{"embeddable":true,"href":"https:\/\/www.sf-germany.org\/einheiten\/universe\/wp-json\/wp\/v2\/users\/32"}],"replies":[{"embeddable":true,"href":"https:\/\/www.sf-germany.org\/einheiten\/universe\/wp-json\/wp\/v2\/comments?post=67"}],"version-history":[{"count":4,"href":"https:\/\/www.sf-germany.org\/einheiten\/universe\/wp-json\/wp\/v2\/pages\/67\/revisions"}],"predecessor-version":[{"id":69,"href":"https:\/\/www.sf-germany.org\/einheiten\/universe\/wp-json\/wp\/v2\/pages\/67\/revisions\/69"}],"wp:attachment":[{"href":"https:\/\/www.sf-germany.org\/einheiten\/universe\/wp-json\/wp\/v2\/media?parent=67"}],"curies":[{"name":"wp","href":"https:\/\/api.w.org\/{rel}","templated":true}]}}