{"id":89,"date":"2024-01-25T22:02:57","date_gmt":"2024-01-25T21:02:57","guid":{"rendered":"https:\/\/www.sf-germany.org\/einheiten\/universe\/?page_id=89"},"modified":"2025-04-07T13:27:38","modified_gmt":"2025-04-07T11:27:38","slug":"sylene","status":"publish","type":"page","link":"https:\/\/www.sf-germany.org\/einheiten\/universe\/archiv\/sylene\/","title":{"rendered":"Sylene"},"content":{"rendered":"<h3>Sylene<\/h3>\n<h4><span style=\"font-weight: 400;\">Geschichte Sylenes in a Nutshell:<\/span><\/h4>\n<p><span style=\"font-weight: 400;\">Vor dem 3. Weltkrieg gab es Sublicht-Kolonieschiffe, die versuchten, andere Sterne zu erreichen. <\/span><span style=\"font-weight: 400;\">Eines davon fiel in eine Raumanomalie und wurde nicht nur viele Millionen Lichtjahre weit weg geschleudert, sondern auch in der Zeit zur\u00fcck. <\/span><span style=\"font-weight: 400;\">Das besch\u00e4digte Schiff schaffte es bis ins Mykonos System, wo ein Eisplanet die einzige Chance darstellte, \u00fcberhaupt zu \u00fcberleben. D<\/span><span style=\"font-weight: 400;\">ie fr\u00fchen Kolonisten landeten und begannen sich, um der Lebensfeindlichen Oberfl\u00e4che zu entgehen, ins Eis einzugraben.<\/span><\/p>\n<p><span style=\"font-weight: 400;\">Die Ersten Generationen verloren viel von der Technologie die sie mitgebracht hatten und klammerten sich mit Z\u00e4hnen und Fingern\u00e4geln ans \u00dcberleben.\u00a0<\/span><span style=\"font-weight: 400;\">Ressourcen waren sp\u00e4rlich, und am besten gelangt man an sie, in dem man entweder andere \u00fcberfiel und ausraubte oder sie aus dem Eis holte. <\/span><span style=\"font-weight: 400;\">Diese \u00dcberlebensk\u00e4mpfe gipfelten darin, dass vier gro\u00dfe Clans entstanden &#8211; um ihre ethnische Herkunft gruppiert &#8211; die milit\u00e4risch stark genug waren um nicht mehr von anderen \u00fcberfallen zu werden.<\/span><\/p>\n<p><span style=\"font-weight: 400;\">Mit der beginnenden Stabilit\u00e4t wechselten die Paradigmen, und es gab wieder genug Ressourcen um die verloren gegangene Technologie wieder zu entdecken und darauf aufzubauen.\u00a0<\/span><span style=\"font-weight: 400;\">Trotzdem kam es immer wieder zu bewaffneten Auseinandersetzungen, die mit steigender Effizienz der eingesetzten Waffen brutaler, zerst\u00f6rerischer und blutiger wurden.<\/span><\/p>\n<p><span style=\"font-weight: 400;\">Nach einem dieser Clankriege erkannten die Oberh\u00e4upter der Clans, das sie sich in einer abw\u00e4rtsgerichteten Spirale befanden, die sie zerst\u00f6ren w\u00fcrde, wenn dem nicht Einhalt geboten wurde.\u00a0<\/span><span style=\"font-weight: 400;\">So wurde die Regierung Sylenes geschaffen, und ihr die Oberhoheit \u00fcber Sicherheit und Milit\u00e4r \u00fcbertragen, gleichzeitig wurde die Truppenst\u00e4rke der claneigenen Milit\u00e4r bzw. Sicherheitsorgane beschr\u00e4nkt.\u00a0<\/span><span style=\"font-weight: 400;\">Das l\u00f6ste zwei Probleme, einerseits bekam die steigende Zahl der Clanlosen, die ihr Leben au\u00dferhalb der etablierten Clanstrukturen fristen mussten eine Art Stimme, und andererseits gab es eine entscheidende Stimme f\u00fcr den neu geschaffenen Clanrat, der die Kriege abl\u00f6sen sollte. Wenn vier Clan sich nicht einigen konnten gab die Stimme des Pr\u00e4sidenten den Ausschlag.<\/span><\/p>\n<p><span style=\"font-weight: 400;\">Mit der Wiederentdeckung Sylenes durch raumfahrende Spezies kam die &#8222;galaktische Standardtechnologie&#8220; nach Sylene und wurde in die eigene Techbasis integriert. <\/span><span style=\"font-weight: 400;\">Viele der einzigartigen Technologien Sylenes &#8211; wie zum Beispiel die Railguns &#8211; basieren auf dieser Zeit der Konflikte.\u00a0<\/span><\/p>\n<p><span style=\"font-weight: 400;\">Die Clans, zu diesem Zeitpunkt bereits wie Konzerne strukturiert fielen schnell in verschiedene Nischen die sie besonders gut beherrschten: die Jades und Al Awhari in den Bergbau, die Mouttons in den Gro\u00dfhandel und die Mitsukos in die Logistik. So entstanden die Companies: Sylene Mining corp. (SMC), Al Awhari Mining (AAM), General Supply Center (GSC) und Mitsuko.\u00a0<\/span><\/p>\n<p><span style=\"font-weight: 400;\">Mit der fortschreitenden Konzernisierung verschwammen die Grenzen der urspr\u00fcnglichen Aufgabengebiete der Konzerne und der bewaffnete Konflikt trat in den Hintergrund. Abgel\u00f6st wurde er durch den wirtschaftlichen Konkurrenzkampf, was bis heute in einer Mischung aus Wirtschaftskrieg, Spionage, verdeckt finanzierter Piraterie und versuchten Anschl\u00e4gen auf Leib und Leben der Konzernspitzen endete.\u00a0<\/span><span style=\"font-weight: 400;\">Die Rolle der Regierung \u00e4nderte sich vom relativ machtlosen Mehrheitsbeschaffer im Laufe der Zeit zu einer tats\u00e4chlichen 5ten Kraft, die ihre Macht auf die Legislative und Exekutive inklusive dem Milit\u00e4r, sowie dem R\u00fcckhalt des Pr\u00e4sidenten bei den Clanlosen und somit Unterprivilegierten. Das Regierungssystem funktioniert, weil sich alle f\u00fcnf Gruppen gegenseitig kontrollieren und es politisch f\u00fcr eine Gruppe nicht m\u00f6glich ist, permanente Mehrheiten zu finden.<\/span><\/p>\n<p>&nbsp;<\/p>\n<p><span style=\"font-weight: 400;\">Vor wenigen Jahren mussten die Big 4 der Wahrheit ins Gesicht sehen und anerkennen, das sich ihr Machtradius weit \u00fcber das Heimatsystem ausgestreckt hatte und in einem der seltenen einstimmigen Beschl\u00fcsse wurde die &#8222;Sylenische Hegemonie &#8220; gegr\u00fcndet, die vor allem das Mykonos-System und die Kolonien der Companies umfasst, sowie ein paar annektierte Planeten. Tau Verde ist da wohl das promineteste Beispiel, einst ein gesch\u00fctzter Hafen f\u00fcr Piraten die vor allem sylenische Handelsschiffe angriffen wurde es erobert, nachdem es sich dem politischen Druck nicht beugen wollte. Tau Verde steht daher auch unter der Kontrolle der Regierung und wird nicht von einer Company administriert.<\/span><\/p>\n<p>&nbsp;<\/p>\n<p>&nbsp;<\/p>\n<h6>Auszug aus &#8222;Jane\u00b4s Guide to Galactic Star Nations&#8220;<\/h6>\n<table style=\"border-collapse: collapse; width: 100%; height: 59px;\">\n<tbody>\n<tr style=\"height: 59px;\">\n<td style=\"width: 66.4659%; height: 59px;\">Sylenische Hegemonie &#8211; Kurzfassung (Updated)<br \/>\nGenaue astronomische Daten siehe Anhang A\/1.<\/td>\n<td style=\"width: 33.5341%; height: 59px;\"><img loading=\"lazy\" decoding=\"async\" class=\"alignnone size-medium wp-image-102 alignright\" src=\"https:\/\/www.sf-germany.org\/einheiten\/universe\/wp-content\/uploads\/sylene_erster_Bing_versuch-300x300.jpg\" alt=\"\" width=\"300\" height=\"300\" srcset=\"https:\/\/www.sf-germany.org\/einheiten\/universe\/wp-content\/uploads\/sylene_erster_Bing_versuch-300x300.jpg 300w, https:\/\/www.sf-germany.org\/einheiten\/universe\/wp-content\/uploads\/sylene_erster_Bing_versuch-150x150.jpg 150w, https:\/\/www.sf-germany.org\/einheiten\/universe\/wp-content\/uploads\/sylene_erster_Bing_versuch-768x768.jpg 768w, https:\/\/www.sf-germany.org\/einheiten\/universe\/wp-content\/uploads\/sylene_erster_Bing_versuch.jpg 1024w\" sizes=\"auto, (max-width: 300px) 100vw, 300px\" \/><\/td>\n<\/tr>\n<\/tbody>\n<\/table>\n<p>Allgemein:<\/p>\n<p>Der Planet Sylene, fr\u00fcher auch als Silesia bekannt, ist der dritte Planet der Sonne Mykonos im gleichnamigen System. Das System liegt im Niemandsland zwischen den verschiedenen gro\u00dfen Machtbl\u00f6cken des Alphaquadranten.<\/p>\n<p>Fakten:<\/p>\n<p>Die Sonne Mykonos ist ein Sol-Typ, mit nur drei Planeten aber einem extensiven Asteroidengrtel, der vermutlich aus der Kollision mehrer gro\u00dfer Himmelsk\u00f6per entstanden ist. Der Planet Sylene ist ein Eisriese, mit fast dem doppelten Durchmesser der Erde, aber aufgrund des leichten Kerns ann\u00e4hernd der selben Gravitation. Die Atmosph\u00e4re ist bedingt atembar, aber mit deutlich weniger Luftdruck, aber l\u00e4ngeres \u00dcberleben an der Oberfl\u00e4che ist nur mit Schutzausr\u00fcstung gegen die fast permanent w\u00fctenden St\u00fcrme, die extrem tiefen Temperaturen und den niederen Luftdruck m\u00f6glich. Auch mu\u00df bei l\u00e4ngerem Aufenthalt an der Oberfl\u00e4che ein Atemger\u00e4t getragen werden. Er besitzt zwei Monde, Itreatra A und B , die sich selbst umkreisen und deren Massezentrum um den Planeten rotiert. Die Atmosph\u00e4re des Planeten ist zus\u00e4tzlich mit Partikeln geladen, die Beamen unterbinden und jegliche Ortungstechnologie fast nutzlos machen.<\/p>\n<p>Siehe auch Anhang B\/1<\/p>\n<p>Geschichte:<\/p>\n<p>Sylene wurde von einem Schiff der ersten Auswanderungswelle der Menschheit besiedelt, wobei bis heute ungekl\u00e4rt ist, wie es das nicht warpf\u00e4hige Schiff soweit vom urspr\u00fcnglichen Kurs &#8211; Beta Centauri &#8211; verschlagen konnte, oder wie es die gewaltige Distanz in so kurzer Zeit \u00fcberwinden konnte. Scheinbar ist es auch in der Zeit zur\u00fcck versetzt worden, da die Sylenische Geschichte l\u00e4nger ist als der Zeitraum der auf anderen Planeten seit dem Start des Kolonieschiffes vergangen ist. Nachtr\u00e4glich schwer festzustellen vermutet man aber eine Raumzeitverzerrung die damalige Sensoren nicht anmessen konnten.<br \/>\nDa das Schiff nach seiner Ankunft im System Mykonos aber schwer besch\u00e4digt war, dass an einen Weiterflug nicht zu denken war, beschlossen die Kolonisten, den dritten Planeten zu besiedeln, da er als einziger der Planeten des Systems zumindestens die Chance auf \u00dcberleben gab.<\/p>\n<p>Da an ein \u00dcberleben an der Oberfl\u00e4che nicht zu denken war, gruben sich die ersten Kolonisten in das ewige Eis ihrer neuen Heimat. Die ersten Jahrzehnte waren durch einen fast 60%igen Verlust der urspr\u00fcnglichen Kolonisten gekennzeichnet und f\u00fcr das Sozialwesen Sylenes formend. Es entstanden wenige, daf\u00fcr aber bis zu mehreren tausend Angeh\u00f6rige starke Familienclans. Erst die Wiederentdeckung des Systems brachte die bis dahin weit fortgeschrittene Technologie zur\u00fcck auf den Planeten. In den folgenden Jahren entwickelte sich Sylene zu einem Freihafen f\u00fcr alle und einem Tummelplatz der galaktischen Gro\u00dfm\u00e4chte, die die laxe Gesetzgebung nutzen und noch immer nutzen, um ihre &#8222;schwarzen&#8220; Gesch\u00e4fte abzuwickeln. Die R\u00fcckkehr in die galaktische Gemeinschaft offenbarte auch einen bis dahin ungeahnten Reichtum. Im Eis Sylenes sind seltenste Verbindungen, meist Metalle aber auch organische, konzentriert, die auf dem galaktischen Markt gewinnbringend verkauft werden konnten und k\u00f6nnen.<\/p>\n<p>In weiterer Folge entstanden aus den vier gr\u00f6\u00dften Clans vier gro\u00dfe Gesellschaften, die die Macht auf dem Planeten absolut aus\u00fcbten und die Vormachtstellung der bis dahin regierenden Familienclans brachen. Erst ein beinahe B\u00fcrgerkrieg der bis an die Z\u00e4hne bewaffneten und feudal herrschenden Companies brachte die Rivalen an den Verhandlungstisch. Es wurde beschlo\u00dfen, das Amt des Pr\u00e4sidenten einzuf\u00fchren, genauso wie einige demokratische Institutionen nach dem Vorbild der Erde im 19. Jahrhundert um in zuk\u00fcnftigen Konflikten moderierend einzugreifen. Dem Amt des Pr\u00e4sidenten wurde die alleinige Kontrolle \u00fcber das neugeschaffene Milti\u00e4r \u00fcberantwortet, w\u00e4hrend sich die Companies auf eine in der Zahl streng begrenzte Sicherheitstruppe beschr\u00e4nkten. Lange Zeit war das Pr\u00e4sidentenamt nur eine Fassade f\u00fcr den Willen der Companies, aber die Kombination aus unerwartet starken Pr\u00e4sidenten und gleichzeitig schwachen Firmenchefs brachten dem Amt eine gewissen Unabh\u00e4ngigkeit und immer mehr Kompetenzen. Heute setzt sich die Regierung Sylenes aus dem Pr\u00e4sidenten, einem machtlosen Senat und den Companies zusammen. Nur bei der Wahl des Pr\u00e4sidenten hat der Senat wirkliches Mitspracherecht und kann die Entscheidung der Companies blockieren.<\/p>\n<p>Siehe auch Anhang A\/2<\/p>\n<p>Soziales:<\/p>\n<p>Sylene ist trotz aller &#8211; gemessen an dem Standard einer UFP &#8211; Fortschritte immer noch ein feudal regierter Staat, in dem die Mehrheit der Bev\u00f6lkerung in Abh\u00e4ngigkeit von den jeweiligen Companies lebt. Einige Minenrevolten haben zwar den Status der Minenarbeiter gebessert, aber ein ausbrechen aus der Schicht in die man geboren wird ist nachwievor schwierig und gelingt nur wenigen. Trotz der Abh\u00e4ngigkeit der Arbeiterklasse werden gewisse Sozialleistungen von den Companies f\u00fcr ihre Angestellten umsonst geboten, wie rudiment\u00e4re Schulbildung, damit einhergehender Begabtenf\u00f6rderung und Gesundheitswesen. So spaltete sich auch die Arbeiterschaft in zwei Klassen. F\u00fcr diejenigen die das Gl\u00fcck haben f\u00fcr eine der Minen zu arbeiten gibt es bei einigen Companies sogar kleine Gewinnbeteiligungen.<\/p>\n<p>Siehe auch Anhang A\/3<\/p>\n<p>Ice:<\/p>\n<p>Ice ist kein Drink, sondern ein spezielles sylenisches Eis (Ice), das aus der Planetenkruste gemint wird, und wegen seiner komplexen Verbindungen nicht replizierbar ist. Es ist Bestandteil des sylenischen Nationaldrinks und hat f\u00fcr Anf\u00e4nge eine Wirkung wie Kokain oder \u00e4hnliche Drogen. Ansonsten ist es stark berauschend. Der Drink hei\u00dft Tar-Aym-Krang und wird aus Ice, diversen Alkoholika und ein paar anderen Zutaten gemacht, dann in ein speziell geformtes Glas verfrachtet und als Drink serviert. Das Glas ist geformt wie eine Birne, auf der oben eine breite Schale sitzt. In den Birnenteil kommt das gefrorene Ice und der Rest wird dann mit dem Cocktail aufgef\u00fcllt. Das Ice taut sehr bunt und farbenprt\u00e4chtig auf, der Drink hat in der Mitte praktisch einen irisierenden Springbrunnen. Oder man verwendet es wie gew\u00f6hnliche Eisw\u00fcrfel&#8230;. .<br \/>\nTechnologie\/Wissenschaft:<\/p>\n<p>Sylene hat, da es von moralischen Skrupeln nicht behindert wird, im Laufe der Jahrhunderte eine sehr hochentwickelte Wissenschaft hervorgebracht, die sich allerdings schwerpunktm\u00e4\u00dfig auf von anderen Sternenreichen verbotenen oder stark kontrollierte Wissensgebiete konzentriert. Trotzdem geh\u00f6rt Sylene heute vermutlich zu den f\u00fchrenden M\u00e4chten in punkto Forschung. Vor allem in den Bereichen Waffen, angewandte Technologien und Biosiences geh\u00f6ren sylenische Universit\u00e4ten zu den f\u00fchrenden des Quadranten.<\/p>\n<p>Siehe auch Anhang B\/1<\/p>\n<p>Milit\u00e4r:<\/p>\n<p>Das Milit\u00e4r Sylenes ist das m\u00e4chtigste Instrument der sylenischen Regierung. Da es unabh\u00e4ngig von den Companies ist, hat es auch schon Milit\u00e4reins\u00e4tze, welche direkt gegen eine Company gerichtet waren gegeben. In den letzten Jahrzehnten, vor allem unter dem jetzigen Pr\u00e4sidenten Sr. Iain DesMoines und seinem Vorg\u00e4nger hat auch die Flottenst\u00e4rke best\u00e4ndig und zuletzt sprunghaft zugenommen. Das sensible Machtgef\u00fcge der sylenischen Politik verhindert aber den r\u00fccksichtslosen gebrauch dieses Machtinstrumentes durch die Regierung, was de facto ein Machtvakuum im Mykonos System hinterl\u00e4\u00dft, welches von verschiedenen vor allem kleineren Companies genutzt wird, um unter Zuhilfenahme von mehr oder weniger unabh\u00e4ngigen Piraten Ressourcen umzuverteilen. Das wiederum hat zur folge, das sehr viele echte Piraten den Raum um die Sonne Mykonos unsicher machen und Sylene zu einem der f\u00fcr zivilen Schiffsverkehr gef\u00e4hrlichsten Raumgitter machen. Nur wenn die Piratenaktivit\u00e4t der unabh\u00e4ngigen Piraten \u00fcberhand nimmt, k\u00f6nnen sich die Companies auf einen Milit\u00e4reinsatz einigen. Die Gr\u00f6\u00dfe der Planetenoberfl\u00e4che sowie die Tatsache, da\u00df die gesamte Zivilisation unter dem Eis lebt, l\u00e4\u00dft vor allem kleinere Companies versuchen, \u00fcber die Oberfl\u00e4che illegale Minen- oder Schmuggeloperationen durchzuf\u00fchren. Navyeins\u00e4tze gegen solche Einrichtungen sind daher an der Tagesordnung. Au\u00dferdem ist es nicht ungew\u00f6hnlich, das die Navy von den Companies f\u00fcr ihre eigenen Zwecke mi\u00dfbraucht wird.<\/p>\n<p>Aus diesem weiten und uneinheitlichen Einsatzgebiet resultieren auch die im Vergleich zu anderen Navies ungew\u00f6hnlichen Schiffskonfigurationen und Schiffstypen.<\/p>\n<p>Die beiden Monde des Planeten, Itreatra A und B wurden zu einem Flottenst\u00fctzpunkt bzw. Werftanlage ausgebaut. Au\u00dferdem sind die Big 4 auch im Schiffsbau aktiv.<br \/>\nEine Liste der bekannten Schiffstypen und bekannter Schiffsnamen finden sie in Anhang B\/2<\/p>\n<p>Companies:<\/p>\n<p>Neben der Regierung bilden heute vier Gesellschaften &#8211; allgemein als &#8222;die Companies&#8220; oder die &#8222;Big 4&#8220; bezeichnet &#8211; die gr\u00f6\u00dften Machtfaktoren des Staates. Es handelt sich hierbei um (In Reihenfolge ihrer vermuteten Gr\u00f6\u00dfe):<br \/>\nSMC Sylene Minig Corporation<br \/>\nMitsuko<br \/>\nGSC General Supply Center<br \/>\nAl Awhari Mining<\/p>\n<p>&nbsp;<\/p>\n<p>Die SMC: (unbest\u00e4tigte Daten und Vermutungen)<\/p>\n<p>Die SMC ist das gr\u00f6\u00dfte Konglomerat Sylenes. Urspr\u00fcnglich der gr\u00f6\u00dfte Minenbetreiber auf dem Planeten hat sich die Company im laufe der Zeit zu einem Konzern entwickelt, dessen Diversifizierung praktisch alle Bereiche von Forschung bis zu Haushaltsger\u00e4ten umfa\u00dft. Die Minenoperatinen sind vermutlich heute nur noch ein kleiner Teil des Konzerns. Der SMC werden Beteiligungen in den meisten gro\u00dfen Konzernen der UFP nachgesagt, sowie in der Cardassianischen Union und dem romulanischen Imperium. Weiters wird Vermutet, das viele scheinbar unabh\u00e4ngige Konzerne &#8211; vor allem in der UFP &#8211; unter direkter oder indirekter Kontrolle der SMC stehen. Neben der Erzverarbeitung auf gro\u00dfen Fabrikschiffen, die im gesamten Alphaquadranten und dar\u00fcber hinaus anzutreffen sind ist die SMC vermutlich der gr\u00f6\u00dfte private Waffen- und Schiffeproduzent Sylenes. Au\u00dferdem investiert der Konzern Unsummen in die Forschung und Erforschung und Besiedelung unbekannter Planeten. Eine weitere Vermutung besagt, da\u00df die SMC auch mit Informationen aller Art handelt und eine eigene Flotte von Spionageschiffen betreibt. Alleiniger Eigent\u00fcmer des Konzerns ist seit seiner Gr\u00fcndung die Familie Jade, momentaner Vorsitzender: Sr. Desmond Jade.<\/p>\n<p>Mitsuko<\/p>\n<p>Die vermutete Nummer 2 der Konzerne. Mitsuko ist vermutlich aus einem Ableger der japanischen Yakuza hervorgegangen und besch\u00e4ftigt sich heute in erster Linie mit Logistik. Mitsuka besitzt definitiv die gr\u00f6\u00dfte Frachterflotte Sylenes. Au\u00dferdem wierden ihr intensive Beziehungen bzw. Verwicklungen in die Piraterie nachgesagt. Auch Schmuggel ist vermutlich eine Einkommensquelle des Konzerns.<\/p>\n<p>Die GSC<\/p>\n<p>Die Nummer 3 der Companies. Die GSC ist aus einem Handelshaus hervorgegangen und ist auch heute noch fast ausschlie\u00dflich mit Handel, vermutlich auch illegalem, besch\u00e4ftigt. Auch die GSC h\u00e4lt Beteiligungen an Firman im gesamten Alphaquadranten. \u00dcber m\u00f6gliche illegale Aktivit\u00e4ten der GSC ist nicht viel bekannt, wenn man vom vermuteten Schmuggel absieht .<\/p>\n<p>Al Awhari Mining<\/p>\n<p>Die kleinste der Companies. Al Awhari ist auch heute noch in erster Linie im Minengesch\u00e4ft und besitzt nach der SMC die gr\u00f6\u00dften und ergiebigsten Minen Sylenes. Wie die SMC st\u00fczt sich auch Al Awhari massiv auf Fabrikschiffe, um mehr Rohstoffe verarbeiten zu k\u00f6nnen. In letzter Zeit hat der Konzern massiv versucht, sich ein zweites Standbein in der Forschung, vor allem Gentechnik, aufzubauen. Al Awhari wird dabei nachgesagt, bei der Beschaffung von Forschungsdaten nicht zimperlich zu sein und oft auf Piraterie zur\u00fcckzugreifen um an die Forschungsergebnisse anderer zu kommen.<\/p>\n<p>&nbsp;<\/p>\n<p>Au\u00dfenpolitik:<\/p>\n<p>Die Nachbarn:<\/p>\n<p>Vor mehreren Jahrzehnten traf Sylene auf die Sul\u00b4fra, eine Rasse aus Insektenabk\u00f6mmlingen, die expansionistisch und sehr aggressiv ist. \u00dcber dieses Volk, das seine Abgeschiedenheit bis heute verteidigt ist fast nichts bekannt.Es gab im Laufe der Jahre immer wieder Scharm\u00fctzel und Grenzstreitigkeiten. Der kalte Krieg zwischen den beiden Staaten ist seit der Hegemonierkl\u00e4rung Sylenes in einen offenen, aber nachwievor unerkl\u00e4rten, Krieg \u00fcbergegangen.<\/p>\n<p>Ansonsten liegt das System zwischen den gro\u00dfen Machtbl\u00f6cken der Quadranten und ist aufgrund seiner Sozialstruktur und des Regierungsystems ein beliebter Tummelplatz f\u00fcr Geheimdienste aller V\u00f6lker.<\/p>\n<p>Vermutungen:<\/p>\n<p>Der SSN wird nachgesagt, an einer neuen Waffe zu testen, die herk\u00f6mmliche Schutzschilde obsolet macht.<br \/>\nDie QTG &#8211; Quantum Tunnel Gun &#8211; umgangssprachlich &#8222;Cutie&#8220; genannt ist inzwischen serienreif. Aufgrund ihrer Gr\u00f6\u00dfe k\u00f6nnen nur Schiff der Gr\u00f6\u00dfe einer ROU und dar\u00fcber sie f\u00fchren.<br \/>\nDie Waffe baut zum Ziel einen magnetischen Tunnel auf, durch den sie dann eine kurzlebige, k\u00fcnstliche Quantensingularit\u00e4t schie\u00dft. Zerf\u00e4llt der F\u00fchrungstunnel saugt die Singularit\u00e4t alles in einem sehr engen Umkreis einfach in sich auf, bis sie sich dann selbst vernichtet.<br \/>\nDie Waffe ist sperrig und unhandlich und man mu\u00df mit dem Tr\u00e4gerschiff zielen, was sie f\u00fcr eine dynamisches Raumgefecht nur begrenzt einsatzf\u00e4hig macht. Weniger bewegliche Ziele hingegen k\u00f6nnen ihr nicht widerstehen.<\/p>\n<p>&nbsp;<\/p>\n<p>&nbsp;<\/p>\n<p>&nbsp;<\/p>\n<h5><span style=\"font-weight: 400;\">Fakten:<\/span><\/h5>\n<p><span style=\"font-weight: 400;\">Sylenische Marines werden STT genannt: Special Tactics Teams<\/span><\/p>\n<p><span style=\"font-weight: 400;\">Die Sylenische Navy wird SSN abgek\u00fcrzt. Alle milit\u00e4rischen Schiffe mit angriffskapazit\u00e4t haben eine Kennung die auf U endet &#8211; f\u00fcr Unit<\/span><\/p>\n<p><span style=\"font-weight: 400;\">Zivile Schiffe enden auf V &#8211; f\u00fcr Vehicle<\/span><\/p>\n<p><span style=\"font-weight: 400;\">Sylene hat zwei &#8218;zivile&#8216; Geheimdienste:\u00a0<\/span><\/p>\n<p><span style=\"font-weight: 400;\">SC &#8211; Special Circumstances, der Auslandsdienst<\/span><\/p>\n<p><span style=\"font-weight: 400;\">SIS &#8211; Sylene internal Security, der Name sagt alles<\/span><\/p>\n<p><span style=\"font-weight: 400;\">und einen milit\u00e4rischen:\u00a0<\/span><\/p>\n<p><span style=\"font-weight: 400;\">ONI &#8211; Office of Naval Investigations<\/span><\/p>\n<p><span style=\"font-weight: 400;\">Alle drei Geheimdienste arbeiten eng zusammen und ihre Aufgaben \u00fcberschneiden sich oft und theoretisch friktionslos, je nach involvierten Individuen.<\/span><\/p>\n<p><span style=\"font-weight: 400;\">Die 4 Clans &#8211; Jades, Al Awhari, Moutton und Mitsuko &#8211; haben ihre Urspr\u00fcnge in diversen Ethnien:<\/span><\/p>\n<ul>\n<li style=\"font-weight: 400;\" aria-level=\"1\"><span style=\"font-weight: 400;\">Mitsuko ist inoffiziell von gefl\u00fcchteten Yakuza gegr\u00fcndet worden, deren F\u00e4higkeiten in den Hungerjahren pl\u00f6tzlich einen Wert hatten. Dementsprechend waren sie urspr\u00fcnglich eher asiatischer Herkunft und versuchen &#8218;alte japanische Traditionen&#8216; am Leben zu erhalten<\/span><\/li>\n<li style=\"font-weight: 400;\" aria-level=\"1\"><span style=\"font-weight: 400;\">Moutton\/GSC wurde von einem Zusammenschlu\u00df verschiedener Schmugglerbanden finanziert, die hofften mit au\u00dferirdischen Produkten einen Weg in die Legalit\u00e4t zu finden. Pr\u00e4dominant Latinos.<\/span><\/li>\n<li style=\"font-weight: 400;\" aria-level=\"1\"><span style=\"font-weight: 400;\">Al Awhari waren W\u00fcstenbewohner\/Nordafrikaner\/naher Osten die zwar viel Geld hatten, mit der Entwicklung, die sich auf der damaligen Erde abzeichnete, aber nicht einverstanden waren und sich einen neuen Start nach ihren fundamentalistischen Gesellschaftsideen erhofften.\u00a0<\/span><\/li>\n<li style=\"font-weight: 400;\" aria-level=\"1\"><span style=\"font-weight: 400;\">Der Jade-Clan entwickelte sich aus der gesammelten Auswanderbewegung des damaligen Staates &#8218;Europ\u00e4ische Union&#8220; und russischen und US-amerikanischen Enklaven. Er war das erste Sammelbecken.\u00a0<\/span><\/li>\n<\/ul>\n<p><span style=\"font-weight: 400;\">Heute sind die ethnischen Spuren meist vermischt, und man kann vom Aussehen eines Syleners nicht auf seinen Clan schlie\u00dfen, zudem <\/span><span style=\"font-weight: 400;\">experimentierten alle Clans mehr oder weniger erfolgreich an der menschlichen DNA. Einer der universell positiven Erfolge war die gesteigerte K\u00e4lteresistenz der Sylener.\u00a0<\/span><span style=\"font-weight: 400;\">Das alles hat zu einer universellen Durchmischung des Genpools gef\u00fchrt.\u00a0<\/span><span style=\"font-weight: 400;\">Markante Merkmale der f\u00fchrenden Clans werden daher &#8211; wenn nicht vorhanden &#8211; durch Genmanipulation eingef\u00fchrt. (zB. die gr\u00fcnen Augen der Jades)\u00a0<\/span><\/p>\n","protected":false},"excerpt":{"rendered":"<p>Sylene Geschichte Sylenes in a Nutshell: Vor dem 3. Weltkrieg gab es Sublicht-Kolonieschiffe, die versuchten, andere Sterne zu erreichen. Eines davon fiel in eine Raumanomalie und wurde nicht nur viele Millionen Lichtjahre weit weg geschleudert, sondern auch in der Zeit zur\u00fcck. Das besch\u00e4digte Schiff schaffte es bis ins Mykonos System, wo ein Eisplanet die einzige&#8230;<\/p>\n<p class=\"more-link-wrap\"><a href=\"https:\/\/www.sf-germany.org\/einheiten\/universe\/archiv\/sylene\/\" class=\"more-link\">Read More<span class=\"screen-reader-text\"> &ldquo;Sylene&rdquo;<\/span> &raquo;<\/a><\/p>\n","protected":false},"author":32,"featured_media":0,"parent":24,"menu_order":3,"comment_status":"closed","ping_status":"closed","template":"","meta":{"footnotes":""},"class_list":["post-89","page","type-page","status-publish","hentry"],"_links":{"self":[{"href":"https:\/\/www.sf-germany.org\/einheiten\/universe\/wp-json\/wp\/v2\/pages\/89","targetHints":{"allow":["GET"]}}],"collection":[{"href":"https:\/\/www.sf-germany.org\/einheiten\/universe\/wp-json\/wp\/v2\/pages"}],"about":[{"href":"https:\/\/www.sf-germany.org\/einheiten\/universe\/wp-json\/wp\/v2\/types\/page"}],"author":[{"embeddable":true,"href":"https:\/\/www.sf-germany.org\/einheiten\/universe\/wp-json\/wp\/v2\/users\/32"}],"replies":[{"embeddable":true,"href":"https:\/\/www.sf-germany.org\/einheiten\/universe\/wp-json\/wp\/v2\/comments?post=89"}],"version-history":[{"count":5,"href":"https:\/\/www.sf-germany.org\/einheiten\/universe\/wp-json\/wp\/v2\/pages\/89\/revisions"}],"predecessor-version":[{"id":141,"href":"https:\/\/www.sf-germany.org\/einheiten\/universe\/wp-json\/wp\/v2\/pages\/89\/revisions\/141"}],"up":[{"embeddable":true,"href":"https:\/\/www.sf-germany.org\/einheiten\/universe\/wp-json\/wp\/v2\/pages\/24"}],"wp:attachment":[{"href":"https:\/\/www.sf-germany.org\/einheiten\/universe\/wp-json\/wp\/v2\/media?parent=89"}],"curies":[{"name":"wp","href":"https:\/\/api.w.org\/{rel}","templated":true}]}}