{"id":1059,"date":"2019-08-03T11:40:12","date_gmt":"2019-08-03T09:40:12","guid":{"rendered":"http:\/\/www.sf-germany.org\/einheiten\/uss-galathea\/?page_id=1059"},"modified":"2023-01-16T15:36:11","modified_gmt":"2023-01-16T14:36:11","slug":"stellarkatographie","status":"publish","type":"page","link":"https:\/\/www.sf-germany.org\/einheiten\/uss-galathea\/stellarkatographie\/","title":{"rendered":"Stellarkatographie"},"content":{"rendered":"\r\n<p>Dieser Seitenbereich beschreibt die wichtigsten Systeme und Fraktionen, mit denen das Schiff zu tun hat und hatte. Weiterhin finden sich hier Informationen zur Sternenflotte, zu kulturellen Ph\u00e4nomenen der UFP, sowie zu den Sprachen verschiedenen V\u00f6lker und Kulturen.<\/p>\r\n\r\n\r\n\r\n<ul class=\"display-posts-listing\"><li class=\"listing-item\"><a class=\"title\" href=\"https:\/\/www.sf-germany.org\/einheiten\/uss-galathea\/stellarkatographie\/ufp-sternenflotte\/\">UFP &#038; Sternenflotte<\/a> <span class=\"excerpt-dash\">-<\/span> <span class=\"excerpt\">Diese Seite soll einen \u00dcberblick \u00fcber wichtige Personen innerhalb der F\u00f6deration und der Sternenflotte auftauchen, sofern im RPG vorgekommen beziehungsweise f\u00fcr dieses relevant. F\u00f6deration der Vereinten Planeten Position Name Spezies Kurzcharakteristik Pr\u00e4sidentin der F\u00f6deration \u00a0Chiyo Yokinobu Mensch (w) Eine Hardlinerin, die dem Milit\u00e4r nahe steht und die Politik der &#8222;eisernen Faust&#8220; vertritt. Sternenflotte Position Rang [&hellip;]<\/span><\/li><li class=\"listing-item\"><a class=\"title\" href=\"https:\/\/www.sf-germany.org\/einheiten\/uss-galathea\/stellarkatographie\/sprachen\/\">Sprachen<\/a> <span class=\"excerpt-dash\">-<\/span> <span class=\"excerpt\">Diese Seite ist ein kleiner Helfer f\u00fcr h\u00e4ufig verwendete Ausdr\u00fccke und W\u00f6rter in verschiedenen Sprachen. Bitte f\u00fcllt diese nach und nach selbst. Sprachen der Erde Russisch Wort \/ Ausdruck Bedeutung \u043f\u0430\u0341\u043f\u0430 Papa \u0414\u0430 (Da) Ja \u041d\u0435\u0442 (Nyet) Nein \u0425\u043e\u0440\u043e\u0448\u043e\u0301. (Kharasho) Ok. Gut. \u042f \u0445\u043e\u0447\u0443\u0301 \u0435\u0441\u0442\u044c. (Ya khochu yest&#8216;.) Ich habe Hunger. \/ Ich muss etwas [&hellip;]<\/span><\/li><li class=\"listing-item\"><a class=\"title\" href=\"https:\/\/www.sf-germany.org\/einheiten\/uss-galathea\/stellarkatographie\/sternenbasis-621\/\">Sternenbasis 621<\/a> <span class=\"excerpt-dash\">-<\/span> <span class=\"excerpt\">Beschreibung Sternenbasis 621 ist eine Basis der Sierra-Klasse, die am Rande des F\u00f6derationsraums zu den Tzenketh, als Zugang zu\u00a0Oktens Wiege, errichtet wurde. Sie dient als Versorgungshafen, Handelsst\u00fctzpunkt, taktisches Lagezentrum, Reparaturdock und Signalrelais.\u00a0 Die Sternenbasis ist vergleichsweise gro\u00df, was aber auch daran liegt, dass sie sich autark versorgen k\u00f6nnen muss und als Handels- und Versorgungszentrum gilt. [&hellip;]<\/span><\/li><li class=\"listing-item\"><a class=\"title\" href=\"https:\/\/www.sf-germany.org\/einheiten\/uss-galathea\/stellarkatographie\/oktens-wiege\/\">Oktens Wiege<\/a> <span class=\"excerpt-dash\">-<\/span> <span class=\"excerpt\">Beschreibung Oktens Wiege ist der Name der Sternenflotte f\u00fcr ein Gebiet im Tzenketh-Sektor des Alpha-Quadranten, welches sich grob zwischen Orellius, Lamemda und Ab-Tzenketh erstreckt. Dort befinden sich besonders viele Sterne unterschiedlichen Alters in relativ nahe zueinander. Hinzu kommen h\u00e4ufig Nebel unterschiedlichster Art &#8211; von Supernova-\u00dcberresten \u00fcber Pulsarwindnebel und Molek\u00fclwolken bis hin zu planetaren Nebeln.&nbsp;&nbsp; Naturgem\u00e4\u00df [&hellip;]<\/span><\/li><li class=\"listing-item\"><a class=\"title\" href=\"https:\/\/www.sf-germany.org\/einheiten\/uss-galathea\/stellarkatographie\/alpha-und-beta-quadrant\/\">Alpha- und Beta- Quadrant<\/a> <span class=\"excerpt-dash\">-<\/span> <span class=\"excerpt\">Der bekannte F\u00f6derationsraum im Alpha- und Beta- Quadrant umfasst derzeit die folgenden Sektoren: Die offizielle Paramount Karte aus Star Trek: Star Charts k\u00f6nnt ihr u.a. in dieser DeviantArt Gallerie finden (und wird hier aus rechtlichen Gr\u00fcnden nicht gepostet).<\/span><\/li><\/ul>\r\n","protected":false},"excerpt":{"rendered":"<p>Dieser Seitenbereich beschreibt die wichtigsten Systeme und Fraktionen, mit denen das Schiff zu tun hat und hatte. Weiterhin finden sich hier Informationen zur Sternenflotte, zu kulturellen Ph\u00e4nomenen der UFP, sowie zu den Sprachen verschiedenen V\u00f6lker und Kulturen.<\/p>\n","protected":false},"author":1,"featured_media":1126,"parent":0,"menu_order":7,"comment_status":"closed","ping_status":"closed","template":"","meta":{"footnotes":""},"class_list":["post-1059","page","type-page","status-publish","has-post-thumbnail","hentry"],"publishpress_future_action":{"enabled":false,"date":"2026-04-23 13:50:48","action":"change-status","newStatus":"draft","terms":[],"taxonomy":"","extraData":[]},"publishpress_future_workflow_manual_trigger":{"enabledWorkflows":[]},"_links":{"self":[{"href":"https:\/\/www.sf-germany.org\/einheiten\/uss-galathea\/wp-json\/wp\/v2\/pages\/1059","targetHints":{"allow":["GET"]}}],"collection":[{"href":"https:\/\/www.sf-germany.org\/einheiten\/uss-galathea\/wp-json\/wp\/v2\/pages"}],"about":[{"href":"https:\/\/www.sf-germany.org\/einheiten\/uss-galathea\/wp-json\/wp\/v2\/types\/page"}],"author":[{"embeddable":true,"href":"https:\/\/www.sf-germany.org\/einheiten\/uss-galathea\/wp-json\/wp\/v2\/users\/1"}],"replies":[{"embeddable":true,"href":"https:\/\/www.sf-germany.org\/einheiten\/uss-galathea\/wp-json\/wp\/v2\/comments?post=1059"}],"version-history":[{"count":5,"href":"https:\/\/www.sf-germany.org\/einheiten\/uss-galathea\/wp-json\/wp\/v2\/pages\/1059\/revisions"}],"predecessor-version":[{"id":6308,"href":"https:\/\/www.sf-germany.org\/einheiten\/uss-galathea\/wp-json\/wp\/v2\/pages\/1059\/revisions\/6308"}],"wp:featuredmedia":[{"embeddable":true,"href":"https:\/\/www.sf-germany.org\/einheiten\/uss-galathea\/wp-json\/wp\/v2\/media\/1126"}],"wp:attachment":[{"href":"https:\/\/www.sf-germany.org\/einheiten\/uss-galathea\/wp-json\/wp\/v2\/media?parent=1059"}],"curies":[{"name":"wp","href":"https:\/\/api.w.org\/{rel}","templated":true}]}}