{"id":1229,"date":"2019-08-04T00:27:18","date_gmt":"2019-08-03T22:27:18","guid":{"rendered":"http:\/\/www.sf-germany.org\/einheiten\/uss-galathea\/?page_id=1229"},"modified":"2020-02-15T01:39:40","modified_gmt":"2020-02-15T00:39:40","slug":"uniformen","status":"publish","type":"page","link":"https:\/\/www.sf-germany.org\/einheiten\/uss-galathea\/die-crew\/uniformen\/","title":{"rendered":"Uniformen"},"content":{"rendered":"\r\n\r\n<h2>Uniform-Code<\/h2>\r\n<p>Da die Crew der USS Galathea voraussichtlich auf Spezies treffen wird, die Mitglieder der Sternenflotte zu unterschiedlichen Zeiten gesehen haben, besitzt jedes Crewmitglied des Schiffs einen ganzen Satz unterschiedlicher Uniformen &#8211; nur f\u00fcr den Fall, dass man auf eine Spezies trifft, die ein bestimmtes \u00c4u\u00dferes erwartet oder der man zwecks Wiedererkennung in einer bestimmten Uniform entgegen treten m\u00f6chte.<\/p>\r\n<p><a href=\"https:\/\/www.arcgames.com\/index.php\/de\/games\/star-trek-online\/news\/detail\/6003363-odyssey-uniformen\"><img decoding=\"async\" class=\"aligncenter\" src=\"https:\/\/pwimages-a.akamaihd.net\/arc\/a6\/dd\/a6ddf73b14d4e3f5044961b5967bb64b1404429415.png\" \/><\/a>Vorhanden sind dabei Modelle seit 2360. Fr\u00fchere Modelle k\u00f6nnen aber aus der Datenbank repliziert werden. Standardm\u00e4\u00dfig verf\u00fcgt jeder Offizier neben den aktuellen Odyssey-Uniformen auch \u00fcber je ein Uniformodell 2364, 2369 und 2373 um diese bei Bedarf zur Hand zu haben, ohne Ressourcen verbrauchen zu m\u00fcssen.<\/p>\r\n<p>Die <a href=\"https:\/\/www.sf-germany.org\/einheiten\/uss-odyssey\/pages\/ingame-depth\/uniformen-und-insignias.php\">neuen Sierra IV-Uniformen<\/a> sind als Muster zwar ebenfalls in der Datenbank zur Replikation vorhanden, wurden jedoch noch nicht offiziell ausgegeben.<\/p>\r\n<h2>Typ Odyssey Uniformen<\/h2>\r\n<p>Die Standard-Uniformen an Bord sind dabei alle Uniform-Varianten des Odyssey-Standards.<\/p>\r\n<h3>Flagoffiziere (Commodore und Admirals)<\/h3>\r\n<p><img decoding=\"async\" src=\"https:\/\/www.sf-germany.org\/einheiten\/uss-hephaistos\/wp-content\/uploads\/flagoffizier-1.png\" alt=\"\" \/><\/p>\r\n<hr \/>\r\n<h3>Kommandierende Offiziere (Commander und Captains)<\/h3>\r\n<p><img decoding=\"async\" src=\"https:\/\/www.sf-germany.org\/einheiten\/uss-hephaistos\/wp-content\/uploads\/Kommandierender-Offizier.png\" alt=\"\" \/><\/p>\r\n<hr \/>\r\n<h3>Offiziersuniform (Ensign bis Commander)<\/h3>\r\n<p>Links die Standard-Variante, rechts die taktische Version f\u00fcr Au\u00dfenmissionen.<\/p>\r\n<p><img decoding=\"async\" src=\"https:\/\/www.sf-germany.org\/einheiten\/uss-hephaistos\/wp-content\/uploads\/offiziere.png\" alt=\"\" \/><img decoding=\"async\" src=\"https:\/\/www.sf-germany.org\/einheiten\/uss-hephaistos\/wp-content\/uploads\/offizier-ausseneinsatz.png\" alt=\"\" \/><\/p>\r\n<hr \/>\r\n<p>&nbsp;<\/p>\r\n<h3>Crewuniformen (Crewman bis Warrant Officer)<\/h3>\r\n<p>Links die Standard-Variante, rechts die taktische Version f\u00fcr Au\u00dfenmissionen.<\/p>\r\n<p><img decoding=\"async\" src=\"https:\/\/www.sf-germany.org\/einheiten\/uss-hephaistos\/wp-content\/uploads\/crewmen.png\" alt=\"\" \/><img decoding=\"async\" src=\"https:\/\/www.sf-germany.org\/einheiten\/uss-hephaistos\/wp-content\/uploads\/crewman-ausseneinsatz.png\" alt=\"\" \/><\/p>\r\n<p>&nbsp;<\/p>\r\n<h4>Medizinisches Personal (optional)<\/h4>\r\n<p><img decoding=\"async\" src=\"https:\/\/www.sf-germany.org\/einheiten\/uss-hephaistos\/wp-content\/uploads\/medizin.png\" alt=\"\" \/><\/p>\r\n<hr \/>\r\n<h3>Galauniformen f\u00fcr besondere Anl\u00e4sse<\/h3>\r\n<p>Es werden verschiedene Gala-Uniformtypen unterschieden. So gibt es unter anderem zwei Stufen der Galauniform, analog zu Festtagsbegleitung auch manchmal &#8222;black tie&#8220; und &#8222;white tie&#8220; genannt.<\/p>\r\n<p>Die gebr\u00e4uchliche (<strong>Blacktie) Galauniform<\/strong> der Odyssey-Reihe sieht dunkle Hosen und Oberteile mit farbigen Streifen, je nach Bereich vor. Kommunikator und Rangabzeichen sind abweichend zur Standarduniform angebracht. Unterhalb der Rangzeichen werden Orden getragen.<\/p>\r\n<p><img decoding=\"async\" src=\"https:\/\/www.sf-germany.org\/einheiten\/uss-hephaistos\/wp-content\/uploads\/dressuniform.png\" alt=\"\" \/><\/p>\r\n<p>Die <strong>wei\u00dfe Galauniform<\/strong>, wird zum Beispiel bei einem offiziellen Empfang durch einen Staatsschef getragen.<\/p>\r\n<p><img decoding=\"async\" src=\"https:\/\/gamepedia.cursecdn.com\/sto_gamepedia\/4\/49\/Odyssey_Officer_Dress.png\" alt=\"\" \/><\/p>\r\n<p><img decoding=\"async\" src=\"https:\/\/gamepedia.cursecdn.com\/sto_gamepedia\/9\/9b\/Odyssey_Enlisted_Dress.png\" \/><\/p>\r\n<p>Verbreitet ist auch weiterhin eine Variante, die dem <a href=\"https:\/\/memory-alpha.fandom.com\/de\/wiki\/Galauniform#Ab_2373\">Stand von 2373<\/a> \u00e4hnelt. Bei einem Offizier besteht die Galauniform aus einer wei\u00dfen Jacke mit einem gro\u00dfen grauen (bis Commander) oder wei\u00dfen (ab Captain) Streifen in der Mitte. Neben dem gro\u00dfen Mittelstreifen befinden sich kleine Goldstreifen. Diese trennen auch das Schulterteil von dem Rest ab. An den \u00c4rmeln befinden sich Streifen mit der Abteilungsfarbe, bei Flaggoffizieren doppelt (in rot). Es wird eine schwarze Hose mit Goldstreifen und schwarze Schuhe dazu getragen.<\/p>\r\n<p>Wie auch schon bei den normalen Unifomen sind in der Datenbank der Galathea auch vormalige Uniformtypen gespeichert. Jeder Offizier verf\u00fcgt auch standardm\u00e4\u00dfig \u00fcber eine Typ-A Galauniform des Stands von <a href=\"https:\/\/memory-alpha.fandom.com\/de\/wiki\/Galauniform#2366-2373\">2366-2373<\/a>, sowie <a href=\"https:\/\/memory-alpha.fandom.com\/de\/wiki\/Galauniform#Typ_A\">2350er<\/a>.<\/p>\r\n<hr \/>\r\n<h2>Freizeituniformen<\/h2>\r\n<p>Es steht jedem Crewmitglied frei, in seiner Freizeit beliebige Kleidung anzuziehen. Jedoch gibt es auch standardisierte Freizeit-Uniformen in gr\u00fcn mit wei\u00dfem Kragen. Diese Art der Uniform gibt es auch mit kurzen \u00c4rmeln und weiteren Kragenausschnitten. Sie sind insbesondere bei jenen Sternenflottenangeh\u00f6rigen beliebt, die sich nicht so viele Gedanken um Mode machen wollen.\u00a0<\/p>\r\n<hr \/>\r\n<h2>Weitere Varianten<\/h2>\r\n<ul>\r\n<li><a href=\"https:\/\/assets.change.org\/photos\/0\/po\/cy\/mQpOcyIIXvIWGyV-800x450-noPad.jpg?1530363942\" rel=\"lightbox[1229]\">Kleid-Versionen<\/a> (&#8222;Skants&#8220;) und Uniformen mit kurzem Rock sind selbstverst\u00e4ndlich f\u00fcr alle Geschlechter ebenfalls verf\u00fcgbar.<\/li>\r\n<li>Das besondere Missionsprofil und die lange Missionszeit des Schiffs sorgt daf\u00fcr, dass es auch ungew\u00f6hnlichere Varianten, wie zum Beispiel Korsett-Uniformen [<a href=\"https:\/\/1.bp.blogspot.com\/_rzdB5a4kLAo\/SgDAsH6GzmI\/AAAAAAAAOb0\/AOpqsmGgjgI\/s400\/Trekkie_girls_cosplay2.jpg\" rel=\"lightbox[1229]\">1<\/a>][<a href=\"https:\/\/cdn.discordapp.com\/attachments\/532681550592999434\/649322078683660311\/3220933467_fc420a46f1_o.jpg\" rel=\"lightbox[1229]\">2<\/a>][<a href=\"https:\/\/geekologie.com\/2009\/06\/05\/red%202.jpg\" rel=\"lightbox[1229]\">3<\/a>][<a href=\"https:\/\/images-wixmp-ed30a86b8c4ca887773594c2.wixmp.com\/f\/7ac0df74-7f73-4727-8787-c793e6b6705d\/d8iv8q7-09dfa2ef-0705-4fec-82ed-e9f29f51f777.jpg\/v1\/fill\/w_1024,h_683,q_75,strp\/go_boldly__star_trek_corsets_pt2__by_kassandraleigh_d8iv8q7-fullview.jpg?token=eyJ0eXAiOiJKV1QiLCJhbGciOiJIUzI1NiJ9.eyJzdWIiOiJ1cm46YXBwOjdlMGQxODg5ODIyNjQzNzNhNWYwZDQxNWVhMGQyNmUwIiwiaXNzIjoidXJuOmFwcDo3ZTBkMTg4OTgyMjY0MzczYTVmMGQ0MTVlYTBkMjZlMCIsIm9iaiI6W1t7ImhlaWdodCI6Ijw9NjgzIiwicGF0aCI6IlwvZlwvN2FjMGRmNzQtN2Y3My00NzI3LTg3ODctYzc5M2U2YjY3MDVkXC9kOGl2OHE3LTA5ZGZhMmVmLTA3MDUtNGZlYy04MmVkLWU5ZjI5ZjUxZjc3Ny5qcGciLCJ3aWR0aCI6Ijw9MTAyNCJ9XV0sImF1ZCI6WyJ1cm46c2VydmljZTppbWFnZS5vcGVyYXRpb25zIl19.RgRNhQzNCU2vFP2PmPsQW2Un8kRyMi82iQWiTghIuLg\" rel=\"lightbox[1229]\">4<\/a>], gibt.<\/li>\r\n<li>Besondere kulturelle Varianten, wie zum Beispiel ein Uniform-Kilt f\u00fcr Offiziere schottischer Herkunft, sind gestattet, so lange sie nicht &#8222;die W\u00fcrde der Flotte&#8220; und &#8222;den allgemeinen Anstand&#8220; verletzen.<\/li>\r\n<li>Daneben gleichberechtigt und ebenfalls gerne verwendet sind die &#8211; etwas farbenfroheren &#8211; <a href=\"https:\/\/www.st-spike.org\/pages\/uniforms\/2366-2372\/uniforms.htm\">Klasse B Uniformen<\/a>, wie sie von 2366 &#8211; 2372 in Gebrauch waren.<\/li>\r\n<\/ul>\r\n<p>&nbsp;<\/p>\r\n<hr \/>\r\n<h2>Verweise<\/h2>\r\n<p>Weitere Quellen, Bilder und Hinweise sind unter folgenden Seiten zu finden:<\/p>\r\n<ul>\r\n<li><a href=\"https:\/\/www.st-spike.org\/pages\/uniforms\/uniforms.htm\">https:\/\/www.st-spike.org\/pages\/uniforms\/uniforms.htm<\/a><\/li>\r\n<li><a href=\"https:\/\/www.ex-astris-scientia.org\/inconsistencies\/uniforms1.htm\">https:\/\/www.ex-astris-scientia.org\/inconsistencies\/uniforms1.htm<\/a><\/li>\r\n<\/ul>\r\n<p>&nbsp;<\/p>\r\n\r\n\r\n<hr class=\"wp-block-separator\" \/>\r\n\r\n\r\n<p><em>Bildmaterial stammt aus dem\u00a0<a href=\"https:\/\/sto.gamepedia.com\/Guide:_Uniform_colors\/Odyssey_Uniforms\">Star Trek Online Wiki\u00a0<\/a>und steh dort unter\u00a0<a href=\"https:\/\/creativecommons.org\/licenses\/by-sa\/3.0\/\">CC BY-NC-SA 3.0 Lizenz.<\/a><\/em><\/p>\r\n","protected":false},"excerpt":{"rendered":"<p>Uniform-Code Da die Crew der USS Galathea voraussichtlich auf Spezies treffen wird, die Mitglieder der Sternenflotte zu unterschiedlichen Zeiten gesehen haben, besitzt jedes Crewmitglied des Schiffs einen ganzen Satz unterschiedlicher Uniformen &#8211; nur f\u00fcr den Fall, dass man auf eine Spezies trifft, die ein bestimmtes \u00c4u\u00dferes erwartet oder der man zwecks Wiedererkennung in einer bestimmten [&hellip;]<\/p>\n","protected":false},"author":1,"featured_media":1126,"parent":8,"menu_order":103,"comment_status":"closed","ping_status":"closed","template":"","meta":{"footnotes":""},"class_list":["post-1229","page","type-page","status-publish","has-post-thumbnail","hentry"],"publishpress_future_action":{"enabled":false,"date":"2026-05-09 04:18:18","action":"change-status","newStatus":"draft","terms":[],"taxonomy":"","extraData":[]},"publishpress_future_workflow_manual_trigger":{"enabledWorkflows":[]},"_links":{"self":[{"href":"https:\/\/www.sf-germany.org\/einheiten\/uss-galathea\/wp-json\/wp\/v2\/pages\/1229","targetHints":{"allow":["GET"]}}],"collection":[{"href":"https:\/\/www.sf-germany.org\/einheiten\/uss-galathea\/wp-json\/wp\/v2\/pages"}],"about":[{"href":"https:\/\/www.sf-germany.org\/einheiten\/uss-galathea\/wp-json\/wp\/v2\/types\/page"}],"author":[{"embeddable":true,"href":"https:\/\/www.sf-germany.org\/einheiten\/uss-galathea\/wp-json\/wp\/v2\/users\/1"}],"replies":[{"embeddable":true,"href":"https:\/\/www.sf-germany.org\/einheiten\/uss-galathea\/wp-json\/wp\/v2\/comments?post=1229"}],"version-history":[{"count":21,"href":"https:\/\/www.sf-germany.org\/einheiten\/uss-galathea\/wp-json\/wp\/v2\/pages\/1229\/revisions"}],"predecessor-version":[{"id":2385,"href":"https:\/\/www.sf-germany.org\/einheiten\/uss-galathea\/wp-json\/wp\/v2\/pages\/1229\/revisions\/2385"}],"up":[{"embeddable":true,"href":"https:\/\/www.sf-germany.org\/einheiten\/uss-galathea\/wp-json\/wp\/v2\/pages\/8"}],"wp:featuredmedia":[{"embeddable":true,"href":"https:\/\/www.sf-germany.org\/einheiten\/uss-galathea\/wp-json\/wp\/v2\/media\/1126"}],"wp:attachment":[{"href":"https:\/\/www.sf-germany.org\/einheiten\/uss-galathea\/wp-json\/wp\/v2\/media?parent=1229"}],"curies":[{"name":"wp","href":"https:\/\/api.w.org\/{rel}","templated":true}]}}