{"id":1305,"date":"2019-08-12T16:44:52","date_gmt":"2019-08-12T14:44:52","guid":{"rendered":"http:\/\/www.sf-germany.org\/einheiten\/uss-galathea\/?page_id=1305"},"modified":"2023-01-16T16:41:09","modified_gmt":"2023-01-16T15:41:09","slug":"oktens-wiege","status":"publish","type":"page","link":"https:\/\/www.sf-germany.org\/einheiten\/uss-galathea\/stellarkatographie\/oktens-wiege\/","title":{"rendered":"Oktens Wiege"},"content":{"rendered":"\n\n\n<h3>Beschreibung<\/h3>\n<p><em><img decoding=\"async\" class=\"alignleft\" src=\"https:\/\/vignette.wikia.nocookie.net\/startrek\/images\/b\/b5\/Tzenkethi_Coalition.jpg\/revision\/latest?cb=20100710161720\">Oktens Wiege<\/em> ist der Name der Sternenflotte f\u00fcr ein Gebiet im <em>Tzenketh-Sektor<\/em> des <em>Alpha-Quadranten<\/em>, welches sich grob zwischen <em>Orellius, Lamemda<\/em> und <em>Ab-Tzenketh<\/em> erstreckt. Dort befinden sich besonders viele Sterne unterschiedlichen Alters in relativ nahe zueinander. Hinzu kommen h\u00e4ufig Nebel unterschiedlichster Art &#8211; von Supernova-\u00dcberresten \u00fcber Pulsarwindnebel und Molek\u00fclwolken bis hin zu planetaren Nebeln.&nbsp;&nbsp;<\/p>\n<p>Naturgem\u00e4\u00df ist dieses besonders Ressourcen-reiche Gebiet von gro\u00dfem Interesse f\u00fcr viele V\u00f6lker, darunter auch f\u00fcr die nahe gelegenen <em>Breen<\/em> und <em>Ferengi<\/em>. Doch haben die vielen Sternensysteme auch selbst vielerlei Spezies in unterschiedlichen Stadien der gesellschaftlichen, soziokulturellen und technischen Entwicklung hervorgebracht. Diese haben sich mit den <em>Tzenkethi<\/em> zu einer Koalition zusammen geschlossen, welche das Zusammenleben innerhalb der Wiege regelt.<\/p>\n<p>Obgleich die Sternenflotte mit der <a href=\"https:\/\/www.sf-germany.org\/einheiten\/uss-galathea\/stellarkatographie\/sternenbasis-621\/\"><em>Sternenbasis 621<\/em><\/a> eine vergleichsweise nahe Pr\u00e4senz unterh\u00e4lt und j\u00e4hrlich mehrere Dutzend Schiffe den Sektor durchfliegen, gilt <em>Oktens Wiege<\/em> noch immer als kaum erforscht. Welche Wunder mag dieses gro\u00dfe Raumgebiet wohl bereit halten? Manche Wissenschaftler glaube gar, dass die Existenz der Wiege auch die Besonderheiten der vergleichsweise nahen <em>Badlands<\/em> erkl\u00e4ren k\u00f6nnte&#8230;<\/p>\n\n\n\n<hr class=\"wp-block-separator has-css-opacity\"\/>\n\n\n\n<h3>Erforschte Systeme<\/h3>\n<p>Nachfolgend eine Liste der von der USS Galathea erforschten Systeme und Planeten sowie interstellare K\u00f6rper zu denen es einen Eintrag in der Datenbank gibt:<\/p>\n\n\n<ul class=\"display-posts-listing\"><li class=\"listing-item\"><a class=\"title\" href=\"https:\/\/www.sf-germany.org\/einheiten\/uss-galathea\/stellarkatographie\/oktens-wiege\/sterne-planeten\/portus-system\/\">Portus System<\/a><\/li><li class=\"listing-item\"><a class=\"title\" href=\"https:\/\/www.sf-germany.org\/einheiten\/uss-galathea\/stellarkatographie\/oktens-wiege\/sterne-planeten\/renners-astyx-system-alpha-k-11-78-314\/\">Alpha-K-11.78.314 &#8211; Renners-Astyx-System<\/a><\/li><li class=\"listing-item\"><a class=\"title\" href=\"https:\/\/www.sf-germany.org\/einheiten\/uss-galathea\/stellarkatographie\/oktens-wiege\/sterne-planeten\/alpha-k-11-78-281\/\">Alpha-K-11.78.281 &#8211; Lawapa-System<\/a><\/li><\/ul>\n\n\n\n<hr class=\"wp-block-separator has-css-opacity\"\/>\n\n\n\n<h3>V\u00f6lker und Spezies in der Wiege<\/h3>\n<p>Folgende Spezies (au\u00dferhalb der F\u00f6deration) siedeln entweder in der Wiege oder sind dort auf Grund ihrer politischen, milit\u00e4rischen und\/oder merkantilen Interessen dort eine Pr\u00e4senz zeigen.<\/p>\n<h4><a href=\"https:\/\/www.sf-germany.org\/einheiten\/uss-galathea\/stellarkatographie\/oktens-wiege\/die-tzenkethi\/\">Die Tzenkethi<\/a><\/h4>\n<p>Die <em>Tzenkethi<\/em> sind eine warpf\u00e4hige Spezies wuchtiger, aufrecht gehender Echsen, deren Gesellschaft von einem so genannten Autarch gef\u00fchrt wird.\u00a0<\/p>\n<p>Mitte des 24. Jahrhunderts befand sich die F\u00f6deration in einem bewaffneten Konflikt mit den Tzenkethi, welcher zum so genannten F\u00f6deral-Tzenkethische Krieg wurde. Dieser wurde jedoch in den 2360ern beigelegt.<\/p>\n<h4><a href=\"https:\/\/www.sf-germany.org\/einheiten\/uss-galathea\/stellarkatographie\/oktens-wiege\/die-ferengi\/\">Die Ferengi<\/a><\/h4>\n<p>Interstellar gesehen liegt <em>Ferenginar<\/em> &#8211; die Heimatwelt der <em>Ferengi<\/em> &#8211; nicht weit weg von der Wiege und so war dieses Gebiet bereits fr\u00fch von wirtschaftlichem Interesse f\u00fcr dieses raumfahrende Volk. Daher haben sie naturgem\u00e4\u00df auch heute noch eine starke Pr\u00e4senz in der Wiege.<\/p>\n<h4><a href=\"https:\/\/www.sf-germany.org\/einheiten\/uss-galathea\/stellarkatographie\/oktens-wiege\/die-breen\/\">Die Breen<\/a><\/h4>\n<p>Das Imperium der Breen endet quasi vor der Wiege, doch scheint diese Spezies keine Versuche zu unternehmen, sich in dieses Gebiet hinein auszudehnen &#8211; und niemand wei\u00df warum. Doch vergessen haben sie es nicht, denn die Pr\u00e4senz von Breen-Schiffen an der Grenze ihres Raums zur Wiege ist erstaunlich hoch.<\/p>\n<h4><a href=\"https:\/\/www.sf-germany.org\/einheiten\/uss-galathea\/stellarkatographie\/oktens-wiege\/die-cardassianer\/\">Die Cardassianer<\/a><\/h4>\n<p>Die Cardassianer stellen neben den Ferengi, den Breen und der F\u00f6deration die vierte gro\u00dfe Macht mit Zugang zur Wiege. Diese liegt allerdings nicht (mehr) direkt an den Grenzen des Reiches, sondern ist nur noch durch die Badlands oder den bajoranischen Sektor zu erreichen. Dennoch scheinen die Cardassianer an den Sch\u00e4tzen und Geheimnissen der Wiege interessiert. Zum Gl\u00fcck k\u00f6nnen sie derzeit als mit der F\u00f6deration verb\u00fcndet gelten.<\/p>\n<h4>Die Gorn<\/h4>\n<p>Die\u00a0Gorn\u00a0sind eine\u00a0reptilienartige\u00a0Spezies\u00a0und Nachbarn der\u00a0F\u00f6deration. Sie sind in der\u00a0Gorn-Hegemonie\u00a0organisiert.<\/p>\n<p>Das Raumgebiet der Gorn ist bis in die zweite H\u00e4lfte des 23. Jahrhunderts f\u00fcr die F\u00f6deration\u00a0unerforschtes Gebiet. Es gibt\u00a0Ger\u00fcchte\u00a0\u00fcber fremde Signale in den\u00a0Subraumkan\u00e4len, doch dies wird mehr als Legende\u00a0als als Hinweis auf ein fremdes\u00a0Volk\u00a0abgetan.<\/p>\n<p>Zum ersten bedeutenden Zwischenfall und gleichzeitigen Erstkontakt mit der F\u00f6deration kommt es dann erst 2267, als die Gorn ohne Vorwarnung die\u00a0F\u00f6derationskolonie\u00a0auf\u00a0Cestus III\u00a0\u00fcberfallen und komplett zerst\u00f6ren. Die Gorn nehmen an, dass die Kolonie als Vorposten f\u00fcr eine geplante Invasion in ihr Territorium, die Gorn-Hegemonie, ist. Durch das Eingreifen der\u00a0Metronen\u00a0wird ein\u00a0Krieg jedoch verhindert. Die Raumschiffe der Gorn sind zu diesem Zeitpunkt denen der Sternenflotte\u00a0milit\u00e4risch\u00a0ebenb\u00fcrtig.<\/p>\n<h4>Die Tholianer<\/h4>\n<p>Die Tholianer sind eine nichthumanoide, intelligente Spezies. Sie sind sechsbeinig und haben sich an eine Umgebungstemperatur von etwa 480 Kelvin (ca. 207 \u00b0C) angepasst. Ihr kristallines Exoskelett bricht bei zu niedriger Temperatur (ab ca. 380 Kelvin bzw. 107 \u00b0C) zusammen. Tholianer sind im Schnitt etwa 150cm gro\u00df, haben scherenartige H\u00e4nde und besitzen sowohl m\u00e4nnliche als auch weibliche Geschlechtsmerkmale. Ihre Sprache ist sehr ungew\u00f6hnlich und setzt sich aus schrillen T\u00f6nen und Klicklauten zusammen, die nicht mit den phonetischen Sprachen der meisten humanoiden Lebensformen vergleichbar sind.<\/p>\n<p>Die Heimatwelt der Tholianer wird als Tholia bezeichnet. Die Tholianer sind eine sehr\u00a0territoriale\u00a0Spezies und reagieren auf\u00a0Grenzverletzungen\u00a0\u00e4u\u00dferst hart und unnachgiebig. Sie sind sogar bereit, ein Raumschiff der\u00a0Sternenflotte\u00a0zu zerst\u00f6ren oder zu entf\u00fchren, ungeachtet der diplomatischen Folgen, um ihr Territorium zu verteidigen.<\/p>\n<p>\u00dcber die\u00a0Technologie\u00a0der Tholianer ist nicht viel bekannt. Sie erweisen sich aber in vielen bisherigen\u00a0milit\u00e4rischen\u00a0Konflikten der Sternenflotte \u00fcberlegen.<\/p>\n<p>Tholianische Seide\u00a0geh\u00f6rt zu den exquisitesten\u00a0Stoffen\u00a0des Quadranten, doch ist es sehr schwer an sie heranzukommen.<\/p>\n\n\n<div class=\"wp-block-image\">\n<figure class=\"aligncenter size-large\"><img loading=\"lazy\" decoding=\"async\" width=\"668\" height=\"1024\" src=\"https:\/\/www.sf-germany.org\/einheiten\/uss-galathea\/wp-content\/uploads\/2023\/01\/Map-alpha_quadrant-668x1024.jpg\" alt=\"\" class=\"wp-image-6321\" srcset=\"https:\/\/www.sf-germany.org\/einheiten\/uss-galathea\/wp-content\/uploads\/2023\/01\/Map-alpha_quadrant-668x1024.jpg 668w, https:\/\/www.sf-germany.org\/einheiten\/uss-galathea\/wp-content\/uploads\/2023\/01\/Map-alpha_quadrant-196x300.jpg 196w, https:\/\/www.sf-germany.org\/einheiten\/uss-galathea\/wp-content\/uploads\/2023\/01\/Map-alpha_quadrant-768x1177.jpg 768w, https:\/\/www.sf-germany.org\/einheiten\/uss-galathea\/wp-content\/uploads\/2023\/01\/Map-alpha_quadrant.jpg 812w\" sizes=\"auto, (max-width: 668px) 100vw, 668px\" \/><\/figure>\n<\/div>\n\n\n<hr class=\"wp-block-separator has-css-opacity\"\/>\n\n\n\n<h2>Weitere Fraktionen<\/h2>\n<h3>Der Typhon-Pakt<\/h3>\n<p>Der Typhon-Pakt ist ein 2381 getroffener Zusammenschluss zwischen dem Romulanischem Imperium, der <a href=\"https:\/\/www.sf-germany.org\/einheiten\/uss-galathea\/stellarkatographie\/oktens-wiege\/voelker-spezies\/die-tzenkethi\/\">Tzenkethi Koalition<\/a>, der <a href=\"https:\/\/www.sf-germany.org\/einheiten\/uss-galathea\/stellarkatographie\/oktens-wiege\/voelker-spezies\/die-breen\/\">Breen Konf\u00f6deration<\/a>, der Gorn Hegemonie, der Tholianischen Versammlung und dem Heiligen Orden der Kinshaya. Gemeinsam bilden sie eine milit\u00e4rische, wirtschaftliche und politische Einheit, die mit der F\u00f6deration konkurrieren kann.<\/p>\n<p>Kurzfristig sah es auch so aus, als w\u00fcrden die <a href=\"https:\/\/www.sf-germany.org\/einheiten\/uss-galathea\/stellarkatographie\/oktens-wiege\/voelker-spezies\/die-ferengi\/\">Ferengi<\/a> dem Pakt beitreten, doch haben die Ferengi sich bisher ihre Neutralit\u00e4t bewahrt \u2013 und das Kithomer-Abkommen eingehalten. Durch den Krieg der F\u00f6deration mit den Klingonen k\u00f6nnte sich die politische Lage jedoch ver\u00e4ndern.<\/p>\n<p>siehe:\u00a0<a href=\"https:\/\/memory-beta.fandom.com\/wiki\/Typhon_Pact\">Typhon Pact | Memory Beta, non-canon Star Trek Wiki | Fandom<\/a><\/p>\n<h3>Die Piraten<\/h3>\n<p>Rund um die <a href=\"https:\/\/www.sf-germany.org\/einheiten\/uss-galathea\/stellarkatographie\/sternenbasis-621\/\">Sternenbasis 621<\/a> operiert eine Piratenbande, die unter Anderem auch Zugriff auf einen ausgemusterten Warbird der Valdore-Klasse besitzt.<\/p>\n<p>M\u00f6glicherweise steht diese Gruppe auch in Kontakt mit dem Lorsa-Kartell.<\/p>\n<h3>Das Lorsa-Kartell<\/h3>\n<p>Eine geheimnisvolle kriminelle Organisation, die Gesch\u00e4fte im gesamten Sektor macht. Sie verf\u00fcgt \u00fcber eine Zellenstruktur, so dass einzelne Mitglieder nicht die gesamte Organisation gef\u00e4hrden k\u00f6nnen.\u00a0<\/p>\n<p>Es scheint so, als st\u00fcnde der Ferengi Daimon Kel mit dem Kartell in Kontakt, m\u00f6glicherweise ist er sogar Teil des Kartells. Seit der Mission <a href=\"https:\/\/www.sf-germany.org\/einheiten\/uss-galathea\/log\/missionen\/04-second-contact\/\">#04: Second Contact<\/a> wird Daimon Kel jedoch wegen fehlender Abgaben auf Ferenginar gesucht.<\/p>\n<h3>Die Siedler<\/h3>\n<p>Es gibt eine Gruppe von F\u00f6derationsb\u00fcrgern, die &#8211; mit der Politik der F\u00f6deration unzufrieden und um kulturelle Identit\u00e4t ringend &#8211; am Rand des Tzenkethi-Sektors siedeln. Dabei handelt es sich vornehmlich um Menschen, Androiden und einige wenige Mensch-Hybriden (welche aber skeptisch betrachtet werden). Die Gruppe umfasst mehrere hundert Individuen, ist xenophob, religi\u00f6s und gewaltbereit.<\/p>\n<p>\u00a0<\/p>\n\n\n\n<hr class=\"wp-block-separator has-css-opacity\"\/>\n\n\n\n<h2 class=\"wp-block-heading\">Xenobiologie<\/h2>\n\n\n\n<p>Im Folgenden eine Auflistung an bisher entdeckten Xenofauna und -flora.<\/p>\n\n\n<ul class=\"display-posts-listing\"><li class=\"listing-item\"><a class=\"title\" href=\"https:\/\/www.sf-germany.org\/einheiten\/uss-galathea\/stellarkatographie\/oktens-wiege\/xenobiologie\/saurianischer-ranken-kugelbeisser\/\">Saurianischer Ranken-Kugelbei\u00dfer<\/a><\/li><li class=\"listing-item\"><a class=\"title\" href=\"https:\/\/www.sf-germany.org\/einheiten\/uss-galathea\/stellarkatographie\/oktens-wiege\/xenobiologie\/oronische-maeuse\/\">Oronische Maus<\/a><\/li><li class=\"listing-item\"><a class=\"title\" href=\"https:\/\/www.sf-germany.org\/einheiten\/uss-galathea\/stellarkatographie\/oktens-wiege\/xenobiologie\/lawapakalawa\/\">Lawapakalawa<\/a><\/li><li class=\"listing-item\"><a class=\"title\" href=\"https:\/\/www.sf-germany.org\/einheiten\/uss-galathea\/stellarkatographie\/oktens-wiege\/xenobiologie\/ferenginar_schnapppflanze\/\">Ferenginar Schnapppflanze<\/a><\/li><li class=\"listing-item\"><a class=\"title\" href=\"https:\/\/www.sf-germany.org\/einheiten\/uss-galathea\/stellarkatographie\/oktens-wiege\/xenobiologie\/duraniumkaefer\/\">Duraniumk\u00e4fer<\/a><\/li><li class=\"listing-item\"><a class=\"title\" href=\"https:\/\/www.sf-germany.org\/einheiten\/uss-galathea\/stellarkatographie\/oktens-wiege\/xenobiologie\/die-bienen\/\">Die Bienen<\/a><\/li><\/ul>\n","protected":false},"excerpt":{"rendered":"<p>Beschreibung Oktens Wiege ist der Name der Sternenflotte f\u00fcr ein Gebiet im Tzenketh-Sektor des Alpha-Quadranten, welches sich grob zwischen Orellius, Lamemda und Ab-Tzenketh erstreckt. Dort befinden sich besonders viele Sterne unterschiedlichen Alters in relativ nahe zueinander. Hinzu kommen h\u00e4ufig Nebel unterschiedlichster Art &#8211; von Supernova-\u00dcberresten \u00fcber Pulsarwindnebel und Molek\u00fclwolken bis hin zu planetaren Nebeln.&nbsp;&nbsp; Naturgem\u00e4\u00df [&hellip;]<\/p>\n","protected":false},"author":1,"featured_media":1126,"parent":1059,"menu_order":0,"comment_status":"closed","ping_status":"closed","template":"","meta":{"footnotes":""},"class_list":["post-1305","page","type-page","status-publish","has-post-thumbnail","hentry"],"publishpress_future_action":{"enabled":false,"date":"2026-04-27 15:26:57","action":"change-status","newStatus":"draft","terms":[],"taxonomy":"","extraData":[]},"publishpress_future_workflow_manual_trigger":{"enabledWorkflows":[]},"_links":{"self":[{"href":"https:\/\/www.sf-germany.org\/einheiten\/uss-galathea\/wp-json\/wp\/v2\/pages\/1305","targetHints":{"allow":["GET"]}}],"collection":[{"href":"https:\/\/www.sf-germany.org\/einheiten\/uss-galathea\/wp-json\/wp\/v2\/pages"}],"about":[{"href":"https:\/\/www.sf-germany.org\/einheiten\/uss-galathea\/wp-json\/wp\/v2\/types\/page"}],"author":[{"embeddable":true,"href":"https:\/\/www.sf-germany.org\/einheiten\/uss-galathea\/wp-json\/wp\/v2\/users\/1"}],"replies":[{"embeddable":true,"href":"https:\/\/www.sf-germany.org\/einheiten\/uss-galathea\/wp-json\/wp\/v2\/comments?post=1305"}],"version-history":[{"count":24,"href":"https:\/\/www.sf-germany.org\/einheiten\/uss-galathea\/wp-json\/wp\/v2\/pages\/1305\/revisions"}],"predecessor-version":[{"id":6325,"href":"https:\/\/www.sf-germany.org\/einheiten\/uss-galathea\/wp-json\/wp\/v2\/pages\/1305\/revisions\/6325"}],"up":[{"embeddable":true,"href":"https:\/\/www.sf-germany.org\/einheiten\/uss-galathea\/wp-json\/wp\/v2\/pages\/1059"}],"wp:featuredmedia":[{"embeddable":true,"href":"https:\/\/www.sf-germany.org\/einheiten\/uss-galathea\/wp-json\/wp\/v2\/media\/1126"}],"wp:attachment":[{"href":"https:\/\/www.sf-germany.org\/einheiten\/uss-galathea\/wp-json\/wp\/v2\/media?parent=1305"}],"curies":[{"name":"wp","href":"https:\/\/api.w.org\/{rel}","templated":true}]}}