{"id":1361,"date":"2019-08-13T02:22:05","date_gmt":"2019-08-13T00:22:05","guid":{"rendered":"http:\/\/www.sf-germany.org\/einheiten\/uss-galathea\/?page_id=1361"},"modified":"2020-01-14T09:44:56","modified_gmt":"2020-01-14T08:44:56","slug":"discord","status":"publish","type":"page","link":"https:\/\/www.sf-germany.org\/einheiten\/uss-galathea\/nrpg\/discord\/","title":{"rendered":"Discord"},"content":{"rendered":"\n<p>Die SFG an sich wie auch diese Einheit haben eine Pr\u00e4senz in <em>Discord<\/em>. <a href=\"https:\/\/discordapp.com\/\">Discord<\/a> ist ein kostenloses Chat-Programm, dass sowohl im Browser betrieben werden kann als auch Clients f\u00fcr Windows, Mac, Linux, android und iOS zur Verf\u00fcgung stellt. Eine Registrierung ist sinnvoll (f\u00fcr die Vergabe von dauerhaften Rechten) aber zur Verwendung nicht notwendig.<\/p>\n<p>Auf der SFG-Seite ist unter dem <a href=\"https:\/\/www.sf-germany.com\/pages\/chat.php\">Menupunkt &#8222;Chat&#8220;<\/a> eine Browser-Anwendung zu finden, mit der man einfach dem Discord-Chat beitreten kann.<\/p>\n<p>Discord dient dabei dem NRPG-Austausch und ist f\u00fcr Mitspieler auf der Galathea nicht verpflichtend. Wir freuen uns allerdings \u00fcber jeden, der uns Gesellschaft leistet.<\/p>\n\n\n\n<p><\/p>\n","protected":false},"excerpt":{"rendered":"<p>Die SFG an sich wie auch diese Einheit haben eine Pr\u00e4senz in Discord. Discord ist ein kostenloses Chat-Programm, dass sowohl im Browser betrieben werden kann als auch Clients f\u00fcr Windows, Mac, Linux, android und iOS zur Verf\u00fcgung stellt. Eine Registrierung ist sinnvoll (f\u00fcr die Vergabe von dauerhaften Rechten) aber zur Verwendung nicht notwendig. Auf der [&hellip;]<\/p>\n","protected":false},"author":1,"featured_media":1126,"parent":1061,"menu_order":0,"comment_status":"closed","ping_status":"closed","template":"","meta":{"footnotes":""},"class_list":["post-1361","page","type-page","status-publish","has-post-thumbnail","hentry"],"publishpress_future_action":{"enabled":false,"date":"2026-05-06 16:14:49","action":"change-status","newStatus":"draft","terms":[],"taxonomy":"","extraData":[]},"publishpress_future_workflow_manual_trigger":{"enabledWorkflows":[]},"_links":{"self":[{"href":"https:\/\/www.sf-germany.org\/einheiten\/uss-galathea\/wp-json\/wp\/v2\/pages\/1361","targetHints":{"allow":["GET"]}}],"collection":[{"href":"https:\/\/www.sf-germany.org\/einheiten\/uss-galathea\/wp-json\/wp\/v2\/pages"}],"about":[{"href":"https:\/\/www.sf-germany.org\/einheiten\/uss-galathea\/wp-json\/wp\/v2\/types\/page"}],"author":[{"embeddable":true,"href":"https:\/\/www.sf-germany.org\/einheiten\/uss-galathea\/wp-json\/wp\/v2\/users\/1"}],"replies":[{"embeddable":true,"href":"https:\/\/www.sf-germany.org\/einheiten\/uss-galathea\/wp-json\/wp\/v2\/comments?post=1361"}],"version-history":[{"count":2,"href":"https:\/\/www.sf-germany.org\/einheiten\/uss-galathea\/wp-json\/wp\/v2\/pages\/1361\/revisions"}],"predecessor-version":[{"id":1477,"href":"https:\/\/www.sf-germany.org\/einheiten\/uss-galathea\/wp-json\/wp\/v2\/pages\/1361\/revisions\/1477"}],"up":[{"embeddable":true,"href":"https:\/\/www.sf-germany.org\/einheiten\/uss-galathea\/wp-json\/wp\/v2\/pages\/1061"}],"wp:featuredmedia":[{"embeddable":true,"href":"https:\/\/www.sf-germany.org\/einheiten\/uss-galathea\/wp-json\/wp\/v2\/media\/1126"}],"wp:attachment":[{"href":"https:\/\/www.sf-germany.org\/einheiten\/uss-galathea\/wp-json\/wp\/v2\/media?parent=1361"}],"curies":[{"name":"wp","href":"https:\/\/api.w.org\/{rel}","templated":true}]}}