{"id":1387,"date":"2019-08-13T03:26:10","date_gmt":"2019-08-13T01:26:10","guid":{"rendered":"http:\/\/www.sf-germany.org\/einheiten\/uss-galathea\/?page_id=1387"},"modified":"2021-01-19T10:42:12","modified_gmt":"2021-01-19T09:42:12","slug":"die-breen","status":"publish","type":"page","link":"https:\/\/www.sf-germany.org\/einheiten\/uss-galathea\/stellarkatographie\/oktens-wiege\/voelker-spezies\/die-breen\/","title":{"rendered":"Die Breen"},"content":{"rendered":"<h2>Beschreibung<\/h2>\n<p>Die Breen sind eine Spezies des Alpha-Quadranten, \u00fcber die kaum etwas bekannt ist. Dies liegt vor Allem daran, dass sie stets in K\u00e4lteanz\u00fcgen auftreten und mit mechanisch ver\u00e4nderter Stimme sprechen.<\/p>\n<p>Es hei\u00dft, die Breen bes\u00e4\u00dfen keinen Blutkreislauf, daf\u00fcr aber vierlappige Gehirne, die ein Gedankenlesen unm\u00f6glich machen.<\/p>\n<p>Die Breen verwenden asymmetrische Schiffe und Disruptoren als Hauptwaffen. Dar\u00fcber hinaus besitzen sie eine Energied\u00e4mpfungswaffe, die w\u00e4hrend des Dominionkrieges &#8211; die Breen waren Verb\u00fcndete des Dominion &#8211; der F\u00f6deration schweren Schaden zuf\u00fcgte, ehe ein Schild entwickelt werden konnte, welches die Auswirkungen der Waffe konterte.<\/p>\n<h2>NRPG-Informationen<\/h2>\n<p>Bei den Breen handelt es sich nicht um eine einzelne Spezies, sondern um eine Konf\u00f6deration &#8211; also einen Zusammenschluss &#8211; verschiedener Spezies. Der Anzug dient der Wahrung der Anonymit\u00e4t und der Chancengleichheit.<\/p>\n<p>Im Rahmen des Spiels der SFG ist dies niemanden in der F\u00f6deration bekannt.<\/p>\n<h2>Weiterf\u00fchrende Links<\/h2>\n<ul>\n<li><a href=\"https:\/\/memory-alpha.fandom.com\/de\/wiki\/Breen\">Memory Alpha<\/a><\/li>\n<li><a href=\"https:\/\/memory-beta.fandom.com\/de\/wiki\/Breen\">Memory Beta<\/a><\/li>\n<\/ul>\n<p>&nbsp;<\/p>\n","protected":false},"excerpt":{"rendered":"<p>Beschreibung Die Breen sind eine Spezies des Alpha-Quadranten, \u00fcber die kaum etwas bekannt ist. Dies liegt vor Allem daran, dass sie stets in K\u00e4lteanz\u00fcgen auftreten und mit mechanisch ver\u00e4nderter Stimme sprechen. Es hei\u00dft, die Breen bes\u00e4\u00dfen keinen Blutkreislauf, daf\u00fcr aber vierlappige Gehirne, die ein Gedankenlesen unm\u00f6glich machen. Die Breen verwenden asymmetrische Schiffe und Disruptoren als [&hellip;]<\/p>\n","protected":false},"author":1,"featured_media":1126,"parent":4199,"menu_order":0,"comment_status":"closed","ping_status":"closed","template":"","meta":{"footnotes":""},"class_list":["post-1387","page","type-page","status-publish","has-post-thumbnail","hentry"],"publishpress_future_action":{"enabled":false,"date":"2026-04-27 16:58:30","action":"change-status","newStatus":"draft","terms":[],"taxonomy":"","extraData":[]},"publishpress_future_workflow_manual_trigger":{"enabledWorkflows":[]},"_links":{"self":[{"href":"https:\/\/www.sf-germany.org\/einheiten\/uss-galathea\/wp-json\/wp\/v2\/pages\/1387","targetHints":{"allow":["GET"]}}],"collection":[{"href":"https:\/\/www.sf-germany.org\/einheiten\/uss-galathea\/wp-json\/wp\/v2\/pages"}],"about":[{"href":"https:\/\/www.sf-germany.org\/einheiten\/uss-galathea\/wp-json\/wp\/v2\/types\/page"}],"author":[{"embeddable":true,"href":"https:\/\/www.sf-germany.org\/einheiten\/uss-galathea\/wp-json\/wp\/v2\/users\/1"}],"replies":[{"embeddable":true,"href":"https:\/\/www.sf-germany.org\/einheiten\/uss-galathea\/wp-json\/wp\/v2\/comments?post=1387"}],"version-history":[{"count":2,"href":"https:\/\/www.sf-germany.org\/einheiten\/uss-galathea\/wp-json\/wp\/v2\/pages\/1387\/revisions"}],"predecessor-version":[{"id":1676,"href":"https:\/\/www.sf-germany.org\/einheiten\/uss-galathea\/wp-json\/wp\/v2\/pages\/1387\/revisions\/1676"}],"up":[{"embeddable":true,"href":"https:\/\/www.sf-germany.org\/einheiten\/uss-galathea\/wp-json\/wp\/v2\/pages\/4199"}],"wp:featuredmedia":[{"embeddable":true,"href":"https:\/\/www.sf-germany.org\/einheiten\/uss-galathea\/wp-json\/wp\/v2\/media\/1126"}],"wp:attachment":[{"href":"https:\/\/www.sf-germany.org\/einheiten\/uss-galathea\/wp-json\/wp\/v2\/media?parent=1387"}],"curies":[{"name":"wp","href":"https:\/\/api.w.org\/{rel}","templated":true}]}}