{"id":1389,"date":"2019-08-13T03:27:02","date_gmt":"2019-08-13T01:27:02","guid":{"rendered":"http:\/\/www.sf-germany.org\/einheiten\/uss-galathea\/?page_id=1389"},"modified":"2024-02-01T00:00:26","modified_gmt":"2024-01-31T23:00:26","slug":"die-tzenkethi","status":"publish","type":"page","link":"https:\/\/www.sf-germany.org\/einheiten\/uss-galathea\/stellarkatographie\/oktens-wiege\/voelker-spezies\/die-tzenkethi\/","title":{"rendered":"Die Tzenkethi"},"content":{"rendered":"<h2>Beschreibung<\/h2>\n<figure style=\"width: 259px\" class=\"wp-caption alignright\"><a href=\"https:\/\/vignette.wikia.nocookie.net\/memory-omega\/images\/a\/aa\/Tzenkethi2.jpg\/revision\/latest?cb=20170110170425&amp;format=original&amp;path-prefix=de\" rel=\"lightbox[1389]\"><img loading=\"lazy\" decoding=\"async\" style=\"margin: 10px;\" src=\"https:\/\/vignette.wikia.nocookie.net\/memory-omega\/images\/a\/aa\/Tzenkethi2.jpg\/revision\/latest?cb=20170110170425&amp;format=original&amp;path-prefix=de\" alt=\"\" width=\"259\" height=\"370\" \/><\/a><figcaption class=\"wp-caption-text\">Tzenkethi &#8211; Memory Beta<\/figcaption><\/figure>\n<p>Die Tzenkethi sind eine humanoide, reptiloide Spezies, die sich auf dem Planeten Ab-Tzenketh entwickelt. Wie viele Lebewesen auf ihrer Heimatwelt Ab-Tzenketh, entwickeln auch die Tzenkethi eine k\u00f6rpereigene Biolumineszenz.Tzenkethi haben Drachen-\u00e4hnliche K\u00f6pfe, Rhinozheros-\u00e4hnliche Haut und vier Arme &#8211; zwei st\u00e4rkere und zwei schw\u00e4chere f\u00fcr eine beweglichere, pr\u00e4zisere Handhabung. Ihre R\u00fccken besitzen eine charakteristische Ansammlung von Knochenw\u00fclsten, die sie zus\u00e4tzlich sch\u00fctzen.<\/p>\n<p>Die intelligenten Tzenkethi entwickeln schnell eine eigene Gesellschaft und bauen gro\u00dfe St\u00e4dte, wie die Hauptstadt\u00a0TzenKurh. Im Jahr\u00a02002\u00a0bricht f\u00fcr die Spezies schlie\u00dflich das\u00a0Warpzeitalter\u00a0an, als man mit einem kleinen Raumschiff die Lichtmauer durchbricht.\u00a02107\u00a0stellen die Tzenkethi den\u00a0Ersten Kontakt mit den\u00a0Cardassianern\u00a0her und\u00a02144\u00a0mit den\u00a0Bajoranern. Auch die\u00a0Vereinigte F\u00f6deration der Planeten\u00a0stellt sp\u00e4ter Kontakt her.<\/p>\n<h2>Politik<\/h2>\n<p>Die <em>Tzenkethi Koalition<\/em> ist, trotz ihres Namens, eine Wahlmonarchie deren Oberhaupt Autarch genannt wird. Dieser reagiert von Ab-Tzenketh aus mit Hilfe eines Ministerrates. Die Tzenkethi Koalition stellt dabei nominell ein Vielv\u00f6lkerstaat dar, in dem die Tzenkethi aber die dominierende Spezies sind.<\/p>\n<h3>Staatsgebiet<\/h3>\n<p>Die Tzenkethi beanspruchen den gr\u00f6\u00dften Teil des gleichnamigen Quadranten f\u00fcr sich. Hier, am Rande von\u00a0<a href=\"https:\/\/www.sf-germany.org\/einheiten\/uss-galathea\/stellarkatographie\/oktens-wiege\/\">Oktens Wiege<\/a>, gibt es eine vergleichsweise dichte Ansammlung von rohstoffreichen Sternensystemen.<\/p>\n<p>Bekannte Siedlungen sind:<\/p>\n<table style=\"border-collapse: collapse; width: 100%; height: 72px;\">\n<tbody>\n<tr>\n<td><a href=\"https:\/\/memory-beta.fandom.com\/wiki\/Ab-Tzenketh\">Ab-Tzenketh<\/a><\/td>\n<td>Der 6. von 15. Planeten im Tzenketh System ist die Heimatwelt der Tzenkethi und Regierungssitz des Autarchen. Er besitzt zwei Monde. Klimatisch ist der Klasse M Planet eher k\u00fchl, mit ausgepr\u00e4gten Eiskappen an den Polen. Der gr\u00f6\u00dfte Teil der Oberfl\u00e4che bestehet aus Wasser. Die Kontinente sind eher klein und weit verstreut.<\/td>\n<\/tr>\n<tr>\n<td>Gauran Ja-Tem<\/td>\n<td>Eine Industriewelt nahe der Grenze zum F\u00f6derationsraum<\/td>\n<\/tr>\n<tr>\n<td>Kliradon<\/td>\n<td>Ein von den Tzenkethi besiedelter Planet. Es gibt dort ein Hochsicherheitsgef\u00e4ngnis<\/td>\n<\/tr>\n<tr>\n<td>M&#8217;kemas III<\/td>\n<td>Eine Kolonie.<\/td>\n<\/tr>\n<\/tbody>\n<\/table>\n<h3>Der Typhon-Pakt<\/h3>\n<p>Der Typhon-Pakt ist ein 2381 getroffener Zusammenschluss zwischen dem Romulanischem Imperium, der Tzenkethi Koalition, der Breen Konf\u00f6deration, der Gorn Hegemonie, der Tholianischen Versammlung und dem Heiligen Orden der Kinshaya. Gemeinsam bilden sie eine milit\u00e4rische, wirtschaftliche und politische Einheit, die mit der F\u00f6deration konkurrieren kann.<\/p>\n<p>Kurzfristig sah es auch so aus, als w\u00fcrden die Ferengi dem Pakt beitreten, doch haben die Ferengi sich bisher ihre Neutralit\u00e4t bewahrt &#8211; und das Kithomer-Abkommen eingehalten. Durch den Krieg der F\u00f6deration mit den Klingonen k\u00f6nnte sich die politische Lage jedoch ver\u00e4ndern.<\/p>\n<p>siehe: <a href=\"https:\/\/memory-beta.fandom.com\/wiki\/Typhon_Pact\">Typhon Pact | Memory Beta, non-canon Star Trek Wiki | Fandom<\/a><\/p>\n<h2>Technik und Ausr\u00fcstung<\/h2>\n<p>Die Tzenkethi besitzen, auch dank des Handels mit den Ferengi sowie einigen Eroberungen, einen \u00e4hnlichen technologischen Status wie die Sternenflotte. Generell verf\u00fcgen sie zwar \u00fcber weniger Ressourcen als die F\u00f6deration und hinken so in &#8218;esoterischen&#8216; Forschungsbereichen hinterher, doch haben sie auch deutlich weniger Bev\u00f6lkerung zu versorgen oder Weltraum zu besch\u00fctzen.<\/p>\n<p>Die Tzenkethi haben die letzten Jahrzehnte zudem stark in die milit\u00e4rische Entwicklung und R\u00fcstung investiert &#8211; zu Lasten der zivilen Bev\u00f6lkerung.<\/p>\n<h3>Pers\u00f6nliche Ausr\u00fcstung<\/h3>\n<p>Soldaten der Tzenkethi verf\u00fcgen \u00fcber eine gepanzerte Ganzk\u00f6rperr\u00fcstung mit integrierter Energieversorgung und fest installierten Waffensystemen. Dies macht jeden Tzenkethi-Soldaten zu einer zwar langsamen, aber robusten Waffenplattform.<\/p>\n<h3>Raumschiffe<\/h3>\n<h4>Ein Schlachtschiff der Tzenkethi<\/h4>\n<p><img loading=\"lazy\" decoding=\"async\" src=\"https:\/\/i.pinimg.com\/originals\/50\/e2\/98\/50e29835e993321206800fb121c4ab42.jpg\" alt=\"Ein Schlachtschiff der Tzenkethi\" width=\"2416\" height=\"1469\" \/><\/p>\n<h3>Pers\u00f6nlichkeiten<\/h3>\n<p>Nachfolgend eine Beschreibung wichtiger oder wiederholt auftretender Pers\u00f6nlichkeiten.<\/p>\n<h4>Mission\u00a0<a href=\"https:\/\/www.sf-germany.org\/einheiten\/uss-galathea\/uss-galathea\/log\/missionen\/06-der-intergalaktische-basar\/\">#06: Der Intergalaktische Basar<\/a><\/h4>\n<table style=\"border-collapse: collapse; width: 100%;\">\n<tbody>\n<tr>\n<td style=\"width: 50%;\"><strong>Sissa Nim Gar-A<br \/>\n<\/strong>Tzenkethi<br \/>\n&#8222;Handelsf\u00fcrstin&#8220; oberster Klasse, F\u00fchrerin an Bord des Tzenkethi-Basarschiffs &#8222;Ald&#8217;emabhir&#8220;<\/td>\n<td style=\"width: 50%;\">\n<div>Das typische Aussehen der Tzenkethi, zwei starke obere Arme, zwei geschicktere, untere Arme, 2,55m gro\u00df, dicke, gepanzerte Haut in rot und Violett-T\u00f6nen, schimmert leicht rosa-violett, biolumineszent.<\/div>\n<div>Geh\u00f6rt zur h\u00f6chsten &#8222;Kaste&#8220;, interessiert sich f\u00fcr Materielles als Mittel zum Zweck &#8211; Macht und Einfluss erringen und eine Kette von &#8222;Vergn\u00fcgungs- und Handelsschiffen&#8220; zu er\u00f6ffnen, dabei scheut sie vor nichts zur\u00fcck und setzt ihre Ziele mit fast jedem Mittel durch.<\/div>\n<div>Nach au\u00dfen charmant und freundlich, aber komplett skrupellos und eiskalt<\/div>\n<\/td>\n<\/tr>\n<tr>\n<td style=\"width: 50%;\">\n<div><strong>Fijerass Trar Fel-D&#8216; <\/strong><\/div>\n<div>Tzenkethi<br \/>\nAdjutant, Probleml\u00f6ser und rechte Hand der Handelsf\u00fcrstin<\/div>\n<\/td>\n<td style=\"width: 50%;\">\n<div>3m gro\u00df, blau-gr\u00fcne Haut, gr\u00fcn leuchtend biolumineszent.<\/div>\n<div>Er tut, was ihm befohlen wird, es ist sein Job, alle schmutzigen Dinge zu erledigen und er tut diesen Job gern &#8211; am liebsten in voller R\u00fcstung, wozu er nicht oft kommt.<\/div>\n<div>Grummelig, sarkastisch, gemein<\/div>\n<\/td>\n<\/tr>\n<\/tbody>\n<\/table>\n<h2>NRPG<\/h2>\n<h2>Weiterf\u00fchrende Links<\/h2>\n<ul>\n<li><a href=\"https:\/\/memory-alpha.fandom.com\/de\/wiki\/Tzenkethi\">Memory Alpha<\/a><\/li>\n<li><a href=\"https:\/\/memory-beta.fandom.com\/de\/wiki\/Tzenkethi\">Memory Beta<\/a><\/li>\n<\/ul>\n","protected":false},"excerpt":{"rendered":"<p>Beschreibung Die Tzenkethi sind eine humanoide, reptiloide Spezies, die sich auf dem Planeten Ab-Tzenketh entwickelt. Wie viele Lebewesen auf ihrer Heimatwelt Ab-Tzenketh, entwickeln auch die Tzenkethi eine k\u00f6rpereigene Biolumineszenz.Tzenkethi haben Drachen-\u00e4hnliche K\u00f6pfe, Rhinozheros-\u00e4hnliche Haut und vier Arme &#8211; zwei st\u00e4rkere und zwei schw\u00e4chere f\u00fcr eine beweglichere, pr\u00e4zisere Handhabung. Ihre R\u00fccken besitzen eine charakteristische Ansammlung von [&hellip;]<\/p>\n","protected":false},"author":1,"featured_media":1126,"parent":4199,"menu_order":0,"comment_status":"closed","ping_status":"closed","template":"","meta":{"footnotes":""},"class_list":["post-1389","page","type-page","status-publish","has-post-thumbnail","hentry"],"publishpress_future_action":{"enabled":false,"date":"2026-04-27 17:00:27","action":"change-status","newStatus":"draft","terms":[],"taxonomy":"","extraData":[]},"publishpress_future_workflow_manual_trigger":{"enabledWorkflows":[]},"_links":{"self":[{"href":"https:\/\/www.sf-germany.org\/einheiten\/uss-galathea\/wp-json\/wp\/v2\/pages\/1389","targetHints":{"allow":["GET"]}}],"collection":[{"href":"https:\/\/www.sf-germany.org\/einheiten\/uss-galathea\/wp-json\/wp\/v2\/pages"}],"about":[{"href":"https:\/\/www.sf-germany.org\/einheiten\/uss-galathea\/wp-json\/wp\/v2\/types\/page"}],"author":[{"embeddable":true,"href":"https:\/\/www.sf-germany.org\/einheiten\/uss-galathea\/wp-json\/wp\/v2\/users\/1"}],"replies":[{"embeddable":true,"href":"https:\/\/www.sf-germany.org\/einheiten\/uss-galathea\/wp-json\/wp\/v2\/comments?post=1389"}],"version-history":[{"count":9,"href":"https:\/\/www.sf-germany.org\/einheiten\/uss-galathea\/wp-json\/wp\/v2\/pages\/1389\/revisions"}],"predecessor-version":[{"id":8139,"href":"https:\/\/www.sf-germany.org\/einheiten\/uss-galathea\/wp-json\/wp\/v2\/pages\/1389\/revisions\/8139"}],"up":[{"embeddable":true,"href":"https:\/\/www.sf-germany.org\/einheiten\/uss-galathea\/wp-json\/wp\/v2\/pages\/4199"}],"wp:featuredmedia":[{"embeddable":true,"href":"https:\/\/www.sf-germany.org\/einheiten\/uss-galathea\/wp-json\/wp\/v2\/media\/1126"}],"wp:attachment":[{"href":"https:\/\/www.sf-germany.org\/einheiten\/uss-galathea\/wp-json\/wp\/v2\/media?parent=1389"}],"curies":[{"name":"wp","href":"https:\/\/api.w.org\/{rel}","templated":true}]}}