{"id":1549,"date":"2019-08-27T00:11:06","date_gmt":"2019-08-26T22:11:06","guid":{"rendered":"http:\/\/www.sf-germany.org\/einheiten\/uss-galathea\/?page_id=1549"},"modified":"2026-01-06T18:16:00","modified_gmt":"2026-01-06T17:16:00","slug":"spielerliste","status":"publish","type":"page","link":"https:\/\/www.sf-germany.org\/einheiten\/uss-galathea\/nrpg\/spielerliste\/","title":{"rendered":"Wir, die Galathea-Crew"},"content":{"rendered":"\r\n\r\n<h1>Spielerliste<\/h1>\r\n<p>In der unten stehenden Tabelle findet ihr eine Auflistung der aktuellen Spieler der Galathea, deren Charaktere sowie der aktuelle &#8222;Status&#8220; &#8211; damit k\u00f6nnt ihr zum Beispiel absch\u00e4tzen, ob ein Spieler gerade auf eure B\u00e4lle reagieren kann oder abgemeldet ist. Ihr findet hier auch die Liste unserer Gastspieler und willkommenen &#8222;Gelegenheitsposter&#8220;.<\/p>\r\n\r\n\r\n\r\n<table style=\"border-collapse: collapse; width: 100%; height: 489px;\">\r\n<tbody>\r\n<tr style=\"height: 23px;\">\r\n<td style=\"width: 10.4564%; height: 23px; background-color: #e37222;\"><strong>Spieler (Nick)<\/strong><\/td>\r\n<td style=\"width: 12.3001%; height: 23px; background-color: #e37222;\"><strong>Spieler (Name)<\/strong><\/td>\r\n<td style=\"width: 15.4787%; height: 23px; text-align: center; background-color: #e37222;\"><strong>Rolle<\/strong><\/td>\r\n<td style=\"width: 24.2647%; text-align: center; height: 23px; background-color: #e37222;\"><strong>Charakter<\/strong><\/td>\r\n<td style=\"width: 12.5%; height: 23px; text-align: center; background-color: #e37222;\"><strong>Status<\/strong><\/td>\r\n<td style=\"width: 25%; height: 23px; background-color: #e37222;\"><strong>Bemerkung<\/strong><\/td>\r\n<\/tr>\r\n<tr style=\"height: 23px;\">\r\n<td style=\"width: 10.4564%; height: 23px;\">Effi<\/td>\r\n<td style=\"width: 12.3001%; height: 23px;\">Christian<\/td>\r\n<td style=\"width: 15.4787%; text-align: center; height: 23px;\">Spielleitung<\/td>\r\n<td style=\"width: 24.2647%; height: 23px; text-align: left;\">\r\n<ul>\r\n<li><a href=\"https:\/\/www.sf-germany.org\/einheiten\/uss-galathea\/die-crew\/spielercharaktere\/asolowyov\/\">Aleksander Solowyov<\/a><\/li>\r\n<li><a href=\"https:\/\/www.sf-germany.org\/einheiten\/uss-galathea\/die-crew\/nichtspielercharaktere\/melek\/\">Melek<\/a><\/li>\r\n<li><a href=\"https:\/\/www.sf-germany.org\/einheiten\/uss-galathea\/die-crew\/spielercharaktere\/emin\/\">Emin<\/a><\/li>\r\n<\/ul>\r\n<\/td>\r\n<td style=\"width: 12.5%; text-align: center; height: 23px;\"><span style=\"color: #339966;\">aktiv<\/span><\/td>\r\n<td style=\"width: 25%; height: 23px; text-align: center;\">\u00a0<\/td>\r\n<\/tr>\r\n<tr style=\"height: 23px;\">\r\n<td style=\"width: 10.4564%; height: 23px;\">Sunny<\/td>\r\n<td style=\"width: 12.3001%; height: 23px;\">Miriam<\/td>\r\n<td style=\"width: 15.4787%; text-align: center; height: 23px;\">Spielleitung<\/td>\r\n<td style=\"width: 24.2647%; height: 23px; text-align: left;\">\r\n<ul>\r\n<li><span style=\"color: #000000;\"><a href=\"https:\/\/www.sf-germany.org\/einheiten\/uss-galathea\/die-crew\/spielercharaktere\/ewa-natasza-zofia\/\">Ewa Zima<\/a>\u00a0<\/span><\/li>\r\n<li><a href=\"https:\/\/www.sf-germany.org\/einheiten\/uss-galathea\/die-crew\/spielercharaktere\/owinterbottom\/\">Olivia Winterbottom<\/a><\/li>\r\n<\/ul>\r\n<\/td>\r\n<td style=\"width: 12.5%; text-align: center; height: 23px;\"><span style=\"color: #339966;\">aktiv<\/span><\/td>\r\n<td style=\"width: 25%; text-align: center; height: 23px;\">\u00a0<\/td>\r\n<\/tr>\r\n<tr style=\"height: 23px;\">\r\n<td style=\"width: 10.4564%; height: 23px;\">Danimax<\/td>\r\n<td style=\"width: 12.3001%; height: 23px;\">Daniel<\/td>\r\n<td style=\"width: 15.4787%; text-align: center; height: 23px;\">Spielleitung<\/td>\r\n<td style=\"width: 24.2647%; height: 23px; text-align: left;\">\r\n<ul>\r\n<li><span style=\"color: #000000;\"><a href=\"https:\/\/www.sf-germany.org\/einheiten\/uss-galathea\/die-crew\/spielercharaktere\/grwydro-aru\/\">Grwydro Aru<\/a><br \/><\/span><\/li>\r\n<\/ul>\r\n<\/td>\r\n<td style=\"width: 12.5%; text-align: center; height: 23px;\"><span style=\"color: #339966;\"> aktiv<\/span><\/td>\r\n<td style=\"width: 25%; height: 23px; text-align: center;\">\u00a0<\/td>\r\n<\/tr>\r\n<tr style=\"height: 23px;\">\r\n<td style=\"width: 10.4564%; height: 23px;\">Liz<\/td>\r\n<td style=\"width: 12.3001%; height: 23px;\">Sarah<\/td>\r\n<td style=\"width: 15.4787%; text-align: center; height: 23px;\">Prim\u00e4r-Char<\/td>\r\n<td style=\"width: 24.2647%; height: 23px; text-align: left;\">\r\n<ul>\r\n<li><span style=\"color: #000000;\"><a href=\"https:\/\/www.sf-germany.org\/einheiten\/uss-galathea\/die-crew\/spielercharaktere\/rani-than\/\">Rani Than<\/a><br \/><\/span><\/li>\r\n<li><a href=\"https:\/\/www.sf-germany.org\/einheiten\/uss-galathea\/die-crew\/spielercharaktere\/ji-yeong\/\">Ji-Yeong Solowyova<\/a><\/li>\r\n<\/ul>\r\n<\/td>\r\n<td style=\"width: 12.5%; text-align: center; height: 23px;\">\r\n<p><span style=\"color: #ff0000;\">inaktiv<\/span><\/p>\r\n<\/td>\r\n<td style=\"width: 25%; height: 23px; text-align: center;\">\u00a0<\/td>\r\n<\/tr>\r\n<tr style=\"height: 23px;\">\r\n<td style=\"width: 10.4564%; height: 23px;\">Helbrandt<\/td>\r\n<td style=\"width: 12.3001%; height: 23px;\">Chris<\/td>\r\n<td style=\"width: 15.4787%; text-align: center; height: 23px;\">Prim\u00e4r-Char<\/td>\r\n<td style=\"width: 24.2647%; height: 23px; text-align: left;\">\r\n<ul>\r\n<li><span style=\"color: #000000;\"><a href=\"https:\/\/www.sf-germany.org\/einheiten\/uss-galathea\/die-crew\/spielercharaktere\/trarkash-sicherheitsoffizier\/\">Trarkash Sicherheitsoffizier<\/a><br \/><\/span><\/li>\r\n<\/ul>\r\n<\/td>\r\n<td style=\"width: 12.5%; text-align: center; height: 23px;\"><span style=\"color: #339966;\">aktiv<\/span><\/td>\r\n<td style=\"width: 25%; text-align: center; height: 23px;\">\u00a0<\/td>\r\n<\/tr>\r\n<tr>\r\n<td style=\"width: 10.4564%;\">Meowie<\/td>\r\n<td style=\"width: 12.3001%;\">\u00a0<\/td>\r\n<td style=\"width: 15.4787%; text-align: center;\">Prim\u00e4r-Char<\/td>\r\n<td style=\"width: 24.2647%; text-align: left;\">\r\n<ul>\r\n<li><span style=\"color: #000000;\"><a href=\"https:\/\/www.sf-germany.org\/einheiten\/uss-galathea\/die-crew\/spielercharaktere\/dr-grace-fraser\/\">Dr. Grace Fraser<\/a><br \/><\/span><\/li>\r\n<\/ul>\r\n<\/td>\r\n<td style=\"width: 12.5%; text-align: center;\"><span style=\"color: #339966;\">aktiv<\/span><\/td>\r\n<td style=\"width: 25%; text-align: center;\">\u00a0<\/td>\r\n<\/tr>\r\n<tr>\r\n<td style=\"width: 10.4564%;\">\u00a0<\/td>\r\n<td style=\"width: 12.3001%;\">Peter<\/td>\r\n<td style=\"width: 15.4787%; text-align: center;\">Prim\u00e4r-Char<\/td>\r\n<td style=\"width: 24.2647%; text-align: left;\">\r\n<ul>\r\n<li><span style=\"color: #000000;\"><a href=\"https:\/\/www.sf-germany.org\/einheiten\/uss-galathea\/die-crew\/spielercharaktere\/devries\/\">Marjolijn de Vries<\/a><br \/><\/span><\/li>\r\n<\/ul>\r\n<\/td>\r\n<td style=\"width: 12.5%; text-align: center;\"><span style=\"color: #339966;\">aktiv<\/span><\/td>\r\n<td style=\"width: 25%; text-align: center;\">\u00a0<\/td>\r\n<\/tr>\r\n<tr>\r\n<td style=\"width: 10.4564%;\">Landraik \/ Landi<\/td>\r\n<td style=\"width: 12.3001%;\">Alex<\/td>\r\n<td style=\"width: 15.4787%; text-align: center;\">Prim\u00e4r-Char<\/td>\r\n<td style=\"width: 24.2647%; text-align: left;\">\r\n<ul>\r\n<li><span style=\"color: #000000;\"><a href=\"https:\/\/www.sf-germany.org\/einheiten\/uss-galathea\/die-crew\/spielercharaktere\/karel\/\">Ka\u2019rel<\/a><br \/><\/span><\/li>\r\n<\/ul>\r\n<\/td>\r\n<td style=\"width: 12.5%; text-align: center;\"><span style=\"color: #339966;\">aktiv<\/span><\/td>\r\n<td style=\"width: 25%; text-align: center;\">\u00a0<\/td>\r\n<\/tr>\r\n<tr style=\"height: 44px;\">\r\n<td style=\"width: 10.4564%; height: 44px;\">Karanor<\/td>\r\n<td style=\"width: 12.3001%; height: 44px;\">Bernd<\/td>\r\n<td style=\"width: 15.4787%; text-align: center; height: 44px;\">Sekund\u00e4r-Char<\/td>\r\n<td style=\"width: 24.2647%; height: 44px; text-align: left;\">\r\n<ul>\r\n<li><span style=\"color: #000000;\"><a href=\"https:\/\/www.sf-germany.org\/einheiten\/uss-galathea\/die-crew\/spielercharaktere\/tharon-par-keller\/\">Tha\u00b4Ron Par Keller<\/a><br \/><\/span><\/li>\r\n<\/ul>\r\n<\/td>\r\n<td style=\"width: 12.5%; text-align: center; height: 44px;\"><span style=\"color: #ff9900;\">inaktiv<\/span><\/td>\r\n<td style=\"width: 25%; text-align: center; height: 44px;\">\u00a0<\/td>\r\n<\/tr>\r\n<tr>\r\n<td style=\"width: 10.4564%;\">Assets<\/td>\r\n<td style=\"width: 12.3001%;\">Sven<\/td>\r\n<td style=\"width: 15.4787%; text-align: center;\">Sekund\u00e4r-Char<\/td>\r\n<td style=\"width: 24.2647%; text-align: left;\">\r\n<ul>\r\n<li><span style=\"color: #000000;\"><a href=\"https:\/\/www.sf-germany.org\/einheiten\/uss-galathea\/die-crew\/spielercharaktere\/li-ti\/\">Li-Ti<\/a><br \/><\/span><\/li>\r\n<\/ul>\r\n<\/td>\r\n<td style=\"width: 12.5%; text-align: center;\"><span style=\"color: #ff0000;\"><span style=\"color: #339966;\">aktiv<\/span><\/span><\/td>\r\n<td style=\"width: 25%; text-align: center;\">\u00a0<\/td>\r\n<\/tr>\r\n<tr style=\"height: 24px;\">\r\n<td style=\"width: 10.4564%; height: 24px;\">Ratana<\/td>\r\n<td style=\"width: 12.3001%; height: 24px;\">Linda<\/td>\r\n<td style=\"width: 15.4787%; text-align: center; height: 24px;\">Sekund\u00e4r-Char<\/td>\r\n<td style=\"width: 24.2647%; height: 24px; text-align: left;\">\r\n<ul>\r\n<li><span style=\"color: #000000;\"><a href=\"https:\/\/www.sf-germany.org\/einheiten\/uss-galathea\/die-crew\/spielercharaktere\/valea-stoica\/\">Valea Stoica<\/a><br \/><\/span><\/li>\r\n<\/ul>\r\n<\/td>\r\n<td style=\"width: 12.5%; text-align: center; height: 24px;\"><span style=\"color: #ff0000;\">inaktiv<\/span><\/td>\r\n<td style=\"width: 25%; text-align: center; height: 24px;\">\u00a0<\/td>\r\n<\/tr>\r\n<tr style=\"height: 23px;\">\r\n<td style=\"width: 10.4564%; height: 23px;\">Mac<\/td>\r\n<td style=\"width: 12.3001%; height: 23px;\">Yvonne<\/td>\r\n<td style=\"width: 15.4787%; text-align: center; height: 23px;\">Sekund\u00e4r-Char<\/td>\r\n<td style=\"width: 24.2647%; height: 23px; text-align: left;\">\r\n<ul>\r\n<li><span style=\"color: #000000;\"><a href=\"https:\/\/www.sf-germany.org\/einheiten\/uss-galathea\/die-crew\/spielercharaktere\/yael-hadar\/\">Yael Hadar<\/a><br \/><\/span><\/li>\r\n<\/ul>\r\n<\/td>\r\n<td style=\"width: 12.5%; text-align: center; height: 23px;\"><span style=\"color: #339966;\">aktiv\u00a0<\/span><\/td>\r\n<td style=\"width: 25%; text-align: center; height: 23px;\">\u00a0<\/td>\r\n<\/tr>\r\n<tr style=\"height: 23px;\">\r\n<td style=\"width: 10.4564%; height: 23px;\">Jetsun Pema<\/td>\r\n<td style=\"width: 12.3001%; height: 23px;\">Isabelle<\/td>\r\n<td style=\"width: 15.4787%; text-align: center; height: 23px;\">Sekund\u00e4r-Char<\/td>\r\n<td style=\"width: 24.2647%; height: 23px; text-align: left;\">\r\n<ul>\r\n<li><span style=\"color: #000000;\"><a href=\"https:\/\/www.sf-germany.org\/einheiten\/uss-galathea\/die-crew\/spielercharaktere\/selene\/\">Menodora Nikitidis Selene<\/a><br \/><\/span><\/li>\r\n<\/ul>\r\n<\/td>\r\n<td style=\"width: 12.5%; text-align: center; height: 23px;\"><span style=\"color: #339966;\">aktiv<\/span><\/td>\r\n<td style=\"width: 25%; text-align: center; height: 23px;\">\u00a0<\/td>\r\n<\/tr>\r\n<tr style=\"height: 23px;\">\r\n<td style=\"width: 10.4564%; height: 23px;\">auri<\/td>\r\n<td style=\"width: 12.3001%; height: 23px;\">Johannes<\/td>\r\n<td style=\"width: 15.4787%; text-align: center; height: 23px;\">Sekund\u00e4r-Char<\/td>\r\n<td style=\"width: 24.2647%; height: 23px; text-align: left;\">\r\n<ul>\r\n<li><span style=\"color: #000000;\"><a href=\"https:\/\/www.sf-germany.org\/einheiten\/uss-galathea\/die-crew\/spielercharaktere\/smedvedev\/\">Sergej Borisowitsch Medvedev<\/a><br \/><\/span><\/li>\r\n<\/ul>\r\n<\/td>\r\n<td style=\"width: 12.5%; text-align: center; height: 23px;\"><span style=\"color: #339966;\">aktiv<\/span><\/td>\r\n<td style=\"width: 25%; text-align: center; height: 23px;\">\u00a0<\/td>\r\n<\/tr>\r\n<tr style=\"height: 23px;\">\r\n<td style=\"width: 10.4564%; height: 23px;\">ashes<\/td>\r\n<td style=\"width: 12.3001%; height: 23px;\">Katharina<\/td>\r\n<td style=\"width: 15.4787%; text-align: center; height: 23px;\">Sekund\u00e4r-Char<\/td>\r\n<td style=\"width: 24.2647%; height: 23px; text-align: left;\">\r\n<ul>\r\n<li><span style=\"color: #000000;\"><a href=\"https:\/\/www.sf-germany.org\/einheiten\/uss-galathea\/die-crew\/spielercharaktere\/nzthomson\/\">Nahima Thomson<\/a><br \/><\/span><\/li>\r\n<\/ul>\r\n<\/td>\r\n<td style=\"width: 12.5%; text-align: center; height: 23px;\"><span style=\"color: #ff0000;\">inaktiv<\/span><\/td>\r\n<td style=\"width: 25%; text-align: center; height: 23px;\">\u00a0<\/td>\r\n<\/tr>\r\n<tr style=\"height: 56px;\">\r\n<td style=\"width: 10.4564%; height: 56px;\">elamatrix<\/td>\r\n<td style=\"width: 12.3001%; height: 56px;\">ela<\/td>\r\n<td style=\"width: 15.4787%; text-align: center; height: 56px;\">Sekund\u00e4r-Char<\/td>\r\n<td style=\"width: 24.2647%; text-align: left; height: 56px;\">\r\n<ul>\r\n<li><span style=\"color: #000000;\"><a href=\"https:\/\/www.sf-germany.org\/einheiten\/uss-galathea\/die-crew\/spielercharaktere\/helena-rubis\/\">Helena Rubis<\/a><br \/><\/span><\/li>\r\n<\/ul>\r\n<\/td>\r\n<td style=\"width: 12.5%; text-align: center; height: 56px;\"><span style=\"color: #ffcc00;\">nur Gastposts<\/span><\/td>\r\n<td style=\"width: 25%; text-align: center; height: 56px;\">nur noch Gast-RPG, auf direkte Anfrage<\/td>\r\n<\/tr>\r\n<\/tbody>\r\n<\/table>\r\n\r\n\r\n\r\n<p><strong>Rollen<\/strong>: Spielleitung | Prim\u00e4r-Char | Sekund\u00e4r-Char | Gast<\/p>\r\n\r\n\r\n\r\n<p><strong>Status<\/strong>: aktiv | abgemeldet | inaktiv<\/p>\r\n<h1>Die Spielleitung<\/h1>\r\n<p>Das SL-Team der Galathea k\u00fcmmert sich um die NRPG-Belange der Einheit und sorgt bei Bedarf f\u00fcr das Fortschreiten des Spielfluss. Wir k\u00fcmmern uns um eure Charakterbelange, die Missionsplanung, die Einheitenhomepage und nat\u00fcrlich auch um eure Fragen. Bitte sprecht uns an, wenn ihr Fragen habt.<\/p>\r\n<p>Prinzipiell k\u00f6nnt ihr das gesamte SL-Team bei allen Anliegen gleicherma\u00dfen ansprechen, egal ob per E-Mail, Discord oder anderweitig &#8211; wir leiten es dann in das Team weiter. Aber nat\u00fcrlich hat jeder Spielleitende Bereiche, die diesem besonders am Herzen liegen. Diese findet ihr in der Spalte &#8222;Fokus&#8220;.<\/p>\r\n<table style=\"border-collapse: collapse; width: 100%; height: 120px;\">\r\n<tbody>\r\n<tr style=\"height: 24px;\">\r\n<td style=\"width: 11.5784%; background-color: #e37222; height: 24px;\">\r\n<p>&nbsp;<\/p>\r\n<p><strong>Person<\/strong><\/p>\r\n<\/td>\r\n<td style=\"width: 13.2463%; background-color: #e37222; height: 24px;\"><strong>Rolle (NRPG)<\/strong><\/td>\r\n<td style=\"width: 15.4701%; background-color: #e37222;\"><strong>Rolle (RPG)<\/strong><\/td>\r\n<td style=\"width: 59.7051%; background-color: #e37222; height: 24px;\"><strong>Fokus der SL-Arbeit<\/strong><\/td>\r\n<\/tr>\r\n<tr style=\"height: 24px;\">\r\n<td style=\"width: 11.5784%; height: 24px;\">Sunny (Miriam)<\/td>\r\n<td style=\"width: 13.2463%; height: 24px;\">SL<\/td>\r\n<td style=\"width: 15.4701%;\">EO \/ XO<\/td>\r\n<td style=\"width: 59.7051%; height: 24px;\">Missionsplanung und -ausgestaltung, Missionsposts, Soap, Co-Posts, NSC, Haustiere &amp; Pflanzen, Wohlf\u00fchlbeauftragte, Missionsberichte, Status-Bericht (Forum), SUM-Log, SL-Rat, Einhorn-Queen<\/td>\r\n<\/tr>\r\n<tr style=\"height: 24px;\">\r\n<td style=\"width: 11.5784%; height: 24px;\">Effi (Christian)<\/td>\r\n<td style=\"width: 13.2463%; height: 24px;\">Co-SL<\/td>\r\n<td style=\"width: 15.4701%;\">CO<\/td>\r\n<td style=\"width: 59.7051%; height: 24px;\">Missionsplanung und -ausgestaltung (insbesondere Planeten &amp; V\u00f6lker im Tzenkethi-Sektor), Missionsposts, Soap, Charakterbiographien, NSC, SUM-Log, Homepage &amp; Technik, Roster, SL-Rat<\/td>\r\n<\/tr>\r\n<tr style=\"height: 24px;\">\r\n<td style=\"width: 11.5784%; height: 24px;\">Daniel<\/td>\r\n<td style=\"width: 13.2463%; height: 24px;\">Plot-SL<\/td>\r\n<td style=\"width: 15.4701%;\">COMM, 2O in Ausbildung<\/td>\r\n<td style=\"width: 59.7051%; height: 24px;\">Missionsplanung und -ausgestaltung, Missionsposts, Co-Posts, SUM-Log<\/td>\r\n<\/tr>\r\n<\/tbody>\r\n<\/table>\r\n<p>\r\n\r\n<\/p>\r\n<p>Die Arbeitsschwerpunkte k\u00f6nnen sich nat\u00fcrlich, je nach Bedarf, \u00e4ndern.<\/p>","protected":false},"excerpt":{"rendered":"<p>Spielerliste In der unten stehenden Tabelle findet ihr eine Auflistung der aktuellen Spieler der Galathea, deren Charaktere sowie der aktuelle &#8222;Status&#8220; &#8211; damit k\u00f6nnt ihr zum Beispiel absch\u00e4tzen, ob ein Spieler gerade auf eure B\u00e4lle reagieren kann oder abgemeldet ist. Ihr findet hier auch die Liste unserer Gastspieler und willkommenen &#8222;Gelegenheitsposter&#8220;. Spieler (Nick) Spieler (Name) [&hellip;]<\/p>\n","protected":false},"author":1,"featured_media":1126,"parent":1061,"menu_order":0,"comment_status":"closed","ping_status":"closed","template":"","meta":{"footnotes":""},"class_list":["post-1549","page","type-page","status-publish","has-post-thumbnail","hentry"],"publishpress_future_action":{"enabled":false,"date":"2026-05-06 04:15:50","action":"change-status","newStatus":"draft","terms":[],"taxonomy":"","extraData":[]},"publishpress_future_workflow_manual_trigger":{"enabledWorkflows":[]},"_links":{"self":[{"href":"https:\/\/www.sf-germany.org\/einheiten\/uss-galathea\/wp-json\/wp\/v2\/pages\/1549","targetHints":{"allow":["GET"]}}],"collection":[{"href":"https:\/\/www.sf-germany.org\/einheiten\/uss-galathea\/wp-json\/wp\/v2\/pages"}],"about":[{"href":"https:\/\/www.sf-germany.org\/einheiten\/uss-galathea\/wp-json\/wp\/v2\/types\/page"}],"author":[{"embeddable":true,"href":"https:\/\/www.sf-germany.org\/einheiten\/uss-galathea\/wp-json\/wp\/v2\/users\/1"}],"replies":[{"embeddable":true,"href":"https:\/\/www.sf-germany.org\/einheiten\/uss-galathea\/wp-json\/wp\/v2\/comments?post=1549"}],"version-history":[{"count":52,"href":"https:\/\/www.sf-germany.org\/einheiten\/uss-galathea\/wp-json\/wp\/v2\/pages\/1549\/revisions"}],"predecessor-version":[{"id":9348,"href":"https:\/\/www.sf-germany.org\/einheiten\/uss-galathea\/wp-json\/wp\/v2\/pages\/1549\/revisions\/9348"}],"up":[{"embeddable":true,"href":"https:\/\/www.sf-germany.org\/einheiten\/uss-galathea\/wp-json\/wp\/v2\/pages\/1061"}],"wp:featuredmedia":[{"embeddable":true,"href":"https:\/\/www.sf-germany.org\/einheiten\/uss-galathea\/wp-json\/wp\/v2\/media\/1126"}],"wp:attachment":[{"href":"https:\/\/www.sf-germany.org\/einheiten\/uss-galathea\/wp-json\/wp\/v2\/media?parent=1549"}],"curies":[{"name":"wp","href":"https:\/\/api.w.org\/{rel}","templated":true}]}}