{"id":1670,"date":"2019-10-30T19:44:02","date_gmt":"2019-10-30T18:44:02","guid":{"rendered":"http:\/\/www.sf-germany.org\/einheiten\/uss-galathea\/?page_id=1670"},"modified":"2024-02-22T14:06:30","modified_gmt":"2024-02-22T13:06:30","slug":"smedvedev","status":"publish","type":"page","link":"https:\/\/www.sf-germany.org\/einheiten\/uss-galathea\/die-crew\/spielercharaktere\/smedvedev\/","title":{"rendered":"Sergej Borisowitsch Medvedev"},"content":{"rendered":"<p>&nbsp;<\/p>\r\n\r\n<div style=\"float: right; margin-left: 15px; margin-bottom: 15px; font-size: 11px; min-width: 350px; width: 25%; padding-left: 10px; padding-right: 10px;\">\r\n<table style=\"width: 100%; border: 0px outset #003366; background: #ffffff; box-shadow: rgba(255, 255, 255, 0.75) 0.1em 0.1em 0.5em; border-radius: 1em; height: 547px;\" border=\"3\" cellspacing=\"10\" align=\"right\">\r\n<tbody>\r\n<tr style=\"height: 15px;\">\r\n<td style=\"font-weight: bold; border: 0px solid transparent; width: 100%; height: 15px;\" colspan=\"2\" align=\"center\">\u00a0<\/td>\r\n<\/tr>\r\n<tr style=\"height: 144px;\">\r\n<td style=\"background: transparent; border: 0px solid transparent; width: 100%; height: 144px;\" colspan=\"2\" align=\"center\"><img loading=\"lazy\" decoding=\"async\" class=\"aligncenter wp-image-8238\" src=\"https:\/\/www.sf-germany.org\/einheiten\/uss-galathea\/wp-content\/uploads\/2024\/02\/Sergej1-200x300.jpeg\" alt=\"\" width=\"256\" height=\"384\" srcset=\"https:\/\/www.sf-germany.org\/einheiten\/uss-galathea\/wp-content\/uploads\/2024\/02\/Sergej1-200x300.jpeg 200w, https:\/\/www.sf-germany.org\/einheiten\/uss-galathea\/wp-content\/uploads\/2024\/02\/Sergej1.jpeg 512w\" sizes=\"auto, (max-width: 256px) 100vw, 256px\" \/>\r\n<p style=\"font-weight: normal; font-size: 70%;\"><em>img: https:\/\/perchance.org\/ai-character-generator<\/em><\/p>\r\n<\/td>\r\n<\/tr>\r\n<tr style=\"height: 15px;\">\r\n<td style=\"font-weight: bold; border: 0px solid transparent; width: 100%; height: 15px;\" colspan=\"2\" align=\"center\">\r\n<p>Sergej Borisowitsch Medvedev<\/p>\r\n<\/td>\r\n<\/tr>\r\n<tr style=\"height: 15px;\">\r\n<td style=\"font-weight: bold; border: 0px solid transparent; width: 51.1428%; height: 15px;\" align=\"right\" width=\"50%\">Status<\/td>\r\n<td style=\"border: 0px solid transparent; width: 48.8572%; height: 15px;\" align=\"left\" width=\"50%\">PC<\/td>\r\n<\/tr>\r\n<tr style=\"height: 15px;\">\r\n<td style=\"font-weight: bold; border: 0px solid transparent; width: 51.1428%; height: 15px;\" align=\"right\" width=\"50%\">Spieler<\/td>\r\n<td style=\"border: 0px solid transparent; width: 48.8572%; height: 15px;\" align=\"left\" width=\"50%\">auri<\/td>\r\n<\/tr>\r\n<tr style=\"height: 15px;\">\r\n<td style=\"font-weight: bold; border: 0px solid #003366; background: #555555; box-shadow: rgba(255, 255, 255, 0.75) 0.1em 0.1em 0.5em; border-radius: 1em; width: 100%; height: 15px;\" colspan=\"2\" align=\"center\"><span style=\"color: #ffffff;\">Dienstliche Informationen<\/span><\/td>\r\n<\/tr>\r\n<tr style=\"height: 28px;\">\r\n<td style=\"font-weight: bold; border: 0px solid transparent; width: 51.1428%; height: 28px;\" align=\"right\" width=\"50%\">Ranggrafik<\/td>\r\n<td style=\"border: 0px solid transparent; width: 48.8572%; height: 28px;\" align=\"left\" width=\"50%\"><img loading=\"lazy\" decoding=\"async\" class=\"alignnone\" src=\"https:\/\/www.sf-germany.com\/images\/schemata\/sto\/gelb\/ltjg.png\" alt=\"\" width=\"100\" height=\"25\" \/><\/td>\r\n<\/tr>\r\n<tr style=\"height: 15px;\">\r\n<td style=\"font-weight: bold; border: 0px solid transparent; width: 51.1428%; height: 15px;\" align=\"right\" width=\"50%\">Rang<\/td>\r\n<td style=\"border: 0px solid transparent; width: 48.8572%; height: 15px;\" align=\"left\" width=\"50%\">Lt. (jg)<\/td>\r\n<\/tr>\r\n<tr style=\"height: 15px;\">\r\n<td style=\"font-weight: bold; border: 0px solid transparent; width: 51.1428%; height: 15px;\" align=\"right\" width=\"50%\">Posten<\/td>\r\n<td style=\"border: 0px solid transparent; width: 48.8572%; height: 15px;\" align=\"left\" width=\"50%\">sCING<\/td>\r\n<\/tr>\r\n<tr style=\"height: 15px;\">\r\n<td style=\"font-weight: bold; border: 0px solid transparent; width: 51.1428%; height: 15px;\" align=\"right\" width=\"50%\">Stationierung<\/td>\r\n<td style=\"border: 0px solid transparent; width: 48.8572%; height: 15px;\" align=\"left\" width=\"50%\">USS Galathea<\/td>\r\n<\/tr>\r\n<tr style=\"height: 15px;\">\r\n<td style=\"font-weight: bold; border: 0px solid #003366; background: #555555; box-shadow: rgba(255, 255, 255, 0.75) 0.1em 0.1em 0.5em; border-radius: 1em; width: 100%; height: 15px;\" colspan=\"2\" align=\"center\"><span style=\"color: #ffffff;\">Physische Beschreibung<\/span><\/td>\r\n<\/tr>\r\n<tr style=\"height: 15px;\">\r\n<td style=\"font-weight: bold; border: 0px solid transparent; width: 51.1428%; height: 15px;\" align=\"right\" width=\"50%\">Spezies<\/td>\r\n<td style=\"border: 0px solid transparent; width: 48.8572%; height: 15px;\" align=\"left\" width=\"50%\">Mensch<\/td>\r\n<\/tr>\r\n<tr style=\"height: 15px;\">\r\n<td style=\"font-weight: bold; border: 0px solid transparent; width: 51.1428%; height: 15px;\" align=\"right\" width=\"50%\">Geschlecht<\/td>\r\n<td style=\"border: 0px solid transparent; width: 48.8572%; height: 15px;\" align=\"left\" width=\"50%\">m<\/td>\r\n<\/tr>\r\n<tr style=\"height: 15px;\">\r\n<td style=\"font-weight: bold; border: 0px solid transparent; width: 51.1428%; height: 15px;\" align=\"right\" width=\"50%\">Gr\u00f6\u00dfe<\/td>\r\n<td style=\"border: 0px solid transparent; width: 48.8572%; height: 15px;\" align=\"left\" width=\"50%\">202 cm<\/td>\r\n<\/tr>\r\n<tr style=\"height: 15px;\">\r\n<td style=\"font-weight: bold; border: 0px solid transparent; width: 51.1428%; height: 15px;\" align=\"right\" width=\"50%\">Gewicht<\/td>\r\n<td style=\"border: 0px solid transparent; width: 48.8572%; height: 15px;\" align=\"left\" width=\"50%\">98 kg<\/td>\r\n<\/tr>\r\n<tr style=\"height: 15px;\">\r\n<td style=\"font-weight: bold; border: 0px solid transparent; width: 51.1428%; height: 15px;\" align=\"right\" width=\"50%\">Hautfarbe<\/td>\r\n<td style=\"border: 0px solid transparent; width: 48.8572%; height: 15px;\" align=\"left\" width=\"50%\">wei\u00df<\/td>\r\n<\/tr>\r\n<tr style=\"height: 15px;\">\r\n<td style=\"font-weight: bold; border: 0px solid transparent; width: 51.1428%; height: 15px;\" align=\"right\" width=\"50%\">Haarfarbe<\/td>\r\n<td style=\"border: 0px solid transparent; width: 48.8572%; height: 15px;\" align=\"left\" width=\"50%\">schwarz<\/td>\r\n<\/tr>\r\n<tr style=\"height: 15px;\">\r\n<td style=\"font-weight: bold; border: 0px solid transparent; width: 51.1428%; height: 15px;\" align=\"right\" width=\"50%\">Augenfarbe<\/td>\r\n<td style=\"border: 0px solid transparent; width: 48.8572%; height: 15px;\" align=\"left\" width=\"50%\">grau<\/td>\r\n<\/tr>\r\n<tr style=\"height: 15px;\">\r\n<td style=\"font-weight: bold; border: 0px solid #003366; background: #555555; box-shadow: rgba(255, 255, 255, 0.75) 0.1em 0.1em 0.5em; border-radius: 1em; width: 100%; height: 15px;\" colspan=\"2\" align=\"center\"><span style=\"color: #ffffff;\">Biographische Informationen<\/span><\/td>\r\n<\/tr>\r\n<tr style=\"height: 15px;\">\r\n<td style=\"font-weight: bold; border: 0px solid transparent; width: 51.1428%; height: 15px;\" align=\"right\" width=\"50%\">Geburtsort<\/td>\r\n<td style=\"border: 0px solid transparent; width: 48.8572%; height: 15px;\" align=\"left\" width=\"50%\">Moskau<\/td>\r\n<\/tr>\r\n<tr style=\"height: 15px;\">\r\n<td style=\"font-weight: bold; border: 0px solid transparent; width: 51.1428%; height: 15px;\" align=\"right\" width=\"50%\">Geburtstag<\/td>\r\n<td style=\"border: 0px solid transparent; width: 48.8572%; height: 15px;\" align=\"left\" width=\"50%\">3. Juli 2375<\/td>\r\n<\/tr>\r\n<tr style=\"height: 15px;\">\r\n<td style=\"font-weight: bold; border: 0px solid transparent; width: 51.1428%; height: 15px;\" align=\"right\" width=\"50%\">Sexualit\u00e4t<\/td>\r\n<td style=\"border: 0px solid transparent; width: 48.8572%; height: 15px;\" align=\"left\" width=\"50%\">\u00a0<\/td>\r\n<\/tr>\r\n<tr style=\"height: 15px;\">\r\n<td style=\"font-weight: bold; border: 0px solid transparent; width: 51.1428%; height: 15px;\" align=\"right\" width=\"50%\">Familienstand<\/td>\r\n<td style=\"border: 0px solid transparent; width: 48.8572%; height: 15px;\" align=\"left\" width=\"50%\">ledig<\/td>\r\n<\/tr>\r\n<tr style=\"height: 15px;\">\r\n<td style=\"font-weight: bold; border: 0px solid transparent; width: 51.1428%; height: 15px;\" align=\"right\" width=\"50%\">Familie<\/td>\r\n<td style=\"border: 0px solid transparent; width: 48.8572%; height: 15px;\" align=\"left\" width=\"50%\">\r\n<ul>\r\n<li>\u00a0<\/li>\r\n<\/ul>\r\n<\/td>\r\n<\/tr>\r\n<tr style=\"height: 15px;\">\r\n<td style=\"font-weight: bold; border: 0px solid transparent; width: 51.1428%; height: 15px;\" align=\"right\" width=\"50%\">Religion<\/td>\r\n<td style=\"border: 0px solid transparent; width: 48.8572%; height: 15px;\" align=\"left\" width=\"50%\">keine<\/td>\r\n<\/tr>\r\n<tr style=\"height: 15px;\">\r\n<td style=\"font-weight: bold; border: 0px solid #003366; background: #555555; box-shadow: rgba(255, 255, 255, 0.75) 0.1em 0.1em 0.5em; border-radius: 1em; width: 100%; height: 15px;\" colspan=\"2\" align=\"center\"><span style=\"color: #ffffff;\">Politische informationen<\/span><\/td>\r\n<\/tr>\r\n<tr style=\"height: 15px;\">\r\n<td style=\"font-weight: bold; border: 0px solid transparent; width: 51.1428%; height: 15px;\" align=\"right\" width=\"50%\">Buergerschaft<\/td>\r\n<td style=\"border: 0px solid transparent; width: 48.8572%; height: 15px;\" align=\"left\" width=\"50%\">F\u00f6derationsb\u00fcrger<\/td>\r\n<\/tr>\r\n<\/tbody>\r\n<\/table>\r\n<\/div>\r\n<!-- Inhaltsverzeichnis -->\r\n<div style=\"width: 25%; padding: 10px; margin-bottom: 15px; font-size: 11px; border: 1px solid #333333; display: inline-block;\"><strong>Inhalt<\/strong>\r\n<ul>\r\n<li><a href=\"#beschreibung\">Beschreibung<\/a><\/li>\r\n<li><a href=\"#lebenslauf\">Lebenslauf<\/a><\/li>\r\n<li><a href=\"#psychologisches\">Psychologisches Profil<\/a><\/li>\r\n<li><a href=\"#ausbildung\">Ausbildung &amp; Spezialgebiete<\/a><\/li>\r\n<li><a href=\"#spezies\">Besonderheiten<\/a><\/li>\r\n<li><a href=\"#hobbies\">Hobbies<\/a><\/li>\r\n<li><a href=\"#medizinisches\">Medizinisches Profil<\/a><\/li>\r\n<li><a href=\"#familie\">Familie<\/a><\/li>\r\n<li><a href=\"#klassifiziert\">Klassifizierte Sektion<\/a><\/li>\r\n<\/ul>\r\n<\/div>\r\n<!-- Inhalte -->\r\n<h2><a id=\"beschreibung\"><\/a>Beschreibung<\/h2>\r\n<hr \/>\r\n<h2><a id=\"lebenslauf\"><\/a>Lebenslauf<\/h2>\r\n<h3>Kindheit und Jugend<\/h3>\r\n<p>Seine Familie lebte in (f\u00fcr das 24. Jahrhundert) einfachen Verh\u00e4ltnissen. Der Vater war Fabrikarbeiter, die Mutter Reinigungsfachkraft. Somit hat Sergej von klein auf gelernt, mit wenig auszukommen und den eigenen Besitz in gutem Zustand zu halten.<\/p>\r\n<p>Er hat sich von Kindesbeinen an f\u00fcr Technik interessiert, vor allem f\u00fcr alles was sich von selbst bewegt.<\/p>\r\n<p>In seiner Jugend war er Mitglied in einer Tuning-Crew, die Antigravmotorr\u00e4der frisiert und damit n\u00e4chtliche Stra\u00dfenrennen ausgetragen hat. Seine Eltern wissen davon bis heute nichts.<\/p>\r\n<h3>Ausbildung<\/h3>\r\n<p>Er hat in einer freien Shuttlewerkstatt eine Ausbildung zum Monteur gemacht. Zur \u00dcberraschung der Beteiligten zeigte sich dabei nicht nur Talent, sondern auch tiefgehendes Verst\u00e4ndnis und ein unerwartetes Ma\u00df an Intelligenz. Sowohl seine Familie als auch sein Chef rieten ihm zu einer weitergehenden Ausbildung.<\/p>\r\n<h3>Karriere bei der Sternenflotte<\/h3>\r\n<p>Zur Sternenflotte trieb ihn die Liebe zur Raumfahrttechnik. Die weiteren Aspekte wie Forschergeist oder der Kontakt zu anderen Rassen waren ihm zum damaligen Zeitpunkt egal. Darum strebte er urspr\u00fcnglich keine h\u00f6heren Ehren an, sondern begann direkt eine technisch orientierte Ausbildung. Der Theorieteil fand dabei auf der Starfleet Academy statt, w\u00e4hrend die Praxisphasen auf der USS Ghandi, einem Schiff der Ambassador-Klasse, stattfanden.<\/p>\r\n<p>Nach und nach lie\u00df er sich in dieser Zeit \u00fcberzeugen, eine Offizierslaufbahn anzustreben. Einerseits weil seine Vorgesetzten und Kollegen der Meinung war, dass er mehr konnte als Schaltkreise zu warten; andererseits sah er auch Vorteile in der gr\u00f6\u00dferen Selbstbestimmung und Verantwortung, die damit m\u00f6glich w\u00fcrden. Also ging er noch einmal f\u00fcr einige Jahre an die Akademie.<\/p>\r\n<p>In den technischen F\u00e4chern hat er durchgehend Bestnoten erhalten. Andere wie z.b. die Xenobiologie hat er mit minimalem Aufwand gerade so bestanden.<\/p>\r\n<p>Nach seinem Abschluss diente er auf verschiedenen Schiffen, sowohl kleineren als auch gr\u00f6\u00dferen. Er leistete stets solide Arbeit und zeigte sich auch in Krisensituationen in der Lage, mit k\u00fchlem Kopf zu improvisieren.<\/p>\r\n<p>Zuletzt wechselte er 2412 auf die USB Ganymed und leitet dort inzwischen den Shuttlepool der Station, der ca. 50 Raumshuttles verschiedenster Baureihen umfasst. Er trat diesen Posten jedoch nur auf die dringende Bitte eines ehemaligen Akademieausbilders an und betrachtet ihn eher als Durchgangsstation.<\/p>\r\n<h3>Tabellarischer Lebenslauf<\/h3>\r\n<ul>\r\n<li>2375 Geboren in Moskau (Erde)<\/li>\r\n<li>2392 Schulabschluss: (\u00e4quivalent) Mittlere Reife<\/li>\r\n<li>2393 Beginn der Ausbildung als Shuttlemonteur<\/li>\r\n<li>2396 Abschluss der Ausbildung als Geselle, \u00dcbernahme in der Werkstatt<\/li>\r\n<li>2398 Eintritt in die Sternenflotte als <em>Recruit<\/em><\/li>\r\n<li>2398 Grundausbildung, Bef\u00f6rderung zum <em>Crewman Apprentice<\/em><\/li>\r\n<li>2399 Beginn der Ausbildung zum Raumschiff-Techniker<\/li>\r\n<li>2401 Versetzung auf die <em>USS Ghandi<\/em><\/li>\r\n<li>2401 Bef\u00f6rderung zum <em>Crewman<\/em><\/li>\r\n<li>2402 Abschluss der Ausbildung zum Raumschiff-Techniker, Bef\u00f6rderung zum <em>Specialist<\/em><\/li>\r\n<li>2402 Belobigung f\u00fcr besondere Leistung. Der CING der <em>USS Ghandi<\/em> sowie der scheidende 2O raten ihm, sich fortzubilden und sich f\u00fcr eine Offizierslaufbahn zu bewerben.<\/li>\r\n<li>2403 Sergej beginnt sich weiter zu bilden, um einen h\u00f6her qualifizierten Abschluss zu erhalten<\/li>\r\n<li>2404 Sergej erwirbt die Fachhochschulreife<\/li>\r\n<li>2404 Bef\u00f6rderung zum <em>Petty Officer (2nd Class)<\/em>, Bef\u00f6rderung zum Teamleiter<\/li>\r\n<li>2405 Sergej beginnt mit seiner Fortbildung zum Bachelor<\/li>\r\n<li>2406 Bef\u00f6rderung zum <em>Petty Officer (1st Class)<\/em>, Ernennung zum Leiter der Shuttlewartung<\/li>\r\n<li>2408 Sergej erlangt den Bachelor-Abschluss<\/li>\r\n<li>2409 Bef\u00f6rderung zum <em>Chief Petty Officer<\/em><\/li>\r\n<li>2409 Bewerbung f\u00fcr eine Offizierslaufbahn an der Sternenflotten-Akademie<\/li>\r\n<li>2410 R\u00fcckversetzung auf die Erde, Ernennung zum <em>Kadett<\/em>.<\/li>\r\n<li>2412 Auf Grund seiner vorherigen Ausbildung durchl\u00e4uft Sergej eine verk\u00fcrzte Ausbildung an der Akademie<\/li>\r\n<li>2412 Kadettenfahrt, Ernennung zum <em>Ensign<\/em><\/li>\r\n<li>2413 Versetzung nach <em>USB Ganymed<\/em> als Leiter des Shuttle-Wartungsteams\u00a0<\/li>\r\n<li>2414 Bef\u00f6rderung zum <em>Lt. (jg)<\/em><\/li>\r\n<li>2416 (Jahresbeginn) Versetzung auf die <em>USS Galathea<\/em>, als CING<\/li>\r\n<\/ul>\r\n<hr \/>\r\n<h2><a id=\"psychologisches\"><\/a>Psychologisches Profil<\/h2>\r\n<h3>St\u00e4rken &amp; Schw\u00e4chen<\/h3>\r\n<p><strong>Positiv:<\/strong><\/p>\r\n<ul>\r\n<li>Liefert gern gute Arbeit ab, aber kein \u00fcbertriebener Perfektionist<\/li>\r\n<li>War selbst einmal Mannschaftsgrad und kennt die Probleme der Crew<\/li>\r\n<li>bodenst\u00e4ndig<\/li>\r\n<li>gen\u00fcgsam<\/li>\r\n<\/ul>\r\n<p><strong>Negativ:<\/strong><\/p>\r\n<ul>\r\n<li>wenig Geduld mit unf\u00e4higen Leuten (oder solchen die er daf\u00fcr h\u00e4lt).<\/li>\r\n<li>Ausgepr\u00e4gter (Russischer) Stolz<\/li>\r\n<\/ul>\r\n<p><strong>Vorlieben:<\/strong><\/p>\r\n<ul>\r\n<li>Hei\u00dfer Tee mit viel Zucker, gerne auch mit &#8222;Schuss&#8220;<\/li>\r\n<li>H\u00fcbsche Frauen<\/li>\r\n<\/ul>\r\n<p><strong>Abneigungen: <\/strong><\/p>\r\n<ul>\r\n<li>B\u00fcrokratie<\/li>\r\n<\/ul>\r\n<h3>Disziplinarische Vermerke<\/h3>\r\n<table style=\"border-collapse: collapse;\">\r\n<tbody>\r\n<tr>\r\n<td style=\"width: 9.78927%;\">04\/2416<\/td>\r\n<td style=\"width: 90.2107%;\">Verleihung des Bronzesterns der Sternenflotte f\u00fcr Tapferkeit und Opferbereitschaft im Angesicht einer kritischen Gefahrensituation<\/td>\r\n<\/tr>\r\n<\/tbody>\r\n<\/table>\r\n<hr \/>\r\n<h2><a id=\"ausbildung\"><\/a>Ausbildung &amp; Spezialgebiete<\/h2>\r\n<h3><strong>Zivile Vorbildung<\/strong><\/h3>\r\n<ul>\r\n<li>Abgeschlossene Ausbildung zum Shuttlemonteur (Geselle)<\/li>\r\n<\/ul>\r\n<h3><strong>Ausbildung in der Sternenflotte<\/strong><\/h3>\r\n<ul>\r\n<li>Grundausbildung<\/li>\r\n<li>Ausbildung zum Raumschiff-Techniker\r\n<ul>\r\n<li>Schwerpunkte: Antriebssysteme, Datennetze<\/li>\r\n<\/ul>\r\n<\/li>\r\n<li>Bachelor-Abschluss: Ingenieurwissenschaften<\/li>\r\n<\/ul>\r\n<h3><strong>Studien auf der Sternenflottenakademie<\/strong><\/h3>\r\n<p>\u00a0<strong>Hauptf\u00e4cher<\/strong><\/p>\r\n<ul>\r\n<li>Pflichtfach I: Technik<\/li>\r\n<li>Pflichtfach II: Steuerung &amp; Navigation<\/li>\r\n<\/ul>\r\n<p><strong>Nebenf\u00e4cher<\/strong><\/p>\r\n<ul>\r\n<li>\u00a0<\/li>\r\n<\/ul>\r\n<p><strong>Sprachen<\/strong><\/p>\r\n<ul>\r\n<li>F\u00f6derationsstandard<\/li>\r\n<li>Russisch (Muttersprache)<\/li>\r\n<li><em>Fremdsprache I<\/em><\/li>\r\n<\/ul>\r\n<h2><strong><a id=\"spezies\"><\/a>Besonderheiten der eigenen Spezies<\/strong><\/h2>\r\n<p>Keine<\/p>\r\n<h2><strong>Sonstiges<\/strong><\/h2>\r\n<ul>\r\n<li>Sergej besitzt Fluglizenzen f\u00fcr Shuttles der Klasse I &#8211; III<\/li>\r\n<li>Sergej besitzt eine Fluglizenz f\u00fcr Runabouts<\/li>\r\n<li>Sergej besitzt eine Zulassung f\u00fcr verschiedene Schiffstypen der F\u00f6deration, aber noch nicht f\u00fcr eine <em>Sovereign<\/em>-Klasse<\/li>\r\n<\/ul>\r\n<hr \/>\r\n<h2><a id=\"hobbies\"><\/a>Hobbies<\/h2>\r\n<ul>\r\n<li>H\u00f6rt gern klassische Musik aller Art, am besten live aufgef\u00fchrt<\/li>\r\n<li>Rennsimulationen auf dem Holodeck, \u00dcbertragungen von Rennen (Fahr-\/Flug-\/Raumfahrzeuge) auf dem Bildschirm verfolgen<\/li>\r\n<\/ul>\r\n<hr \/>\r\n<h2><a id=\"medizinisches\"><\/a>Medizinisches Profil<\/h2>\r\n<p>Verschiedene Verletzungen, die alle mehr oder weniger folgenlos verheilt sind.<\/p>\r\n<p>Trinkt gern ein, zwei oder auch drei Wodka, geht aber gerade noch als Gelegenheitstrinker durch.<\/p>\r\n<p><strong>Krankheiten &amp; Gesundheit:<\/strong><\/p>\r\n<ul>\r\n<li>keine besonderen Eintr\u00e4ge<\/li>\r\n<\/ul>\r\n<hr \/>\r\n<h2><a id=\"familie\"><\/a>Freunde &amp; Familie<\/h2>\r\n<ul>\r\n<li>Seine Babuschka (Gro\u00dfmutter) ruft wenigstens einmal die Woche an und deckt ihn mit guten Ratschl\u00e4gen ein.<\/li>\r\n<li>\u00a0<\/li>\r\n<\/ul>\r\n<hr \/>\r\n<h2><a id=\"klassifiziert\"><\/a>Klassifizierte Sektion<\/h2>\r\n<p>Keine Eintr\u00e4ge<\/p>","protected":false},"excerpt":{"rendered":"<p>&nbsp; \u00a0 img: https:\/\/perchance.org\/ai-character-generator Sergej Borisowitsch Medvedev Status PC Spieler auri Dienstliche Informationen Ranggrafik Rang Lt. (jg) Posten sCING Stationierung USS Galathea Physische Beschreibung Spezies Mensch Geschlecht m Gr\u00f6\u00dfe 202 cm Gewicht 98 kg Hautfarbe wei\u00df Haarfarbe schwarz Augenfarbe grau Biographische Informationen Geburtsort Moskau Geburtstag 3. Juli 2375 Sexualit\u00e4t \u00a0 Familienstand ledig Familie \u00a0 Religion [&hellip;]<\/p>\n","protected":false},"author":10,"featured_media":1126,"parent":1195,"menu_order":5,"comment_status":"closed","ping_status":"closed","template":"","meta":{"footnotes":""},"class_list":["post-1670","page","type-page","status-publish","has-post-thumbnail","hentry"],"publishpress_future_action":{"enabled":false,"date":"2026-05-24 11:31:44","action":"change-status","newStatus":"draft","terms":[],"taxonomy":"","extraData":[]},"publishpress_future_workflow_manual_trigger":{"enabledWorkflows":[]},"_links":{"self":[{"href":"https:\/\/www.sf-germany.org\/einheiten\/uss-galathea\/wp-json\/wp\/v2\/pages\/1670","targetHints":{"allow":["GET"]}}],"collection":[{"href":"https:\/\/www.sf-germany.org\/einheiten\/uss-galathea\/wp-json\/wp\/v2\/pages"}],"about":[{"href":"https:\/\/www.sf-germany.org\/einheiten\/uss-galathea\/wp-json\/wp\/v2\/types\/page"}],"author":[{"embeddable":true,"href":"https:\/\/www.sf-germany.org\/einheiten\/uss-galathea\/wp-json\/wp\/v2\/users\/10"}],"replies":[{"embeddable":true,"href":"https:\/\/www.sf-germany.org\/einheiten\/uss-galathea\/wp-json\/wp\/v2\/comments?post=1670"}],"version-history":[{"count":28,"href":"https:\/\/www.sf-germany.org\/einheiten\/uss-galathea\/wp-json\/wp\/v2\/pages\/1670\/revisions"}],"predecessor-version":[{"id":8240,"href":"https:\/\/www.sf-germany.org\/einheiten\/uss-galathea\/wp-json\/wp\/v2\/pages\/1670\/revisions\/8240"}],"up":[{"embeddable":true,"href":"https:\/\/www.sf-germany.org\/einheiten\/uss-galathea\/wp-json\/wp\/v2\/pages\/1195"}],"wp:featuredmedia":[{"embeddable":true,"href":"https:\/\/www.sf-germany.org\/einheiten\/uss-galathea\/wp-json\/wp\/v2\/media\/1126"}],"wp:attachment":[{"href":"https:\/\/www.sf-germany.org\/einheiten\/uss-galathea\/wp-json\/wp\/v2\/media?parent=1670"}],"curies":[{"name":"wp","href":"https:\/\/api.w.org\/{rel}","templated":true}]}}