{"id":1879,"date":"2019-11-28T11:33:38","date_gmt":"2019-11-28T10:33:38","guid":{"rendered":"http:\/\/www.sf-germany.org\/einheiten\/uss-galathea\/?page_id=1879"},"modified":"2025-01-22T00:19:50","modified_gmt":"2025-01-21T23:19:50","slug":"ella-maekinen","status":"publish","type":"page","link":"https:\/\/www.sf-germany.org\/einheiten\/uss-galathea\/die-crew\/nichtspielercharaktere\/ella-maekinen\/","title":{"rendered":"Ella M\u00e4kinen"},"content":{"rendered":"\r\n<div style=\"float: right; margin-left: 15px; margin-bottom: 15px; font-size: 11px; min-width: 350px; width: 25%; padding-left: 10px; padding-right: 10px;\">\r\n<table style=\"width: 100%; border: 0px outset #003366; background: #ffffff; box-shadow: rgba(255, 255, 255, 0.75) 0.1em 0.1em 0.5em; border-radius: 1em; height: 547px;\" border=\"3\" cellspacing=\"10\" align=\"right\">\r\n<tbody>\r\n<tr style=\"height: 15px;\">\r\n<td style=\"font-weight: bold; border: 0px solid transparent; width: 100%; height: 15px;\" colspan=\"2\" align=\"center\">\u00a0<\/td>\r\n<\/tr>\r\n<tr style=\"height: 144px;\">\r\n<td style=\"background: transparent; border: 0px solid transparent; width: 100%; height: 144px;\" colspan=\"2\" align=\"center\"><img loading=\"lazy\" decoding=\"async\" class=\"alignnone size-medium wp-image-8128\" src=\"https:\/\/www.sf-germany.org\/einheiten\/uss-galathea\/wp-content\/uploads\/2024\/01\/3421510b1b134d14a4addeff5fd39660-300x300.png\" alt=\"\" width=\"300\" height=\"300\" srcset=\"https:\/\/www.sf-germany.org\/einheiten\/uss-galathea\/wp-content\/uploads\/2024\/01\/3421510b1b134d14a4addeff5fd39660-300x300.png 300w, https:\/\/www.sf-germany.org\/einheiten\/uss-galathea\/wp-content\/uploads\/2024\/01\/3421510b1b134d14a4addeff5fd39660-150x150.png 150w, https:\/\/www.sf-germany.org\/einheiten\/uss-galathea\/wp-content\/uploads\/2024\/01\/3421510b1b134d14a4addeff5fd39660-768x768.png 768w, https:\/\/www.sf-germany.org\/einheiten\/uss-galathea\/wp-content\/uploads\/2024\/01\/3421510b1b134d14a4addeff5fd39660-96x96.png 96w, https:\/\/www.sf-germany.org\/einheiten\/uss-galathea\/wp-content\/uploads\/2024\/01\/3421510b1b134d14a4addeff5fd39660.png 1024w\" sizes=\"auto, (max-width: 300px) 100vw, 300px\" \/><\/td>\r\n<\/tr>\r\n<tr style=\"height: 15px;\">\r\n<td style=\"font-weight: bold; border: 0px solid transparent; width: 100%; height: 15px;\" colspan=\"2\" align=\"center\">Ella M\u00e4kinen<\/td>\r\n<\/tr>\r\n<tr style=\"height: 15px;\">\r\n<td style=\"font-weight: bold; border: 0px solid transparent; width: 50%; height: 15px;\" align=\"right\" width=\"50%\">Status<\/td>\r\n<td style=\"border: 0px solid transparent; width: 50%; height: 15px;\" align=\"left\" width=\"50%\">NPC*<\/td>\r\n<\/tr>\r\n<tr style=\"height: 15px;\">\r\n<td style=\"font-weight: bold; border: 0px solid transparent; width: 50%; height: 15px;\" align=\"right\" width=\"50%\">Spieler<\/td>\r\n<td style=\"border: 0px solid transparent; width: 50%; height: 15px;\" align=\"left\" width=\"50%\">(Frei wie der Wind)<\/td>\r\n<\/tr>\r\n<tr style=\"height: 15px;\">\r\n<td style=\"font-weight: bold; border: 0px solid #003366; background: #555555; box-shadow: rgba(255, 255, 255, 0.75) 0.1em 0.1em 0.5em; border-radius: 1em; width: 100%; height: 15px;\" colspan=\"2\" align=\"center\"><span style=\"color: #ffffff;\">Dienstliche Informationen<\/span><\/td>\r\n<\/tr>\r\n<tr style=\"height: 28px;\">\r\n<td style=\"font-weight: bold; border: 0px solid transparent; width: 50%; height: 28px;\" align=\"right\" width=\"50%\">Ranggrafik<\/td>\r\n<td style=\"border: 0px solid transparent; width: 50%; height: 28px;\" align=\"left\" width=\"50%\"><img loading=\"lazy\" decoding=\"async\" class=\"alignnone\" src=\"https:\/\/www.sf-germany.com\/images\/schemata\/sto\/blau\/ens.png\" alt=\"\" width=\"100\" height=\"25\" \/><\/td>\r\n<\/tr>\r\n<tr style=\"height: 15px;\">\r\n<td style=\"font-weight: bold; border: 0px solid transparent; width: 50%; height: 15px;\" align=\"right\" width=\"50%\">Rang<\/td>\r\n<td style=\"border: 0px solid transparent; width: 50%; height: 15px;\" align=\"left\" width=\"50%\">Ensign<\/td>\r\n<\/tr>\r\n<tr style=\"height: 15px;\">\r\n<td style=\"font-weight: bold; border: 0px solid transparent; width: 50%; height: 15px;\" align=\"right\" width=\"50%\">Posten<\/td>\r\n<td style=\"border: 0px solid transparent; width: 50%; height: 15px;\" align=\"left\" width=\"50%\">\r\n<p>Counselor Assistent<\/p>\r\n<\/td>\r\n<\/tr>\r\n<tr style=\"height: 15px;\">\r\n<td style=\"font-weight: bold; border: 0px solid transparent; width: 50%; height: 15px;\" align=\"right\" width=\"50%\">Stationierung<\/td>\r\n<td style=\"border: 0px solid transparent; width: 50%; height: 15px;\" align=\"left\" width=\"50%\">USS Galathea<\/td>\r\n<\/tr>\r\n<tr style=\"height: 15px;\">\r\n<td style=\"font-weight: bold; border: 0px solid #003366; background: #555555; box-shadow: rgba(255, 255, 255, 0.75) 0.1em 0.1em 0.5em; border-radius: 1em; width: 100%; height: 15px;\" colspan=\"2\" align=\"center\"><span style=\"color: #ffffff;\">Physische Beschreibung<\/span><\/td>\r\n<\/tr>\r\n<tr style=\"height: 15px;\">\r\n<td style=\"font-weight: bold; border: 0px solid transparent; width: 50%; height: 15px;\" align=\"right\" width=\"50%\">Spezies<\/td>\r\n<td style=\"border: 0px solid transparent; width: 50%; height: 15px;\" align=\"left\" width=\"50%\">Mensch<\/td>\r\n<\/tr>\r\n<tr style=\"height: 15px;\">\r\n<td style=\"font-weight: bold; border: 0px solid transparent; width: 50%; height: 15px;\" align=\"right\" width=\"50%\">Geschlecht<\/td>\r\n<td style=\"border: 0px solid transparent; width: 50%; height: 15px;\" align=\"left\" width=\"50%\">weiblich<\/td>\r\n<\/tr>\r\n<tr style=\"height: 15px;\">\r\n<td style=\"font-weight: bold; border: 0px solid transparent; width: 50%; height: 15px;\" align=\"right\" width=\"50%\">Gr\u00f6\u00dfe<\/td>\r\n<td style=\"border: 0px solid transparent; width: 50%; height: 15px;\" align=\"left\" width=\"50%\">\u00a0172 cm<\/td>\r\n<\/tr>\r\n<tr style=\"height: 15px;\">\r\n<td style=\"font-weight: bold; border: 0px solid transparent; width: 50%; height: 15px;\" align=\"right\" width=\"50%\">Gewicht<\/td>\r\n<td style=\"border: 0px solid transparent; width: 50%; height: 15px;\" align=\"left\" width=\"50%\">\u00a065 kg<\/td>\r\n<\/tr>\r\n<tr style=\"height: 15px;\">\r\n<td style=\"font-weight: bold; border: 0px solid transparent; width: 50%; height: 15px;\" align=\"right\" width=\"50%\">Hautfarbe<\/td>\r\n<td style=\"border: 0px solid transparent; width: 50%; height: 15px;\" align=\"left\" width=\"50%\">hell<\/td>\r\n<\/tr>\r\n<tr style=\"height: 15px;\">\r\n<td style=\"font-weight: bold; border: 0px solid transparent; width: 50%; height: 15px;\" align=\"right\" width=\"50%\">Haarfarbe<\/td>\r\n<td style=\"border: 0px solid transparent; width: 50%; height: 15px;\" align=\"left\" width=\"50%\">hellblond<\/td>\r\n<\/tr>\r\n<tr style=\"height: 15px;\">\r\n<td style=\"font-weight: bold; border: 0px solid transparent; width: 50%; height: 15px;\" align=\"right\" width=\"50%\">Augenfarbe<\/td>\r\n<td style=\"border: 0px solid transparent; width: 50%; height: 15px;\" align=\"left\" width=\"50%\">blau<\/td>\r\n<\/tr>\r\n<tr style=\"height: 15px;\">\r\n<td style=\"font-weight: bold; border: 0px solid #003366; background: #555555; box-shadow: rgba(255, 255, 255, 0.75) 0.1em 0.1em 0.5em; border-radius: 1em; width: 100%; height: 15px;\" colspan=\"2\" align=\"center\"><span style=\"color: #ffffff;\">Biographische Informationen<\/span><\/td>\r\n<\/tr>\r\n<tr style=\"height: 15px;\">\r\n<td style=\"font-weight: bold; border: 0px solid transparent; width: 50%; height: 15px;\" align=\"right\" width=\"50%\">Geburtsort<\/td>\r\n<td style=\"border: 0px solid transparent; width: 50%; height: 15px;\" align=\"left\" width=\"50%\">Helsinki<\/td>\r\n<\/tr>\r\n<tr style=\"height: 15px;\">\r\n<td style=\"font-weight: bold; border: 0px solid transparent; width: 50%; height: 15px;\" align=\"right\" width=\"50%\">Geburtstag<\/td>\r\n<td style=\"border: 0px solid transparent; width: 50%; height: 15px;\" align=\"left\" width=\"50%\">01.01.2090<\/td>\r\n<\/tr>\r\n<tr style=\"height: 15px;\">\r\n<td style=\"font-weight: bold; border: 0px solid transparent; width: 50%; height: 15px;\" align=\"right\" width=\"50%\">Sexualit\u00e4t<\/td>\r\n<td style=\"border: 0px solid transparent; width: 50%; height: 15px;\" align=\"left\" width=\"50%\">Pansexuel<\/td>\r\n<\/tr>\r\n<tr style=\"height: 15px;\">\r\n<td style=\"font-weight: bold; border: 0px solid transparent; width: 50%; height: 15px;\" align=\"right\" width=\"50%\">Familienstand<\/td>\r\n<td style=\"border: 0px solid transparent; width: 50%; height: 15px;\" align=\"left\" width=\"50%\">ledig<\/td>\r\n<\/tr>\r\n<tr style=\"height: 15px;\">\r\n<td style=\"font-weight: bold; border: 0px solid transparent; width: 50%; height: 15px;\" align=\"right\" width=\"50%\">Familie<\/td>\r\n<td style=\"border: 0px solid transparent; width: 50%; height: 15px;\" align=\"left\" width=\"50%\">\r\n<p>Mutter: Eevi M\u00e4kinen<\/p>\r\n<p>Vater: Aarre M\u00e4kinen<\/p>\r\n<\/td>\r\n<\/tr>\r\n<tr style=\"height: 15px;\">\r\n<td style=\"font-weight: bold; border: 0px solid transparent; width: 50%; height: 15px;\" align=\"right\" width=\"50%\">Religion<\/td>\r\n<td style=\"border: 0px solid transparent; width: 50%; height: 15px;\" align=\"left\" width=\"50%\">Lutherische Kirche<\/td>\r\n<\/tr>\r\n<tr style=\"height: 15px;\">\r\n<td style=\"font-weight: bold; border: 0px solid #003366; background: #555555; box-shadow: rgba(255, 255, 255, 0.75) 0.1em 0.1em 0.5em; border-radius: 1em; width: 100%; height: 15px;\" colspan=\"2\" align=\"center\"><span style=\"color: #ffffff;\">Politische informationen<\/span><\/td>\r\n<\/tr>\r\n<tr style=\"height: 15px;\">\r\n<td style=\"font-weight: bold; border: 0px solid transparent; width: 50%; height: 15px;\" align=\"right\" width=\"50%\">Buergerschaft<\/td>\r\n<td style=\"border: 0px solid transparent; width: 50%; height: 15px;\" align=\"left\" width=\"50%\">F\u00f6derationsb\u00fcrger<\/td>\r\n<\/tr>\r\n<\/tbody>\r\n<\/table>\r\n<\/div>\r\n<!-- Inhaltsverzeichnis -->\r\n<div style=\"width: 25%; padding: 10px; margin-bottom: 15px; font-size: 11px; border: 1px solid #333333; display: inline-block;\"><strong>Inhalt<\/strong>\r\n<ul>\r\n<li><a href=\"#beschreibung\">Beschreibung<\/a><\/li>\r\n<li><a href=\"#lebenslauf\">Lebenslauf<\/a><\/li>\r\n<li><a href=\"#psychologisches\">Psychologisches Profil<\/a><\/li>\r\n<li><a href=\"#ausbildung\">Ausbildung &amp; Spezialgebiete<\/a><\/li>\r\n<li><a href=\"#spezies\">Besonderheiten<\/a><\/li>\r\n<li><a href=\"#hobbies\">Hobbies<\/a><\/li>\r\n<li><a href=\"#medizinisches\">Medizinisches Profil<\/a><\/li>\r\n<li><a href=\"#familie\">Familie<\/a><\/li>\r\n<li><a href=\"#klassifiziert\">Klassifizierte Sektion<\/a><\/li>\r\n<\/ul>\r\n<\/div>\r\n<!-- Inhalte -->\r\n<h2><a id=\"beschreibung\"><\/a>Beschreibung<\/h2>\r\n<p>Ella ist das, was man im Volksmund mit skandinavischen Frauen assoziiert: hellh\u00e4utig, schlank, h\u00fcbsch, mit langem blonden Haaren und ewig langen Beinen, die sie auch gerne zeigt.\u00a0<\/p>\r\n<p>Sie tr\u00e4gt in ihrer Freizeit h\u00e4ufig Bl\u00fcmchenkleider, freischwingende kurze R\u00f6cke und Tanktops sowie Absatzschuhe.<\/p>\r\n<p>[<a href=\"https:\/\/www.findhername.com\/wp-content\/uploads\/2014\/08\/1752.jpg\" rel=\"lightbox[1879]\">Bildvorlage<\/a>]<\/p>\r\n<hr \/>\r\n<h2><a id=\"lebenslauf\"><\/a>Lebenslauf<\/h2>\r\n<h3>Kindheit und Jugend<\/h3>\r\n<h3>Ausbildung<\/h3>\r\n<h3>Karriere bei der Sternenflotte<\/h3>\r\n<p>2416 erh\u00e4lt Ella die Chance, ihre Ausbildung zur Counselor an Bord der frisch vom Stapel gelaufenen USS Galathea zu beenden.\u00a0<\/p>\r\n<hr \/>\r\n<h2><a id=\"psychologisches\"><\/a>Psychologisches Profil<\/h2>\r\n<p>Ella ist eine gebildete und intelligente Frau, die mit ihrer Wissbegierde gut in die Sternenflotte passt. Ihr Auftreten ist stets gepflegt wie freundlich. Sie bem\u00fcht sich, allen Wesen unvoreingenommen entgegen zu treten und ist trotz ihrer leichten Sch\u00fcchternheit stets offen f\u00fcr neue Bekanntschaften.<\/p>\r\n<p>Leider f\u00fchrt diese Offenheit auch dazu, dass sie ein wenig leichtgl\u00e4ubig ist und sich schnell zu allerlei \u00fcberreden l\u00e4sst. Auch hatte bisher nicht unbedingt Gl\u00fcck mit M\u00e4nnern, schien sie doch ein H\u00e4ndchen daf\u00fcr zu haben, \u00c4rsche anzuziehen.<\/p>\r\n<h3>St\u00e4rken &amp; Schw\u00e4chen<\/h3>\r\n<p><strong>Positiv:<\/strong><\/p>\r\n<ul>\r\n<li>Freundlich<\/li>\r\n<li>Aufgeschlossen<\/li>\r\n<li>Ehrlich<\/li>\r\n<li>Wissbegierig<\/li>\r\n<li>Intelligent<\/li>\r\n<\/ul>\r\n<p>&nbsp;<\/p>\r\n<p><strong>Negativ:<\/strong><\/p>\r\n<ul>\r\n<li>\u00a0Unsicher<\/li>\r\n<li>\u00a0Leicht sch\u00fcchtern<\/li>\r\n<li>\u00a0L\u00e4sst sich schnell einsch\u00fcchtern<\/li>\r\n<li>\u00a0Hat kein gutes H\u00e4ndchen bei M\u00e4nnern<\/li>\r\n<li>\u00a0L\u00e4sst sich privat schnell \u00fcberreden<\/li>\r\n<li>\u00a0Sehr tollpatschig\u00a0<\/li>\r\n<\/ul>\r\n<p>&nbsp;<\/p>\r\n<p><strong>Vorlieben:<\/strong><\/p>\r\n<ul>\r\n<li>\u00a0Natur<\/li>\r\n<li>\u00a0Tiere<\/li>\r\n<li>\u00a0Sport (Segeln)<\/li>\r\n<li>\u00a0Brettspiele<\/li>\r\n<\/ul>\r\n<p>&nbsp;<\/p>\r\n<p><strong>Abneigungen:\u00a0<\/strong><\/p>\r\n<ul>\r\n<li>\u00a0Spinnen<\/li>\r\n<li>\u00a0Ratten und M\u00e4use<\/li>\r\n<li>\u00a0Regentage<\/li>\r\n<li>\u00a0Einsamkeit<\/li>\r\n<\/ul>\r\n<hr \/>\r\n<h2><a id=\"ausbildung\"><\/a>Ausbildung &amp; Spezialgebiete<\/h2>\r\n<h3><strong>Zivile Vorbildung<\/strong><\/h3>\r\n<p>Ella besuchte die Schule in Helsinki (Finnland) und war stets eine flei\u00dfige und aufmerksame Sch\u00fclerin. Au\u00dferdem war sie lange Mitglied der finnischen Pfadfinder.<\/p>\r\n<h3><strong>Studien auf der Sternenflottenakademie<\/strong><\/h3>\r\n<p>Ella hat die Grundausbildung abgeschlossen und befindet sich in der weiterf\u00fchrenden Ausbildung zur Counselor.<\/p>\r\n<p><strong>Hauptf\u00e4cher<\/strong><\/p>\r\n<ul>\r\n<li>Schwerpunktfach I: Grundkurs Psychologie<\/li>\r\n<li>Schwerpunktfach II: Medizin\r\n<ul>\r\n<li>Schmerzdiagnose<\/li>\r\n<\/ul>\r\n<\/li>\r\n<li>Weiterf\u00fchrende Ausbildung Counselling<\/li>\r\n<\/ul>\r\n<p><strong>Nebenf\u00e4cher<\/strong><\/p>\r\n<ul>\r\n<li>Erste Hilfe<\/li>\r\n<li>\u00dcberlebenstraining<\/li>\r\n<\/ul>\r\n<h2><strong><a id=\"spezies\"><\/a>Besonderheiten der eigenen Spezies<\/strong><\/h2>\r\n<p>Keine<\/p>\r\n<h2><strong>Sonstiges<\/strong><\/h2>\r\n<p>&nbsp;<\/p>\r\n<hr \/>\r\n<h2><a id=\"hobbies\"><\/a>Hobbies<\/h2>\r\n<ul>\r\n<li>\u00a0Segeln<\/li>\r\n<li>\u00a0Brettspiele<\/li>\r\n<li>\u00a0Wandern\u00a0<\/li>\r\n<li>\u00a0Kost\u00fcmpartys, Cosplay<\/li>\r\n<\/ul>\r\n<hr \/>\r\n<h2><a id=\"medizinisches\"><\/a>Medizinisches Profil<\/h2>\r\n<p>&nbsp;<\/p>\r\n<p><strong>Krankheiten &amp; Gesundheit:<\/strong><\/p>\r\n<ul>\r\n<li>\u00a0Kerngesund<\/li>\r\n<\/ul>\r\n<hr \/>\r\n<h2><a id=\"familie\"><\/a>Familie<\/h2>\r\n<h3>Eevi M\u00e4kinen<\/h3>\r\n<p>Mutter<\/p>\r\n<h3>Aarre M\u00e4kinen<\/h3>\r\n<p>Vater<\/p>\r\n<hr \/>\r\n<h2><a id=\"klassifiziert\"><\/a>Klassifzierte Sektion<\/h2>\r\n<p>Keine Eintr\u00e4ge<\/p>\r\n","protected":false},"excerpt":{"rendered":"<p>\u00a0 Ella M\u00e4kinen Status NPC* Spieler (Frei wie der Wind) Dienstliche Informationen Ranggrafik Rang Ensign Posten Counselor Assistent Stationierung USS Galathea Physische Beschreibung Spezies Mensch Geschlecht weiblich Gr\u00f6\u00dfe \u00a0172 cm Gewicht \u00a065 kg Hautfarbe hell Haarfarbe hellblond Augenfarbe blau Biographische Informationen Geburtsort Helsinki Geburtstag 01.01.2090 Sexualit\u00e4t Pansexuel Familienstand ledig Familie Mutter: Eevi M\u00e4kinen Vater: Aarre [&hellip;]<\/p>\n","protected":false},"author":9,"featured_media":8128,"parent":2004,"menu_order":10,"comment_status":"closed","ping_status":"closed","template":"","meta":{"footnotes":""},"class_list":["post-1879","page","type-page","status-publish","has-post-thumbnail","hentry"],"publishpress_future_action":{"enabled":false,"date":"2026-05-24 05:29:11","action":"change-status","newStatus":"draft","terms":[],"taxonomy":"","extraData":[]},"publishpress_future_workflow_manual_trigger":{"enabledWorkflows":[]},"_links":{"self":[{"href":"https:\/\/www.sf-germany.org\/einheiten\/uss-galathea\/wp-json\/wp\/v2\/pages\/1879","targetHints":{"allow":["GET"]}}],"collection":[{"href":"https:\/\/www.sf-germany.org\/einheiten\/uss-galathea\/wp-json\/wp\/v2\/pages"}],"about":[{"href":"https:\/\/www.sf-germany.org\/einheiten\/uss-galathea\/wp-json\/wp\/v2\/types\/page"}],"author":[{"embeddable":true,"href":"https:\/\/www.sf-germany.org\/einheiten\/uss-galathea\/wp-json\/wp\/v2\/users\/9"}],"replies":[{"embeddable":true,"href":"https:\/\/www.sf-germany.org\/einheiten\/uss-galathea\/wp-json\/wp\/v2\/comments?post=1879"}],"version-history":[{"count":14,"href":"https:\/\/www.sf-germany.org\/einheiten\/uss-galathea\/wp-json\/wp\/v2\/pages\/1879\/revisions"}],"predecessor-version":[{"id":8129,"href":"https:\/\/www.sf-germany.org\/einheiten\/uss-galathea\/wp-json\/wp\/v2\/pages\/1879\/revisions\/8129"}],"up":[{"embeddable":true,"href":"https:\/\/www.sf-germany.org\/einheiten\/uss-galathea\/wp-json\/wp\/v2\/pages\/2004"}],"wp:featuredmedia":[{"embeddable":true,"href":"https:\/\/www.sf-germany.org\/einheiten\/uss-galathea\/wp-json\/wp\/v2\/media\/8128"}],"wp:attachment":[{"href":"https:\/\/www.sf-germany.org\/einheiten\/uss-galathea\/wp-json\/wp\/v2\/media?parent=1879"}],"curies":[{"name":"wp","href":"https:\/\/api.w.org\/{rel}","templated":true}]}}