{"id":1901,"date":"2019-12-02T16:33:39","date_gmt":"2019-12-02T15:33:39","guid":{"rendered":"http:\/\/www.sf-germany.org\/einheiten\/uss-galathea\/?page_id=1901"},"modified":"2023-01-18T19:43:48","modified_gmt":"2023-01-18T18:43:48","slug":"galathea","status":"publish","type":"page","link":"https:\/\/www.sf-germany.org\/einheiten\/uss-galathea\/die-crew\/nichtspielercharaktere\/galathea\/","title":{"rendered":"Galathea (Avatar)"},"content":{"rendered":"\r\n<div style=\"float: right; margin-left: 15px; margin-bottom: 15px; font-size: 11px; min-width: 350px; width: 25%; padding-left: 10px; padding-right: 10px;\">\r\n<table style=\"width: 100%; border: 0px outset #003366; background: #ffffff; box-shadow: rgba(255, 255, 255, 0.75) 0.1em 0.1em 0.5em; border-radius: 1em; height: 547px;\" border=\"3\" cellspacing=\"10\" align=\"right\">\r\n<tbody>\r\n<tr style=\"height: 15px;\">\r\n<td style=\"font-weight: bold; border: 0px solid transparent; width: 100%; height: 15px;\" colspan=\"2\" align=\"center\">\u00a0<\/td>\r\n<\/tr>\r\n<tr style=\"height: 144px;\">\r\n<td style=\"background: transparent; border: 0px solid transparent; width: 100%; height: 144px;\" colspan=\"2\" align=\"center\"><img loading=\"lazy\" decoding=\"async\" class=\"alignnone size-full wp-image-3285\" src=\"https:\/\/www.sf-germany.org\/einheiten\/uss-galathea\/wp-content\/uploads\/2020\/06\/Nopic.png\" alt=\"\" width=\"200\" height=\"300\" \/><\/td>\r\n<\/tr>\r\n<tr style=\"height: 15px;\">\r\n<td style=\"font-weight: bold; border: 0px solid transparent; width: 100%; height: 15px;\" colspan=\"2\" align=\"center\"><b>Galathea<\/b><\/td>\r\n<\/tr>\r\n<tr style=\"height: 15px;\">\r\n<td style=\"font-weight: bold; border: 0px solid transparent; width: 50%; height: 15px;\" align=\"right\" width=\"50%\">Status<\/td>\r\n<td style=\"border: 0px solid transparent; width: 50%; height: 15px;\" align=\"left\" width=\"50%\">NPC*<\/td>\r\n<\/tr>\r\n<tr style=\"height: 15px;\">\r\n<td style=\"font-weight: bold; border: 0px solid transparent; width: 50%; height: 15px;\" align=\"right\" width=\"50%\">Erfinder<\/td>\r\n<td style=\"border: 0px solid transparent; width: 50%; height: 15px;\" align=\"left\" width=\"50%\">Effi<\/td>\r\n<\/tr>\r\n<tr style=\"height: 15px;\">\r\n<td style=\"font-weight: bold; border: 0px solid #003366; background: #555555; box-shadow: rgba(255, 255, 255, 0.75) 0.1em 0.1em 0.5em; border-radius: 1em; width: 100%; height: 15px;\" colspan=\"2\" align=\"center\"><span style=\"color: #ffffff;\">Dienstliche Informationen<\/span><\/td>\r\n<\/tr>\r\n<tr style=\"height: 28px;\">\r\n<td style=\"font-weight: bold; border: 0px solid transparent; width: 50%; height: 28px;\" align=\"right\" width=\"50%\">Ranggrafik<\/td>\r\n<td style=\"border: 0px solid transparent; width: 50%; height: 28px;\" align=\"left\" width=\"50%\"><img loading=\"lazy\" decoding=\"async\" class=\"alignnone\" src=\"https:\/\/www.sf-germany.com\/images\/schemata\/variant\/rot\/ziv.jpg\" alt=\"\" width=\"100\" height=\"25\" \/><\/td>\r\n<\/tr>\r\n<tr style=\"height: 15px;\">\r\n<td style=\"font-weight: bold; border: 0px solid transparent; width: 50%; height: 15px;\" align=\"right\" width=\"50%\">Rang<\/td>\r\n<td style=\"border: 0px solid transparent; width: 50%; height: 15px;\" align=\"left\" width=\"50%\">Avatar<\/td>\r\n<\/tr>\r\n<tr style=\"height: 15px;\">\r\n<td style=\"font-weight: bold; border: 0px solid transparent; width: 50%; height: 15px;\" align=\"right\" width=\"50%\">Posten<\/td>\r\n<td style=\"border: 0px solid transparent; width: 50%; height: 15px;\" align=\"left\" width=\"50%\">Schiffsavatar<\/td>\r\n<\/tr>\r\n<tr style=\"height: 15px;\">\r\n<td style=\"font-weight: bold; border: 0px solid transparent; width: 50%; height: 15px;\" align=\"right\" width=\"50%\">Stationierung<\/td>\r\n<td style=\"border: 0px solid transparent; width: 50%; height: 15px;\" align=\"left\" width=\"50%\">USS Galathea<\/td>\r\n<\/tr>\r\n<tr style=\"height: 15px;\">\r\n<td style=\"font-weight: bold; border: 0px solid #003366; background: #555555; box-shadow: rgba(255, 255, 255, 0.75) 0.1em 0.1em 0.5em; border-radius: 1em; width: 100%; height: 15px;\" colspan=\"2\" align=\"center\"><span style=\"color: #ffffff;\">Physische Beschreibung<\/span><\/td>\r\n<\/tr>\r\n<tr style=\"height: 15px;\">\r\n<td style=\"font-weight: bold; border: 0px solid transparent; width: 50%; height: 15px;\" align=\"right\" width=\"50%\">Spezies<\/td>\r\n<td style=\"border: 0px solid transparent; width: 50%; height: 15px;\" align=\"left\" width=\"50%\">Photonisch<\/td>\r\n<\/tr>\r\n<tr style=\"height: 15px;\">\r\n<td style=\"font-weight: bold; border: 0px solid transparent; width: 50%; height: 15px;\" align=\"right\" width=\"50%\">Geschlecht<\/td>\r\n<td style=\"border: 0px solid transparent; width: 50%; height: 15px;\" align=\"left\" width=\"50%\">w<\/td>\r\n<\/tr>\r\n<tr style=\"height: 15px;\">\r\n<td style=\"font-weight: bold; border: 0px solid transparent; width: 50%; height: 15px;\" align=\"right\" width=\"50%\">Gr\u00f6\u00dfe<\/td>\r\n<td style=\"border: 0px solid transparent; width: 50%; height: 15px;\" align=\"left\" width=\"50%\">166 cm<\/td>\r\n<\/tr>\r\n<tr style=\"height: 15px;\">\r\n<td style=\"font-weight: bold; border: 0px solid transparent; width: 50%; height: 15px;\" align=\"right\" width=\"50%\">Gewicht<\/td>\r\n<td style=\"border: 0px solid transparent; width: 50%; height: 15px;\" align=\"left\" width=\"50%\">\u00a0n\/a<\/td>\r\n<\/tr>\r\n<tr style=\"height: 15px;\">\r\n<td style=\"font-weight: bold; border: 0px solid transparent; width: 50%; height: 15px;\" align=\"right\" width=\"50%\">Hautfarbe<\/td>\r\n<td style=\"border: 0px solid transparent; width: 50%; height: 15px;\" align=\"left\" width=\"50%\">bl\u00e4ulich<\/td>\r\n<\/tr>\r\n<tr style=\"height: 15px;\">\r\n<td style=\"font-weight: bold; border: 0px solid transparent; width: 50%; height: 15px;\" align=\"right\" width=\"50%\">Haarfarbe<\/td>\r\n<td style=\"border: 0px solid transparent; width: 50%; height: 15px;\" align=\"left\" width=\"50%\">Gold- und Gr\u00fcnt\u00f6ne<\/td>\r\n<\/tr>\r\n<tr style=\"height: 15px;\">\r\n<td style=\"font-weight: bold; border: 0px solid transparent; width: 50%; height: 15px;\" align=\"right\" width=\"50%\">Augenfarbe<\/td>\r\n<td style=\"border: 0px solid transparent; width: 50%; height: 15px;\" align=\"left\" width=\"50%\">Wie die See<\/td>\r\n<\/tr>\r\n<tr style=\"height: 15px;\">\r\n<td style=\"font-weight: bold; border: 0px solid #003366; background: #555555; box-shadow: rgba(255, 255, 255, 0.75) 0.1em 0.1em 0.5em; border-radius: 1em; width: 100%; height: 15px;\" colspan=\"2\" align=\"center\"><span style=\"color: #ffffff;\">Biographische Informationen<\/span><\/td>\r\n<\/tr>\r\n<tr style=\"height: 15px;\">\r\n<td style=\"font-weight: bold; border: 0px solid transparent; width: 50%; height: 15px;\" align=\"right\" width=\"50%\">Geburtsort<\/td>\r\n<td style=\"border: 0px solid transparent; width: 50%; height: 15px;\" align=\"left\" width=\"50%\">[Neu Tokio]<\/td>\r\n<\/tr>\r\n<tr style=\"height: 15px;\">\r\n<td style=\"font-weight: bold; border: 0px solid transparent; width: 50%; height: 15px;\" align=\"right\" width=\"50%\">Geburtstag<\/td>\r\n<td style=\"border: 0px solid transparent; width: 50%; height: 15px;\" align=\"left\" width=\"50%\">[23.08.2415]<\/td>\r\n<\/tr>\r\n<tr style=\"height: 15px;\">\r\n<td style=\"font-weight: bold; border: 0px solid transparent; width: 50%; height: 15px;\" align=\"right\" width=\"50%\">Sexualit\u00e4t<\/td>\r\n<td style=\"border: 0px solid transparent; width: 50%; height: 15px;\" align=\"left\" width=\"50%\">[asexuell]<\/td>\r\n<\/tr>\r\n<tr style=\"height: 15px;\">\r\n<td style=\"font-weight: bold; border: 0px solid transparent; width: 50%; height: 15px;\" align=\"right\" width=\"50%\">Familienstand<\/td>\r\n<td style=\"border: 0px solid transparent; width: 50%; height: 15px;\" align=\"left\" width=\"50%\">n\/a<\/td>\r\n<\/tr>\r\n<tr style=\"height: 15px;\">\r\n<td style=\"font-weight: bold; border: 0px solid transparent; width: 50%; height: 15px;\" align=\"right\" width=\"50%\">Familie<\/td>\r\n<td style=\"border: 0px solid transparent; width: 50%; height: 15px;\" align=\"left\" width=\"50%\">n\/a<\/td>\r\n<\/tr>\r\n<tr style=\"height: 15px;\">\r\n<td style=\"font-weight: bold; border: 0px solid transparent; width: 50%; height: 15px;\" align=\"right\" width=\"50%\">Religion<\/td>\r\n<td style=\"border: 0px solid transparent; width: 50%; height: 15px;\" align=\"left\" width=\"50%\">keine<\/td>\r\n<\/tr>\r\n<tr style=\"height: 15px;\">\r\n<td style=\"font-weight: bold; border: 0px solid #003366; background: #555555; box-shadow: rgba(255, 255, 255, 0.75) 0.1em 0.1em 0.5em; border-radius: 1em; width: 100%; height: 15px;\" colspan=\"2\" align=\"center\"><span style=\"color: #ffffff;\">Politische informationen<\/span><\/td>\r\n<\/tr>\r\n<tr style=\"height: 15px;\">\r\n<td style=\"font-weight: bold; border: 0px solid transparent; width: 50%; height: 15px;\" align=\"right\" width=\"50%\">Buergerschaft<\/td>\r\n<td style=\"border: 0px solid transparent; width: 50%; height: 15px;\" align=\"left\" width=\"50%\">Keine<\/td>\r\n<\/tr>\r\n<\/tbody>\r\n<\/table>\r\n<\/div>\r\n<!-- Inhaltsverzeichnis -->\r\n<div style=\"width: 25%; padding: 10px; margin-bottom: 15px; font-size: 11px; border: 1px solid #333333; display: inline-block;\"><strong>Inhalt<\/strong>\r\n<ul>\r\n<li><a href=\"#beschreibung\">Beschreibung<\/a><\/li>\r\n<li><a href=\"#lebenslauf\">Lebenslauf<\/a><\/li>\r\n<li><a href=\"#psychologisches\">Psychologisches Profil<\/a><\/li>\r\n<li><a href=\"#ausbildung\">Ausbildung &amp; Spezialgebiete<\/a><\/li>\r\n<li><a href=\"#spezies\">Besonderheiten<\/a><\/li>\r\n<li><a href=\"#hobbies\">Hobbies<\/a><\/li>\r\n<li><a href=\"#medizinisches\">Medizinisches Profil<\/a><\/li>\r\n<li><a href=\"#klassifiziert\">Klassifizierte Sektion<\/a><\/li>\r\n<\/ul>\r\n<\/div>\r\n<!-- Inhalte -->\r\n<h2><a id=\"beschreibung\"><\/a>Beschreibung<\/h2>\r\n<p>Der Bordcomputer der USS Galathea wurde mit einem holografischen Avatar ausgestattet, der bei Bedarf manifestieren kann. Dies soll gerade bei fremden Spezies, aber auch bei Kindern und \u00e4lteren Menschen, helfen, die Probleme mit der k\u00f6rperlosen Interaktion haben.\u00a0<\/p>\r\n<p>Dieser Avatar h\u00f6rt ebenfalls auf den Namen <em>Galathea<\/em> und wurde mit einem weiblichen K\u00f6rper modelliert. In der Standard-Konfiguration erscheint der Avatar stets leicht durchsichtig, um die holographische Herkunft anzuzeigen &#8211; das Hologramm kann jedoch auch vollkommen stofflich und damit undurchsichtig werden.<\/p>\r\n<p>Galathea ist dabei 166cm gro\u00df, humanoid mit heller, blauer Haut und langen Haare, die in Gold- und Gr\u00fcnt\u00f6nen gehalten sind. Ihre Haut scheint an einigen Stellen leicht schuppig oder von Muscheln geziert, so dass sie der romantischen Vorstellung einer Meeresnymphe (Neraide) gleicht. Obgleich die holographische Kleidung aus vielen flatternden Stoffbahnen besteht, ist das Hologramm stets z\u00fcchtig bekleidet &#8211; sieht man davon ab, dass man Kn\u00f6chel sehen kann. Denn Galathea ist in der Regel barfu\u00df.<\/p>\r\n<p>Tonfall und Modulation der Stimme wurden mit dem Ziel entwickelt, auf m\u00f6glichst viele (bekannte) Spezies beruhigend zu wirken.<\/p>\r\n<p>Sofern notwendig kann Galathea kleinere Modifikationen an ihrem \u00c4u\u00dferen vornehmen, um sich an ihren Gegen\u00fcber anzupassen. Dazu z\u00e4hlen z.B. die Anpassung von Haar- und Hautfarbe, das Hinzuf\u00fcgen von Sinnesorganen, Schw\u00e4nzen, Knochenplatten, H\u00f6rnern und \u00e4hnlichen Forts\u00e4tzen des K\u00f6rpers und die Anpassung der Hautstruktur.<\/p>\r\n<hr \/>\r\n<h2><a id=\"lebenslauf\"><\/a>Lebenslauf<\/h2>\r\n<p>Galathea liegt in Revision 1.1.16 vor. Sie wurde im Sternenflotteninstitut f\u00fcr holographische Wissenschaften in Neu-Tokio entwickelt.<\/p>\r\n<p>Beteiligt an dem Projekt war unter Anderem\u00a0<a href=\"https:\/\/www.sf-germany.org\/einheiten\/uss-galathea\/die-crew\/charakterarchiv\/emmett-fallon\/\">Emmett Fallon<\/a>, der nach dem Stapellauf auch einige Monate auf der USS Galathea seinen Dienst versah.<\/p>\r\n<hr \/>\r\n<h2><a id=\"psychologisches\"><\/a>Psychologisches Profil<\/h2>\r\n<p>Galathea wurde eine hilfsbereite, freundliche, offene und selbstbewusste Pers\u00f6nlichkeit einprogrammiert. Sie soll der Freund aller Bewohner des Schiffs sein und dabei helfen, allt\u00e4gliche Probleme zu l\u00f6sen.<\/p>\r\n<p>F\u00fcr Diskussionen innerhalb des Projektteams hat die Ma\u00dfnahme gesorgt, ihr einen im Standard marginal unterw\u00fcrfigen Pers\u00f6nlichkeitszug zu geben, um sie nicht zu aggressiv oder aufdringlich erscheinen zu lassen &#8211; gerade bei Spezies, die diesbez\u00fcglich sehr empfindlich auf K\u00f6rpersprache und Tonfall reagieren. Es wurde beschlossen, die Pers\u00f6nlichkeit an dieser Stelle anpassungsf\u00e4hig und selbstlernend zu machen, um hier eventuelle Probleme durch Eigenbetrieb zu adressieren.\u00a0<\/p>\r\n<p>Da den Programmierern bewusst war, dass die gew\u00e4hlte Gestalt durchaus als attraktiv empfunden werden kann (- in der Tat gab es w\u00e4hrend der Entwicklung einen Vorfall, bei dem sich einer der Entwickler in das Hologramm &#8222;verliebte&#8220; -) wurde sie darauf programmiert, eine gewisse Distanz zu wahren und nicht auf romantische Avancen einzugehen, um weiterf\u00fchrende Probleme zu vermeiden.<\/p>\r\n<hr \/>\r\n<h2><a id=\"ausbildung\"><\/a>Ausbildung &amp; Spezialgebiete<\/h2>\r\n<p>Galathea ist der Avatar des Schiffscomputer und hat somit Zugriff auf die dort verf\u00fcgbaren Informationen. Sie befolgt aber die gleichen Zugriffsrestriktionen wie alle Interfaces. Das bedeutet, dass der Avatar auch nur auf gesch\u00fctzte Informationen zugreifen kann, wenn der Benutzer, mit dem sie interagiert, dazu berechtigt ist, diese zu erlangen. Siehe auch\u00a0<a href=\"https:\/\/www.sf-germany.org\/einheiten\/uss-galathea\/das-schiff\/\">Das Schiff.<\/a><\/p>\r\n<p>In ihrem eigenen Speicherbereich ist Galathea zudem mit Pers\u00f6nlichkeitsroutinen ausgestattet, die ihr spezielle F\u00e4higkeiten und Schwerpunkte verleihen.<\/p>\r\n<ul>\r\n<li>Interspeziesprotokolle<\/li>\r\n<li>Etikette und Verhaltensweise<\/li>\r\n<li>Ausk\u00fcnfte und Fremdenverkehrswissenschaften<\/li>\r\n<li>Diplomatie<\/li>\r\n<li>Erziehungswissenschaften<\/li>\r\n<li>Lernpsychologie<\/li>\r\n<li>Umgang mit Heranwachsenden<\/li>\r\n<\/ul>\r\n<h3>Kampffertigkeiten<\/h3>\r\n<p>Galathea, als Hologramm-Avatar, verf\u00fcgt \u00fcber <span style=\"text-decoration: underline;\">keine<\/span> Kampffertigkeiten. Tats\u00e4chlich kann sie &#8211; programmbedingt &#8211; auch vollst\u00e4ndig materalisiert keine Waffen benutzen. Dies wurde aus Sicherheits- und Image- Gr\u00fcnden integriert. Diese Beschr\u00e4nkung ist ein Imperativ, der tief in den Programm-Kern des Hologramms verankert ist.\u00a0<\/p>\r\n<p>Galathea kann nat\u00fcrlich auf die Schiffssysteme zugreifen um z.B. Kraftfelder zu errichten, wenn Sie von einem Offizier mit entsprechenden Berechtigungen erm\u00e4chtigt wurde bzw. entsprechende Befehle erteilt wurden.<\/p>\r\n<h3>Module<\/h3>\r\n<p>Galathea verf\u00fcgt zum aktuellen Zeitpunkt \u00fcber keine spezifischen Erweiterungsmodule. Eine entsprechende Schnittstelle wurde aber in die Software integriert, um den Bord-Avatar auch an zuk\u00fcnftige Herausforderungen anpassen zu k\u00f6nnen.<\/p>\r\n<h2><strong>Sprachen<\/strong><\/h2>\r\n<p>Galathea kann alle im Bordcomputer verankerten Sprachen sprechen. Zudem beherrscht sie verschiedene Zeichen- und Geb\u00e4rdensprachen.<\/p>\r\n<h2><strong>Sonstiges<\/strong><\/h2>\r\n<ul>\r\n<li>Der Avatar kann an mehreren Stellen des Schiffs gleichzeitig erscheinen.<\/li>\r\n<li>Wird der Bordcomputer mit &#8218;Galathea&#8216; angesprochen, reagiert das Avatar-Interface und wird sich, so m\u00f6glich (auf Decks mit Holoprojektoren) manifestieren &#8211; was allerdings konfigurativ pro Nutzer deaktiviert werden kann. Verwendet man &#8218;Computer&#8216; gibt man den Befehl direkt in den Bordcomputer ein und Umgeht die Avatar-Subroutinen.<\/li>\r\n<\/ul>\r\n<hr \/>\r\n<h2><a id=\"hobbies\"><\/a>Hobbies<\/h2>\r\n<ul>\r\n<li>keine<\/li>\r\n<\/ul>\r\n<hr \/>\r\n<h2><a id=\"medizinisches\"><\/a>Medizinisches Profil<\/h2>\r\n<ul>\r\n<li>Galathea ist ein Hologramm<\/li>\r\n<\/ul>\r\n<hr \/>\r\n<h2><a id=\"klassifiziert\"><\/a>Klassifizierte Sektion<\/h2>\r\n<ul>\r\n<li>Wer sich n\u00e4her mit Galatheas Programm besch\u00e4ftigt, wird fest stellen, dass es keine Hinweise auf eine Vorlage f\u00fcr den Avatar gibt. Allerdings sind K\u00f6rpersprache und Mikroexpressionen des Avatars zu detailliert und zu spezifisch um vollkommen ohne Vorlage generiert worden zu sein. Tats\u00e4chlich stand eine Schauspielerin f\u00fcr den Avatar Modell &#8211; diese wurde jedoch wenig sp\u00e4ter in einen Sexskandal verwickelt. Da aber keine Zeit blieb, eine neue Vorlage zu erstellen, wurden die Referenzen auf das Model gel\u00f6scht. Das Bekanntwerden dieser Tatsache k\u00f6nnte bei einigen Personen (an Bord wie au\u00dferhalb) f\u00fcr Aufregung sorgen &#8211; und auch Galathea selbst k\u00f6nnte in einen Konflikt geraten, da sie andere ja nicht aufregen oder ver\u00e4rgern m\u00f6chte.<\/li>\r\n<\/ul>\r\n","protected":false},"excerpt":{"rendered":"<p>\u00a0 Galathea Status NPC* Erfinder Effi Dienstliche Informationen Ranggrafik Rang Avatar Posten Schiffsavatar Stationierung USS Galathea Physische Beschreibung Spezies Photonisch Geschlecht w Gr\u00f6\u00dfe 166 cm Gewicht \u00a0n\/a Hautfarbe bl\u00e4ulich Haarfarbe Gold- und Gr\u00fcnt\u00f6ne Augenfarbe Wie die See Biographische Informationen Geburtsort [Neu Tokio] Geburtstag [23.08.2415] Sexualit\u00e4t [asexuell] Familienstand n\/a Familie n\/a Religion keine Politische informationen Buergerschaft [&hellip;]<\/p>\n","protected":false},"author":1,"featured_media":1126,"parent":2004,"menu_order":100,"comment_status":"closed","ping_status":"closed","template":"","meta":{"footnotes":""},"class_list":["post-1901","page","type-page","status-publish","has-post-thumbnail","hentry"],"publishpress_future_action":{"enabled":false,"date":"2026-05-05 14:53:43","action":"change-status","newStatus":"draft","terms":[],"taxonomy":"","extraData":[]},"publishpress_future_workflow_manual_trigger":{"enabledWorkflows":[]},"_links":{"self":[{"href":"https:\/\/www.sf-germany.org\/einheiten\/uss-galathea\/wp-json\/wp\/v2\/pages\/1901","targetHints":{"allow":["GET"]}}],"collection":[{"href":"https:\/\/www.sf-germany.org\/einheiten\/uss-galathea\/wp-json\/wp\/v2\/pages"}],"about":[{"href":"https:\/\/www.sf-germany.org\/einheiten\/uss-galathea\/wp-json\/wp\/v2\/types\/page"}],"author":[{"embeddable":true,"href":"https:\/\/www.sf-germany.org\/einheiten\/uss-galathea\/wp-json\/wp\/v2\/users\/1"}],"replies":[{"embeddable":true,"href":"https:\/\/www.sf-germany.org\/einheiten\/uss-galathea\/wp-json\/wp\/v2\/comments?post=1901"}],"version-history":[{"count":10,"href":"https:\/\/www.sf-germany.org\/einheiten\/uss-galathea\/wp-json\/wp\/v2\/pages\/1901\/revisions"}],"predecessor-version":[{"id":6330,"href":"https:\/\/www.sf-germany.org\/einheiten\/uss-galathea\/wp-json\/wp\/v2\/pages\/1901\/revisions\/6330"}],"up":[{"embeddable":true,"href":"https:\/\/www.sf-germany.org\/einheiten\/uss-galathea\/wp-json\/wp\/v2\/pages\/2004"}],"wp:featuredmedia":[{"embeddable":true,"href":"https:\/\/www.sf-germany.org\/einheiten\/uss-galathea\/wp-json\/wp\/v2\/media\/1126"}],"wp:attachment":[{"href":"https:\/\/www.sf-germany.org\/einheiten\/uss-galathea\/wp-json\/wp\/v2\/media?parent=1901"}],"curies":[{"name":"wp","href":"https:\/\/api.w.org\/{rel}","templated":true}]}}