{"id":1946,"date":"2019-12-16T08:56:30","date_gmt":"2019-12-16T07:56:30","guid":{"rendered":"http:\/\/www.sf-germany.org\/einheiten\/uss-galathea\/?page_id=1946"},"modified":"2019-12-20T19:21:05","modified_gmt":"2019-12-20T18:21:05","slug":"melek","status":"publish","type":"page","link":"https:\/\/www.sf-germany.org\/einheiten\/uss-galathea\/die-crew\/nichtspielercharaktere\/melek\/","title":{"rendered":"Melek"},"content":{"rendered":"\r\n<div style=\"float: right; margin-left: 15px; margin-bottom: 15px; font-size: 11px; min-width: 350px; width: 25%; padding-left: 10px; padding-right: 10px;\">\r\n<table style=\"width: 100%; border: 0px outset #003366; background: #ffffff; box-shadow: rgba(255, 255, 255, 0.75) 0.1em 0.1em 0.5em; border-radius: 1em; height: 547px;\" border=\"3\" cellspacing=\"10\" align=\"right\">\r\n<tbody>\r\n<tr style=\"height: 15px;\">\r\n<td style=\"font-weight: bold; border: 0px solid transparent; width: 100%; height: 15px;\" colspan=\"2\" align=\"center\">\u00a0<\/td>\r\n<\/tr>\r\n<tr style=\"height: 144px;\">\r\n<td style=\"background: transparent; border: 0px solid transparent; width: 100%; height: 144px;\" colspan=\"2\" align=\"center\"><a href=\"https:\/\/www.sf-germany.org\/einheiten\/hephaistos\/wp-content\/uploads\/2016\/01\/CharBild.png\"  rel=\"lightbox[1946] attachment wp-att-117\"><img loading=\"lazy\" decoding=\"async\" class=\"alignnone wp-image-111 size-full\" src=\"https:\/\/www.sf-germany.org\/einheiten\/hephaistos\/wp-content\/uploads\/2016\/01\/CharBild.png\" alt=\"\" width=\"179\" height=\"140\" \/><\/a><\/td>\r\n<\/tr>\r\n<tr style=\"height: 15px;\">\r\n<td style=\"font-weight: bold; border: 0px solid transparent; width: 100%; height: 15px;\" colspan=\"2\" align=\"center\"><b>Melek Losar<\/b><\/td>\r\n<\/tr>\r\n<tr style=\"height: 15px;\">\r\n<td style=\"font-weight: bold; border: 0px solid transparent; width: 50%; height: 15px;\" align=\"right\" width=\"50%\">Status<\/td>\r\n<td style=\"border: 0px solid transparent; width: 50%; height: 15px;\" align=\"left\" width=\"50%\">NPC<\/td>\r\n<\/tr>\r\n<tr style=\"height: 15px;\">\r\n<td style=\"font-weight: bold; border: 0px solid transparent; width: 50%; height: 15px;\" align=\"right\" width=\"50%\">Spieler<\/td>\r\n<td style=\"border: 0px solid transparent; width: 50%; height: 15px;\" align=\"left\" width=\"50%\">&#8211;<\/td>\r\n<\/tr>\r\n<tr style=\"height: 15px;\">\r\n<td style=\"font-weight: bold; border: 0px solid #003366; background: #555555; box-shadow: rgba(255, 255, 255, 0.75) 0.1em 0.1em 0.5em; border-radius: 1em; width: 100%; height: 15px;\" colspan=\"2\" align=\"center\"><span style=\"color: #ffffff;\">Dienstliche Informationen<\/span><\/td>\r\n<\/tr>\r\n<tr style=\"height: 28px;\">\r\n<td style=\"font-weight: bold; border: 0px solid transparent; width: 50%; height: 28px;\" align=\"right\" width=\"50%\">Ranggrafik<\/td>\r\n<td style=\"border: 0px solid transparent; width: 50%; height: 28px;\" align=\"left\" width=\"50%\"><img loading=\"lazy\" decoding=\"async\" class=\"alignnone\" src=\"https:\/\/www.sf-germany.com\/images\/schemata\/sto\/rot\/lt.png\" alt=\"Lieutenant\" width=\"128\" height=\"32\" \/><\/td>\r\n<\/tr>\r\n<tr style=\"height: 15px;\">\r\n<td style=\"font-weight: bold; border: 0px solid transparent; width: 50%; height: 15px;\" align=\"right\" width=\"50%\">Rang<\/td>\r\n<td style=\"border: 0px solid transparent; width: 50%; height: 15px;\" align=\"left\" width=\"50%\">Lieutenant<\/td>\r\n<\/tr>\r\n<tr style=\"height: 15px;\">\r\n<td style=\"font-weight: bold; border: 0px solid transparent; width: 50%; height: 15px;\" align=\"right\" width=\"50%\">Posten<\/td>\r\n<td style=\"border: 0px solid transparent; width: 50%; height: 15px;\" align=\"left\" width=\"50%\">2O \/ OPS<\/td>\r\n<\/tr>\r\n<tr style=\"height: 15px;\">\r\n<td style=\"font-weight: bold; border: 0px solid transparent; width: 50%; height: 15px;\" align=\"right\" width=\"50%\">Stationierung<\/td>\r\n<td style=\"border: 0px solid transparent; width: 50%; height: 15px;\" align=\"left\" width=\"50%\">USS Galathea<\/td>\r\n<\/tr>\r\n<tr style=\"height: 15px;\">\r\n<td style=\"font-weight: bold; border: 0px solid #003366; background: #555555; box-shadow: rgba(255, 255, 255, 0.75) 0.1em 0.1em 0.5em; border-radius: 1em; width: 100%; height: 15px;\" colspan=\"2\" align=\"center\"><span style=\"color: #ffffff;\">Physische Beschreibung<\/span><\/td>\r\n<\/tr>\r\n<tr style=\"height: 15px;\">\r\n<td style=\"font-weight: bold; border: 0px solid transparent; width: 50%; height: 15px;\" align=\"right\" width=\"50%\">Spezies<\/td>\r\n<td style=\"border: 0px solid transparent; width: 50%; height: 15px;\" align=\"left\" width=\"50%\">Benzite<\/td>\r\n<\/tr>\r\n<tr style=\"height: 15px;\">\r\n<td style=\"font-weight: bold; border: 0px solid transparent; width: 50%; height: 15px;\" align=\"right\" width=\"50%\">Geschlecht<\/td>\r\n<td style=\"border: 0px solid transparent; width: 50%; height: 15px;\" align=\"left\" width=\"50%\">m\u00e4nnlich<\/td>\r\n<\/tr>\r\n<tr style=\"height: 15px;\">\r\n<td style=\"font-weight: bold; border: 0px solid transparent; width: 50%; height: 15px;\" align=\"right\" width=\"50%\">Gr\u00f6\u00dfe<\/td>\r\n<td style=\"border: 0px solid transparent; width: 50%; height: 15px;\" align=\"left\" width=\"50%\">173 cm<\/td>\r\n<\/tr>\r\n<tr style=\"height: 15px;\">\r\n<td style=\"font-weight: bold; border: 0px solid transparent; width: 50%; height: 15px;\" align=\"right\" width=\"50%\">Gewicht<\/td>\r\n<td style=\"border: 0px solid transparent; width: 50%; height: 15px;\" align=\"left\" width=\"50%\">78 kg<\/td>\r\n<\/tr>\r\n<tr style=\"height: 15px;\">\r\n<td style=\"font-weight: bold; border: 0px solid transparent; width: 50%; height: 15px;\" align=\"right\" width=\"50%\">Hautfarbe<\/td>\r\n<td style=\"border: 0px solid transparent; width: 50%; height: 15px;\" align=\"left\" width=\"50%\">blau<\/td>\r\n<\/tr>\r\n<tr style=\"height: 15px;\">\r\n<td style=\"font-weight: bold; border: 0px solid transparent; width: 50%; height: 15px;\" align=\"right\" width=\"50%\">Haarfarbe<\/td>\r\n<td style=\"border: 0px solid transparent; width: 50%; height: 15px;\" align=\"left\" width=\"50%\">n\/a<\/td>\r\n<\/tr>\r\n<tr style=\"height: 15px;\">\r\n<td style=\"font-weight: bold; border: 0px solid transparent; width: 50%; height: 15px;\" align=\"right\" width=\"50%\">Augenfarbe<\/td>\r\n<td style=\"border: 0px solid transparent; width: 50%; height: 15px;\" align=\"left\" width=\"50%\">saphir<\/td>\r\n<\/tr>\r\n<tr style=\"height: 15px;\">\r\n<td style=\"font-weight: bold; border: 0px solid #003366; background: #555555; box-shadow: rgba(255, 255, 255, 0.75) 0.1em 0.1em 0.5em; border-radius: 1em; width: 100%; height: 15px;\" colspan=\"2\" align=\"center\"><span style=\"color: #ffffff;\">Biographische Informationen<\/span><\/td>\r\n<\/tr>\r\n<tr style=\"height: 15px;\">\r\n<td style=\"font-weight: bold; border: 0px solid transparent; width: 50%; height: 15px;\" align=\"right\" width=\"50%\">Geburtsort<\/td>\r\n<td style=\"border: 0px solid transparent; width: 50%; height: 15px;\" align=\"left\" width=\"50%\">Losar Geostruktur, Benzar<\/td>\r\n<\/tr>\r\n<tr style=\"height: 15px;\">\r\n<td style=\"font-weight: bold; border: 0px solid transparent; width: 50%; height: 15px;\" align=\"right\" width=\"50%\">Geburtstag<\/td>\r\n<td style=\"border: 0px solid transparent; width: 50%; height: 15px;\" align=\"left\" width=\"50%\">23.03.2387<\/td>\r\n<\/tr>\r\n<tr style=\"height: 15px;\">\r\n<td style=\"font-weight: bold; border: 0px solid transparent; width: 50%; height: 15px;\" align=\"right\" width=\"50%\">Sexualit\u00e4t<\/td>\r\n<td style=\"border: 0px solid transparent; width: 50%; height: 15px;\" align=\"left\" width=\"50%\">&#8211;<\/td>\r\n<\/tr>\r\n<tr style=\"height: 15px;\">\r\n<td style=\"font-weight: bold; border: 0px solid transparent; width: 50%; height: 15px;\" align=\"right\" width=\"50%\">Familienstand<\/td>\r\n<td style=\"border: 0px solid transparent; width: 50%; height: 15px;\" align=\"left\" width=\"50%\">verlobt<\/td>\r\n<\/tr>\r\n<tr style=\"height: 15px;\">\r\n<td style=\"font-weight: bold; border: 0px solid transparent; width: 50%; height: 15px;\" align=\"right\" width=\"50%\">Familie<\/td>\r\n<td style=\"border: 0px solid transparent; width: 50%; height: 15px;\" align=\"left\" width=\"50%\">\u00a0<\/td>\r\n<\/tr>\r\n<tr style=\"height: 15px;\">\r\n<td style=\"font-weight: bold; border: 0px solid transparent; width: 50%; height: 15px;\" align=\"right\" width=\"50%\">Religion<\/td>\r\n<td style=\"border: 0px solid transparent; width: 50%; height: 15px;\" align=\"left\" width=\"50%\">&#8211;<\/td>\r\n<\/tr>\r\n<tr style=\"height: 15px;\">\r\n<td style=\"font-weight: bold; border: 0px solid #003366; background: #555555; box-shadow: rgba(255, 255, 255, 0.75) 0.1em 0.1em 0.5em; border-radius: 1em; width: 100%; height: 15px;\" colspan=\"2\" align=\"center\"><span style=\"color: #ffffff;\">Politische informationen<\/span><\/td>\r\n<\/tr>\r\n<tr style=\"height: 15px;\">\r\n<td style=\"font-weight: bold; border: 0px solid transparent; width: 50%; height: 15px;\" align=\"right\" width=\"50%\">B\u00fcrgerschaft<\/td>\r\n<td style=\"border: 0px solid transparent; width: 50%; height: 15px;\" align=\"left\" width=\"50%\">Benzar<\/td>\r\n<\/tr>\r\n<\/tbody>\r\n<\/table>\r\n<\/div>\r\n<!-- Inhaltsverzeichnis -->\r\n<div style=\"width: 25%; padding: 10px; margin-bottom: 15px; font-size: 11px; border: 1px solid #333333; display: inline-block;\"><strong>Inhalt<\/strong>\r\n<ul>\r\n<li><a href=\"#beschreibung\">Beschreibung<\/a><\/li>\r\n<li><a href=\"#lebenslauf\">Lebenslauf<\/a><\/li>\r\n<li><a href=\"#psychologisches\">Psychologisches Profil<\/a><\/li>\r\n<li><a href=\"#ausbildung\">Ausbildung &amp; Spezialgebiete<\/a><\/li>\r\n<li><a href=\"#spezies\">Besonderheiten<\/a><\/li>\r\n<li><a href=\"#hobbies\">Hobbies<\/a><\/li>\r\n<li><a href=\"#medizinisches\">Medizinisches Profil<\/a><\/li>\r\n<li><a href=\"#familie\">Familie<\/a><\/li>\r\n<li><a href=\"#klassifiziert\">Klassifizierte Sektion<\/a><\/li>\r\n<\/ul>\r\n<\/div>\r\n<!-- Inhalte -->\r\n<h2><a id=\"beschreibung\"><\/a>Beschreibung<\/h2>\r\n<p>Melek ist &#8211; f\u00fcr Angeh\u00f6rige anderer Spezies &#8211; ein typischer <a href=\"https:\/\/memory-beta.fandom.com\/wiki\/Benzite\">Benzite<\/a>, der allen anderen Benziten aus der Losar Geostruktur gleicht. Da er sich der genetischen Rekombination verweigert hat, tr\u00e4gt er noch immer ein Atemger\u00e4t.<\/p>\r\n<hr \/>\r\n<h2><a id=\"lebenslauf\"><\/a>Lebenslauf<\/h2>\r\n<h3>Kindheit und Jugend<\/h3>\r\n<p>Melek wird 2387 in der Losar Geostruktur auf Benzar geboren und w\u00e4chst dort auf. Seine Jugend verl\u00e4uft vergleichsweise unaufgeregt.<\/p>\r\n<h3>Ausbildung<\/h3>\r\n<p>Melek strebt auf Dr\u00e4ngen seiner Familie zuerst eine Karriere als Verwaltungsbeamter an, muss aber bald feststellen, dass ihn diese nicht g\u00e4nzlich erf\u00fcllt &#8211; obgleich er gut in Planung und Zuteilung von Ressourcen ist.<\/p>\r\n<h3>Karriere bei der Sternenflotte<\/h3>\r\n<p>Nach gr\u00fcndlicher Analyse bewirbt er sich 2407 f\u00fcr eine Offiziersausbildung an der Sternenflottenakademie. Er wird angenommen und studiert auf dem Riegel 3 Campus.<\/p>\r\n<p>2411 schlie\u00dft Melek seine Kadettenfahrt erfolgreich ab und wird zum Ensign bef\u00f6rdert. Damit einher geht die Versetzung auf die USS Potemkin (B). Als diese 2414 bei einem klassifizierten Zwischenfall an der Grenze zum cardassianischen Raum zerst\u00f6rt wird, wird Melek in das Sternenflotten-Hauptquartier auf die Erde versetzt. Dort arbeitet er im Bereich Missionskontrolle, zuerst unter Commander Aldeka, dann unter <a href=\"https:\/\/www.sf-germany.org\/einheiten\/uss-galathea\/die-crew\/spielercharaktere\/asolowyov\/\">Commander Solowyov<\/a>.<\/p>\r\n<p>Mit Letzterem kommt es immer wieder zu Meinungsverschiedenheiten, die in unterschiedlichen Analysen bez\u00fcglich vorliegender Situationen begr\u00fcndet liegen. Umso verwunderter ist Melek, als Cmdr. Solowyov ihm Ende 2415 die Position als Zweiter Offizier auf der USS Galathea anbietet &#8211; was er annimmt.<\/p>\r\n<h3>Tabellarischer Lebenslauf<\/h3>\r\n<table style=\"border-collapse: collapse; width: 100%; height: 138px;\">\r\n<tbody>\r\n<tr style=\"height: 23px;\">\r\n<td style=\"width: 8.94473%; height: 23px;\">23.03.2387<\/td>\r\n<td style=\"width: 57.7219%; height: 23px;\">Geburt in der Losar Geostruktur auf Benzar<\/td>\r\n<\/tr>\r\n<tr style=\"height: 23px;\">\r\n<td style=\"width: 8.94473%; height: 23px;\">2407<\/td>\r\n<td style=\"width: 57.7219%; height: 23px;\">Beginn der Ausbildung auf dem Riegel 3 Campus der Sternenflottenakademie<\/td>\r\n<\/tr>\r\n<tr style=\"height: 23px;\">\r\n<td style=\"width: 8.94473%; height: 23px;\">2411<\/td>\r\n<td style=\"width: 57.7219%; height: 23px;\">Erfolgreicher Abschluss der Kadettenfahrt, Bef\u00f6rderung zum Ensign<\/td>\r\n<\/tr>\r\n<tr style=\"height: 23px;\">\r\n<td style=\"width: 8.94473%; height: 23px;\">2411<\/td>\r\n<td style=\"width: 57.7219%; height: 23px;\">Versetzung auf die USS Potemkin (B) als stellv. FLG<\/td>\r\n<\/tr>\r\n<tr>\r\n<td style=\"width: 8.94473%;\">2413<\/td>\r\n<td style=\"width: 57.7219%;\">Bef\u00f6rderung zum Lt. jg, Ernennung zum OPS<\/td>\r\n<\/tr>\r\n<tr style=\"height: 23px;\">\r\n<td style=\"width: 8.94473%; height: 23px;\">2414<\/td>\r\n<td style=\"width: 57.7219%; height: 23px;\">Zerst\u00f6rung der USS Potemkin (B)<\/td>\r\n<\/tr>\r\n<tr style=\"height: 23px;\">\r\n<td style=\"width: 8.94473%; height: 23px;\">2414<\/td>\r\n<td style=\"width: 57.7219%; height: 23px;\">Versetzung zu Starfleet Operations auf die Erde, Bereich Mission Control<\/td>\r\n<\/tr>\r\n<tr>\r\n<td style=\"width: 8.94473%;\">01.01.2415<\/td>\r\n<td style=\"width: 57.7219%;\">Interne Versetzung innerhalb von Mission Control<\/td>\r\n<\/tr>\r\n<tr>\r\n<td style=\"width: 8.94473%;\">2416<\/td>\r\n<td style=\"width: 57.7219%;\">Ernennung zum 2O \/ OPS auf der USS Galathea, Bef\u00f6rderung zum Lieutenant.<\/td>\r\n<\/tr>\r\n<\/tbody>\r\n<\/table>\r\n<p>&nbsp;<\/p>\r\n<hr \/>\r\n<h2><a id=\"psychologisches\"><\/a>Psychologisches Profil<\/h2>\r\n<p>Melek ist wie viele Benziten Perfektionist und darauf bedacht zu Gefallen. Dennoch wird er von Anderen oft als k\u00fchl und \u00fcberheblich wahrgenommen. Dies mag daran liegen, dass der Benzite, wie viele Mitglieder seiner Spezies, ehrgeizig und darauf bedacht ist, Karriere zu machen. Hierbei ist es f\u00fcr ihn nicht immer einfach, die eigenen W\u00fcnsche und die Bed\u00fcrfnisse der Crew gegeneinander aufzuwiegen.<\/p>\r\n<p>Seine analytische, bed\u00e4chtige Art l\u00e4sst ihn Probleme tiefgreifend analysieren und verschiedene L\u00f6sungsoptionen erarbeiten. Er ist aber kein Freund von schnellen Entscheidungen.<\/p>\r\n<p>Melek vertritt eine einmal gefasste Meinung vehement, aber h\u00f6flich und ist Argumenten gegen\u00fcber aufgeschlossen. Dennoch ist es nicht einfach, ihn zu \u00fcberzeugen, da er jedes Argument ebenfalls zerlegt und nach Schwachstellen sucht.<\/p>\r\n<h3>St\u00e4rken &amp; Schw\u00e4chen<\/h3>\r\n<p><strong>Positiv:<\/strong><\/p>\r\n<ul>\r\n<li>Analytisch und bedacht<\/li>\r\n<li>Gut darin, Probleme in Teilprobleme zu zerlegen und verschiedene L\u00f6sungsoptionen zu finden<\/li>\r\n<li>Freundlich und H\u00f6flich<\/li>\r\n<\/ul>\r\n<p><strong>Negativ:<\/strong><\/p>\r\n<ul>\r\n<li>Wirkt auf andere oft \u00fcberheblich und pedantisch<\/li>\r\n<li>Mag keine schnellen Entscheidungen<\/li>\r\n<\/ul>\r\n<p><strong>Vorlieben:<\/strong><\/p>\r\n<ul>\r\n<li>Strategie- und Taktikspiele sowie Spiele mit klaren Wahrscheinlichkeiten<\/li>\r\n<li>Spazierg\u00e4nge im Gr\u00fcnen<\/li>\r\n<li>Klassische vulkanische Musik<\/li>\r\n<li>Perfekt durchchoreographierte Tanzdarbietungen\u00a0<\/li>\r\n<\/ul>\r\n<p><strong>Abneigungen:\u00a0<\/strong><\/p>\r\n<ul>\r\n<li>Gl\u00fccksspiele<\/li>\r\n<li>Klingonische Opern<\/li>\r\n<li>Jasmintee<\/li>\r\n<\/ul>\r\n<hr \/>\r\n<h2><a id=\"ausbildung\"><\/a>Ausbildung &amp; Spezialgebiete<\/h2>\r\n<h3><strong>Zivile Vorbildung<\/strong><\/h3>\r\n<p>Melek hat auf seinem Heimatplaneten eine Ausbildung durchlaufen, die man &#8211; im irdischen Vergleich &#8211; irgendwo zwischen B\u00fcrokaufmann und Operationsspezialist ansiedeln k\u00f6nnte.<\/p>\r\n<h3><strong>Studien auf der Sternenflottenakademie<\/strong><\/h3>\r\n<p>Durch seine Vorbildung war es Melek m\u00f6glich, ein drittes Hauptfach zu belegen.<\/p>\r\n<p><strong>Hauptf\u00e4cher<\/strong><\/p>\r\n<ul>\r\n<li>Navigation<\/li>\r\n<li>Operations<\/li>\r\n<li>Grundkurs: Jura<\/li>\r\n<\/ul>\r\n<p><strong>Nebenf\u00e4cher<\/strong><\/p>\r\n<ul>\r\n<li>T\u00f6pfern I &amp; II<\/li>\r\n<li>F\u00f6derationsgeschichte<\/li>\r\n<li>Grundlagen des Interplanetaren V\u00f6lkerrechts vor dem Hintergrund eines Erstkontaktes<\/li>\r\n<li>Protokolle im Umgang mit technologisch niederentwickelten Spezies<\/li>\r\n<li>Erwerbsregeln der Ferengi<\/li>\r\n<li>Vergleichende Theaterwissenschaften I<\/li>\r\n<\/ul>\r\n<h2><strong><a id=\"spezies\"><\/a>Sprachen<\/strong><\/h2>\r\n<ul>\r\n<li>Benzar (Muttersprache)\r\n<ul>\r\n<li>Losar-Dialekt<\/li>\r\n<\/ul>\r\n<\/li>\r\n<li>F\u00f6rderationsstandard<\/li>\r\n<li>Andorianisch<\/li>\r\n<\/ul>\r\n<h2><strong>Besonderheiten der eigenen Spezies<\/strong><\/h2>\r\n<ul>\r\n<li>Benziten besitzen f\u00fcnfgliedrige H\u00e4nde. Im Gegensatz zu vielen anderen humanoiden Spezies sind diese jedoch symmetrisch, das hei\u00dft dass sowohl Glied 1 wie auch 5 opponierbare Daumen sind.<\/li>\r\n<\/ul>\r\n<h2><strong>Sonstiges<\/strong><\/h2>\r\n<h3>Besuchte Fortbildungen<\/h3>\r\n<ul>\r\n<li>Personalf\u00fchrung I<\/li>\r\n<li>Grunds\u00e4tze des F\u00fchrens<\/li>\r\n<li>Vermittlung in Konfliktsituationen<\/li>\r\n<li>Missionsplanung I &amp; II<\/li>\r\n<li>Fortgeschrittene Missionsplanung<\/li>\r\n<li>Auffrischungskurs Recht 2414<\/li>\r\n<li>Stresskompetenz<\/li>\r\n<li>Effiziente Bespechungsgestaltung<\/li>\r\n<li>Wein-Seminar I<\/li>\r\n<\/ul>\r\n<hr \/>\r\n<h2><a id=\"hobbies\"><\/a>Hobbies<\/h2>\r\n<ul>\r\n<li>Musik h\u00f6ren (vulkanische Klassik)<\/li>\r\n<li>T\u00f6pfern<\/li>\r\n<\/ul>\r\n<hr \/>\r\n<h2><a id=\"medizinisches\"><\/a>Medizinisches Profil<\/h2>\r\n<p>Melek kann als kerngesund gelten.<\/p>\r\n<p>Der Benzite hat sich geweigert, sich einer genetischen Modifikation zu unterziehen und ben\u00f6tigt daher das Atemger\u00e4t um langfristigen Lungensch\u00e4digungen in einer Standardatmosph\u00e4re vorzubeugen.<\/p>\r\n<p>Wie alle Benziten ist er aufgrund seines andersartigen, resilienten Organismus gegen viele Toxine und Umweltgifte immun oder zumindest resistent. Dies f\u00fchrt aber auch dazu, dass viele Standardmedikamente bei ihm nicht wirken. Da die meisten benzitischen Medikamente mittlerweile jedoch auf einem Sternenflottenschiff synthetisiert werden k\u00f6nnen, ist dies selten ein Problem.<\/p>\r\n<p>Das Blut der Benziten basiert auf Quecksilber und Platin. Bei Luftkontakt wird es dickfl\u00fcssig und zeigt eine orangene F\u00e4rbung. Die K\u00f6rpertemperatur ist um einige Grad niedriger als die eines Menschen oder Vulkaniers. Durch genetische Modifikation in der Geschichte der Benziten sind sie nicht in der Lage, Organtransplante zu erhalten.<\/p>\r\n<p><strong>Krankheiten &amp; Gesundheit:<\/strong><\/p>\r\n<ul>\r\n<li>keine Nennenswerten<\/li>\r\n<\/ul>\r\n<hr \/>\r\n<h2><a id=\"familie\"><\/a>Familie<\/h2>\r\n<p>Melek ist mit einer Benzitin verlobt. Diese ist jedoch nicht an Bord sondern dient auf Ganymed in einer strategischen Analyse-Division.<\/p>\r\n<hr \/>\r\n<h2><a id=\"klassifiziert\"><\/a>Klassifzierte Sektion<\/h2>\r\n<p>Keine Eintr\u00e4ge<\/p>\r\n","protected":false},"excerpt":{"rendered":"<p>\u00a0 Melek Losar Status NPC Spieler &#8211; Dienstliche Informationen Ranggrafik Rang Lieutenant Posten 2O \/ OPS Stationierung USS Galathea Physische Beschreibung Spezies Benzite Geschlecht m\u00e4nnlich Gr\u00f6\u00dfe 173 cm Gewicht 78 kg Hautfarbe blau Haarfarbe n\/a Augenfarbe saphir Biographische Informationen Geburtsort Losar Geostruktur, Benzar Geburtstag 23.03.2387 Sexualit\u00e4t &#8211; Familienstand verlobt Familie \u00a0 Religion &#8211; Politische informationen [&hellip;]<\/p>\n","protected":false},"author":5,"featured_media":1126,"parent":2004,"menu_order":3,"comment_status":"closed","ping_status":"closed","template":"","meta":{"footnotes":""},"class_list":["post-1946","page","type-page","status-publish","has-post-thumbnail","hentry"],"publishpress_future_action":{"enabled":false,"date":"2026-05-05 14:58:52","action":"change-status","newStatus":"draft","terms":[],"taxonomy":"","extraData":[]},"publishpress_future_workflow_manual_trigger":{"enabledWorkflows":[]},"_links":{"self":[{"href":"https:\/\/www.sf-germany.org\/einheiten\/uss-galathea\/wp-json\/wp\/v2\/pages\/1946","targetHints":{"allow":["GET"]}}],"collection":[{"href":"https:\/\/www.sf-germany.org\/einheiten\/uss-galathea\/wp-json\/wp\/v2\/pages"}],"about":[{"href":"https:\/\/www.sf-germany.org\/einheiten\/uss-galathea\/wp-json\/wp\/v2\/types\/page"}],"author":[{"embeddable":true,"href":"https:\/\/www.sf-germany.org\/einheiten\/uss-galathea\/wp-json\/wp\/v2\/users\/5"}],"replies":[{"embeddable":true,"href":"https:\/\/www.sf-germany.org\/einheiten\/uss-galathea\/wp-json\/wp\/v2\/comments?post=1946"}],"version-history":[{"count":6,"href":"https:\/\/www.sf-germany.org\/einheiten\/uss-galathea\/wp-json\/wp\/v2\/pages\/1946\/revisions"}],"predecessor-version":[{"id":1953,"href":"https:\/\/www.sf-germany.org\/einheiten\/uss-galathea\/wp-json\/wp\/v2\/pages\/1946\/revisions\/1953"}],"up":[{"embeddable":true,"href":"https:\/\/www.sf-germany.org\/einheiten\/uss-galathea\/wp-json\/wp\/v2\/pages\/2004"}],"wp:featuredmedia":[{"embeddable":true,"href":"https:\/\/www.sf-germany.org\/einheiten\/uss-galathea\/wp-json\/wp\/v2\/media\/1126"}],"wp:attachment":[{"href":"https:\/\/www.sf-germany.org\/einheiten\/uss-galathea\/wp-json\/wp\/v2\/media?parent=1946"}],"curies":[{"name":"wp","href":"https:\/\/api.w.org\/{rel}","templated":true}]}}