{"id":2084,"date":"2019-12-29T00:14:36","date_gmt":"2019-12-28T23:14:36","guid":{"rendered":"http:\/\/www.sf-germany.org\/einheiten\/uss-galathea\/?page_id=2084"},"modified":"2025-01-22T00:22:45","modified_gmt":"2025-01-21T23:22:45","slug":"miri-ghil","status":"publish","type":"page","link":"https:\/\/www.sf-germany.org\/einheiten\/uss-galathea\/die-crew\/nichtspielercharaktere\/miri-ghil\/","title":{"rendered":"Miri Ghil"},"content":{"rendered":"\n<div style=\"float: right; margin-left: 15px; margin-bottom: 15px; font-size: 11px; min-width: 350px; width: 25%; padding-left: 10px; padding-right: 10px;\">\n<p>\u00a0<\/p>\n<table style=\"width: 100%; border: 0px outset #003366; background: #ffffff; box-shadow: rgba(255, 255, 255, 0.75) 0.1em 0.1em 0.5em; border-radius: 1em; height: 547px;\" border=\"3\" cellspacing=\"10\" align=\"right\">\n<tbody>\n<tr style=\"height: 15px;\">\n<td style=\"font-weight: bold; border: 0px solid transparent; width: 100%; height: 15px;\" colspan=\"2\" align=\"center\">\u00a0<\/td>\n<\/tr>\n<tr style=\"height: 144px;\">\n<td style=\"background: transparent; border: 0px solid transparent; width: 100%; height: 144px;\" colspan=\"2\" align=\"center\"><img loading=\"lazy\" decoding=\"async\" class=\"aligncenter size-full wp-image-3285\" src=\"https:\/\/www.sf-germany.org\/einheiten\/uss-galathea\/wp-content\/uploads\/2020\/06\/Nopic.png\" alt=\"\" width=\"200\" height=\"300\" \/><\/td>\n<\/tr>\n<tr style=\"height: 15px;\">\n<td style=\"font-weight: bold; border: 0px solid transparent; width: 100%; height: 15px;\" colspan=\"2\" align=\"center\">Miri Ghil<\/td>\n<\/tr>\n<tr style=\"height: 15px;\">\n<td style=\"font-weight: bold; border: 0px solid transparent; width: 50%; height: 15px;\" align=\"right\" width=\"50%\">Status<\/td>\n<td style=\"border: 0px solid transparent; width: 50%; height: 15px;\" align=\"left\" width=\"50%\">NPC<\/td>\n<\/tr>\n<tr style=\"height: 15px;\">\n<td style=\"font-weight: bold; border: 0px solid transparent; width: 50%; height: 15px;\" align=\"right\" width=\"50%\">Spieler<\/td>\n<td style=\"border: 0px solid transparent; width: 50%; height: 15px;\" align=\"left\" width=\"50%\">Effi<\/td>\n<\/tr>\n<tr style=\"height: 15px;\">\n<td style=\"font-weight: bold; border: 0px solid #003366; background: #555555; box-shadow: rgba(255, 255, 255, 0.75) 0.1em 0.1em 0.5em; border-radius: 1em; width: 100%; height: 15px;\" colspan=\"2\" align=\"center\"><span style=\"color: #ffffff;\">Dienstliche Informationen<\/span><\/td>\n<\/tr>\n<tr style=\"height: 28px;\">\n<td style=\"font-weight: bold; border: 0px solid transparent; width: 50%; height: 28px;\" align=\"right\" width=\"50%\">Ranggrafik<\/td>\n<td style=\"border: 0px solid transparent; width: 50%; height: 28px;\" align=\"left\" width=\"50%\"><img loading=\"lazy\" decoding=\"async\" class=\"alignnone\" src=\"https:\/\/www.sf-germany.com\/images\/schemata\/sto\/rot\/po3.png\" alt=\"\" width=\"100\" height=\"25\" \/><\/td>\n<\/tr>\n<tr style=\"height: 15px;\">\n<td style=\"font-weight: bold; border: 0px solid transparent; width: 50%; height: 15px;\" align=\"right\" width=\"50%\">Rang<\/td>\n<td style=\"border: 0px solid transparent; width: 50%; height: 15px;\" align=\"left\" width=\"50%\">Petty Officer \/ Yeoman<\/td>\n<\/tr>\n<tr style=\"height: 15px;\">\n<td style=\"font-weight: bold; border: 0px solid transparent; width: 50%; height: 15px;\" align=\"right\" width=\"50%\">Posten<\/td>\n<td style=\"border: 0px solid transparent; width: 50%; height: 15px;\" align=\"left\" width=\"50%\">Adjutantin des CO<\/td>\n<\/tr>\n<tr style=\"height: 15px;\">\n<td style=\"font-weight: bold; border: 0px solid transparent; width: 50%; height: 15px;\" align=\"right\" width=\"50%\">Stationierung<\/td>\n<td style=\"border: 0px solid transparent; width: 50%; height: 15px;\" align=\"left\" width=\"50%\">USS Galathea<\/td>\n<\/tr>\n<tr style=\"height: 15px;\">\n<td style=\"font-weight: bold; border: 0px solid #003366; background: #555555; box-shadow: rgba(255, 255, 255, 0.75) 0.1em 0.1em 0.5em; border-radius: 1em; width: 100%; height: 15px;\" colspan=\"2\" align=\"center\"><span style=\"color: #ffffff;\">Physische Beschreibung<\/span><\/td>\n<\/tr>\n<tr style=\"height: 15px;\">\n<td style=\"font-weight: bold; border: 0px solid transparent; width: 50%; height: 15px;\" align=\"right\" width=\"50%\">Spezies<\/td>\n<td style=\"border: 0px solid transparent; width: 50%; height: 15px;\" align=\"left\" width=\"50%\">Trill<\/td>\n<\/tr>\n<tr style=\"height: 15px;\">\n<td style=\"font-weight: bold; border: 0px solid transparent; width: 50%; height: 15px;\" align=\"right\" width=\"50%\">Geschlecht<\/td>\n<td style=\"border: 0px solid transparent; width: 50%; height: 15px;\" align=\"left\" width=\"50%\">weiblich<\/td>\n<\/tr>\n<tr style=\"height: 15px;\">\n<td style=\"font-weight: bold; border: 0px solid transparent; width: 50%; height: 15px;\" align=\"right\" width=\"50%\">Gr\u00f6\u00dfe<\/td>\n<td style=\"border: 0px solid transparent; width: 50%; height: 15px;\" align=\"left\" width=\"50%\">\u00a0172 cm<\/td>\n<\/tr>\n<tr style=\"height: 15px;\">\n<td style=\"font-weight: bold; border: 0px solid transparent; width: 50%; height: 15px;\" align=\"right\" width=\"50%\">Gewicht<\/td>\n<td style=\"border: 0px solid transparent; width: 50%; height: 15px;\" align=\"left\" width=\"50%\">\u00a068 kg<\/td>\n<\/tr>\n<tr style=\"height: 15px;\">\n<td style=\"font-weight: bold; border: 0px solid transparent; width: 50%; height: 15px;\" align=\"right\" width=\"50%\">Hautfarbe<\/td>\n<td style=\"border: 0px solid transparent; width: 50%; height: 15px;\" align=\"left\" width=\"50%\">hell<\/td>\n<\/tr>\n<tr style=\"height: 15px;\">\n<td style=\"font-weight: bold; border: 0px solid transparent; width: 50%; height: 15px;\" align=\"right\" width=\"50%\">Haarfarbe<\/td>\n<td style=\"border: 0px solid transparent; width: 50%; height: 15px;\" align=\"left\" width=\"50%\">braun<\/td>\n<\/tr>\n<tr style=\"height: 15px;\">\n<td style=\"font-weight: bold; border: 0px solid transparent; width: 50%; height: 15px;\" align=\"right\" width=\"50%\">Augenfarbe<\/td>\n<td style=\"border: 0px solid transparent; width: 50%; height: 15px;\" align=\"left\" width=\"50%\">braun<\/td>\n<\/tr>\n<tr style=\"height: 15px;\">\n<td style=\"font-weight: bold; border: 0px solid #003366; background: #555555; box-shadow: rgba(255, 255, 255, 0.75) 0.1em 0.1em 0.5em; border-radius: 1em; width: 100%; height: 15px;\" colspan=\"2\" align=\"center\"><span style=\"color: #ffffff;\">Biographische Informationen<\/span><\/td>\n<\/tr>\n<tr style=\"height: 15px;\">\n<td style=\"font-weight: bold; border: 0px solid transparent; width: 50%; height: 15px;\" align=\"right\" width=\"50%\">Geburtsort<\/td>\n<td style=\"border: 0px solid transparent; width: 50%; height: 15px;\" align=\"left\" width=\"50%\">Trill<\/td>\n<\/tr>\n<tr style=\"height: 15px;\">\n<td style=\"font-weight: bold; border: 0px solid transparent; width: 50%; height: 15px;\" align=\"right\" width=\"50%\">Geburtstag<\/td>\n<td style=\"border: 0px solid transparent; width: 50%; height: 15px;\" align=\"left\" width=\"50%\">11.08. 2391<\/td>\n<\/tr>\n<tr style=\"height: 15px;\">\n<td style=\"font-weight: bold; border: 0px solid transparent; width: 50%; height: 15px;\" align=\"right\" width=\"50%\">Sexualit\u00e4t<\/td>\n<td style=\"border: 0px solid transparent; width: 50%; height: 15px;\" align=\"left\" width=\"50%\">hetero<\/td>\n<\/tr>\n<tr style=\"height: 15px;\">\n<td style=\"font-weight: bold; border: 0px solid transparent; width: 50%; height: 15px;\" align=\"right\" width=\"50%\">Familienstand<\/td>\n<td style=\"border: 0px solid transparent; width: 50%; height: 15px;\" align=\"left\" width=\"50%\">ledig<\/td>\n<\/tr>\n<tr style=\"height: 15px;\">\n<td style=\"font-weight: bold; border: 0px solid transparent; width: 50%; height: 15px;\" align=\"right\" width=\"50%\">Familie<\/td>\n<td style=\"border: 0px solid transparent; width: 50%; height: 15px;\" align=\"left\" width=\"50%\">keine Angabe<\/td>\n<\/tr>\n<tr style=\"height: 15px;\">\n<td style=\"font-weight: bold; border: 0px solid transparent; width: 50%; height: 15px;\" align=\"right\" width=\"50%\">Religion<\/td>\n<td style=\"border: 0px solid transparent; width: 50%; height: 15px;\" align=\"left\" width=\"50%\">keine Angabe<\/td>\n<\/tr>\n<tr style=\"height: 15px;\">\n<td style=\"font-weight: bold; border: 0px solid #003366; background: #555555; box-shadow: rgba(255, 255, 255, 0.75) 0.1em 0.1em 0.5em; border-radius: 1em; width: 100%; height: 15px;\" colspan=\"2\" align=\"center\"><span style=\"color: #ffffff;\">Politische informationen<\/span><\/td>\n<\/tr>\n<tr style=\"height: 15px;\">\n<td style=\"font-weight: bold; border: 0px solid transparent; width: 50%; height: 15px;\" align=\"right\" width=\"50%\">Buergerschaft<\/td>\n<td style=\"border: 0px solid transparent; width: 50%; height: 15px;\" align=\"left\" width=\"50%\">F\u00f6derationsb\u00fcrger<\/td>\n<\/tr>\n<\/tbody>\n<\/table>\n<\/div>\n<!-- Inhaltsverzeichnis -->\n<div style=\"width: 25%; padding: 10px; margin-bottom: 15px; font-size: 11px; border: 1px solid #333333; display: inline-block;\"><strong>Inhalt<\/strong>\n<ul>\n<li><a href=\"#beschreibung\">Beschreibung<\/a><\/li>\n<li><a href=\"#lebenslauf\">Lebenslauf<\/a><\/li>\n<li><a href=\"#psychologisches\">Psychologisches Profil<\/a><\/li>\n<li><a href=\"#ausbildung\">Ausbildung &amp; Spezialgebiete<\/a><\/li>\n<li><a href=\"#spezies\">Besonderheiten<\/a><\/li>\n<li><a href=\"#hobbies\">Hobbies<\/a><\/li>\n<li><a href=\"#medizinisches\">Medizinisches Profil<\/a><\/li>\n<li><a href=\"#familie\">Familie<\/a><\/li>\n<li><a href=\"#klassifiziert\">Klassifizierte Sektion<\/a><\/li>\n<\/ul>\n<\/div>\n<!-- Inhalte -->\n<h2><a id=\"beschreibung\"><\/a>Beschreibung<\/h2>\n<p><em>Aussehen \u00e4hnlich wie: <a href=\"https:\/\/www.flickr.com\/photos\/trekkiebeth\/13962151084\/\">https:\/\/www.flickr.com\/photos\/trekkiebeth\/13962151084\/<\/a><\/em><\/p>\n<p>Miri ist eine 172cm gro\u00dfe, unvereinigte Trill mit langen, braunen Haaren und charakteristischen, dunklen Hautflecken.<\/p>\n<hr \/>\n<h2><a id=\"lebenslauf\"><\/a>Lebenslauf<\/h2>\n<h3>Kindheit und Jugend<\/h3>\n<p>Miri wurde auf Trill geboren und wuchs dort auf. Ihre Mutter, selbst Hochschullehrerin, f\u00f6rderte die Bildung der jungen Trill stark, w\u00e4hrend ihr Vater als K\u00fcnstler t\u00e4tig und mehr in seinem Atelier als zu Hause war.<\/p>\n<h3>Ausbildung<\/h3>\n<p>Miri besuchte eine weiterf\u00fchrende Schule, entschied sich nach ihrem Abschluss aber gegen das von der Mutter gew\u00fcnschte Studium. Stattdessen schrieb sie sich bei der Sternenflotte ein &#8211; auch um von zu Hause wegzukommen.<\/p>\n<h3>Karriere bei der Sternenflotte<\/h3>\n<p>Miri hatte keine Interesse an den f\u00fcr die Offizierslaufbahn notwendigen Studien und schlug so den \u00fcblichen Weg eines Mannschaftsdienstgrades ein. Nach einer Grundausbildung bewarb sie sich auf einen Platz in der Verwaltung.<\/p>\n<h3>Tabellarischer Lebenslauf<\/h3>\n<table style=\"border-collapse: collapse; width: 59.6463%; height: 115px;\">\n<tbody>\n<tr style=\"height: 23px;\">\n<td style=\"width: 16.6332%; height: 23px;\"><strong>Jahr<\/strong><\/td>\n<td style=\"width: 43.0653%; height: 23px;\"><strong>Ereignis<\/strong><\/td>\n<\/tr>\n<tr style=\"height: 23px;\">\n<td style=\"width: 16.6332%; height: 23px;\">11.08. 2391<\/td>\n<td style=\"width: 43.0653%; height: 23px;\">Geburt auf Trill<\/td>\n<\/tr>\n<tr style=\"height: 23px;\">\n<td style=\"width: 16.6332%; height: 23px;\">Oktober 2410<\/td>\n<td style=\"width: 43.0653%; height: 23px;\">Beitritt zur Sternenflotte als Crewman Recruit<\/td>\n<\/tr>\n<tr>\n<td style=\"width: 16.6332%;\">Juli 2012<\/td>\n<td style=\"width: 43.0653%;\">Bef\u00f6rderung zum Crewman Apprentice<\/td>\n<\/tr>\n<tr>\n<td style=\"width: 16.6332%;\">August 2413<\/td>\n<td style=\"width: 43.0653%;\">Bef\u00f6rderung zum Crewman<\/td>\n<\/tr>\n<tr style=\"height: 23px;\">\n<td style=\"width: 16.6332%; height: 23px;\">Oktober 2415<\/td>\n<td style=\"width: 43.0653%; height: 23px;\">Bef\u00f6rderung zum Petty Officer 3rd class (Yeoman)<\/td>\n<\/tr>\n<tr style=\"height: 23px;\">\n<td style=\"width: 16.6332%; height: 23px;\">Dezember 2415<\/td>\n<td style=\"width: 43.0653%; height: 23px;\">Versetzung auf die USS Galathea, mit Wirkung zum 13.01.2416<\/td>\n<\/tr>\n<\/tbody>\n<\/table>\n<hr \/>\n<h2><a id=\"psychologisches\"><\/a>Psychologisches Profil<\/h2>\n<p>Miri hat eine fr\u00f6hliche, aufgeschlossene Pers\u00f6nlichkeit, die jede Aufgabe mit einer geh\u00f6rigen Portion Optimismus angeht. Sie ist zu jedem h\u00f6flich und freundlich und l\u00e4sst sich auch von griesgr\u00e4migen Offizieren nur schwer aus der Ruhe bringen.<\/p>\n<p>Sie erledigt ihre Aufgaben aufmerksam und gewissenhaft und hat ein Organisationstalent. Insbesondere versteht sie es, die Termine ihrer Vorgesetzten im Auge zu behalten und Priorit\u00e4ten bei Nachrichten zu setzen. Dabei arbeitet sie in ihrem Aufgabenbereich selbstst\u00e4ndig, tut sich aber schwer damit, kritische Entscheidungen zu treffen. Sie ist froh, wenn sie klare Anweisungen, Befehle und Kompetenzen hat, in deren Rahmen sie sich bewegen kann.<\/p>\n<p>Privat sucht sie Kontakte und Freundschaften, insbesondere auch im Bereich des Zeichnens und der Fotographie, hat es aber mit Beziehungen nicht eilig. Sie ist der Meinung, dass sie den Mann f\u00fcr&#8217;s Leben schon erkennen wird, wenn er ihr \u00fcber den Weg l\u00e4uft, und konzentriert sich derzeit erst einmal auf ihre Arbeit und die Karriere. Sich selbst w\u00fcrde Miri als gesellig bezeichnen, ihre Angewohnheit, fr\u00fch m\u00fcde zu werden und ins Bett zu wollen, ist aber f\u00fcr die meisten Parties und Feierlichkeiten eher hinderlich.<\/p>\n<h3>St\u00e4rken &amp; Schw\u00e4chen<\/h3>\n<p><strong>Positiv:<\/strong><\/p>\n<ul>\n<li>fr\u00f6hlich, ein richtiger Sonnenschein<\/li>\n<li>aufgeschlossen<\/li>\n<li>Organisationstalent<\/li>\n<\/ul>\n<p><strong>Negativ:<\/strong><\/p>\n<ul>\n<li>kein Nachttrill<\/li>\n<li>l\u00e4sst sich ungern hetzen<\/li>\n<li>mag keine akademischen Studien, ist eher eine Trill f\u00fcr&#8217;s Praktische<\/li>\n<li>trifft nicht gerne (schwere) Entscheidungen<\/li>\n<\/ul>\n<p><strong>Vorlieben:<\/strong><\/p>\n<ul>\n<li>Sonnenschein<\/li>\n<li>Blumen<\/li>\n<li>fr\u00fch aufstehen<\/li>\n<\/ul>\n<p><strong>Abneigungen:\u00a0<\/strong><\/p>\n<ul>\n<li>sp\u00e4t zu Bett gehen<\/li>\n<li>Machos &amp; Angeber<\/li>\n<\/ul>\n<h3>Disziplinarische Vermerke<\/h3>\n<ul>\n<li>Keine besonderen Eintr\u00e4ge<\/li>\n<\/ul>\n<hr \/>\n<h2><a id=\"ausbildung\"><\/a>Ausbildung &amp; Spezialgebiete<\/h2>\n<h3><strong>Zivile Vorbildung<\/strong><\/h3>\n<p>Weiterf\u00fchrende Schulbildung auf Trill.<\/p>\n<h3><strong>Ausbildung bei der Sternenflotte<\/strong><\/h3>\n<p>Miri hat die Laufbahn eines Mannschaftsdienstgrades eingeschlagen.<\/p>\n<p><strong>Schwerpunkt<\/strong><\/p>\n<ul>\n<li>Kommunikation &amp; Sprachen<\/li>\n<li>Fachkraft f\u00fcr B\u00fcrokommunikation<\/li>\n<li>Eventmanagement<\/li>\n<\/ul>\n<p><strong>Nebenf\u00e4cher<\/strong><\/p>\n<ul>\n<li>Protokoll und Dekorum<\/li>\n<li>Standardt\u00e4nze der Sternenflotte I &amp; II<\/li>\n<li>Bedienung bei Tisch<\/li>\n<li>Pressewesen und \u00d6ffentlichkeitsarbeit<\/li>\n<\/ul>\n<h2><strong>Sprachen<\/strong><\/h2>\n<ul>\n<li>Trill (Muttersprache)<\/li>\n<li>F\u00f6derationsstandard (sicher)<\/li>\n<li>Vulkanisch (fortgeschritten)<\/li>\n<li>Cardassianisch (fortgeschritten)<\/li>\n<li>Betazed (Grundlagen)<\/li>\n<\/ul>\n<h2><a id=\"spezies\"><\/a><strong>Besonderheiten der eigenen Spezies<\/strong><\/h2>\n<ul>\n<li>Allergie gegen Insektengifte<\/li>\n<\/ul>\n<h2><strong>Sonstiges<\/strong><\/h2>\n<ul>\n<li>Miri wird in Schwerelosigkeit sehr leicht schlecht<\/li>\n<\/ul>\n<hr \/>\n<h2><a id=\"hobbies\"><\/a>Hobbies<\/h2>\n<ul>\n<li>Querfl\u00f6te<\/li>\n<li>Zeichnen (Portr\u00e4ts, Halbakt, Akt)<\/li>\n<li>Modelling (klassisches Portr\u00e4ts, Fantasy, verdeckter Akt, Halbakt)<\/li>\n<\/ul>\n<hr \/>\n<h2><a id=\"medizinisches\"><\/a>Medizinisches Profil<\/h2>\n<table style=\"width: 100%; border-collapse: collapse; border-style: none;\">\n<tbody>\n<tr>\n<td style=\"width: 100%; border-style: none; border-left-width: 3px; border-left-style: solid; background-color: #e6dfdf;\">Petty Officer Ghil ist uneingeschr\u00e4nkt dienstf\u00e4hig. Ihre k\u00f6rperliche St\u00e4rke ist unterdurchschnittlich, ihr Lungenvolumen \u00fcberdurchschnittlich ausgepr\u00e4gt. In der Vergangenheit wurden menstruationsbedingte Schwankungen der Blutwerte festgestellt. Petty Officer Ghil wurden daher Nahrungserg\u00e4nzungsmittel verschrieben.<\/td>\n<\/tr>\n<tr>\n<td style=\"width: 100%; border-style: none;\">&#8212; Dr. med. Tara Loin, Stabs\u00e4rztin<\/td>\n<\/tr>\n<\/tbody>\n<\/table>\n<p><strong>Krankheiten &amp; Gesundheit:<\/strong><\/p>\n<ul>\n<li>keine Eintr\u00e4ge<\/li>\n<\/ul>\n<hr \/>\n<h2><a id=\"familie\"><\/a>Familie<\/h2>\n<hr \/>\n<h2><a id=\"klassifiziert\"><\/a>Klassifzierte Sektion<\/h2>\n<p>Keine Eintr\u00e4ge<\/p>\n","protected":false},"excerpt":{"rendered":"<p>\u00a0 \u00a0 Miri Ghil Status NPC Spieler Effi Dienstliche Informationen Ranggrafik Rang Petty Officer \/ Yeoman Posten Adjutantin des CO Stationierung USS Galathea Physische Beschreibung Spezies Trill Geschlecht weiblich Gr\u00f6\u00dfe \u00a0172 cm Gewicht \u00a068 kg Hautfarbe hell Haarfarbe braun Augenfarbe braun Biographische Informationen Geburtsort Trill Geburtstag 11.08. 2391 Sexualit\u00e4t hetero Familienstand ledig Familie keine Angabe [&hellip;]<\/p>\n","protected":false},"author":5,"featured_media":1126,"parent":2004,"menu_order":10,"comment_status":"closed","ping_status":"closed","template":"","meta":{"footnotes":""},"class_list":["post-2084","page","type-page","status-publish","has-post-thumbnail","hentry"],"publishpress_future_action":{"enabled":false,"date":"2026-05-08 14:21:36","action":"change-status","newStatus":"draft","terms":[],"taxonomy":"","extraData":[]},"publishpress_future_workflow_manual_trigger":{"enabledWorkflows":[]},"_links":{"self":[{"href":"https:\/\/www.sf-germany.org\/einheiten\/uss-galathea\/wp-json\/wp\/v2\/pages\/2084","targetHints":{"allow":["GET"]}}],"collection":[{"href":"https:\/\/www.sf-germany.org\/einheiten\/uss-galathea\/wp-json\/wp\/v2\/pages"}],"about":[{"href":"https:\/\/www.sf-germany.org\/einheiten\/uss-galathea\/wp-json\/wp\/v2\/types\/page"}],"author":[{"embeddable":true,"href":"https:\/\/www.sf-germany.org\/einheiten\/uss-galathea\/wp-json\/wp\/v2\/users\/5"}],"replies":[{"embeddable":true,"href":"https:\/\/www.sf-germany.org\/einheiten\/uss-galathea\/wp-json\/wp\/v2\/comments?post=2084"}],"version-history":[{"count":15,"href":"https:\/\/www.sf-germany.org\/einheiten\/uss-galathea\/wp-json\/wp\/v2\/pages\/2084\/revisions"}],"predecessor-version":[{"id":9128,"href":"https:\/\/www.sf-germany.org\/einheiten\/uss-galathea\/wp-json\/wp\/v2\/pages\/2084\/revisions\/9128"}],"up":[{"embeddable":true,"href":"https:\/\/www.sf-germany.org\/einheiten\/uss-galathea\/wp-json\/wp\/v2\/pages\/2004"}],"wp:featuredmedia":[{"embeddable":true,"href":"https:\/\/www.sf-germany.org\/einheiten\/uss-galathea\/wp-json\/wp\/v2\/media\/1126"}],"wp:attachment":[{"href":"https:\/\/www.sf-germany.org\/einheiten\/uss-galathea\/wp-json\/wp\/v2\/media?parent=2084"}],"curies":[{"name":"wp","href":"https:\/\/api.w.org\/{rel}","templated":true}]}}