{"id":2320,"date":"2020-01-16T15:08:54","date_gmt":"2020-01-16T14:08:54","guid":{"rendered":"http:\/\/www.sf-germany.org\/einheiten\/uss-galathea\/?page_id=2320"},"modified":"2020-06-21T15:01:37","modified_gmt":"2020-06-21T13:01:37","slug":"tools","status":"publish","type":"page","link":"https:\/\/www.sf-germany.org\/einheiten\/uss-galathea\/nrpg\/tools\/","title":{"rendered":"Tools"},"content":{"rendered":"<p>Diese Seite listet n\u00fctzliche Seiten, Hilfsmittel und Programm auf, um das RPG-Schreiben zu erleichtern. Wenn euch etwas einf\u00e4llt, erg\u00e4nzt bitte gerne.<\/p>\n\n<h2>Informative Webseiten<\/h2>\n<ul>\n<li><a href=\"https:\/\/memory-alpha.wiki\/wiki\/Hauptseite\">Memory Alpha<\/a> (mehrsprachig) ist vermutlich DIE Wissensquelle f\u00fcr kanonische Informationen aus dem Star Trek Universum. Das Wiki von Fans f\u00fcr Fans ist eine Fundgrube f\u00fcr Informationen aus allen Staffeln und Filmen.<\/li>\n<\/ul>\n<h2>Schreibtools<\/h2>\n<ul>\n<li><a href=\"https:\/\/de.wikipedia.org\/wiki\/Etherpad\">Etherpad<\/a> ist ein kollaborativer, webbasierter Texteditor mit dem sich einfach CoPosts verfassen lassen. Mittlerweile gibt es verschiedene freie Anbieter.\n<ul>\n<li><a href=\"https:\/\/yourpart.eu\/\">https:\/\/yourpart.eu\/\u00a0<\/a><\/li>\n<\/ul>\n<\/li>\n<\/ul>\n","protected":false},"excerpt":{"rendered":"<p>Diese Seite listet n\u00fctzliche Seiten, Hilfsmittel und Programm auf, um das RPG-Schreiben zu erleichtern. Wenn euch etwas einf\u00e4llt, erg\u00e4nzt bitte gerne. Informative Webseiten Memory Alpha (mehrsprachig) ist vermutlich DIE Wissensquelle f\u00fcr kanonische Informationen aus dem Star Trek Universum. Das Wiki von Fans f\u00fcr Fans ist eine Fundgrube f\u00fcr Informationen aus allen Staffeln und Filmen. Schreibtools [&hellip;]<\/p>\n","protected":false},"author":1,"featured_media":1126,"parent":1061,"menu_order":0,"comment_status":"closed","ping_status":"closed","template":"","meta":{"footnotes":""},"class_list":["post-2320","page","type-page","status-publish","has-post-thumbnail","hentry"],"publishpress_future_action":{"enabled":false,"date":"2026-05-23 14:09:22","action":"change-status","newStatus":"draft","terms":[],"taxonomy":"","extraData":[]},"publishpress_future_workflow_manual_trigger":{"enabledWorkflows":[]},"_links":{"self":[{"href":"https:\/\/www.sf-germany.org\/einheiten\/uss-galathea\/wp-json\/wp\/v2\/pages\/2320","targetHints":{"allow":["GET"]}}],"collection":[{"href":"https:\/\/www.sf-germany.org\/einheiten\/uss-galathea\/wp-json\/wp\/v2\/pages"}],"about":[{"href":"https:\/\/www.sf-germany.org\/einheiten\/uss-galathea\/wp-json\/wp\/v2\/types\/page"}],"author":[{"embeddable":true,"href":"https:\/\/www.sf-germany.org\/einheiten\/uss-galathea\/wp-json\/wp\/v2\/users\/1"}],"replies":[{"embeddable":true,"href":"https:\/\/www.sf-germany.org\/einheiten\/uss-galathea\/wp-json\/wp\/v2\/comments?post=2320"}],"version-history":[{"count":4,"href":"https:\/\/www.sf-germany.org\/einheiten\/uss-galathea\/wp-json\/wp\/v2\/pages\/2320\/revisions"}],"predecessor-version":[{"id":2326,"href":"https:\/\/www.sf-germany.org\/einheiten\/uss-galathea\/wp-json\/wp\/v2\/pages\/2320\/revisions\/2326"}],"up":[{"embeddable":true,"href":"https:\/\/www.sf-germany.org\/einheiten\/uss-galathea\/wp-json\/wp\/v2\/pages\/1061"}],"wp:featuredmedia":[{"embeddable":true,"href":"https:\/\/www.sf-germany.org\/einheiten\/uss-galathea\/wp-json\/wp\/v2\/media\/1126"}],"wp:attachment":[{"href":"https:\/\/www.sf-germany.org\/einheiten\/uss-galathea\/wp-json\/wp\/v2\/media?parent=2320"}],"curies":[{"name":"wp","href":"https:\/\/api.w.org\/{rel}","templated":true}]}}