{"id":2391,"date":"2020-02-15T09:15:46","date_gmt":"2020-02-15T08:15:46","guid":{"rendered":"http:\/\/www.sf-germany.org\/einheiten\/uss-galathea\/?page_id=2391"},"modified":"2021-06-04T16:58:41","modified_gmt":"2021-06-04T14:58:41","slug":"idris-vilato","status":"publish","type":"page","link":"https:\/\/www.sf-germany.org\/einheiten\/uss-galathea\/die-crew\/nichtspielercharaktere\/idris-vilato\/","title":{"rendered":"Idris Vilato"},"content":{"rendered":"\r\n<div style=\"float: right; margin-left: 15px; margin-bottom: 15px; font-size: 11px; min-width: 350px; width: 25%; padding-left: 10px; padding-right: 10px;\">\r\n<table style=\"width: 100%; border: 0px outset #003366; background: #ffffff; box-shadow: rgba(255, 255, 255, 0.75) 0.1em 0.1em 0.5em; border-radius: 1em; height: 532px;\" border=\"3\" cellspacing=\"10\" align=\"right\">\r\n<tbody>\r\n<tr style=\"height: 15px;\">\r\n<td style=\"font-weight: bold; border: 0px solid transparent; width: 100%; height: 15px;\" colspan=\"2\" align=\"center\">\u00a0<\/td>\r\n<\/tr>\r\n<tr style=\"height: 144px;\">\r\n<td style=\"background: transparent; border: 0px solid transparent; width: 100%; height: 144px;\" colspan=\"2\" align=\"center\"><img loading=\"lazy\" decoding=\"async\" class=\"alignnone size-full wp-image-3285\" src=\"https:\/\/www.sf-germany.org\/einheiten\/uss-galathea\/wp-content\/uploads\/2020\/06\/Nopic.png\" alt=\"\" width=\"200\" height=\"300\" \/><\/td>\r\n<\/tr>\r\n<tr style=\"height: 15px;\">\r\n<td style=\"font-weight: bold; border: 0px solid transparent; width: 100%; height: 15px;\" colspan=\"2\" align=\"center\">Idris Vilato<\/td>\r\n<\/tr>\r\n<tr style=\"height: 15px;\">\r\n<td style=\"font-weight: bold; border: 0px solid transparent; width: 50%; height: 15px;\" align=\"right\" width=\"50%\">Status<\/td>\r\n<td style=\"border: 0px solid transparent; width: 50%; height: 15px;\" align=\"left\" width=\"50%\">NPC<\/td>\r\n<\/tr>\r\n<tr style=\"height: 15px;\">\r\n<td style=\"font-weight: bold; border: 0px solid #003366; background: #555555; box-shadow: rgba(255, 255, 255, 0.75) 0.1em 0.1em 0.5em; border-radius: 1em; width: 100%; height: 15px;\" colspan=\"2\" align=\"center\"><span style=\"color: #ffffff;\">Dienstliche Informationen<\/span><\/td>\r\n<\/tr>\r\n<tr style=\"height: 28px;\">\r\n<td style=\"font-weight: bold; border: 0px solid transparent; width: 50%; height: 28px;\" align=\"right\" width=\"50%\">Ranggrafik<\/td>\r\n<td style=\"border: 0px solid transparent; width: 50%; height: 28px;\" align=\"left\" width=\"50%\"><img loading=\"lazy\" decoding=\"async\" class=\"alignnone\" src=\"https:\/\/www.sf-germany.com\/images\/schemata\/sto\/weiss\/ziv.png\" alt=\"\" width=\"100\" height=\"25\" \/><\/td>\r\n<\/tr>\r\n<tr style=\"height: 15px;\">\r\n<td style=\"font-weight: bold; border: 0px solid transparent; width: 50%; height: 15px;\" align=\"right\" width=\"50%\">Rang<\/td>\r\n<td style=\"border: 0px solid transparent; width: 50%; height: 15px;\" align=\"left\" width=\"50%\">Zivilist<\/td>\r\n<\/tr>\r\n<tr style=\"height: 15px;\">\r\n<td style=\"font-weight: bold; border: 0px solid transparent; width: 50%; height: 15px;\" align=\"right\" width=\"50%\">Posten<\/td>\r\n<td style=\"border: 0px solid transparent; width: 50%; height: 15px;\" align=\"left\" width=\"50%\">Sexual- und Paartherapeut, Entspannungstrainer, Tandralehrer, Masseur<\/td>\r\n<\/tr>\r\n<tr style=\"height: 15px;\">\r\n<td style=\"font-weight: bold; border: 0px solid transparent; width: 50%; height: 15px;\" align=\"right\" width=\"50%\">Stationierung<\/td>\r\n<td style=\"border: 0px solid transparent; width: 50%; height: 15px;\" align=\"left\" width=\"50%\">USS Galathea<\/td>\r\n<\/tr>\r\n<tr style=\"height: 15px;\">\r\n<td style=\"font-weight: bold; border: 0px solid #003366; background: #555555; box-shadow: rgba(255, 255, 255, 0.75) 0.1em 0.1em 0.5em; border-radius: 1em; width: 100%; height: 15px;\" colspan=\"2\" align=\"center\"><span style=\"color: #ffffff;\">Physische Beschreibung<\/span><\/td>\r\n<\/tr>\r\n<tr style=\"height: 15px;\">\r\n<td style=\"font-weight: bold; border: 0px solid transparent; width: 50%; height: 15px;\" align=\"right\" width=\"50%\">Spezies<\/td>\r\n<td style=\"border: 0px solid transparent; width: 50%; height: 15px;\" align=\"left\" width=\"50%\">Risaner<\/td>\r\n<\/tr>\r\n<tr style=\"height: 15px;\">\r\n<td style=\"font-weight: bold; border: 0px solid transparent; width: 50%; height: 15px;\" align=\"right\" width=\"50%\">Geschlecht<\/td>\r\n<td style=\"border: 0px solid transparent; width: 50%; height: 15px;\" align=\"left\" width=\"50%\">m<\/td>\r\n<\/tr>\r\n<tr style=\"height: 15px;\">\r\n<td style=\"font-weight: bold; border: 0px solid transparent; width: 50%; height: 15px;\" align=\"right\" width=\"50%\">Gr\u00f6\u00dfe<\/td>\r\n<td style=\"border: 0px solid transparent; width: 50%; height: 15px;\" align=\"left\" width=\"50%\">187 cm<\/td>\r\n<\/tr>\r\n<tr style=\"height: 15px;\">\r\n<td style=\"font-weight: bold; border: 0px solid transparent; width: 50%; height: 15px;\" align=\"right\" width=\"50%\">Gewicht<\/td>\r\n<td style=\"border: 0px solid transparent; width: 50%; height: 15px;\" align=\"left\" width=\"50%\">\u00a098 kg<\/td>\r\n<\/tr>\r\n<tr style=\"height: 15px;\">\r\n<td style=\"font-weight: bold; border: 0px solid transparent; width: 50%; height: 15px;\" align=\"right\" width=\"50%\">Hautfarbe<\/td>\r\n<td style=\"border: 0px solid transparent; width: 50%; height: 15px;\" align=\"left\" width=\"50%\">braungebrannt<\/td>\r\n<\/tr>\r\n<tr style=\"height: 15px;\">\r\n<td style=\"font-weight: bold; border: 0px solid transparent; width: 50%; height: 15px;\" align=\"right\" width=\"50%\">Haarfarbe<\/td>\r\n<td style=\"border: 0px solid transparent; width: 50%; height: 15px;\" align=\"left\" width=\"50%\">dunkel, gelockt<\/td>\r\n<\/tr>\r\n<tr style=\"height: 15px;\">\r\n<td style=\"font-weight: bold; border: 0px solid transparent; width: 50%; height: 15px;\" align=\"right\" width=\"50%\">Augenfarbe<\/td>\r\n<td style=\"border: 0px solid transparent; width: 50%; height: 15px;\" align=\"left\" width=\"50%\">Caf\u00e9<\/td>\r\n<\/tr>\r\n<tr style=\"height: 15px;\">\r\n<td style=\"font-weight: bold; border: 0px solid #003366; background: #555555; box-shadow: rgba(255, 255, 255, 0.75) 0.1em 0.1em 0.5em; border-radius: 1em; width: 100%; height: 15px;\" colspan=\"2\" align=\"center\"><span style=\"color: #ffffff;\">Biographische Informationen<\/span><\/td>\r\n<\/tr>\r\n<tr style=\"height: 15px;\">\r\n<td style=\"font-weight: bold; border: 0px solid transparent; width: 50%; height: 15px;\" align=\"right\" width=\"50%\">Geburtsort<\/td>\r\n<td style=\"border: 0px solid transparent; width: 50%; height: 15px;\" align=\"left\" width=\"50%\">Risa<\/td>\r\n<\/tr>\r\n<tr style=\"height: 15px;\">\r\n<td style=\"font-weight: bold; border: 0px solid transparent; width: 50%; height: 15px;\" align=\"right\" width=\"50%\">Geburtstag<\/td>\r\n<td style=\"border: 0px solid transparent; width: 50%; height: 15px;\" align=\"left\" width=\"50%\">23.08.2382<\/td>\r\n<\/tr>\r\n<tr style=\"height: 15px;\">\r\n<td style=\"font-weight: bold; border: 0px solid transparent; width: 50%; height: 15px;\" align=\"right\" width=\"50%\">Sexualit\u00e4t<\/td>\r\n<td style=\"border: 0px solid transparent; width: 50%; height: 15px;\" align=\"left\" width=\"50%\">hetero<\/td>\r\n<\/tr>\r\n<tr style=\"height: 15px;\">\r\n<td style=\"font-weight: bold; border: 0px solid transparent; width: 50%; height: 15px;\" align=\"right\" width=\"50%\">Familienstand<\/td>\r\n<td style=\"border: 0px solid transparent; width: 50%; height: 15px;\" align=\"left\" width=\"50%\">ledig<\/td>\r\n<\/tr>\r\n<tr style=\"height: 15px;\">\r\n<td style=\"font-weight: bold; border: 0px solid transparent; width: 50%; height: 15px;\" align=\"right\" width=\"50%\">Familie<\/td>\r\n<td style=\"border: 0px solid transparent; width: 50%; height: 15px;\" align=\"left\" width=\"50%\">\u00a0<\/td>\r\n<\/tr>\r\n<tr style=\"height: 15px;\">\r\n<td style=\"font-weight: bold; border: 0px solid transparent; width: 50%; height: 15px;\" align=\"right\" width=\"50%\">Religion<\/td>\r\n<td style=\"border: 0px solid transparent; width: 50%; height: 15px;\" align=\"left\" width=\"50%\">Hedonist<\/td>\r\n<\/tr>\r\n<tr style=\"height: 15px;\">\r\n<td style=\"font-weight: bold; border: 0px solid #003366; background: #555555; box-shadow: rgba(255, 255, 255, 0.75) 0.1em 0.1em 0.5em; border-radius: 1em; width: 100%; height: 15px;\" colspan=\"2\" align=\"center\"><span style=\"color: #ffffff;\">Politische informationen<\/span><\/td>\r\n<\/tr>\r\n<tr style=\"height: 15px;\">\r\n<td style=\"font-weight: bold; border: 0px solid transparent; width: 50%; height: 15px;\" align=\"right\" width=\"50%\">Buergerschaft<\/td>\r\n<td style=\"border: 0px solid transparent; width: 50%; height: 15px;\" align=\"left\" width=\"50%\">F\u00f6derationsb\u00fcrger<\/td>\r\n<\/tr>\r\n<\/tbody>\r\n<\/table>\r\n<\/div>\r\n<!-- Inhaltsverzeichnis -->\r\n<div style=\"width: 25%; padding: 10px; margin-bottom: 15px; font-size: 11px; border: 1px solid #333333; display: inline-block;\"><strong>Inhalt<\/strong>\r\n<ul>\r\n<li><a href=\"#beschreibung\">Beschreibung<\/a><\/li>\r\n<li><a href=\"#lebenslauf\">Lebenslauf<\/a><\/li>\r\n<li><a href=\"#psychologisches\">Psychologisches Profil<\/a><\/li>\r\n<li><a href=\"#ausbildung\">Ausbildung &amp; Spezialgebiete<\/a><\/li>\r\n<li><a href=\"#spezies\">Besonderheiten<\/a><\/li>\r\n<li><a href=\"#hobbies\">Hobbies<\/a><\/li>\r\n<li><a href=\"#medizinisches\">Medizinisches Profil<\/a><\/li>\r\n<li><a href=\"#familie\">Familie<\/a><\/li>\r\n<li><a href=\"#klassifiziert\">Klassifizierte Sektion<\/a><\/li>\r\n<\/ul>\r\n<\/div>\r\n<!-- Inhalte -->\r\n<h2><a id=\"beschreibung\"><\/a>Beschreibung<\/h2>\r\n<p>Idris Vilato ist ein braungebrannter, gut aussehender m\u00e4nnlicher Risaner mit langen, dunklen Locken und feurigem Blick. Der muskul\u00f6se, breitschultrige, 187cm gro\u00dfe Mann mit den gro\u00dfen H\u00e4nden kann allein durch seine Anwesenheit Fantasien ausl\u00f6sen.<\/p>\r\n<p>Typisch ist das risanische Symbol auf seiner Stirn.<\/p>\r\n<p>Idris bevorzugt lockere, bequeme aber modische Kleidung, die seine Vorz\u00fcge betonen und schnelles An- \/ Entkleiden erlauben. Er hat nichts gegen transparente Stoffe, vermeidet aber (f\u00fcr Sternenflottenverh\u00e4ltnisse) offen anst\u00f6\u00dfige Kleidung.<\/p>\r\n<hr \/>\r\n<h2><a id=\"lebenslauf\"><\/a>Lebenslauf<\/h2>\r\n<h3>Kindheit und Jugend<\/h3>\r\n<p>Idris wurde 2384 auf Risa geboren. Er wuchs in einer Gro\u00dffamilie mit mehreren Kindern \u00e4hnlichen Alters auf.<\/p>\r\n<h3>Ausbildung<\/h3>\r\n<p>Mit 16 begann Idris eine Ausbildung zum Entspannungstrainer und Masseur, um zu lernen, anderen Freude zu spenden und ihnen Wohlbefinden und Entspannung zu verschaffen.\u00a0<\/p>\r\n<p>2401 beschloss er dann, eine &#8218;hedonistische Reise&#8216; anzutreten, um seine Kenntnisse anderer Spezies zu vertiefen, da er glaubte, auf Risa nicht alles lernen zu k\u00f6nnen, was er wollte. Zwei Jahre lang bereiste er Teile des Quadranten, ehe er 2403 schlie\u00dflich auf der Erde &#8217;standete&#8216;.\u00a0<\/p>\r\n<p>In San Francisco wurde er Teil einer hedonistischen Community und warf sich in das Partyleben. Erst mit der Zeit wurde er vern\u00fcnftiger und nahm seine Ausbildung wieder auf.<\/p>\r\n<p>2413 erhielt er die Zulassung als Paar- und Sexualtherapeut im F\u00f6derationsraum.<\/p>\r\n<h3>Karriere bei der Sternenflotte<\/h3>\r\n<p>2414 bewarb er sich das erste Mal um eine Stelle auf einem Sternenflottenschiff, erhielt aber mangels Bedarf eine Absage. Als er sich ein Jahr sp\u00e4ter erneut bewarb, wurde er als ziviler Dienstleister auf der USS Galathea angestellt.<\/p>\r\n<h3>Tabellarischer Lebenslauf<\/h3>\r\n<table style=\"border-collapse: collapse; width: 65.7594%; height: 96px;\">\r\n<tbody>\r\n<tr style=\"height: 24px;\">\r\n<td style=\"width: 11.0945%; height: 24px;\"><strong>Datum<\/strong><\/td>\r\n<td style=\"width: 54.6649%; height: 24px;\"><strong>Ereignis<\/strong><\/td>\r\n<\/tr>\r\n<tr style=\"height: 24px;\">\r\n<td style=\"width: 11.0945%; height: 24px;\">2382<\/td>\r\n<td style=\"width: 54.6649%; height: 24px;\">Geburt auf Risa<\/td>\r\n<\/tr>\r\n<tr style=\"height: 24px;\">\r\n<td style=\"width: 11.0945%; height: 24px;\">2401<\/td>\r\n<td style=\"width: 54.6649%; height: 24px;\">Beginn einer &#8222;hedonistischen Reise&#8220;<\/td>\r\n<\/tr>\r\n<tr>\r\n<td style=\"width: 11.0945%;\">2403<\/td>\r\n<td style=\"width: 54.6649%;\">Idris &#8222;strandet&#8220; in Ausschweifungen auf der Erde<\/td>\r\n<\/tr>\r\n<tr style=\"height: 24px;\">\r\n<td style=\"width: 11.0945%; height: 24px;\">2413<\/td>\r\n<td style=\"width: 54.6649%; height: 24px;\">Zulassung als Paar- und Sexualtherapeut<\/td>\r\n<\/tr>\r\n<tr>\r\n<td style=\"width: 11.0945%;\">2416<\/td>\r\n<td style=\"width: 54.6649%;\">Statt mit der USS Galathea ins All, zur Fortsetzung seiner Reise<\/td>\r\n<\/tr>\r\n<\/tbody>\r\n<\/table>\r\n<hr \/>\r\n<h2><a id=\"psychologisches\"><\/a>Psychologisches Profil<\/h2>\r\n<p>Idris hat eine sehr offene und aufgeschlossene Pers\u00f6nlichkeit sowie ein ausgesprochen sonniges Gem\u00fct. F\u00fcr ihn gibt es kaum wirkliche Probleme, sondern nur Herausforderungen. Das Leben ist f\u00fcr ihn ein Strom, auf dem man dahin treibt und den man nehmen muss, wie er kommt. Das hilft ihm dabei, auch schwere Schicksalsschl\u00e4ge und tragische Vorf\u00e4lle als &#8218;Teil des Lebens&#8216; zu akzeptieren und dar\u00fcber hinweg zu kommen.<\/p>\r\n<p>Trotz seiner oftmals sorglosen Art, nimmt er seine &#8218;Arbeit&#8216; ernst und sieht es als seine Berufung an, den Wesen der F\u00f6deration zu helfen, ihre Sorgen hinter sich zu lassen, sich zu entspannen und Schwierigkeiten zu \u00fcberwinden.<\/p>\r\n<p>Die Motivation f\u00fcr seine Bewerbung bei der Sternenflotte ist die Fortsetzung seiner Reise &#8211; die f\u00fcr ihn durchaus einen spirituellen Kontext hat &#8211; um andere V\u00f6lker, Sitte und (Sexual-) Br\u00e4uche kennen zu lernen.<\/p>\r\n<h3>St\u00e4rken &amp; Schw\u00e4chen<\/h3>\r\n<p><strong>Positiv:<\/strong><\/p>\r\n<ul>\r\n<li>aufgeschlossen<\/li>\r\n<li>sieht alles positiv<\/li>\r\n<\/ul>\r\n<p><strong>Negativ:<\/strong><\/p>\r\n<ul>\r\n<li>aufgeschlossen<\/li>\r\n<li>sieht alles positiv<\/li>\r\n<\/ul>\r\n<p><strong>Vorlieben:<\/strong><\/p>\r\n<ul>\r\n<li>gelenkige Sexualpartner<\/li>\r\n<\/ul>\r\n<p><strong>Abneigungen:\u00a0<\/strong><\/p>\r\n<ul>\r\n<li>Miesmacher und Spa\u00dfverderber<\/li>\r\n<li>zu starre Regeln<\/li>\r\n<\/ul>\r\n<h3>Personalakte &amp; Disziplinarische Vermerke<\/h3>\r\n<ul>\r\n<li>\u00a0<\/li>\r\n<\/ul>\r\n<hr \/>\r\n<h2><a id=\"ausbildung\"><\/a>Ausbildung &amp; Spezialgebiete<\/h2>\r\n<h3><strong>Zivile Vorbildung<\/strong><\/h3>\r\n<ul>\r\n<li>Paartherapie<\/li>\r\n<li>Sexualtherapie<\/li>\r\n<li>Massagen\r\n<ul>\r\n<li>Entspannungsmassagen<\/li>\r\n<li>Sexualmassagen<\/li>\r\n<li>Tandramassagen<\/li>\r\n<\/ul>\r\n<\/li>\r\n<li>Entspannungscoach<\/li>\r\n<li>Zertifizierter Tandralehrer<\/li>\r\n<\/ul>\r\n<h2><strong>Fort- und Weiterbilungen<\/strong><\/h2>\r\n<ul>\r\n<li>Prinzipien der F\u00f6deration<\/li>\r\n<li>Grundlagen des Betriebs eines Sternenflottenschiffs<\/li>\r\n<li>Sternenflotten-Insignien und -R\u00e4nge, Kommandostrukturen<\/li>\r\n<\/ul>\r\n<h2><strong>Sprachen<\/strong><\/h2>\r\n<ul>\r\n<li>F\u00f6derationsstandard<\/li>\r\n<li>Risanisch<\/li>\r\n<li>Bettgefl\u00fcster in einigen anderen Sprachen<\/li>\r\n<\/ul>\r\n<h2><a id=\"spezies\"><\/a><strong>Besonderheiten der eigenen Spezies<\/strong><\/h2>\r\n<p>Keine<\/p>\r\n<h2><strong>Sonstiges<\/strong><\/h2>\r\n<ul>\r\n<li>\u00a0<\/li>\r\n<\/ul>\r\n<hr \/>\r\n<h2><a id=\"hobbies\"><\/a>Hobbies<\/h2>\r\n<ul>\r\n<li>Tandra<\/li>\r\n<li>Betazoidisches Jah&#8217;val<\/li>\r\n<li>Konsumieren von gutem Essen<\/li>\r\n<li>Besuchen von Feiern<\/li>\r\n<li>Ausrichten von Feiern<\/li>\r\n<\/ul>\r\n<hr \/>\r\n<h2><a id=\"medizinisches\"><\/a>Medizinisches Profil<\/h2>\r\n<p>Idris ist ein ausdauernder Risaner in den besten Jahren und erfreut sich bester Gesundheit.<\/p>\r\n<p><strong>Krankheiten &amp; Gesundheit:<\/strong><\/p>\r\n<ul>\r\n<li>Idris hat so ziemlich alle Schutzimpfungen, die man sich vorstellen kann<\/li>\r\n<li>Idris tr\u00e4gt ein Implantat (linker Arm), dass die Fruchtbarkeit der Spermien drastisch verringert und als Verh\u00fctungsmittel dient. Dieses muss alle 3 Jahre ausgetauscht werden.<\/li>\r\n<\/ul>\r\n<hr \/>\r\n<h2><a id=\"familie\"><\/a>Familie<\/h2>\r\n<h2>Bekanntschaften<\/h2>\r\n<ul>\r\n<li>Idris kennt die CWI der Galathea,\u00a0<a href=\"https:\/\/www.sf-germany.org\/einheiten\/uss-galathea\/die-crew\/spielercharaktere\/srivani-mukherjee\/\">Srivani Mukherjee<\/a>, von deren &#8222;Partyzeit&#8220; auf der Erde.<\/li>\r\n<\/ul>\r\n<hr \/>\r\n<h2><a id=\"klassifiziert\"><\/a>Klassifizierte Sektion<\/h2>\r\n<p>Keine Eintr\u00e4ge<\/p>\r\n<hr \/>\r\n<h1>NRPG<\/h1>\r\n<p>Idris ist ein wenig nach dem Stereotyp modelliert, der nichts wirklich ernst nimmt und letztendlich in Richtung eigens\u00fcchtiger Hedonist geht. Sein Vergn\u00fcgen ist wichtig &#8211; das der anderen nur, so lange es seinem dient. &#8222;No strings attached&#8220; und alles bleibt unverbindlich. Er kann sich emotional leicht abkoppeln &#8211; und erwartet, dass andere das auch k\u00f6nnen. Als solcher eignet er sich gut als &#8222;B\u00f6sewicht&#8220; in Beziehungsdramen, ohne wirklich b\u00f6se zu sein &#8211; denn es ist immer ein Verweis auf den anderen kulturellen Hintergrund m\u00f6glich.<\/p>\r\n<p>Idris hat keine &#8222;verborgene&#8220; Agenda im Sinne dass er Spion oder ein &#8222;evil mastermind&#8220; w\u00e4re. Er ist einfach nur ein gut aussehender Risaner (der sich noch dazu gut darauf versteht, andere psychologisch von sich abh\u00e4ngig zu machen), dessen Ansichten eine Beziehung mit Nicht-Risaner leicht toxisch machen k\u00f6nnen.<\/p>\r\n","protected":false},"excerpt":{"rendered":"<p>\u00a0 Idris Vilato Status NPC Dienstliche Informationen Ranggrafik Rang Zivilist Posten Sexual- und Paartherapeut, Entspannungstrainer, Tandralehrer, Masseur Stationierung USS Galathea Physische Beschreibung Spezies Risaner Geschlecht m Gr\u00f6\u00dfe 187 cm Gewicht \u00a098 kg Hautfarbe braungebrannt Haarfarbe dunkel, gelockt Augenfarbe Caf\u00e9 Biographische Informationen Geburtsort Risa Geburtstag 23.08.2382 Sexualit\u00e4t hetero Familienstand ledig Familie \u00a0 Religion Hedonist Politische informationen [&hellip;]<\/p>\n","protected":false},"author":5,"featured_media":1126,"parent":2004,"menu_order":100,"comment_status":"closed","ping_status":"closed","template":"","meta":{"footnotes":""},"class_list":["post-2391","page","type-page","status-publish","has-post-thumbnail","hentry"],"publishpress_future_action":{"enabled":false,"date":"2026-05-05 15:07:17","action":"change-status","newStatus":"draft","terms":[],"taxonomy":"","extraData":[]},"publishpress_future_workflow_manual_trigger":{"enabledWorkflows":[]},"_links":{"self":[{"href":"https:\/\/www.sf-germany.org\/einheiten\/uss-galathea\/wp-json\/wp\/v2\/pages\/2391","targetHints":{"allow":["GET"]}}],"collection":[{"href":"https:\/\/www.sf-germany.org\/einheiten\/uss-galathea\/wp-json\/wp\/v2\/pages"}],"about":[{"href":"https:\/\/www.sf-germany.org\/einheiten\/uss-galathea\/wp-json\/wp\/v2\/types\/page"}],"author":[{"embeddable":true,"href":"https:\/\/www.sf-germany.org\/einheiten\/uss-galathea\/wp-json\/wp\/v2\/users\/5"}],"replies":[{"embeddable":true,"href":"https:\/\/www.sf-germany.org\/einheiten\/uss-galathea\/wp-json\/wp\/v2\/comments?post=2391"}],"version-history":[{"count":6,"href":"https:\/\/www.sf-germany.org\/einheiten\/uss-galathea\/wp-json\/wp\/v2\/pages\/2391\/revisions"}],"predecessor-version":[{"id":4498,"href":"https:\/\/www.sf-germany.org\/einheiten\/uss-galathea\/wp-json\/wp\/v2\/pages\/2391\/revisions\/4498"}],"up":[{"embeddable":true,"href":"https:\/\/www.sf-germany.org\/einheiten\/uss-galathea\/wp-json\/wp\/v2\/pages\/2004"}],"wp:featuredmedia":[{"embeddable":true,"href":"https:\/\/www.sf-germany.org\/einheiten\/uss-galathea\/wp-json\/wp\/v2\/media\/1126"}],"wp:attachment":[{"href":"https:\/\/www.sf-germany.org\/einheiten\/uss-galathea\/wp-json\/wp\/v2\/media?parent=2391"}],"curies":[{"name":"wp","href":"https:\/\/api.w.org\/{rel}","templated":true}]}}