{"id":3290,"date":"2020-06-22T00:19:51","date_gmt":"2020-06-21T22:19:51","guid":{"rendered":"http:\/\/www.sf-germany.org\/einheiten\/uss-galathea\/?page_id=3290"},"modified":"2021-07-27T23:32:28","modified_gmt":"2021-07-27T21:32:28","slug":"vrrir","status":"publish","type":"page","link":"https:\/\/www.sf-germany.org\/einheiten\/uss-galathea\/die-crew\/nichtspielercharaktere\/vrrir\/","title":{"rendered":"V&#8217;rrir"},"content":{"rendered":"<div style=\"float: right; margin-left: 15px; margin-bottom: 15px; font-size: 11px; min-width: 350px; width: 25%; padding-left: 10px; padding-right: 10px;\">\r\n<table style=\"width: 100%; border: 0px outset #003366; background: #ffffff; box-shadow: rgba(255, 255, 255, 0.75) 0.1em 0.1em 0.5em; border-radius: 1em; height: 535px;\" border=\"3\" cellspacing=\"10\" align=\"right\">\r\n<tbody>\r\n<tr style=\"height: 15px;\">\r\n<td style=\"font-weight: bold; border: 0px solid transparent; width: 100%; height: 15px;\" colspan=\"2\" align=\"center\"><\/td>\r\n<\/tr>\r\n<tr style=\"height: 144px;\">\r\n<td style=\"background: transparent; border: 0px solid transparent; width: 100%; height: 144px;\" colspan=\"2\" align=\"center\"><!-- hier das Charakterbild einf\u00fcgen -->\r\n<img loading=\"lazy\" decoding=\"async\" class=\"alignnone size-full wp-image-1126\" src=\"https:\/\/www.sf-germany.org\/einheiten\/uss-galathea\/wp-content\/uploads\/2019\/08\/images.png\" alt=\"\" width=\"262\" height=\"192\" \/><\/td>\r\n<\/tr>\r\n<tr style=\"height: 15px;\">\r\n<td style=\"font-weight: bold; border: 0px solid transparent; width: 100%; height: 15px;\" colspan=\"2\" align=\"center\"><span style=\"color: #000000;\">V&#8217;rrir<\/span><\/td>\r\n<\/tr>\r\n<tr style=\"height: 15px;\">\r\n<td style=\"font-weight: bold; border: 0px solid transparent; width: 50%; height: 15px;\" align=\"right\" width=\"50%\">Status<\/td>\r\n<td style=\"border: 0px solid transparent; width: 50%; height: 15px;\" align=\"left\" width=\"50%\">npc<\/td>\r\n<\/tr>\r\n<tr style=\"height: 15px;\">\r\n<td style=\"font-weight: bold; border: 0px solid transparent; width: 50%; height: 15px;\" align=\"right\" width=\"50%\">Spieler<\/td>\r\n<td style=\"border: 0px solid transparent; width: 50%; height: 15px;\" align=\"left\" width=\"50%\">Effi<\/td>\r\n<\/tr>\r\n<tr style=\"height: 15px;\">\r\n<td style=\"font-weight: bold; border: 0px solid #003366; background: #555555; box-shadow: rgba(255, 255, 255, 0.75) 0.1em 0.1em 0.5em; border-radius: 1em; width: 100%; height: 15px;\" colspan=\"2\" align=\"center\"><span style=\"color: #ffffff;\">Dienstliche Informationen<\/span><\/td>\r\n<\/tr>\r\n<tr style=\"height: 16px;\">\r\n<td style=\"font-weight: bold; border: 0px solid transparent; width: 50%; text-align: right; height: 16px;\">Ranggrafik<\/td>\r\n<td style=\"border: 0px solid transparent; width: 50%; height: 16px;\"><img loading=\"lazy\" decoding=\"async\" class=\"alignnone\" src=\"https:\/\/www.sf-germany.com\/images\/schemata\/sto\/rot\/ltjg.png\" alt=\"\" width=\"100\" height=\"25\" \/><\/td>\r\n<\/tr>\r\n<tr style=\"height: 15px;\">\r\n<td style=\"font-weight: bold; border: 0px solid transparent; width: 50%; height: 15px;\" align=\"right\" width=\"50%\">Rang<\/td>\r\n<td style=\"border: 0px solid transparent; width: 50%; height: 15px;\" align=\"left\" width=\"50%\">Lt. (jg)<\/td>\r\n<\/tr>\r\n<tr style=\"height: 15px;\">\r\n<td style=\"font-weight: bold; border: 0px solid transparent; width: 50%; height: 15px;\" align=\"right\" width=\"50%\">Posten<\/td>\r\n<td style=\"border: 0px solid transparent; width: 50%; height: 15px;\" align=\"left\" width=\"50%\">FLG<\/td>\r\n<\/tr>\r\n<tr style=\"height: 15px;\">\r\n<td style=\"font-weight: bold; border: 0px solid transparent; width: 50%; height: 15px;\" align=\"right\" width=\"50%\">Stationierung<\/td>\r\n<td style=\"border: 0px solid transparent; width: 50%; height: 15px;\" align=\"left\" width=\"50%\">USS Galathea<\/td>\r\n<\/tr>\r\n<tr style=\"height: 15px;\">\r\n<td style=\"font-weight: bold; border: 0px solid #003366; background: #555555; box-shadow: rgba(255, 255, 255, 0.75) 0.1em 0.1em 0.5em; border-radius: 1em; width: 100%; height: 15px;\" colspan=\"2\" align=\"center\"><span style=\"color: #ffffff;\">Physische Beschreibung<\/span><\/td>\r\n<\/tr>\r\n<tr style=\"height: 15px;\">\r\n<td style=\"font-weight: bold; border: 0px solid transparent; width: 50%; height: 15px;\" align=\"right\" width=\"50%\">Spezies<\/td>\r\n<td style=\"border: 0px solid transparent; width: 50%; height: 15px;\" align=\"left\" width=\"50%\">Caitianer<\/td>\r\n<\/tr>\r\n<tr style=\"height: 15px;\">\r\n<td style=\"font-weight: bold; border: 0px solid transparent; width: 50%; height: 15px;\" align=\"right\" width=\"50%\">Geschlecht<\/td>\r\n<td style=\"border: 0px solid transparent; width: 50%; height: 15px;\" align=\"left\" width=\"50%\">weiblich<\/td>\r\n<\/tr>\r\n<tr style=\"height: 15px;\">\r\n<td style=\"font-weight: bold; border: 0px solid transparent; width: 50%; height: 15px;\" align=\"right\" width=\"50%\">Gr\u00f6\u00dfe<\/td>\r\n<td style=\"border: 0px solid transparent; width: 50%; height: 15px;\" align=\"left\" width=\"50%\">\u00a0189 cm<\/td>\r\n<\/tr>\r\n<tr style=\"height: 15px;\">\r\n<td style=\"font-weight: bold; border: 0px solid transparent; width: 50%; height: 15px;\" align=\"right\" width=\"50%\">Gewicht<\/td>\r\n<td style=\"border: 0px solid transparent; width: 50%; height: 15px;\" align=\"left\" width=\"50%\">\u00a071 kg<\/td>\r\n<\/tr>\r\n<tr style=\"height: 15px;\">\r\n<td style=\"font-weight: bold; border: 0px solid transparent; width: 50%; height: 15px;\" align=\"right\" width=\"50%\">Fellfarbe<\/td>\r\n<td style=\"border: 0px solid transparent; width: 50%; height: 15px;\" align=\"left\" width=\"50%\">\u00a0cremig, hell<\/td>\r\n<\/tr>\r\n<tr style=\"height: 15px;\">\r\n<td style=\"font-weight: bold; border: 0px solid transparent; width: 50%; height: 15px;\" align=\"right\" width=\"50%\">Augenfarbe<\/td>\r\n<td style=\"border: 0px solid transparent; width: 50%; height: 15px;\" align=\"left\" width=\"50%\">gr\u00fcn<\/td>\r\n<\/tr>\r\n<tr style=\"height: 15px;\">\r\n<td style=\"font-weight: bold; border: 0px solid transparent; width: 50%; text-align: right; height: 15px;\">bevorzugte Uniform-Variante<\/td>\r\n<td style=\"border: 0px solid transparent; width: 50%; height: 15px;\">Odyssey<\/td>\r\n<\/tr>\r\n<tr style=\"height: 15px;\">\r\n<td style=\"font-weight: bold; border: 0px solid #003366; background: #555555; box-shadow: rgba(255, 255, 255, 0.75) 0.1em 0.1em 0.5em; border-radius: 1em; width: 100%; height: 15px;\" colspan=\"2\" align=\"center\"><span style=\"color: #ffffff;\">Biographische Informationen<\/span><\/td>\r\n<\/tr>\r\n<tr style=\"height: 15px;\">\r\n<td style=\"font-weight: bold; border: 0px solid transparent; width: 50%; height: 15px;\" align=\"right\" width=\"50%\">Geburtsort<\/td>\r\n<td style=\"border: 0px solid transparent; width: 50%; height: 15px;\" align=\"left\" width=\"50%\">Regulus III<\/td>\r\n<\/tr>\r\n<tr style=\"height: 15px;\">\r\n<td style=\"font-weight: bold; border: 0px solid transparent; width: 50%; height: 15px;\" align=\"right\" width=\"50%\">Geburtstag<\/td>\r\n<td style=\"border: 0px solid transparent; width: 50%; height: 15px;\" align=\"left\" width=\"50%\">11.09.<\/td>\r\n<\/tr>\r\n<tr style=\"height: 15px;\">\r\n<td style=\"font-weight: bold; border: 0px solid transparent; width: 50%; height: 15px;\" align=\"right\" width=\"50%\">Sexualit\u00e4t<\/td>\r\n<td style=\"border: 0px solid transparent; width: 50%; height: 15px;\" align=\"left\" width=\"50%\"><\/td>\r\n<\/tr>\r\n<tr style=\"height: 15px;\">\r\n<td style=\"font-weight: bold; border: 0px solid transparent; width: 50%; height: 15px;\" align=\"right\" width=\"50%\">Familienstand<\/td>\r\n<td style=\"border: 0px solid transparent; width: 50%; height: 15px;\" align=\"left\" width=\"50%\">ledig<\/td>\r\n<\/tr>\r\n<tr style=\"height: 15px;\">\r\n<td style=\"font-weight: bold; border: 0px solid transparent; width: 50%; height: 15px;\" align=\"right\" width=\"50%\">Familie<\/td>\r\n<td style=\"border: 0px solid transparent; width: 50%; height: 15px;\" align=\"left\" width=\"50%\"><\/td>\r\n<\/tr>\r\n<tr style=\"height: 15px;\">\r\n<td style=\"font-weight: bold; border: 0px solid transparent; width: 50%; height: 15px;\" align=\"right\" width=\"50%\">Religion<\/td>\r\n<td style=\"border: 0px solid transparent; width: 50%; height: 15px;\" align=\"left\" width=\"50%\">Rrikalla<\/td>\r\n<\/tr>\r\n<tr style=\"height: 15px;\">\r\n<td style=\"font-weight: bold; border: 0px solid #003366; background: #555555; box-shadow: rgba(255, 255, 255, 0.75) 0.1em 0.1em 0.5em; border-radius: 1em; width: 100%; height: 15px;\" colspan=\"2\" align=\"center\"><span style=\"color: #ffffff;\">Politische informationen<\/span><\/td>\r\n<\/tr>\r\n<tr style=\"height: 15px;\">\r\n<td style=\"font-weight: bold; border: 0px solid transparent; width: 50%; height: 15px;\" align=\"right\" width=\"50%\">Buergerschaft<\/td>\r\n<td style=\"border: 0px solid transparent; width: 50%; height: 15px;\" align=\"left\" width=\"50%\">F\u00f6derationsb\u00fcrger<\/td>\r\n<\/tr>\r\n<\/tbody>\r\n<\/table>\r\n<\/div>\r\n<!-- Inhaltsverzeichnis -->\r\n<div style=\"width: 25%; padding: 10px; margin-bottom: 15px; font-size: 11px; border: 1px solid #333333; display: inline-block;\">\r\n\r\n<strong>Inhalt<\/strong>\r\n<ul>\r\n \t<li><a href=\"#beschreibung\">Beschreibung<\/a><\/li>\r\n \t<li><a href=\"#lebenslauf\">Lebenslauf<\/a><\/li>\r\n \t<li><a href=\"#psychologisches\">Psychologisches Profil<\/a><\/li>\r\n \t<li><a href=\"#disziplin\">Disziplinarische Vermerke<\/a><\/li>\r\n \t<li><a href=\"#ausbildung\">Ausbildung &amp; Spezialgebiete<\/a><\/li>\r\n \t<li><a href=\"#spezies\">Besonderheiten<\/a><\/li>\r\n \t<li><a href=\"#hobbies\">Hobbies<\/a><\/li>\r\n \t<li><a href=\"#medizinisches\">Medizinisches Profil<\/a><\/li>\r\n \t<li><a href=\"#familie\">Familie<\/a><\/li>\r\n \t<li><a href=\"#haustiere\">Haustiere<\/a><\/li>\r\n \t<li><a href=\"#klassifiziert\">Klassifizierte Sektion<\/a><\/li>\r\n<\/ul>\r\n<!-- Ende des Inhaltsverzeichnis -->\r\n\r\n<\/div>\r\n<!-- Inhalte -->\r\n<h2><a id=\"beschreibung\"><\/a>Beschreibung<\/h2>\r\nV&#8217;rrir ist eine gesellige wie neugierige Caitianerin, die zur Sternenflotte kam, um fremde Welten zu entdecken&#8230;\r\n\r\nF\u00fcr Personen, die nicht mit der Spezies vertraut sind, wirkt die Caitianerin wie eine aufrecht gehende, schlanke Hauskatze mit hellem, cremefarbigen Fell und einer sand-goldenen, kurzen M\u00e4hne. Ihre Augen sind gr\u00fcn.\r\n\r\n<hr \/>\r\n\r\n<h2><a id=\"lebenslauf\"><\/a>Lebenslauf<\/h2>\r\n<h3>Kindheit und Jugend<\/h3>\r\nV&#8217;rrir wurde auf Regulus III, einer Kolonie der Caitianer, im Heimatsystem der Spezies geboren.\r\n<h3>Ausbildung<\/h3>\r\n&nbsp;\r\n<h3>Karriere bei der Sternenflotte<\/h3>\r\nV&#8217;rrir besucht die Zweigstelle der Sternenflottenakademie auf Caith und qualifiziert sich dort f\u00fcr eine Offiziersausbildung. Lediglich das letzte Jahr (2411 \/ 2412) findet zuerst auf der Erde und dann, w\u00e4hrend der Kadettenfahrt, auf einem Schiff der Sternenflotte statt.\r\n\r\nNach ihrer Ernennung zur Ensign wird sie auf die USS Bismarck versetzt, wo sie als stellvertretende FLG dient und vom Mentoring ihres sehr erfahrenen Vorgesetzten profitiert. Nachdem sie 2414 bef\u00f6rdert wird, wird aber klar, dass sie auf dem vergleichsweise Schiff nur schwer mehr Verantwortung \u00fcbernehmen kann, solange ihr Vorgesetzter und Mentor die Abteilung f\u00fchrt.\r\n\r\nAus Dankbarkeit z\u00f6gert sie eine Entscheidung heraus, beginnt sich dann aber im zweiten Halbjahr 2415 f\u00fcr Positionen auf anderen Schiffen zu bewerben. Als ihr der Posten der FLG auf der USS Galathea angeboten wird, nimmt sie an.\r\n<h3>Tabellarischer Lebenslauf<\/h3>\r\n<table style=\"border-collapse: collapse; width: 100%; height: 115px;\">\r\n<tbody>\r\n<tr style=\"height: 23px;\">\r\n<td style=\"width: 11.5075%; background-color: #ed801a; height: 23px;\"><strong>Jahr<\/strong><\/td>\r\n<td style=\"width: 88.4925%; background-color: #ed801a; height: 23px;\"><strong>Ereignis<\/strong><\/td>\r\n<\/tr>\r\n<tr>\r\n<td style=\"width: 11.5075%;\">2408<\/td>\r\n<td style=\"width: 88.4925%;\">Eintritt in die Sternenflottenakademie<\/td>\r\n<\/tr>\r\n<tr style=\"height: 23px;\">\r\n<td style=\"width: 11.5075%; height: 23px;\">2412<\/td>\r\n<td style=\"width: 88.4925%; height: 23px;\">Abschluss der Kadettenfahrt, Ernennung zum Ensign<\/td>\r\n<\/tr>\r\n<tr style=\"height: 23px;\">\r\n<td style=\"width: 11.5075%; height: 23px;\">2412<\/td>\r\n<td style=\"width: 88.4925%; height: 23px;\">Versetzung als stellv. FLG auf die USS Bismarck<\/td>\r\n<\/tr>\r\n<tr style=\"height: 23px;\">\r\n<td style=\"width: 11.5075%; height: 23px;\">2414<\/td>\r\n<td style=\"width: 88.4925%; height: 23px;\">Bef\u00f6rderung zum Lt. jg<\/td>\r\n<\/tr>\r\n<tr style=\"height: 23px;\">\r\n<td style=\"width: 11.5075%; height: 23px;\">2416<\/td>\r\n<td style=\"width: 88.4925%; height: 23px;\">Versetzung auf die USS Galathea, als FLG<\/td>\r\n<\/tr>\r\n<\/tbody>\r\n<\/table>\r\n\r\n<hr \/>\r\n\r\n<h2><a id=\"psychologisches\"><\/a>Psychologisches Profil<\/h2>\r\nV&#8217;rrir ist eigentlich eine gesellige und neugierige Outdoor-Katze, die gerne aktiv ist und viel unternimmt. Von daher ist es nicht g\u00e4nzlich intuitiv, dass sie ausgerechnet Pilotin auf einem Raumschiff geworden ist &#8211; allerdings liegt es in ihrer Natur, fremde Welten entdecken und diese sehen zu wollen. Ihr Name verr\u00e4t, dass Impulsivit\u00e4t ein treibender Faktor ihrer Pers\u00f6nlichkeit ist &#8211; und eine Kette von impulsiven Entscheidungen f\u00fchrten letztendlich auch dazu, dass sie der Sternenflotte beitrat.\r\n<ul>\r\n \t<li>Gegen\u00fcber\u00a0<a href=\"https:\/\/www.sf-germany.org\/einheiten\/uss-galathea\/die-crew\/spielercharaktere\/trarkash-sicherheitsoffizier\/\">Trarkash Sicherheitsoffizier<\/a> verh\u00e4lt sie sich zur\u00fcckhaltend und ist vorsichtig. Im Gegensatz zu den Caithianern sind die verwandten Kzinthi f\u00fcr ihre gewaltt\u00e4tigen Ausbr\u00fcche bekannt. Sie will gerne glauben, dass der Kater anders ist, ihr Instinkt r\u00e4t ihr aber, vorsichtig zu sein.<\/li>\r\n<\/ul>\r\n<h3>St\u00e4rken &amp; Schw\u00e4chen<\/h3>\r\n<strong>Positiv:<\/strong>\r\n<ul>\r\n \t<li>gesellig, integrierend<\/li>\r\n \t<li>Entdeckerfreude<\/li>\r\n<\/ul>\r\n<strong>Negativ:<\/strong>\r\n<ul>\r\n \t<li>impulsiv<\/li>\r\n \t<li>ben\u00f6tigt zwingend eine klare Rangfolge &#8211; und sei diese nur implizit<\/li>\r\n \t<li>manchmal zu neugierig<\/li>\r\n<\/ul>\r\n<strong>Vorlieben:<\/strong>\r\n<ul>\r\n \t<li>Spazierg\u00e4nge<\/li>\r\n \t<li>Wandern<\/li>\r\n \t<li>Volleyball<\/li>\r\n \t<li>Racketball<\/li>\r\n \t<li>das Arboretum<\/li>\r\n<\/ul>\r\n<strong>Abneigungen:\u00a0<\/strong>\r\n<ul>\r\n \t<li>Wasserscheu (waschen ist ok, schwimmen nicht)<\/li>\r\n \t<li>enge, dunkle R\u00e4ume<\/li>\r\n \t<li>kleine Shuttles<\/li>\r\n<\/ul>\r\n<h3><a id=\"diziplin\"><\/a>Personalakte &amp; Disziplinarische Vermerke<\/h3>\r\n<ul>\r\n \t<li>2416: Lt. jg V&#8217;rrir verletzte an Bord der USS Galathea ein Mannschaftsmitglied schwer. Es stellte sich sp\u00e4ter heraus, dass dies unter dem Einfluss eines fremdartigen Artefakts geschah, das die Caitianerin zu einer Art agressivem Schlafwandeln zwang. Sie wurde sp\u00e4ter von allen Vorw\u00fcrfen freigesprochen, unterzieht sich aber psychologischer Betreuung.<\/li>\r\n<\/ul>\r\n\r\n<hr \/>\r\n\r\n<h2><a id=\"ausbildung\"><\/a>Ausbildung &amp; Spezialgebiete<\/h2>\r\n<h3>Zivile Vorbildung<\/h3>\r\n<ul>\r\n \t<li>\u00fcbliche Schulbildung<\/li>\r\n<\/ul>\r\n<h3>Studien auf der Sternenflottenakademie<\/h3>\r\n<strong>Hauptf\u00e4cher<\/strong>\r\n<ul>\r\n \t<li>Navigation\r\n<ul>\r\n \t<li>Sovereign Klasse<\/li>\r\n<\/ul>\r\n<\/li>\r\n \t<li>Technik\r\n<ul>\r\n \t<li>Elektronik: Sensoren<\/li>\r\n \t<li>Technik: Warpantriebe<\/li>\r\n \t<li>Mechanik: Warpantriebe<\/li>\r\n<\/ul>\r\n<\/li>\r\n<\/ul>\r\n<strong>Nebenf\u00e4cher<\/strong>\r\n<ul>\r\n \t<li>2x 20 einfache Gerichte f\u00fcr den raumreisenden Offizier<\/li>\r\n \t<li>Promenadologie<\/li>\r\n<\/ul>\r\n<h2>Sprachen<\/h2>\r\n<ul>\r\n \t<li>Regulanisch (Muttersprache)<\/li>\r\n \t<li>F\u00f6derationsstandard (mit Akzent)<\/li>\r\n \t<li>Iskyrisch (mit Akzent)<\/li>\r\n<\/ul>\r\n<h2><a id=\"spezies\"><\/a>Besonderheiten der eigenen Spezies<\/h2>\r\n<ul>\r\n \t<li>Caitianer gelten als au\u00dferordentlich beweglich<\/li>\r\n \t<li>Nachtsicht (Restlichtverst\u00e4rkung)<\/li>\r\n \t<li>Hervorragendendes Geh\u00f6r, kann Frequenzspektren wahrnehmen, die den meisten Humanoiden verborgen bleiben<\/li>\r\n<\/ul>\r\n<h2>Sonstiges<\/h2>\r\n<ul>\r\n \t<li>V&#8217;rrir besitzt einen angeborenen exzellenten 3D-Raumsinn<\/li>\r\n<\/ul>\r\n\r\n<hr \/>\r\n\r\n<h2><a id=\"hobbies\"><\/a>Hobbies<\/h2>\r\n<ul>\r\n \t<li>Spazieren gehen<\/li>\r\n \t<li>Sport<\/li>\r\n \t<li>Kochen<\/li>\r\n \t<li>Bildb\u00e4nde von exotischen Planeten betrachten<\/li>\r\n<\/ul>\r\n\r\n<hr \/>\r\n\r\n<h2><a id=\"medizinisches\"><\/a>Medizinisches Profil<\/h2>\r\nDie Caitianerin ist im Gro\u00dfen und Ganzen gesund und im besten Alter.\r\n\r\n<strong>Krankheiten &amp; Gesundheit:<\/strong>\r\n<ul>\r\n \t<li>V&#8217;rrir leidet unter milden Mangelerscheinungen durch die Ern\u00e4hrung auf einem Raumschiff. Sie sollte daher regelm\u00e4\u00dfig Nahrungszus\u00e4tze mit Kalium, Calzium, Eisen und einigen spezifischen Aminos\u00e4uren zu sich nehmen.<\/li>\r\n<\/ul>\r\n\r\n<hr \/>\r\n\r\n<h2><a id=\"familie\"><\/a>Familie<\/h2>\r\n<span style=\"color: #999999;\"><em>Beschreibe hier kurz die Familie deines Charakters, sofern diese im RPG vorkommen soll. Was hat der Charakter f\u00fcr ein Verh\u00e4ltnis zu seinen Eltern? Was machen seine Geschwister? Gibt es weitere Menschen, die wichtig sind?<\/em><\/span>\r\n<h2><a id=\"haustiere\"><\/a>Haustiere<\/h2>\r\n<span style=\"color: #999999;\"><em>Hat der Charakter Haustiere? Falls ja &#8211; beschreibe sie hier.<\/em><\/span>\r\n\r\n<hr \/>\r\n\r\n<h2><a id=\"klassifiziert\"><\/a>Klassifizierte Sektion<\/h2>\r\nKeine Eintr\u00e4ge\r\n\r\n<!-- \/wp:post-content -->","protected":false},"excerpt":{"rendered":"<p>V&#8217;rrir Status npc Spieler Effi Dienstliche Informationen Ranggrafik Rang Lt. (jg) Posten FLG Stationierung USS Galathea Physische Beschreibung Spezies Caitianer Geschlecht weiblich Gr\u00f6\u00dfe \u00a0189 cm Gewicht \u00a071 kg Fellfarbe \u00a0cremig, hell Augenfarbe gr\u00fcn bevorzugte Uniform-Variante Odyssey Biographische Informationen Geburtsort Regulus III Geburtstag 11.09. Sexualit\u00e4t Familienstand ledig Familie Religion Rrikalla Politische informationen Buergerschaft F\u00f6derationsb\u00fcrger Inhalt Beschreibung [&hellip;]<\/p>\n","protected":false},"author":5,"featured_media":1126,"parent":2004,"menu_order":10,"comment_status":"closed","ping_status":"closed","template":"","meta":{"footnotes":""},"class_list":["post-3290","page","type-page","status-publish","has-post-thumbnail","hentry"],"publishpress_future_action":{"enabled":false,"date":"2026-04-27 16:57:20","action":"change-status","newStatus":"draft","terms":[],"taxonomy":"","extraData":[]},"publishpress_future_workflow_manual_trigger":{"enabledWorkflows":[]},"_links":{"self":[{"href":"https:\/\/www.sf-germany.org\/einheiten\/uss-galathea\/wp-json\/wp\/v2\/pages\/3290","targetHints":{"allow":["GET"]}}],"collection":[{"href":"https:\/\/www.sf-germany.org\/einheiten\/uss-galathea\/wp-json\/wp\/v2\/pages"}],"about":[{"href":"https:\/\/www.sf-germany.org\/einheiten\/uss-galathea\/wp-json\/wp\/v2\/types\/page"}],"author":[{"embeddable":true,"href":"https:\/\/www.sf-germany.org\/einheiten\/uss-galathea\/wp-json\/wp\/v2\/users\/5"}],"replies":[{"embeddable":true,"href":"https:\/\/www.sf-germany.org\/einheiten\/uss-galathea\/wp-json\/wp\/v2\/comments?post=3290"}],"version-history":[{"count":8,"href":"https:\/\/www.sf-germany.org\/einheiten\/uss-galathea\/wp-json\/wp\/v2\/pages\/3290\/revisions"}],"predecessor-version":[{"id":4711,"href":"https:\/\/www.sf-germany.org\/einheiten\/uss-galathea\/wp-json\/wp\/v2\/pages\/3290\/revisions\/4711"}],"up":[{"embeddable":true,"href":"https:\/\/www.sf-germany.org\/einheiten\/uss-galathea\/wp-json\/wp\/v2\/pages\/2004"}],"wp:featuredmedia":[{"embeddable":true,"href":"https:\/\/www.sf-germany.org\/einheiten\/uss-galathea\/wp-json\/wp\/v2\/media\/1126"}],"wp:attachment":[{"href":"https:\/\/www.sf-germany.org\/einheiten\/uss-galathea\/wp-json\/wp\/v2\/media?parent=3290"}],"curies":[{"name":"wp","href":"https:\/\/api.w.org\/{rel}","templated":true}]}}