{"id":3376,"date":"2020-06-24T21:23:35","date_gmt":"2020-06-24T19:23:35","guid":{"rendered":"http:\/\/www.sf-germany.org\/einheiten\/uss-galathea\/?page_id=3376"},"modified":"2021-09-06T00:22:03","modified_gmt":"2021-09-05T22:22:03","slug":"02-versorgung-und-verstaerkung","status":"publish","type":"page","link":"https:\/\/www.sf-germany.org\/einheiten\/uss-galathea\/uss-galathea\/log\/missionen\/02-versorgung-und-verstaerkung\/","title":{"rendered":"#02: Versorgung und Verst\u00e4rkung"},"content":{"rendered":"\r\n<table style=\"border-collapse: collapse; width: 100%; height: 138px;\">\r\n<tbody>\r\n<tr style=\"height: 23px;\">\r\n<td style=\"width: 50%; height: 23px;\"><strong>Mission<\/strong><\/td>\r\n<td style=\"width: 50%; height: 23px;\">#002 &#8211; Versorgung und Verst\u00e4rkung<\/td>\r\n<\/tr>\r\n<tr style=\"height: 23px;\">\r\n<td style=\"width: 50%; height: 23px;\"><strong>Zeitraum (OT)<\/strong><\/td>\r\n<td style=\"width: 50%; height: 23px;\">Mai 2020 &#8211; Novemer 2020<\/td>\r\n<\/tr>\r\n<tr style=\"height: 23px;\">\r\n<td style=\"width: 50%; height: 23px;\"><strong>Zeitraum (IT)<\/strong><\/td>\r\n<td style=\"width: 50%; height: 23px;\">Ende Januar 2416\u00a0<\/td>\r\n<\/tr>\r\n<tr style=\"height: 23px;\">\r\n<td style=\"width: 50%; height: 23px;\"><strong>Klassifikation<\/strong><\/td>\r\n<td style=\"width: 50%; height: 23px;\">Soap, Kennenlernen<\/td>\r\n<\/tr>\r\n<tr style=\"height: 23px;\">\r\n<td style=\"width: 50%; height: 23px;\"><strong>Status<\/strong><\/td>\r\n<td style=\"width: 50%; height: 23px;\"><span style=\"color: #339966;\">beendet<\/span><\/td>\r\n<\/tr>\r\n<tr style=\"height: 23px;\">\r\n<td style=\"width: 50%; height: 23px;\"><strong>Einheiten<\/strong><\/td>\r\n<td style=\"width: 50%; height: 23px;\">USS Galathea<\/td>\r\n<\/tr>\r\n<\/tbody>\r\n<\/table>\r\n\r\n\r\n\r\n<h2>Auftrag &amp; Inhalt<\/h2>\r\n<p>Die USS Galathea dockt an der SB 621 an, um Materialien und Personal aufzunehmen, bevor sie zu ihrer eigentlichen Mission aufbricht. Gleichzeitig sollen letzte Wartungsarbeiten und Feinjustierungen vorgenommen werden.<\/p>\r\n\r\n\r\n\r\n<h2>Missionsbericht<\/h2>\r\n<h3>Aktuelle Ereignisse<\/h3>\r\n<p>Die USS Galathea dockt an der SB 621 ein.\u00a0<\/p>\r\n<p>Zuvor gab es auf der Station bereits einen Stromausfall.<\/p>\r\n<h3>Besonderheiten<\/h3>\r\n<ul>\r\n<li>Die Bewaffnung der USS Galathea mit Torpedos entspricht bei Abflug aufgrund von Versorgungsengp\u00e4ssen nicht der Norm. Insbesondere die Menge an Quantentorpedos ist stark reduziert. Wir werden haushalten m\u00fcssen.<\/li>\r\n<li>Die prim\u00e4ren Systeme sind voll funktionsf\u00e4hig und getestet. Die technische Abteilung arbeitet hart daran, die Probleme in einigen terti\u00e4ren Systemen in den Griff zu bekommen.<\/li>\r\n<\/ul>\r\n\r\n\r\n\r\n<h2>Personelle \u00c4nderungen<\/h2>\r\n<h3><strong>W\u00e4hrend der Mission ausgesprochene Bef\u00f6rderungen \/ Degradierungen \/ Postenwechsel<\/strong><\/h3>\r\n<ul>\r\n<li>Lt. jg. <strong><a href=\"https:\/\/www.sf-germany.org\/einheiten\/uss-galathea\/die-crew\/spielercharaktere\/nzthompson\/\">Nahima Thomson<\/a><\/strong> fungiert nicht mehr als Intermims-TAK sondern \u00fcbergibt diese Aufgaben regul\u00e4r an Ensign Cartier. Sie verbleibt wie geplant als CSO an Bord.<\/li>\r\n<li>Ensign\u00a0<a href=\"https:\/\/www.sf-germany.org\/einheiten\/uss-galathea\/die-crew\/spielercharaktere\/adam-cartier\/\"><strong>Adam Cartier<\/strong><\/a> meldet sich als TAK zum Dienst.<\/li>\r\n<li>Lt. jg.\u00a0<strong><a href=\"https:\/\/www.sf-germany.org\/einheiten\/uss-galathea\/die-crew\/spielercharaktere\/specter\/\">Specter<\/a> <\/strong>wird stellvertretender FLG.<\/li>\r\n<li>Ensign\u00a0<strong><a href=\"https:\/\/www.sf-germany.org\/einheiten\/uss-galathea\/die-crew\/spielercharaktere\/rani-than\/\">Rani Than<\/a><\/strong> kommt als stellvertretende CM an Bord.<\/li>\r\n<li>Petty Officer (1st) <a href=\"https:\/\/www.sf-germany.org\/einheiten\/uss-galathea\/die-crew\/nichtspielercharaktere\/flower-starshine-mayfair\/\">Flower Starshine Mayfair<\/a> folgt Ensign Than an Bord und tritt ihren Posten als Krankenschwester an.<\/li>\r\n<li><em>verschiedene weitere Crewmitglieder (NSC) kommen an Bord.<\/em><\/li>\r\n<\/ul>\r\n<h3><strong>W\u00e4hrend der Mission verstorben \/ verschollen<\/strong><\/h3>\r\n<ul>\r\n<li>keine<\/li>\r\n<\/ul>\r\n<h3>Weitere Bemerkungen<\/h3>\r\n<ul>\r\n<li>Dr<strong>.\u00a0<\/strong><strong><a href=\"https:\/\/www.sf-germany.org\/einheiten\/uss-galathea\/die-crew\/spielercharaktere\/yael-hadar\/\">Yael Hadar<\/a>, <\/strong><em>Glen<\/em> des Cardassianischen Milit\u00e4rs, bleibt als Austauschoffizier an Bord. Zur besseren Einbindung in die Abl\u00e4ufe an Bord wird sein Rang mit dem eines Lt. jg. gleichgesetzt und er erh\u00e4lt nominell den Posten des stellv. CWI.<\/li>\r\n<li>Mit Abflug von SB 621 betr\u00e4gt die <strong>Personalst\u00e4rke<\/strong> an Bord 711 Personen Mannschaft und 71 Offiziere. Es befinden sich zudem 610 Zivilisten (davon 101 Kinder und Jugendliche) an Bord.\u00a0<\/li>\r\n<\/ul>\r\n<p>Missionsbericht gez.<br \/>Cmdr. Aleksander Solowyov<br \/>CO USS Galathea<\/p>\r\n\r\n\r\n<hr class=\"wp-block-separator\" \/>\r\n\r\n\r\n<h2>NRPG<\/h2>\r\n<h3>Wichtige wiederkehrende Personen<\/h3>\r\n<ul>\r\n<li>Admiral Marcus Stierer, FKOM<\/li>\r\n<\/ul>\r\n<h3>Orte, Pl\u00e4tze, Schiffe<\/h3>\r\n<ul>\r\n<li>kein Eintrag<\/li>\r\n<\/ul>\r\n<h3>Glossar<\/h3>\r\n<ul>\r\n<li>kein Eintrag<\/li>\r\n<\/ul>\r\n","protected":false},"excerpt":{"rendered":"<p>Mission #002 &#8211; Versorgung und Verst\u00e4rkung Zeitraum (OT) Mai 2020 &#8211; Novemer 2020 Zeitraum (IT) Ende Januar 2416\u00a0 Klassifikation Soap, Kennenlernen Status beendet Einheiten USS Galathea Auftrag &amp; Inhalt Die USS Galathea dockt an der SB 621 an, um Materialien und Personal aufzunehmen, bevor sie zu ihrer eigentlichen Mission aufbricht. Gleichzeitig sollen letzte Wartungsarbeiten und [&hellip;]<\/p>\n","protected":false},"author":5,"featured_media":1126,"parent":1056,"menu_order":2,"comment_status":"closed","ping_status":"closed","template":"","meta":{"footnotes":""},"class_list":["post-3376","page","type-page","status-publish","has-post-thumbnail","hentry"],"publishpress_future_action":{"enabled":false,"date":"2026-05-08 05:22:04","action":"change-status","newStatus":"draft","terms":[],"taxonomy":"","extraData":[]},"publishpress_future_workflow_manual_trigger":{"enabledWorkflows":[]},"_links":{"self":[{"href":"https:\/\/www.sf-germany.org\/einheiten\/uss-galathea\/wp-json\/wp\/v2\/pages\/3376","targetHints":{"allow":["GET"]}}],"collection":[{"href":"https:\/\/www.sf-germany.org\/einheiten\/uss-galathea\/wp-json\/wp\/v2\/pages"}],"about":[{"href":"https:\/\/www.sf-germany.org\/einheiten\/uss-galathea\/wp-json\/wp\/v2\/types\/page"}],"author":[{"embeddable":true,"href":"https:\/\/www.sf-germany.org\/einheiten\/uss-galathea\/wp-json\/wp\/v2\/users\/5"}],"replies":[{"embeddable":true,"href":"https:\/\/www.sf-germany.org\/einheiten\/uss-galathea\/wp-json\/wp\/v2\/comments?post=3376"}],"version-history":[{"count":8,"href":"https:\/\/www.sf-germany.org\/einheiten\/uss-galathea\/wp-json\/wp\/v2\/pages\/3376\/revisions"}],"predecessor-version":[{"id":4752,"href":"https:\/\/www.sf-germany.org\/einheiten\/uss-galathea\/wp-json\/wp\/v2\/pages\/3376\/revisions\/4752"}],"up":[{"embeddable":true,"href":"https:\/\/www.sf-germany.org\/einheiten\/uss-galathea\/wp-json\/wp\/v2\/pages\/1056"}],"wp:featuredmedia":[{"embeddable":true,"href":"https:\/\/www.sf-germany.org\/einheiten\/uss-galathea\/wp-json\/wp\/v2\/media\/1126"}],"wp:attachment":[{"href":"https:\/\/www.sf-germany.org\/einheiten\/uss-galathea\/wp-json\/wp\/v2\/media?parent=3376"}],"curies":[{"name":"wp","href":"https:\/\/api.w.org\/{rel}","templated":true}]}}