{"id":3479,"date":"2020-06-27T17:07:42","date_gmt":"2020-06-27T15:07:42","guid":{"rendered":"http:\/\/www.sf-germany.org\/einheiten\/uss-galathea\/?page_id=3479"},"modified":"2020-09-13T21:57:39","modified_gmt":"2020-09-13T19:57:39","slug":"chell-wanar-2","status":"publish","type":"page","link":"https:\/\/www.sf-germany.org\/einheiten\/uss-galathea\/die-crew\/nichtspielercharaktere\/chell-wanar-2\/","title":{"rendered":"Chell Wanar"},"content":{"rendered":"\r\n<div style=\"float: right; margin-left: 15px; margin-bottom: 15px; font-size: 11px; min-width: 350px; width: 25%; padding-left: 10px; padding-right: 10px;\">\r\n<table style=\"width: 100%; border: 0px outset #003366; background: #ffffff; box-shadow: rgba(255, 255, 255, 0.75) 0.1em 0.1em 0.5em; border-radius: 1em; height: 547px;\" border=\"3\" cellspacing=\"10\" align=\"right\">\r\n<tbody>\r\n<tr style=\"height: 15px;\">\r\n<td style=\"font-weight: bold; border: 0px solid transparent; width: 100%; height: 15px;\" colspan=\"2\" align=\"center\">\u00a0<\/td>\r\n<\/tr>\r\n<tr style=\"height: 144px;\">\r\n<td style=\"background: transparent; border: 0px solid transparent; width: 100%; height: 144px;\" colspan=\"2\" align=\"center\"><a href=\"https:\/\/www.sf-germany.org\/einheiten\/hephaistos\/wp-content\/uploads\/2016\/01\/CharBild.png\"  rel=\"lightbox[3479] attachment wp-att-117\"><img decoding=\"async\" src=\"https:\/\/www.sf-germany.org\/einheiten\/uss-galathea\/wp-content\/uploads\/2020\/06\/7886_reynolds-ryan-150.png\" alt=\"\" \/><\/a><\/td>\r\n<\/tr>\r\n<tr style=\"height: 15px;\">\r\n<td style=\"font-weight: bold; border: 0px solid transparent; width: 100%; height: 15px;\" colspan=\"2\" align=\"center\">\r\n<h1 class=\"entry-title\"><b>Chell Wanar<\/b><\/h1>\r\n<\/td>\r\n<\/tr>\r\n<tr style=\"height: 15px;\">\r\n<td style=\"font-weight: bold; border: 0px solid transparent; width: 50%; height: 15px;\" align=\"right\" width=\"50%\">Status<\/td>\r\n<td style=\"border: 0px solid transparent; width: 50%; height: 15px;\" align=\"left\" width=\"50%\">NPC<\/td>\r\n<\/tr>\r\n<tr style=\"height: 15px;\">\r\n<td style=\"font-weight: bold; border: 0px solid transparent; width: 50%; height: 15px;\" align=\"right\" width=\"50%\">Spieler<\/td>\r\n<td style=\"border: 0px solid transparent; width: 50%; height: 15px;\" align=\"left\" width=\"50%\">\u00a0<\/td>\r\n<\/tr>\r\n<tr style=\"height: 15px;\">\r\n<td style=\"font-weight: bold; border: 0px solid #003366; background: #555555; box-shadow: rgba(255, 255, 255, 0.75) 0.1em 0.1em 0.5em; border-radius: 1em; width: 100%; height: 15px;\" colspan=\"2\" align=\"center\"><span style=\"color: #ffffff;\">Dienstliche Informationen<\/span><\/td>\r\n<\/tr>\r\n<tr style=\"height: 28px;\">\r\n<td style=\"font-weight: bold; border: 0px solid transparent; width: 50%; height: 28px;\" align=\"right\" width=\"50%\">Ranggrafik<\/td>\r\n<td style=\"border: 0px solid transparent; width: 50%; height: 28px;\" align=\"left\" width=\"50%\"><img loading=\"lazy\" decoding=\"async\" class=\"alignnone\" src=\"https:\/\/www.sf-germany.com\/images\/schemata\/sto\/blau\/lt.png\" alt=\"\" width=\"100\" height=\"25\" \/><\/td>\r\n<\/tr>\r\n<tr style=\"height: 15px;\">\r\n<td style=\"font-weight: bold; border: 0px solid transparent; width: 50%; height: 15px;\" align=\"right\" width=\"50%\">Rang<\/td>\r\n<td style=\"border: 0px solid transparent; width: 50%; height: 15px;\" align=\"left\" width=\"50%\">Lt.<\/td>\r\n<\/tr>\r\n<tr style=\"height: 15px;\">\r\n<td style=\"font-weight: bold; border: 0px solid transparent; width: 50%; height: 15px;\" align=\"right\" width=\"50%\">Posten<\/td>\r\n<td style=\"border: 0px solid transparent; width: 50%; height: 15px;\" align=\"left\" width=\"50%\">WIS<\/td>\r\n<\/tr>\r\n<tr style=\"height: 15px;\">\r\n<td style=\"font-weight: bold; border: 0px solid transparent; width: 50%; height: 15px;\" align=\"right\" width=\"50%\">Stationierung<\/td>\r\n<td style=\"border: 0px solid transparent; width: 50%; height: 15px;\" align=\"left\" width=\"50%\">USS Galathea<\/td>\r\n<\/tr>\r\n<tr style=\"height: 15px;\">\r\n<td style=\"font-weight: bold; border: 0px solid #003366; background: #555555; box-shadow: rgba(255, 255, 255, 0.75) 0.1em 0.1em 0.5em; border-radius: 1em; width: 100%; height: 15px;\" colspan=\"2\" align=\"center\"><span style=\"color: #ffffff;\">Physische Beschreibung<\/span><\/td>\r\n<\/tr>\r\n<tr style=\"height: 15px;\">\r\n<td style=\"font-weight: bold; border: 0px solid transparent; width: 50%; height: 15px;\" align=\"right\" width=\"50%\">Spezies<\/td>\r\n<td style=\"border: 0px solid transparent; width: 50%; height: 15px;\" align=\"left\" width=\"50%\">Bolianer<\/td>\r\n<\/tr>\r\n<tr style=\"height: 15px;\">\r\n<td style=\"font-weight: bold; border: 0px solid transparent; width: 50%; height: 15px;\" align=\"right\" width=\"50%\">Geschlecht<\/td>\r\n<td style=\"border: 0px solid transparent; width: 50%; height: 15px;\" align=\"left\" width=\"50%\">m\u00e4nnlich<\/td>\r\n<\/tr>\r\n<tr style=\"height: 15px;\">\r\n<td style=\"font-weight: bold; border: 0px solid transparent; width: 50%; height: 15px;\" align=\"right\" width=\"50%\">Gr\u00f6\u00dfe<\/td>\r\n<td style=\"border: 0px solid transparent; width: 50%; height: 15px;\" align=\"left\" width=\"50%\">\u00a0cm<\/td>\r\n<\/tr>\r\n<tr style=\"height: 15px;\">\r\n<td style=\"font-weight: bold; border: 0px solid transparent; width: 50%; height: 15px;\" align=\"right\" width=\"50%\">Gewicht<\/td>\r\n<td style=\"border: 0px solid transparent; width: 50%; height: 15px;\" align=\"left\" width=\"50%\">\u00a0kg<\/td>\r\n<\/tr>\r\n<tr style=\"height: 15px;\">\r\n<td style=\"font-weight: bold; border: 0px solid transparent; width: 50%; height: 15px;\" align=\"right\" width=\"50%\">Hautfarbe<\/td>\r\n<td style=\"border: 0px solid transparent; width: 50%; height: 15px;\" align=\"left\" width=\"50%\">blau<\/td>\r\n<\/tr>\r\n<tr style=\"height: 15px;\">\r\n<td style=\"font-weight: bold; border: 0px solid transparent; width: 50%; height: 15px;\" align=\"right\" width=\"50%\">Haarfarbe<\/td>\r\n<td style=\"border: 0px solid transparent; width: 50%; height: 15px;\" align=\"left\" width=\"50%\">&#8211;<\/td>\r\n<\/tr>\r\n<tr style=\"height: 15px;\">\r\n<td style=\"font-weight: bold; border: 0px solid transparent; width: 50%; height: 15px;\" align=\"right\" width=\"50%\">Augenfarbe<\/td>\r\n<td style=\"border: 0px solid transparent; width: 50%; height: 15px;\" align=\"left\" width=\"50%\">\u00a0<\/td>\r\n<\/tr>\r\n<tr style=\"height: 15px;\">\r\n<td style=\"font-weight: bold; border: 0px solid #003366; background: #555555; box-shadow: rgba(255, 255, 255, 0.75) 0.1em 0.1em 0.5em; border-radius: 1em; width: 100%; height: 15px;\" colspan=\"2\" align=\"center\"><span style=\"color: #ffffff;\">Biographische Informationen<\/span><\/td>\r\n<\/tr>\r\n<tr style=\"height: 15px;\">\r\n<td style=\"font-weight: bold; border: 0px solid transparent; width: 50%; height: 15px;\" align=\"right\" width=\"50%\">Geburtsort<\/td>\r\n<td style=\"border: 0px solid transparent; width: 50%; height: 15px;\" align=\"left\" width=\"50%\">\u00a0<\/td>\r\n<\/tr>\r\n<tr style=\"height: 15px;\">\r\n<td style=\"font-weight: bold; border: 0px solid transparent; width: 50%; height: 15px;\" align=\"right\" width=\"50%\">Geburtstag<\/td>\r\n<td style=\"border: 0px solid transparent; width: 50%; height: 15px;\" align=\"left\" width=\"50%\">\u00a0<\/td>\r\n<\/tr>\r\n<tr style=\"height: 15px;\">\r\n<td style=\"font-weight: bold; border: 0px solid transparent; width: 50%; height: 15px;\" align=\"right\" width=\"50%\">Sexualit\u00e4t<\/td>\r\n<td style=\"border: 0px solid transparent; width: 50%; height: 15px;\" align=\"left\" width=\"50%\">\u00a0<\/td>\r\n<\/tr>\r\n<tr style=\"height: 15px;\">\r\n<td style=\"font-weight: bold; border: 0px solid transparent; width: 50%; height: 15px;\" align=\"right\" width=\"50%\">Familienstand<\/td>\r\n<td style=\"border: 0px solid transparent; width: 50%; height: 15px;\" align=\"left\" width=\"50%\">ledig<\/td>\r\n<\/tr>\r\n<tr style=\"height: 15px;\">\r\n<td style=\"font-weight: bold; border: 0px solid transparent; width: 50%; height: 15px;\" align=\"right\" width=\"50%\">Familie<\/td>\r\n<td style=\"border: 0px solid transparent; width: 50%; height: 15px;\" align=\"left\" width=\"50%\">\u00a0<\/td>\r\n<\/tr>\r\n<tr style=\"height: 15px;\">\r\n<td style=\"font-weight: bold; border: 0px solid transparent; width: 50%; height: 15px;\" align=\"right\" width=\"50%\">Religion<\/td>\r\n<td style=\"border: 0px solid transparent; width: 50%; height: 15px;\" align=\"left\" width=\"50%\">\u00a0<\/td>\r\n<\/tr>\r\n<tr style=\"height: 15px;\">\r\n<td style=\"font-weight: bold; border: 0px solid #003366; background: #555555; box-shadow: rgba(255, 255, 255, 0.75) 0.1em 0.1em 0.5em; border-radius: 1em; width: 100%; height: 15px;\" colspan=\"2\" align=\"center\"><span style=\"color: #ffffff;\">Politische informationen<\/span><\/td>\r\n<\/tr>\r\n<tr style=\"height: 15px;\">\r\n<td style=\"font-weight: bold; border: 0px solid transparent; width: 50%; height: 15px;\" align=\"right\" width=\"50%\">Buergerschaft<\/td>\r\n<td style=\"border: 0px solid transparent; width: 50%; height: 15px;\" align=\"left\" width=\"50%\">F\u00f6derationsb\u00fcrger<\/td>\r\n<\/tr>\r\n<\/tbody>\r\n<\/table>\r\n<\/div>\r\n<!-- Inhaltsverzeichnis -->\r\n<div style=\"width: 25%; padding: 10px; margin-bottom: 15px; font-size: 11px; border: 1px solid #333333; display: inline-block;\"><strong>Inhalt<\/strong>\r\n<ul>\r\n<li><a href=\"#beschreibung\">Beschreibung<\/a><\/li>\r\n<li><a href=\"#lebenslauf\">Lebenslauf<\/a><\/li>\r\n<li><a href=\"#psychologisches\">Psychologisches Profil<\/a><\/li>\r\n<li><a href=\"#ausbildung\">Ausbildung &amp; Spezialgebiete<\/a><\/li>\r\n<li><a href=\"#spezies\">Besonderheiten<\/a><\/li>\r\n<li><a href=\"#hobbies\">Hobbies<\/a><\/li>\r\n<li><a href=\"#medizinisches\">Medizinisches Profil<\/a><\/li>\r\n<li><a href=\"#familie\">Familie<\/a><\/li>\r\n<li><a href=\"#klassifiziert\">Klassifizierte Sektion<\/a><\/li>\r\n<\/ul>\r\n<\/div>\r\n<!-- Inhalte -->\r\n<h2><a id=\"beschreibung\"><\/a>Beschreibung<\/h2>\r\n<p>Chell Wanar ist Bolianer und Wissenschaftsoffizier auf der Galathea.<\/p>\r\n<p>Er ist lebensfroh und l\u00e4sst sich leicht von anderen \u00dcberzeugen. Sein wissenschaftliches Spezialgebiet ist die Astrophysik mit Fokus auf Gravitationsdynamik und schwarze L\u00f6cher.<\/p>\r\n<hr \/>\r\n<h2><a id=\"lebenslauf\"><\/a>Lebenslauf<\/h2>\r\n<h3>Kindheit und Jugend<\/h3>\r\n<h3>Ausbildung<\/h3>\r\n<h3>Karriere bei der Sternenflotte<\/h3>\r\n<p>&nbsp;<\/p>\r\n<hr \/>\r\n<h2><a id=\"psychologisches\"><\/a>Psychologisches Profil<\/h2>\r\n<p>Chell neigt, wie viele Bolianer, zum Aberglauben. Seine Leichtgl\u00e4ubigkeit unterst\u00fctzt diesen Aspekt seines Wesens noch weiter, wodurch er auch anf\u00e4llig f\u00fcr Ger\u00fcchte ist.<\/p>\r\n<p>Erstaunlicherweise steht sein Drang nach belegbaren Fakten dazu im Gegensatz, es kommt jedoch auch h\u00e4ufig vor, dass er Ger\u00fcchte, Mythen und Aberglaube \u00fcber Beobachtungen und darauf aufbauende Statistiken f\u00fcr sich als Fakten und Daten etabliert.<\/p>\r\n<p>Er verf\u00fcgt \u00fcber ein Talent zum analytischen Denken. Seine Hingabe zur Physik grenzt schon beinahe an religi\u00f6sen Fanatismus, was teilweise von seinem Aberglauben unterst\u00fctzt wird.\u00a0<\/p>\r\n<p>Es fehlt ihm jedoch soziale Intelligenz und Empathie, jedoch nicht so sehr, dass man von autistischen Symptomen sprechen k\u00f6nnte.\u00a0<\/p>\r\n<h3>St\u00e4rken &amp; Schw\u00e4chen<\/h3>\r\n<ul>\r\n<li>\r\n<p><strong>Positiv:<\/strong><\/p>\r\n<ul>\r\n<li>neugierig<\/li>\r\n<li>lebensfroh<\/li>\r\n<li>zuverl\u00e4ssig<\/li>\r\n<\/ul>\r\n<p><strong>Negativ:<\/strong><\/p>\r\n<ul>\r\n<li>Mitl\u00e4ufer<\/li>\r\n<li>leichtgl\u00e4ubig<\/li>\r\n<li>abergl\u00e4ubisch<\/li>\r\n<li>\u00e4ngstlich<\/li>\r\n<\/ul>\r\n<p><strong>Vorlieben:<\/strong><\/p>\r\n<ul>\r\n<li>Schwarze L\u00f6cher<\/li>\r\n<li>Gl\u00fccksspiel<\/li>\r\n<li>Parties<\/li>\r\n<\/ul>\r\n<p><strong>Abneigungen:\u00a0<\/strong><\/p>\r\n<ul>\r\n<li>Kampf<\/li>\r\n<li>unerkl\u00e4rbare Ereignisse<\/li>\r\n<\/ul>\r\n<\/li>\r\n<\/ul>\r\n<hr \/>\r\n<h2><a id=\"ausbildung\"><\/a>Ausbildung &amp; Spezialgebiete<\/h2>\r\n<h3><strong>Zivile Vorbildung<\/strong><\/h3>\r\n<p>Intensive wissenschaftliche Schulbildung<\/p>\r\n<ul>\r\n<li>Chemie<\/li>\r\n<li>Physik<\/li>\r\n<li>Biologie<\/li>\r\n<\/ul>\r\n<h3><strong>Studien auf der Sternenflottenakademie<\/strong><\/h3>\r\n<p>&nbsp;<\/p>\r\n<p><strong>Hauptf\u00e4cher<\/strong><\/p>\r\n<ul>\r\n<li>Wissenschaft\r\n<ul>\r\n<li>Physik\r\n<ul>\r\n<li>Spezialisierung: Simulation- und Computerphysik<\/li>\r\n<li>Spezialisierung: mathematische Physik<\/li>\r\n<\/ul>\r\n<\/li>\r\n<li>Astrophysik\r\n<ul>\r\n<li>Spezialisierung: Schwarze L\u00f6cher<\/li>\r\n<li>Spezialisierung: Gravitationsdynamik<\/li>\r\n<\/ul>\r\n<\/li>\r\n<\/ul>\r\n<\/li>\r\n<li>Technik\r\n<ul>\r\n<li>Elektronik: Computer<\/li>\r\n<li>Elektronik: Deflektorschilde<\/li>\r\n<\/ul>\r\n<\/li>\r\n<\/ul>\r\n<p>&nbsp;<\/p>\r\n<p><strong>Nebenf\u00e4cher<\/strong><\/p>\r\n<ul>\r\n<li>Astronomie<\/li>\r\n<li>Kosmologie<\/li>\r\n<li>Teilchenphysik<\/li>\r\n<li>Statistik<\/li>\r\n<li>technische Physik<\/li>\r\n<li>Mythologie<\/li>\r\n<li>Informatik<\/li>\r\n<li>Grundlagen Holodesign<\/li>\r\n<li>Grundlagen Holoprogrammierung<\/li>\r\n<\/ul>\r\n<h2><strong><a id=\"spezies\"><\/a>Besonderheiten der eigenen Spezies<\/strong><\/h2>\r\n<p>Seine Haut ist gr\u00fcnlich Blau, er hat einen vertikal verlaufenden, knorpeligen, d\u00fcnnen Kamm \u00fcber den Kopf und l\u00e4ngere Ohrl\u00e4ppchen. Sowohl M\u00e4nner als auch Frauen haben keine Augenbrauen oder sonstige K\u00f6rperbehaarung. Es verl\u00e4uft ein dunkles Streifenmuster \u00fcber seinem Kopf.<\/p>\r\n<p>Das Herz der Bolianer liegt auf der rechten Seite des K\u00f6rpers. Das Blut ist blau. Die Eigenart der rosa Zunge ist ein knorpeliger Belag, der vor S\u00e4ure sch\u00fctzt.<\/p>\r\n<h2><strong>Sonstiges<\/strong><\/h2>\r\n<p>&nbsp;<\/p>\r\n<hr \/>\r\n<h2><a id=\"hobbies\"><\/a>Hobbies<\/h2>\r\n<ul>\r\n<li>Holodeck-Programmierung<\/li>\r\n<li>Gl\u00fccksspiel<\/li>\r\n<\/ul>\r\n<hr \/>\r\n<h2><a id=\"medizinisches\"><\/a>Medizinisches Profil<\/h2>\r\n<p>&nbsp;<\/p>\r\n<p><strong>Krankheiten &amp; Gesundheit:<\/strong><\/p>\r\n<ul>\r\n<li>keine<\/li>\r\n<\/ul>\r\n<hr \/>\r\n<h2><a id=\"familie\"><\/a>Familie<\/h2>\r\n<hr \/>\r\n<h2><a id=\"klassifiziert\"><\/a>Klassifzierte Sektion<\/h2>\r\n<p>Keine Eintr\u00e4ge<\/p>\r\n","protected":false},"excerpt":{"rendered":"<p>\u00a0 Chell Wanar Status NPC Spieler \u00a0 Dienstliche Informationen Ranggrafik Rang Lt. Posten WIS Stationierung USS Galathea Physische Beschreibung Spezies Bolianer Geschlecht m\u00e4nnlich Gr\u00f6\u00dfe \u00a0cm Gewicht \u00a0kg Hautfarbe blau Haarfarbe &#8211; Augenfarbe \u00a0 Biographische Informationen Geburtsort \u00a0 Geburtstag \u00a0 Sexualit\u00e4t \u00a0 Familienstand ledig Familie \u00a0 Religion \u00a0 Politische informationen Buergerschaft F\u00f6derationsb\u00fcrger Inhalt Beschreibung Lebenslauf Psychologisches [&hellip;]<\/p>\n","protected":false},"author":12,"featured_media":1126,"parent":2004,"menu_order":10,"comment_status":"closed","ping_status":"closed","template":"","meta":{"footnotes":""},"class_list":["post-3479","page","type-page","status-publish","has-post-thumbnail","hentry"],"publishpress_future_action":{"enabled":false,"date":"2026-05-24 05:28:38","action":"change-status","newStatus":"draft","terms":[],"taxonomy":"","extraData":[]},"publishpress_future_workflow_manual_trigger":{"enabledWorkflows":[]},"_links":{"self":[{"href":"https:\/\/www.sf-germany.org\/einheiten\/uss-galathea\/wp-json\/wp\/v2\/pages\/3479","targetHints":{"allow":["GET"]}}],"collection":[{"href":"https:\/\/www.sf-germany.org\/einheiten\/uss-galathea\/wp-json\/wp\/v2\/pages"}],"about":[{"href":"https:\/\/www.sf-germany.org\/einheiten\/uss-galathea\/wp-json\/wp\/v2\/types\/page"}],"author":[{"embeddable":true,"href":"https:\/\/www.sf-germany.org\/einheiten\/uss-galathea\/wp-json\/wp\/v2\/users\/12"}],"replies":[{"embeddable":true,"href":"https:\/\/www.sf-germany.org\/einheiten\/uss-galathea\/wp-json\/wp\/v2\/comments?post=3479"}],"version-history":[{"count":5,"href":"https:\/\/www.sf-germany.org\/einheiten\/uss-galathea\/wp-json\/wp\/v2\/pages\/3479\/revisions"}],"predecessor-version":[{"id":3712,"href":"https:\/\/www.sf-germany.org\/einheiten\/uss-galathea\/wp-json\/wp\/v2\/pages\/3479\/revisions\/3712"}],"up":[{"embeddable":true,"href":"https:\/\/www.sf-germany.org\/einheiten\/uss-galathea\/wp-json\/wp\/v2\/pages\/2004"}],"wp:featuredmedia":[{"embeddable":true,"href":"https:\/\/www.sf-germany.org\/einheiten\/uss-galathea\/wp-json\/wp\/v2\/media\/1126"}],"wp:attachment":[{"href":"https:\/\/www.sf-germany.org\/einheiten\/uss-galathea\/wp-json\/wp\/v2\/media?parent=3479"}],"curies":[{"name":"wp","href":"https:\/\/api.w.org\/{rel}","templated":true}]}}