{"id":3553,"date":"2020-07-19T16:56:09","date_gmt":"2020-07-19T14:56:09","guid":{"rendered":"http:\/\/www.sf-germany.org\/einheiten\/uss-galathea\/?page_id=3553"},"modified":"2025-09-25T10:33:22","modified_gmt":"2025-09-25T08:33:22","slug":"veranstaltungen-und-gruppen","status":"publish","type":"page","link":"https:\/\/www.sf-germany.org\/einheiten\/uss-galathea\/das-schiff\/veranstaltungen-und-gruppen\/","title":{"rendered":"Veranstaltungen und Gruppen"},"content":{"rendered":"<p>Auf Schiffen der Sternenflotte bilden sich, vor allem bei l\u00e4ngeren Reisen, regelm\u00e4\u00dfig Interessensgruppen die einen wichtigen Stellenwert im sozialen Leben der Crew einnehmen. Die USS Galathea ist da keine Ausnahme &#8211; im Gegenteil: Durch die Anwesenheit von Zivilisten gibt es hier vielleicht sogar ein gr\u00f6\u00dferes Angebot als anderswo.<\/p>\n<p>Diese Seite sammelt solche Gruppen und auch Veranstaltungen, soweit sie im RPG vorkommen.<\/p>\n\n<h1>Regelm\u00e4\u00dfige Bet\u00e4tigungen<\/h1>\n<ul>\n<li><strong>Yoga<\/strong>:\u00a0<a href=\"https:\/\/www.sf-germany.org\/einheiten\/uss-galathea\/die-crew\/spielercharaktere\/srivani-mukherjee\/\">Srivani Mukherjee<\/a>,\u00a0<a href=\"https:\/\/www.sf-germany.org\/einheiten\/uss-galathea\/die-crew\/spielercharaktere\/trarkash-sicherheitsoffizier\/\">Trarkash Sicherheitsoffizier<\/a> und\u00a0<a href=\"https:\/\/www.sf-germany.org\/einheiten\/uss-galathea\/die-crew\/nichtspielercharaktere\/levka-solowyova\/\">Levka Solowyova<\/a> treffen sich regelm\u00e4\u00dfig zum Yoga.<\/li>\n<li><strong>Kantinenhopping<\/strong>:\u00a0<a href=\"https:\/\/www.sf-germany.org\/einheiten\/uss-galathea\/die-crew\/spielercharaktere\/helena-rubis\/\">Helena Rubis<\/a> betreibt regelm\u00e4\u00dfiges &#8222;Kantinenhopping&#8220; zum Mittagessen und verabredet sich dabei mit anderen Personen an Bord.<\/li>\n<\/ul>\n<h1>Gruppen, Vereine und regelm\u00e4\u00dfige Treffen<\/h1>\n<h2>Theatergruppe<\/h2>\n<table style=\"border-collapse: collapse; width: 100%;\">\n<tbody>\n<tr>\n<td style=\"width: 50%;\"><strong>Leitung<\/strong><\/td>\n<td style=\"width: 50%;\"><a href=\"https:\/\/www.sf-germany.org\/einheiten\/uss-galathea\/die-crew\/spielercharaktere\/grwydro-aru\/\">Grwydro Aru<\/a><\/td>\n<\/tr>\n<tr>\n<td style=\"width: 50%;\"><strong>Mitglieder<\/strong><\/td>\n<td style=\"width: 50%;\">\n<ul>\n<li><a href=\"https:\/\/www.sf-germany.org\/einheiten\/uss-galathea\/die-crew\/spielercharaktere\/srivani-mukherjee\/\">Srivani Mukherjee<\/a><\/li>\n<li><a href=\"https:\/\/www.sf-germany.org\/einheiten\/uss-galathea\/die-crew\/spielercharaktere\/trarkash-sicherheitsoffizier\/\">Trarkash Sicherheitsoffizier<\/a><\/li>\n<li><a href=\"https:\/\/www.sf-germany.org\/einheiten\/uss-galathea\/die-crew\/spielercharaktere\/ewa-natasza-zofia\/\">Ewa Zima <\/a>(B\u00fchne &amp; Maske) &amp; Vieh<\/li>\n<li><a href=\"https:\/\/www.sf-germany.org\/einheiten\/uss-galathea\/die-crew\/spielercharaktere\/nzthomson\/\">Nahima Thomson<\/a><\/li>\n<li><a href=\"https:\/\/www.sf-germany.org\/einheiten\/uss-galathea\/die-crew\/nichtspielercharaktere\/aaja-nuuk\/\">Aja Nuuk<\/a><\/li>\n<li><a href=\"https:\/\/www.sf-germany.org\/einheiten\/uss-galathea\/die-crew\/nichtspielercharaktere\/shani-al-sadat\/\">Shani Al Sadat<\/a><\/li>\n<li><a href=\"https:\/\/www.sf-germany.org\/einheiten\/uss-galathea\/die-crew\/nichtspielercharaktere\/sara-al-sadat\/\">Sara Al Sadat<\/a><\/li>\n<li><a href=\"https:\/\/www.sf-germany.org\/einheiten\/uss-galathea\/die-crew\/nichtspielercharaktere\/fariba-al-sadat\/\">Fariba Al Sadat<\/a><\/li>\n<li><a href=\"https:\/\/www.sf-germany.org\/einheiten\/uss-galathea\/die-crew\/nichtspielercharaktere\/tamira-al-sadat\/\">Tamira Al Sadat<\/a><\/li>\n<li><a href=\"https:\/\/www.sf-germany.org\/einheiten\/uss-galathea\/die-crew\/nichtspielercharaktere\/idris-vilato\/\">Idris Vilato<\/a><\/li>\n<li><a href=\"https:\/\/www.sf-germany.org\/einheiten\/uss-galathea\/die-crew\/nichtspielercharaktere\/flower-starshine-mayfair\/\">Flower Starshine Mayfair<\/a><\/li>\n<\/ul>\n<\/td>\n<\/tr>\n<tr>\n<td style=\"width: 50%;\"><strong>Ehemalige Mitglieder<\/strong><\/td>\n<td style=\"width: 50%;\">\n<ul>\n<li><a href=\"https:\/\/www.sf-germany.org\/einheiten\/uss-galathea\/die-crew\/spielercharaktere\/adam-cartier\/\">Adam Cartier<\/a> (hat das Schiff verlassen)<\/li>\n<\/ul>\n<\/td>\n<\/tr>\n<\/tbody>\n<\/table>\n<h2>Heimat- und Kulturverein der russischen Seele<\/h2>\n<table style=\"border-collapse: collapse; width: 100%; height: 46px;\">\n<tbody>\n<tr style=\"height: 23px;\">\n<td style=\"width: 50%; height: 23px;\"><strong>Leitung<\/strong><\/td>\n<td style=\"width: 50%; height: 23px;\"><\/td>\n<\/tr>\n<tr style=\"height: 23px;\">\n<td style=\"width: 50%; height: 23px;\"><strong>Mitglieder<\/strong><\/td>\n<td style=\"width: 50%; height: 23px;\">Die Einladung erfolgt pers\u00f6nlich an Crewmitglieder und Zivilisten mit russischen Wurzeln, die sich mit ihrer Heimat identifizieren &#8211; unabh\u00e4ngig von der Spezies.<\/p>\n<ul>\n<li><a href=\"https:\/\/www.sf-germany.org\/einheiten\/uss-galathea\/die-crew\/nichtspielercharaktere\/levka-solowyova\/\">Levka Solowyova<\/a><\/li>\n<li><a href=\"https:\/\/www.sf-germany.org\/einheiten\/uss-galathea\/die-crew\/spielercharaktere\/ji-yeong\/\">Ji-Yeong Solowyova<\/a><\/li>\n<li><a href=\"https:\/\/www.sf-germany.org\/einheiten\/uss-galathea\/die-crew\/spielercharaktere\/asolowyov\/\">Aleksander Solowyov<\/a><\/li>\n<li><a href=\"https:\/\/www.sf-germany.org\/einheiten\/uss-galathea\/die-crew\/spielercharaktere\/smedvedev\/\">Sergej Borisowitsch Medvedev<\/a><\/li>\n<\/ul>\n<p>Personen mit anderer kultureller Zuordnung werden nur auf besondere Einladung als G\u00e4ste begr\u00fc\u00dft.<\/td>\n<\/tr>\n<\/tbody>\n<\/table>\n<p>Diese Gruppe wurde kurz nach dem Start der USS Galathea gegr\u00fcndet und trifft sich jeden Dienstag, ab 19 Uhr, in einem Raum beim Relig\u00f6sen Zentrum an Bord.<\/p>\n<p>Es gibt regelm\u00e4\u00dfig von Teilnehmern selbst gekochte und gebackene Speisen. Man unterh\u00e4lt sich \u00fcber die Heimat, Kunst und Kultur, liest Gedichte vor, stellt Gem\u00e4lde aus oder f\u00f6rdert auf andere Art und Weise den Austausch und das Beisammensein.<\/p>\n<h1>Unregelm\u00e4\u00dfige Veranstaltungen und Gro\u00dfereignisse<\/h1>\n<h2>Fr\u00fchst\u00fcck mit dem CO<\/h2>\n<p>Anstatt langweiliger Personalgespr\u00e4che hat es sich <a href=\"https:\/\/www.sf-germany.org\/einheiten\/uss-galathea\/die-crew\/spielercharaktere\/asolowyov\/\">Aleksander Solowyov<\/a> angew\u00f6hnt, (fast) jeden Tag mit einem seiner Offiziere zu fr\u00fchst\u00fccken und dabei ein Gespr\u00e4ch zu f\u00fchren &#8211; Themen sind aktuelle Situation an Bord, Zufriedenheit, Pl\u00e4ne zur Weiterentwicklung, Fortbildungen u.\u00e4. Die Termine werden von\u00a0<a href=\"https:\/\/www.sf-germany.org\/einheiten\/uss-galathea\/die-crew\/nichtspielercharaktere\/miri-ghil\/\">Miri Ghil<\/a> verwaltet und finden im <em>Panoramaspeiseraum des Captains<\/em> statt. Es werden dabei immer spezifische Fr\u00fchst\u00fcckszutaten aus der Kultur des Eingeladenen sowie &#8222;Standard&#8220;-Dinge gereicht. Das Fr\u00fchst\u00fcck beginnt jeweils 07:30 und dauert etwa eine Stunde.<\/p>\n<p><em>(Dies ist ein dauerhaftes Spielangebot an alle SCs mal ein CoPo zu schreiben, in dem es um das Fr\u00fchst\u00fcck mit dem CO geht. Siehe auch <a href=\"https:\/\/groups.io\/g\/uss-galathea\/message\/18\">#18<\/a>.)<\/em><\/p>\n<p><strong>Bisherige Fr\u00fchst\u00fccke<\/strong><\/p>\n<ul>\n<li>Specter (off)<\/li>\n<li>Adam (off)<\/li>\n<li>Mitchel (<a href=\"https:\/\/groups.io\/g\/uss-galathea\/message\/205\">#205<\/a>)<\/li>\n<li>Srivani (<a href=\"https:\/\/groups.io\/g\/uss-galathea\/message\/285\">#285<\/a>)<\/li>\n<li>Valea<\/li>\n<li>Selene<\/li>\n<li>Ewa<\/li>\n<\/ul>\n<p><strong>Geplante Fr\u00fchst\u00fccke<\/strong><\/p>\n<ul>\n<li>Yael\u00a0(<em>in Arbeit<\/em>)<\/li>\n<\/ul>\n<h2>Kulturelle Abende<\/h2>\n<p>Auf Bitte des CO organisieren die Offiziere des (erweiterten) Senior Staffs unregelm\u00e4\u00dfig einen &#8222;kulturellen Abend&#8220;, in dem sie ihre eigene Kultur vorstellen. Dies soll das gegenseitige Verst\u00e4ndnis und das allgemeine Miteinander f\u00f6rdern. Dadurch besitzen diese Abende einen durchaus semi-offiziellen Charakter, eine Teilnahme der Senior-Offiziere wird erwartet. Eine Begleitung kann mitgebracht werden, es soll aber nicht zu gro\u00df werden.<\/p>\n<p><strong>Geplante Abende:<\/strong><\/p>\n<ul>\n<li>risanischer Abend (Srivani)<\/li>\n<\/ul>\n<p>&nbsp;<\/p>\n<p><strong>Bisherige Abende:<\/strong><\/p>\n<ul>\n<li>kikonischer Abend<\/li>\n<li>indischer Abend (Srivani, <a href=\"https:\/\/www.sf-germany.org\/einheiten\/uss-galathea\/log\/missionen\/03b-kennenlernen\/\">Mission 3<\/a> &#8211; MD19)<\/li>\n<\/ul>\n<p>&nbsp;<\/p>\n<p>&nbsp;<\/p>\n","protected":false},"excerpt":{"rendered":"<p>Auf Schiffen der Sternenflotte bilden sich, vor allem bei l\u00e4ngeren Reisen, regelm\u00e4\u00dfig Interessensgruppen die einen wichtigen Stellenwert im sozialen Leben der Crew einnehmen. Die USS Galathea ist da keine Ausnahme &#8211; im Gegenteil: Durch die Anwesenheit von Zivilisten gibt es hier vielleicht sogar ein gr\u00f6\u00dferes Angebot als anderswo. Diese Seite sammelt solche Gruppen und auch [&hellip;]<\/p>\n","protected":false},"author":5,"featured_media":1126,"parent":379,"menu_order":2,"comment_status":"closed","ping_status":"closed","template":"","meta":{"footnotes":""},"class_list":["post-3553","page","type-page","status-publish","has-post-thumbnail","hentry"],"publishpress_future_action":{"enabled":false,"date":"2026-05-10 02:36:39","action":"change-status","newStatus":"draft","terms":[],"taxonomy":"","extraData":[]},"publishpress_future_workflow_manual_trigger":{"enabledWorkflows":[]},"_links":{"self":[{"href":"https:\/\/www.sf-germany.org\/einheiten\/uss-galathea\/wp-json\/wp\/v2\/pages\/3553","targetHints":{"allow":["GET"]}}],"collection":[{"href":"https:\/\/www.sf-germany.org\/einheiten\/uss-galathea\/wp-json\/wp\/v2\/pages"}],"about":[{"href":"https:\/\/www.sf-germany.org\/einheiten\/uss-galathea\/wp-json\/wp\/v2\/types\/page"}],"author":[{"embeddable":true,"href":"https:\/\/www.sf-germany.org\/einheiten\/uss-galathea\/wp-json\/wp\/v2\/users\/5"}],"replies":[{"embeddable":true,"href":"https:\/\/www.sf-germany.org\/einheiten\/uss-galathea\/wp-json\/wp\/v2\/comments?post=3553"}],"version-history":[{"count":15,"href":"https:\/\/www.sf-germany.org\/einheiten\/uss-galathea\/wp-json\/wp\/v2\/pages\/3553\/revisions"}],"predecessor-version":[{"id":8051,"href":"https:\/\/www.sf-germany.org\/einheiten\/uss-galathea\/wp-json\/wp\/v2\/pages\/3553\/revisions\/8051"}],"up":[{"embeddable":true,"href":"https:\/\/www.sf-germany.org\/einheiten\/uss-galathea\/wp-json\/wp\/v2\/pages\/379"}],"wp:featuredmedia":[{"embeddable":true,"href":"https:\/\/www.sf-germany.org\/einheiten\/uss-galathea\/wp-json\/wp\/v2\/media\/1126"}],"wp:attachment":[{"href":"https:\/\/www.sf-germany.org\/einheiten\/uss-galathea\/wp-json\/wp\/v2\/media?parent=3553"}],"curies":[{"name":"wp","href":"https:\/\/api.w.org\/{rel}","templated":true}]}}