{"id":3649,"date":"2020-08-31T19:42:32","date_gmt":"2020-08-31T17:42:32","guid":{"rendered":"http:\/\/www.sf-germany.org\/einheiten\/uss-galathea\/?page_id=3649"},"modified":"2021-06-22T10:35:45","modified_gmt":"2021-06-22T08:35:45","slug":"tamira-al-sadat","status":"publish","type":"page","link":"https:\/\/www.sf-germany.org\/einheiten\/uss-galathea\/die-crew\/nichtspielercharaktere\/tamira-al-sadat\/","title":{"rendered":"Tamira Al Sadat"},"content":{"rendered":"<div style=\"float: right; margin-left: 15px; margin-bottom: 15px; font-size: 11px; min-width: 350px; width: 25%; padding-left: 10px; padding-right: 10px;\">\n<table style=\"width: 100%; border: 0px outset #003366; background: #ffffff; box-shadow: rgba(255, 255, 255, 0.75) 0.1em 0.1em 0.5em; border-radius: 1em; height: 562px;\" border=\"3\" cellspacing=\"10\" align=\"right\">\n<tbody>\n<tr style=\"height: 15px;\">\n<td style=\"font-weight: bold; border: 0px solid transparent; width: 100%; height: 15px;\" colspan=\"2\" align=\"center\"><\/td>\n<\/tr>\n<tr style=\"height: 144px;\">\n<td style=\"background: transparent; border: 0px solid transparent; width: 100%; height: 144px;\" colspan=\"2\" align=\"center\"><!-- hier das Charakterbild einf\u00fcgen -->\n<img loading=\"lazy\" decoding=\"async\" class=\"alignnone size-full wp-image-1126\" src=\"https:\/\/www.sf-germany.org\/einheiten\/uss-galathea\/wp-content\/uploads\/2019\/08\/images.png\" alt=\"\" width=\"262\" height=\"192\" \/><\/td>\n<\/tr>\n<tr style=\"height: 15px;\">\n<td style=\"font-weight: bold; border: 0px solid transparent; width: 100%; height: 15px;\" colspan=\"2\" align=\"center\">Tamira Al Sadat<\/td>\n<\/tr>\n<tr style=\"height: 15px;\">\n<td style=\"font-weight: bold; border: 0px solid transparent; width: 50%; height: 15px;\" align=\"right\" width=\"50%\">Status<\/td>\n<td style=\"border: 0px solid transparent; width: 50%; height: 15px;\" align=\"left\" width=\"50%\">NPC<\/td>\n<\/tr>\n<tr style=\"height: 15px;\">\n<td style=\"font-weight: bold; border: 0px solid transparent; width: 50%; height: 15px;\" align=\"right\" width=\"50%\">Spieler<\/td>\n<td style=\"border: 0px solid transparent; width: 50%; height: 15px;\" align=\"left\" width=\"50%\"><\/td>\n<\/tr>\n<tr style=\"height: 15px;\">\n<td style=\"font-weight: bold; border: 0px solid #003366; background: #555555; box-shadow: rgba(255, 255, 255, 0.75) 0.1em 0.1em 0.5em; border-radius: 1em; width: 100%; height: 15px;\" colspan=\"2\" align=\"center\"><span style=\"color: #ffffff;\">Dienstliche Informationen<\/span><\/td>\n<\/tr>\n<tr style=\"height: 28px;\">\n<td style=\"font-weight: bold; border: 0px solid transparent; width: 50%; height: 28px;\" align=\"right\" width=\"50%\">Ranggrafik<\/td>\n<td style=\"border: 0px solid transparent; width: 50%; height: 28px;\" align=\"left\" width=\"50%\"><!-- Es gibt die R\u00e4nge in \/gelb\/, \/rot\/, \/blau\/ und \/wei\u00df\/, manche auch in \/gruen\/ -->\n<img decoding=\"async\" src=\"https:\/\/www.sf-germany.com\/images\/schemata\/variant\/gelb\/crwm.jpg\" alt=\"Crewman 1st class\" \/><\/td>\n<\/tr>\n<tr style=\"height: 15px;\">\n<td style=\"font-weight: bold; border: 0px solid transparent; width: 50%; height: 15px;\" align=\"right\" width=\"50%\">Rang<\/td>\n<td style=\"border: 0px solid transparent; width: 50%; height: 15px;\" align=\"left\" width=\"50%\">Crewman<\/td>\n<\/tr>\n<tr style=\"height: 15px;\">\n<td style=\"font-weight: bold; border: 0px solid transparent; width: 50%; height: 15px;\" align=\"right\" width=\"50%\">Posten<\/td>\n<td style=\"border: 0px solid transparent; width: 50%; height: 15px;\" align=\"left\" width=\"50%\">Statistikerin (OPS)<\/td>\n<\/tr>\n<tr style=\"height: 15px;\">\n<td style=\"font-weight: bold; border: 0px solid transparent; width: 50%; height: 15px;\" align=\"right\" width=\"50%\">Stationierung<\/td>\n<td style=\"border: 0px solid transparent; width: 50%; height: 15px;\" align=\"left\" width=\"50%\">USS Galathea<\/td>\n<\/tr>\n<tr style=\"height: 15px;\">\n<td style=\"font-weight: bold; border: 0px solid #003366; background: #555555; box-shadow: rgba(255, 255, 255, 0.75) 0.1em 0.1em 0.5em; border-radius: 1em; width: 100%; height: 15px;\" colspan=\"2\" align=\"center\"><span style=\"color: #ffffff;\">Physische Beschreibung<\/span><\/td>\n<\/tr>\n<tr style=\"height: 15px;\">\n<td style=\"font-weight: bold; border: 0px solid transparent; width: 50%; height: 15px;\" align=\"right\" width=\"50%\">Spezies<\/td>\n<td style=\"border: 0px solid transparent; width: 50%; height: 15px;\" align=\"left\" width=\"50%\">Mensch<\/td>\n<\/tr>\n<tr style=\"height: 15px;\">\n<td style=\"font-weight: bold; border: 0px solid transparent; width: 50%; height: 15px;\" align=\"right\" width=\"50%\">Geschlecht<\/td>\n<td style=\"border: 0px solid transparent; width: 50%; height: 15px;\" align=\"left\" width=\"50%\">weiblich<\/td>\n<\/tr>\n<tr style=\"height: 15px;\">\n<td style=\"font-weight: bold; border: 0px solid transparent; width: 50%; height: 15px;\" align=\"right\" width=\"50%\">Gr\u00f6\u00dfe<\/td>\n<td style=\"border: 0px solid transparent; width: 50%; height: 15px;\" align=\"left\" width=\"50%\">\u00a0163 cm<\/td>\n<\/tr>\n<tr style=\"height: 15px;\">\n<td style=\"font-weight: bold; border: 0px solid transparent; width: 50%; height: 15px;\" align=\"right\" width=\"50%\">Gewicht<\/td>\n<td style=\"border: 0px solid transparent; width: 50%; height: 15px;\" align=\"left\" width=\"50%\">\u00a050 kg<\/td>\n<\/tr>\n<tr style=\"height: 15px;\">\n<td style=\"font-weight: bold; border: 0px solid transparent; width: 50%; height: 15px;\" align=\"right\" width=\"50%\">Hautfarbe<\/td>\n<td style=\"border: 0px solid transparent; width: 50%; height: 15px;\" align=\"left\" width=\"50%\">oliv<\/td>\n<\/tr>\n<tr style=\"height: 15px;\">\n<td style=\"font-weight: bold; border: 0px solid transparent; width: 50%; height: 15px;\" align=\"right\" width=\"50%\">Haarfarbe<\/td>\n<td style=\"border: 0px solid transparent; width: 50%; height: 15px;\" align=\"left\" width=\"50%\">schwarz<\/td>\n<\/tr>\n<tr style=\"height: 15px;\">\n<td style=\"font-weight: bold; border: 0px solid transparent; width: 50%; height: 15px;\" align=\"right\" width=\"50%\">Augenfarbe<\/td>\n<td style=\"border: 0px solid transparent; width: 50%; height: 15px;\" align=\"left\" width=\"50%\">braun<\/td>\n<\/tr>\n<tr style=\"height: 15px;\">\n<td style=\"font-weight: bold; border: 0px solid transparent; width: 50%; text-align: right; height: 15px;\">bevorzugte Uniform-Variante<\/td>\n<td style=\"border: 0px solid transparent; width: 50%; height: 15px;\">Sierra II<\/td>\n<\/tr>\n<tr style=\"height: 15px;\">\n<td style=\"font-weight: bold; border: 0px solid #003366; background: #555555; box-shadow: rgba(255, 255, 255, 0.75) 0.1em 0.1em 0.5em; border-radius: 1em; width: 100%; height: 15px;\" colspan=\"2\" align=\"center\"><span style=\"color: #ffffff;\">Biographische Informationen<\/span><\/td>\n<\/tr>\n<tr style=\"height: 15px;\">\n<td style=\"font-weight: bold; border: 0px solid transparent; width: 50%; height: 15px;\" align=\"right\" width=\"50%\">Geburtsort<\/td>\n<td style=\"border: 0px solid transparent; width: 50%; height: 15px;\" align=\"left\" width=\"50%\">Abu Dhabi, Erde<\/td>\n<\/tr>\n<tr style=\"height: 15px;\">\n<td style=\"font-weight: bold; border: 0px solid transparent; width: 50%; height: 15px;\" align=\"right\" width=\"50%\">Geburtstag<\/td>\n<td style=\"border: 0px solid transparent; width: 50%; height: 15px;\" align=\"left\" width=\"50%\">03.05.2382<\/td>\n<\/tr>\n<tr style=\"height: 15px;\">\n<td style=\"font-weight: bold; border: 0px solid transparent; width: 50%; height: 15px;\" align=\"right\" width=\"50%\">Sexualit\u00e4t<\/td>\n<td style=\"border: 0px solid transparent; width: 50%; height: 15px;\" align=\"left\" width=\"50%\">bi-sexuell<\/td>\n<\/tr>\n<tr style=\"height: 15px;\">\n<td style=\"font-weight: bold; border: 0px solid transparent; width: 50%; height: 15px;\" align=\"right\" width=\"50%\">Familienstand<\/td>\n<td style=\"border: 0px solid transparent; width: 50%; height: 15px;\" align=\"left\" width=\"50%\">ledig<\/td>\n<\/tr>\n<tr style=\"height: 15px;\">\n<td style=\"font-weight: bold; border: 0px solid transparent; width: 50%; height: 15px;\" align=\"right\" width=\"50%\">Familie<\/td>\n<td style=\"border: 0px solid transparent; width: 50%; height: 15px;\" align=\"left\" width=\"50%\"><\/td>\n<\/tr>\n<tr style=\"height: 15px;\">\n<td style=\"font-weight: bold; border: 0px solid transparent; width: 50%; height: 15px;\" align=\"right\" width=\"50%\">Religion<\/td>\n<td style=\"border: 0px solid transparent; width: 50%; height: 15px;\" align=\"left\" width=\"50%\">Atheist<\/td>\n<\/tr>\n<tr style=\"height: 15px;\">\n<td style=\"font-weight: bold; border: 0px solid #003366; background: #555555; box-shadow: rgba(255, 255, 255, 0.75) 0.1em 0.1em 0.5em; border-radius: 1em; width: 100%; height: 15px;\" colspan=\"2\" align=\"center\"><span style=\"color: #ffffff;\">Politische informationen<\/span><\/td>\n<\/tr>\n<tr style=\"height: 15px;\">\n<td style=\"font-weight: bold; border: 0px solid transparent; width: 50%; height: 15px;\" align=\"right\" width=\"50%\">Buergerschaft<\/td>\n<td style=\"border: 0px solid transparent; width: 50%; height: 15px;\" align=\"left\" width=\"50%\">F\u00f6derationsb\u00fcrger<\/td>\n<\/tr>\n<\/tbody>\n<\/table>\n<\/div>\n<!-- Inhaltsverzeichnis -->\n<div style=\"width: 25%; padding: 10px; margin-bottom: 15px; font-size: 11px; border: 1px solid #333333; display: inline-block;\">\n\n<strong>Inhalt<\/strong>\n<ul>\n \t<li><a href=\"#beschreibung\">Beschreibung<\/a><\/li>\n \t<li><a href=\"#lebenslauf\">Lebenslauf<\/a><\/li>\n \t<li><a href=\"#psychologisches\">Psychologisches Profil<\/a><\/li>\n \t<li><a href=\"#disziplin\">Disziplinarische Vermerke<\/a><\/li>\n \t<li><a href=\"#ausbildung\">Ausbildung &amp; Spezialgebiete<\/a><\/li>\n \t<li><a href=\"#spezies\">Besonderheiten<\/a><\/li>\n \t<li><a href=\"#hobbies\">Hobbies<\/a><\/li>\n \t<li><a href=\"#medizinisches\">Medizinisches Profil<\/a><\/li>\n \t<li><a href=\"#familie\">Familie<\/a><\/li>\n \t<li><a href=\"#haustiere\">Haustiere<\/a><\/li>\n \t<li><a href=\"#klassifiziert\">Klassifizierte Sektion<\/a><\/li>\n<\/ul>\n<!-- Ende des Inhaltsverzeichnis -->\n\n<\/div>\n<!-- Inhalte -->\n<h2><a id=\"beschreibung\"><\/a>Beschreibung<\/h2>\nTamira Al Sadat ist Statistikerin und gemeinsam mit ihren Schwestern auf der Galathea. Au\u00dferdem ist sie Teil der Theatergruppe und scheint an Grwydro Aru interessiert\u00a0zu sein.\n\nTamira ist, wie auch ihre Schwestern, schlank und hat langes schwarzes Haar. Man w\u00fcrde ihre K\u00f6rperform wohl als rechteckig bezeichnen, sie hat quasi keine Taille und ihre Schultern und H\u00fcften sind gleich breit. In der K\u00f6rpergr\u00f6\u00dfe ist sie die kleinste der Vier.\n\n<hr \/>\n\n<h2><a id=\"lebenslauf\"><\/a>Lebenslauf<\/h2>\nTamira hatte immer schon ein gutes Verst\u00e4ndnis f\u00fcr Zahlen und Zusammenh\u00e4nge. Sie ist die j\u00fcngste von vier T\u00f6chtern der Familie Al Sadat.\n<h3>Kindheit und Jugend<\/h3>\nTamira war immer ein wenig ausgegrenzt, auch von ihren Schwestern. Als j\u00fcngste Tochter, aber nicht j\u00fcngstes Kind, wurde sie oft &#8222;\u00fcbersehen&#8220;. Was sie jedoch nicht st\u00f6rte, denn es verschaffte ihr mehr Zeit f\u00fcr B\u00fccher.\n<h3>Ausbildung<\/h3>\nIhre Ausbildung fokussierte sich auf Mathematik, Statistik und Geschichte. Bereits in ihrer zivilen Ausbildung wurde Tamiras Talent f\u00fcr Zahlen und Zusammenh\u00e4nge bemerkt und gef\u00f6rdert.\n<h3>Karriere bei der Sternenflotte<\/h3>\nTamira bewarb sich bei der Sternenflotte um als Unteroffizier ausgebildet zu werden. Aufgrund ihrer guten Noten, wurde die Bewerbung schnell angenommen und so begann ihre Ausbildung mit den Grundlagen der Operations Crew. Nach dem ersten Abschnitt entschied sich die junge Frau f\u00fcr Administration mit dem Spezialgebiet auf Statistik.\n<h3>Tabellarischer Lebenslauf<\/h3>\n<table style=\"border-collapse: collapse; width: 77.7343%;\">\n<tbody>\n<tr>\n<td style=\"background-color: #ed801a; width: 4.54103%;\"><strong>Jahr<\/strong><\/td>\n<td style=\"background-color: #ed801a; width: 72.4003%;\"><strong>Ereignis<\/strong><\/td>\n<\/tr>\n<tr>\n<td style=\"width: 4.54103%;\">2382<\/td>\n<td style=\"width: 72.4003%;\">Geburt, Abu Dhabi<\/td>\n<\/tr>\n<tr>\n<td style=\"width: 4.54103%;\">2400<\/td>\n<td style=\"width: 72.4003%;\">Bewerbung als Unteroffizier bei der Sternenflotte<\/td>\n<\/tr>\n<tr>\n<td style=\"width: 4.54103%;\">2401<\/td>\n<td style=\"width: 72.4003%;\">Beginn der Ausbildung als Operations Recruit<\/td>\n<\/tr>\n<tr>\n<td style=\"width: 4.54103%;\">2401<\/td>\n<td style=\"width: 72.4003%;\">Dienst als Operations Recruit auf der USS Sovek<\/td>\n<\/tr>\n<tr>\n<td style=\"width: 4.54103%;\">2403<\/td>\n<td style=\"width: 72.4003%;\">Fortsetzung der Ausbildung als Apprentice<\/td>\n<\/tr>\n<tr>\n<td style=\"width: 4.54103%;\">2403<\/td>\n<td style=\"width: 72.4003%;\">Dienst als Operations Apprentice auf der USS Hephaistos<\/td>\n<\/tr>\n<tr>\n<td style=\"width: 4.54103%;\">2404<\/td>\n<td style=\"width: 72.4003%;\">Spezialisierung auf Statistik an der Akademie und abschlie\u00dfende Pr\u00fcfung als Crewman<\/td>\n<\/tr>\n<tr>\n<td style=\"width: 4.54103%;\">2405<\/td>\n<td style=\"width: 72.4003%;\">Dienst in der Statistik auf der USS Potemkin<\/td>\n<\/tr>\n<tr>\n<td style=\"width: 4.54103%;\">2410<\/td>\n<td style=\"width: 72.4003%;\">Dienst in der Statistik auf der USS Bellerophon<\/td>\n<\/tr>\n<tr>\n<td style=\"width: 4.54103%;\">2415<\/td>\n<td style=\"width: 72.4003%;\">Versetzung auf die USS Galathea<\/td>\n<\/tr>\n<\/tbody>\n<\/table>\n\n<hr \/>\n\n<h2><a id=\"psychologisches\"><\/a>Psychologisches Profil<\/h2>\nTamira ist sehr genau und arbeitet \u00fcberaus gr\u00fcndlich, denn ihr ist bewusst, wie wichtig korrekte Statistiken f\u00fcr diverse Auswertungen auf dem Raumschiff sind.\n<h3>St\u00e4rken &amp; Schw\u00e4chen<\/h3>\n<strong>Positiv:<\/strong>\n<ul>\n \t<li>Analytisch, gr\u00fcndlich und bedacht<\/li>\n \t<li>gutes logisches Denkverm\u00f6gen und mathematisches Verst\u00e4ndnis<\/li>\n \t<li>ruhiges Wesen<\/li>\n<\/ul>\n<strong>Negativ:<\/strong>\n<ul>\n \t<li>ruhiges Wesen<\/li>\n \t<li>zur\u00fcckhaltend<\/li>\n<\/ul>\n<strong>Vorlieben:<\/strong>\n<ul>\n \t<li>Zahlen<\/li>\n \t<li>Logikr\u00e4tsel<\/li>\n \t<li>Statistikauswertungen<\/li>\n \t<li>Geschichte<\/li>\n \t<li>Blau, Cyan und T\u00fcrkis<\/li>\n<\/ul>\n<strong>Abneigungen:\u00a0<\/strong>\n<ul>\n \t<li>handwerkliche Probleme<\/li>\n \t<li>Sport<\/li>\n<\/ul>\n<h3><a id=\"diziplin\"><\/a>Personalakte &amp; Disziplinarische Vermerke<\/h3>\n<ul>\n \t<li><\/li>\n<\/ul>\n\n<hr \/>\n\n<h2><a id=\"ausbildung\"><\/a>Ausbildung &amp; Spezialgebiete<\/h2>\n<h3>Zivile Vorbildung<\/h3>\nAusbildung auf einer kaufm\u00e4nnischen Schule mit Schwerpunkt Wirtschaftsmathematik, Buchhaltung &amp; Bilanzbuchhaltung.\n<h3>Studien auf der Sternenflottenakademie<\/h3>\n<strong>Hauptf\u00e4cher<\/strong>\n<ul>\n \t<li>Operations\n<ul>\n \t<li>Administration\n<ul>\n \t<li>Statistik<\/li>\n<\/ul>\n<\/li>\n<\/ul>\n<\/li>\n<\/ul>\n<strong>Nebenf\u00e4cher<\/strong>\n<ul>\n \t<li>Geschichte<\/li>\n \t<li>Taktik: Kleine Einheiten<\/li>\n<\/ul>\n<h2>Sprachen<\/h2>\n<ul>\n \t<li>F\u00f6derationsstandard<\/li>\n \t<li>Arabisch<\/li>\n \t<li>Vulkanisch<\/li>\n<\/ul>\n<h2><a id=\"spezies\"><\/a>Besonderheiten der eigenen Spezies<\/h2>\nKeine\n<h2>Sonstiges<\/h2>\n\n<hr \/>\n\n<h2><a id=\"hobbies\"><\/a>Hobbies<\/h2>\n<ul>\n \t<li>Geschichte<\/li>\n \t<li>Literatur, Belletristik und Lyrik<\/li>\n<\/ul>\n\n<hr \/>\n\n<h2><a id=\"medizinisches\"><\/a>Medizinisches Profil<\/h2>\n<strong>\nKrankheiten &amp; Gesundheit:<\/strong>\n<ul>\n \t<li><\/li>\n<\/ul>\n\n<hr \/>\n\n<h2><a id=\"familie\"><\/a>Familie<\/h2>\nIhre Schwestern <a href=\"https:\/\/www.sf-germany.org\/einheiten\/uss-galathea\/die-crew\/nichtspielercharaktere\/shani-al-sadat\/\">Shani<\/a>, <a href=\"https:\/\/www.sf-germany.org\/einheiten\/uss-galathea\/die-crew\/nichtspielercharaktere\/sara-al-sadat\/\">Sara<\/a> und <a href=\"https:\/\/www.sf-germany.org\/einheiten\/uss-galathea\/die-crew\/nichtspielercharaktere\/fariba-al-sadat\/\">Fariba<\/a> sind ebenfalls auf der Galathea.\n\n<strong>Abdul Al Sadat<\/strong>\n\nVater von vier T\u00f6chtern und drei S\u00f6hnen. Abdul ist Antiquit\u00e4tenh\u00e4ndler.\n\n<strong>Nusaiaba Al Sadat<\/strong>\n\nEhefrau von Abdul, Mutter von vier T\u00f6chtern und drei S\u00f6hnen. Hausfrau und Mutter.\n\n<strong>Faatin Al Sadat<\/strong>\n\n\u00c4ltester Sohn und erstgeborenes Kind der Al Sadats. Faatin arbeitet mit seinem Vater zusammen im Antiquit\u00e4ten-Laden und wird ihn eines Tages \u00fcbernehmen.\n\n<strong>Nazim Al Sadat<\/strong>\n\nZweitgeborener Sohn, jedoch drittes Kind der Familie. Crewman auf der USS Musashi.\n\n<strong>Sam Al Sadat<\/strong>\n\nJ\u00fcngstes Kind der Al Sadat Familie, studiert Arch\u00e4ologie in Kairo.\n<h2><a id=\"haustiere\"><\/a>Haustiere<\/h2>\n&#8211;\n\n<hr \/>\n\n<h2><a id=\"klassifiziert\"><\/a>Klassifizierte Sektion<\/h2>\nKeine Eintr\u00e4ge\n<h1>NRPG<\/h1>\nTamira ist ein sch\u00fcchterner B\u00fccherwurm und &#8222;h\u00e4ssliches Entlein&#8220;. Wie ihre Schwestern ist sie h\u00fcbsch, allerdings macht sie sich wenig M\u00fche sich &#8222;herauszuputzen&#8220;, weswegen sie neben den anderen Al Sadats im Hintergrund verschwindet und wie ein Mauerbl\u00fcmchen aussieht. Nimmt sich jedoch Sara oder Fariba Zeit f\u00fcr ihre Schwester, kann Tamira sie alle \u00fcberstrahlen.\n\nTamira ist in einem Mannschaftsquartier auf Deck 5 mit drei anderen Mitgliedern der OPS untergebracht.\nAnfangs hatte dies auch f\u00fcr Unstimmigkeiten unter den Schwestern gef\u00fchrt, denn Shani wollte ein Familienquartier. Unter dem Vorwand der verschiedenen Aufgabenbereiche haben jedoch Fariba und Sara sich dagegen ausgesprochen und Tamira enthielt sich einer Aussage.\n\nSelbstsicher ist sie nur dann, wenn sie sich in ihren Spezialgebieten bewegt, also alles was mit Zahlen zu tun hat oder Geschichte und Literatur. Tamira tr\u00e4gt gerne blau, cyan und tr\u00fckise Farbent\u00f6ne. Wenn sie Schmuck tr\u00e4gt, dann meist Silber.\n\n<!-- \/wp:post-content -->","protected":false},"excerpt":{"rendered":"<p>Tamira Al Sadat Status NPC Spieler Dienstliche Informationen Ranggrafik Rang Crewman Posten Statistikerin (OPS) Stationierung USS Galathea Physische Beschreibung Spezies Mensch Geschlecht weiblich Gr\u00f6\u00dfe \u00a0163 cm Gewicht \u00a050 kg Hautfarbe oliv Haarfarbe schwarz Augenfarbe braun bevorzugte Uniform-Variante Sierra II Biographische Informationen Geburtsort Abu Dhabi, Erde Geburtstag 03.05.2382 Sexualit\u00e4t bi-sexuell Familienstand ledig Familie Religion Atheist Politische [&hellip;]<\/p>\n","protected":false},"author":12,"featured_media":1126,"parent":2004,"menu_order":0,"comment_status":"closed","ping_status":"closed","template":"","meta":{"footnotes":""},"class_list":["post-3649","page","type-page","status-publish","has-post-thumbnail","hentry"],"publishpress_future_action":{"enabled":false,"date":"2026-05-03 10:34:55","action":"change-status","newStatus":"draft","terms":[],"taxonomy":"","extraData":[]},"publishpress_future_workflow_manual_trigger":{"enabledWorkflows":[]},"_links":{"self":[{"href":"https:\/\/www.sf-germany.org\/einheiten\/uss-galathea\/wp-json\/wp\/v2\/pages\/3649","targetHints":{"allow":["GET"]}}],"collection":[{"href":"https:\/\/www.sf-germany.org\/einheiten\/uss-galathea\/wp-json\/wp\/v2\/pages"}],"about":[{"href":"https:\/\/www.sf-germany.org\/einheiten\/uss-galathea\/wp-json\/wp\/v2\/types\/page"}],"author":[{"embeddable":true,"href":"https:\/\/www.sf-germany.org\/einheiten\/uss-galathea\/wp-json\/wp\/v2\/users\/12"}],"replies":[{"embeddable":true,"href":"https:\/\/www.sf-germany.org\/einheiten\/uss-galathea\/wp-json\/wp\/v2\/comments?post=3649"}],"version-history":[{"count":17,"href":"https:\/\/www.sf-germany.org\/einheiten\/uss-galathea\/wp-json\/wp\/v2\/pages\/3649\/revisions"}],"predecessor-version":[{"id":4635,"href":"https:\/\/www.sf-germany.org\/einheiten\/uss-galathea\/wp-json\/wp\/v2\/pages\/3649\/revisions\/4635"}],"up":[{"embeddable":true,"href":"https:\/\/www.sf-germany.org\/einheiten\/uss-galathea\/wp-json\/wp\/v2\/pages\/2004"}],"wp:featuredmedia":[{"embeddable":true,"href":"https:\/\/www.sf-germany.org\/einheiten\/uss-galathea\/wp-json\/wp\/v2\/media\/1126"}],"wp:attachment":[{"href":"https:\/\/www.sf-germany.org\/einheiten\/uss-galathea\/wp-json\/wp\/v2\/media?parent=3649"}],"curies":[{"name":"wp","href":"https:\/\/api.w.org\/{rel}","templated":true}]}}