{"id":3661,"date":"2020-08-31T20:13:06","date_gmt":"2020-08-31T18:13:06","guid":{"rendered":"http:\/\/www.sf-germany.org\/einheiten\/uss-galathea\/?page_id=3661"},"modified":"2021-06-17T08:09:36","modified_gmt":"2021-06-17T06:09:36","slug":"fariba-al-sadat","status":"publish","type":"page","link":"https:\/\/www.sf-germany.org\/einheiten\/uss-galathea\/die-crew\/nichtspielercharaktere\/fariba-al-sadat\/","title":{"rendered":"Fariba Al Sadat"},"content":{"rendered":"<div style=\"float: right; margin-left: 15px; margin-bottom: 15px; font-size: 11px; min-width: 350px; width: 25%; padding-left: 10px; padding-right: 10px;\">\r\n<table style=\"width: 100%; border: 0px outset #003366; background: #ffffff; box-shadow: rgba(255, 255, 255, 0.75) 0.1em 0.1em 0.5em; border-radius: 1em; height: 607px;\" border=\"3\" cellspacing=\"10\" align=\"right\">\r\n<tbody>\r\n<tr style=\"height: 15px;\">\r\n<td style=\"font-weight: bold; border: 0px solid transparent; width: 100%; height: 15px;\" colspan=\"2\" align=\"center\"><\/td>\r\n<\/tr>\r\n<tr style=\"height: 144px;\">\r\n<td style=\"background: transparent; border: 0px solid transparent; width: 100%; height: 144px;\" colspan=\"2\" align=\"center\"><!-- hier das Charakterbild einf\u00fcgen -->\r\n<img loading=\"lazy\" decoding=\"async\" class=\"alignnone size-full wp-image-1126\" src=\"https:\/\/www.sf-germany.org\/einheiten\/uss-galathea\/wp-content\/uploads\/2019\/08\/images.png\" alt=\"\" width=\"262\" height=\"192\" \/><\/td>\r\n<\/tr>\r\n<tr style=\"height: 15px;\">\r\n<td style=\"font-weight: bold; border: 0px solid transparent; width: 100%; height: 15px;\" colspan=\"2\" align=\"center\">Fariba Al Sadat<\/td>\r\n<\/tr>\r\n<tr style=\"height: 15px;\">\r\n<td style=\"font-weight: bold; border: 0px solid transparent; width: 50%; height: 15px;\" align=\"right\" width=\"50%\">Status<\/td>\r\n<td style=\"border: 0px solid transparent; width: 50%; height: 15px;\" align=\"left\" width=\"50%\">NPC<\/td>\r\n<\/tr>\r\n<tr style=\"height: 15px;\">\r\n<td style=\"font-weight: bold; border: 0px solid transparent; width: 50%; height: 15px;\" align=\"right\" width=\"50%\">Spieler<\/td>\r\n<td style=\"border: 0px solid transparent; width: 50%; height: 15px;\" align=\"left\" width=\"50%\"><\/td>\r\n<\/tr>\r\n<tr style=\"height: 15px;\">\r\n<td style=\"font-weight: bold; border: 0px solid #003366; background: #555555; box-shadow: rgba(255, 255, 255, 0.75) 0.1em 0.1em 0.5em; border-radius: 1em; width: 100%; height: 15px;\" colspan=\"2\" align=\"center\"><span style=\"color: #ffffff;\">Dienstliche Informationen<\/span><\/td>\r\n<\/tr>\r\n<tr style=\"height: 28px;\">\r\n<td style=\"font-weight: bold; border: 0px solid transparent; width: 50%; height: 28px;\" align=\"right\" width=\"50%\">Ranggrafik<\/td>\r\n<td style=\"border: 0px solid transparent; width: 50%; height: 28px;\" align=\"left\" width=\"50%\"><!-- Es gibt die R\u00e4nge in \/gelb\/, \/rot\/, \/blau\/ und \/wei\u00df\/, manche auch in \/gruen\/ -->\r\n<img decoding=\"async\" src=\"https:\/\/www.sf-germany.com\/images\/schemata\/variant\/blau\/crwm.jpg\" alt=\"Petty Officer\" \/><\/td>\r\n<\/tr>\r\n<tr style=\"height: 16px;\">\r\n<td style=\"font-weight: bold; border: 0px solid transparent; width: 50%; text-align: right; height: 14px;\"><\/td>\r\n<td style=\"border: 0px solid transparent; width: 50%; height: 14px;\"><\/td>\r\n<\/tr>\r\n<tr style=\"height: 15px;\">\r\n<td style=\"font-weight: bold; border: 0px solid transparent; width: 50%; text-align: right; height: 15px;\"><\/td>\r\n<td style=\"border: 0px solid transparent; width: 50%; height: 15px;\"><\/td>\r\n<\/tr>\r\n<tr style=\"height: 16px;\">\r\n<td style=\"font-weight: bold; border: 0px solid transparent; width: 50%; height: 16px; text-align: right;\"><\/td>\r\n<td style=\"border: 0px solid transparent; width: 50%; height: 16px;\"><\/td>\r\n<\/tr>\r\n<tr style=\"height: 15px;\">\r\n<td style=\"font-weight: bold; border: 0px solid transparent; width: 50%; height: 15px;\" align=\"right\" width=\"50%\">Rang<\/td>\r\n<td style=\"border: 0px solid transparent; width: 50%; height: 15px;\" align=\"left\" width=\"50%\">Crewman<\/td>\r\n<\/tr>\r\n<tr style=\"height: 15px;\">\r\n<td style=\"font-weight: bold; border: 0px solid transparent; width: 50%; height: 15px;\" align=\"right\" width=\"50%\">Posten<\/td>\r\n<td style=\"border: 0px solid transparent; width: 50%; height: 15px;\" align=\"left\" width=\"50%\"><\/td>\r\n<\/tr>\r\n<tr style=\"height: 15px;\">\r\n<td style=\"font-weight: bold; border: 0px solid transparent; width: 50%; height: 15px;\" align=\"right\" width=\"50%\">Stationierung<\/td>\r\n<td style=\"border: 0px solid transparent; width: 50%; height: 15px;\" align=\"left\" width=\"50%\">USS Galathea<\/td>\r\n<\/tr>\r\n<tr style=\"height: 15px;\">\r\n<td style=\"font-weight: bold; border: 0px solid #003366; background: #555555; box-shadow: rgba(255, 255, 255, 0.75) 0.1em 0.1em 0.5em; border-radius: 1em; width: 100%; height: 15px;\" colspan=\"2\" align=\"center\"><span style=\"color: #ffffff;\">Physische Beschreibung<\/span><\/td>\r\n<\/tr>\r\n<tr style=\"height: 15px;\">\r\n<td style=\"font-weight: bold; border: 0px solid transparent; width: 50%; height: 15px;\" align=\"right\" width=\"50%\">Spezies<\/td>\r\n<td style=\"border: 0px solid transparent; width: 50%; height: 15px;\" align=\"left\" width=\"50%\">Mensch<\/td>\r\n<\/tr>\r\n<tr style=\"height: 15px;\">\r\n<td style=\"font-weight: bold; border: 0px solid transparent; width: 50%; height: 15px;\" align=\"right\" width=\"50%\">Geschlecht<\/td>\r\n<td style=\"border: 0px solid transparent; width: 50%; height: 15px;\" align=\"left\" width=\"50%\">weiblich<\/td>\r\n<\/tr>\r\n<tr style=\"height: 15px;\">\r\n<td style=\"font-weight: bold; border: 0px solid transparent; width: 50%; height: 15px;\" align=\"right\" width=\"50%\">Gr\u00f6\u00dfe<\/td>\r\n<td style=\"border: 0px solid transparent; width: 50%; height: 15px;\" align=\"left\" width=\"50%\">\u00a0174 cm<\/td>\r\n<\/tr>\r\n<tr style=\"height: 15px;\">\r\n<td style=\"font-weight: bold; border: 0px solid transparent; width: 50%; height: 15px;\" align=\"right\" width=\"50%\">Gewicht<\/td>\r\n<td style=\"border: 0px solid transparent; width: 50%; height: 15px;\" align=\"left\" width=\"50%\">\u00a059 kg<\/td>\r\n<\/tr>\r\n<tr style=\"height: 15px;\">\r\n<td style=\"font-weight: bold; border: 0px solid transparent; width: 50%; height: 15px;\" align=\"right\" width=\"50%\">Hautfarbe<\/td>\r\n<td style=\"border: 0px solid transparent; width: 50%; height: 15px;\" align=\"left\" width=\"50%\">oliv<\/td>\r\n<\/tr>\r\n<tr style=\"height: 15px;\">\r\n<td style=\"font-weight: bold; border: 0px solid transparent; width: 50%; height: 15px;\" align=\"right\" width=\"50%\">Haarfarbe<\/td>\r\n<td style=\"border: 0px solid transparent; width: 50%; height: 15px;\" align=\"left\" width=\"50%\">schwarz<\/td>\r\n<\/tr>\r\n<tr style=\"height: 15px;\">\r\n<td style=\"font-weight: bold; border: 0px solid transparent; width: 50%; height: 15px;\" align=\"right\" width=\"50%\">Augenfarbe<\/td>\r\n<td style=\"border: 0px solid transparent; width: 50%; height: 15px;\" align=\"left\" width=\"50%\">braun<\/td>\r\n<\/tr>\r\n<tr style=\"height: 15px;\">\r\n<td style=\"font-weight: bold; border: 0px solid transparent; width: 50%; text-align: right; height: 15px;\">bevorzugte Uniform-Variante<\/td>\r\n<td style=\"border: 0px solid transparent; width: 50%; height: 15px;\">Sierra II<\/td>\r\n<\/tr>\r\n<tr style=\"height: 15px;\">\r\n<td style=\"font-weight: bold; border: 0px solid #003366; background: #555555; box-shadow: rgba(255, 255, 255, 0.75) 0.1em 0.1em 0.5em; border-radius: 1em; width: 100%; height: 15px;\" colspan=\"2\" align=\"center\"><span style=\"color: #ffffff;\">Biographische Informationen<\/span><\/td>\r\n<\/tr>\r\n<tr style=\"height: 15px;\">\r\n<td style=\"font-weight: bold; border: 0px solid transparent; width: 50%; height: 15px;\" align=\"right\" width=\"50%\">Geburtsort<\/td>\r\n<td style=\"border: 0px solid transparent; width: 50%; height: 15px;\" align=\"left\" width=\"50%\">Abu Dhabi, Erde<\/td>\r\n<\/tr>\r\n<tr style=\"height: 15px;\">\r\n<td style=\"font-weight: bold; border: 0px solid transparent; width: 50%; height: 15px;\" align=\"right\" width=\"50%\">Geburtstag<\/td>\r\n<td style=\"border: 0px solid transparent; width: 50%; height: 15px;\" align=\"left\" width=\"50%\">30.09.2381<\/td>\r\n<\/tr>\r\n<tr style=\"height: 15px;\">\r\n<td style=\"font-weight: bold; border: 0px solid transparent; width: 50%; height: 15px;\" align=\"right\" width=\"50%\">Sexualit\u00e4t<\/td>\r\n<td style=\"border: 0px solid transparent; width: 50%; height: 15px;\" align=\"left\" width=\"50%\">bi-sexuell<\/td>\r\n<\/tr>\r\n<tr style=\"height: 15px;\">\r\n<td style=\"font-weight: bold; border: 0px solid transparent; width: 50%; height: 15px;\" align=\"right\" width=\"50%\">Familienstand<\/td>\r\n<td style=\"border: 0px solid transparent; width: 50%; height: 15px;\" align=\"left\" width=\"50%\">ledig<\/td>\r\n<\/tr>\r\n<tr style=\"height: 15px;\">\r\n<td style=\"font-weight: bold; border: 0px solid transparent; width: 50%; height: 15px;\" align=\"right\" width=\"50%\">Familie<\/td>\r\n<td style=\"border: 0px solid transparent; width: 50%; height: 15px;\" align=\"left\" width=\"50%\"><\/td>\r\n<\/tr>\r\n<tr style=\"height: 15px;\">\r\n<td style=\"font-weight: bold; border: 0px solid transparent; width: 50%; height: 15px;\" align=\"right\" width=\"50%\">Religion<\/td>\r\n<td style=\"border: 0px solid transparent; width: 50%; height: 15px;\" align=\"left\" width=\"50%\">Atheist<\/td>\r\n<\/tr>\r\n<tr style=\"height: 15px;\">\r\n<td style=\"font-weight: bold; border: 0px solid #003366; background: #555555; box-shadow: rgba(255, 255, 255, 0.75) 0.1em 0.1em 0.5em; border-radius: 1em; width: 100%; height: 15px;\" colspan=\"2\" align=\"center\"><span style=\"color: #ffffff;\">Politische informationen<\/span><\/td>\r\n<\/tr>\r\n<tr style=\"height: 15px;\">\r\n<td style=\"font-weight: bold; border: 0px solid transparent; width: 50%; height: 15px;\" align=\"right\" width=\"50%\">Buergerschaft<\/td>\r\n<td style=\"border: 0px solid transparent; width: 50%; height: 15px;\" align=\"left\" width=\"50%\">F\u00f6derationsb\u00fcrger<\/td>\r\n<\/tr>\r\n<\/tbody>\r\n<\/table>\r\n<\/div>\r\n<!-- Inhaltsverzeichnis -->\r\n<div style=\"width: 25%; padding: 10px; margin-bottom: 15px; font-size: 11px; border: 1px solid #333333; display: inline-block;\">\r\n\r\n<strong>Inhalt<\/strong>\r\n<ul>\r\n \t<li><a href=\"#beschreibung\">Beschreibung<\/a><\/li>\r\n \t<li><a href=\"#lebenslauf\">Lebenslauf<\/a><\/li>\r\n \t<li><a href=\"#psychologisches\">Psychologisches Profil<\/a><\/li>\r\n \t<li><a href=\"#disziplin\">Disziplinarische Vermerke<\/a><\/li>\r\n \t<li><a href=\"#ausbildung\">Ausbildung &amp; Spezialgebiete<\/a><\/li>\r\n \t<li><a href=\"#spezies\">Besonderheiten<\/a><\/li>\r\n \t<li><a href=\"#hobbies\">Hobbies<\/a><\/li>\r\n \t<li><a href=\"#medizinisches\">Medizinisches Profil<\/a><\/li>\r\n \t<li><a href=\"#familie\">Familie<\/a><\/li>\r\n \t<li><a href=\"#haustiere\">Haustiere<\/a><\/li>\r\n \t<li><a href=\"#klassifiziert\">Klassifizierte Sektion<\/a><\/li>\r\n<\/ul>\r\n<!-- Ende des Inhaltsverzeichnis -->\r\n\r\n<\/div>\r\n<!-- Inhalte -->\r\n<h2><a id=\"beschreibung\"><\/a>Beschreibung<\/h2>\r\nFariba Al Sadat ist Laborassistentin und gemeinsam mit ihren Schwestern auf der Galathea. Au\u00dferdem ist sie Teil der Theatergruppe und scheint an Grwydro Aru interessiert zu sein.<i><\/i>\r\n\r\nSie hat mit ihren Schwestern die schlanke Figur und das lange schwarze Haar gemeinsam. Sie tr\u00e4gt w\u00e4hrend der Arbeit das Haar meist geflochten oder in Haarknoten. Ihre K\u00f6rperform entspricht in etwa einer Sanduhr. Fariba hat also eine schlanke Taille, die H\u00fcften sind jedoch ein wenig breiter als die Schultern.\r\n\r\n<hr \/>\r\n\r\n<h2><a id=\"lebenslauf\"><\/a>Lebenslauf<\/h2>\r\nFariba war interessierte sich recht bald f\u00fcrs Kochen und Backen und im Laufe der Schulbildung entdeckte sie ihr Interesse an den Wissenschaften.\r\n<h3>Kindheit und Jugend<\/h3>\r\n&nbsp;\r\n<h3>Ausbildung<\/h3>\r\nFariba machte eine wissenschaftliche Ausbildung auf einer zivilen Schule.\r\n<h3>Karriere bei der Sternenflotte<\/h3>\r\nFariba bewarb sich bei der Sternenflotte um als Unteroffizier ausgebildet zu werden. Aufgrund ihrer guten Noten, wurde die Bewerbung angenommen und so begann ihre Ausbildung mit den Grundlagen der wissenschaftlichen Crew. Nach dem ersten Abschnitt entschied sich die junge Frau f\u00fcr Administration mit dem Spezialgebiet auf Laborassistenz.\r\n<h3>Tabellarischer Lebenslauf<\/h3>\r\n&nbsp;\r\n<table style=\"border-collapse: collapse; width: 100%; height: 231px;\">\r\n<tbody>\r\n<tr style=\"height: 23px;\">\r\n<td style=\"width: 11.5075%; background-color: #ed801a; height: 23px;\"><strong>Jahr<\/strong><\/td>\r\n<td style=\"width: 88.4925%; background-color: #ed801a; height: 23px;\"><strong>Ereignis<\/strong><\/td>\r\n<\/tr>\r\n<tr style=\"height: 23px;\">\r\n<td style=\"width: 11.5075%; height: 23px;\">2381<\/td>\r\n<td style=\"width: 88.4925%; height: 23px;\">Geburt, Abu Dhabi<\/td>\r\n<\/tr>\r\n<tr style=\"height: 23px;\">\r\n<td style=\"width: 11.5075%; height: 23px;\">2399<\/td>\r\n<td style=\"width: 88.4925%; height: 23px;\">Bewerbung als Unteroffizier bei der Sternenflotte<\/td>\r\n<\/tr>\r\n<tr style=\"height: 23px;\">\r\n<td style=\"width: 11.5075%; height: 23px;\">2399<\/td>\r\n<td style=\"width: 88.4925%; height: 23px;\">Beginn der Ausbildung als Wissenschafts Recruit<\/td>\r\n<\/tr>\r\n<tr style=\"height: 23px;\">\r\n<td style=\"width: 11.5075%; height: 23px;\">2400<\/td>\r\n<td style=\"width: 88.4925%; height: 23px;\">Dienst als Wissenschaft Recruit auf der USS Hephaistos<\/td>\r\n<\/tr>\r\n<tr style=\"height: 23px;\">\r\n<td style=\"width: 11.5075%; height: 23px;\">2401<\/td>\r\n<td style=\"width: 88.4925%; height: 23px;\">Fortsetzung der Ausbildung als Apprentice<\/td>\r\n<\/tr>\r\n<tr style=\"height: 23px;\">\r\n<td style=\"width: 11.5075%; height: 23px;\">2402<\/td>\r\n<td style=\"width: 88.4925%; height: 23px;\">Dienst als Wissenschaft Apprentice auf der USS Potemkin<\/td>\r\n<\/tr>\r\n<tr style=\"height: 47px;\">\r\n<td style=\"width: 11.5075%; height: 47px;\">2405<\/td>\r\n<td style=\"width: 88.4925%; height: 47px;\">Spezialisierung auf Laborassistenz, sowie die Nebenf\u00e4cher Elektronik: Sensoren &amp; Kraftfelder und Grundlagen Medizin an der Akademie und abschlie\u00dfende Pr\u00fcfung als Crewman<\/td>\r\n<\/tr>\r\n<tr style=\"height: 23px;\">\r\n<td style=\"width: 11.5075%; height: 23px;\">2406<\/td>\r\n<td style=\"width: 88.4925%; height: 23px;\">Dienst als Laborassistenz auf DS9<\/td>\r\n<\/tr>\r\n<tr>\r\n<td style=\"width: 11.5075%;\">2412<\/td>\r\n<td style=\"width: 88.4925%;\">Dienst als Laborassistenz auf der USS T&#8217;Kumbra<\/td>\r\n<\/tr>\r\n<tr>\r\n<td style=\"width: 11.5075%;\">2415<\/td>\r\n<td style=\"width: 88.4925%;\">Versetzung auf die USS Galathea<\/td>\r\n<\/tr>\r\n<\/tbody>\r\n<\/table>\r\n\r\n<hr \/>\r\n\r\n<h2><a id=\"psychologisches\"><\/a>Psychologisches Profil<\/h2>\r\nFariba ist neugierig, aufmerksam und gr\u00fcndlich bei der Arbeit im Labor. Zuverl\u00e4ssigkeit und ihre F\u00e4higkeit zuzuh\u00f6ren machen sie zu einer guten Freundin und Mitarbeiterin. Sie sucht Ausgleich in k\u00f6rperlicher Bet\u00e4tigung wie Budo Sport und Tanz. Dank ihrer Neugierde l\u00e4sst sie sich auch gerne zu Neuem hinrei\u00dfen.\r\n<h3>St\u00e4rken &amp; Schw\u00e4chen<\/h3>\r\n<strong>Positiv:<\/strong>\r\n<ul>\r\n \t<li>Neugierig, aufmerksam, gr\u00fcndlich<\/li>\r\n \t<li>Gute Zuh\u00f6rerin<\/li>\r\n \t<li>Gutes Ged\u00e4chtnis<\/li>\r\n<\/ul>\r\n<strong>Negativ:<\/strong>\r\n<ul>\r\n \t<li>Gutes Ged\u00e4chtnis<\/li>\r\n \t<li>Manchmal etwas sch\u00fcchtern<\/li>\r\n<\/ul>\r\n<strong>Vorlieben:<\/strong>\r\n<ul>\r\n \t<li>Theater, Musical, Oper und Operette<\/li>\r\n \t<li>R\u00e4tsel l\u00f6sen<\/li>\r\n \t<li>Neues Lernen<\/li>\r\n \t<li>rot, magenta, rosa und orange<\/li>\r\n<\/ul>\r\n<strong>Abneigungen:\u00a0<\/strong>\r\n<ul>\r\n \t<li>Langeweile<\/li>\r\n \t<li>Fleisch<\/li>\r\n<\/ul>\r\n<h3><a id=\"diziplin\"><\/a>Personalakte &amp; Disziplinarische Vermerke<\/h3>\r\n<ul>\r\n \t<li>&#8211;<\/li>\r\n<\/ul>\r\n\r\n<hr \/>\r\n\r\n<h2><a id=\"ausbildung\"><\/a>Ausbildung &amp; Spezialgebiete<\/h2>\r\n<h3>Zivile Vorbildung<\/h3>\r\nFariba machte eine wissenschaftliche Ausbildung auf einer zivilen Schule.\r\n<h3>Studien auf der Sternenflottenakademie<\/h3>\r\n<strong>Hauptf\u00e4cher<\/strong>\r\n<ul>\r\n \t<li>Wissenschaft\r\n<ul>\r\n \t<li>Administration\r\n<ul>\r\n \t<li>Laborassistenz<\/li>\r\n<\/ul>\r\n<\/li>\r\n<\/ul>\r\n<\/li>\r\n<\/ul>\r\n<strong>Nebenf\u00e4cher<\/strong>\r\n<ul>\r\n \t<li>Medizinische Grundlagen<\/li>\r\n \t<li>Elektronik: Sensoren<\/li>\r\n \t<li>Elektronik: Kraftfelder<\/li>\r\n<\/ul>\r\n<h2>Sprachen<\/h2>\r\n<ul>\r\n \t<li>F\u00f6derationsstandard<\/li>\r\n \t<li>Arabisch<\/li>\r\n \t<li>Latein<\/li>\r\n \t<li>Alt-Griechisch<\/li>\r\n \t<li>Vulkanisch<\/li>\r\n<\/ul>\r\n<h2><a id=\"spezies\"><\/a>Besonderheiten der eigenen Spezies<\/h2>\r\nKeine\r\n<h2>Sonstiges<\/h2>\r\n&nbsp;\r\n\r\n<hr \/>\r\n\r\n<h2><a id=\"hobbies\"><\/a>Hobbies<\/h2>\r\n<ul>\r\n \t<li>Budo-Sportarten<\/li>\r\n \t<li>Theater, Musical, Operette, Oper<\/li>\r\n \t<li>arabische und orientalische T\u00e4nze<\/li>\r\n<\/ul>\r\n\r\n<hr \/>\r\n\r\n<h2><a id=\"medizinisches\"><\/a>Medizinisches Profil<\/h2>\r\n<strong>\r\nKrankheiten &amp; Gesundheit:<\/strong>\r\n<ul>\r\n \t<li><\/li>\r\n<\/ul>\r\n\r\n<hr \/>\r\n\r\n<h2><a id=\"familie\"><\/a>Familie<\/h2>\r\nIhre Schwestern <a href=\"https:\/\/www.sf-germany.org\/einheiten\/uss-galathea\/die-crew\/nichtspielercharaktere\/sara-al-sadat\/\">Sara<\/a>, <a href=\"https:\/\/www.sf-germany.org\/einheiten\/uss-galathea\/die-crew\/nichtspielercharaktere\/tamira-al-sadat\/\">Tamira<\/a> und <a href=\"https:\/\/www.sf-germany.org\/einheiten\/uss-galathea\/die-crew\/nichtspielercharaktere\/shani-al-sadat\/\">Shani<\/a> sind ebenfalls auf der Galathea.\r\n\r\n<strong>Abdul Al Sadat<\/strong>\r\n\r\nVater von vier T\u00f6chtern und drei S\u00f6hnen. Abdul ist Antiquit\u00e4tenh\u00e4ndler.\r\n\r\n<strong>Nusaiaba Al Sadat<\/strong>\r\n\r\nEhefrau von Abdul, Mutter von vier T\u00f6chtern und drei S\u00f6hnen. Hausfrau und Mutter.\r\n\r\n<strong>Faatin Al Sadat<\/strong>\r\n\r\n\u00c4ltester Sohn und erstgeborenes Kind der Al Sadats. Faatin arbeitet mit seinem Vater zusammen im Antiquit\u00e4ten-Laden und wird ihn eines Tages \u00fcbernehmen.\r\n\r\n<strong>Nazim Al Sadat<\/strong>\r\n\r\nZweitgeborener Sohn, jedoch drittes Kind der Familie. Crewman auf der USS Musashi.\r\n\r\n<strong>Sam Al Sadat<\/strong>\r\n\r\nJ\u00fcngstes Kind der Al Sadat Familie, studiert Arch\u00e4ologie in Kairo.\r\n<h2><a id=\"haustiere\"><\/a>Haustiere<\/h2>\r\n&nbsp;\r\n\r\n<hr \/>\r\n\r\n<h2><a id=\"klassifiziert\"><\/a>Klassifizierte Sektion<\/h2>\r\n&nbsp;\r\n\r\nKeine Eintr\u00e4ge\r\n<h1>NRPG<\/h1>\r\nFariba ist eine neugierige Frau mit offenem Wesen. Wie ihre Schwestern ist sie h\u00fcbsch und nimmt sich auch Zeit ihren K\u00f6rper zu pflegen. Fariba nimmt sich auch gerne Zeit ihre j\u00fcngste Schwester Tamira einzukleiden, zu schminken und schm\u00fccken und ihre Haare zu frisieren. Zumindest, wenn sie nicht gerade an einem R\u00e4tsel sitzt, in B\u00fcchern vertieft ist oder auf andere Art ihre Neugierde befriedigt. Fariba tr\u00e4gt gerne rosa T\u00f6ne, rote Schattierungen, Magenta und auch warme orange T\u00f6ne. Sie tr\u00e4gt auch gerne goldenen Schmuck, wenn sie Schmuck tr\u00e4gt.\r\n\r\nDie Laborassistentin ist auf Deck 12 in einem der Mannschaftsquartiere mit drei anderen Mitgliedern der wissenschaftlichen Crew untergebracht. Anfangs hatte dies auch f\u00fcr Unstimmigkeiten unter den Schwestern gef\u00fchrt, denn Shani wollte ein Familienquartier. Unter dem Vorwand der verschiedenen Aufgabenbereiche haben jedoch Fariba und Sara sich dagegen ausgesprochen und Tamira enthielt sich einer Aussage.\r\n\r\n<!-- \/wp:post-content -->","protected":false},"excerpt":{"rendered":"<p>Fariba Al Sadat Status NPC Spieler Dienstliche Informationen Ranggrafik Rang Crewman Posten Stationierung USS Galathea Physische Beschreibung Spezies Mensch Geschlecht weiblich Gr\u00f6\u00dfe \u00a0174 cm Gewicht \u00a059 kg Hautfarbe oliv Haarfarbe schwarz Augenfarbe braun bevorzugte Uniform-Variante Sierra II Biographische Informationen Geburtsort Abu Dhabi, Erde Geburtstag 30.09.2381 Sexualit\u00e4t bi-sexuell Familienstand ledig Familie Religion Atheist Politische informationen Buergerschaft [&hellip;]<\/p>\n","protected":false},"author":12,"featured_media":1126,"parent":2004,"menu_order":0,"comment_status":"closed","ping_status":"closed","template":"","meta":{"footnotes":""},"class_list":["post-3661","page","type-page","status-publish","has-post-thumbnail","hentry"],"publishpress_future_action":{"enabled":false,"date":"2026-05-23 08:51:24","action":"change-status","newStatus":"draft","terms":[],"taxonomy":"","extraData":[]},"publishpress_future_workflow_manual_trigger":{"enabledWorkflows":[]},"_links":{"self":[{"href":"https:\/\/www.sf-germany.org\/einheiten\/uss-galathea\/wp-json\/wp\/v2\/pages\/3661","targetHints":{"allow":["GET"]}}],"collection":[{"href":"https:\/\/www.sf-germany.org\/einheiten\/uss-galathea\/wp-json\/wp\/v2\/pages"}],"about":[{"href":"https:\/\/www.sf-germany.org\/einheiten\/uss-galathea\/wp-json\/wp\/v2\/types\/page"}],"author":[{"embeddable":true,"href":"https:\/\/www.sf-germany.org\/einheiten\/uss-galathea\/wp-json\/wp\/v2\/users\/12"}],"replies":[{"embeddable":true,"href":"https:\/\/www.sf-germany.org\/einheiten\/uss-galathea\/wp-json\/wp\/v2\/comments?post=3661"}],"version-history":[{"count":10,"href":"https:\/\/www.sf-germany.org\/einheiten\/uss-galathea\/wp-json\/wp\/v2\/pages\/3661\/revisions"}],"predecessor-version":[{"id":4615,"href":"https:\/\/www.sf-germany.org\/einheiten\/uss-galathea\/wp-json\/wp\/v2\/pages\/3661\/revisions\/4615"}],"up":[{"embeddable":true,"href":"https:\/\/www.sf-germany.org\/einheiten\/uss-galathea\/wp-json\/wp\/v2\/pages\/2004"}],"wp:featuredmedia":[{"embeddable":true,"href":"https:\/\/www.sf-germany.org\/einheiten\/uss-galathea\/wp-json\/wp\/v2\/media\/1126"}],"wp:attachment":[{"href":"https:\/\/www.sf-germany.org\/einheiten\/uss-galathea\/wp-json\/wp\/v2\/media?parent=3661"}],"curies":[{"name":"wp","href":"https:\/\/api.w.org\/{rel}","templated":true}]}}