{"id":3732,"date":"2020-09-16T20:43:23","date_gmt":"2020-09-16T18:43:23","guid":{"rendered":"http:\/\/www.sf-germany.org\/einheiten\/uss-galathea\/?page_id=3732"},"modified":"2025-01-22T00:13:48","modified_gmt":"2025-01-21T23:13:48","slug":"aaja-nuuk","status":"publish","type":"page","link":"https:\/\/www.sf-germany.org\/einheiten\/uss-galathea\/die-crew\/nichtspielercharaktere\/aaja-nuuk\/","title":{"rendered":"Aaja Nuuk"},"content":{"rendered":"<div style=\"float: right; margin-left: 15px; margin-bottom: 15px; font-size: 11px; min-width: 350px; width: 25%; padding-left: 10px; padding-right: 10px;\">\n<table style=\"width: 100%; border: 0px outset #003366; background: #ffffff; box-shadow: rgba(255, 255, 255, 0.75) 0.1em 0.1em 0.5em; border-radius: 1em; height: 562px;\" border=\"3\" cellspacing=\"10\" align=\"right\">\n<tbody>\n<tr style=\"height: 15px;\">\n<td style=\"font-weight: bold; border: 0px solid transparent; width: 100%; height: 15px;\" colspan=\"2\" align=\"center\"><\/td>\n<\/tr>\n<tr style=\"height: 144px;\">\n<td style=\"background: transparent; border: 0px solid transparent; width: 100%; height: 144px;\" colspan=\"2\" align=\"center\"><!-- hier das Charakterbild einf\u00fcgen -->\n<img loading=\"lazy\" decoding=\"async\" class=\"alignnone size-full wp-image-1126\" src=\"https:\/\/www.sf-germany.org\/einheiten\/uss-galathea\/wp-content\/uploads\/2019\/08\/images.png\" alt=\"\" width=\"262\" height=\"192\" \/><\/td>\n<\/tr>\n<tr style=\"height: 15px;\">\n<td style=\"font-weight: bold; border: 0px solid transparent; width: 100%; height: 15px;\" colspan=\"2\" align=\"center\">Aaja Nuuk<\/td>\n<\/tr>\n<tr style=\"height: 15px;\">\n<td style=\"font-weight: bold; border: 0px solid transparent; width: 50%; height: 15px;\" align=\"right\" width=\"50%\">Status<\/td>\n<td style=\"border: 0px solid transparent; width: 50%; height: 15px;\" align=\"left\" width=\"50%\">NPC<\/td>\n<\/tr>\n<tr style=\"height: 15px;\">\n<td style=\"font-weight: bold; border: 0px solid transparent; width: 50%; height: 15px;\" align=\"right\" width=\"50%\">Spieler<\/td>\n<td style=\"border: 0px solid transparent; width: 50%; height: 15px;\" align=\"left\" width=\"50%\"><\/td>\n<\/tr>\n<tr style=\"height: 15px;\">\n<td style=\"font-weight: bold; border: 0px solid #003366; background: #555555; box-shadow: rgba(255, 255, 255, 0.75) 0.1em 0.1em 0.5em; border-radius: 1em; width: 100%; height: 15px;\" colspan=\"2\" align=\"center\"><span style=\"color: #ffffff;\">Dienstliche Informationen<\/span><\/td>\n<\/tr>\n<tr style=\"height: 28px;\">\n<td style=\"font-weight: bold; border: 0px solid transparent; width: 50%; height: 28px;\" align=\"right\" width=\"50%\">Ranggrafik<\/td>\n<td style=\"border: 0px solid transparent; width: 50%; height: 28px;\" align=\"left\" width=\"50%\"><!-- Es gibt die R\u00e4nge in \/gelb\/, \/rot\/, \/blau\/ und \/wei\u00df\/, manche auch in \/gruen\/ -->\n<img decoding=\"async\" src=\"https:\/\/www.sf-germany.com\/images\/schemata\/variant\/rot\/ens.jpg\" alt=\"Ensign\" \/><\/td>\n<\/tr>\n<tr style=\"height: 15px;\">\n<td style=\"font-weight: bold; border: 0px solid transparent; width: 50%; height: 15px;\" align=\"right\" width=\"50%\">Rang<\/td>\n<td style=\"border: 0px solid transparent; width: 50%; height: 15px;\" align=\"left\" width=\"50%\">Ensign<\/td>\n<\/tr>\n<tr style=\"height: 15px;\">\n<td style=\"font-weight: bold; border: 0px solid transparent; width: 50%; height: 15px;\" align=\"right\" width=\"50%\">Posten<\/td>\n<td style=\"border: 0px solid transparent; width: 50%; height: 15px;\" align=\"left\" width=\"50%\">Pilot (Navigation)<\/td>\n<\/tr>\n<tr style=\"height: 15px;\">\n<td style=\"font-weight: bold; border: 0px solid transparent; width: 50%; height: 15px;\" align=\"right\" width=\"50%\">Stationierung<\/td>\n<td style=\"border: 0px solid transparent; width: 50%; height: 15px;\" align=\"left\" width=\"50%\">USS Galathea<\/td>\n<\/tr>\n<tr style=\"height: 15px;\">\n<td style=\"font-weight: bold; border: 0px solid #003366; background: #555555; box-shadow: rgba(255, 255, 255, 0.75) 0.1em 0.1em 0.5em; border-radius: 1em; width: 100%; height: 15px;\" colspan=\"2\" align=\"center\"><span style=\"color: #ffffff;\">Physische Beschreibung<\/span><\/td>\n<\/tr>\n<tr style=\"height: 15px;\">\n<td style=\"font-weight: bold; border: 0px solid transparent; width: 50%; height: 15px;\" align=\"right\" width=\"50%\">Spezies<\/td>\n<td style=\"border: 0px solid transparent; width: 50%; height: 15px;\" align=\"left\" width=\"50%\">Mensch<\/td>\n<\/tr>\n<tr style=\"height: 15px;\">\n<td style=\"font-weight: bold; border: 0px solid transparent; width: 50%; height: 15px;\" align=\"right\" width=\"50%\">Geschlecht<\/td>\n<td style=\"border: 0px solid transparent; width: 50%; height: 15px;\" align=\"left\" width=\"50%\">weiblich<\/td>\n<\/tr>\n<tr style=\"height: 15px;\">\n<td style=\"font-weight: bold; border: 0px solid transparent; width: 50%; height: 15px;\" align=\"right\" width=\"50%\">Gr\u00f6\u00dfe<\/td>\n<td style=\"border: 0px solid transparent; width: 50%; height: 15px;\" align=\"left\" width=\"50%\">\u00a0163 cm<\/td>\n<\/tr>\n<tr style=\"height: 15px;\">\n<td style=\"font-weight: bold; border: 0px solid transparent; width: 50%; height: 15px;\" align=\"right\" width=\"50%\">Gewicht<\/td>\n<td style=\"border: 0px solid transparent; width: 50%; height: 15px;\" align=\"left\" width=\"50%\">\u00a050 kg<\/td>\n<\/tr>\n<tr style=\"height: 15px;\">\n<td style=\"font-weight: bold; border: 0px solid transparent; width: 50%; height: 15px;\" align=\"right\" width=\"50%\">Hautfarbe<\/td>\n<td style=\"border: 0px solid transparent; width: 50%; height: 15px;\" align=\"left\" width=\"50%\">hell<\/td>\n<\/tr>\n<tr style=\"height: 15px;\">\n<td style=\"font-weight: bold; border: 0px solid transparent; width: 50%; height: 15px;\" align=\"right\" width=\"50%\">Haarfarbe<\/td>\n<td style=\"border: 0px solid transparent; width: 50%; height: 15px;\" align=\"left\" width=\"50%\">r\u00f6tlich-hellbraun<\/td>\n<\/tr>\n<tr style=\"height: 15px;\">\n<td style=\"font-weight: bold; border: 0px solid transparent; width: 50%; height: 15px;\" align=\"right\" width=\"50%\">Augenfarbe<\/td>\n<td style=\"border: 0px solid transparent; width: 50%; height: 15px;\" align=\"left\" width=\"50%\">gr\u00fcn-braun<\/td>\n<\/tr>\n<tr style=\"height: 15px;\">\n<td style=\"font-weight: bold; border: 0px solid transparent; width: 50%; text-align: right; height: 15px;\">bevorzugte Uniform-Variante<\/td>\n<td style=\"border: 0px solid transparent; width: 50%; height: 15px;\">Sierra II<\/td>\n<\/tr>\n<tr style=\"height: 15px;\">\n<td style=\"font-weight: bold; border: 0px solid #003366; background: #555555; box-shadow: rgba(255, 255, 255, 0.75) 0.1em 0.1em 0.5em; border-radius: 1em; width: 100%; height: 15px;\" colspan=\"2\" align=\"center\"><span style=\"color: #ffffff;\">Biographische Informationen<\/span><\/td>\n<\/tr>\n<tr style=\"height: 15px;\">\n<td style=\"font-weight: bold; border: 0px solid transparent; width: 50%; height: 15px;\" align=\"right\" width=\"50%\">Geburtsort<\/td>\n<td style=\"border: 0px solid transparent; width: 50%; height: 15px;\" align=\"left\" width=\"50%\">Gr\u00f6nland, Erde<\/td>\n<\/tr>\n<tr style=\"height: 15px;\">\n<td style=\"font-weight: bold; border: 0px solid transparent; width: 50%; height: 15px;\" align=\"right\" width=\"50%\">Geburtstag<\/td>\n<td style=\"border: 0px solid transparent; width: 50%; height: 15px;\" align=\"left\" width=\"50%\">03.06.2397<\/td>\n<\/tr>\n<tr style=\"height: 15px;\">\n<td style=\"font-weight: bold; border: 0px solid transparent; width: 50%; height: 15px;\" align=\"right\" width=\"50%\">Sexualit\u00e4t<\/td>\n<td style=\"border: 0px solid transparent; width: 50%; height: 15px;\" align=\"left\" width=\"50%\"><\/td>\n<\/tr>\n<tr style=\"height: 15px;\">\n<td style=\"font-weight: bold; border: 0px solid transparent; width: 50%; height: 15px;\" align=\"right\" width=\"50%\">Familienstand<\/td>\n<td style=\"border: 0px solid transparent; width: 50%; height: 15px;\" align=\"left\" width=\"50%\"><\/td>\n<\/tr>\n<tr style=\"height: 15px;\">\n<td style=\"font-weight: bold; border: 0px solid transparent; width: 50%; height: 15px;\" align=\"right\" width=\"50%\">Familie<\/td>\n<td style=\"border: 0px solid transparent; width: 50%; height: 15px;\" align=\"left\" width=\"50%\"><\/td>\n<\/tr>\n<tr style=\"height: 15px;\">\n<td style=\"font-weight: bold; border: 0px solid transparent; width: 50%; height: 15px;\" align=\"right\" width=\"50%\">Religion<\/td>\n<td style=\"border: 0px solid transparent; width: 50%; height: 15px;\" align=\"left\" width=\"50%\"><\/td>\n<\/tr>\n<tr style=\"height: 15px;\">\n<td style=\"font-weight: bold; border: 0px solid #003366; background: #555555; box-shadow: rgba(255, 255, 255, 0.75) 0.1em 0.1em 0.5em; border-radius: 1em; width: 100%; height: 15px;\" colspan=\"2\" align=\"center\"><span style=\"color: #ffffff;\">Politische informationen<\/span><\/td>\n<\/tr>\n<tr style=\"height: 15px;\">\n<td style=\"font-weight: bold; border: 0px solid transparent; width: 50%; height: 15px;\" align=\"right\" width=\"50%\">Buergerschaft<\/td>\n<td style=\"border: 0px solid transparent; width: 50%; height: 15px;\" align=\"left\" width=\"50%\">F\u00f6derationsb\u00fcrger<\/td>\n<\/tr>\n<\/tbody>\n<\/table>\n<\/div>\n<!-- Inhaltsverzeichnis -->\n<div style=\"width: 25%; padding: 10px; margin-bottom: 15px; font-size: 11px; border: 1px solid #333333; display: inline-block;\">\n\n<strong>Inhalt<\/strong>\n<ul>\n \t<li><a href=\"#beschreibung\">Beschreibung<\/a><\/li>\n \t<li><a href=\"#lebenslauf\">Lebenslauf<\/a><\/li>\n \t<li><a href=\"#psychologisches\">Psychologisches Profil<\/a><\/li>\n \t<li><a href=\"#disziplin\">Disziplinarische Vermerke<\/a><\/li>\n \t<li><a href=\"#ausbildung\">Ausbildung &amp; Spezialgebiete<\/a><\/li>\n \t<li><a href=\"#spezies\">Besonderheiten<\/a><\/li>\n \t<li><a href=\"#hobbies\">Hobbies<\/a><\/li>\n \t<li><a href=\"#medizinisches\">Medizinisches Profil<\/a><\/li>\n \t<li><a href=\"#familie\">Familie<\/a><\/li>\n \t<li><a href=\"#haustiere\">Haustiere<\/a><\/li>\n \t<li><a href=\"#klassifiziert\">Klassifizierte Sektion<\/a><\/li>\n<\/ul>\n<!-- Ende des Inhaltsverzeichnis -->\n\n<\/div>\n<!-- Inhalte -->\n<h2><a id=\"beschreibung\"><\/a>Beschreibung<\/h2>\nAaja Nuuk ist Pilotin. Geb\u00fcrtig kommt die nur 163 cm gro\u00dfe, recht hagere Frau aus Kullorsuaq auf Gr\u00f6nland von der Erde. Sie ist eine recht unscheinbare und stille, in sich gekehrte Frau, ja fast introvertiert. Dennoch ist die Fliegerei f\u00fcr sie eine Passion, von der sie immer schon getr\u00e4umt hat. Gerade ihr Orientierungssinn und ihr feines Auge machen aus ihr eine hervorragende Pilotin. Ein Grund daf\u00fcr ist bioligischer Natur. Sie hat das Asperger-Syndrom. Ihre Zur\u00fcckhaltung ist darin begr\u00fcndet, dass sie eine eher unkontrollierte Rednerin ist. Neben ihren festen Gewohnheiten, von denen sie nur schwer abkommt, verbringt sie zudem haupts\u00e4chlich Zeit damit, sich Sternenkarten einzupr\u00e4gen. Dadurch vergisst sie nie eine Sternenkonstellation und ist nach nur kurzem studieren solcher sogar in der Lage, ein Shuttle ohne Navigationscomputer zum gew\u00fcnschten Ziel zu fliegen. Eben jene Begeisterung l\u00e4sst sie bei anderen aber auch ein wenig als Tr\u00e4umerin erscheinen. Tats\u00e4chlich wirkt sie wie eine hoffnungslos verlorene Romantikerin. Nur, dass ihre einzige gro\u00dfe Liebe der Himmel ist.\n\n<hr \/>\n\n<h2><a id=\"lebenslauf\"><\/a>Lebenslauf<\/h2>\n<h3>Kindheit und Jugend<\/h3>\nAaja wurde am 03.06.2397 auf der gr\u00f6nl\u00e4ndischen Milit\u00e4rbasis Thule geboren. Ihre Mutter Marietta Grode, eine D\u00e4nin diente dort und lernte den Gr\u00f6nl\u00e4nder Morten Nuuk kennen. Nach ihrer Milit\u00e4rzeit entschied sie, bei Morten zu bleiben und so gr\u00fcndeten sie in Kullorsuaq eine Familie. Das dritte Kind dieser Familie war Aaja. Schon in kleinster Kindheit galt Aaja dabei als Sonderling. St\u00e4ndig irgendwie geistig abwesend, st\u00e4ndig m\u00fcde, daf\u00fcr aber nachtaktiv, machte sie ihren Eltern gro\u00dfe Sorgen. Manchmal sprach sie mehrere Tage nicht einmal. Daf\u00fcr verbrachte sie Stunden damit, den Sternenhimmel zu betrachten oder dem Spiel der Polarlichter zu folgen. Wenn sie redete, dann davon. Erst, als die \u00c4rzte bei ihr das Asperger-Syndrom attestierten, gelang es Aajas Eltern, ihre Erziehung in die richtige Richtung zu entwickeln. So gelang es ihnen, ihr eine einigerma\u00dfen normale Jugend zu gew\u00e4hren. Dennoch war schnell klar, dass sie beruflich nur f\u00fcr etwas taugen w\u00fcrde, was mit Sternen zu tun hatte. Da lag die Sternenflotte nah. Und tats\u00e4chlich gelang ihr so die Aufnahme an die Akademie.\n<h3>Karriere bei der Sternenflotte<\/h3>\nSie hat die Ausbildung auf der Sternenflottenakademie recht problemlos \u00fcberstanden, wenn man nach Noten schaut. Sie galt allerdings als Sonderling, die sich kaum Freunde in dieser Zeit machen konnte. Die Admiralit\u00e4t empfand, dass es f\u00fcr Aajas Entwicklung vermutlich am besten w\u00e4re, wenn sie ihre Reise auf der U.S.S. Galathea fortsetzt.\n<h3>Tabellarischer Lebenslauf<\/h3>\n<table style=\"border-collapse: collapse; width: 100%;\">\n<tbody>\n<tr>\n<td style=\"width: 11.5075%; background-color: #ed801a;\"><strong>Jahr<\/strong><\/td>\n<td style=\"width: 88.4925%; background-color: #ed801a;\"><strong>Ereignis<\/strong><\/td>\n<\/tr>\n<tr>\n<td style=\"width: 11.5075%;\"><\/td>\n<td style=\"width: 88.4925%;\"><\/td>\n<\/tr>\n<tr>\n<td style=\"width: 11.5075%;\"><\/td>\n<td style=\"width: 88.4925%;\"><\/td>\n<\/tr>\n<tr>\n<td style=\"width: 11.5075%;\"><\/td>\n<td style=\"width: 88.4925%;\"><\/td>\n<\/tr>\n<tr>\n<td style=\"width: 11.5075%;\"><\/td>\n<td style=\"width: 88.4925%;\"><\/td>\n<\/tr>\n<\/tbody>\n<\/table>\n\n<hr \/>\n\n<h2><a id=\"psychologisches\"><\/a>Psychologisches Profil<\/h2>\n<h3>St\u00e4rken &amp; Schw\u00e4chen<\/h3>\n<strong>Positiv:<\/strong>\n<ul>\n \t<li>begnadete Pilotin, die sich scheinbar blind im Weltall fortbewegen kann. Zudem in der Lage, mit einem Kurzen Blick auf einen Sternenhimmel Ort und Zeit errechnen zu k\u00f6nnen oder sich an diesen auch Jahre danach zu erinnern.<\/li>\n<\/ul>\n<strong>Negativ:<\/strong>\n<ul>\n \t<li>Introvertiert.<\/li>\n<\/ul>\n<strong>Vorlieben:<\/strong>\n<ul>\n \t<li>Zahlen, Sterne, Raumfahrt<\/li>\n<\/ul>\n<strong>Abneigungen:\u00a0<\/strong>\n<ul>\n \t<li>gro\u00dfe Menschenmassen, k\u00f6rperliche N\u00e4he.<\/li>\n<\/ul>\n<h3><a id=\"diziplin\"><\/a>Personalakte &amp; Disziplinarische Vermerke<\/h3>\n<ul>\n \t<li><\/li>\n<\/ul>\n\n<hr \/>\n\n<h2><a id=\"ausbildung\"><\/a>Ausbildung &amp; Spezialgebiete<\/h2>\n<h3>Zivile Vorbildung<\/h3>\n<h3>Studien auf der Sternenflottenakademie<\/h3>\n<strong>Hauptf\u00e4cher<\/strong>\n<ul>\n \t<li>Navigation &#8211; Fokus Shuttle und Runabout Pilot<\/li>\n \t<li>Technik<\/li>\n<\/ul>\n<strong>Nebenf\u00e4cher<\/strong>\n<ul>\n \t<li><\/li>\n<\/ul>\n<h2>Sprachen<\/h2>\n<ul>\n \t<li>F\u00f6derationsstandard<\/li>\n \t<li>Englisch<\/li>\n \t<li>Vulkanisch<\/li>\n \t<li>Inuktitut<\/li>\n<\/ul>\n<h2><a id=\"spezies\"><\/a>Besonderheiten der eigenen Spezies<\/h2>\nKeine\n<h2>Sonstiges<\/h2>\n\n<hr \/>\n\n<h2><a id=\"hobbies\"><\/a>Hobbies<\/h2>\n<ul>\n \t<li><\/li>\n<\/ul>\n\n<hr \/>\n\n<h2><a id=\"medizinisches\"><\/a>Medizinisches Profil<\/h2>\n<strong>\nKrankheiten &amp; Gesundheit:<\/strong>\n<ul>\n \t<li>Asperger-Syndrom<\/li>\n<\/ul>\n\n<hr \/>\n\n<h2><a id=\"familie\"><\/a>Familie<\/h2>\n<h2><a id=\"haustiere\"><\/a>Haustiere<\/h2>\n\n<hr \/>\n\n<h2><a id=\"klassifiziert\"><\/a>Klassifizierte Sektion<\/h2>\nKeine Eintr\u00e4ge\n\n<!-- \/wp:post-content -->","protected":false},"excerpt":{"rendered":"<p>Aaja Nuuk Status NPC Spieler Dienstliche Informationen Ranggrafik Rang Ensign Posten Pilot (Navigation) Stationierung USS Galathea Physische Beschreibung Spezies Mensch Geschlecht weiblich Gr\u00f6\u00dfe \u00a0163 cm Gewicht \u00a050 kg Hautfarbe hell Haarfarbe r\u00f6tlich-hellbraun Augenfarbe gr\u00fcn-braun bevorzugte Uniform-Variante Sierra II Biographische Informationen Geburtsort Gr\u00f6nland, Erde Geburtstag 03.06.2397 Sexualit\u00e4t Familienstand Familie Religion Politische informationen Buergerschaft F\u00f6derationsb\u00fcrger Inhalt Beschreibung [&hellip;]<\/p>\n","protected":false},"author":12,"featured_media":1144,"parent":2004,"menu_order":0,"comment_status":"closed","ping_status":"closed","template":"","meta":{"footnotes":""},"class_list":["post-3732","page","type-page","status-publish","has-post-thumbnail","hentry"],"publishpress_future_action":{"enabled":false,"date":"2026-04-16 01:47:27","action":"change-status","newStatus":"draft","terms":[],"taxonomy":"","extraData":[]},"publishpress_future_workflow_manual_trigger":{"enabledWorkflows":[]},"_links":{"self":[{"href":"https:\/\/www.sf-germany.org\/einheiten\/uss-galathea\/wp-json\/wp\/v2\/pages\/3732","targetHints":{"allow":["GET"]}}],"collection":[{"href":"https:\/\/www.sf-germany.org\/einheiten\/uss-galathea\/wp-json\/wp\/v2\/pages"}],"about":[{"href":"https:\/\/www.sf-germany.org\/einheiten\/uss-galathea\/wp-json\/wp\/v2\/types\/page"}],"author":[{"embeddable":true,"href":"https:\/\/www.sf-germany.org\/einheiten\/uss-galathea\/wp-json\/wp\/v2\/users\/12"}],"replies":[{"embeddable":true,"href":"https:\/\/www.sf-germany.org\/einheiten\/uss-galathea\/wp-json\/wp\/v2\/comments?post=3732"}],"version-history":[{"count":6,"href":"https:\/\/www.sf-germany.org\/einheiten\/uss-galathea\/wp-json\/wp\/v2\/pages\/3732\/revisions"}],"predecessor-version":[{"id":4483,"href":"https:\/\/www.sf-germany.org\/einheiten\/uss-galathea\/wp-json\/wp\/v2\/pages\/3732\/revisions\/4483"}],"up":[{"embeddable":true,"href":"https:\/\/www.sf-germany.org\/einheiten\/uss-galathea\/wp-json\/wp\/v2\/pages\/2004"}],"wp:featuredmedia":[{"embeddable":true,"href":"https:\/\/www.sf-germany.org\/einheiten\/uss-galathea\/wp-json\/wp\/v2\/media\/1144"}],"wp:attachment":[{"href":"https:\/\/www.sf-germany.org\/einheiten\/uss-galathea\/wp-json\/wp\/v2\/media?parent=3732"}],"curies":[{"name":"wp","href":"https:\/\/api.w.org\/{rel}","templated":true}]}}