{"id":3858,"date":"2020-11-01T14:53:29","date_gmt":"2020-11-01T13:53:29","guid":{"rendered":"http:\/\/www.sf-germany.org\/einheiten\/uss-galathea\/?page_id=3858"},"modified":"2021-09-06T00:24:04","modified_gmt":"2021-09-05T22:24:04","slug":"3-auf-alten-wegen","status":"publish","type":"page","link":"https:\/\/www.sf-germany.org\/einheiten\/uss-galathea\/uss-galathea\/log\/missionen\/3-auf-alten-wegen\/","title":{"rendered":"#03: Auf alten Wegen"},"content":{"rendered":"\r\n<table style=\"border-collapse: collapse; width: 100%; height: 138px;\">\r\n<tbody>\r\n<tr style=\"height: 23px;\">\r\n<td style=\"width: 50%; height: 23px;\"><strong>Mission<\/strong><\/td>\r\n<td style=\"width: 50%; height: 23px;\">#003 &#8211; Entdeckung und Erforschung<\/td>\r\n<\/tr>\r\n<tr style=\"height: 23px;\">\r\n<td style=\"width: 50%; height: 23px;\"><strong>Zeitraum (OT)<\/strong><\/td>\r\n<td style=\"width: 50%; height: 23px;\">November 2020 &#8211; Mai 2021 (in Anschluss Soap)<\/td>\r\n<\/tr>\r\n<tr style=\"height: 23px;\">\r\n<td style=\"width: 50%; height: 23px;\"><strong>Zeitraum (IT)<\/strong><\/td>\r\n<td style=\"width: 50%; height: 23px;\">Februar 2416\u00a0<\/td>\r\n<\/tr>\r\n<tr style=\"height: 23px;\">\r\n<td style=\"width: 50%; height: 23px;\"><strong>Klassifikation<\/strong><\/td>\r\n<td style=\"width: 50%; height: 23px;\">Entdeckung, Geheimnis, Artefakt, Forschung<\/td>\r\n<\/tr>\r\n<tr style=\"height: 23px;\">\r\n<td style=\"width: 50%; height: 23px;\"><strong>Status<\/strong><\/td>\r\n<td style=\"width: 50%; height: 23px;\"><span style=\"color: #ff9900;\">Abgeschlossen<\/span><\/td>\r\n<\/tr>\r\n<tr style=\"height: 23px;\">\r\n<td style=\"width: 50%; height: 23px;\"><strong>Einheiten<\/strong><\/td>\r\n<td style=\"width: 50%; height: 23px;\">USS Galathea<\/td>\r\n<\/tr>\r\n<\/tbody>\r\n<\/table>\r\n\r\n\r\n\r\n<h2>Auftrag &amp; Inhalt<\/h2>\r\n<ul>\r\n<li>Der USS Galathea wird ein w\u00fcrfelf\u00f6rmiges Artefakt \u00fcbergeben, welches seit Jahrhunderten (Jahrtausenden?) im All trieb und nahe SB 621 aufgefunden wurde. Es ist von unbekannter Herkunft. [<a href=\"https:\/\/groups.io\/g\/uss-galathea\/message\/106\">106<\/a>][<a href=\"https:\/\/groups.io\/g\/uss-galathea\/message\/112\">112<\/a>][<a href=\"https:\/\/groups.io\/g\/uss-galathea\/message\/113\">113<\/a>][<a href=\"https:\/\/groups.io\/g\/uss-galathea\/message\/117\">117<\/a>]\r\n<ul>\r\n<li>Es wei\u00dft noch Spuren magnetischer Elektrizit\u00e4t auf.<\/li>\r\n<li>Es erzeugt Albtr\u00e4ume<\/li>\r\n<li>Die Oberfl\u00e4che weist Kratzer auf, die Schriftzeichen sein k\u00f6nnten<\/li>\r\n<li>Es gibt anscheinend sechs Kn\u00f6pfe, doch wenn man die ersten bet\u00e4tigt, erh\u00f6ht sich die Temperatur jeweils um 2\u00b0<\/li>\r\n<li>Die Oberfl\u00e4chenzusammensetzung ist ungew\u00f6hnlich. Es scheint sich um eine siliziumreiche Legierung zu handeln. Auf jeden Fall deutet alles darauf hin das dieses Objekt durchaus daf\u00fcr gedacht war l\u00e4ngere Zeit im Weltall zu verbringen und das was auch immer in der Kiste ist zu sch\u00fctzen.<\/li>\r\n<\/ul>\r\n<\/li>\r\n<li>In Zusammenarbeit aller Abteilungen an Bord ist es nicht nur gelungen, zu entschl\u00fcsseln, dass es sich bei den Zeichen um Schriftzeichen handelt &#8211; es konnte auch eine Kommunikation initiiert werden. Das Artefakt lieferte Koordinaten die auf einen bisher unentdeckten Planeten hindeuten.<\/li>\r\n<\/ul>\r\n\r\n\r\n\r\n<h2>Missionsbericht<\/h2>\r\n<p>Das RKOM ist begeistert vom Fortschritt der Crew der Galathea und hat daher das Flottenkommando darum ersucht, dass die Crew der Galathea das Artefakt n\u00e4her untersucht und den Ergebnissen nachgeht.<\/p>\r\n<p>Die USS Galathea ist unterwegs in den &#8222;Running Chicken Nebel\u201c (auch \u201eMinkowskis Fu\u00dfabdruck\u201c), genauer in das <strong>Alpha-K-11.78.281 System<\/strong>, welches vom Artefakt bezeichnet wurde. Dort soll sich der 3. Planet an einer Stelle befinden, der von einer Nebelwolke bedeckt ist.<\/p>\r\n<blockquote>\r\n<p><span id=\"main\"><span style=\"font-family: monospace;\">\u201eIch frage mich in der Tat, ob es zum jetzigen Zeitpunkt logisch ist, \u00fcberhaupt in diesen Nebelg\u00fcrtel rein zu fliegen. Helft mir mal bei meinen begrenzten astrologischen Talenten weiter. Was wir bisher wissen: Wir haben ein fremdartiges, interstellares Artefakt, welches seiner Flugbahn zu Grunde hier seinen Ursprung haben k\u00f6nnte oder zumindest hier durchgekommen ist. Das ganze mitten in einem protoplanetarischen Nebel. In eben jenem Nebel M 1-92, welcher da Minkowskis Fu\u00dfabdruck genannt wird, finden wir ein komplettes Sternensystem. In einem solchen Nebel d\u00fcrfte es wegen der hohen Infrarotstrahlung und dem erweiterten Ionisierungsgrad f\u00fcr Leben jeglicher Form schon sehr schwer sein. Auch ist hier alles voll mit Gas und Plasma. Dazu kommt, dass Nebel eine Sp\u00e4terscheinung von Supernovae jeglicher Form sind. Irgendwo muss Minkowskis wei\u00dfer Zwerg also diese ganze Region in ein riesiges Feld voller Kohlenstoffe, Stickstoffe, Sauerstoffe, Calcium und anderen Reaktionsprodukten einer Kernfusion verwandelt haben. Da Protoplanetarische Nebel meist nur einige zehntausend Jahre existieren, k\u00f6nnen wir es nicht mit einer Zivilisation zu tun haben, die nach dieser Supernova entstanden ist. Sehr wohl aber mit einer Zivilisation, die vor der Supernova hier existierte. Sollte sie dieses Artefakt erschaffen haben, muss es zudem eine hochtechnologische Nation gewesen sein. Das l\u00e4sst in meinem Kopf eigentlich nur\u00a0 zwei M\u00f6glichkeiten zu. Entweder dieses Ding in unserem Wissenschaftslabor ist eine Art Zivilisationsarche und ein Nachruf auf ein Volk, dass wir hier nicht mehr antreffen werden&#8230; oder das Volk war so zivilisiert, dass sie in der Lage war, die Supernova zu \u00fcberleben. Dann w\u00e4re die Frage \u2013 warum haben Sie sich dann nicht gemeldet, wo wir doch jetzt vor ihrer Haust\u00fcr stehen und quasi klingeln. In Anbetracht dessen, dass hier nicht mal ein Klasse-M Planet zu finden ist, sondern nur ein massiver Nebelfetzen in der habitablen Zone, w\u00e4re es vielleicht zu \u00fcberlegen, die Flugbahn dieses Artefakts vielleicht noch weiter zu verfolgen, in der Annahme, dass es auch hier nur durchgekommen ist.\u201c <br \/>\u201eSoweit, so richtig, aber an eine Sache hast du nicht gedacht.\u201c kommentierte Vani das Ganze. \u201eWir sind hier und stehen vor einem dichten ionischen Ring um eine Sonne.\u201c<br \/><br \/>\u201eUnd?\u201c<br \/><br \/>\u201eDie Sonne&#8230; sie ist noch da. Wie kann sich ein astronomischer Nebel bilden, vor allem ein Ringf\u00f6rmiger um eine Sonne, die offensichtlich nicht explodiert ist? In einem System, dass zu geordnet zentralistisch ist, um ein Doppelstern-System zu sein, bei dem ein Stern bereits zur Nova wurde. Mir fiele dazu nur eine Antwort ein. Er ist&#8230;\u201c<br \/><br \/>\u201e&#8230; k\u00fcnstlich&#8230;\u201c vollendete Grwydro ihren Satz, um zu zeigen, dass er verstanden habe, worauf sie hinaus wolle. \u201eDie Idee ist tats\u00e4chlich einer hochzivilisierten Kultur zuzutrauen. Sie haben eine Art Schutzschirm vor den stellaren Begebenheiten der Supernova erschaffen. Nicht um den Planeten als solches, sondern um die Flugbahn des Planeten. Dann w\u00e4re die Frage, ob wir mit einem Shuttle so etwas einfach so durchfliegen k\u00f6nnen, wenn das Ding eine Supernova abweisen kann.\u201c<\/span><\/span><\/p>\r\n<p>&#8212; aus #147 <a href=\"https:\/\/groups.io\/g\/uss-galathea\/message\/147\">&#8222;Stellares Geplauder&#8220;<\/a><\/p>\r\n<\/blockquote>\r\n<ul>\r\n<li>Kurz nach der Ankunft im System wurde die USS Galathea von einem vulkanischen Wissenschaftler kontaktiert, der mit seinem Schiff ebenfalls eine Forschungsmission im System durchf\u00fchrt. Tha&#8217;Ron Par Keller nahm Kontakt mit dem Schiff auf und bat darum, die Ressourcen der Galathea nutzen zu d\u00fcrfen.<\/li>\r\n<li>Nach ersten Erkundungen des Nebels entdeckt die Crew einen Planeten der Klasse M mit vier Monden im Nebel.<\/li>\r\n<li>\r\n<div id=\"m_1447119190270731184gmail-magicdomid108\">Team &#8222;Planetare Erkundung&#8220; hat das Pech, bei der Landung in eine Wolke Knallgas zu geraten, was eine lokale Explosion ausl\u00f6st. Das Shuttle landet unsanft im Morast, Phaserb\u00e4nke und Kommunikation sind ausgefallen.<\/div>\r\n<ul>\r\n<li>\r\n<div id=\"m_1447119190270731184gmail-magicdomid108\">Das Shuttle sinkt weiter und muss dringend &#8222;umgeparkt&#8220; werden<\/div>\r\n<\/li>\r\n<li>Nahe gelegene Ruinen sind mit Netzen bedeckt &#8211; kein unbedingt einladender Ort!<\/li>\r\n<\/ul>\r\n<\/li>\r\n<\/ul>\r\n<ul>\r\n<li>F\u00fcr\u00a0 MD 11.1400 wurde der Start einer Au\u00dfenmission geplant<\/li>\r\n<li>\r\n<div id=\"m_1447119190270731184gmail-magicdomid106\">Die beiden Au\u00dfenteams haben den Planeten erreicht.<\/div>\r\n<\/li>\r\n<li>\r\n<div id=\"m_1447119190270731184gmail-magicdomid106\">Team &#8222;Erstkontakt&#8220; ist nahe eines alten Flu\u00dfbetts gelandet und hat dort ein Lager aufgeschlagen. Eine erste Expedition f\u00fchrt zur Entdeckung einer (k\u00fcnstlichen) H\u00f6hle, die zu einer tiefer gelegenen Kammer f\u00fchrt. Dort entdeckt das Team nicht nur zwei Spezies von katzenartigen Spinnen sondern auch ein verfallenes unterirdisches Bahnsystem.<\/div>\r\n<\/li>\r\n<li>Team &#8222;Planetare Erkundung&#8220; gelingt es, das Shuttle wieder zu starten und umzuparken. Ein Teil der Ruinen wird gesichert und erforscht. W\u00e4hrend Dr. Hadar und Dr. Stoica die Behausungen untersuchen, findet Rani eher durch Zufall einen Schacht in die Tiefe.<\/li>\r\n<\/ul>\r\n<div id=\"m_1447119190270731184gmail-magicdomid108\">\u00a0<\/div>\r\n<div id=\"m_1447119190270731184gmail-magicdomid108\" style=\"padding-left: 80px;\"><b>Team &#8222;Erstkontakt&#8220;<\/b>\u00a0-&gt; suchen die Geb\u00e4ude auf<\/div>\r\n<div id=\"m_1447119190270731184gmail-magicdomid2883\" style=\"padding-left: 80px;\">Typ 17 Shuttle &#8222;Flensborg&#8220;<\/div>\r\n<div id=\"m_1447119190270731184gmail-magicdomid3680\" style=\"padding-left: 80px;\">\r\n<ul>\r\n<li style=\"list-style-type: none;\">\r\n<ul>\r\n<li style=\"list-style-type: none;\">\r\n<ul>\r\n<li>Ewa\u00a0<\/li>\r\n<li>Grwydro<\/li>\r\n<li>Vani<\/li>\r\n<li>Sergej<\/li>\r\n<li>Nahima<\/li>\r\n<li>Tha&#8217;Ron<\/li>\r\n<li>Helena<\/li>\r\n<li>Mitchell (Pilot)<\/li>\r\n<li>Olivia<\/li>\r\n<li>PO Lo&#8217;Rakren Yr Wukon &#8211; Sicherheit (npc, Redshirt)<\/li>\r\n<li>Crwmn L&#8217;Eval &#8211; Sicherheit (npc, Redshort)<\/li>\r\n<\/ul>\r\n<\/li>\r\n<\/ul>\r\n<\/li>\r\n<\/ul>\r\n<\/div>\r\n<div id=\"m_1447119190270731184gmail-magicdomid3100\" style=\"padding-left: 80px;\"><b>Team &#8222;Planetare Erkundung&#8220;\u00a0<\/b><\/div>\r\n<div id=\"m_1447119190270731184gmail-magicdomid3147\" style=\"padding-left: 80px;\">Typ 17 Shuttle &#8222;Hedemann&#8220; mit Bodenfahrzeug<\/div>\r\n<div id=\"m_1447119190270731184gmail-magicdomid3785\" style=\"padding-left: 80px;\">\r\n<ul>\r\n<li style=\"list-style-type: none;\">\r\n<ul>\r\n<li style=\"list-style-type: none;\">\r\n<ul>\r\n<li>Melek\u00a0<\/li>\r\n<li>Trarkash<\/li>\r\n<li>Yael<\/li>\r\n<li>Valea Stoica (neuer Charakter von Linda)<\/li>\r\n<li>Rani<\/li>\r\n<li>Selene<\/li>\r\n<li>Specter (Pilot)<\/li>\r\n<li>Crwmn Sara Al Sadat &#8211; Technik (NPC, Nicole)<\/li>\r\n<li>Crwmn Shani Al Sadat\u00a0 &#8211; Sicherheit (NPC, Nicole)<\/li>\r\n<li>Crwmn Valk\u00a0 &#8211; Sicherheit (npc &#8211; Redshirt)<\/li>\r\n<\/ul>\r\n<\/li>\r\n<\/ul>\r\n<\/li>\r\n<\/ul>\r\n<\/div>\r\n<p>&nbsp;<\/p>\r\n<ul>\r\n<li>Auf dem Planeten entdeckt das Au\u00dfenteam &#8222;Erstkontakt&#8220; einen seltsamen &#8218;Leerraum&#8216;, den die Pflanzen und Tiere des Planeten meiden. Im Anschluss hat es mit einer gro\u00dfen Pantherspinne zu k\u00e4mpfen, was gerade noch einmal glimpflich ausgeht.<\/li>\r\n<\/ul>\r\n<p>&nbsp;<\/p>\r\n<ul>\r\n<li>W\u00e4hrend die Au\u00dfenteams sich auf dem Planeten befinden registriert die USS Galathea die Ann\u00e4herung eines Schiffs, das voraussichtlich zu den Ferengi geh\u00f6rt. Das Ganze stellt sich als eine Art Hinterhalt heraus, es kommt zum Kampf. Die Galathea bleibt unbesch\u00e4digt, kann jedoch eines der Schiffe so besch\u00e4digen, dass es abst\u00fcrzt. Die beiden restlichen Schiffe der Ferengi werden besch\u00e4figt. Bevor die Situation aber aufgekl\u00e4rt werden kann, tauchen S\u00f6ldner auf und setzen die Galathea in einer Gravitonschere gefangen, ehe sie mit den Ferengi verschwinden.\r\n<ul>\r\n<li>Es scheint sich um eine Angelegenheit eines lokalen Syndiakts zu handeln.<\/li>\r\n<li>Die Galathea kann sich schlie\u00dflich aus der Falle befreien.<\/li>\r\n<\/ul>\r\n<\/li>\r\n<\/ul>\r\n<p>&nbsp;<\/p>\r\n<ul>\r\n<li>Die Au\u00dfenteams \u00fcbernachten auf dem Planeten.<\/li>\r\n<li>Olivia hat am Morgen zuerst eine Begegnung mit Ferengi, die sie gefangen nehmen &#8211; und dann mit einem unbekannten Insektenstaat, die auf die R\u00fcckkehr ihrer vormaligen Herren warten.<\/li>\r\n<li>Das Team &#8222;Planetare Erkundung&#8220; entdeckt eine Art Archiv. Dort treffen sie dann sp\u00e4ter auch wieder mit dem ersten Au\u00dfenteam zusammen.<\/li>\r\n<li>Als man eine tiefer in der Erde liegende ehemalige Kommandozentrale erreicht, entdeckt man durch Zufall eine Nachricht der urspr\u00fcnglichen Bewohner. Augenscheinlich war die Spezies durch Klimawandel vom Aussterben bedroht und versuchte ein verzweifeltes Experiment im transdimensionalen Reisen, das aber schief ging.<\/li>\r\n<\/ul>\r\n<h3>Aktuelle Ereignisse<\/h3>\r\n<div id=\"m_1447119190270731184gmail-magicdomid3785\">\r\n<ul>\r\n<li>R\u00fcckkehr auf die USS Galathea und Debriefing.<\/li>\r\n<\/ul>\r\n<\/div>\r\n<h3>Besonderheiten<\/h3>\r\n<ul>\r\n<li>Die Ferengi werden zu MD 20 der USS Beteigeuze \u00fcbergeben.<\/li>\r\n<\/ul>\r\n\r\n\r\n\r\n<h2>Personelle \u00c4nderungen<\/h2>\r\n<h3><strong>W\u00e4hrend der Mission ausgesprochene Bef\u00f6rderungen \/ Degradierungen \/ Postenwechsel<\/strong><\/h3>\r\n<ul>\r\n<li>SD 261106 &#8211; Belobigung f\u00fcr <a href=\"https:\/\/www.sf-germany.org\/einheiten\/uss-galathea\/die-crew\/spielercharaktere\/srivani-mukherjee\/\">Srivani Mukherjee<\/a> und <a href=\"https:\/\/www.sf-germany.org\/einheiten\/uss-galathea\/die-crew\/spielercharaktere\/grwydro-aru\/\">Grwydro Aru.<\/a><\/li>\r\n<li><a href=\"https:\/\/www.sf-germany.org\/einheiten\/uss-galathea\/die-crew\/spielercharaktere\/selene\/\">Menodora Nikitidis Selene<\/a> kommt nach einem Rendevouz mit der USS Mekong als Austauschoffizierin an Bord und wird der taktischen Abteilung, als stellvertretende taktische Offizierin, zugeordnet.<\/li>\r\n<li>Ensign <a href=\"https:\/\/www.sf-germany.org\/einheiten\/uss-galathea\/die-crew\/spielercharaktere\/mitchell-sinclair\/\">Mitchell Sinclair<\/a> wird ebenfalls via USS Mekong an Bord genommen und der taktischen Abteilung zugeordnet.<\/li>\r\n<li><a href=\"https:\/\/www.sf-germany.org\/einheiten\/uss-galathea\/die-crew\/charakterarchiv\/specter\/\">Specter<\/a> verl\u00e4sst zu MD 20 das Schiff aus medizinischen Gr\u00fcnden.<\/li>\r\n<li><a href=\"https:\/\/www.sf-germany.org\/einheiten\/uss-galathea\/die-crew\/charakterarchiv\/adam-cartier\/\">Adam Cartier<\/a> verl\u00e4sst das Schiff zu MD 20, da er an der Front gebraucht wird.<\/li>\r\n<li><a href=\"https:\/\/www.sf-germany.org\/einheiten\/uss-galathea\/die-crew\/spielercharaktere\/kova-shqyras\/\">Ensign Kova Sh&#8217;qyras <\/a>wird als neue stellvertretende FLG an Bord versetzt.<\/li>\r\n<li>Neuer TO ist Ensign\u00a0<a href=\"https:\/\/www.sf-germany.org\/einheiten\/uss-galathea\/die-crew\/spielercharaktere\/emmett-fallon\/\">Emmett Fallon<\/a><\/li>\r\n<\/ul>\r\n<h3><strong>W\u00e4hrend der Mission verstorben \/ verschollen<\/strong><\/h3>\r\n<ul>\r\n<li>keine<\/li>\r\n<\/ul>\r\n<h3>Weitere Bemerkungen<\/h3>\r\n<ul>\r\n<li>Teambuilding Ma\u00dfnahme mit Grusel-Thema durch Counselor Winterbottom geplant und durchgef\u00fchrt [<a href=\"https:\/\/groups.io\/g\/uss-galathea\/message\/118\">118<\/a>]<\/li>\r\n<\/ul>\r\n<p>Missionsbericht gez.<br \/>Cmdr. Aleksander Solowyov<br \/>CO USS Galathea<\/p>\r\n\r\n\r\n<hr class=\"wp-block-separator\" \/>\r\n\r\n\r\n<h2>NRPG<\/h2>\r\n<h3>Kontinuit\u00e4t<\/h3>\r\n<p>An die Mission schlie\u00dft sich eine Soap-Phase an, die in der Datenbank im gleichen Zeitrahmen gef\u00fchrt wird. Eine Beschreibung der Ereignisse finden sich aber unter\u00a0<a href=\"https:\/\/www.sf-germany.org\/einheiten\/uss-galathea\/log\/missionen\/03b-kennenlernen\/\">#03b: Kennenlernen<\/a><\/p>\r\n<h3>Wichtige wiederkehrende Personen<\/h3>\r\n<ul>\r\n<li>Admiral Marcus Stierer, FKOM<\/li>\r\n<\/ul>\r\n<h3>Orte, Pl\u00e4tze, Schiffe<\/h3>\r\n<ul>\r\n<li>System <strong><a href=\"https:\/\/www.sf-germany.org\/einheiten\/uss-galathea\/stellarkatographie\/oktens-wiege\/sterne-planeten\/alpha-k-11-78-281\/\">Alpha-K-11.78.281<\/a>.<\/strong><\/li>\r\n<li>Das <a href=\"https:\/\/sf-germany.com\/das-thassos-system\/\">Thassos-System<\/a>, <a href=\"https:\/\/www.sf-germany.org\/einheiten\/uss-galathea\/die-crew\/spielercharaktere\/selene\/\">Selenes<\/a> Heimat. Dort lebt das Volk der <a href=\"https:\/\/sf-germany.com\/die-kikonen\/#more-467\">Kikonen<\/a>, dass k\u00fcrzlich einen Austausch mit der Sternenflotte begonnen hat.<\/li>\r\n<\/ul>\r\n<h3>Glossar<\/h3>\r\n<ul>\r\n<li>kein Eintrag<\/li>\r\n<\/ul>\r\n","protected":false},"excerpt":{"rendered":"<p>Mission #003 &#8211; Entdeckung und Erforschung Zeitraum (OT) November 2020 &#8211; Mai 2021 (in Anschluss Soap) Zeitraum (IT) Februar 2416\u00a0 Klassifikation Entdeckung, Geheimnis, Artefakt, Forschung Status Abgeschlossen Einheiten USS Galathea Auftrag &amp; Inhalt Der USS Galathea wird ein w\u00fcrfelf\u00f6rmiges Artefakt \u00fcbergeben, welches seit Jahrhunderten (Jahrtausenden?) im All trieb und nahe SB 621 aufgefunden wurde. Es [&hellip;]<\/p>\n","protected":false},"author":1,"featured_media":1126,"parent":1056,"menu_order":3,"comment_status":"closed","ping_status":"closed","template":"","meta":{"footnotes":""},"class_list":["post-3858","page","type-page","status-publish","has-post-thumbnail","hentry"],"publishpress_future_action":{"enabled":false,"date":"2026-05-12 14:33:26","action":"change-status","newStatus":"draft","terms":[],"taxonomy":"","extraData":[]},"publishpress_future_workflow_manual_trigger":{"enabledWorkflows":[]},"_links":{"self":[{"href":"https:\/\/www.sf-germany.org\/einheiten\/uss-galathea\/wp-json\/wp\/v2\/pages\/3858","targetHints":{"allow":["GET"]}}],"collection":[{"href":"https:\/\/www.sf-germany.org\/einheiten\/uss-galathea\/wp-json\/wp\/v2\/pages"}],"about":[{"href":"https:\/\/www.sf-germany.org\/einheiten\/uss-galathea\/wp-json\/wp\/v2\/types\/page"}],"author":[{"embeddable":true,"href":"https:\/\/www.sf-germany.org\/einheiten\/uss-galathea\/wp-json\/wp\/v2\/users\/1"}],"replies":[{"embeddable":true,"href":"https:\/\/www.sf-germany.org\/einheiten\/uss-galathea\/wp-json\/wp\/v2\/comments?post=3858"}],"version-history":[{"count":26,"href":"https:\/\/www.sf-germany.org\/einheiten\/uss-galathea\/wp-json\/wp\/v2\/pages\/3858\/revisions"}],"predecessor-version":[{"id":4756,"href":"https:\/\/www.sf-germany.org\/einheiten\/uss-galathea\/wp-json\/wp\/v2\/pages\/3858\/revisions\/4756"}],"up":[{"embeddable":true,"href":"https:\/\/www.sf-germany.org\/einheiten\/uss-galathea\/wp-json\/wp\/v2\/pages\/1056"}],"wp:featuredmedia":[{"embeddable":true,"href":"https:\/\/www.sf-germany.org\/einheiten\/uss-galathea\/wp-json\/wp\/v2\/media\/1126"}],"wp:attachment":[{"href":"https:\/\/www.sf-germany.org\/einheiten\/uss-galathea\/wp-json\/wp\/v2\/media?parent=3858"}],"curies":[{"name":"wp","href":"https:\/\/api.w.org\/{rel}","templated":true}]}}