{"id":3959,"date":"2022-12-28T18:12:55","date_gmt":"2022-12-28T17:12:55","guid":{"rendered":"http:\/\/www.sf-germany.org\/einheiten\/uss-galathea\/?page_id=3959"},"modified":"2022-12-28T18:26:47","modified_gmt":"2022-12-28T17:26:47","slug":"elisabeth-winterbottom","status":"publish","type":"page","link":"https:\/\/www.sf-germany.org\/einheiten\/uss-galathea\/die-crew\/nichtspielercharaktere\/elisabeth-winterbottom\/","title":{"rendered":"Elisabeth Winterbottom"},"content":{"rendered":"<div style=\"float: right; margin-left: 15px; margin-bottom: 15px; font-size: 11px; min-width: 350px; width: 25%; padding-left: 10px; padding-right: 10px;\">\r\n<table style=\"width: 100%; border: 0px outset #003366; background: #ffffff; box-shadow: rgba(255, 255, 255, 0.75) 0.1em 0.1em 0.5em; border-radius: 1em; height: 609px;\" border=\"3\" cellspacing=\"10\" align=\"right\">\r\n<tbody>\r\n<tr style=\"height: 15px;\">\r\n<td style=\"font-weight: bold; border: 0px solid transparent; width: 100%; height: 15px;\" colspan=\"2\" align=\"center\"><\/td>\r\n<\/tr>\r\n<tr style=\"height: 144px;\">\r\n<td style=\"background: transparent; border: 0px solid transparent; width: 100%; height: 144px;\" colspan=\"2\" align=\"center\"><!-- hier das Charakterbild einf\u00fcgen -->\r\n<img loading=\"lazy\" decoding=\"async\" class=\"alignnone size-full wp-image-1126\" src=\"https:\/\/www.sf-germany.org\/einheiten\/uss-galathea\/wp-content\/uploads\/2019\/08\/images.png\" alt=\"\" width=\"262\" height=\"192\" \/><\/td>\r\n<\/tr>\r\n<tr style=\"height: 15px;\">\r\n<td style=\"font-weight: bold; border: 0px solid transparent; width: 100%; height: 15px;\" colspan=\"2\" align=\"center\"><b>Elisabeth Winterbottom<\/b><\/td>\r\n<\/tr>\r\n<tr style=\"height: 15px;\">\r\n<td style=\"font-weight: bold; border: 0px solid transparent; width: 50%; height: 15px;\" align=\"right\" width=\"50%\">Status<\/td>\r\n<td style=\"border: 0px solid transparent; width: 50%; height: 15px;\" align=\"left\" width=\"50%\">NPC<\/td>\r\n<\/tr>\r\n<tr style=\"height: 15px;\">\r\n<td style=\"font-weight: bold; border: 0px solid transparent; width: 50%; height: 15px;\" align=\"right\" width=\"50%\">Spieler<\/td>\r\n<td style=\"border: 0px solid transparent; width: 50%; height: 15px;\" align=\"left\" width=\"50%\">Sunny<\/td>\r\n<\/tr>\r\n<tr style=\"height: 15px;\">\r\n<td style=\"font-weight: bold; border: 0px solid #003366; background: #555555; box-shadow: rgba(255, 255, 255, 0.75) 0.1em 0.1em 0.5em; border-radius: 1em; width: 100%; height: 15px;\" colspan=\"2\" align=\"center\"><span style=\"color: #ffffff;\">Dienstliche Informationen<\/span><\/td>\r\n<\/tr>\r\n<tr style=\"height: 28px;\">\r\n<td style=\"font-weight: bold; border: 0px solid transparent; width: 50%; height: 28px;\" align=\"right\" width=\"50%\"><\/td>\r\n<td style=\"border: 0px solid transparent; width: 50%; height: 28px;\" align=\"left\" width=\"50%\"><\/td>\r\n<\/tr>\r\n<tr style=\"height: 16px;\">\r\n<td style=\"font-weight: bold; border: 0px solid transparent; width: 50%; text-align: right; height: 16px;\"><\/td>\r\n<td style=\"border: 0px solid transparent; width: 50%; height: 16px;\"><\/td>\r\n<\/tr>\r\n<tr style=\"height: 15px;\">\r\n<td style=\"font-weight: bold; border: 0px solid transparent; width: 50%; text-align: right; height: 15px;\"><\/td>\r\n<td style=\"border: 0px solid transparent; width: 50%; height: 15px;\"><\/td>\r\n<\/tr>\r\n<tr style=\"height: 16px;\">\r\n<td style=\"font-weight: bold; border: 0px solid transparent; width: 50%; height: 16px; text-align: right;\"><\/td>\r\n<td style=\"border: 0px solid transparent; width: 50%; height: 16px;\"><\/td>\r\n<\/tr>\r\n<tr style=\"height: 15px;\">\r\n<td style=\"font-weight: bold; border: 0px solid transparent; width: 50%; height: 15px;\" align=\"right\" width=\"50%\">Rang<\/td>\r\n<td style=\"border: 0px solid transparent; width: 50%; height: 15px;\" align=\"left\" width=\"50%\">Zivilistin<\/td>\r\n<\/tr>\r\n<tr style=\"height: 15px;\">\r\n<td style=\"font-weight: bold; border: 0px solid transparent; width: 50%; height: 15px;\" align=\"right\" width=\"50%\">Posten<\/td>\r\n<td style=\"border: 0px solid transparent; width: 50%; height: 15px;\" align=\"left\" width=\"50%\">N\u00f6rgelnder Teenager<\/td>\r\n<\/tr>\r\n<tr style=\"height: 15px;\">\r\n<td style=\"font-weight: bold; border: 0px solid transparent; width: 50%; height: 15px;\" align=\"right\" width=\"50%\">Stationierung<\/td>\r\n<td style=\"border: 0px solid transparent; width: 50%; height: 15px;\" align=\"left\" width=\"50%\">USS Galathea<\/td>\r\n<\/tr>\r\n<tr style=\"height: 15px;\">\r\n<td style=\"font-weight: bold; border: 0px solid #003366; background: #555555; box-shadow: rgba(255, 255, 255, 0.75) 0.1em 0.1em 0.5em; border-radius: 1em; width: 100%; height: 15px;\" colspan=\"2\" align=\"center\"><span style=\"color: #ffffff;\">Physische Beschreibung<\/span><\/td>\r\n<\/tr>\r\n<tr style=\"height: 15px;\">\r\n<td style=\"font-weight: bold; border: 0px solid transparent; width: 50%; height: 15px;\" align=\"right\" width=\"50%\">Spezies<\/td>\r\n<td style=\"border: 0px solid transparent; width: 50%; height: 15px;\" align=\"left\" width=\"50%\">Mensch<\/td>\r\n<\/tr>\r\n<tr style=\"height: 15px;\">\r\n<td style=\"font-weight: bold; border: 0px solid transparent; width: 50%; height: 15px;\" align=\"right\" width=\"50%\">Geschlecht<\/td>\r\n<td style=\"border: 0px solid transparent; width: 50%; height: 15px;\" align=\"left\" width=\"50%\">Weiblich<\/td>\r\n<\/tr>\r\n<tr style=\"height: 15px;\">\r\n<td style=\"font-weight: bold; border: 0px solid transparent; width: 50%; height: 15px;\" align=\"right\" width=\"50%\">Gr\u00f6\u00dfe<\/td>\r\n<td style=\"border: 0px solid transparent; width: 50%; height: 15px;\" align=\"left\" width=\"50%\">\u00a0177 cm<\/td>\r\n<\/tr>\r\n<tr style=\"height: 15px;\">\r\n<td style=\"font-weight: bold; border: 0px solid transparent; width: 50%; height: 15px;\" align=\"right\" width=\"50%\">Gewicht<\/td>\r\n<td style=\"border: 0px solid transparent; width: 50%; height: 15px;\" align=\"left\" width=\"50%\">\u00a067 kg<\/td>\r\n<\/tr>\r\n<tr style=\"height: 15px;\">\r\n<td style=\"font-weight: bold; border: 0px solid transparent; width: 50%; height: 15px;\" align=\"right\" width=\"50%\">Hautfarbe<\/td>\r\n<td style=\"border: 0px solid transparent; width: 50%; height: 15px;\" align=\"left\" width=\"50%\">Blass<\/td>\r\n<\/tr>\r\n<tr style=\"height: 15px;\">\r\n<td style=\"font-weight: bold; border: 0px solid transparent; width: 50%; height: 15px;\" align=\"right\" width=\"50%\">Haarfarbe<\/td>\r\n<td style=\"border: 0px solid transparent; width: 50%; height: 15px;\" align=\"left\" width=\"50%\">Hellbraun<\/td>\r\n<\/tr>\r\n<tr style=\"height: 15px;\">\r\n<td style=\"font-weight: bold; border: 0px solid transparent; width: 50%; height: 15px;\" align=\"right\" width=\"50%\">Augenfarbe<\/td>\r\n<td style=\"border: 0px solid transparent; width: 50%; height: 15px;\" align=\"left\" width=\"50%\">Gr\u00fcn<\/td>\r\n<\/tr>\r\n<tr style=\"height: 15px;\">\r\n<td style=\"font-weight: bold; border: 0px solid transparent; width: 50%; text-align: right; height: 15px;\">bevorzugte Uniform-Variante<\/td>\r\n<td style=\"border: 0px solid transparent; width: 50%; height: 15px;\">&#8211;<\/td>\r\n<\/tr>\r\n<tr style=\"height: 15px;\">\r\n<td style=\"font-weight: bold; border: 0px solid #003366; background: #555555; box-shadow: rgba(255, 255, 255, 0.75) 0.1em 0.1em 0.5em; border-radius: 1em; width: 100%; height: 15px;\" colspan=\"2\" align=\"center\"><span style=\"color: #ffffff;\">Biographische Informationen<\/span><\/td>\r\n<\/tr>\r\n<tr style=\"height: 15px;\">\r\n<td style=\"font-weight: bold; border: 0px solid transparent; width: 50%; height: 15px;\" align=\"right\" width=\"50%\">Geburtsort<\/td>\r\n<td style=\"border: 0px solid transparent; width: 50%; height: 15px;\" align=\"left\" width=\"50%\">Erde\u00a0 -San Francisco<\/td>\r\n<\/tr>\r\n<tr style=\"height: 15px;\">\r\n<td style=\"font-weight: bold; border: 0px solid transparent; width: 50%; height: 15px;\" align=\"right\" width=\"50%\">Geburtstag<\/td>\r\n<td style=\"border: 0px solid transparent; width: 50%; height: 15px;\" align=\"left\" width=\"50%\">15.05.2397<\/td>\r\n<\/tr>\r\n<tr style=\"height: 15px;\">\r\n<td style=\"font-weight: bold; border: 0px solid transparent; width: 50%; height: 15px;\" align=\"right\" width=\"50%\">Sexualit\u00e4t<\/td>\r\n<td style=\"border: 0px solid transparent; width: 50%; height: 15px;\" align=\"left\" width=\"50%\">Unsicher<\/td>\r\n<\/tr>\r\n<tr style=\"height: 15px;\">\r\n<td style=\"font-weight: bold; border: 0px solid transparent; width: 50%; height: 15px;\" align=\"right\" width=\"50%\">Familienstand<\/td>\r\n<td style=\"border: 0px solid transparent; width: 50%; height: 15px;\" align=\"left\" width=\"50%\">ledig<\/td>\r\n<\/tr>\r\n<tr style=\"height: 15px;\">\r\n<td style=\"font-weight: bold; border: 0px solid transparent; width: 50%; height: 15px;\" align=\"right\" width=\"50%\">Familie<\/td>\r\n<td style=\"border: 0px solid transparent; width: 50%; height: 15px;\" align=\"left\" width=\"50%\">Tochter: Emma Winterbottom\r\n\r\nSchw\u00e4gerin: Olivia Winterbottom\r\n\r\nBruder: William Winterbottom (verstorben)\r\n\r\nEltern: Verstorben<\/td>\r\n<\/tr>\r\n<tr style=\"height: 15px;\">\r\n<td style=\"font-weight: bold; border: 0px solid transparent; width: 50%; height: 15px;\" align=\"right\" width=\"50%\">Religion<\/td>\r\n<td style=\"border: 0px solid transparent; width: 50%; height: 15px;\" align=\"left\" width=\"50%\">Katholisch<\/td>\r\n<\/tr>\r\n<tr style=\"height: 15px;\">\r\n<td style=\"font-weight: bold; border: 0px solid #003366; background: #555555; box-shadow: rgba(255, 255, 255, 0.75) 0.1em 0.1em 0.5em; border-radius: 1em; width: 100%; height: 15px;\" colspan=\"2\" align=\"center\"><span style=\"color: #ffffff;\">Politische informationen<\/span><\/td>\r\n<\/tr>\r\n<tr style=\"height: 15px;\">\r\n<td style=\"font-weight: bold; border: 0px solid transparent; width: 50%; height: 15px;\" align=\"right\" width=\"50%\">Buergerschaft<\/td>\r\n<td style=\"border: 0px solid transparent; width: 50%; height: 15px;\" align=\"left\" width=\"50%\">F\u00f6derationsb\u00fcrger<\/td>\r\n<\/tr>\r\n<\/tbody>\r\n<\/table>\r\n<\/div>\r\n<!-- Inhaltsverzeichnis -->\r\n<div style=\"width: 25%; padding: 10px; margin-bottom: 15px; font-size: 11px; border: 1px solid #333333; display: inline-block;\">\r\n\r\n<strong>Inhalt<\/strong>\r\n<ul>\r\n \t<li><a href=\"#beschreibung\">Beschreibung<\/a><\/li>\r\n \t<li><a href=\"#lebenslauf\">Lebenslauf<\/a><\/li>\r\n \t<li><a href=\"#psychologisches\">Psychologisches Profil<\/a><\/li>\r\n \t<li><a href=\"#disziplin\">Disziplinarische Vermerke<\/a><\/li>\r\n \t<li><a href=\"#ausbildung\">Ausbildung &amp; Spezialgebiete<\/a><\/li>\r\n \t<li><a href=\"#spezies\">Besonderheiten<\/a><\/li>\r\n \t<li><a href=\"#hobbies\">Hobbies<\/a><\/li>\r\n \t<li><a href=\"#medizinisches\">Medizinisches Profil<\/a><\/li>\r\n \t<li><a href=\"#familie\">Familie<\/a><\/li>\r\n \t<li><a href=\"#haustiere\">Haustiere<\/a><\/li>\r\n \t<li><a href=\"#klassifiziert\">Klassifizierte Sektion<\/a><\/li>\r\n<\/ul>\r\n<!-- Ende des Inhaltsverzeichnis -->\r\n\r\n<\/div>\r\n<!-- Inhalte -->\r\n<h2><a id=\"beschreibung\"><\/a>Beschreibung<\/h2>\r\n<span style=\"color: #000000;\"><em>Rebellischer Teenager (19 Jahre), der seinen Weg noch finden muss und bis dahin jeden Umweg einschl\u00e4gt und jedes Fettn\u00e4pfchen mitnimmt.\u00a0<\/em><\/span>\r\n\r\n<hr \/>\r\n\r\n<h2><a id=\"lebenslauf\"><\/a>Lebenslauf<\/h2>\r\n&nbsp;\r\n<h3>Ausbildung<\/h3>\r\n<span style=\"color: #000000;\"><em>Beth hat vor einigen Jahren die Schule abgebrochen, was sie heute bereut und auf der Galathea ihren Abschluss nacholt.\u00a0<\/em><\/span>\r\n<h3>Karriere bei der Sternenflotte<\/h3>\r\nNiemals nie w\u00fcrde sie dem Verein beitreten!!!\r\n\r\nIm Notfall lebt sie von dem betr\u00e4chtlichen Verm\u00f6gen ihrer Familie.\r\n<h3>St\u00e4rken &amp; Schw\u00e4chen<\/h3>\r\n<strong>Positiv:<\/strong>\r\n<ul>\r\n \t<li>versucht ihre Leben auf die Kette zu bekommen<\/li>\r\n \t<li>intelligent<\/li>\r\n \t<li>kann nett sein<\/li>\r\n<\/ul>\r\n<strong>Negativ:<\/strong>\r\n<ul>\r\n \t<li>zickt gern<\/li>\r\n \t<li>m\u00fcrrisch<\/li>\r\n \t<li>schnell genervt<\/li>\r\n<\/ul>\r\n<strong>Vorlieben:<\/strong>\r\n<ul>\r\n \t<li>Abh\u00e4ngen<\/li>\r\n \t<li>Holodeck<\/li>\r\n \t<li>Ihre Familie<\/li>\r\n \t<li>Ihre Freunde<\/li>\r\n<\/ul>\r\n<strong>Abneigungen:\u00a0<\/strong>\r\n<ul>\r\n \t<li>Nervende Erwachsende<\/li>\r\n \t<li>Regeln<\/li>\r\n<\/ul>\r\n<h3><\/h3>\r\n\r\n<hr \/>\r\n\r\n<h2><a id=\"ausbildung\"><\/a>Ausbildung &amp; Spezialgebiete<\/h2>\r\n<h3>Zivile Vorbildung<\/h3>\r\n&nbsp;\r\n<h2><a id=\"spezies\"><\/a>Besonderheiten der eigenen Spezies<\/h2>\r\nKeine\r\n\r\n&nbsp;\r\n<h2>Sonstiges<\/h2>\r\nElisabeth war ein Nachz\u00fcgler und um einige Jahre j\u00fcnger (*2397) als ihr gro\u00dfer Bruder William. Die Eltern hatten kaum noch damit gerechnet, dass sie noch einmal ein Kind gro\u00dfziehen w\u00fcrden und doch wich die \u00dcberraschung schnell riesiger Freude.\r\n\r\nBeth war acht Jahre alt, als ihr Bruder Olivia heiratete, die Hochzeit war \u00fcberraschend und ihre Eltern diskutierten oft lang mit ihrem Bruder. Sie hatte den Eindruck, dass sie sich nicht freuten. Es fielen Worte, wie, dass die junge Frau (Olivia) nur hinter dem Verm\u00f6gen der Familie her war und das sie es gar nicht ernst meinte. Beth hatte Olivia schon bei ihrem ersten Treffen in ihr Herz geschlossen und war unglaublich froh, dass sich ihre Eltern mit der Braut am Tag der Hochzeit aussprachen.\r\n\r\nKnapp zwei Jahre sp\u00e4ter starben die Eltern des M\u00e4dchens bei einem tragischen Unfall. F\u00fcr Olivia und William war klar, dass sie sich um Beth k\u00fcmmern w\u00fcrden und nahmen das M\u00e4dchen zu sich.\u00a0Die ersten Jahre verliefen durchwachsen und gerade als der emotionale Zustand der jungen Frau sich gefestigt hatte, schlug die Diagnose ihres Bruders ein wie eine Bombe. Elisabeth traf sich pubert\u00e4tsbedingt eh schon mit Jungs, die Olivia nicht gefielen, und diese Abw\u00e4rtsspirale setzte sich fort und gipfelte mit 16 Jahren in einer ungewollten Schwangerschaft Elisabeths.\r\n\r\nNach der Geburt ihrer Tochter Emma hat Elisabeth sehr an sich gearbeitet. So besucht die nun 18j\u00e4hrige wieder die Schule und versucht etwas aus sich zu machen, auch f\u00fcr ihre Tochter.\r\n\r\n&nbsp;\r\n\r\n&nbsp;\r\n\r\n<hr \/>\r\n\r\n<h2><a id=\"hobbies\"><\/a>Hobbies<\/h2>\r\n<ul>\r\n \t<li><\/li>\r\n<\/ul>\r\n\r\n<hr \/>\r\n\r\n<h2><a id=\"medizinisches\"><\/a>Medizinisches Profil<\/h2>\r\n&nbsp;\r\n<table style=\"width: 100%; border-collapse: collapse; border-style: none; height: 46px;\">\r\n<tbody>\r\n<tr style=\"height: 23px;\">\r\n<td style=\"width: 100%; border-style: none none none solid; border-left-width: 3px; background-color: #e6dfdf; height: 23px;\"><\/td>\r\n<\/tr>\r\n<tr style=\"height: 23px;\">\r\n<td style=\"width: 100%; border-style: none; height: 23px;\">&#8212; Dr. XXX YYY, Stabsarzt<\/td>\r\n<\/tr>\r\n<\/tbody>\r\n<\/table>\r\n<strong>Krankheiten &amp; Gesundheit:<\/strong>\r\n<ul>\r\n \t<li>\u00dcberwundene Drogen.- und Alkoholsucht<\/li>\r\n<\/ul>\r\n\r\n<hr \/>\r\n\r\n<h2><a id=\"familie\"><\/a>Familie<\/h2>\r\n<span style=\"color: #999999;\"><em>Beschreibe hier kurz die Familie deines Charakters, sofern diese im RPG vorkommen soll. Was hat der Charakter f\u00fcr ein Verh\u00e4ltnis zu seinen Eltern? Was machen seine Geschwister? Gibt es weitere Menschen, die wichtig sind?<\/em><\/span>\r\n<h2><a id=\"haustiere\"><\/a>Haustiere<\/h2>\r\n<span style=\"color: #999999;\"><em>Hat der Charakter Haustiere? Falls ja &#8211; beschreibe sie hier.<\/em><\/span>\r\n\r\n<hr \/>\r\n\r\n<h2><a id=\"klassifiziert\"><\/a>Klassifizierte Sektion<\/h2>\r\n<span style=\"color: #999999;\"><em>Diese Sektion ist bei den meisten Charakteren leer. Sie ist dazu gedacht, Informationen unterzubringen, die die Spieler wissen sollten, andere Charaktere aber nicht (zwangsl\u00e4ufig) zur Verf\u00fcgung haben. Klassische Eintr\u00e4ge beinhalten eine Geheimdienstt\u00e4tigkeit oder geheime Ausbildungsprogramme &#8211; aber auch eine Vergangenheit als Raumpirat k\u00f6nnte sich hier wieder finden.<\/em><\/span>\r\n\r\nKeine Eintr\u00e4ge\r\n\r\n<!-- \/wp:post-content -->","protected":false},"excerpt":{"rendered":"<p>Elisabeth Winterbottom Status NPC Spieler Sunny Dienstliche Informationen Rang Zivilistin Posten N\u00f6rgelnder Teenager Stationierung USS Galathea Physische Beschreibung Spezies Mensch Geschlecht Weiblich Gr\u00f6\u00dfe \u00a0177 cm Gewicht \u00a067 kg Hautfarbe Blass Haarfarbe Hellbraun Augenfarbe Gr\u00fcn bevorzugte Uniform-Variante &#8211; Biographische Informationen Geburtsort Erde\u00a0 -San Francisco Geburtstag 15.05.2397 Sexualit\u00e4t Unsicher Familienstand ledig Familie Tochter: Emma Winterbottom Schw\u00e4gerin: Olivia [&hellip;]<\/p>\n","protected":false},"author":9,"featured_media":1126,"parent":2004,"menu_order":100,"comment_status":"closed","ping_status":"closed","template":"","meta":{"footnotes":""},"class_list":["post-3959","page","type-page","status-publish","has-post-thumbnail","hentry"],"publishpress_future_action":{"enabled":false,"date":"2026-04-27 18:35:00","action":"change-status","newStatus":"draft","terms":[],"taxonomy":"","extraData":[]},"publishpress_future_workflow_manual_trigger":{"enabledWorkflows":[]},"_links":{"self":[{"href":"https:\/\/www.sf-germany.org\/einheiten\/uss-galathea\/wp-json\/wp\/v2\/pages\/3959","targetHints":{"allow":["GET"]}}],"collection":[{"href":"https:\/\/www.sf-germany.org\/einheiten\/uss-galathea\/wp-json\/wp\/v2\/pages"}],"about":[{"href":"https:\/\/www.sf-germany.org\/einheiten\/uss-galathea\/wp-json\/wp\/v2\/types\/page"}],"author":[{"embeddable":true,"href":"https:\/\/www.sf-germany.org\/einheiten\/uss-galathea\/wp-json\/wp\/v2\/users\/9"}],"replies":[{"embeddable":true,"href":"https:\/\/www.sf-germany.org\/einheiten\/uss-galathea\/wp-json\/wp\/v2\/comments?post=3959"}],"version-history":[{"count":3,"href":"https:\/\/www.sf-germany.org\/einheiten\/uss-galathea\/wp-json\/wp\/v2\/pages\/3959\/revisions"}],"predecessor-version":[{"id":6272,"href":"https:\/\/www.sf-germany.org\/einheiten\/uss-galathea\/wp-json\/wp\/v2\/pages\/3959\/revisions\/6272"}],"up":[{"embeddable":true,"href":"https:\/\/www.sf-germany.org\/einheiten\/uss-galathea\/wp-json\/wp\/v2\/pages\/2004"}],"wp:featuredmedia":[{"embeddable":true,"href":"https:\/\/www.sf-germany.org\/einheiten\/uss-galathea\/wp-json\/wp\/v2\/media\/1126"}],"wp:attachment":[{"href":"https:\/\/www.sf-germany.org\/einheiten\/uss-galathea\/wp-json\/wp\/v2\/media?parent=3959"}],"curies":[{"name":"wp","href":"https:\/\/api.w.org\/{rel}","templated":true}]}}