{"id":4462,"date":"2021-05-25T12:38:30","date_gmt":"2021-05-25T10:38:30","guid":{"rendered":"http:\/\/www.sf-germany.org\/einheiten\/uss-galathea\/?page_id=4462"},"modified":"2022-12-18T13:12:27","modified_gmt":"2022-12-18T12:12:27","slug":"kulturelles","status":"publish","type":"page","link":"https:\/\/www.sf-germany.org\/einheiten\/uss-galathea\/nrpg\/kulturelles\/","title":{"rendered":"Kulturelles"},"content":{"rendered":"<p>Diese Seite soll einige Informationen der RPG-Popul\u00e4rkultur b\u00fcndeln, so dass solche Dinge, die in RPGs eingef\u00fchrt werden, nicht verloren gehen sondern vielmehr wieder verwendet werden k\u00f6nnen. Mit der Zeit entsteht so hoffentlich eine kleine Sammlung von Eintr\u00e4gen mit Gespr\u00e4chsthemen und Ankn\u00fcpfungspunkten.<\/p>\n<h2>Sport<\/h2>\n<ul>\n<li>Einen \u00dcberblick \u00fcber ein paar Yoga-\u00dcbungen, die im RPG verwendet werden k\u00f6nnen, findet sich zum Beispiel unter <a href=\"https:\/\/www.akademie-sport-gesundheit.de\/magazin\/yoga-uebungen.html\">Yoga \u00dcbungen f\u00fcr Anf\u00e4nger und Fortgeschrittene (akademie-sport-gesundheit.de)<\/a><\/li>\n<\/ul>\n<h2>Literatur<\/h2>\n<table style=\"border-collapse: collapse; width: 100%; height: 144px;\">\n<tbody>\n<tr style=\"height: 24px;\">\n<td style=\"width: 19.6371%; height: 24px; background-color: #eb6517;\"><span style=\"color: #ffffff;\">Stichwort<\/span><\/td>\n<td style=\"width: 47.0295%; height: 24px; background-color: #eb6517;\"><span style=\"color: #ffffff;\">Eintrag<\/span><\/td>\n<td style=\"width: 33.3333%; height: 24px; background-color: #eb6517;\"><span style=\"color: #ffffff;\">Quellen<\/span><\/td>\n<\/tr>\n<tr style=\"height: 24px;\">\n<td style=\"width: 19.6371%; height: 24px; text-align: left; vertical-align: top;\"><strong>Miyu Kin<\/strong><\/td>\n<td style=\"width: 47.0295%; height: 24px; text-align: left; vertical-align: top;\">Ein bekannter Autor kitschiger Liebesromane, dessen Werke (derzeit in der Regel ein Band pro Jahr, manchmal auch zwei) von vielen regelrecht verschlungen werden.<\/p>\n<p>Bei Miyu Kin handelt es sich um das Pseudonyms des Vaters von <a href=\"https:\/\/www.sf-germany.org\/einheiten\/uss-galathea\/die-crew\/nichtspielercharaktere\/honda-sayuri\/\">Honda Sayuri<\/a>, der stellvertretenden COMM an Bord der USS Galathea.<\/p>\n<p>Titel (unsortiert):<\/p>\n<ul>\n<li>&#8222;K\u00fcsse auf Andoria&#8220;<\/li>\n<li>&#8222;Herzen hei\u00dfer als Quasare&#8220;<\/li>\n<li>&#8222;Auch Vulkanier kennen ein Wort f\u00fcr Liebe!&#8220;<\/li>\n<li>&#8222;Bis nach Cardassia und zur\u00fcck.&#8220;<\/li>\n<li>&#8222;Sehnsucht auf Antares 3&#8220;<\/li>\n<li>&#8222;Gewitter \u00fcber Risa&#8220;<\/li>\n<li>&#8222;Raktajino zum Mitnehmen&#8220;<\/li>\n<li>&#8222;Ich, meine Freundin, der Symbiont und die anderen.&#8220;<\/li>\n<li>&#8222;Sonnenaufgang \u00fcber Ziekels Plasmaf\u00e4lle&#8220;<\/li>\n<li>&#8222;Auch Menschen kennen Kohlinar.&#8220;<\/li>\n<li>&#8222;Ehre und Vorurteil &#8211; eine klingonische Liebesgeschichte.&#8220;<\/li>\n<li>&#8222;Sklave eines Q&#8220;<\/li>\n<li>&#8222;Holos von dir&#8220;<\/li>\n<li>&#8222;Ein Holodoc zum Verlieben&#8220;<\/li>\n<li>&#8222;Magnolien aus Syntherol.&#8220;<\/li>\n<li>&#8222;Fr\u00fchst\u00fcck auf Orion.&#8220;<\/li>\n<li>&#8222;Liebe unter dem Warpkern.&#8220;<\/li>\n<\/ul>\n<p>Auf der USS Galathea lesen unter Anderem folgende Personen diese Romane:\u00a0<a href=\"https:\/\/www.sf-germany.org\/einheiten\/uss-galathea\/die-crew\/nichtspielercharaktere\/tamira-al-sadat\/\">Tamira Al Sadat<\/a><\/td>\n<td style=\"width: 33.3333%; height: 24px; text-align: left; vertical-align: top;\">\n<ul>\n<li>Bio von\u00a0<a href=\"https:\/\/www.sf-germany.org\/einheiten\/uss-galathea\/die-crew\/nichtspielercharaktere\/honda-sayuri\/\">Honda Sayuri<\/a><\/li>\n<\/ul>\n<\/td>\n<\/tr>\n<tr style=\"height: 24px;\">\n<td style=\"width: 19.6371%; height: 24px; text-align: left; vertical-align: top;\"><\/td>\n<td style=\"width: 47.0295%; height: 24px; text-align: left; vertical-align: top;\"><\/td>\n<td style=\"width: 33.3333%; height: 24px; text-align: left; vertical-align: top;\"><\/td>\n<\/tr>\n<tr style=\"height: 24px;\">\n<td style=\"width: 19.6371%; height: 24px; text-align: left; vertical-align: top;\"><\/td>\n<td style=\"width: 47.0295%; height: 24px; text-align: left; vertical-align: top;\"><\/td>\n<td style=\"width: 33.3333%; height: 24px; text-align: left; vertical-align: top;\"><\/td>\n<\/tr>\n<tr style=\"height: 24px;\">\n<td style=\"width: 19.6371%; height: 24px; text-align: left; vertical-align: top;\"><\/td>\n<td style=\"width: 47.0295%; height: 24px; text-align: left; vertical-align: top;\"><\/td>\n<td style=\"width: 33.3333%; height: 24px; text-align: left; vertical-align: top;\"><\/td>\n<\/tr>\n<tr style=\"height: 24px;\">\n<td style=\"width: 19.6371%; height: 24px; text-align: left; vertical-align: top;\"><\/td>\n<td style=\"width: 47.0295%; height: 24px; text-align: left; vertical-align: top;\"><\/td>\n<td style=\"width: 33.3333%; height: 24px; text-align: left; vertical-align: top;\"><\/td>\n<\/tr>\n<\/tbody>\n<\/table>\n<p>&nbsp;<\/p>\n","protected":false},"excerpt":{"rendered":"<p>Diese Seite soll einige Informationen der RPG-Popul\u00e4rkultur b\u00fcndeln, so dass solche Dinge, die in RPGs eingef\u00fchrt werden, nicht verloren gehen sondern vielmehr wieder verwendet werden k\u00f6nnen. Mit der Zeit entsteht so hoffentlich eine kleine Sammlung von Eintr\u00e4gen mit Gespr\u00e4chsthemen und Ankn\u00fcpfungspunkten. Sport Einen \u00dcberblick \u00fcber ein paar Yoga-\u00dcbungen, die im RPG verwendet werden k\u00f6nnen, findet [&hellip;]<\/p>\n","protected":false},"author":5,"featured_media":1126,"parent":1061,"menu_order":0,"comment_status":"closed","ping_status":"closed","template":"","meta":{"footnotes":""},"class_list":["post-4462","page","type-page","status-publish","has-post-thumbnail","hentry"],"publishpress_future_action":{"enabled":false,"date":"2026-05-23 01:58:31","action":"change-status","newStatus":"draft","terms":[],"taxonomy":"","extraData":[]},"publishpress_future_workflow_manual_trigger":{"enabledWorkflows":[]},"_links":{"self":[{"href":"https:\/\/www.sf-germany.org\/einheiten\/uss-galathea\/wp-json\/wp\/v2\/pages\/4462","targetHints":{"allow":["GET"]}}],"collection":[{"href":"https:\/\/www.sf-germany.org\/einheiten\/uss-galathea\/wp-json\/wp\/v2\/pages"}],"about":[{"href":"https:\/\/www.sf-germany.org\/einheiten\/uss-galathea\/wp-json\/wp\/v2\/types\/page"}],"author":[{"embeddable":true,"href":"https:\/\/www.sf-germany.org\/einheiten\/uss-galathea\/wp-json\/wp\/v2\/users\/5"}],"replies":[{"embeddable":true,"href":"https:\/\/www.sf-germany.org\/einheiten\/uss-galathea\/wp-json\/wp\/v2\/comments?post=4462"}],"version-history":[{"count":6,"href":"https:\/\/www.sf-germany.org\/einheiten\/uss-galathea\/wp-json\/wp\/v2\/pages\/4462\/revisions"}],"predecessor-version":[{"id":6225,"href":"https:\/\/www.sf-germany.org\/einheiten\/uss-galathea\/wp-json\/wp\/v2\/pages\/4462\/revisions\/6225"}],"up":[{"embeddable":true,"href":"https:\/\/www.sf-germany.org\/einheiten\/uss-galathea\/wp-json\/wp\/v2\/pages\/1061"}],"wp:featuredmedia":[{"embeddable":true,"href":"https:\/\/www.sf-germany.org\/einheiten\/uss-galathea\/wp-json\/wp\/v2\/media\/1126"}],"wp:attachment":[{"href":"https:\/\/www.sf-germany.org\/einheiten\/uss-galathea\/wp-json\/wp\/v2\/media?parent=4462"}],"curies":[{"name":"wp","href":"https:\/\/api.w.org\/{rel}","templated":true}]}}