{"id":4742,"date":"2021-09-06T00:01:10","date_gmt":"2021-09-05T22:01:10","guid":{"rendered":"http:\/\/www.sf-germany.org\/einheiten\/uss-galathea\/?page_id=4742"},"modified":"2022-12-04T19:11:10","modified_gmt":"2022-12-04T18:11:10","slug":"03b-kennenlernen","status":"publish","type":"page","link":"https:\/\/www.sf-germany.org\/einheiten\/uss-galathea\/uss-galathea\/log\/missionen\/03b-kennenlernen\/","title":{"rendered":"#03b: Kennenlernen"},"content":{"rendered":"\r\n<table style=\"border-collapse: collapse; width: 100%; height: 138px;\">\r\n<tbody>\r\n<tr style=\"height: 23px;\">\r\n<td style=\"width: 50%; height: 23px;\"><strong>Mission<\/strong><\/td>\r\n<td style=\"width: 50%; height: 23px;\">Soapphase nach <a href=\"https:\/\/www.sf-germany.org\/einheiten\/uss-galathea\/log\/missionen\/3-auf-alten-wegen\/\">#003 &#8211; Auf Alten Wegen<\/a><\/td>\r\n<\/tr>\r\n<tr style=\"height: 23px;\">\r\n<td style=\"width: 50%; height: 23px;\"><strong>Zeitraum (OT)<\/strong><\/td>\r\n<td style=\"width: 50%; height: 23px;\">Mai 2021 &#8211; September 2021<\/td>\r\n<\/tr>\r\n<tr style=\"height: 23px;\">\r\n<td style=\"width: 50%; height: 23px;\"><strong>Zeitraum (IT)<\/strong><\/td>\r\n<td style=\"width: 50%; height: 23px;\">Februar 2416\u00a0<\/td>\r\n<\/tr>\r\n<tr style=\"height: 23px;\">\r\n<td style=\"width: 50%; height: 23px;\"><strong>Klassifikation<\/strong><\/td>\r\n<td style=\"width: 50%; height: 23px;\">Entdeckung, Geheimnis, Artefakt, Forschung<\/td>\r\n<\/tr>\r\n<tr style=\"height: 23px;\">\r\n<td style=\"width: 50%; height: 23px;\"><strong>Status<\/strong><\/td>\r\n<td style=\"width: 50%; height: 23px;\"><span style=\"color: #ff9900;\">Laufend<\/span><\/td>\r\n<\/tr>\r\n<tr style=\"height: 23px;\">\r\n<td style=\"width: 50%; height: 23px;\"><strong>Einheiten<\/strong><\/td>\r\n<td style=\"width: 50%; height: 23px;\">USS Galathea<\/td>\r\n<\/tr>\r\n<\/tbody>\r\n<\/table>\r\n\r\n\r\n\r\n<h2>Auftrag &amp; Inhalt<\/h2>\r\n<ul>\r\n<li>Die beschriebenen Ereignisse schlie\u00dfen sich direkt <a href=\"https:\/\/www.sf-germany.org\/einheiten\/uss-galathea\/log\/missionen\/3-auf-alten-wegen\/\">im Anschluss an die Entdeckungen<\/a> im <strong>Alpha-K-11.78.281 System<\/strong> an.<\/li>\r\n<\/ul>\r\n\r\n\r\n\r\n<h2>Missionsbericht<\/h2>\r\n<p>W\u00e4hrend die Daten der Au\u00dfenmission noch ausgewertet werden, lernt die Crew sich n\u00e4her kennen. Der CO fr\u00fchst\u00fcckt regelm\u00e4\u00dfig mit jeweils einem anderen Offizier, w\u00e4hrend die EO die Crew mit &#8222;liebevoller&#8220; Strenge zu b\u00e4ndigen versucht.<\/p>\r\n<p>Auf Anweisung des Commanders f\u00fchrt die Sicherheitsabteilung eine n\u00e4chtliche \u00dcbung durch. Dar\u00fcber hinaus gibt es einen vermuteten Fall von unbefugtem Betreten und &#8222;Schn\u00fcffelns in fremder Unterw\u00e4sche&#8220;. Ob der Sicherheitskater dem gewachsen ist?<\/p>\r\n<p>Die Technik arbeitet, neben einer Ebene 5 Diagnose des Bordcomputers, weiter an einem Aquarium f\u00fcr die Aquaponik. Selene leidet an Heimweh und Kova darunter, dass sie eigentlich gar nicht hier sein will. Ganz eigene Probleme hat der COMM, der eine intensive Sitzung mit Dr. Keller und der CNS des Schiffs, Olivia Winterbottom, ben\u00f6tigt, um die &#8222;Sch\u00e4den&#8220; einer verungl\u00fcckten Geistesverschmelzung zu reparieren und wieder einen &#8222;klaren&#8220; Kopf zu bekommen.<\/p>\r\n<p>W\u00e4hrend sich EO und CING heimlich einander &#8222;ann\u00e4hern&#8220;, gibt es wilde Ger\u00fcchte um eine Beziehung zwischen dem CO und der CNS. Doch auch an anderer Stelle dreht sich das Libeskarusell &#8211; im Falle des sTAKs und der FLG scheinen aber noch einige Umwege notwendig.<\/p>\r\n<p>Auch das zivile Leben an Bord geht weiter. So findet in den bordeigenen Schulklassen ein Elternabend statt.<\/p>\r\n<h3>Aktuelle Ereignisse<\/h3>\r\n<div id=\"m_1447119190270731184gmail-magicdomid3785\">\r\n<ul>\r\n<li>Die CWI folgt dem Wunsch des COs und gestaltet einen indischen Kulturabend, der vor Allen Offizieren die Gelegenheit geben soll, sich besser kennen zu lernen. Zwischen Yoga, Kochkurs und Tanzvorstellungen scheinen die Anwesenden sich pr\u00e4chtig zu am\u00fcsieren.<\/li>\r\n<\/ul>\r\n<\/div>\r\n<h3>Besonderheiten<\/h3>\r\n<ul>\r\n<li>\u00a0<\/li>\r\n<\/ul>\r\n\r\n\r\n\r\n<h2>Personelle \u00c4nderungen<\/h2>\r\n<h3><strong>W\u00e4hrend der Mission ausgesprochene Bef\u00f6rderungen \/ Degradierungen \/ Postenwechsel<\/strong><\/h3>\r\n<ul>\r\n<li><a href=\"https:\/\/www.sf-germany.org\/einheiten\/uss-galathea\/die-crew\/charakterarchiv\/specter\/\">Specter<\/a> verl\u00e4sst zu MD 20 das Schiff aus medizinischen Gr\u00fcnden.<\/li>\r\n<li><a href=\"https:\/\/www.sf-germany.org\/einheiten\/uss-galathea\/die-crew\/charakterarchiv\/adam-cartier\/\">Adam Cartier<\/a> verl\u00e4sst das Schiff zu MD 20, da er an der Front gebraucht wird.<\/li>\r\n<li>Ensign\u00a0<a href=\"https:\/\/www.sf-germany.org\/einheiten\/uss-galathea\/die-crew\/spielercharaktere\/kova-shqyras\/\">Kova Sh&#8217;qyras<\/a> wird als stellvertretende FLG auf die Galathea versetzt.<\/li>\r\n<li>Ensign\u00a0<a href=\"https:\/\/www.sf-germany.org\/einheiten\/uss-galathea\/die-crew\/spielercharaktere\/emmett-fallon\/\">Emmett Fallon<\/a> ist als TO an Bord.<\/li>\r\n<li>Dr. <a href=\"https:\/\/www.sf-germany.org\/einheiten\/uss-galathea\/die-crew\/spielercharaktere\/tharon-par-keller\/\">Tha\u00b4Ron Par Keller<\/a> verbleibt als ziviler Wissenschaftler an Bord.<\/li>\r\n<\/ul>\r\n<h3><strong>W\u00e4hrend der Mission verstorben \/ verschollen<\/strong><\/h3>\r\n<ul>\r\n<li>keine<\/li>\r\n<\/ul>\r\n<h3>Weitere Bemerkungen<\/h3>\r\n<ul>\r\n<li>\u00a0<\/li>\r\n<\/ul>\r\n<p>Missionsbericht gez.<br \/>Cmdr. Aleksander Solowyov<br \/>CO USS Galathea<\/p>\r\n\r\n\r\n<hr class=\"wp-block-separator\" \/>\r\n\r\n\r\n<h2>NRPG<\/h2>\r\n<h3>Wichtige wiederkehrende Personen<\/h3>\r\n<ul>\r\n<li>Admiral Marcus Stierer, FKOM<\/li>\r\n<\/ul>\r\n<h3>Orte, Pl\u00e4tze, Schiffe<\/h3>\r\n<ul>\r\n<li>System <strong><a href=\"https:\/\/www.sf-germany.org\/einheiten\/uss-galathea\/stellarkatographie\/oktens-wiege\/sterne-planeten\/alpha-k-11-78-281\/\">Alpha-K-11.78.281<\/a>.<\/strong><\/li>\r\n<li>Das <a href=\"https:\/\/sf-germany.com\/das-thassos-system\/\">Thassos-System<\/a>, <a href=\"https:\/\/www.sf-germany.org\/einheiten\/uss-galathea\/die-crew\/spielercharaktere\/selene\/\">Selenes<\/a> Heimat. Dort lebt das Volk der <a href=\"https:\/\/sf-germany.com\/die-kikonen\/#more-467\">Kikonen<\/a>, dass k\u00fcrzlich einen Austausch mit der Sternenflotte begonnen hat.<\/li>\r\n<\/ul>\r\n<h3>Glossar<\/h3>\r\n<ul>\r\n<li>kein Eintrag<\/li>\r\n<\/ul>\r\n","protected":false},"excerpt":{"rendered":"<p>Mission Soapphase nach #003 &#8211; Auf Alten Wegen Zeitraum (OT) Mai 2021 &#8211; September 2021 Zeitraum (IT) Februar 2416\u00a0 Klassifikation Entdeckung, Geheimnis, Artefakt, Forschung Status Laufend Einheiten USS Galathea Auftrag &amp; Inhalt Die beschriebenen Ereignisse schlie\u00dfen sich direkt im Anschluss an die Entdeckungen im Alpha-K-11.78.281 System an. Missionsbericht W\u00e4hrend die Daten der Au\u00dfenmission noch ausgewertet [&hellip;]<\/p>\n","protected":false},"author":5,"featured_media":1126,"parent":1056,"menu_order":4,"comment_status":"closed","ping_status":"closed","template":"","meta":{"footnotes":""},"class_list":["post-4742","page","type-page","status-publish","has-post-thumbnail","hentry"],"publishpress_future_action":{"enabled":false,"date":"2026-05-10 03:56:54","action":"change-status","newStatus":"draft","terms":[],"taxonomy":"","extraData":[]},"publishpress_future_workflow_manual_trigger":{"enabledWorkflows":[]},"_links":{"self":[{"href":"https:\/\/www.sf-germany.org\/einheiten\/uss-galathea\/wp-json\/wp\/v2\/pages\/4742","targetHints":{"allow":["GET"]}}],"collection":[{"href":"https:\/\/www.sf-germany.org\/einheiten\/uss-galathea\/wp-json\/wp\/v2\/pages"}],"about":[{"href":"https:\/\/www.sf-germany.org\/einheiten\/uss-galathea\/wp-json\/wp\/v2\/types\/page"}],"author":[{"embeddable":true,"href":"https:\/\/www.sf-germany.org\/einheiten\/uss-galathea\/wp-json\/wp\/v2\/users\/5"}],"replies":[{"embeddable":true,"href":"https:\/\/www.sf-germany.org\/einheiten\/uss-galathea\/wp-json\/wp\/v2\/comments?post=4742"}],"version-history":[{"count":2,"href":"https:\/\/www.sf-germany.org\/einheiten\/uss-galathea\/wp-json\/wp\/v2\/pages\/4742\/revisions"}],"predecessor-version":[{"id":4747,"href":"https:\/\/www.sf-germany.org\/einheiten\/uss-galathea\/wp-json\/wp\/v2\/pages\/4742\/revisions\/4747"}],"up":[{"embeddable":true,"href":"https:\/\/www.sf-germany.org\/einheiten\/uss-galathea\/wp-json\/wp\/v2\/pages\/1056"}],"wp:featuredmedia":[{"embeddable":true,"href":"https:\/\/www.sf-germany.org\/einheiten\/uss-galathea\/wp-json\/wp\/v2\/media\/1126"}],"wp:attachment":[{"href":"https:\/\/www.sf-germany.org\/einheiten\/uss-galathea\/wp-json\/wp\/v2\/media?parent=4742"}],"curies":[{"name":"wp","href":"https:\/\/api.w.org\/{rel}","templated":true}]}}