{"id":5726,"date":"2022-01-07T15:23:44","date_gmt":"2022-01-07T14:23:44","guid":{"rendered":"http:\/\/www.sf-germany.org\/einheiten\/uss-galathea\/?page_id=5726"},"modified":"2024-02-22T20:00:54","modified_gmt":"2024-02-22T19:00:54","slug":"saari","status":"publish","type":"page","link":"https:\/\/www.sf-germany.org\/einheiten\/uss-galathea\/die-crew\/nichtspielercharaktere\/saari\/","title":{"rendered":"Saari"},"content":{"rendered":"<div style=\"float: right; margin-left: 15px; margin-bottom: 15px; font-size: 11px; min-width: 350px; width: 25%; padding-left: 10px; padding-right: 10px;\">\r\n<table style=\"width: 100%; border: 0px outset #003366; background: #ffffff; box-shadow: rgba(255, 255, 255, 0.75) 0.1em 0.1em 0.5em; border-radius: 1em; height: 551px;\" border=\"3\" cellspacing=\"10\" align=\"right\">\r\n<tbody>\r\n<tr style=\"height: 15px;\">\r\n<td style=\"font-weight: bold; border: 0px solid transparent; width: 100%; height: 15px;\" colspan=\"2\" align=\"center\"><\/td>\r\n<\/tr>\r\n<tr style=\"height: 144px;\">\r\n<td style=\"background: transparent; border: 0px solid transparent; width: 100%; height: 144px;\" colspan=\"2\" align=\"center\"><!-- hier das Charakterbild einf\u00fcgen -->\r\n<a href=\"https:\/\/www.sf-germany.org\/einheiten\/uss-galathea\/wp-content\/uploads\/2022\/01\/Disclaimer.jpg\" rel=\"lightbox[5726]\">\r\n<\/a>\r\n\r\n<figure id=\"attachment_1126\" aria-describedby=\"caption-attachment-1126\" style=\"width: 452px\" class=\"wp-caption alignnone\"><a href=\"https:\/\/www.sf-germany.org\/einheiten\/uss-galathea\/wp-content\/uploads\/2022\/01\/Disclaimer.jpg\" rel=\"lightbox[5726]\"><img loading=\"lazy\" decoding=\"async\" class=\"wp-image-1126 size-full\" src=\"https:\/\/www.sf-germany.org\/einheiten\/uss-galathea\/wp-content\/uploads\/2022\/01\/Saari_2.jpg\" alt=\"\" width=\"452\" height=\"375\" \/><\/a><figcaption id=\"caption-attachment-1126\" class=\"wp-caption-text\">click image to show disclaimer<\/figcaption><\/figure><\/td>\r\n<\/tr>\r\n<tr style=\"height: 15px;\">\r\n<td style=\"font-weight: bold; border: 0px solid transparent; width: 100%; height: 15px;\" colspan=\"2\" align=\"center\"><span style=\"color: #000000;\">Saarijika Bai<\/span><\/td>\r\n<\/tr>\r\n<tr style=\"height: 15px;\">\r\n<td style=\"font-weight: bold; border: 0px solid transparent; width: 50%; height: 15px;\" align=\"right\" width=\"50%\">Status<\/td>\r\n<td style=\"border: 0px solid transparent; width: 50%; height: 15px;\" align=\"left\" width=\"50%\">npc<\/td>\r\n<\/tr>\r\n<tr style=\"height: 15px;\">\r\n<td style=\"font-weight: bold; border: 0px solid transparent; width: 50%; height: 15px;\" align=\"right\" width=\"50%\">Spieler<\/td>\r\n<td style=\"border: 0px solid transparent; width: 50%; height: 15px;\" align=\"left\" width=\"50%\">Isabelle<\/td>\r\n<\/tr>\r\n<tr style=\"height: 15px;\">\r\n<td style=\"font-weight: bold; border: 0px solid #003366; background: #555555; box-shadow: rgba(255, 255, 255, 0.75) 0.1em 0.1em 0.5em; border-radius: 1em; width: 100%; height: 15px;\" colspan=\"2\" align=\"center\"><span style=\"color: #ffffff;\">Dienstliche Informationen<\/span><\/td>\r\n<\/tr>\r\n<tr style=\"height: 16px;\">\r\n<td style=\"font-weight: bold; border: 0px solid transparent; width: 50%; text-align: right; height: 16px;\">Ranggrafik<\/td>\r\n<td style=\"border: 0px solid transparent; width: 50%; height: 16px;\"><img loading=\"lazy\" decoding=\"async\" class=\"alignnone\" src=\"https:\/\/www.sf-germany.org\/einheiten\/uss-galathea\/wp-content\/uploads\/2016\/04\/ziv.png\" alt=\"\" width=\"100\" height=\"25\" \/><\/td>\r\n<\/tr>\r\n<tr style=\"height: 15px;\">\r\n<td style=\"font-weight: bold; border: 0px solid transparent; width: 50%; height: 15px;\" align=\"right\" width=\"50%\">Rang<\/td>\r\n<td style=\"border: 0px solid transparent; width: 50%; height: 15px;\" align=\"left\" width=\"50%\">Zivilistin<\/td>\r\n<\/tr>\r\n<tr style=\"height: 15px;\">\r\n<td style=\"font-weight: bold; border: 0px solid transparent; width: 50%; height: 15px;\" align=\"right\" width=\"50%\">Posten<\/td>\r\n<td style=\"border: 0px solid transparent; width: 50%; height: 15px;\" align=\"left\" width=\"50%\">Krankenschwester<\/td>\r\n<\/tr>\r\n<tr style=\"height: 15px;\">\r\n<td style=\"font-weight: bold; border: 0px solid transparent; width: 50%; height: 15px;\" align=\"right\" width=\"50%\">Stationierung<\/td>\r\n<td style=\"border: 0px solid transparent; width: 50%; height: 15px;\" align=\"left\" width=\"50%\">med. Abtlg. USS Galathea<\/td>\r\n<\/tr>\r\n<tr style=\"height: 15px;\">\r\n<td style=\"font-weight: bold; border: 0px solid #003366; background: #555555; box-shadow: rgba(255, 255, 255, 0.75) 0.1em 0.1em 0.5em; border-radius: 1em; width: 100%; height: 15px;\" colspan=\"2\" align=\"center\"><span style=\"color: #ffffff;\">Physische Beschreibung<\/span><\/td>\r\n<\/tr>\r\n<tr style=\"height: 15px;\">\r\n<td style=\"font-weight: bold; border: 0px solid transparent; width: 50%; height: 15px;\" align=\"right\" width=\"50%\">Spezies<\/td>\r\n<td style=\"border: 0px solid transparent; width: 50%; height: 15px;\" align=\"left\" width=\"50%\"><a href=\"https:\/\/www.sf-germany.org\/einheiten\/uss-galathea\/stellarkatographie\/oktens-wiege\/voelker-spezies\/die-puazi\/\">Puazi<\/a><\/td>\r\n<\/tr>\r\n<tr style=\"height: 15px;\">\r\n<td style=\"font-weight: bold; border: 0px solid transparent; width: 50%; height: 15px;\" align=\"right\" width=\"50%\">Geschlecht<\/td>\r\n<td style=\"border: 0px solid transparent; width: 50%; height: 15px;\" align=\"left\" width=\"50%\">weiblich<\/td>\r\n<\/tr>\r\n<tr style=\"height: 16px;\">\r\n<td style=\"font-weight: bold; border: 0px solid transparent; width: 50%; text-align: right; height: 16px;\">Alter<\/td>\r\n<td style=\"border: 0px solid transparent; width: 50%; height: 16px;\">28 Jahre<\/td>\r\n<\/tr>\r\n<tr style=\"height: 15px;\">\r\n<td style=\"font-weight: bold; border: 0px solid transparent; width: 50%; height: 15px;\" align=\"right\" width=\"50%\">Gr\u00f6\u00dfe<\/td>\r\n<td style=\"border: 0px solid transparent; width: 50%; height: 15px;\" align=\"left\" width=\"50%\">\u00a0163 cm<\/td>\r\n<\/tr>\r\n<tr style=\"height: 15px;\">\r\n<td style=\"font-weight: bold; border: 0px solid transparent; width: 50%; height: 15px;\" align=\"right\" width=\"50%\">Gewicht<\/td>\r\n<td style=\"border: 0px solid transparent; width: 50%; height: 15px;\" align=\"left\" width=\"50%\">\u00a061 kg<\/td>\r\n<\/tr>\r\n<tr style=\"height: 15px;\">\r\n<td style=\"font-weight: bold; border: 0px solid transparent; width: 50%; height: 15px;\" align=\"right\" width=\"50%\">Fellfarbe<\/td>\r\n<td style=\"border: 0px solid transparent; width: 50%; height: 15px;\" align=\"left\" width=\"50%\">\u00a0dunkelbraun \/ helles rostrot<\/td>\r\n<\/tr>\r\n<tr style=\"height: 15px;\">\r\n<td style=\"font-weight: bold; border: 0px solid transparent; width: 50%; height: 15px;\" align=\"right\" width=\"50%\">Augenfarbe<\/td>\r\n<td style=\"border: 0px solid transparent; width: 50%; height: 15px;\" align=\"left\" width=\"50%\">regenbogenfarben, quergeschlitzt<\/td>\r\n<\/tr>\r\n<tr style=\"height: 15px;\">\r\n<td style=\"font-weight: bold; border: 0px solid transparent; width: 50%; text-align: right; height: 15px;\">bevorzugte Uniform-Variante<\/td>\r\n<td style=\"border: 0px solid transparent; width: 50%; height: 15px;\">2265-2270 (TOS) med. Kurzarm, R\u00f6ckchen, Balerinas<\/td>\r\n<\/tr>\r\n<tr style=\"height: 15px;\">\r\n<td style=\"font-weight: bold; border: 0px solid #003366; background: #555555; box-shadow: rgba(255, 255, 255, 0.75) 0.1em 0.1em 0.5em; border-radius: 1em; width: 100%; height: 15px;\" colspan=\"2\" align=\"center\"><span style=\"color: #ffffff;\">Biographische Informationen<\/span><\/td>\r\n<\/tr>\r\n<tr style=\"height: 15px;\">\r\n<td style=\"font-weight: bold; border: 0px solid transparent; width: 50%; height: 15px;\" align=\"right\" width=\"50%\">Geburtsort<\/td>\r\n<td style=\"border: 0px solid transparent; width: 50%; height: 15px;\" align=\"left\" width=\"50%\">Nusa<\/td>\r\n<\/tr>\r\n<tr style=\"height: 15px;\">\r\n<td style=\"font-weight: bold; border: 0px solid transparent; width: 50%; height: 15px;\" align=\"right\" width=\"50%\">Geburtstag<\/td>\r\n<td style=\"border: 0px solid transparent; width: 50%; height: 15px;\" align=\"left\" width=\"50%\">11. 02. 2388<\/td>\r\n<\/tr>\r\n<tr style=\"height: 15px;\">\r\n<td style=\"font-weight: bold; border: 0px solid transparent; width: 50%; height: 15px;\" align=\"right\" width=\"50%\">Sexualit\u00e4t<\/td>\r\n<td style=\"border: 0px solid transparent; width: 50%; height: 15px;\" align=\"left\" width=\"50%\">Bi<\/td>\r\n<\/tr>\r\n<tr style=\"height: 15px;\">\r\n<td style=\"font-weight: bold; border: 0px solid transparent; width: 50%; height: 15px;\" align=\"right\" width=\"50%\">Familienstand<\/td>\r\n<td style=\"border: 0px solid transparent; width: 50%; height: 15px;\" align=\"left\" width=\"50%\">ledig<\/td>\r\n<\/tr>\r\n<tr style=\"height: 15px;\">\r\n<td style=\"font-weight: bold; border: 0px solid transparent; width: 50%; height: 15px;\" align=\"right\" width=\"50%\">Familie<\/td>\r\n<td style=\"border: 0px solid transparent; width: 50%; height: 15px;\" align=\"left\" width=\"50%\"><span style=\"text-decoration: underline;\">Mutter<\/span>: Aamu Bai\r\n<span style=\"text-decoration: underline;\">Vater<\/span>: Eemeli Bai\r\n8 Geschwister<\/td>\r\n<\/tr>\r\n<tr style=\"height: 15px;\">\r\n<td style=\"font-weight: bold; border: 0px solid transparent; width: 50%; height: 15px;\" align=\"right\" width=\"50%\">Religion<\/td>\r\n<td style=\"border: 0px solid transparent; width: 50%; height: 15px;\" align=\"left\" width=\"50%\">Puazi native<\/td>\r\n<\/tr>\r\n<tr style=\"height: 15px;\">\r\n<td style=\"font-weight: bold; border: 0px solid #003366; background: #555555; box-shadow: rgba(255, 255, 255, 0.75) 0.1em 0.1em 0.5em; border-radius: 1em; width: 100%; height: 15px;\" colspan=\"2\" align=\"center\"><span style=\"color: #ffffff;\">Politische informationen<\/span><\/td>\r\n<\/tr>\r\n<tr style=\"height: 15px;\">\r\n<td style=\"font-weight: bold; border: 0px solid transparent; width: 50%; height: 15px;\" align=\"right\" width=\"50%\">B\u00fcrgerschaft<\/td>\r\n<td style=\"border: 0px solid transparent; width: 50%; height: 15px;\" align=\"left\" width=\"50%\">Subjekt der Ferengi-Allianz\r\n(rechtloser Untertan)<\/td>\r\n<\/tr>\r\n<\/tbody>\r\n<\/table>\r\n<\/div>\r\n<!-- Inhaltsverzeichnis -->\r\n<div style=\"width: 25%; padding: 10px; margin-bottom: 15px; font-size: 11px; border: 1px solid #333333; display: inline-block;\">\r\n\r\n<strong>Inhalt<\/strong>\r\n<ul>\r\n \t<li><a href=\"#beschreibung\">Beschreibung<\/a><\/li>\r\n \t<li><a href=\"#lebenslauf\">Lebenslauf<\/a><\/li>\r\n \t<li><a href=\"#psychologisches\">Psychologisches Profil<\/a><\/li>\r\n \t<li><a href=\"#disziplin\">Disziplinarische Vermerke<\/a><\/li>\r\n \t<li><a href=\"#ausbildung\">Ausbildung &amp; Spezialgebiete<\/a><\/li>\r\n \t<li><a href=\"#spezies\">Besonderheiten<\/a><\/li>\r\n \t<li><a href=\"#hobbies\">Hobbies<\/a><\/li>\r\n \t<li><a href=\"#medizinisches\">Medizinisches Profil<\/a><\/li>\r\n \t<li><a href=\"#familie\">Familie<\/a><\/li>\r\n \t<li><a href=\"#haustiere\">Haustiere<\/a><\/li>\r\n \t<li><a href=\"#klassifiziert\">Klassifizierte Sektion<\/a><\/li>\r\n<\/ul>\r\n<!-- Ende des Inhaltsverzeichnis -->\r\n\r\n<\/div>\r\n<!-- Inhalte -->\r\n<h2><a id=\"beschreibung\"><\/a>Beschreibung<\/h2>\r\nSaarijika ist eine offenherzige aber auch furchtsame Puazi, die von den Ferengi aus ihrer Heimat gezwungen wurde um f\u00fcr sie als Escort-Sklavin zu arbeiten&#8230;\r\n\r\nPuazi haben eine gewisse Grund\u00e4hnlichkeit mit irdischen Rehen. Saarijika hat dabei ein dunkelbraunes \/ hellrostrotes Fell und ein feines Stirngeweih. Ihre Augen sind regenbogenfarbig und quergeschlitzt.\r\n\r\n&lt;NRPG&gt;\r\nDie Sprache und Namensgebung der Puazi habe ich an das Finnische angelehnt\r\n&lt;\/NRPG&gt;\r\n\r\n<hr \/>\r\n\r\n<h2><a id=\"lebenslauf\"><\/a>Lebenslauf<\/h2>\r\n<h3>Kindheit und Jugend<\/h3>\r\nSaarijika wurde auf Nusa, jetzt einer abh\u00e4ngigen Kolonie der Ferengi, im Heimatsystem der Puazi geboren.\r\n<h3>Ausbildung<\/h3>\r\nSaarijika hatte eine ausgezeichnete Schulbildung genossen. Danach studierte sie Biologie und erlangte auch ihren Doktorgrad, als die Ferengi erschienen und alles auf den Kopf stellten.\r\n<h3>Karriere bei der Sternenflotte<\/h3>\r\nSarijika ist nicht Mitglied der Sternenflotte.\r\nAllerdings hat sie das Angebot, als Krankenschwester auf der Krankenstation zu arbeiten angenommen.\r\nIhr Ziel ist es, ihren Doktortitel auch in der Sterenflotte anerkannt zu bekommen.\r\n<h3>Tabellarischer Lebenslauf<\/h3>\r\n<table style=\"border-collapse: collapse; width: 100%; height: 115px;\">\r\n<tbody>\r\n<tr style=\"height: 23px;\">\r\n<td style=\"width: 5.75375%; background-color: #ed801a; height: 23px;\"><strong>Jahr<\/strong><\/td>\r\n<td style=\"width: 5.75375%; background-color: #ed801a;\"><strong>Alter<\/strong><\/td>\r\n<td style=\"width: 88.4925%; background-color: #ed801a; height: 23px;\"><strong>Ereignis<\/strong><\/td>\r\n<\/tr>\r\n<tr>\r\n<td style=\"width: 5.75375%;\">2388<\/td>\r\n<td style=\"width: 5.75375%;\">0<\/td>\r\n<td style=\"width: 88.4925%;\">Geburt in der Kunta &#8222;Enontekio&#8220; auf Nusa<\/td>\r\n<\/tr>\r\n<tr style=\"height: 23px;\">\r\n<td style=\"width: 5.75375%; height: 23px;\">2392<\/td>\r\n<td style=\"width: 5.75375%;\">4<\/td>\r\n<td style=\"width: 88.4925%;\" width=\"491\">Eintritt in die Grundschule der Kunta (Region \/ Kreis) &#8222;Enontekio&#8220;<\/td>\r\n<\/tr>\r\n<tr style=\"height: 23px;\">\r\n<td style=\"width: 5.75375%; height: 23px;\">2396<\/td>\r\n<td style=\"width: 5.75375%;\">8<\/td>\r\n<td style=\"width: 88.4925%;\" width=\"491\">Wechsel zur weiterf\u00fchrenden Schule der Kunta<\/td>\r\n<\/tr>\r\n<tr style=\"height: 23px;\">\r\n<td style=\"width: 5.75375%; height: 23px;\">2398<\/td>\r\n<td style=\"width: 5.75375%;\">10<\/td>\r\n<td style=\"width: 88.4925%;\" width=\"491\">Wechsel zur Oberstufe in der Kaupunki (Ort \/ Stadt) &#8222;Taivalkoski&#8220;<\/td>\r\n<\/tr>\r\n<tr style=\"height: 23px;\">\r\n<td style=\"width: 5.75375%; height: 23px;\">2402<\/td>\r\n<td style=\"width: 5.75375%;\">14<\/td>\r\n<td style=\"width: 88.4925%;\" width=\"491\">Errerichung der Vollj\u00e4hrigkeit. Schulabschluss und Beginn eines einj\u00e4hrigen Freiwilligen Dienstes<\/td>\r\n<\/tr>\r\n<tr>\r\n<td style=\"width: 5.75375%;\">2403<\/td>\r\n<td style=\"width: 5.75375%;\">15<\/td>\r\n<td style=\"width: 88.4925%;\" width=\"491\">Ende des Freiwilligen Dienstes und Beginn des Studiums der Biologie in der P\u00e4\u00e4kaupunki (Hauptstadt) &#8222;Hirvensalmi&#8220;.<\/td>\r\n<\/tr>\r\n<tr>\r\n<td style=\"width: 5.75375%;\">2411<\/td>\r\n<td style=\"width: 5.75375%;\">23<\/td>\r\n<td style=\"width: 88.4925%;\" width=\"491\">Abschluss des Studiums. Beginn der Doktorarbeit. Eintreffen der Ferengi.<\/td>\r\n<\/tr>\r\n<tr>\r\n<td style=\"width: 5.75375%;\">2413<\/td>\r\n<td style=\"width: 5.75375%;\">25<\/td>\r\n<td style=\"width: 88.4925%;\" width=\"491\">Ernennung zum Doktor der Biologie. Beginn von Forschung und Lehre an der Universit\u00e4t von &#8222;Hirvensalmi&#8220;.<\/td>\r\n<\/tr>\r\n<tr>\r\n<td style=\"width: 5.75375%;\">2415<\/td>\r\n<td style=\"width: 5.75375%;\">27<\/td>\r\n<td style=\"width: 88.4925%;\" width=\"491\">Beginn der finanziellen Abh\u00e4ngigkeit Saarijikas<\/td>\r\n<\/tr>\r\n<tr>\r\n<td style=\"width: 5.75375%;\">2416<\/td>\r\n<td style=\"width: 5.75375%;\">28<\/td>\r\n<td style=\"width: 88.4925%;\" width=\"491\">Gegenwart<\/td>\r\n<\/tr>\r\n<\/tbody>\r\n<\/table>\r\n\r\n<hr \/>\r\n\r\n<h2><a id=\"psychologisches\"><\/a>Psychologisches Profil<\/h2>\r\nSaarijika ist eine ausgesprochen neugierige aber auch gleichzeitig recht furchtsame Puazi. Diese zwei Attribute widersprechen einander eigentlich. Doch Saari hat einen gewissen Forscherinstinkt, der eindeutig st\u00e4rker als der f\u00fcr ihre Spezies typische stark ausgepr\u00e4gte Fluchtinstinkt.\r\n<h3>St\u00e4rken &amp; Schw\u00e4chen<\/h3>\r\n<strong>Positiv:<\/strong>\r\n<ul>\r\n \t<li>gesellig, integrierend<\/li>\r\n \t<li>leicht zu begeistern<\/li>\r\n \t<li>Entdeckerfreude<\/li>\r\n<\/ul>\r\n<strong>Negativ:<\/strong>\r\n<ul>\r\n \t<li>impulsiv<\/li>\r\n \t<li>unp\u00fcnktlich \/ sehr schlechtes Zeitgef\u00fchl<\/li>\r\n \t<li>etwas naiv<\/li>\r\n \t<li>Sprachfehler, der bei Erregung zu Tage tritt (nuscheln)<\/li>\r\n<\/ul>\r\n<strong>Vorlieben:<\/strong>\r\n<ul>\r\n \t<li>Spazierg\u00e4nge<\/li>\r\n \t<li>Laufen \/ Joggen<\/li>\r\n \t<li>Musik, Tanz<\/li>\r\n \t<li>Blumen, D\u00fcfte \/ Ger\u00fcche<\/li>\r\n \t<li>W\u00e4rme, Sonne<\/li>\r\n \t<li>Natur, weite R\u00e4ume<\/li>\r\n \t<li>Lesen<\/li>\r\n \t<li>Kuscheln, Schmusen und mehr<\/li>\r\n<\/ul>\r\n<strong>Abneigungen:\u00a0<\/strong>\r\n<ul>\r\n \t<li>Papierkram, Verwaltungsarbeiten<\/li>\r\n \t<li>r\u00e4umliche Enge (latente klaustrophobie)<\/li>\r\n \t<li>schlecht durchl\u00fcftete R\u00e4ume<\/li>\r\n \t<li>K\u00e4lte, Dunkelheit<\/li>\r\n<\/ul>\r\n<h3><a id=\"diziplin\"><\/a>Personalakte &amp; Disziplinarische Vermerke<\/h3>\r\n<ul>\r\n \t<li>keine<\/li>\r\n<\/ul>\r\n\r\n<hr \/>\r\n\r\n<h2><a id=\"ausbildung\"><\/a>Ausbildung &amp; Spezialgebiete<\/h2>\r\n<h3>Zivile Vorbildung<\/h3>\r\n<ul>\r\n \t<li>\u00fcbliche Schulbildung<\/li>\r\n \t<li>Studium der Biologie auf Nusa (Doktorgrad)<\/li>\r\n \t<li>Bef\u00e4higung zur Dozentin an der (xeno)biologischen Fakult\u00e4t der Universit\u00e4t von Hirvensalmi<\/li>\r\n<\/ul>\r\n<h3>Studien auf der Sternenflottenakademie<\/h3>\r\n<ul>\r\n \t<li>Saari hat die Sternenflottenakademie nie besucht<\/li>\r\n<\/ul>\r\n<h2>Sprachen<\/h2>\r\n<ul>\r\n \t<li>Puazi (Muttersprache)<\/li>\r\n \t<li>F\u00f6derationsstandard (mit Akzent)<\/li>\r\n \t<li>Ferengi (mit Akzent)<\/li>\r\n<\/ul>\r\n<h2><a id=\"spezies\"><\/a>Besonderheiten der eigenen Spezies<\/h2>\r\n<ul>\r\n \t<li>Puazi gehen aus den auf Nusa immer noch existierenden gro\u00dfen reh\u00e4nlichen Herden hervor.<\/li>\r\n \t<li>m\u00e4\u00dfige Sehf\u00e4higkeit<\/li>\r\n \t<li>recht gutes Geh\u00f6r<\/li>\r\n \t<li>ausgezeichnetes Geruchsempfinden<\/li>\r\n<\/ul>\r\n<h2>Sonstiges<\/h2>\r\n<ul>\r\n \t<li>Saarijika hat einen Sprachfehler, der sich bei Aufregung leicht bemerkbar macht. Dies ist auch durch ihre deutlich l\u00e4ngere Zunge gegeben. Wenn sie nerv\u00f6s, aufgeregt oder auch sexuell erregt ist, nuschelt Saarijika. Sibilanten wie &#8222;S&#8220; oder &#8222;Z&#8220; spricht sie dann wie &#8222;Sch&#8220; aus.<\/li>\r\n \t<li>Die Fortpflanzung der Puazi-Gesellschaft unterliegt einer Paarungszeit, welche durch die m\u00e4nnlichen Vertreter der Puazi bestimmt wird. Nur in dieser Paarungszeit sondern die m\u00e4nnlichen Vertreter Puazi sexuelle Lock- oder Botenstoffe ab auf die die weiblichen Puazi reagieren. Die Reaktion der weiblichen Puazi f\u00e4llt dabei sehr unterschiedlich aus. Die meisten Puazi-Frauen werden einfach nur mehr oder weniger positiv stimuliert, entscheiden aber selber, ob sie dem Fortpflanzungstrieb folgen oder nicht. Dabei bleiben sie meistens mit ihrer Partnerwahl innerhalb der Gro\u00dffamilie, Sippe oder Clan, jedoch ist es mittlerweile in modernen Zeiten nicht un\u00fcblich, auch Partner au\u00dferhalb der Sippe zu suchen. Einige Puazi-Frauen reagieren so gut wie garnicht auf die m\u00e4nnlichen Pheromone, andere wenige dagegen ausgesprochen extrem.<\/li>\r\n \t<li>Nach dem Eintreffen der Ferengi stellten diese Fest, dass sich diese Abh\u00e4ngigkeit von sexuellen Lock- und Botenstoffen wunderbar ausbeuten lie\u00df. Sie untersuchten die m\u00e4nnlichen Pheromone, synthetisierten diese, verst\u00e4rkten sie und verkauften sie an jeden, der sich dies leisten konnte.<\/li>\r\n \t<li>Gleichzeitig stellten die Ferengi fest, dass weibliche Puazi auch auf die K\u00f6rperger\u00fcche von Vertretern anderer Spezies reagierten. Auch diesen Umstand verstanden die Ferengi wunderbar auszubeuten. Sie brachten etliche Puazi-Frauen in finanzielle Abh\u00e4ngigkeit und verpachteten diese dann an zahlungswillige Kunden.<\/li>\r\n<\/ul>\r\n\r\n<hr \/>\r\n\r\n<h2><a id=\"hobbies\"><\/a>Hobbies<\/h2>\r\n<ul>\r\n \t<li>siehe Vorlieben (oben)<\/li>\r\n<\/ul>\r\n\r\n<hr \/>\r\n\r\n<h2><a id=\"medizinisches\"><\/a>Medizinisches Profil<\/h2>\r\n<ul>\r\n \t<li>Saarijika erfreut sich ausgezeichneter Gesundheit und wurde von den Ferengi gegen jeden bekannten Erreger geimpft.<\/li>\r\n<\/ul>\r\n\r\n<hr \/>\r\n\r\n<h2><a id=\"familie\"><\/a>Familie<\/h2>\r\n<ul>\r\n \t<li>Mutter: Aamu Bai<\/li>\r\n \t<li>Vater: Eemeli Bai<\/li>\r\n \t<li>8 Geschwister<\/li>\r\n<\/ul>\r\n<h2><a id=\"haustiere\"><\/a>Haustiere<\/h2>\r\n<ul>\r\n \t<li>Saarijika hatte als Kind das \u00c4quivalent ein kleinen bunten Singvogels und liebt diese Art Haustiere nach wie vor.<\/li>\r\n<\/ul>\r\n\r\n<hr \/>\r\n\r\n<h2><a id=\"klassifiziert\"><\/a>Klassifizierte Sektion<\/h2>\r\n<ul>\r\n \t<li>keine Eintr\u00e4ge<\/li>\r\n<\/ul>\r\n<!-- \/wp:post-content -->","protected":false},"excerpt":{"rendered":"<p>Saarijika Bai Status npc Spieler Isabelle Dienstliche Informationen Ranggrafik Rang Zivilistin Posten Krankenschwester Stationierung med. Abtlg. USS Galathea Physische Beschreibung Spezies Puazi Geschlecht weiblich Alter 28 Jahre Gr\u00f6\u00dfe \u00a0163 cm Gewicht \u00a061 kg Fellfarbe \u00a0dunkelbraun \/ helles rostrot Augenfarbe regenbogenfarben, quergeschlitzt bevorzugte Uniform-Variante 2265-2270 (TOS) med. Kurzarm, R\u00f6ckchen, Balerinas Biographische Informationen Geburtsort Nusa Geburtstag 11. [&hellip;]<\/p>\n","protected":false},"author":18,"featured_media":1126,"parent":2004,"menu_order":10,"comment_status":"closed","ping_status":"closed","template":"","meta":{"footnotes":""},"class_list":["post-5726","page","type-page","status-publish","has-post-thumbnail","hentry"],"publishpress_future_action":{"enabled":false,"date":"2026-04-29 12:04:35","action":"change-status","newStatus":"draft","terms":[],"taxonomy":"","extraData":[]},"publishpress_future_workflow_manual_trigger":{"enabledWorkflows":[]},"_links":{"self":[{"href":"https:\/\/www.sf-germany.org\/einheiten\/uss-galathea\/wp-json\/wp\/v2\/pages\/5726","targetHints":{"allow":["GET"]}}],"collection":[{"href":"https:\/\/www.sf-germany.org\/einheiten\/uss-galathea\/wp-json\/wp\/v2\/pages"}],"about":[{"href":"https:\/\/www.sf-germany.org\/einheiten\/uss-galathea\/wp-json\/wp\/v2\/types\/page"}],"author":[{"embeddable":true,"href":"https:\/\/www.sf-germany.org\/einheiten\/uss-galathea\/wp-json\/wp\/v2\/users\/18"}],"replies":[{"embeddable":true,"href":"https:\/\/www.sf-germany.org\/einheiten\/uss-galathea\/wp-json\/wp\/v2\/comments?post=5726"}],"version-history":[{"count":23,"href":"https:\/\/www.sf-germany.org\/einheiten\/uss-galathea\/wp-json\/wp\/v2\/pages\/5726\/revisions"}],"predecessor-version":[{"id":8246,"href":"https:\/\/www.sf-germany.org\/einheiten\/uss-galathea\/wp-json\/wp\/v2\/pages\/5726\/revisions\/8246"}],"up":[{"embeddable":true,"href":"https:\/\/www.sf-germany.org\/einheiten\/uss-galathea\/wp-json\/wp\/v2\/pages\/2004"}],"wp:featuredmedia":[{"embeddable":true,"href":"https:\/\/www.sf-germany.org\/einheiten\/uss-galathea\/wp-json\/wp\/v2\/media\/1126"}],"wp:attachment":[{"href":"https:\/\/www.sf-germany.org\/einheiten\/uss-galathea\/wp-json\/wp\/v2\/media?parent=5726"}],"curies":[{"name":"wp","href":"https:\/\/api.w.org\/{rel}","templated":true}]}}