{"id":6121,"date":"2022-12-04T18:29:55","date_gmt":"2022-12-04T17:29:55","guid":{"rendered":"http:\/\/www.sf-germany.org\/einheiten\/uss-galathea\/?page_id=6121"},"modified":"2025-03-02T21:51:23","modified_gmt":"2025-03-02T20:51:23","slug":"05-soap-phase","status":"publish","type":"page","link":"https:\/\/www.sf-germany.org\/einheiten\/uss-galathea\/uss-galathea\/log\/missionen\/05-soap-phase\/","title":{"rendered":"#05: Bordleben"},"content":{"rendered":"\r\n<table style=\"border-collapse: collapse; width: 100%; height: 138px;\">\r\n<tbody>\r\n<tr style=\"height: 23px;\">\r\n<td style=\"width: 50%; height: 23px;\"><strong>Mission<\/strong><\/td>\r\n<td style=\"width: 50%; height: 23px;\">#005 Bordleben<\/td>\r\n<\/tr>\r\n<tr style=\"height: 23px;\">\r\n<td style=\"width: 50%; height: 23px;\"><strong>Zeitraum (OT)<\/strong><\/td>\r\n<td style=\"width: 50%; height: 23px;\">Dezember 2022 &#8211; M\u00e4rz 2023<\/td>\r\n<\/tr>\r\n<tr style=\"height: 23px;\">\r\n<td style=\"width: 50%; height: 23px;\"><strong>Zeitraum (IT)<\/strong><\/td>\r\n<td style=\"width: 50%; height: 23px;\">April 2416\u00a0<\/td>\r\n<\/tr>\r\n<tr style=\"height: 23px;\">\r\n<td style=\"width: 50%; height: 23px;\"><strong>Klassifikation<\/strong><\/td>\r\n<td style=\"width: 50%; height: 23px;\">Soap<\/td>\r\n<\/tr>\r\n<tr style=\"height: 23px;\">\r\n<td style=\"width: 50%; height: 23px;\"><strong>Status<\/strong><\/td>\r\n<td style=\"width: 50%; height: 23px;\">Gestartet<\/td>\r\n<\/tr>\r\n<tr style=\"height: 23px;\">\r\n<td style=\"width: 50%; height: 23px;\"><strong>Einheiten<\/strong><\/td>\r\n<td style=\"width: 50%; height: 23px;\">USS Galathea<\/td>\r\n<\/tr>\r\n<\/tbody>\r\n<\/table>\r\n\r\n\r\n\r\n<h2>Auftrag &amp; Inhalt<\/h2>\r\n<p>Die USS Galathea \u00fcbergibt die Situation in <a href=\"https:\/\/www.sf-germany.org\/einheiten\/uss-galathea\/stellarkatographie\/oktens-wiege\/sterne-planeten\/renners-astyx-system-alpha-k-11-78-314\/\">Alpha-K-11.78.314 (Renners-Astyx-System)<\/a> an die eintreffende Galsh und setzt dann die Reise fort. Dabei geht nicht nur das Bordleben weiter, die Crew kann auch die ein oder andere interessante Entdeckung machen.<\/p>\r\n\r\n\r\n\r\n<h2>Missionsbericht<\/h2>\r\n<ul>\r\n<li>Am 09. April 2416 trifft das vulkanische Schiff Galsh unter Captain Chu&#8217;lak ein, um fortan Station im <a href=\"https:\/\/www.sf-germany.org\/einheiten\/uss-galathea\/stellarkatographie\/oktens-wiege\/sterne-planeten\/renners-astyx-system-alpha-k-11-78-314\/\">System der Arslenen<\/a> zu beziehen und diesen zu helfen.<\/li>\r\n<li>Verschiedene Beziehungen an Bord werden gekn\u00fcpft, vertieft oder aufgekl\u00e4rt. Immer wieder machen Ger\u00fcchte die Runde, die f\u00fcr mehr oder minder am\u00fcsante Verwicklungen sorgen<br \/>\r\n<ul>\r\n<li>Aleksander gratuliert Olivia zu ihrem Geburtstag &#8211; mit Blumen und mit einem Abendessen. Obgleich beide sich nur als Freunde sehen und die gemeinsame Zeit f\u00fcr Gespr\u00e4che nutzen, gibt es immer wieder Vermutungen, beide k\u00f6nnten eine erneute Beziehung anstreben. Daher verschw\u00f6ren sich Beth und Ji-Yeong auf dem Holodeck darin daf\u00fcr zu sorgen, dass Olivia und Aleksander jeweils eine andere Beziehung finden.<\/li>\r\n<li><a href=\"https:\/\/www.sf-germany.org\/einheiten\/uss-galathea\/die-crew\/spielercharaktere\/grwydro-aru\/\">Grwydro Aru<\/a> liest das Kamasutra und veranstaltet eine Schnitzeljagd durch das halbe Schiff, um endlich die Beziehung zu seiner Herzdame zu kl\u00e4ren.<\/li>\r\n<li>Flower und Tamira kommen sich n\u00e4her<\/li>\r\n<\/ul>\r\n<\/li>\r\n<li>Galathea, der Bordavatar, wird bei der CNS vorstellig, da sie nicht versteht, warum einer ihrer V\u00e4ter &#8211;\u00a0<a href=\"https:\/\/www.sf-germany.org\/einheiten\/uss-galathea\/die-crew\/charakterarchiv\/emmett-fallon\/\">Emmett Fallon<\/a> &#8211; sie so pl\u00f6tzlich wieder verl\u00e4sst.<\/li>\r\n<\/ul>\r\n<p><strong>Nachwuchs?<\/strong><\/p>\r\n<ul>\r\n<li>Die Katzenspinne scheint m\u00f6glicherweise Nachwuchs zu bekommen.<\/li>\r\n<\/ul>\r\n<p><strong>Der verschwindende Mond<\/strong><\/p>\r\n<ul>\r\n<li>Scans des Planeten X 397 und dessen Mond werden angefertigt und analysiert.<\/li>\r\n<li>Die Untersuchungen lassen vermuten, dass der Mond von Planeten X 397 immer an einer bestimmten Stelle in den Subraum und sp\u00e4ter wieder zur\u00fcck wechselt<\/li>\r\n<\/ul>\r\n<p><strong>Die Merchandise-Krise<\/strong><\/p>\r\n<ul>\r\n<li>Eine Brieffreundschaft zwischen\u00a0<a href=\"https:\/\/www.sf-germany.org\/einheiten\/uss-galathea\/die-crew\/spielercharaktere\/grwydro-aru\/\">Grwydro Aru<\/a> und Emily Welsh (USS Hephaistos) eskaliert und sorgt daf\u00fcr, dass die USS Galathea mit Fanartikeln des Aru-Fanclub geflutet wird. Insbesondere die Teddyb\u00e4ren sind \u00fcberall!<\/li>\r\n<li>In einem Krisengespr\u00e4ch mit den FOs der USS Hephaistos werden Ma\u00dfnahmen besprochen.<\/li>\r\n<\/ul>\r\n<p><strong>Frasers Verrat<\/strong><\/p>\r\n<p><a href=\"https:\/\/www.sf-germany.org\/einheiten\/uss-galathea\/wp-content\/uploads\/2023\/01\/frasers_verrat.png\" rel=\"lightbox[6121]\"><img loading=\"lazy\" decoding=\"async\" class=\"alignleft wp-image-6326 size-medium\" src=\"https:\/\/www.sf-germany.org\/einheiten\/uss-galathea\/wp-content\/uploads\/2023\/01\/frasers_verrat-300x300.png\" alt=\"\" width=\"300\" height=\"300\" srcset=\"https:\/\/www.sf-germany.org\/einheiten\/uss-galathea\/wp-content\/uploads\/2023\/01\/frasers_verrat-300x300.png 300w, https:\/\/www.sf-germany.org\/einheiten\/uss-galathea\/wp-content\/uploads\/2023\/01\/frasers_verrat-150x150.png 150w, https:\/\/www.sf-germany.org\/einheiten\/uss-galathea\/wp-content\/uploads\/2023\/01\/frasers_verrat-96x96.png 96w, https:\/\/www.sf-germany.org\/einheiten\/uss-galathea\/wp-content\/uploads\/2023\/01\/frasers_verrat.png 617w\" sizes=\"auto, (max-width: 300px) 100vw, 300px\" \/><\/a><\/p>\r\n<ul>\r\n<li>Teile der Crew nehmen an einem holographischen Krimidinner auf Castle Fraser im 17. Jahrhundert teil.<\/li>\r\n<\/ul>\r\n<h3>\u00a0<\/h3>\r\n<h3>\u00a0<\/h3>\r\n<h3>\u00a0<\/h3>\r\n<h3>\u00a0<\/h3>\r\n<h3>\u00a0<\/h3>\r\n<p>&nbsp;<\/p>\r\n<h3>Aktuelle Ereignisse<\/h3>\r\n<div id=\"m_1447119190270731184gmail-magicdomid3785\">\r\n<ul>\r\n<li>Bef\u00f6rderungsfeier auf einem unbewohnten Planeten<\/li>\r\n<\/ul>\r\n<\/div>\r\n<h3>Besonderheiten<\/h3>\r\n<ul>\r\n<li><a href=\"https:\/\/www.sf-germany.org\/einheiten\/uss-galathea\/die-crew\/spielercharaktere\/tharon-par-keller\/\">Tha\u00b4Ron Par Keller<\/a> wird insgeheim durch das Oberkommando der Vulkanier dazu aufgefordert, ein Auge auf die Crew und ihre Entscheidungen zu haben. Da er sich dadurch in einem Loyalit\u00e4tskonflikt gefangen sieht, sorgt er daf\u00fcr, dass es zu einem Leak dieser Befehle kommt.<\/li>\r\n<\/ul>\r\n\r\n\r\n\r\n<h2>Personelle \u00c4nderungen<\/h2>\r\n<h3><strong>W\u00e4hrend der Mission ausgesprochene Bef\u00f6rderungen \/ Degradierungen \/ Postenwechsel<\/strong><\/h3>\r\n<ul>\r\n<li><a href=\"https:\/\/www.sf-germany.org\/einheiten\/uss-galathea\/die-crew\/spielercharaktere\/asolowyov\/\">Aleksander Solowyov<\/a> wurde vom Sternenflottenhauptquartier in den Rang eines Captains erhoben.<\/li>\r\n<li><a href=\"https:\/\/www.sf-germany.org\/einheiten\/uss-galathea\/die-crew\/charakterarchiv\/mitchell-sinclair\/\">Mitchell Sinclair<\/a> verl\u00e4sst das Schiff<\/li>\r\n<li><a href=\"https:\/\/www.sf-germany.org\/einheiten\/uss-galathea\/die-crew\/charakterarchiv\/emmett-fallon\/\">Emmett Fallon<\/a> verl\u00e4sst das Schiff und verbleibt vorerst als Verbindungsoffizier auf der Galsh<\/li>\r\n<li>Dr.\u00a0<a href=\"https:\/\/www.sf-germany.org\/einheiten\/uss-galathea\/die-crew\/spielercharaktere\/helena-rubis\/\">Helena Rubis<\/a> wechselt intern vom Posten der CM auf die Zivile Klinikleitung<\/li>\r\n<li>Ensign <a href=\"https:\/\/www.sf-germany.org\/einheiten\/uss-galathea\/die-crew\/spielercharaktere\/bio-sb-cm\/\">Svietlana Bondarenkova<\/a> erreicht mit der Galsh das Schiff und \u00fcbernimmt den Posten der CM an Bord.<\/li>\r\n<li>Ensign\u00a0<a href=\"https:\/\/www.sf-germany.org\/einheiten\/uss-galathea\/die-crew\/spielercharaktere\/emin\/\">Emin<\/a> kommt mit der Galsh an und wird 2. sFLG an Bord.<\/li>\r\n<li>\r\n<div id=\"magicdomid16292\" class=\"ace-line\" aria-live=\"assertive\"><span class=\"author-a-8yz71zz87zz82zz65zz69zz77zhhlz90zpa8z88z\">Lt. Cmdr. Ewa Zima erh\u00e4lt den Bronzestern der Sternenflotte<\/span><\/div>\r\n<\/li>\r\n<li>\r\n<div id=\"magicdomid16292\" class=\"ace-line\" aria-live=\"assertive\"><span class=\"author-a-8yz71zz87zz82zz65zz69zz77zhhlz90zpa8z88z\">Lt. jg. Sergej Borisowitsch Medvedev erh\u00e4lt Bronzestern der Sternenflotte<\/span><\/div>\r\n<\/li>\r\n<li>\r\n<div id=\"magicdomid16292\" class=\"ace-line\" aria-live=\"assertive\"><span class=\"author-a-8yz71zz87zz82zz65zz69zz77zhhlz90zpa8z88z\">Lt. jg. Srivani Mukherjee erh\u00e4lt das Kleine Forschungs-Kreuz am Gr\u00fcnen Band der F\u00f6deration<\/span><\/div>\r\n<\/li>\r\n<li>\r\n<div id=\"magicdomid16292\" class=\"ace-line\" aria-live=\"assertive\"><span class=\"author-a-8yz71zz87zz82zz65zz69zz77zhhlz90zpa8z88z\">Glen Yael Hadar erh\u00e4lt das Kleine Forschungs-Kreuz am Gr\u00fcnen Band der F\u00f6deration<\/span><\/div>\r\n<\/li>\r\n<li>\r\n<div id=\"magicdomid16292\" class=\"ace-line\" aria-live=\"assertive\"><span class=\"author-a-8yz71zz87zz82zz65zz69zz77zhhlz90zpa8z88z\">Ensign Trarkash Sicherheitsoffizier =&gt; Lt. jg. Trarkash Sicherheitsoffizier<\/span><\/div>\r\n<\/li>\r\n<li>\r\n<div id=\"magicdomid16292\" class=\"ace-line\" aria-live=\"assertive\"><span class=\"author-a-8yz71zz87zz82zz65zz69zz77zhhlz90zpa8z88z\">Ensign Grwydro Aru =&gt; Lt. jg. Grwydro Aru<\/span><\/div>\r\n<\/li>\r\n<li>\r\n<div id=\"magicdomid16292\" class=\"ace-line\" aria-live=\"assertive\"><span class=\"author-a-8yz71zz87zz82zz65zz69zz77zhhlz90zpa8z88z\">Lt. Cmdr. Ewa Zima =&gt; Cmdr. Ewa Zima<\/span><\/div>\r\n<\/li>\r\n<\/ul>\r\n<h3><strong>W\u00e4hrend der Mission verstorben \/ verschollen<\/strong><\/h3>\r\n<ul>\r\n<li>kein Eintrag<\/li>\r\n<\/ul>\r\n<h3>Weitere Bemerkungen<\/h3>\r\n<ul>\r\n<li>keine<\/li>\r\n<\/ul>\r\n<p>Missionsbericht gez.<br \/><del>Cmdr.<\/del> Cpt. Aleksander Solowyov<br \/>CO USS Galathea<\/p>\r\n\r\n\r\n<hr class=\"wp-block-separator\" \/>\r\n\r\n\r\n<h1>NRPG<\/h1>\r\n<p>Wir m\u00f6chten allen Spielern die M\u00f6glichkeit geben, in der Soapphase die Fortentwicklung ihrer Charaktere zu verfolgen und pers\u00f6nliche Plots auszuspielen. Daher bespielen wir hier weniger eine stringente Mission sondern einzelne Episoden des Bordlebens.<\/p>\r\n<p>Gleichzeitig haben wir Schwierigkeiten beim Spielen von Missionen festgestellt &#8211; unter anderem erscheint es uns so, dass man sich wenig traut, andere Charaktere zu spielen oder Setzungen zu treffen. Hierzu sollen sowohl die Mission mit dem Mond alsauch das Krimi-Dinner als \u00dcbung dienen.<\/p>\r\n","protected":false},"excerpt":{"rendered":"<p>Mission #005 Bordleben Zeitraum (OT) Dezember 2022 &#8211; M\u00e4rz 2023 Zeitraum (IT) April 2416\u00a0 Klassifikation Soap Status Gestartet Einheiten USS Galathea Auftrag &amp; Inhalt Die USS Galathea \u00fcbergibt die Situation in Alpha-K-11.78.314 (Renners-Astyx-System) an die eintreffende Galsh und setzt dann die Reise fort. Dabei geht nicht nur das Bordleben weiter, die Crew kann auch die [&hellip;]<\/p>\n","protected":false},"author":1,"featured_media":1126,"parent":1056,"menu_order":6,"comment_status":"closed","ping_status":"closed","template":"","meta":{"footnotes":""},"class_list":["post-6121","page","type-page","status-publish","has-post-thumbnail","hentry"],"publishpress_future_action":{"enabled":false,"date":"2026-05-10 12:02:22","action":"change-status","newStatus":"draft","terms":[],"taxonomy":"","extraData":[]},"publishpress_future_workflow_manual_trigger":{"enabledWorkflows":[]},"_links":{"self":[{"href":"https:\/\/www.sf-germany.org\/einheiten\/uss-galathea\/wp-json\/wp\/v2\/pages\/6121","targetHints":{"allow":["GET"]}}],"collection":[{"href":"https:\/\/www.sf-germany.org\/einheiten\/uss-galathea\/wp-json\/wp\/v2\/pages"}],"about":[{"href":"https:\/\/www.sf-germany.org\/einheiten\/uss-galathea\/wp-json\/wp\/v2\/types\/page"}],"author":[{"embeddable":true,"href":"https:\/\/www.sf-germany.org\/einheiten\/uss-galathea\/wp-json\/wp\/v2\/users\/1"}],"replies":[{"embeddable":true,"href":"https:\/\/www.sf-germany.org\/einheiten\/uss-galathea\/wp-json\/wp\/v2\/comments?post=6121"}],"version-history":[{"count":13,"href":"https:\/\/www.sf-germany.org\/einheiten\/uss-galathea\/wp-json\/wp\/v2\/pages\/6121\/revisions"}],"predecessor-version":[{"id":6367,"href":"https:\/\/www.sf-germany.org\/einheiten\/uss-galathea\/wp-json\/wp\/v2\/pages\/6121\/revisions\/6367"}],"up":[{"embeddable":true,"href":"https:\/\/www.sf-germany.org\/einheiten\/uss-galathea\/wp-json\/wp\/v2\/pages\/1056"}],"wp:featuredmedia":[{"embeddable":true,"href":"https:\/\/www.sf-germany.org\/einheiten\/uss-galathea\/wp-json\/wp\/v2\/media\/1126"}],"wp:attachment":[{"href":"https:\/\/www.sf-germany.org\/einheiten\/uss-galathea\/wp-json\/wp\/v2\/media?parent=6121"}],"curies":[{"name":"wp","href":"https:\/\/api.w.org\/{rel}","templated":true}]}}