{"id":6213,"date":"2022-12-17T10:44:41","date_gmt":"2022-12-17T09:44:41","guid":{"rendered":"http:\/\/www.sf-germany.org\/einheiten\/uss-galathea\/?page_id=6213"},"modified":"2022-12-17T10:44:41","modified_gmt":"2022-12-17T09:44:41","slug":"ufp-sternenflotte","status":"publish","type":"page","link":"https:\/\/www.sf-germany.org\/einheiten\/uss-galathea\/stellarkatographie\/ufp-sternenflotte\/","title":{"rendered":"UFP &#038; Sternenflotte"},"content":{"rendered":"<p>Diese Seite soll einen \u00dcberblick \u00fcber wichtige Personen innerhalb der F\u00f6deration und der Sternenflotte auftauchen, sofern im RPG vorgekommen beziehungsweise f\u00fcr dieses relevant.<\/p>\n<h1>F\u00f6deration der Vereinten Planeten<\/h1>\n<table style=\"border-collapse: collapse; width: 100%; height: 48px;\">\n<tbody>\n<tr style=\"height: 24px;\">\n<td style=\"width: 19.9132%; height: 24px;\"><strong>Position<\/strong><\/td>\n<td style=\"width: 11.9727%; height: 24px;\"><strong>Name<\/strong><\/td>\n<td style=\"width: 9.52229%; height: 24px;\"><strong>Spezies<\/strong><\/td>\n<td style=\"width: 33.5918%; height: 24px;\"><strong>Kurzcharakteristik<\/strong><\/td>\n<\/tr>\n<tr style=\"height: 24px;\">\n<td style=\"width: 19.9132%; height: 24px;\">Pr\u00e4sidentin der F\u00f6deration<\/td>\n<td style=\"width: 11.9727%; height: 24px;\">\u00a0Chiyo Yokinobu<\/td>\n<td style=\"width: 9.52229%; height: 24px;\">Mensch (w)<\/td>\n<td style=\"width: 33.5918%; height: 24px;\">Eine Hardlinerin, die dem Milit\u00e4r nahe steht und die Politik der &#8222;eisernen Faust&#8220; vertritt.<\/td>\n<\/tr>\n<\/tbody>\n<\/table>\n<h1>Sternenflotte<\/h1>\n<table style=\"border-collapse: collapse; width: 100%; height: 48px;\">\n<tbody>\n<tr style=\"height: 24px;\">\n<td style=\"width: 25%; height: 24px;\"><strong>Position<\/strong><\/td>\n<td style=\"width: 14.8263%; height: 24px;\"><strong>Rang<\/strong><\/td>\n<td style=\"width: 19.789%; height: 24px;\"><strong>Name<\/strong><\/td>\n<td style=\"width: 15.3537%; height: 24px;\"><strong>Spezies<\/strong><\/td>\n<td style=\"width: 25.031%; height: 24px;\"><strong>Kurzcharakteristik<\/strong><\/td>\n<\/tr>\n<tr>\n<td style=\"width: 25%;\">FKOM<\/td>\n<td style=\"width: 14.8263%;\">Admiral<\/td>\n<td style=\"width: 19.789%;\"><a href=\"https:\/\/sf-germany.com\/infocenter\/admiral-aldarna-dameo\/\">Aldarna Dameo<\/a><\/td>\n<td style=\"width: 15.3537%;\">Zakdorn (w)<\/td>\n<td style=\"width: 25.031%;\"><\/td>\n<\/tr>\n<tr style=\"height: 24px;\">\n<td style=\"width: 25%; height: 24px;\">Kommando 5. Flotte<\/td>\n<td style=\"width: 14.8263%; height: 24px;\">Admiral<\/td>\n<td style=\"width: 19.789%; height: 24px;\">T\u2019Vera<\/td>\n<td style=\"width: 15.3537%; height: 24px;\">Vulkanier (w)<\/td>\n<td style=\"width: 25.031%; height: 24px;\"><\/td>\n<\/tr>\n<tr>\n<td style=\"width: 25%;\">Lt. FKOM OPS 5. Flotte<\/td>\n<td style=\"width: 14.8263%;\">Commodore<\/td>\n<td style=\"width: 19.789%;\">Marco Kovac<\/td>\n<td style=\"width: 15.3537%;\">Mensch (m)<\/td>\n<td style=\"width: 25.031%;\"><\/td>\n<\/tr>\n<tr>\n<td style=\"width: 25%;\"><\/td>\n<td style=\"width: 14.8263%;\">Rear Admiral<\/td>\n<td style=\"width: 19.789%;\">Markus Stierer<\/td>\n<td style=\"width: 15.3537%;\">Mensch (m)<\/td>\n<td style=\"width: 25.031%;\"><\/td>\n<\/tr>\n<\/tbody>\n<\/table>\n<p>Im Infocenter der SFG ist das bekannte <a href=\"https:\/\/sf-germany.com\/infocenter\/welten-zivilisationen\/foederation\/starfleet\/personal-des-flottenkommandos\/\">Personal der Sternenflotte<\/a> sowie eine <a href=\"https:\/\/sf-germany.com\/infocenter\/welten-zivilisationen\/foederation\/starfleet\/fkom\/die-flotten\/\">\u00dcbersicht \u00fcber die Flotten<\/a> zu finden.<\/p>\n<p>&nbsp;<\/p>\n","protected":false},"excerpt":{"rendered":"<p>Diese Seite soll einen \u00dcberblick \u00fcber wichtige Personen innerhalb der F\u00f6deration und der Sternenflotte auftauchen, sofern im RPG vorgekommen beziehungsweise f\u00fcr dieses relevant. F\u00f6deration der Vereinten Planeten Position Name Spezies Kurzcharakteristik Pr\u00e4sidentin der F\u00f6deration \u00a0Chiyo Yokinobu Mensch (w) Eine Hardlinerin, die dem Milit\u00e4r nahe steht und die Politik der &#8222;eisernen Faust&#8220; vertritt. Sternenflotte Position Rang [&hellip;]<\/p>\n","protected":false},"author":5,"featured_media":1126,"parent":1059,"menu_order":0,"comment_status":"closed","ping_status":"closed","template":"","meta":{"footnotes":""},"class_list":["post-6213","page","type-page","status-publish","has-post-thumbnail","hentry"],"publishpress_future_action":{"enabled":false,"date":"2026-05-03 11:56:48","action":"change-status","newStatus":"draft","terms":[],"taxonomy":"","extraData":[]},"publishpress_future_workflow_manual_trigger":{"enabledWorkflows":[]},"_links":{"self":[{"href":"https:\/\/www.sf-germany.org\/einheiten\/uss-galathea\/wp-json\/wp\/v2\/pages\/6213","targetHints":{"allow":["GET"]}}],"collection":[{"href":"https:\/\/www.sf-germany.org\/einheiten\/uss-galathea\/wp-json\/wp\/v2\/pages"}],"about":[{"href":"https:\/\/www.sf-germany.org\/einheiten\/uss-galathea\/wp-json\/wp\/v2\/types\/page"}],"author":[{"embeddable":true,"href":"https:\/\/www.sf-germany.org\/einheiten\/uss-galathea\/wp-json\/wp\/v2\/users\/5"}],"replies":[{"embeddable":true,"href":"https:\/\/www.sf-germany.org\/einheiten\/uss-galathea\/wp-json\/wp\/v2\/comments?post=6213"}],"version-history":[{"count":1,"href":"https:\/\/www.sf-germany.org\/einheiten\/uss-galathea\/wp-json\/wp\/v2\/pages\/6213\/revisions"}],"predecessor-version":[{"id":6214,"href":"https:\/\/www.sf-germany.org\/einheiten\/uss-galathea\/wp-json\/wp\/v2\/pages\/6213\/revisions\/6214"}],"up":[{"embeddable":true,"href":"https:\/\/www.sf-germany.org\/einheiten\/uss-galathea\/wp-json\/wp\/v2\/pages\/1059"}],"wp:featuredmedia":[{"embeddable":true,"href":"https:\/\/www.sf-germany.org\/einheiten\/uss-galathea\/wp-json\/wp\/v2\/media\/1126"}],"wp:attachment":[{"href":"https:\/\/www.sf-germany.org\/einheiten\/uss-galathea\/wp-json\/wp\/v2\/media?parent=6213"}],"curies":[{"name":"wp","href":"https:\/\/api.w.org\/{rel}","templated":true}]}}