{"id":7870,"date":"2023-08-20T12:39:46","date_gmt":"2023-08-20T10:39:46","guid":{"rendered":"https:\/\/www.sf-germany.org\/einheiten\/uss-galathea\/?page_id=7870"},"modified":"2024-03-04T02:34:41","modified_gmt":"2024-03-04T01:34:41","slug":"li-ti","status":"publish","type":"page","link":"https:\/\/www.sf-germany.org\/einheiten\/uss-galathea\/die-crew\/spielercharaktere\/li-ti\/","title":{"rendered":"Li-Ti"},"content":{"rendered":"<div style=\"float: right; margin-left: 15px; margin-bottom: 15px; font-size: 11px; min-width: 350px; width: 25%; padding-left: 10px; padding-right: 10px;\">\n<table style=\"width: 100%; border: 0px outset #003366; background: #ffffff; box-shadow: rgba(255, 255, 255, 0.75) 0.1em 0.1em 0.5em; border-radius: 1em; height: 606px;\" border=\"3\" cellspacing=\"10\" align=\"right\">\n<tbody>\n<tr style=\"height: 15px;\">\n<td style=\"font-weight: bold; border: 0px solid transparent; width: 100%; height: 15px;\" colspan=\"2\" align=\"center\"><\/td>\n<\/tr>\n<tr style=\"height: 144px;\">\n<td style=\"background: transparent; border: 0px solid transparent; width: 100%; height: 144px;\" colspan=\"2\" align=\"center\"><!-- hier das Charakterbild einf\u00fcgen -->\n<img loading=\"lazy\" decoding=\"async\" class=\"alignnone wp-image-7880 size-medium\" src=\"https:\/\/www.sf-germany.org\/einheiten\/uss-galathea\/wp-content\/uploads\/2023\/08\/image-300x300.png\" alt=\"\" width=\"300\" height=\"300\" srcset=\"https:\/\/www.sf-germany.org\/einheiten\/uss-galathea\/wp-content\/uploads\/2023\/08\/image-300x300.png 300w, https:\/\/www.sf-germany.org\/einheiten\/uss-galathea\/wp-content\/uploads\/2023\/08\/image-150x150.png 150w, https:\/\/www.sf-germany.org\/einheiten\/uss-galathea\/wp-content\/uploads\/2023\/08\/image-768x768.png 768w, https:\/\/www.sf-germany.org\/einheiten\/uss-galathea\/wp-content\/uploads\/2023\/08\/image-96x96.png 96w, https:\/\/www.sf-germany.org\/einheiten\/uss-galathea\/wp-content\/uploads\/2023\/08\/image.png 1024w\" sizes=\"auto, (max-width: 300px) 100vw, 300px\" \/><\/td>\n<\/tr>\n<tr style=\"height: 15px;\">\n<td style=\"font-weight: bold; border: 0px solid transparent; width: 100%; height: 15px;\" colspan=\"2\" align=\"center\"><b>Li-Ti<\/b><\/td>\n<\/tr>\n<tr style=\"height: 15px;\">\n<td style=\"font-weight: bold; border: 0px solid transparent; width: 50%; height: 15px;\" align=\"right\" width=\"50%\">Status<\/td>\n<td style=\"border: 0px solid transparent; width: 50%; height: 15px;\" align=\"left\" width=\"50%\">PC<\/td>\n<\/tr>\n<tr style=\"height: 15px;\">\n<td style=\"font-weight: bold; border: 0px solid transparent; width: 50%; height: 15px;\" align=\"right\" width=\"50%\">Spieler<\/td>\n<td style=\"border: 0px solid transparent; width: 50%; height: 15px;\" align=\"left\" width=\"50%\">Sven (Assets)<\/td>\n<\/tr>\n<tr style=\"height: 15px;\">\n<td style=\"font-weight: bold; border: 0px solid #003366; background: #555555; box-shadow: rgba(255, 255, 255, 0.75) 0.1em 0.1em 0.5em; border-radius: 1em; width: 100%; height: 15px;\" colspan=\"2\" align=\"center\"><span style=\"color: #ffffff;\">Dienstliche Informationen<\/span><\/td>\n<\/tr>\n<tr style=\"height: 16px;\">\n<td style=\"font-weight: bold; border: 0px solid transparent; width: 50%; height: 16px; text-align: right;\">Ranggrafik<\/td>\n<td style=\"border: 0px solid transparent; width: 50%; height: 16px;\"><img loading=\"lazy\" decoding=\"async\" class=\"alignnone\" src=\"https:\/\/www.sf-germany.com\/images\/schemata\/sto\/gelb\/crwmr.png\" alt=\"\" width=\"100\" height=\"25\" \/><\/td>\n<\/tr>\n<tr style=\"height: 15px;\">\n<td style=\"font-weight: bold; border: 0px solid transparent; width: 50%; height: 15px;\" align=\"right\" width=\"50%\">Rang<\/td>\n<td style=\"border: 0px solid transparent; width: 50%; height: 15px;\" align=\"left\" width=\"50%\">Crewman (Recruit)<\/td>\n<\/tr>\n<tr style=\"height: 15px;\">\n<td style=\"font-weight: bold; border: 0px solid transparent; width: 50%; height: 15px;\" align=\"right\" width=\"50%\">Posten<\/td>\n<td style=\"border: 0px solid transparent; width: 50%; height: 15px;\" align=\"left\" width=\"50%\">Mechaniker<\/td>\n<\/tr>\n<tr style=\"height: 15px;\">\n<td style=\"font-weight: bold; border: 0px solid transparent; width: 50%; height: 15px;\" align=\"right\" width=\"50%\">Stationierung<\/td>\n<td style=\"border: 0px solid transparent; width: 50%; height: 15px;\" align=\"left\" width=\"50%\">USS Galathea<\/td>\n<\/tr>\n<tr style=\"height: 15px;\">\n<td style=\"font-weight: bold; border: 0px solid #003366; background: #555555; box-shadow: rgba(255, 255, 255, 0.75) 0.1em 0.1em 0.5em; border-radius: 1em; width: 100%; height: 15px;\" colspan=\"2\" align=\"center\"><span style=\"color: #ffffff;\">Physische Beschreibung<\/span><\/td>\n<\/tr>\n<tr style=\"height: 15px;\">\n<td style=\"font-weight: bold; border: 0px solid transparent; width: 50%; height: 15px;\" align=\"right\" width=\"50%\">Spezies<\/td>\n<td style=\"border: 0px solid transparent; width: 50%; height: 15px;\" align=\"left\" width=\"50%\">Avis<\/td>\n<\/tr>\n<tr style=\"height: 15px;\">\n<td style=\"font-weight: bold; border: 0px solid transparent; width: 50%; height: 15px;\" align=\"right\" width=\"50%\">Geschlecht<\/td>\n<td style=\"border: 0px solid transparent; width: 50%; height: 15px;\" align=\"left\" width=\"50%\">weiblich<\/td>\n<\/tr>\n<tr style=\"height: 15px;\">\n<td style=\"font-weight: bold; border: 0px solid transparent; width: 50%; height: 15px;\" align=\"right\" width=\"50%\">Gr\u00f6\u00dfe<\/td>\n<td style=\"border: 0px solid transparent; width: 50%; height: 15px;\" align=\"left\" width=\"50%\">\u00a01,55cm<\/td>\n<\/tr>\n<tr style=\"height: 15px;\">\n<td style=\"font-weight: bold; border: 0px solid transparent; width: 50%; height: 12px;\" align=\"right\" width=\"50%\">Gewicht<\/td>\n<td style=\"border: 0px solid transparent; width: 50%; height: 12px;\" align=\"left\" width=\"50%\">\u00a042kg<\/td>\n<\/tr>\n<tr style=\"height: 15px;\">\n<td style=\"font-weight: bold; border: 0px solid transparent; width: 50%; height: 15px;\" align=\"right\" width=\"50%\">Hautfarbe<\/td>\n<td style=\"border: 0px solid transparent; width: 50%; height: 15px;\" align=\"left\" width=\"50%\">hell<\/td>\n<\/tr>\n<tr style=\"height: 15px;\">\n<td style=\"font-weight: bold; border: 0px solid transparent; width: 50%; height: 15px;\" align=\"right\" width=\"50%\">Haarfarbe<\/td>\n<td style=\"border: 0px solid transparent; width: 50%; height: 15px;\" align=\"left\" width=\"50%\">Federn &#8211; wei\u00df-gelb<\/td>\n<\/tr>\n<tr style=\"height: 15px;\">\n<td style=\"font-weight: bold; border: 0px solid transparent; width: 50%; height: 15px;\" align=\"right\" width=\"50%\">Augenfarbe<\/td>\n<td style=\"border: 0px solid transparent; width: 50%; height: 15px;\" align=\"left\" width=\"50%\">gr\u00fcn<\/td>\n<\/tr>\n<tr style=\"height: 15px;\">\n<td style=\"font-weight: bold; border: 0px solid transparent; width: 50%; text-align: right; height: 15px;\">bevorzugte Uniform-Variante<\/td>\n<td style=\"border: 0px solid transparent; width: 50%; height: 15px;\">Zivile Kleidung<\/td>\n<\/tr>\n<tr style=\"height: 15px;\">\n<td style=\"font-weight: bold; border: 0px solid #003366; background: #555555; box-shadow: rgba(255, 255, 255, 0.75) 0.1em 0.1em 0.5em; border-radius: 1em; width: 100%; height: 15px;\" colspan=\"2\" align=\"center\"><span style=\"color: #ffffff;\">Biographische Informationen<\/span><\/td>\n<\/tr>\n<tr style=\"height: 15px;\">\n<td style=\"font-weight: bold; border: 0px solid transparent; width: 50%; height: 15px;\" align=\"right\" width=\"50%\">Geburtsort<\/td>\n<td style=\"border: 0px solid transparent; width: 50%; height: 15px;\" align=\"left\" width=\"50%\">Mink, Aviar I, Alpha-Quadrant<\/td>\n<\/tr>\n<tr style=\"height: 15px;\">\n<td style=\"font-weight: bold; border: 0px solid transparent; width: 50%; height: 15px;\" align=\"right\" width=\"50%\">Geburtstag<\/td>\n<td style=\"border: 0px solid transparent; width: 50%; height: 15px;\" align=\"left\" width=\"50%\">13.2.2393<\/td>\n<\/tr>\n<tr style=\"height: 15px;\">\n<td style=\"font-weight: bold; border: 0px solid transparent; width: 50%; height: 15px;\" align=\"right\" width=\"50%\">Sexualit\u00e4t<\/td>\n<td style=\"border: 0px solid transparent; width: 50%; height: 15px;\" align=\"left\" width=\"50%\">ja<\/td>\n<\/tr>\n<tr style=\"height: 15px;\">\n<td style=\"font-weight: bold; border: 0px solid transparent; width: 50%; height: 15px;\" align=\"right\" width=\"50%\">Familienstand<\/td>\n<td style=\"border: 0px solid transparent; width: 50%; height: 15px;\" align=\"left\" width=\"50%\">ledig<\/td>\n<\/tr>\n<tr style=\"height: 15px;\">\n<td style=\"font-weight: bold; border: 0px solid transparent; width: 50%; height: 15px;\" align=\"right\" width=\"50%\">Familie<\/td>\n<td style=\"border: 0px solid transparent; width: 50%; height: 15px;\" align=\"left\" width=\"50%\">ja<\/td>\n<\/tr>\n<tr style=\"height: 15px;\">\n<td style=\"font-weight: bold; border: 0px solid transparent; width: 50%; height: 15px;\" align=\"right\" width=\"50%\">Religion<\/td>\n<td style=\"border: 0px solid transparent; width: 50%; height: 15px;\" align=\"left\" width=\"50%\">Viel-G\u00f6tter-Glaube der Avis<\/td>\n<\/tr>\n<tr style=\"height: 15px;\">\n<td style=\"font-weight: bold; border: 0px solid #003366; background: #555555; box-shadow: rgba(255, 255, 255, 0.75) 0.1em 0.1em 0.5em; border-radius: 1em; width: 100%; height: 15px;\" colspan=\"2\" align=\"center\"><span style=\"color: #ffffff;\">Politische informationen<\/span><\/td>\n<\/tr>\n<tr style=\"height: 15px;\">\n<td style=\"font-weight: bold; border: 0px solid transparent; width: 50%; height: 15px;\" align=\"right\" width=\"50%\">Buergerschaft<\/td>\n<td style=\"border: 0px solid transparent; width: 50%; height: 15px;\" align=\"left\" width=\"50%\">Avis<\/td>\n<\/tr>\n<\/tbody>\n<\/table>\n<\/div>\n<!-- Inhaltsverzeichnis -->\n<div style=\"width: 25%; padding: 10px; margin-bottom: 15px; font-size: 11px; border: 1px solid #333333; display: inline-block;\">\n\n<strong>Inhalt<\/strong>\n<ul>\n \t<li><a href=\"#beschreibung\">Beschreibung<\/a><\/li>\n \t<li><a href=\"#lebenslauf\">Lebenslauf<\/a><\/li>\n \t<li><a href=\"#psychologisches\">Psychologisches Profil<\/a><\/li>\n \t<li><a href=\"#disziplin\">Disziplinarische Vermerke<\/a><\/li>\n \t<li><a href=\"#ausbildung\">Ausbildung &amp; Spezialgebiete<\/a><\/li>\n \t<li><a href=\"#spezies\">Besonderheiten<\/a><\/li>\n \t<li><a href=\"#hobbies\">Hobbies<\/a><\/li>\n \t<li><a href=\"#medizinisches\">Medizinisches Profil<\/a><\/li>\n \t<li><a href=\"#familie\">Familie<\/a><\/li>\n \t<li><a href=\"#haustiere\">Haustiere<\/a><\/li>\n \t<li><a href=\"#klassifiziert\">Klassifizierte Sektion<\/a><\/li>\n<\/ul>\n<!-- Ende des Inhaltsverzeichnis -->\n\n<\/div>\n<!-- Inhalte -->\n<h2><a id=\"beschreibung\"><\/a>Beschreibung<\/h2>\n<div id=\"0.7104944345349935\" class=\"ace-line\"><span class=\"author-a-z85zjn9cz89zcz122zez90zq5t085\">1,55m gro\u00df, humanoid, aber mit wei\u00dfen und gelben Federn statt Haaren und Haut, kurze Flaumfedern wie bei Papageien am Bauch bedecken den K\u00f6rper, das Gesicht ist dem einer menschlichen Frau \u00e4hnlich. Die Federn am Kopf, die das Haar ersetzen, sind l\u00e4nger und \u00e4hneln Schwungfedern. Sehr leichter Knochenbau, wie typisch f\u00fcr Avis.<\/span><\/div>\n<div id=\"0.41332924294587103\" class=\"ace-line\"><\/div>\n\n<hr \/>\n\n<h2><a id=\"lebenslauf\"><\/a>Lebenslauf<\/h2>\n<div>Beh\u00fctet aufgewachsen auf Aviar I, westlicher Alphaquadrant. Li-Ti geh\u00f6rt zu den Inlandbewohnern der St\u00e4dte und tr\u00e4umte schon als kleines M\u00e4dchen davon, zu den Sternen zu reisen.<\/div>\n<div><\/div>\n<div>Als Jugendliche machte sie bereits den Shuttlepilotenschein, an der Offiziersschule der Handelsgilde wurde sie angenommen und zur Pilotin und Bordmechanikerin ausgebildet.<\/div>\n<div><\/div>\n<div>Auf einer der ersten Handelsreisen kam es zu einer Konfrontation mit Piraten der Ferengi &#8211; Li-Ti \u00fcberlebte als einzige der Besatzung, als die Br\u00fccke von einem Schuss getroffen wurde. Sie befand sich zu diesem Zeitpunkt im Maschinenraum.\u00a0<span class=\"author-a-z85zjn9cz89zcz122zez90zq5t085\">Li-ti wurde zur Sklavin der Ferengi, allerdings nur kurz. <\/span><\/div>\n<div><span class=\"author-a-z85zjn9cz89zcz122zez90zq5t085\">Die Piraten h\u00e4uften hohe Spielschulden bei der Tzenkethi-Handelsf\u00fcrstin Sissa Nim Gar-A an und so wurde die Avis auf dem Tzenkethi-Basarschiff <em>Aldemabhir<\/em> gelassen, als diese auf keine andere Weise bezahlen konnte und diente dann als Sklavin der Handelsf\u00fcrstin des Tzenkethi-Schiffes.\u00a0<\/span><\/div>\n<div><\/div>\n<div id=\"0.9541892706480222\" class=\"ace-line\"><span class=\"author-a-z85zjn9cz89zcz122zez90zq5t085\">Insbesondere der Adjutant Fijerass dr\u00fcckt Li-Ti immer wieder alle unangenehmen Aufgaben auf, aber auch Boteng\u00e4nge und Besorgungen. Fijerass sieht Avis als minderwertig an, da diese keinerlei Kraft besitzen und ihre Spezies im Vergleich zu Tzenkethi oder F\u00f6deration technisch hinterherhinkt (Warpzeitalterbeginn, Warp 5 wurde von den Avis nur durch technischen Austausch erreicht) und keinerlei Mut und Durchsetzungskraft besitzen und auch Intrige und Politik ablehnen.\u00a0<\/span><\/div>\n<div id=\"0.8043831961223222\" class=\"ace-line\"><\/div>\n<div>Li-Tis Plan war 2416, w\u00e4hrend der Anwesenheit der USS Galathea an der <span class=\"author-a-z85zjn9cz89zcz122zez90zq5t085\"><em>Aldemabhir, <\/em><\/span>durch den Gewinn des Shuttlerennens die Schuld abzubezahlen und sich selbst zu retten, jedoch schlug dieser Plan fehl, ihr Schiff wurde zerst\u00f6rt, so wie das ihrer Freundin Xinxin kurze Zeit sp\u00e4ter, die USS Galathea errettete die Schiffbr\u00fcchigen &#8211; Li-Ti wird als tot angesehen bei den Tzenkethi.<\/div>\n<h3>Tabellarischer Lebenslauf<\/h3>\n<table style=\"border-collapse: collapse; width: 100%;\">\n<tbody>\n<tr>\n<td style=\"width: 93.7625px; background-color: #ed801a;\"><strong>Jahr<\/strong><\/td>\n<td style=\"width: 739.838px; background-color: #ed801a;\"><strong>Ereignis<\/strong><\/td>\n<\/tr>\n<tr>\n<td style=\"width: 93.7625px;\">2393<\/td>\n<td style=\"width: 739.838px;\">Geburt<\/td>\n<\/tr>\n<tr>\n<td style=\"width: 93.7625px;\">2409<\/td>\n<td style=\"width: 739.838px;\">Beginn der Ausbildung in der Handelsgilde auf Aviar I<\/td>\n<\/tr>\n<tr>\n<td style=\"width: 93.7625px;\">2412<\/td>\n<td style=\"width: 739.838px;\">Abschlu\u00df der Ausbildung als Pilotin und Technikerin<\/td>\n<\/tr>\n<tr>\n<td style=\"width: 93.7625px;\">2413<\/td>\n<td style=\"width: 739.838px;\">Gefangennahme durch die Ferengi und kurz darauf der &#8222;Verkauf&#8220; an die Tzenkethi-Handelsf\u00fcrstin Sissa Nim Gar-A auf das Basarschiff Aldemabhir<\/td>\n<\/tr>\n<tr>\n<td style=\"width: 93.7625px;\">2416<\/td>\n<td style=\"width: 739.838px;\">Errettung durch die USS Galathea nach Verlust ihres Rennschiffes beim Shuttlerennen der Tzenkethi<\/td>\n<\/tr>\n<\/tbody>\n<\/table>\n\n<hr \/>\n\n<h2><a id=\"psychologisches\"><\/a>Psychologisches Profil<\/h2>\nLi-Ti ist eine Frohnatur, in mancher Hinsicht naiv, denkt fast immer positiv und l\u00e4sst sich nicht unterkriegen. Sie ist teamf\u00e4hig und freundlich. Katzenwesen machen ihr Angst, ebenso wie Raubtiere.\n\nIn Stress-Situationen beh\u00e4lt sie die \u00dcbersicht, reagiert allerdings eher aus dem Bauch heraus.\n\nAls Pilotin hat sie eine Art sechsten Sinn, ein avionisches Gef\u00fchl, was ihr immer sagt, in welcher Lage sie sich befindet, ihre Reaktionen sind \u00fcberdurchschnittlich, in Situationen, wo sie nicht fliegt, nicht den Steuerkn\u00fcppel in der Hand h\u00e4lt oder die Kontrollen eines Schiffes, oder in die Technik verstrickt, f\u00fchlt sie sich eher unwohl.\n\nDie Zeit als Sklavin hat sie gepr\u00e4gt, sie ordnet sich unter und erf\u00fcllt Auftr\u00e4ge gewissenhaft, auch aus eigenem Antrieb versucht sie zu gefallen mit Diensten f\u00fcr andere.\n\nLi-Ti lernt schnell hinzu, wenn es um technische Zusammenh\u00e4nge geht.\n<h3>St\u00e4rken &amp; Schw\u00e4chen<\/h3>\n<strong>Positiv:<\/strong>\n<ul>\n \t<li>teamf\u00e4hig<\/li>\n \t<li>grunds\u00e4tzlich positiv eingestellt<\/li>\n \t<li>avionischer Sinn<\/li>\n \t<li>hilfsbereit<\/li>\n \t<li>erf\u00fcllt Auftr\u00e4ge gewissenhaft<\/li>\n \t<li>lernt technische Zusammenh\u00e4nge schnell<\/li>\n<\/ul>\n<strong>Negativ:<\/strong>\n<ul>\n \t<li>naiv<\/li>\n \t<li>l\u00e4sst sich ausnutzen<\/li>\n<\/ul>\n<strong>Vorlieben:<\/strong>\n<ul>\n \t<li>fliegen<\/li>\n \t<li>Natur<\/li>\n \t<li>B\u00e4ume und freier Himmel oder auch der freie Weltraum<\/li>\n<\/ul>\n<strong>Abneigungen:\u00a0<\/strong>\n<ul>\n \t<li>tierisches essen (vertr\u00e4gt sie auch medizinisch nicht, lediglich Insekten erg\u00e4nzen die pflanzliche Nahrung)<\/li>\n \t<li>nachdem sie die Freiheit wieder erlangt hat: Eingriffe in ihre Privatsph\u00e4re\n\n<hr \/>\n\n<\/li>\n<\/ul>\n<h2>Ausbildung &amp; Spezialgebiete<\/h2>\n<h3>Zivile Vorbildung<\/h3>\nLi-Ti wurde auf Aviar I zur Pilotin ausgebildet, sie besitzt die Fluglizenz f\u00fcr Handelsschiffe des Avis-Handelsgilde und f\u00fcr Shuttles verschiedener Bauart, ebenso ein ausgedehntes Wissen \u00fcber Technik an Bord der Avis-Schiffe und hat sich im Laufe der Zeit viel Zusatzwissen \u00fcber Technik verschiedener Kulturen angeeignet.\n<div id=\"0.41332924294587103\" class=\"ace-line\"><\/div>\n\n<hr \/>\n\n<h2>Sprachen<\/h2>\n<ul>\n \t<li>F\u00f6derationsstandard<\/li>\n \t<li>Aviar<\/li>\n \t<li>Tzenketh<\/li>\n \t<li>Fren<\/li>\n<\/ul>\n<div id=\"0.41332924294587103\" class=\"ace-line\"><\/div>\n\n<hr \/>\n\n<h2><a id=\"spezies\"><\/a>Besonderheiten der eigenen Spezies<\/h2>\n<ul>\n \t<li id=\"0.7659648261119498\" class=\"ace-line\"><span class=\"author-a-z85zjn9cz89zcz122zez90zq5t085\">Vegetarier (Insekten sind ok, aber Fleisch und Fisch und insbesondere Gefl\u00fcgel geht gar nicht: alle V\u00f6gel sind die Kinder der G\u00f6tter, so wie auch die Avis selbst, die allerdings &#8211; laut ihrer Religion &#8211; s\u00fcndigten, ihre Flugf\u00e4higkeit verloren und zur Erde st\u00fcrzten).<\/span><\/li>\n \t<li class=\"ace-line\">Wie typisch f\u00fcr Avis ist das Sehverm\u00f6gen Li-Tis&#8216; herausragend, was sie einerseits zu hervorragenden K\u00fcnstlern macht, andererseits zu sehr guten Beobachtern, die jede kleinste Bewegung wahrnehmen, auch in weiter Ferne.<\/li>\n<\/ul>\n<div id=\"0.41332924294587103\" class=\"ace-line\"><\/div>\n\n<hr \/>\n\n<h2>Sonstiges<\/h2>\n<div id=\"0.2648525807977491\" class=\"ace-line\"><span class=\"author-a-z85zjn9cz89zcz122zez90zq5t085\">Kostbarster Besitz Li-Tis&#8216; ist ihr goldener Ring in Form eines Vogels &#8211; sie w\u00fcrde eher sterben, als diesen aufzugeben. Er ist ihr Wegweiser ins &#8222;Mictlan&#8220;, das Pendant zum Paradies der Avis, in das sie nach ihrem Glauben nach dem Tod eingehen. Ohne dieses Schmuckst\u00fcck w\u00e4re sie verdammt.\u00a0<\/span><\/div>\n<div id=\"0.17529030283726899\" class=\"ace-line\">\n<div id=\"0.41332924294587103\" class=\"ace-line\"><\/div>\n\n<hr \/>\n\n<h2><a id=\"hobbies\" style=\"font-size: revert; font-weight: revert;\"><\/a>Hobbies<\/h2>\n<\/div>\n<ul>\n \t<li>Fliegen<\/li>\n \t<li>basteln<\/li>\n<\/ul>\n\n<hr \/>\n\n<h2><a id=\"medizinisches\"><\/a>Medizinisches Profil<\/h2>\nLi-Tis Gesundheit entspricht dem Normalstatus einer weiblichen Avis ihres Alters.\n<ul>\n \t<li>Der leichte Knochenbau f\u00fchrt schnell zu Br\u00fcchen, von denen sie mehrere hatte, die alle schnell und komplikationslos verheilten. Den Missbrauch als Arbeits-Sklavin durch Ferengi und Tzenkethi hat sie gut \u00fcberstanden.<\/li>\n \t<li>Die Sehkraft ist Avis-typisch gegen\u00fcber Menschen verbessert, das Geh\u00f6r etwas schlechter, ein avionischer Sinn hilft bei der Orientierung.<\/li>\n \t<li>Avis vertragen kein Fleisch oder Fisch, ihre Nahrung ist haupts\u00e4chlich pflanzlicher Natur, Insekten sind noch ok, manche Krabbeltiere gelten als Delikatesse.<\/li>\n<\/ul>\n<div id=\"0.41332924294587103\" class=\"ace-line\"><\/div>\n\n<hr \/>\n\n<h2><a id=\"familie\"><\/a>Familie<\/h2>\n<span style=\"color: #999999;\"><em>&#8212; folgt &#8212;<\/em><\/span>\n<div id=\"0.41332924294587103\" class=\"ace-line\"><\/div>\n\n<hr \/>\n\n<h2><a id=\"haustiere\"><\/a>Haustiere<\/h2>\n<span style=\"color: #999999;\"><em>&#8212;<\/em><\/span>\n\n<hr \/>\n\n<h2><a id=\"klassifiziert\"><\/a>Klassifizierte Sektion<\/h2>\nKeine Eintr\u00e4ge\n\n<!-- \/wp:post-content -->","protected":false},"excerpt":{"rendered":"<p>Li-Ti Status PC Spieler Sven (Assets) Dienstliche Informationen Ranggrafik Rang Crewman (Recruit) Posten Mechaniker Stationierung USS Galathea Physische Beschreibung Spezies Avis Geschlecht weiblich Gr\u00f6\u00dfe \u00a01,55cm Gewicht \u00a042kg Hautfarbe hell Haarfarbe Federn &#8211; wei\u00df-gelb Augenfarbe gr\u00fcn bevorzugte Uniform-Variante Zivile Kleidung Biographische Informationen Geburtsort Mink, Aviar I, Alpha-Quadrant Geburtstag 13.2.2393 Sexualit\u00e4t ja Familienstand ledig Familie ja Religion [&hellip;]<\/p>\n","protected":false},"author":28,"featured_media":1126,"parent":1195,"menu_order":100,"comment_status":"closed","ping_status":"closed","template":"","meta":{"footnotes":""},"class_list":["post-7870","page","type-page","status-publish","has-post-thumbnail","hentry"],"publishpress_future_action":{"enabled":false,"date":"2026-05-21 18:14:37","action":"change-status","newStatus":"draft","terms":[],"taxonomy":"","extraData":[]},"publishpress_future_workflow_manual_trigger":{"enabledWorkflows":[]},"_links":{"self":[{"href":"https:\/\/www.sf-germany.org\/einheiten\/uss-galathea\/wp-json\/wp\/v2\/pages\/7870","targetHints":{"allow":["GET"]}}],"collection":[{"href":"https:\/\/www.sf-germany.org\/einheiten\/uss-galathea\/wp-json\/wp\/v2\/pages"}],"about":[{"href":"https:\/\/www.sf-germany.org\/einheiten\/uss-galathea\/wp-json\/wp\/v2\/types\/page"}],"author":[{"embeddable":true,"href":"https:\/\/www.sf-germany.org\/einheiten\/uss-galathea\/wp-json\/wp\/v2\/users\/28"}],"replies":[{"embeddable":true,"href":"https:\/\/www.sf-germany.org\/einheiten\/uss-galathea\/wp-json\/wp\/v2\/comments?post=7870"}],"version-history":[{"count":7,"href":"https:\/\/www.sf-germany.org\/einheiten\/uss-galathea\/wp-json\/wp\/v2\/pages\/7870\/revisions"}],"predecessor-version":[{"id":8314,"href":"https:\/\/www.sf-germany.org\/einheiten\/uss-galathea\/wp-json\/wp\/v2\/pages\/7870\/revisions\/8314"}],"up":[{"embeddable":true,"href":"https:\/\/www.sf-germany.org\/einheiten\/uss-galathea\/wp-json\/wp\/v2\/pages\/1195"}],"wp:featuredmedia":[{"embeddable":true,"href":"https:\/\/www.sf-germany.org\/einheiten\/uss-galathea\/wp-json\/wp\/v2\/media\/1126"}],"wp:attachment":[{"href":"https:\/\/www.sf-germany.org\/einheiten\/uss-galathea\/wp-json\/wp\/v2\/media?parent=7870"}],"curies":[{"name":"wp","href":"https:\/\/api.w.org\/{rel}","templated":true}]}}