{"id":7890,"date":"2023-08-22T18:43:35","date_gmt":"2023-08-22T16:43:35","guid":{"rendered":"https:\/\/www.sf-germany.org\/einheiten\/uss-galathea\/?page_id=7890"},"modified":"2023-08-22T18:48:27","modified_gmt":"2023-08-22T16:48:27","slug":"duraniumkaefer","status":"publish","type":"page","link":"https:\/\/www.sf-germany.org\/einheiten\/uss-galathea\/stellarkatographie\/oktens-wiege\/xenobiologie\/duraniumkaefer\/","title":{"rendered":"Duraniumk\u00e4fer"},"content":{"rendered":"\n<table style=\"border-collapse: collapse; margin-left: 10px; margin-bottom: 5px; width: 40%; float: right; position: relative; top: 10px; background-color: white; height: 954px;\">\n<tbody>\n<tr style=\"height: 90px;\">\n<td style=\"text-align: center; height: 90px;\" colspan=\"2\">\n<h1><strong>Duraniumk\u00e4fer<\/strong><\/h1>\n<\/td>\n<\/tr>\n<tr style=\"height: 192px;\">\n<td style=\"height: 192px;\" colspan=\"2\"><img loading=\"lazy\" decoding=\"async\" class=\"alignnone size-full wp-image-1126 aligncenter\" src=\"https:\/\/www.sf-germany.org\/einheiten\/uss-galathea\/wp-content\/uploads\/2019\/08\/images.png\" alt=\"\" width=\"262\" height=\"192\" \/><\/td>\n<\/tr>\n<tr style=\"height: 24px;\">\n<td style=\"vertical-align: top; width: 10%; height: 24px;\"><strong>Andere Namen:<\/strong><\/td>\n<td style=\"height: 24px;\"><\/td>\n<\/tr>\n<tr style=\"height: 48px;\">\n<td style=\"vertical-align: top; width: 10%; height: 48px;\"><strong>Wissenschaftl. Name:<\/strong><\/td>\n<td style=\"height: 48px;\">Cetonia loriotis<\/td>\n<\/tr>\n<tr style=\"height: 24px;\">\n<td style=\"vertical-align: top; width: 10%; height: 24px;\"><strong>Quadrant:<\/strong><\/td>\n<td style=\"height: 24px;\">Alpha<\/td>\n<\/tr>\n<tr style=\"height: 24px;\">\n<td style=\"vertical-align: top; width: 10%; height: 24px;\"><strong>Herkunft:<\/strong><\/td>\n<td style=\"height: 24px;\">K\u00fcnstlich erzeugt<\/td>\n<\/tr>\n<tr style=\"height: 24px;\">\n<td style=\"vertical-align: top; width: 10%; height: 24px;\"><strong>Lebensraum:<\/strong><\/td>\n<td style=\"height: 24px;\">Schifffriedh\u00f6fe<\/td>\n<\/tr>\n<tr style=\"height: 24px;\">\n<td style=\"vertical-align: top; height: 24px;\"><strong>Entdeckt:<\/strong><\/td>\n<td style=\"height: 24px;\">n\/a<\/td>\n<\/tr>\n<tr style=\"height: 24px;\">\n<td style=\"vertical-align: top; height: 24px;\"><strong>Entdecker:<\/strong><\/td>\n<td style=\"height: 24px;\">n\/a<\/td>\n<\/tr>\n<tr style=\"height: 24px;\">\n<td style=\"background-color: #a7a7a7; text-align: center; vertical-align: top; height: 24px;\" colspan=\"2\"><strong>Taxionomie\u00a0<\/strong><\/td>\n<\/tr>\n<tr style=\"height: 24px;\">\n<td style=\"vertical-align: top; height: 24px;\"><strong>\u00dcberstamm:\u00a0\u00a0<\/strong><\/td>\n<td style=\"height: 24px;\">n\/a<\/td>\n<\/tr>\n<tr style=\"height: 24px;\">\n<td style=\"vertical-align: top; height: 24px;\"><strong>Stamm:\u00a0\u00a0<\/strong><\/td>\n<td style=\"height: 24px;\">Imaginata<\/td>\n<\/tr>\n<tr style=\"height: 24px;\">\n<td style=\"vertical-align: top; height: 24px;\"><strong>Unterstamm:<\/strong><\/td>\n<td style=\"height: 24px;\">Humoranimalia (Scherztiere)<\/td>\n<\/tr>\n<tr style=\"height: 24px;\">\n<td style=\"vertical-align: top; height: 24px;\"><strong>Klasse:<\/strong><\/td>\n<td style=\"height: 24px;\">Humoranimalia perfecta (hochklassige Scherztiere)<\/td>\n<\/tr>\n<tr style=\"height: 24px;\">\n<td style=\"vertical-align: top; height: 24px;\"><strong>Ordnung:\u00a0<\/strong><\/td>\n<td style=\"height: 24px;\">Rodentia inexista (Fabelnager)<\/td>\n<\/tr>\n<tr style=\"height: 24px;\">\n<td style=\"vertical-align: top; height: 24px;\"><strong>Unterordnung:\u00a0\u00a0<\/strong><\/td>\n<td style=\"height: 24px;\">Lapivoridae (Steinbei\u00dfende)<\/td>\n<\/tr>\n<tr style=\"height: 24px;\">\n<td style=\"vertical-align: top; height: 24px;\"><strong>Familie:\u00a0\u00a0<\/strong><\/td>\n<td style=\"height: 24px;\">Metalloria Cetonia (Metallbei\u00dferk\u00e4fer)<\/td>\n<\/tr>\n<tr style=\"height: 24px;\">\n<td style=\"background-color: #ababab; text-align: center; height: 24px;\" colspan=\"2\"><strong>Merkmale<\/strong><\/td>\n<\/tr>\n<tr style=\"height: 24px;\">\n<td style=\"height: 24px;\"><strong>Gr\u00f6\u00dfe:<\/strong><\/td>\n<td style=\"height: 24px;\"><\/td>\n<\/tr>\n<tr style=\"height: 24px;\">\n<td style=\"height: 24px;\"><strong>Gewicht:<\/strong><\/td>\n<td style=\"height: 24px;\"><\/td>\n<\/tr>\n<tr style=\"height: 24px;\">\n<td style=\"height: 24px;\"><strong>Panzer:<\/strong><\/td>\n<td style=\"height: 24px;\"><\/td>\n<\/tr>\n<tr style=\"height: 24px;\">\n<td style=\"height: 24px;\"><strong>K\u00f6rperbau:<\/strong><\/td>\n<td style=\"height: 24px;\"><\/td>\n<\/tr>\n<tr style=\"height: 48px;\">\n<td style=\"height: 48px;\"><strong>Lebens-erwartung:<\/strong><\/td>\n<td style=\"height: 48px;\"><\/td>\n<\/tr>\n<tr style=\"height: 24px;\">\n<td style=\"background-color: #a7a7a7; text-align: center; height: 24px;\" colspan=\"2\"><strong>Verhalten<\/strong><\/td>\n<\/tr>\n<tr style=\"height: 24px;\">\n<td style=\"height: 24px;\"><strong>Nahrung:<\/strong><\/td>\n<td style=\"height: 24px;\">von allen festen Substanzen, inklusive transparentem Aluminium und Duranium<\/td>\n<\/tr>\n<tr style=\"height: 24px;\">\n<td style=\"height: 24px;\"><strong>Fortpflanzung:<\/strong><\/td>\n<td style=\"height: 24px;\">\u00c4hnlich zu Tribbles verl\u00e4uft die Vermehrung des Duraniumk\u00e4fers. Ist das Nahrungsangebot gro\u00df, legen die Weibchen ihre Eier in ruhigen, mit viel Nahrung besetzten Gebieten ab. Ein Gelege besteht hierbei aus bis zu Einhundert Eiern, die nach etwa 3 Tagen schl\u00fcpfen.<\/td>\n<\/tr>\n<tr style=\"height: 24px;\">\n<td style=\"height: 24px;\"><strong>Verteidigung:<\/strong><\/td>\n<td style=\"height: 24px;\"><\/td>\n<\/tr>\n<tr style=\"height: 24px;\">\n<td style=\"height: 24px;\"><strong>Nat. Feinde:<\/strong><\/td>\n<td style=\"height: 24px;\"><\/td>\n<\/tr>\n<\/tbody>\n<\/table>\n<h2><strong>Kurzfassung<\/strong><\/h2>\n<p>Seuchen im Weltraum &#8211; Heute: Duraniumk\u00e4fer<\/p>\n<h2><strong>Wissenschaftliche Beschreibung<\/strong><\/h2>\n<p>Der Duraniumk\u00e4fer (Cetonia loriotis) ist eine k\u00fcnstliche, genetische Entwicklung, die dazu kreiert wurde, Schiffsfriedh\u00f6fe im Weltraum aufzul\u00f6sen und M\u00fcll zu entsorgen. Die Wesen entstanden aus der auf Aviar einheimischen Gattung der Kibe-K\u00e4fer, die sich von verschiedensten Metallen ern\u00e4hrten und die mit Elementen von Genen der terranischen, gemeinen Steinlaus und der Kugelsteinlaus vermischt wurden. Letztere ist die Ursache f\u00fcr Karies bei menschlichen Z\u00e4hnen.<\/p>\n<p>Die genetische Weiterentwicklung, der <strong>Duraniumk\u00e4fer<\/strong>, ern\u00e4hrt sich von allen festen Substanzen, inklusive transparentem Aluminium und Duranium. Andere Stoffe l\u00f6st der Duraniumk\u00e4fer durch Einsatz einer S\u00e4ure auf, lediglich herk\u00f6mmliches Glas kann ihm eine Zeitlang standhalten.<\/p>\n<p>Die Eingruppierung des Duraniumk\u00e4fers in die zoologische Systematik war lange sehr umstritten. Die meisten Autoren, die sich dem Forschungsgebiet der Petrophagologie widmen, einigten sich schlie\u00dflich darauf, dass der Duraniumk\u00e4fer am ehesten dem Tierstamm Imaginata zugeordnet werden kann. Die weitere Spezifizierung erfolgte so:<\/p>\n<ul>\n<li>Unterstamm: Humoranimalia (Scherztiere)<\/li>\n<li>Klasse: Humoranimalia perfecta (hochklassige Scherztiere)<\/li>\n<li>Ordnung: Rodentia inexista (Fabelnager)<\/li>\n<li>\u00dcberfamilie: Lapivoridae (Steinbei\u00dfende)<\/li>\n<li>Familie: Metalloria Cetonia (Metallbei\u00dferk\u00e4fer)<\/li>\n<li>Gattung: Cetoria Durania (Duraniumk\u00e4fer)<\/li>\n<li>Art: Cetonia loriotis (echter Duraniumk\u00e4fer)<\/li>\n<\/ul>\n<p>Einige Raumschiffe verschiedenster V\u00f6lker wurden bereits vom Duraniumk\u00e4fer befallen. Fr\u00fch genug erkannt, gibt es verschiedene M\u00f6glichkeiten, der Plage Herr zu werden, manch nat\u00fcrlicher Feind, wie Baummarder, Iltis, oder Aviar-Specht werden eingesetzt. Mittels speziell geeichter Sensoren ist es m\u00f6glich, Duraniumk\u00e4fer aufzusp\u00fcren, da diese ein Duraniumk\u00e4fer-Hormon absondern, was zum Anlocken von Paarungspartnern dient.<\/p>\n<p>\u00c4hnlich zu Tribbles verl\u00e4uft die Vermehrung des Duraniumk\u00e4fers. Ist das Nahrungsangebot gro\u00df, legen die Weibchen ihre Eier in ruhigen, mit viel Nahrung besetzten Gebieten ab. Ein Gelege besteht hierbei aus bis zu Einhundert Eiern, die nach etwa 3 Tagen schl\u00fcpfen.<\/p>\n<p>Umgebungstemperaturen unterhalb von -15\u00b0C und oberhalb von 82\u00b0 C lassen den Duraniumk\u00e4fer inaktiv werden. K\u00e4lte \u00fcberstehen Duraniumk\u00e4fer bis zu -180\u00b0 Celsius lebend, erst Temperaturen \u00fcber 270\u00b0C f\u00fchren zum Verbrennen und damit zum Tod.\u00a0Ohne Sauerstoff und in Inaktivit\u00e4t k\u00f6nnen Duraniumk\u00e4fer mehrere Jahre \u00fcberleben und wieder aktiv werden, wenn die Bedingungen den normalen Lebensumst\u00e4nden ihrer Art entsprechen.<\/p>\n<p>&nbsp;<\/p>\n<hr \/>\n<p><span style=\"color: #808080;\">Disclaimer: Dies ist ein rein fiktionales Werk | Autoren: Assets &amp; Mac | (C) 2023<\/span><\/p>\n","protected":false},"excerpt":{"rendered":"<p>Duraniumk\u00e4fer Andere Namen: Wissenschaftl. Name: Cetonia loriotis Quadrant: Alpha Herkunft: K\u00fcnstlich erzeugt Lebensraum: Schifffriedh\u00f6fe Entdeckt: n\/a Entdecker: n\/a Taxionomie\u00a0 \u00dcberstamm:\u00a0\u00a0 n\/a Stamm:\u00a0\u00a0 Imaginata Unterstamm: Humoranimalia (Scherztiere) Klasse: Humoranimalia perfecta (hochklassige Scherztiere) Ordnung:\u00a0 Rodentia inexista (Fabelnager) Unterordnung:\u00a0\u00a0 Lapivoridae (Steinbei\u00dfende) Familie:\u00a0\u00a0 Metalloria Cetonia (Metallbei\u00dferk\u00e4fer) Merkmale Gr\u00f6\u00dfe: Gewicht: Panzer: K\u00f6rperbau: Lebens-erwartung: Verhalten Nahrung: von allen festen Substanzen, inklusive [&hellip;]<\/p>\n","protected":false},"author":1,"featured_media":1126,"parent":4201,"menu_order":0,"comment_status":"closed","ping_status":"closed","template":"","meta":{"footnotes":""},"class_list":["post-7890","page","type-page","status-publish","has-post-thumbnail","hentry"],"publishpress_future_action":{"enabled":false,"date":"2026-05-10 02:32:24","action":"change-status","newStatus":"draft","terms":[],"taxonomy":"","extraData":[]},"publishpress_future_workflow_manual_trigger":{"enabledWorkflows":[]},"_links":{"self":[{"href":"https:\/\/www.sf-germany.org\/einheiten\/uss-galathea\/wp-json\/wp\/v2\/pages\/7890","targetHints":{"allow":["GET"]}}],"collection":[{"href":"https:\/\/www.sf-germany.org\/einheiten\/uss-galathea\/wp-json\/wp\/v2\/pages"}],"about":[{"href":"https:\/\/www.sf-germany.org\/einheiten\/uss-galathea\/wp-json\/wp\/v2\/types\/page"}],"author":[{"embeddable":true,"href":"https:\/\/www.sf-germany.org\/einheiten\/uss-galathea\/wp-json\/wp\/v2\/users\/1"}],"replies":[{"embeddable":true,"href":"https:\/\/www.sf-germany.org\/einheiten\/uss-galathea\/wp-json\/wp\/v2\/comments?post=7890"}],"version-history":[{"count":6,"href":"https:\/\/www.sf-germany.org\/einheiten\/uss-galathea\/wp-json\/wp\/v2\/pages\/7890\/revisions"}],"predecessor-version":[{"id":7899,"href":"https:\/\/www.sf-germany.org\/einheiten\/uss-galathea\/wp-json\/wp\/v2\/pages\/7890\/revisions\/7899"}],"up":[{"embeddable":true,"href":"https:\/\/www.sf-germany.org\/einheiten\/uss-galathea\/wp-json\/wp\/v2\/pages\/4201"}],"wp:featuredmedia":[{"embeddable":true,"href":"https:\/\/www.sf-germany.org\/einheiten\/uss-galathea\/wp-json\/wp\/v2\/media\/1126"}],"wp:attachment":[{"href":"https:\/\/www.sf-germany.org\/einheiten\/uss-galathea\/wp-json\/wp\/v2\/media?parent=7890"}],"curies":[{"name":"wp","href":"https:\/\/api.w.org\/{rel}","templated":true}]}}