{"id":8037,"date":"2023-12-31T03:54:26","date_gmt":"2023-12-31T02:54:26","guid":{"rendered":"https:\/\/www.sf-germany.org\/einheiten\/uss-galathea\/?page_id=8037"},"modified":"2025-01-22T00:15:15","modified_gmt":"2025-01-21T23:15:15","slug":"amsi-utsur","status":"publish","type":"page","link":"https:\/\/www.sf-germany.org\/einheiten\/uss-galathea\/die-crew\/nichtspielercharaktere\/amsi-utsur\/","title":{"rendered":"Amsi Utsur"},"content":{"rendered":"<div style=\"float: right; margin-left: 15px; margin-bottom: 15px; font-size: 11px; min-width: 350px; width: 25%; padding-left: 10px; padding-right: 10px;\">\r\n<table style=\"width: 100%; border: 0px outset #003366; background: #ffffff; box-shadow: rgba(255, 255, 255, 0.75) 0.1em 0.1em 0.5em; border-radius: 1em; height: 609px;\" border=\"3\" cellspacing=\"10\" align=\"right\">\r\n<tbody>\r\n<tr style=\"height: 15px;\">\r\n<td style=\"font-weight: bold; border: 0px solid transparent; width: 100%; height: 15px;\" colspan=\"2\" align=\"center\"><\/td>\r\n<\/tr>\r\n<tr style=\"height: 144px;\">\r\n<td style=\"background: transparent; border: 0px solid transparent; width: 100%; height: 144px;\" colspan=\"2\" align=\"center\"><!-- hier das Charakterbild einf\u00fcgen -->\r\n<img loading=\"lazy\" decoding=\"async\" class=\"alignnone size-full wp-image-1126\" src=\"https:\/\/www.sf-germany.org\/einheiten\/uss-galathea\/wp-content\/uploads\/2019\/08\/images.png\" alt=\"\" width=\"262\" height=\"192\" \/><\/td>\r\n<\/tr>\r\n<tr style=\"height: 15px;\">\r\n<td style=\"font-weight: bold; border: 0px solid transparent; width: 100%; height: 15px;\" colspan=\"2\" align=\"center\"><b>Amsi Utsur<\/b><\/td>\r\n<\/tr>\r\n<tr style=\"height: 15px;\">\r\n<td style=\"font-weight: bold; border: 0px solid transparent; width: 50%; height: 15px;\" align=\"right\" width=\"50%\">Status<\/td>\r\n<td style=\"border: 0px solid transparent; width: 50%; height: 15px;\" align=\"left\" width=\"50%\">NPC<\/td>\r\n<\/tr>\r\n<tr style=\"height: 15px;\">\r\n<td style=\"font-weight: bold; border: 0px solid #003366; background: #555555; box-shadow: rgba(255, 255, 255, 0.75) 0.1em 0.1em 0.5em; border-radius: 1em; width: 100%; height: 15px;\" colspan=\"2\" align=\"center\"><span style=\"color: #ffffff;\">Dienstliche Informationen<\/span><\/td>\r\n<\/tr>\r\n<tr style=\"height: 28px;\">\r\n<td style=\"font-weight: bold; border: 0px solid transparent; width: 50%; height: 28px;\" align=\"right\" width=\"50%\">Ranggrafik<\/td>\r\n<td style=\"border: 0px solid transparent; width: 50%; height: 28px;\" align=\"left\" width=\"50%\"><!-- Es gibt die R\u00e4nge in \/gelb\/, \/rot\/, \/blau\/ und \/wei\u00df\/, manche auch in \/gruen\/ -->\r\n<img loading=\"lazy\" decoding=\"async\" class=\"alignnone\" src=\"https:\/\/www.sf-germany.com\/images\/schemata\/sto\/gelb\/ens.png\" alt=\"\" width=\"100\" height=\"25\" \/><\/td>\r\n<\/tr>\r\n<tr style=\"height: 15px;\">\r\n<td style=\"font-weight: bold; border: 0px solid transparent; width: 50%; height: 15px;\" align=\"right\" width=\"50%\">Rang<\/td>\r\n<td style=\"border: 0px solid transparent; width: 50%; height: 15px;\" align=\"left\" width=\"50%\">Ensign<\/td>\r\n<\/tr>\r\n<tr style=\"height: 15px;\">\r\n<td style=\"font-weight: bold; border: 0px solid transparent; width: 50%; height: 15px;\" align=\"right\" width=\"50%\">Posten<\/td>\r\n<td style=\"border: 0px solid transparent; width: 50%; height: 15px;\" align=\"left\" width=\"50%\">TO<\/td>\r\n<\/tr>\r\n<tr style=\"height: 15px;\">\r\n<td style=\"font-weight: bold; border: 0px solid transparent; width: 50%; height: 15px;\" align=\"right\" width=\"50%\">Stationierung<\/td>\r\n<td style=\"border: 0px solid transparent; width: 50%; height: 15px;\" align=\"left\" width=\"50%\">USS Galathea<\/td>\r\n<\/tr>\r\n<tr style=\"height: 15px;\">\r\n<td style=\"font-weight: bold; border: 0px solid #003366; background: #555555; box-shadow: rgba(255, 255, 255, 0.75) 0.1em 0.1em 0.5em; border-radius: 1em; width: 100%; height: 15px;\" colspan=\"2\" align=\"center\"><span style=\"color: #ffffff;\">Physische Beschreibung<\/span><\/td>\r\n<\/tr>\r\n<tr style=\"height: 15px;\">\r\n<td style=\"font-weight: bold; border: 0px solid transparent; width: 50%; height: 15px;\" align=\"right\" width=\"50%\">Spezies<\/td>\r\n<td style=\"border: 0px solid transparent; width: 50%; height: 15px;\" align=\"left\" width=\"50%\">Zakdorn<\/td>\r\n<\/tr>\r\n<tr style=\"height: 15px;\">\r\n<td style=\"font-weight: bold; border: 0px solid transparent; width: 50%; height: 15px;\" align=\"right\" width=\"50%\">Geschlecht<\/td>\r\n<td style=\"border: 0px solid transparent; width: 50%; height: 15px;\" align=\"left\" width=\"50%\">m<\/td>\r\n<\/tr>\r\n<tr style=\"height: 15px;\">\r\n<td style=\"font-weight: bold; border: 0px solid transparent; width: 50%; height: 15px;\" align=\"right\" width=\"50%\">Gr\u00f6\u00dfe<\/td>\r\n<td style=\"border: 0px solid transparent; width: 50%; height: 15px;\" align=\"left\" width=\"50%\">\u00a0172 cm<\/td>\r\n<\/tr>\r\n<tr style=\"height: 15px;\">\r\n<td style=\"font-weight: bold; border: 0px solid transparent; width: 50%; height: 15px;\" align=\"right\" width=\"50%\">Gewicht<\/td>\r\n<td style=\"border: 0px solid transparent; width: 50%; height: 15px;\" align=\"left\" width=\"50%\">\u00a083 kg<\/td>\r\n<\/tr>\r\n<tr style=\"height: 15px;\">\r\n<td style=\"font-weight: bold; border: 0px solid transparent; width: 50%; height: 15px;\" align=\"right\" width=\"50%\">Hautfarbe<\/td>\r\n<td style=\"border: 0px solid transparent; width: 50%; height: 15px;\" align=\"left\" width=\"50%\">grau-br\u00e4unlich<\/td>\r\n<\/tr>\r\n<tr style=\"height: 15px;\">\r\n<td style=\"font-weight: bold; border: 0px solid transparent; width: 50%; height: 15px;\" align=\"right\" width=\"50%\">Haarfarbe<\/td>\r\n<td style=\"border: 0px solid transparent; width: 50%; height: 15px;\" align=\"left\" width=\"50%\">rot-blond<\/td>\r\n<\/tr>\r\n<tr style=\"height: 15px;\">\r\n<td style=\"font-weight: bold; border: 0px solid transparent; width: 50%; height: 15px;\" align=\"right\" width=\"50%\">Augenfarbe<\/td>\r\n<td style=\"border: 0px solid transparent; width: 50%; height: 15px;\" align=\"left\" width=\"50%\">dunkel<\/td>\r\n<\/tr>\r\n<tr style=\"height: 15px;\">\r\n<td style=\"font-weight: bold; border: 0px solid transparent; width: 50%; text-align: right; height: 15px;\">bevorzugte Uniform-Variante<\/td>\r\n<td style=\"border: 0px solid transparent; width: 50%; height: 15px;\">Odyssey<\/td>\r\n<\/tr>\r\n<tr style=\"height: 15px;\">\r\n<td style=\"font-weight: bold; border: 0px solid #003366; background: #555555; box-shadow: rgba(255, 255, 255, 0.75) 0.1em 0.1em 0.5em; border-radius: 1em; width: 100%; height: 15px;\" colspan=\"2\" align=\"center\"><span style=\"color: #ffffff;\">Biographische Informationen<\/span><\/td>\r\n<\/tr>\r\n<tr style=\"height: 15px;\">\r\n<td style=\"font-weight: bold; border: 0px solid transparent; width: 50%; height: 15px;\" align=\"right\" width=\"50%\">Geburtsort<\/td>\r\n<td style=\"border: 0px solid transparent; width: 50%; height: 15px;\" align=\"left\" width=\"50%\">Qualor II<\/td>\r\n<\/tr>\r\n<tr style=\"height: 15px;\">\r\n<td style=\"font-weight: bold; border: 0px solid transparent; width: 50%; height: 15px;\" align=\"right\" width=\"50%\">Geburtstag<\/td>\r\n<td style=\"border: 0px solid transparent; width: 50%; height: 15px;\" align=\"left\" width=\"50%\">13.09.2393<\/td>\r\n<\/tr>\r\n<tr style=\"height: 15px;\">\r\n<td style=\"font-weight: bold; border: 0px solid transparent; width: 50%; height: 15px;\" align=\"right\" width=\"50%\">Sexualit\u00e4t<\/td>\r\n<td style=\"border: 0px solid transparent; width: 50%; height: 15px;\" align=\"left\" width=\"50%\">heterosexuell<\/td>\r\n<\/tr>\r\n<tr style=\"height: 15px;\">\r\n<td style=\"font-weight: bold; border: 0px solid transparent; width: 50%; height: 15px;\" align=\"right\" width=\"50%\">Familienstand<\/td>\r\n<td style=\"border: 0px solid transparent; width: 50%; height: 15px;\" align=\"left\" width=\"50%\">ledig<\/td>\r\n<\/tr>\r\n<tr style=\"height: 15px;\">\r\n<td style=\"font-weight: bold; border: 0px solid transparent; width: 50%; height: 15px;\" align=\"right\" width=\"50%\">Familie<\/td>\r\n<td style=\"border: 0px solid transparent; width: 50%; height: 15px;\" align=\"left\" width=\"50%\"><\/td>\r\n<\/tr>\r\n<tr style=\"height: 15px;\">\r\n<td style=\"font-weight: bold; border: 0px solid transparent; width: 50%; height: 15px;\" align=\"right\" width=\"50%\">Religion<\/td>\r\n<td style=\"border: 0px solid transparent; width: 50%; height: 15px;\" align=\"left\" width=\"50%\">keine<\/td>\r\n<\/tr>\r\n<tr style=\"height: 15px;\">\r\n<td style=\"font-weight: bold; border: 0px solid #003366; background: #555555; box-shadow: rgba(255, 255, 255, 0.75) 0.1em 0.1em 0.5em; border-radius: 1em; width: 100%; height: 15px;\" colspan=\"2\" align=\"center\"><span style=\"color: #ffffff;\">Politische informationen<\/span><\/td>\r\n<\/tr>\r\n<tr style=\"height: 15px;\">\r\n<td style=\"font-weight: bold; border: 0px solid transparent; width: 50%; height: 15px;\" align=\"right\" width=\"50%\">Buergerschaft<\/td>\r\n<td style=\"border: 0px solid transparent; width: 50%; height: 15px;\" align=\"left\" width=\"50%\">F\u00f6derationsb\u00fcrger<\/td>\r\n<\/tr>\r\n<\/tbody>\r\n<\/table>\r\n<\/div>\r\n<!-- Inhaltsverzeichnis -->\r\n<div style=\"width: 25%; padding: 10px; margin-bottom: 15px; font-size: 11px; border: 1px solid #333333; display: inline-block;\">\r\n\r\n<strong>Inhalt<\/strong>\r\n<ul>\r\n \t<li><a href=\"#beschreibung\">Beschreibung<\/a><\/li>\r\n \t<li><a href=\"#lebenslauf\">Lebenslauf<\/a><\/li>\r\n \t<li><a href=\"#psychologisches\">Psychologisches Profil<\/a><\/li>\r\n \t<li><a href=\"#disziplin\">Disziplinarische Vermerke<\/a><\/li>\r\n \t<li><a href=\"#ausbildung\">Ausbildung &amp; Spezialgebiete<\/a><\/li>\r\n \t<li><a href=\"#spezies\">Besonderheiten<\/a><\/li>\r\n \t<li><a href=\"#hobbies\">Hobbies<\/a><\/li>\r\n \t<li><a href=\"#medizinisches\">Medizinisches Profil<\/a><\/li>\r\n \t<li><a href=\"#familie\">Familie<\/a><\/li>\r\n \t<li><a href=\"#haustiere\">Haustiere<\/a><\/li>\r\n \t<li><a href=\"#klassifiziert\">Klassifizierte Sektion<\/a><\/li>\r\n<\/ul>\r\n<!-- Ende des Inhaltsverzeichnis -->\r\n\r\n<\/div>\r\n<!-- Inhalte -->\r\n<h2><a id=\"beschreibung\"><\/a>Beschreibung<\/h2>\r\nF\u00fcr viele Sternenflottenangeh\u00f6rige ist Amsi Utsur ein ungew\u00f6hnlicher <a href=\"https:\/\/memory-alpha.fandom.com\/de\/wiki\/Zakdorn\">Zakdorn<\/a>, da er weder eine Karriere in der Taktik eingeschlagen hat, noch den Einsatz an der Front bevorzugt. Er selbst antwortet darauf, dass die Sternenflotte jenseits solcher Stereotypen sein sollte.\r\n\r\n<hr \/>\r\n\r\n<h2><a id=\"lebenslauf\"><\/a>Lebenslauf<\/h2>\r\nAmsi Utsur wurde am 13.09.2393 (F\u00f6derationsstandard) auf Qualor II, eine F\u00f6derationswelt mit Zakdornpr\u00e4senz, geboren.\r\n<h3>Kindheit und Jugend<\/h3>\r\nZwar besa\u00df Amsi wie viele seiner Altersgenossen schon fr\u00fch ein weit entwickeltes taktisches Denken, dass durch das Bildungssystem seiner Spezies auch gef\u00f6rdert wurde, allerdings interessierte er sich weniger f\u00fcr taktische Simulationen und Strategiespiele als andere. Viel mehr faszinierten ihn die Spielbretter und Simulatoren, mit denen diese durchgef\u00fchrt wurden und er begann fr\u00fch, erst solche zu zerlegen, dann zu reparieren und schlie\u00dflich zu modifizieren.\r\n<h3>Ausbildung<\/h3>\r\nW\u00e4hrend seiner Schulzeit geriet er in Streit mit einem anderen Zakdorn &#8211; wie so oft in jungen Jahren ging es dabei um ein M\u00e4dchen (dass diese an keinem der beiden Interesse hatte und am Ende mit einer Schulkameradin ausging, steht auf einem anderen Blatt). Da der andere Junge die besseren Noten in Strategie hatte, willigte dieser zu einem Duell in einem Strategiespiel ein. Amsi manipulierte das Szenario aber im Vorfeld, so dass sein Rivale keine Chance hatte. Als dies untersucht wurde, wurde Amsi wegen Manipulation der Simulatoren verwarnt, aber gleichzeitig erhielt er eine Bestnote, da er die Bedingungen taktisch zu seinen Gunsten ver\u00e4ndert und seinen Rivalen in eine Falle gelockt hatte.\r\n<h3>Karriere bei der Sternenflotte<\/h3>\r\nSehr zum Unmut seiner Familie &#8211; und Verwunderung seiner Ausbilder &#8211; besuchte Amsi auf der Sternenflottenakademie nicht die taktischen Seminare sondern belegte <strong>Technik<\/strong> und <strong>Operations<\/strong> als Hauptf\u00e4cher.\r\n\r\nInnerhalb dieser F\u00e4cher spezialisierte er sich recht schnell auf Softwareerstellung und -optimierung.\r\n<h3>Tabellarischer Lebenslauf<\/h3>\r\n<table style=\"border-collapse: collapse; width: 100%; height: 120px;\">\r\n<tbody>\r\n<tr style=\"height: 24px;\">\r\n<td style=\"width: 11.5075%; background-color: #ed801a; height: 24px;\"><strong>Jahr<\/strong><\/td>\r\n<td style=\"width: 88.4925%; background-color: #ed801a; height: 24px;\"><strong>Ereignis<\/strong><\/td>\r\n<\/tr>\r\n<tr style=\"height: 24px;\">\r\n<td style=\"width: 11.5075%; height: 24px;\">2416<\/td>\r\n<td style=\"width: 88.4925%; height: 24px;\">Abschluss der Sternenflottenakademie, Bef\u00f6rderung zum Ensign<\/td>\r\n<\/tr>\r\n<tr style=\"height: 24px;\">\r\n<td style=\"width: 11.5075%; height: 24px;\">Juni 2416<\/td>\r\n<td style=\"width: 88.4925%; height: 24px;\">Versetzung auf die USS Galathea, als Technischer Offizier<\/td>\r\n<\/tr>\r\n<tr style=\"height: 24px;\">\r\n<td style=\"width: 11.5075%; height: 24px;\"><\/td>\r\n<td style=\"width: 88.4925%; height: 24px;\"><\/td>\r\n<\/tr>\r\n<tr style=\"height: 24px;\">\r\n<td style=\"width: 11.5075%; height: 24px;\"><\/td>\r\n<td style=\"width: 88.4925%; height: 24px;\"><\/td>\r\n<\/tr>\r\n<\/tbody>\r\n<\/table>\r\n\r\n<hr \/>\r\n\r\n<h2><a id=\"psychologisches\"><\/a>Psychologisches Profil<\/h2>\r\nWie viele Zakdorn f\u00fchlt sich Amsi auf Grund seines Intellekts anderen \u00fcberlegen. Dies f\u00fchrt dazu, dass er sehr h\u00e4ufig glaubt, die beste Entscheidung treffen zu k\u00f6nnen und hier weder um Rat fragt, noch die Entscheidungen an h\u00f6hergestellte Offiziere \u00fcbergibt. Er neigt dazu, Entscheidungen von H\u00f6hergestellten zu analysieren und ungefragt seine Ansichten dazu, wie man das Vorgehen optimieren k\u00f6nnte, zu teilen, stellt die Befehlskette an sich aber nicht in Frage. Durch die Ansicht, selbst die beste Entscheidung treffen zu k\u00f6nnen, neigt Amsi dazu, zu wenig zu delegieren und sich zu \u00fcberarbeiten.\r\n<table style=\"width: 100%; border-collapse: collapse; border-style: none; height: 46px;\">\r\n<tbody>\r\n<tr style=\"height: 23px;\">\r\n<td style=\"width: 100%; border-style: none none none solid; border-left-width: 3px; background-color: #e6dfdf; height: 23px;\">Ensign Utsur ist, obgleich er versucht mit Stereotypen zu brechen, doch dahingehend ein typischer Zakdorn, als dass er auch soziale Situationen taktisch analysiert und sich oftmals f\u00fcr den \u00dcberlegenen im Raum h\u00e4lt. Immerhin gelingt es ihm, dies andere nicht so deutlich sp\u00fcren zu lassen, wie es viele andere Vertreter seiner Spezies tun. Wie viele junge Zakdorn frisch von der Akademie muss Ensign Utsur erst noch Bescheidenheit und Demut lernen.<\/td>\r\n<\/tr>\r\n<tr style=\"height: 23px;\">\r\n<td style=\"width: 100%; border-style: none; height: 23px;\">&#8212; Dr. Galen Powell, psychologischer Corps der Sternenflotte<\/td>\r\n<\/tr>\r\n<\/tbody>\r\n<\/table>\r\n<h3>St\u00e4rken &amp; Schw\u00e4chen<\/h3>\r\n<strong>Positiv:<\/strong>\r\n<ul>\r\n \t<li>Hoher Intellekt<\/li>\r\n \t<li>ausgepr\u00e4gtes taktisches Denken<\/li>\r\n \t<li>neigt dazu, alles was er tut abzusichern und Systeme redundant anzulegen<\/li>\r\n<\/ul>\r\n<strong>Negativ:<\/strong>\r\n<ul>\r\n \t<li>Selbst\u00fcbersch\u00e4tzung<\/li>\r\n \t<li>Kann schlecht delegieren<\/li>\r\n \t<li>gibt ungefragt Verbesserungsvorschl\u00e4ge<\/li>\r\n<\/ul>\r\n<strong>Vorlieben:<\/strong>\r\n<ul>\r\n \t<li>Technische Handb\u00fccher<\/li>\r\n \t<li>gl\u00e4nzende Werkzeuge<\/li>\r\n \t<li>seine Ruhe auf Arbeit<\/li>\r\n<\/ul>\r\n<strong>Abneigungen:\u00a0<\/strong>\r\n<ul>\r\n \t<li>Strategie- und Taktikspiele, inklusive Schach und Go in allen Varianten<\/li>\r\n<\/ul>\r\n<h3><a id=\"diziplin\"><\/a>Personalakte &amp; Disziplinarische Vermerke<\/h3>\r\n<ul>\r\n \t<li>keine besonderen Eintr\u00e4ge<\/li>\r\n<\/ul>\r\n\r\n<hr \/>\r\n\r\n<h2><a id=\"ausbildung\"><\/a>Ausbildung &amp; Spezialgebiete<\/h2>\r\n<h3>Zivile Vorbildung<\/h3>\r\nAmsi hat eine typische Schulbildung durchlaufen.\r\n<h3>Studien auf der Sternenflottenakademie<\/h3>\r\nSehr zum Unmut seiner Familie &#8211; und Verwunderung seiner Ausbilder &#8211; besuchte Amsi auf der Sternenflottenakademie nicht die taktischen Seminare sondern belegte <strong>Technik<\/strong> und <strong>Operations<\/strong> als Hauptf\u00e4cher.\r\n\r\nInnerhalb dieser F\u00e4cher spezialisierte er sich recht schnell auf Softwareerstellung und -optimierung. Er ist in der Lage, das Sternenflottenbetriebssystem an Bord eines Raumschiffs zu warten und zu modifizieren. Auch hat er sich in das Avatar-Programm der Galathea eingelesen.\r\n\r\n<strong>Hauptf\u00e4cher<\/strong>\r\n<ul>\r\n \t<li>Technik<\/li>\r\n \t<li>Operations<\/li>\r\n<\/ul>\r\n<strong>Nebenf\u00e4cher<\/strong>\r\n<ul>\r\n \t<li>Sensoranalytik<\/li>\r\n \t<li>Sensorkalibrierung<\/li>\r\n \t<li>Designprinzipien der Sternenflotten-Softwarearchitektur<\/li>\r\n<\/ul>\r\n<h2>Sprachen<\/h2>\r\n<span style=\"color: #999999;\"><em>Jeder Charakter sollte F\u00f6rderationsstandard beherrschen. Im Laufe der Ausbildung an der Akademie lernt der Charakter zudem mindestens eine Fremdsprache. Weitere Sprache k\u00f6nnen sich aus der Muttersprache oder durch Vorbildung ergeben.<\/em><\/span>\r\n<ul>\r\n \t<li>F\u00f6derationsstandard<\/li>\r\n \t<li>Vulkanisch<\/li>\r\n<\/ul>\r\n<h2><a id=\"spezies\"><\/a>Besonderheiten der eigenen Spezies<\/h2>\r\nZakdorn gelten innerhalb der Sternenflotte als \u00fcberragende Strategen und hervorragende Taktiker.\r\n<h2>Sonstiges<\/h2>\r\n<ul>\r\n \t<li>keine Besonderheiten<\/li>\r\n<\/ul>\r\n\r\n<hr \/>\r\n\r\n<h2><a id=\"hobbies\"><\/a>Hobbies<\/h2>\r\n<ul>\r\n \t<li>G\u00e4rtnerei<\/li>\r\n<\/ul>\r\n\r\n<hr \/>\r\n\r\n<h2><a id=\"medizinisches\"><\/a>Medizinisches Profil<\/h2>\r\nAmsi ist kerngesund\r\n\r\n<strong>Krankheiten &amp; Gesundheit:<\/strong>\r\n<ul>\r\n \t<li>keine<\/li>\r\n<\/ul>\r\n\r\n<hr \/>\r\n\r\n<h2><a id=\"familie\"><\/a>Familie<\/h2>\r\nAmsi ist ein Verwandter zweiten Grades der amtierenden FKOM &#8211; etwas, was er nicht zur Sprache bringt.\r\n<h2><a id=\"haustiere\"><\/a>Haustiere<\/h2>\r\nAmsi h\u00e4lt Haustierhaltung f\u00fcr barbarisch.\r\n\r\n<hr \/>\r\n\r\n<h2><a id=\"klassifiziert\"><\/a>Klassifizierte Sektion<\/h2>\r\n<ul>\r\n \t<li>Seine Verwandtschaft ist eher entt\u00e4uscht \u00fcber seine Berufswahl und so hat er von dieser keine Hilfe zu erwarten.<\/li>\r\n<\/ul>\r\n<!-- \/wp:post-content -->","protected":false},"excerpt":{"rendered":"<p>Amsi Utsur Status NPC Dienstliche Informationen Ranggrafik Rang Ensign Posten TO Stationierung USS Galathea Physische Beschreibung Spezies Zakdorn Geschlecht m Gr\u00f6\u00dfe \u00a0172 cm Gewicht \u00a083 kg Hautfarbe grau-br\u00e4unlich Haarfarbe rot-blond Augenfarbe dunkel bevorzugte Uniform-Variante Odyssey Biographische Informationen Geburtsort Qualor II Geburtstag 13.09.2393 Sexualit\u00e4t heterosexuell Familienstand ledig Familie Religion keine Politische informationen Buergerschaft F\u00f6derationsb\u00fcrger Inhalt Beschreibung [&hellip;]<\/p>\n","protected":false},"author":5,"featured_media":1128,"parent":2004,"menu_order":100,"comment_status":"closed","ping_status":"closed","template":"","meta":{"footnotes":""},"class_list":["post-8037","page","type-page","status-publish","has-post-thumbnail","hentry"],"publishpress_future_action":{"enabled":false,"date":"2026-05-08 21:46:55","action":"change-status","newStatus":"draft","terms":[],"taxonomy":"","extraData":[]},"publishpress_future_workflow_manual_trigger":{"enabledWorkflows":[]},"_links":{"self":[{"href":"https:\/\/www.sf-germany.org\/einheiten\/uss-galathea\/wp-json\/wp\/v2\/pages\/8037","targetHints":{"allow":["GET"]}}],"collection":[{"href":"https:\/\/www.sf-germany.org\/einheiten\/uss-galathea\/wp-json\/wp\/v2\/pages"}],"about":[{"href":"https:\/\/www.sf-germany.org\/einheiten\/uss-galathea\/wp-json\/wp\/v2\/types\/page"}],"author":[{"embeddable":true,"href":"https:\/\/www.sf-germany.org\/einheiten\/uss-galathea\/wp-json\/wp\/v2\/users\/5"}],"replies":[{"embeddable":true,"href":"https:\/\/www.sf-germany.org\/einheiten\/uss-galathea\/wp-json\/wp\/v2\/comments?post=8037"}],"version-history":[{"count":4,"href":"https:\/\/www.sf-germany.org\/einheiten\/uss-galathea\/wp-json\/wp\/v2\/pages\/8037\/revisions"}],"predecessor-version":[{"id":8301,"href":"https:\/\/www.sf-germany.org\/einheiten\/uss-galathea\/wp-json\/wp\/v2\/pages\/8037\/revisions\/8301"}],"up":[{"embeddable":true,"href":"https:\/\/www.sf-germany.org\/einheiten\/uss-galathea\/wp-json\/wp\/v2\/pages\/2004"}],"wp:featuredmedia":[{"embeddable":true,"href":"https:\/\/www.sf-germany.org\/einheiten\/uss-galathea\/wp-json\/wp\/v2\/media\/1128"}],"wp:attachment":[{"href":"https:\/\/www.sf-germany.org\/einheiten\/uss-galathea\/wp-json\/wp\/v2\/media?parent=8037"}],"curies":[{"name":"wp","href":"https:\/\/api.w.org\/{rel}","templated":true}]}}