{"id":8072,"date":"2024-01-04T10:37:23","date_gmt":"2024-01-04T09:37:23","guid":{"rendered":"https:\/\/www.sf-germany.org\/einheiten\/uss-galathea\/?page_id=8072"},"modified":"2024-06-19T13:01:13","modified_gmt":"2024-06-19T11:01:13","slug":"xinxin","status":"publish","type":"page","link":"https:\/\/www.sf-germany.org\/einheiten\/uss-galathea\/die-crew\/nichtspielercharaktere\/xinxin\/","title":{"rendered":"Xinxin"},"content":{"rendered":"<div style=\"float: right; margin-left: 15px; margin-bottom: 15px; font-size: 11px; min-width: 350px; width: 25%; padding-left: 10px; padding-right: 10px;\">\r\n<table style=\"width: 100%; border: 0px outset #003366; background: #ffffff; box-shadow: rgba(255, 255, 255, 0.75) 0.1em 0.1em 0.5em; border-radius: 1em; height: 551px;\" border=\"3\" cellspacing=\"10\" align=\"right\">\r\n<tbody>\r\n<tr style=\"height: 15px;\">\r\n<td style=\"font-weight: bold; border: 0px solid transparent; width: 100%; height: 15px;\" colspan=\"2\" align=\"center\"><\/td>\r\n<\/tr>\r\n<tr style=\"height: 144px;\">\r\n<td style=\"background: transparent; border: 0px solid transparent; width: 100%; height: 144px;\" colspan=\"2\" align=\"center\"><!-- hier das Charakterbild einf\u00fcgen -->\r\n\r\n<figure id=\"attachment_1126\" aria-describedby=\"caption-attachment-1126\" style=\"width: 452px\" class=\"wp-caption alignnone\"><img loading=\"lazy\" decoding=\"async\" class=\"wp-image-1126 size-full\" src=\"https:\/\/www.sf-germany.org\/einheiten\/uss-galathea\/wp-content\/uploads\/2024\/01\/Xinxin_N_1_q.png\" alt=\"\" width=\"452\" height=\"375\" \/><figcaption id=\"caption-attachment-1126\" class=\"wp-caption-text\">Lizenz: CC BY-NC &#8211; https:\/\/app.artflow.ai\/<\/figcaption><\/figure><\/td>\r\n<\/tr>\r\n<tr style=\"height: 15px;\">\r\n<td style=\"font-weight: bold; border: 0px solid transparent; width: 100%; height: 15px;\" colspan=\"2\" align=\"center\"><span style=\"color: #000000;\">Yao Xinxin<\/span><\/td>\r\n<\/tr>\r\n<tr style=\"height: 15px;\">\r\n<td style=\"font-weight: bold; border: 0px solid transparent; width: 50%; height: 15px;\" align=\"right\" width=\"50%\">Status<\/td>\r\n<td style=\"border: 0px solid transparent; width: 50%; height: 15px;\" align=\"left\" width=\"50%\">npc<\/td>\r\n<\/tr>\r\n<tr style=\"height: 15px;\">\r\n<td style=\"font-weight: bold; border: 0px solid transparent; width: 50%; height: 15px;\" align=\"right\" width=\"50%\">Spieler<\/td>\r\n<td style=\"border: 0px solid transparent; width: 50%; height: 15px;\" align=\"left\" width=\"50%\">Isabelle<\/td>\r\n<\/tr>\r\n<tr style=\"height: 15px;\">\r\n<td style=\"font-weight: bold; border: 0px solid #003366; background: #555555; box-shadow: rgba(255, 255, 255, 0.75) 0.1em 0.1em 0.5em; border-radius: 1em; width: 100%; height: 15px;\" colspan=\"2\" align=\"center\"><span style=\"color: #ffffff;\">Dienstliche Informationen<\/span><\/td>\r\n<\/tr>\r\n<tr style=\"height: 16px;\">\r\n<td style=\"font-weight: bold; border: 0px solid transparent; width: 50%; text-align: right; height: 16px;\">Ranggrafik<\/td>\r\n<td style=\"border: 0px solid transparent; width: 50%; height: 16px;\"><img loading=\"lazy\" decoding=\"async\" class=\"alignnone\" src=\"https:\/\/www.sf-germany.com\/images\/schemata\/variant\/gelb\/crwm.jpg\" alt=\"\" width=\"100\" height=\"25\" \/><\/td>\r\n<\/tr>\r\n<tr style=\"height: 15px;\">\r\n<td style=\"font-weight: bold; border: 0px solid transparent; width: 50%; height: 15px;\" align=\"right\" width=\"50%\">Rang<\/td>\r\n<td style=\"border: 0px solid transparent; width: 50%; height: 15px;\" align=\"left\" width=\"50%\">Crewwoman<\/td>\r\n<\/tr>\r\n<tr style=\"height: 15px;\">\r\n<td style=\"font-weight: bold; border: 0px solid transparent; width: 50%; height: 15px;\" align=\"right\" width=\"50%\">Posten<\/td>\r\n<td style=\"border: 0px solid transparent; width: 50%; height: 15px;\" align=\"left\" width=\"50%\">Shuttlewart<\/td>\r\n<\/tr>\r\n<tr style=\"height: 15px;\">\r\n<td style=\"font-weight: bold; border: 0px solid transparent; width: 50%; height: 15px;\" align=\"right\" width=\"50%\">Stationierung<\/td>\r\n<td style=\"border: 0px solid transparent; width: 50%; height: 15px;\" align=\"left\" width=\"50%\">Flugabtlg. USS Galathea<\/td>\r\n<\/tr>\r\n<tr style=\"height: 15px;\">\r\n<td style=\"font-weight: bold; border: 0px solid #003366; background: #555555; box-shadow: rgba(255, 255, 255, 0.75) 0.1em 0.1em 0.5em; border-radius: 1em; width: 100%; height: 15px;\" colspan=\"2\" align=\"center\"><span style=\"color: #ffffff;\">Physische Beschreibung<\/span><\/td>\r\n<\/tr>\r\n<tr style=\"height: 15px;\">\r\n<td style=\"font-weight: bold; border: 0px solid transparent; width: 50%; height: 15px;\" align=\"right\" width=\"50%\">Spezies<\/td>\r\n<td style=\"border: 0px solid transparent; width: 50%; height: 15px;\" align=\"left\" width=\"50%\">Mensch, Chinesin<\/td>\r\n<\/tr>\r\n<tr style=\"height: 15px;\">\r\n<td style=\"font-weight: bold; border: 0px solid transparent; width: 50%; height: 15px;\" align=\"right\" width=\"50%\">Geschlecht<\/td>\r\n<td style=\"border: 0px solid transparent; width: 50%; height: 15px;\" align=\"left\" width=\"50%\">weiblich<\/td>\r\n<\/tr>\r\n<tr style=\"height: 16px;\">\r\n<td style=\"font-weight: bold; border: 0px solid transparent; width: 50%; text-align: right; height: 16px;\">Alter<\/td>\r\n<td style=\"border: 0px solid transparent; width: 50%; height: 16px;\">22 Jahre<\/td>\r\n<\/tr>\r\n<tr style=\"height: 15px;\">\r\n<td style=\"font-weight: bold; border: 0px solid transparent; width: 50%; height: 15px;\" align=\"right\" width=\"50%\">Gr\u00f6\u00dfe<\/td>\r\n<td style=\"border: 0px solid transparent; width: 50%; height: 15px;\" align=\"left\" width=\"50%\">\u00a0165 cm<\/td>\r\n<\/tr>\r\n<tr style=\"height: 15px;\">\r\n<td style=\"font-weight: bold; border: 0px solid transparent; width: 50%; height: 15px;\" align=\"right\" width=\"50%\">Gewicht<\/td>\r\n<td style=\"border: 0px solid transparent; width: 50%; height: 15px;\" align=\"left\" width=\"50%\">\u00a062 kg<\/td>\r\n<\/tr>\r\n<tr style=\"height: 15px;\">\r\n<td style=\"font-weight: bold; border: 0px solid transparent; width: 50%; height: 15px;\" align=\"right\" width=\"50%\">Hautfarbe<\/td>\r\n<td style=\"border: 0px solid transparent; width: 50%; height: 15px;\" align=\"left\" width=\"50%\">\u00a0asiatisch<\/td>\r\n<\/tr>\r\n<tr style=\"height: 15px;\">\r\n<td style=\"font-weight: bold; border: 0px solid transparent; width: 50%; height: 15px;\" align=\"right\" width=\"50%\">Augenfarbe<\/td>\r\n<td style=\"border: 0px solid transparent; width: 50%; height: 15px;\" align=\"left\" width=\"50%\">dunkelbraun<\/td>\r\n<\/tr>\r\n<tr style=\"height: 15px;\">\r\n<td style=\"font-weight: bold; border: 0px solid transparent; width: 50%; text-align: right; height: 15px;\">bevorzugte Uniform-Variante<\/td>\r\n<td style=\"border: 0px solid transparent; width: 50%; height: 15px;\">Fliegerkombi \/ Coverall<\/td>\r\n<\/tr>\r\n<tr style=\"height: 15px;\">\r\n<td style=\"font-weight: bold; border: 0px solid #003366; background: #555555; box-shadow: rgba(255, 255, 255, 0.75) 0.1em 0.1em 0.5em; border-radius: 1em; width: 100%; height: 15px;\" colspan=\"2\" align=\"center\"><span style=\"color: #ffffff;\">Biographische Informationen<\/span><\/td>\r\n<\/tr>\r\n<tr style=\"height: 15px;\">\r\n<td style=\"font-weight: bold; border: 0px solid transparent; width: 50%; height: 15px;\" align=\"right\" width=\"50%\">Geburtsort<\/td>\r\n<td style=\"border: 0px solid transparent; width: 50%; height: 15px;\" align=\"left\" width=\"50%\">Ningyang \/ Liuen III \/ Draylon-Sektor<\/td>\r\n<\/tr>\r\n<tr style=\"height: 15px;\">\r\n<td style=\"font-weight: bold; border: 0px solid transparent; width: 50%; height: 15px;\" align=\"right\" width=\"50%\">Geburtstag<\/td>\r\n<td style=\"border: 0px solid transparent; width: 50%; height: 15px;\" align=\"left\" width=\"50%\">20. 04. 2394<\/td>\r\n<\/tr>\r\n<tr style=\"height: 15px;\">\r\n<td style=\"font-weight: bold; border: 0px solid transparent; width: 50%; height: 15px;\" align=\"right\" width=\"50%\">Sexualit\u00e4t<\/td>\r\n<td style=\"border: 0px solid transparent; width: 50%; height: 15px;\" align=\"left\" width=\"50%\">Bi<\/td>\r\n<\/tr>\r\n<tr style=\"height: 15px;\">\r\n<td style=\"font-weight: bold; border: 0px solid transparent; width: 50%; height: 15px;\" align=\"right\" width=\"50%\">Familienstand<\/td>\r\n<td style=\"border: 0px solid transparent; width: 50%; height: 15px;\" align=\"left\" width=\"50%\">ledig<\/td>\r\n<\/tr>\r\n<tr style=\"height: 15px;\">\r\n<td style=\"font-weight: bold; border: 0px solid transparent; width: 50%; height: 15px;\" align=\"right\" width=\"50%\">Familie<\/td>\r\n<td style=\"border: 0px solid transparent; width: 50%; height: 15px;\" align=\"left\" width=\"50%\"><span style=\"text-decoration: underline;\">Mutter<\/span>: Yao Kaiwen, Hausfrau\r\n<span style=\"text-decoration: underline;\">Vater<\/span>: Yao Binjun, Koch\r\n3 Geschwister<\/td>\r\n<\/tr>\r\n<tr style=\"height: 15px;\">\r\n<td style=\"font-weight: bold; border: 0px solid transparent; width: 50%; height: 15px;\" align=\"right\" width=\"50%\">Religion<\/td>\r\n<td style=\"border: 0px solid transparent; width: 50%; height: 15px;\" align=\"left\" width=\"50%\">keine<\/td>\r\n<\/tr>\r\n<tr style=\"height: 15px;\">\r\n<td style=\"font-weight: bold; border: 0px solid #003366; background: #555555; box-shadow: rgba(255, 255, 255, 0.75) 0.1em 0.1em 0.5em; border-radius: 1em; width: 100%; height: 15px;\" colspan=\"2\" align=\"center\"><span style=\"color: #ffffff;\">Politische informationen<\/span><\/td>\r\n<\/tr>\r\n<tr style=\"height: 15px;\">\r\n<td style=\"font-weight: bold; border: 0px solid transparent; width: 50%; height: 15px;\" align=\"right\" width=\"50%\">B\u00fcrgerschaft<\/td>\r\n<td style=\"border: 0px solid transparent; width: 50%; height: 15px;\" align=\"left\" width=\"50%\">UFP<\/td>\r\n<\/tr>\r\n<\/tbody>\r\n<\/table>\r\n<\/div>\r\n<!-- Inhaltsverzeichnis -->\r\n<div style=\"width: 25%; padding: 10px; margin-bottom: 15px; font-size: 11px; border: 1px solid #333333; display: inline-block;\">\r\n\r\n<strong>Inhalt<\/strong>\r\n<ul>\r\n \t<li><a href=\"#beschreibung\">Beschreibung<\/a><\/li>\r\n \t<li><a href=\"#lebenslauf\">Lebenslauf<\/a><\/li>\r\n \t<li><a href=\"#psychologisches\">Psychologisches Profil<\/a><\/li>\r\n \t<li><a href=\"#disziplin\">Disziplinarische Vermerke<\/a><\/li>\r\n \t<li><a href=\"#ausbildung\">Ausbildung &amp; Spezialgebiete<\/a><\/li>\r\n \t<li><a href=\"#spezies\">Besonderheiten<\/a><\/li>\r\n \t<li><a href=\"#hobbies\">Hobbies<\/a><\/li>\r\n \t<li><a href=\"#medizinisches\">Medizinisches Profil<\/a><\/li>\r\n \t<li><a href=\"#familie\">Familie<\/a><\/li>\r\n \t<li><a href=\"#haustiere\">Haustiere<\/a><\/li>\r\n \t<li><a href=\"#klassifiziert\">Klassifizierte Sektion<\/a><\/li>\r\n<\/ul>\r\n<!-- Ende des Inhaltsverzeichnis -->\r\n\r\n<\/div>\r\n<!-- Inhalte -->\r\n<h2><a id=\"beschreibung\"><\/a>Beschreibung<\/h2>\r\nXinxin ist eine kleine, drahtige Chinesin, deren gr\u00f6\u00dfte Leidenschaft es ist, kleine schnelle Raumfahrzeuge in Rennen zu fliegen. Dabei kommt es ihr auf Geschwindigkeit ebenso an wie auf Man\u00f6vrierf\u00e4higkeit. Schnell und flink, das ist ihre Devise.\r\n\r\nZu ihrer Familie hat sie keinen Kontakt mehr. Daf\u00fcr hat sie in der Avis Li-Ti eine echte Freundin gefunden, mit der sie ihre Freizeit verbringt.\r\nSeit j\u00fcngster Zeit arbeitet Xinxin als Shuttlewart auf dem Flugdeck der USS Galathea.\r\n\r\n<hr \/>\r\n\r\n<h2><a id=\"lebenslauf\"><\/a>Lebenslauf<\/h2>\r\n<h3>Kindheit und Jugend<\/h3>\r\nXinxin wurde auf Liuen III im Draylon Sektor (D5) geboren. Ihr Elternhaus war eine normale Sozialwohnung in Ningyang, einer typischen stark chinesisch gepr\u00f6gten Kleinstadt.\r\n\r\nIhre Kindheit war gepr\u00e4gt von Machtk\u00e4mpfen innerhalb der Gemeinde. Vor allem in der Schule gab es eine Jugendbande, die sich immer wieder durch reine K\u00f6rperkraft durchzusetzen vermochte. Damals hatte Xinxin gelernt, sich durch Schnelligkeit und Gewandtheit den Drangsalierungen durch die anderen zu entziehen. Meistens gelang ihr das auch.\r\n\r\nDas Verh\u00e4ltnis zu ihrer Familie ist gelinde gesagt schlecht. Ihr Vater arbeitet 10 Stunden am Tag und ihre Mutter ist aufgrund einer psychischen Erkrankung kaum in der Lage, die vier Kinder zu erziehen. Xinxin als die \u00e4lteste hatte immer einen Gro\u00dfteil des Haushaltes neben der Schule zu machen, weshalb in ihr der Wunsch wuchs, so schnell wie m\u00f6glich auszuziehen und fortzugehen. Entsprechend ist Xinxins Verantwortungsgef\u00fchl gegen\u00fcber ihrer Familie nicht besonders ausgepr\u00e4gt.\r\n<h3>Ausbildung<\/h3>\r\nXinxin hatte eine durchschnittliche Schulbildung genossen. Schon w\u00e4hrend ihrer Schulzeit hatte sie viel Zeit auf dem Raumlandefeld ihrer Stadt verbracht und versucht, sich mit den Piloten und Raumfahrern dort anzufreunden, was ihr aber nur in den seltensten F\u00e4llen gelang.\r\n\r\nNach Abschluss der Schule hatte Xinxin ihre Bem\u00fchungen dann intensiviert und tats\u00e4chlich gelang es ihr, auf einem der Frachter als Hilfsmechanikerin anzuheuern. Ihre Eltern waren entsetzt, doch da Xinxin bereits vollj\u00e4hrig war, konnten sie nichts dagegen tun. Xinxin nimmt an, dass die Eltern vor allem der Verlust ihrer Arbeitskraft schmerzte.\r\n\r\nSeit diesem Zeitpunkt hatte Xinxin keinen echten Kontakt mehr mit ihrer Familie.\r\n<h3>Karriere bei der Sternenflotte<\/h3>\r\nXinxin ist erst seit allerj\u00fcngster Zeit Mitglied der Sternenflotte. Nach dem erfolglosen Rennen im Raum der Tzenkethi wurde sie und ihre Freundin Li-Ti von der Sternenflotte aufgenomemn. Da ihre Freundin Li-Ti das Angebot der Flotte angenommen hatte, als Shuttlewart zu arbeiten, schloss Xinxin sich an.\r\n\r\nIhr Hauptziel ist es, ihr eigenes Schiff, die Shuangbaotai (&#8222;Zwilling&#8220;) wieder zu reparieren, doch das wird noch einige Zeit in Anspruch nehmen.\r\n<h3>Tabellarischer Lebenslauf<\/h3>\r\n<table style=\"border-collapse: collapse; width: 100%; height: 259px;\">\r\n<tbody>\r\n<tr style=\"height: 23px;\">\r\n<td style=\"width: 5.75375%; background-color: #ed801a; height: 23px;\"><strong>Jahr<\/strong><\/td>\r\n<td style=\"width: 5.75375%; background-color: #ed801a; height: 23px;\"><strong>Alter<\/strong><\/td>\r\n<td style=\"width: 88.4925%; background-color: #ed801a; height: 23px;\"><strong>Ereignis<\/strong><\/td>\r\n<\/tr>\r\n<tr style=\"height: 24px;\">\r\n<td style=\"width: 5.75375%; height: 24px;\">2394<\/td>\r\n<td style=\"width: 5.75375%; height: 24px;\">0<\/td>\r\n<td style=\"width: 88.4925%; height: 24px;\"><span style=\"font-weight: 400;\">Geburt in der Stadt Ningyang auf Liuen III im Draylon Sektor<\/span><\/td>\r\n<\/tr>\r\n<tr style=\"height: 23px;\">\r\n<td style=\"width: 5.75375%; height: 23px;\">2399<\/td>\r\n<td style=\"width: 5.75375%; height: 23px;\">5<\/td>\r\n<td style=\"width: 88.4925%; height: 23px;\" width=\"491\"><span style=\"font-weight: 400;\">Eintritt in die Grundschule von Ningyang<\/span><\/td>\r\n<\/tr>\r\n<tr style=\"height: 23px;\">\r\n<td style=\"width: 5.75375%; height: 23px;\">2403<\/td>\r\n<td style=\"width: 5.75375%; height: 23px;\">9<\/td>\r\n<td style=\"width: 88.4925%; height: 23px;\" width=\"491\">Wechsel zur weiterf\u00fchrenden Schule<\/td>\r\n<\/tr>\r\n<tr style=\"height: 23px;\">\r\n<td style=\"width: 5.75375%; height: 23px;\">2405<\/td>\r\n<td style=\"width: 5.75375%; height: 23px;\">11<\/td>\r\n<td style=\"width: 88.4925%; height: 23px;\" width=\"491\">Wechsel zur Oberstufe<\/td>\r\n<\/tr>\r\n<tr style=\"height: 23px;\">\r\n<td style=\"width: 5.75375%; height: 23px;\">2411<\/td>\r\n<td style=\"width: 5.75375%; height: 23px;\">14<\/td>\r\n<td style=\"width: 88.4925%; height: 23px;\" width=\"491\">Errerichung der Vollj\u00e4hrigkeit. Schulabschluss und Beginn ihrer Ausbildung zu Bordingenieurin auf dem Frachter &#8222;Damskus&#8220;<\/td>\r\n<\/tr>\r\n<tr style=\"height: 24px;\">\r\n<td style=\"width: 5.75375%; height: 24px;\">2416<\/td>\r\n<td style=\"width: 5.75375%; height: 24px;\">22<\/td>\r\n<td style=\"width: 88.4925%; height: 24px;\" width=\"491\">Gegenwart<\/td>\r\n<\/tr>\r\n<\/tbody>\r\n<\/table>\r\n\r\n<hr \/>\r\n\r\n<h2><a id=\"psychologisches\"><\/a>Psychologisches Profil<\/h2>\r\n<span style=\"font-weight: 400;\">Xinxin ist eine ausgesprochen neugierige junge Frau, die gelernt hat, dass man durch Zur\u00fcckhaltung und Demut nichts im Leben erreichen kann. Sie ist daher recht forsch, kann aber, wenn sie merkt, dass sie durch ihr Gegen\u00fcber anerkannt wird, auch wieder sehr freundlich und nett sein.<\/span>\r\n\r\n<span style=\"font-weight: 400;\">Xinxin hat nie eine milit\u00e4rische Ausbildug gehabt und hat sich daher eher flapsige Umgangsformen angew\u00f6hnt.<\/span>\r\n<h3>St\u00e4rken &amp; Schw\u00e4chen<\/h3>\r\n<strong>Positiv:<\/strong>\r\n<ul>\r\n \t<li>zielorientiert<\/li>\r\n \t<li>starker Wille<\/li>\r\n \t<li>agil, gelenkig<\/li>\r\n<\/ul>\r\n<strong>Negativ:<\/strong>\r\n<ul>\r\n \t<li>impulsiv<\/li>\r\n \t<li>unp\u00fcnktlich \/ sehr schlechtes Zeitgef\u00fchl<\/li>\r\n \t<li>leicht reizbar<\/li>\r\n \t<li>dickk\u00f6pfig<\/li>\r\n<\/ul>\r\n<strong>Vorlieben:<\/strong>\r\n<ul>\r\n \t<li>W\u00e4rme Sonne, Baden (nicht schwimmen &#8211; das kann sie nicht)<\/li>\r\n \t<li>Tai Chi<\/li>\r\n \t<li>Schwertkampf<\/li>\r\n \t<li>Shuttlerennen (hauptberuflich)<\/li>\r\n \t<li>Basteln, T\u00fcfteln<\/li>\r\n \t<li>Modellbau mit Klemmbausteinen<\/li>\r\n<\/ul>\r\n<strong>Abneigungen:\u00a0<\/strong>\r\n<ul>\r\n \t<li>Papierkram, Verwaltungsarbeiten<\/li>\r\n \t<li>K\u00e4lte, Dunkelheit<\/li>\r\n<\/ul>\r\n<h3><a id=\"diziplin\"><\/a>Personalakte &amp; Disziplinarische Vermerke<\/h3>\r\n<ul>\r\n \t<li>keine<\/li>\r\n<\/ul>\r\n\r\n<hr \/>\r\n\r\n<h2><a id=\"ausbildung\"><\/a>Ausbildung &amp; Spezialgebiete<\/h2>\r\n<h3>Zivile Vorbildung<\/h3>\r\n<ul>\r\n \t<li>\u00fcbliche Schulbildung<\/li>\r\n \t<li><span style=\"font-weight: 400;\">Ausbildung zur Shuttlemachatrinikerin mit Spezialgebiet der Hochenergietechnik<\/span><\/li>\r\n<\/ul>\r\n<h3>Studien auf der Sternenflottenakademie<\/h3>\r\n<ul>\r\n \t<li>Xinxin hat die Sternenflottenakademie nie besucht<\/li>\r\n<\/ul>\r\n<h2>Sprachen<\/h2>\r\n<ul>\r\n \t<li><span style=\"font-weight: 400;\">P\u01d4t\u014dnghu\u00e0 (Hochchinesisch)<\/span><\/li>\r\n \t<li>F\u00f6derationsstandard (mit Akzent)<\/li>\r\n \t<li>Cardassianisch (mit starkem Akzent)<\/li>\r\n<\/ul>\r\n<h2><a id=\"spezies\"><\/a>Besonderheiten der eigenen Spezies<\/h2>\r\n<ul>\r\n \t<li><span style=\"font-weight: 400;\">Xinxin ist eine Chinesin und damit ein Mensch. Daher weist sie keine speziesspezifischen besonderheiten auf.<\/span><\/li>\r\n<\/ul>\r\n<h2>Sonstiges<\/h2>\r\n<ul>\r\n \t<li><span style=\"font-weight: 400;\">Xinxin bedeutet soviel wie Wahrheit oder Zuversicht. Das ist insofern lustig, da das eine mit dem anderen nichts zu tun hat. Xinxin ist durchaus in der Lage gut zu l\u00fcgen, aber ihre Zuversicht hat sie bei allen R\u00fcckschl\u00e4gen in ihrem Leben nie verloren.<\/span><\/li>\r\n<\/ul>\r\n\r\n<hr \/>\r\n\r\n<h2><a id=\"hobbies\"><\/a>Hobbies<\/h2>\r\n<ul>\r\n \t<li><span style=\"font-weight: 400;\">siehe Vorlieben (oben)<\/span><\/li>\r\n \t<li><span style=\"font-weight: 400;\">Xinxin besitzt ein echtes, antikes Jian, ein zweischneidiges chinesisches Langschwert mit einer 80cm langen Kinge. Daher hat sie sich auch den Begriff &#8222;Jian&#8220; als Callsign gew\u00e4hlt.<\/span><\/li>\r\n<\/ul>\r\n\r\n<hr \/>\r\n\r\n<h2><a id=\"medizinisches\"><\/a>Medizinisches Profil<\/h2>\r\n<ul>\r\n \t<li>Xinxin erfreut sich ausgezeichneter Gesundheit und wurde gegen jeden bekannten Erreger geimpft.<\/li>\r\n<\/ul>\r\n\r\n<hr \/>\r\n\r\n<h2><a id=\"familie\"><\/a>Familie<\/h2>\r\n<ul>\r\n \t<li>Mutter: <span style=\"font-weight: 400;\">Yao Kaiwen<\/span><\/li>\r\n \t<li>Vater: <span style=\"font-weight: 400;\">Yao Binyun<\/span><\/li>\r\n \t<li>3 Geschwister<\/li>\r\n<\/ul>\r\n<h2><a id=\"haustiere\"><\/a>Haustiere<\/h2>\r\n<ul>\r\n \t<li><span style=\"font-weight: 400;\">Xinxin kein Interesse an Tieren<\/span>.<\/li>\r\n<\/ul>\r\n\r\n<hr \/>\r\n\r\n<h2><a id=\"klassifiziert\"><\/a>Klassifizierte Sektion<\/h2>\r\n<ul>\r\n \t<li>keine Eintr\u00e4ge<\/li>\r\n<\/ul>\r\n<!-- \/wp:post-content -->","protected":false},"excerpt":{"rendered":"<p>Yao Xinxin Status npc Spieler Isabelle Dienstliche Informationen Ranggrafik Rang Crewwoman Posten Shuttlewart Stationierung Flugabtlg. USS Galathea Physische Beschreibung Spezies Mensch, Chinesin Geschlecht weiblich Alter 22 Jahre Gr\u00f6\u00dfe \u00a0165 cm Gewicht \u00a062 kg Hautfarbe \u00a0asiatisch Augenfarbe dunkelbraun bevorzugte Uniform-Variante Fliegerkombi \/ Coverall Biographische Informationen Geburtsort Ningyang \/ Liuen III \/ Draylon-Sektor Geburtstag 20. 04. 2394 [&hellip;]<\/p>\n","protected":false},"author":18,"featured_media":1126,"parent":2004,"menu_order":10,"comment_status":"closed","ping_status":"closed","template":"","meta":{"footnotes":""},"class_list":["post-8072","page","type-page","status-publish","has-post-thumbnail","hentry"],"publishpress_future_action":{"enabled":false,"date":"2026-05-09 05:10:36","action":"change-status","newStatus":"draft","terms":[],"taxonomy":"","extraData":[]},"publishpress_future_workflow_manual_trigger":{"enabledWorkflows":[]},"_links":{"self":[{"href":"https:\/\/www.sf-germany.org\/einheiten\/uss-galathea\/wp-json\/wp\/v2\/pages\/8072","targetHints":{"allow":["GET"]}}],"collection":[{"href":"https:\/\/www.sf-germany.org\/einheiten\/uss-galathea\/wp-json\/wp\/v2\/pages"}],"about":[{"href":"https:\/\/www.sf-germany.org\/einheiten\/uss-galathea\/wp-json\/wp\/v2\/types\/page"}],"author":[{"embeddable":true,"href":"https:\/\/www.sf-germany.org\/einheiten\/uss-galathea\/wp-json\/wp\/v2\/users\/18"}],"replies":[{"embeddable":true,"href":"https:\/\/www.sf-germany.org\/einheiten\/uss-galathea\/wp-json\/wp\/v2\/comments?post=8072"}],"version-history":[{"count":7,"href":"https:\/\/www.sf-germany.org\/einheiten\/uss-galathea\/wp-json\/wp\/v2\/pages\/8072\/revisions"}],"predecessor-version":[{"id":8969,"href":"https:\/\/www.sf-germany.org\/einheiten\/uss-galathea\/wp-json\/wp\/v2\/pages\/8072\/revisions\/8969"}],"up":[{"embeddable":true,"href":"https:\/\/www.sf-germany.org\/einheiten\/uss-galathea\/wp-json\/wp\/v2\/pages\/2004"}],"wp:featuredmedia":[{"embeddable":true,"href":"https:\/\/www.sf-germany.org\/einheiten\/uss-galathea\/wp-json\/wp\/v2\/media\/1126"}],"wp:attachment":[{"href":"https:\/\/www.sf-germany.org\/einheiten\/uss-galathea\/wp-json\/wp\/v2\/media?parent=8072"}],"curies":[{"name":"wp","href":"https:\/\/api.w.org\/{rel}","templated":true}]}}