{"id":8590,"date":"2024-03-18T05:59:59","date_gmt":"2024-03-18T04:59:59","guid":{"rendered":"https:\/\/www.sf-germany.org\/einheiten\/uss-galathea\/?page_id=8590"},"modified":"2024-03-25T13:20:59","modified_gmt":"2024-03-25T12:20:59","slug":"guinevere-morgane-legard","status":"publish","type":"page","link":"https:\/\/www.sf-germany.org\/einheiten\/uss-galathea\/uss-galathea\/log\/missionen\/07-alles-retro\/guinevere-morgane-legard\/","title":{"rendered":"Guinevere Morgane Legard"},"content":{"rendered":"<div style=\"float: right; margin-left: 15px; margin-bottom: 15px; font-size: 11px; min-width: 350px; width: 25%; padding-left: 10px; padding-right: 10px;\">\r\n<table style=\"width: 100%; border: 0px outset #003366; background: #ffffff; box-shadow: rgba(255, 255, 255, 0.75) 0.1em 0.1em 0.5em; border-radius: 1em; height: 609px;\" border=\"3\" cellspacing=\"10\" align=\"right\">\r\n<tbody>\r\n<tr style=\"height: 15px;\">\r\n<td style=\"font-weight: bold; border: 0px solid transparent; width: 100%; height: 15px;\" colspan=\"2\" align=\"center\"><\/td>\r\n<\/tr>\r\n<tr style=\"height: 144px;\">\r\n<td style=\"background: transparent; border: 0px solid transparent; width: 100%; height: 144px;\" colspan=\"2\" align=\"center\"><!-- hier das Charakterbild einf\u00fcgen -->\r\n<img loading=\"lazy\" decoding=\"async\" class=\"alignnone size-medium wp-image-8591\" src=\"https:\/\/www.sf-germany.org\/einheiten\/uss-galathea\/wp-content\/uploads\/2024\/03\/Download.jpeg-7-200x300.jpg\" alt=\"\" width=\"200\" height=\"300\" srcset=\"https:\/\/www.sf-germany.org\/einheiten\/uss-galathea\/wp-content\/uploads\/2024\/03\/Download.jpeg-7-200x300.jpg 200w, https:\/\/www.sf-germany.org\/einheiten\/uss-galathea\/wp-content\/uploads\/2024\/03\/Download.jpeg-7.jpg 512w\" sizes=\"auto, (max-width: 200px) 100vw, 200px\" \/><em>img: https:\/\/perchance.org\/ai-character-generator<\/em><\/td>\r\n<\/tr>\r\n<tr style=\"height: 15px;\">\r\n<td style=\"font-weight: bold; border: 0px solid transparent; width: 100%; height: 15px;\" colspan=\"2\" align=\"center\"><b>Guinevere Morgane Legard<\/b><\/td>\r\n<\/tr>\r\n<tr style=\"height: 15px;\">\r\n<td style=\"font-weight: bold; border: 0px solid transparent; width: 50%; height: 15px;\" align=\"right\" width=\"50%\">Status<\/td>\r\n<td style=\"border: 0px solid transparent; width: 50%; height: 15px;\" align=\"left\" width=\"50%\">NPC*<\/td>\r\n<\/tr>\r\n<tr style=\"height: 15px;\">\r\n<td style=\"font-weight: bold; border: 0px solid transparent; width: 50%; height: 15px;\" align=\"right\" width=\"50%\">Spieler<\/td>\r\n<td style=\"border: 0px solid transparent; width: 50%; height: 15px;\" align=\"left\" width=\"50%\">Spielername<\/td>\r\n<\/tr>\r\n<tr style=\"height: 15px;\">\r\n<td style=\"font-weight: bold; border: 0px solid #003366; background: #555555; box-shadow: rgba(255, 255, 255, 0.75) 0.1em 0.1em 0.5em; border-radius: 1em; width: 100%; height: 15px;\" colspan=\"2\" align=\"center\"><span style=\"color: #ffffff;\">Dienstliche Informationen<\/span><\/td>\r\n<\/tr>\r\n<tr style=\"height: 28px;\">\r\n<td style=\"font-weight: bold; border: 0px solid transparent; width: 50%; height: 28px;\" align=\"right\" width=\"50%\">Ranggrafik<\/td>\r\n<td style=\"border: 0px solid transparent; width: 50%; height: 28px;\" align=\"left\" width=\"50%\"><!-- Es gibt die R\u00e4nge in \/gelb\/, \/rot\/, \/blau\/ und \/wei\u00df\/, manche auch in \/gruen\/ -->\r\n<img loading=\"lazy\" decoding=\"async\" class=\"alignnone\" src=\"https:\/\/www.sf-germany.com\/images\/schemata\/sto\/rot\/cpt.png\" alt=\"Captain\" width=\"128\" height=\"32\" \/><\/td>\r\n<\/tr>\r\n<tr style=\"height: 16px;\">\r\n<td style=\"font-weight: bold; border: 0px solid transparent; width: 50%; text-align: right; height: 16px;\"><\/td>\r\n<td style=\"border: 0px solid transparent; width: 50%; height: 16px;\"><\/td>\r\n<\/tr>\r\n<tr style=\"height: 15px;\">\r\n<td style=\"font-weight: bold; border: 0px solid transparent; width: 50%; text-align: right; height: 15px;\"><\/td>\r\n<td style=\"border: 0px solid transparent; width: 50%; height: 15px;\"><\/td>\r\n<\/tr>\r\n<tr style=\"height: 16px;\">\r\n<td style=\"font-weight: bold; border: 0px solid transparent; width: 50%; height: 16px; text-align: right;\"><\/td>\r\n<td style=\"border: 0px solid transparent; width: 50%; height: 16px;\"><\/td>\r\n<\/tr>\r\n<tr style=\"height: 15px;\">\r\n<td style=\"font-weight: bold; border: 0px solid transparent; width: 50%; height: 15px;\" align=\"right\" width=\"50%\">Rang<\/td>\r\n<td style=\"border: 0px solid transparent; width: 50%; height: 15px;\" align=\"left\" width=\"50%\">Captain<\/td>\r\n<\/tr>\r\n<tr style=\"height: 15px;\">\r\n<td style=\"font-weight: bold; border: 0px solid transparent; width: 50%; height: 15px;\" align=\"right\" width=\"50%\">Posten<\/td>\r\n<td style=\"border: 0px solid transparent; width: 50%; height: 15px;\" align=\"left\" width=\"50%\">CO<\/td>\r\n<\/tr>\r\n<tr style=\"height: 15px;\">\r\n<td style=\"font-weight: bold; border: 0px solid transparent; width: 50%; height: 15px;\" align=\"right\" width=\"50%\">Stationierung<\/td>\r\n<td style=\"border: 0px solid transparent; width: 50%; height: 15px;\" align=\"left\" width=\"50%\">USS Licorne<\/td>\r\n<\/tr>\r\n<tr style=\"height: 15px;\">\r\n<td style=\"font-weight: bold; border: 0px solid #003366; background: #555555; box-shadow: rgba(255, 255, 255, 0.75) 0.1em 0.1em 0.5em; border-radius: 1em; width: 100%; height: 15px;\" colspan=\"2\" align=\"center\"><span style=\"color: #ffffff;\">Physische Beschreibung<\/span><\/td>\r\n<\/tr>\r\n<tr style=\"height: 15px;\">\r\n<td style=\"font-weight: bold; border: 0px solid transparent; width: 50%; height: 15px;\" align=\"right\" width=\"50%\">Spezies<\/td>\r\n<td style=\"border: 0px solid transparent; width: 50%; height: 15px;\" align=\"left\" width=\"50%\">Mensch<\/td>\r\n<\/tr>\r\n<tr style=\"height: 15px;\">\r\n<td style=\"font-weight: bold; border: 0px solid transparent; width: 50%; height: 15px;\" align=\"right\" width=\"50%\">Geschlecht<\/td>\r\n<td style=\"border: 0px solid transparent; width: 50%; height: 15px;\" align=\"left\" width=\"50%\">Weiblich<\/td>\r\n<\/tr>\r\n<tr style=\"height: 15px;\">\r\n<td style=\"font-weight: bold; border: 0px solid transparent; width: 50%; height: 15px;\" align=\"right\" width=\"50%\">Gr\u00f6\u00dfe<\/td>\r\n<td style=\"border: 0px solid transparent; width: 50%; height: 15px;\" align=\"left\" width=\"50%\">\u00a0160 cm<\/td>\r\n<\/tr>\r\n<tr style=\"height: 15px;\">\r\n<td style=\"font-weight: bold; border: 0px solid transparent; width: 50%; height: 15px;\" align=\"right\" width=\"50%\">Gewicht<\/td>\r\n<td style=\"border: 0px solid transparent; width: 50%; height: 15px;\" align=\"left\" width=\"50%\">\u00a055 kg<\/td>\r\n<\/tr>\r\n<tr style=\"height: 15px;\">\r\n<td style=\"font-weight: bold; border: 0px solid transparent; width: 50%; height: 15px;\" align=\"right\" width=\"50%\">Hautfarbe<\/td>\r\n<td style=\"border: 0px solid transparent; width: 50%; height: 15px;\" align=\"left\" width=\"50%\">Blass<\/td>\r\n<\/tr>\r\n<tr style=\"height: 15px;\">\r\n<td style=\"font-weight: bold; border: 0px solid transparent; width: 50%; height: 15px;\" align=\"right\" width=\"50%\">Haarfarbe<\/td>\r\n<td style=\"border: 0px solid transparent; width: 50%; height: 15px;\" align=\"left\" width=\"50%\">Braun<\/td>\r\n<\/tr>\r\n<tr style=\"height: 15px;\">\r\n<td style=\"font-weight: bold; border: 0px solid transparent; width: 50%; height: 15px;\" align=\"right\" width=\"50%\">Augenfarbe<\/td>\r\n<td style=\"border: 0px solid transparent; width: 50%; height: 15px;\" align=\"left\" width=\"50%\">Braun<\/td>\r\n<\/tr>\r\n<tr style=\"height: 15px;\">\r\n<td style=\"font-weight: bold; border: 0px solid transparent; width: 50%; text-align: right; height: 15px;\">bevorzugte Uniform-Variante<\/td>\r\n<td style=\"border: 0px solid transparent; width: 50%; height: 15px;\">2364 | 2369 | 2373 | 2395 | Sierra 2409 | Odyssey | Sierra II<\/td>\r\n<\/tr>\r\n<tr style=\"height: 15px;\">\r\n<td style=\"font-weight: bold; border: 0px solid #003366; background: #555555; box-shadow: rgba(255, 255, 255, 0.75) 0.1em 0.1em 0.5em; border-radius: 1em; width: 100%; height: 15px;\" colspan=\"2\" align=\"center\"><span style=\"color: #ffffff;\">Biographische Informationen<\/span><\/td>\r\n<\/tr>\r\n<tr style=\"height: 15px;\">\r\n<td style=\"font-weight: bold; border: 0px solid transparent; width: 50%; height: 15px;\" align=\"right\" width=\"50%\">Geburtsort<\/td>\r\n<td style=\"border: 0px solid transparent; width: 50%; height: 15px;\" align=\"left\" width=\"50%\">Paris &#8211; Erde<\/td>\r\n<\/tr>\r\n<tr style=\"height: 15px;\">\r\n<td style=\"font-weight: bold; border: 0px solid transparent; width: 50%; height: 15px;\" align=\"right\" width=\"50%\">Geburtstag<\/td>\r\n<td style=\"border: 0px solid transparent; width: 50%; height: 15px;\" align=\"left\" width=\"50%\"><\/td>\r\n<\/tr>\r\n<tr style=\"height: 15px;\">\r\n<td style=\"font-weight: bold; border: 0px solid transparent; width: 50%; height: 15px;\" align=\"right\" width=\"50%\">Sexualit\u00e4t<\/td>\r\n<td style=\"border: 0px solid transparent; width: 50%; height: 15px;\" align=\"left\" width=\"50%\">hetro<\/td>\r\n<\/tr>\r\n<tr style=\"height: 15px;\">\r\n<td style=\"font-weight: bold; border: 0px solid transparent; width: 50%; height: 15px;\" align=\"right\" width=\"50%\">Familienstand<\/td>\r\n<td style=\"border: 0px solid transparent; width: 50%; height: 15px;\" align=\"left\" width=\"50%\">ledig<\/td>\r\n<\/tr>\r\n<tr style=\"height: 15px;\">\r\n<td style=\"font-weight: bold; border: 0px solid transparent; width: 50%; height: 15px;\" align=\"right\" width=\"50%\">Familie<\/td>\r\n<td style=\"border: 0px solid transparent; width: 50%; height: 15px;\" align=\"left\" width=\"50%\">Verheiratet &#8211; Botschafter Suwyk<\/td>\r\n<\/tr>\r\n<tr style=\"height: 15px;\">\r\n<td style=\"font-weight: bold; border: 0px solid transparent; width: 50%; height: 15px;\" align=\"right\" width=\"50%\">Religion<\/td>\r\n<td style=\"border: 0px solid transparent; width: 50%; height: 15px;\" align=\"left\" width=\"50%\">Katholisch<\/td>\r\n<\/tr>\r\n<tr style=\"height: 15px;\">\r\n<td style=\"font-weight: bold; border: 0px solid #003366; background: #555555; box-shadow: rgba(255, 255, 255, 0.75) 0.1em 0.1em 0.5em; border-radius: 1em; width: 100%; height: 15px;\" colspan=\"2\" align=\"center\"><span style=\"color: #ffffff;\">Politische informationen<\/span><\/td>\r\n<\/tr>\r\n<tr style=\"height: 15px;\">\r\n<td style=\"font-weight: bold; border: 0px solid transparent; width: 50%; height: 15px;\" align=\"right\" width=\"50%\">Buergerschaft<\/td>\r\n<td style=\"border: 0px solid transparent; width: 50%; height: 15px;\" align=\"left\" width=\"50%\">F\u00f6derationsb\u00fcrger<\/td>\r\n<\/tr>\r\n<\/tbody>\r\n<\/table>\r\n<\/div>\r\n<!-- Inhaltsverzeichnis -->\r\n<div style=\"width: 25%; padding: 10px; margin-bottom: 15px; font-size: 11px; border: 1px solid #333333; display: inline-block;\">\r\n\r\n<strong>Inhalt<\/strong>\r\n<ul>\r\n \t<li><a href=\"#beschreibung\">Beschreibung<\/a><\/li>\r\n \t<li><a href=\"#lebenslauf\">Lebenslauf<\/a><\/li>\r\n \t<li><a href=\"#psychologisches\">Psychologisches Profil<\/a><\/li>\r\n \t<li><a href=\"#disziplin\">Disziplinarische Vermerke<\/a><\/li>\r\n \t<li><a href=\"#ausbildung\">Ausbildung &amp; Spezialgebiete<\/a><\/li>\r\n \t<li><a href=\"#spezies\">Besonderheiten<\/a><\/li>\r\n \t<li><a href=\"#hobbies\">Hobbies<\/a><\/li>\r\n \t<li><a href=\"#medizinisches\">Medizinisches Profil<\/a><\/li>\r\n \t<li><a href=\"#familie\">Familie<\/a><\/li>\r\n \t<li><a href=\"#haustiere\">Haustiere<\/a><\/li>\r\n \t<li><a href=\"#klassifiziert\">Klassifizierte Sektion<\/a><\/li>\r\n<\/ul>\r\n<!-- Ende des Inhaltsverzeichnis -->\r\n\r\n<\/div>\r\n<!-- Inhalte -->\r\n<h2><a id=\"beschreibung\"><\/a>Beschreibung<\/h2>\r\n<em><span style=\"color: #999999;\">F\u00fcge hier bitte eine kurze Beschreibung deines Charakters ein. Wie sieht er aus? Was sind direkt sichtbare Merkmale? Wie ist der erste Eindruck, den der Charakter auf andere macht?<\/span><\/em>\r\n\r\n<hr \/>\r\n\r\n<h2><a id=\"lebenslauf\"><\/a>Lebenslauf<\/h2>\r\n<span style=\"color: #999999;\"><em>In dieser Sektion kannst du den Werdegang deines Charakters schildern. Beginne bei der Geburt und dem Elternhaus&#8230;<\/em><\/span>\r\n<h3>Kindheit und Jugend<\/h3>\r\n<span style=\"color: #999999;\"><em>&#8230; und setze dann mit der Kindheit und Jugend fort. Unter welchen Umst\u00e4nden und Bedingungen ist er aufgewachsen? Auf einem Planeten, einer Raumstation, einem Raumschiff? Musste er bereits fr\u00fch Entbehrungen ertragen, hat er vielleicht sogar einen Krieg erlebt? Oder wuchs er in Frieden auf und konnte sich frei entfalten? Die Jugend kann einen Charakter nachhaltig pr\u00e4gen.<\/em><\/span>\r\n<h3>Ausbildung<\/h3>\r\n<span style=\"color: #999999;\"><em>Welche Schule(n) hat der Charakter denn besucht? Hat er eine Ausbildung vor dem Besuch der Sternenflotten-Akademie durchlaufen? Hat er bereits in einem Beruf gearbeitet? Warum hat er sich f\u00fcr den Besuch der Akademie beworben? Und wurde er gleich beim ersten Mal aufgenommen?<\/em><\/span>\r\n<h3>Karriere bei der Sternenflotte<\/h3>\r\n<em><span style=\"color: #999999;\">Die meisten Offiziere besuchen f\u00fcr 3,5 Jahre die Sternenflottenakademie, wo sie zwei F\u00e4cher belegen, und brechen dann f\u00fcr etwa 6 Monate zu ihrer Kadettenfahrt auf. Nach deren Beendigung werden sie zum Ensign ernannt und auf eine Einheit versetzt &#8211; es sei denn, sie streben eine weiterf\u00fchrende Ausbildung im Bereich Medizin, Counseling oder Wissenschaft an &#8211; in diesem Fall wird die Ausbildung an der Akademie noch weitergef\u00fchrt, ehe der Charakter f\u00fcr eine Praxisphase auf eine Einheit versetzt wird.<\/span><\/em>\r\n\r\n<em><span style=\"color: #999999;\">Eine Vorbildung in einem Bereich kann die Ausbildung um 1 &#8211; 2 Jahre verk\u00fcrzen. Ebenso ist es m\u00f6glich, bereits als Mannschaftsgrad auf einer Einheit gedient zu haben und dann ein Offizierspatent anzustreben. In diesem Fall sollte der Charakter mindestens Petty Officer gewesen sein, ehe er mit der Ausbildung zum Offizier beginnt.<\/span><\/em>\r\n\r\n<em><span style=\"color: #999999;\">F\u00fcr die USS Galathea haben wir uns bez\u00fcglich der Bef\u00f6rderungszeiten an der US Marine orientiert: Danach erfolgt &#8211; sofern es keine besonderen Vorkommnisse w\u00e4hrend der Dienstzeit gibt &#8211; die Regelbef\u00f6rderung zum Lt. jg nach 3-4, in manchen F\u00e4llen schon nach 2, Jahren. Die Bef\u00f6rderung zum Lieutenant ist ebenfalls noch eine Regelbef\u00f6rderung, die ebenfalls nach etwa 3-4 Jahren erfolgt. Dar\u00fcber hinausgehende Bef\u00f6rderungen erfolgen nur nach Bewerbung und Empfehlung und m\u00fcssen genehmigt werden.<\/span><\/em>\r\n<h3>Tabellarischer Lebenslauf<\/h3>\r\n<span style=\"color: #999999;\"><em>F\u00fcr den schnellen \u00dcberblick kannst du hier noch einmal die wichtigsten Stationen im Leben deines Charakters tabellarisch zusammen fassen.<\/em><\/span>\r\n<table style=\"border-collapse: collapse; width: 100%;\">\r\n<tbody>\r\n<tr>\r\n<td style=\"width: 11.5075%; background-color: #ed801a;\"><strong>Jahr<\/strong><\/td>\r\n<td style=\"width: 88.4925%; background-color: #ed801a;\"><strong>Ereignis<\/strong><\/td>\r\n<\/tr>\r\n<tr>\r\n<td style=\"width: 11.5075%;\"><\/td>\r\n<td style=\"width: 88.4925%;\"><\/td>\r\n<\/tr>\r\n<tr>\r\n<td style=\"width: 11.5075%;\"><\/td>\r\n<td style=\"width: 88.4925%;\"><\/td>\r\n<\/tr>\r\n<tr>\r\n<td style=\"width: 11.5075%;\"><\/td>\r\n<td style=\"width: 88.4925%;\"><\/td>\r\n<\/tr>\r\n<tr>\r\n<td style=\"width: 11.5075%;\"><\/td>\r\n<td style=\"width: 88.4925%;\"><\/td>\r\n<\/tr>\r\n<\/tbody>\r\n<\/table>\r\n\r\n<hr \/>\r\n\r\n<h2><a id=\"psychologisches\"><\/a>Psychologisches Profil<\/h2>\r\n<span style=\"color: #999999;\"><em>F\u00fcge hier ein psychologisches Profil deines Charakters ein, beginnend mit einer Kurzbeschreibung. Gerne kannst du dies auch in Form eines Akteneintrages durch einen Counselor \/ Flottenpsychologen machen. Besonders die Aspekte Zuverl\u00e4ssigkeit, Teamf\u00e4higkeit, Umgang mit Stress und Konflikten sowie psychische Stabilit\u00e4t sind hier von Interesse.<\/em><\/span>\r\n<table style=\"width: 100%; border-collapse: collapse; border-style: none; height: 46px;\">\r\n<tbody>\r\n<tr style=\"height: 23px;\">\r\n<td style=\"width: 100%; border-style: none none none solid; border-left-width: 3px; background-color: #e6dfdf; height: 23px;\">Dies ist die Vorlage f\u00fcr einen Ingame-Akteneintrag.<\/td>\r\n<\/tr>\r\n<tr style=\"height: 23px;\">\r\n<td style=\"width: 100%; border-style: none; height: 23px;\">&#8212; Dr. XXX YYY, psychologischer Corps der Sternenflotte<\/td>\r\n<\/tr>\r\n<\/tbody>\r\n<\/table>\r\n<span style=\"color: #999999;\"><em>Liste im Folgenden einige St\u00e4rken und Schw\u00e4chen des Charakters auf. Dies gibt ihm nicht nur Pers\u00f6nlichkeit, sondern erlaubt es auch deinen Mitspielern, die Figur besser darzustellen.<\/em><\/span>\r\n<h3>St\u00e4rken &amp; Schw\u00e4chen<\/h3>\r\n<strong>Positiv:<\/strong>\r\n<ul>\r\n \t<li>Sehr h\u00f6fflich<\/li>\r\n \t<li>Optimistisch<\/li>\r\n \t<li>Intelligent<\/li>\r\n \t<li>Aufgeschlossen<\/li>\r\n<\/ul>\r\n<strong>Negativ:<\/strong>\r\n<ul>\r\n \t<li>Hadert mit ihrem Schicksal<\/li>\r\n \t<li>Impulsiv<\/li>\r\n<\/ul>\r\n<strong>Vorlieben:<\/strong>\r\n<ul>\r\n \t<li>Familie<\/li>\r\n \t<li>Pflanzen<\/li>\r\n \t<li>Karten &#8211; Kartographieren<\/li>\r\n \t<li>Gerechtigkeit<\/li>\r\n<\/ul>\r\n<strong>Abneigungen:\u00a0<\/strong>\r\n<ul>\r\n \t<li>Krieg<\/li>\r\n \t<li>Ungerechtigkeit<\/li>\r\n \t<li>Tierhaar<\/li>\r\n \t<li>Ungeziefer<\/li>\r\n<\/ul>\r\n<h3><a id=\"diziplin\"><\/a>Personalakte &amp; Disziplinarische Vermerke<\/h3>\r\n<span style=\"color: #999999;\"><em>In dieser Sektion kannst du besondere Ereignisse, disziplinarische Ma\u00dfnahmen und Belobigungen eintragen. Auch der Erhalt von Orden und Auszeichnungen w\u00fcrde hier vermerkt werden. Gerne kannst du dies in Form von Akteneintr\u00e4gen oder als Auflistung machen. Beachte bitte, dass du hier nicht zwangsl\u00e4ufig etwas eintragen musst &#8211; bei vielen Charakteren ist diese Sektion zu Anfang leer.<\/em><\/span>\r\n<ul>\r\n \t<li>Belobigung<\/li>\r\n \t<li>Verweis<\/li>\r\n<\/ul>\r\n\r\n<hr \/>\r\n\r\n<h2><a id=\"ausbildung\"><\/a>Ausbildung &amp; Spezialgebiete<\/h2>\r\n<h3>Zivile Vorbildung<\/h3>\r\n<span style=\"color: #999999;\"><em>Besitzt der Charakter eine zivile Vorbildung, die erw\u00e4hnt werden sollte? Falls nicht kannst du diese Sektion auch weg lassen. Die M\u00f6glichkeit, dem Charakter eine Vorbildung zu verpassen, soll nicht dazu f\u00fchren, dass der Offizier ein Hans Dampf in allen Gassen ist und die Mission alleine l\u00f6sen kann, sondern eine M\u00f6glichkeit bieten, auch un\u00fcbliche Fertigkeiten zu beschreiben und gerade Quereinsteigern eine Geschichte zu geben. Hat der Charakter vor seinem Eintritt in die Flotte vielleicht als Landwirt Felder bewirtschaftet oder Einh\u00f6rner gez\u00fcchtet? Hat er seinen Lebensunterhalt als K\u00fcnstler verdient oder war er Animateur auf Risa?<\/em><\/span>\r\n<h3>Studien auf der Sternenflottenakademie<\/h3>\r\n<em><span style=\"color: #999999;\">Beschreibe hier die Studien deines Charakters auf der Sternenflottenakademie. Die meisten Charaktere haben zwei F\u00e4cher belegt und somit eine grundlegende Ausbildung in zwei Spezialgebieten erhalten. Bitte sieh dir die Seite zum <a style=\"color: #999999;\" href=\"https:\/\/sf-germany.com\/wiki\/index.php?title=Lehrplan_der_Sternenflottenakademie\">Lehrplan der Sternenflottenakademie im SFG Wiki<\/a> an und beachte auch, dass es bei manchen F\u00e4chern Wahlm\u00f6glichkeiten zur Spezialisierung gibt. Du kannst zudem ein paar Nebenf\u00e4cher angeben, die der Charakter belegt hat &#8211; hier kannst du dir etwas ausdenken und auch solche Dinge wie &#8222;Theater AG&#8220; oder die Mitgliedschaft in der Kunstflugstaffel erw\u00e4hnen. \u00dcbertreibe es aber bitte nicht &#8211; zwei Hauptf\u00e4cher sind schon ziemlich fordernd.<\/span><\/em>\r\n\r\n<strong>Hauptf\u00e4cher<\/strong>\r\n<ul>\r\n \t<li>Taktik<\/li>\r\n \t<li>Steuerung \/ Navigation<\/li>\r\n<\/ul>\r\n<strong>Nebenf\u00e4cher<\/strong>\r\n<ul>\r\n \t<li>Command &amp; Control<\/li>\r\n \t<li>Basiskurs F\u00f6derationsrecht<\/li>\r\n \t<li>Diplomatische Verhandlungsf\u00fchrung<\/li>\r\n<\/ul>\r\n<h2>Sprachen<\/h2>\r\n<ul>\r\n \t<li>F\u00f6derationsstandard<\/li>\r\n \t<li>1. Vulkanisch<\/li>\r\n<\/ul>\r\n<h2><a id=\"spezies\"><\/a>Besonderheiten der eigenen Spezies<\/h2>\r\nKeine\r\n<h2>Sonstiges<\/h2>\r\n<em><span style=\"color: #999999;\">Auch diese Sektion bleibt h\u00e4ufig leer &#8211; sie ist vor Allem daf\u00fcr gedacht, besondere F\u00e4higkeiten, Kenntnisse und Weiterbildungen aufzulisten, die der Charakter im Laufe seiner Karriere erwirbt und besucht. Theoretisch k\u00f6nnten hier aber auch genetische, biotechnologische und cybertechnologische Ver\u00e4nderungen beschrieben werden &#8211; wie zum Beispiel der Visor von Geordie LaForge.<\/span><\/em>\r\n\r\n<hr \/>\r\n\r\n<h2><a id=\"hobbies\"><\/a>Hobbies<\/h2>\r\n<ul>\r\n \t<li><\/li>\r\n<\/ul>\r\n\r\n<hr \/>\r\n\r\n<h2><a id=\"medizinisches\"><\/a>Medizinisches Profil<\/h2>\r\n<span style=\"color: #999999;\"><em>Analog zum psychologischen Profil kann und sollte hier der Gesundheitszustand des Charakters beschrieben werden &#8211; gerne auch als Akteneintrag durch einen Mediziner. Insbesondere Ausdauer, k\u00f6rperliche Leistungsf\u00e4higkeit und allgemeiner Gesundheitszustand sind hier von Interesse. Liste auch gerne auf, ob der Charakter besondere Krankheiten hatte oder nicht geimpft ist. Diese Sektion dient den Spielern der medizinischen Abteilung als Aufh\u00e4nger &#8211; gib ihnen also etwas zu tun.<\/em><\/span>\r\n<table style=\"width: 100%; border-collapse: collapse; border-style: none; height: 46px;\">\r\n<tbody>\r\n<tr style=\"height: 23px;\">\r\n<td style=\"width: 100%; border-style: none none none solid; border-left-width: 3px; background-color: #e6dfdf; height: 23px;\">Dies ist die Vorlage f\u00fcr einen Ingame-Akteneintrag.<\/td>\r\n<\/tr>\r\n<tr style=\"height: 23px;\">\r\n<td style=\"width: 100%; border-style: none; height: 23px;\">&#8212; Dr. XXX YYY, Stabsarzt<\/td>\r\n<\/tr>\r\n<\/tbody>\r\n<\/table>\r\n<strong>Krankheiten &amp; Gesundheit:<\/strong>\r\n<ul>\r\n \t<li><\/li>\r\n<\/ul>\r\n\r\n<hr \/>\r\n\r\n<h2><a id=\"familie\"><\/a>Familie<\/h2>\r\nTochter Faye Legard &#8211; 6 Jahre\r\n<h2><a id=\"haustiere\"><\/a>Haustiere<\/h2>\r\n<span style=\"color: #999999;\"><em>Auf Tierhaar allergisch<\/em><\/span>\r\n\r\n<hr \/>\r\n\r\n<h2><a id=\"klassifiziert\"><\/a>Klassifizierte Sektion<\/h2>\r\n<span style=\"color: #999999;\"><em>Diese Sektion ist bei den meisten Charakteren leer. Sie ist dazu gedacht, Informationen unterzubringen, die die Spieler wissen sollten, andere Charaktere aber nicht (zwangsl\u00e4ufig) zur Verf\u00fcgung haben. Klassische Eintr\u00e4ge beinhalten eine Geheimdienstt\u00e4tigkeit oder geheime Ausbildungsprogramme &#8211; aber auch eine Vergangenheit als Raumpirat k\u00f6nnte sich hier wieder finden.<\/em><\/span>\r\n\r\nKeine Eintr\u00e4ge\r\n\r\n<!-- \/wp:post-content -->","protected":false},"excerpt":{"rendered":"<p>img: https:\/\/perchance.org\/ai-character-generator Guinevere Morgane Legard Status NPC* Spieler Spielername Dienstliche Informationen Ranggrafik Rang Captain Posten CO Stationierung USS Licorne Physische Beschreibung Spezies Mensch Geschlecht Weiblich Gr\u00f6\u00dfe \u00a0160 cm Gewicht \u00a055 kg Hautfarbe Blass Haarfarbe Braun Augenfarbe Braun bevorzugte Uniform-Variante 2364 | 2369 | 2373 | 2395 | Sierra 2409 | Odyssey | Sierra II Biographische [&hellip;]<\/p>\n","protected":false},"author":9,"featured_media":1126,"parent":7919,"menu_order":100,"comment_status":"closed","ping_status":"closed","template":"","meta":{"footnotes":""},"class_list":["post-8590","page","type-page","status-publish","has-post-thumbnail","hentry"],"publishpress_future_action":{"enabled":false,"date":"2026-04-23 09:41:44","action":"change-status","newStatus":"draft","terms":[],"taxonomy":"","extraData":[]},"publishpress_future_workflow_manual_trigger":{"enabledWorkflows":[]},"_links":{"self":[{"href":"https:\/\/www.sf-germany.org\/einheiten\/uss-galathea\/wp-json\/wp\/v2\/pages\/8590","targetHints":{"allow":["GET"]}}],"collection":[{"href":"https:\/\/www.sf-germany.org\/einheiten\/uss-galathea\/wp-json\/wp\/v2\/pages"}],"about":[{"href":"https:\/\/www.sf-germany.org\/einheiten\/uss-galathea\/wp-json\/wp\/v2\/types\/page"}],"author":[{"embeddable":true,"href":"https:\/\/www.sf-germany.org\/einheiten\/uss-galathea\/wp-json\/wp\/v2\/users\/9"}],"replies":[{"embeddable":true,"href":"https:\/\/www.sf-germany.org\/einheiten\/uss-galathea\/wp-json\/wp\/v2\/comments?post=8590"}],"version-history":[{"count":4,"href":"https:\/\/www.sf-germany.org\/einheiten\/uss-galathea\/wp-json\/wp\/v2\/pages\/8590\/revisions"}],"predecessor-version":[{"id":8597,"href":"https:\/\/www.sf-germany.org\/einheiten\/uss-galathea\/wp-json\/wp\/v2\/pages\/8590\/revisions\/8597"}],"up":[{"embeddable":true,"href":"https:\/\/www.sf-germany.org\/einheiten\/uss-galathea\/wp-json\/wp\/v2\/pages\/7919"}],"wp:featuredmedia":[{"embeddable":true,"href":"https:\/\/www.sf-germany.org\/einheiten\/uss-galathea\/wp-json\/wp\/v2\/media\/1126"}],"wp:attachment":[{"href":"https:\/\/www.sf-germany.org\/einheiten\/uss-galathea\/wp-json\/wp\/v2\/media?parent=8590"}],"curies":[{"name":"wp","href":"https:\/\/api.w.org\/{rel}","templated":true}]}}