{"id":8602,"date":"2024-03-18T06:46:51","date_gmt":"2024-03-18T05:46:51","guid":{"rendered":"https:\/\/www.sf-germany.org\/einheiten\/uss-galathea\/?page_id=8602"},"modified":"2025-01-22T00:14:26","modified_gmt":"2025-01-21T23:14:26","slug":"aaron-baizix","status":"publish","type":"page","link":"https:\/\/www.sf-germany.org\/einheiten\/uss-galathea\/die-crew\/nichtspielercharaktere\/aaron-baizix\/","title":{"rendered":"Aaron Baizix"},"content":{"rendered":"<div style=\"float: right; margin-left: 15px; margin-bottom: 15px; font-size: 11px; min-width: 350px; width: 25%; padding-left: 10px; padding-right: 10px;\">\r\n<table style=\"width: 100%; border: 0px outset #003366; background: #ffffff; box-shadow: rgba(255, 255, 255, 0.75) 0.1em 0.1em 0.5em; border-radius: 1em; height: 609px;\" border=\"3\" cellspacing=\"10\" align=\"right\">\r\n<tbody>\r\n<tr style=\"height: 15px;\">\r\n<td style=\"font-weight: bold; border: 0px solid transparent; width: 100%; height: 15px;\" colspan=\"2\" align=\"center\"><\/td>\r\n<\/tr>\r\n<tr style=\"height: 144px;\">\r\n<td style=\"background: transparent; border: 0px solid transparent; width: 100%; height: 144px;\" colspan=\"2\" align=\"center\"><!-- hier das Charakterbild einf\u00fcgen -->\r\n<img loading=\"lazy\" decoding=\"async\" class=\"alignnone size-medium wp-image-8603\" src=\"https:\/\/www.sf-germany.org\/einheiten\/uss-galathea\/wp-content\/uploads\/2024\/03\/Download.jpeg-12-200x300.jpg\" alt=\"\" width=\"200\" height=\"300\" srcset=\"https:\/\/www.sf-germany.org\/einheiten\/uss-galathea\/wp-content\/uploads\/2024\/03\/Download.jpeg-12-200x300.jpg 200w, https:\/\/www.sf-germany.org\/einheiten\/uss-galathea\/wp-content\/uploads\/2024\/03\/Download.jpeg-12.jpg 512w\" sizes=\"auto, (max-width: 200px) 100vw, 200px\" \/><em>img: https:\/\/perchance.org\/ai-character-generator<\/em><\/td>\r\n<\/tr>\r\n<tr style=\"height: 15px;\">\r\n<td style=\"font-weight: bold; border: 0px solid transparent; width: 100%; height: 15px;\" colspan=\"2\" align=\"center\">Aaron Baizix<\/td>\r\n<\/tr>\r\n<tr style=\"height: 15px;\">\r\n<td style=\"font-weight: bold; border: 0px solid transparent; width: 50%; height: 15px;\" align=\"right\" width=\"50%\">Status<\/td>\r\n<td style=\"border: 0px solid transparent; width: 50%; height: 15px;\" align=\"left\" width=\"50%\">NPC*<\/td>\r\n<\/tr>\r\n<tr style=\"height: 15px;\">\r\n<td style=\"font-weight: bold; border: 0px solid transparent; width: 50%; height: 15px;\" align=\"right\" width=\"50%\">Spieler<\/td>\r\n<td style=\"border: 0px solid transparent; width: 50%; height: 15px;\" align=\"left\" width=\"50%\">Sunny<\/td>\r\n<\/tr>\r\n<tr style=\"height: 15px;\">\r\n<td style=\"font-weight: bold; border: 0px solid #003366; background: #555555; box-shadow: rgba(255, 255, 255, 0.75) 0.1em 0.1em 0.5em; border-radius: 1em; width: 100%; height: 15px;\" colspan=\"2\" align=\"center\"><span style=\"color: #ffffff;\">Dienstliche Informationen<\/span><\/td>\r\n<\/tr>\r\n<tr style=\"height: 28px;\">\r\n<td style=\"font-weight: bold; border: 0px solid transparent; width: 50%; height: 28px;\" align=\"right\" width=\"50%\"><\/td>\r\n<td style=\"border: 0px solid transparent; width: 50%; height: 28px;\" align=\"left\" width=\"50%\"><\/td>\r\n<\/tr>\r\n<tr style=\"height: 16px;\">\r\n<td style=\"font-weight: bold; border: 0px solid transparent; width: 50%; text-align: right; height: 16px;\"><\/td>\r\n<td style=\"border: 0px solid transparent; width: 50%; height: 16px;\"><\/td>\r\n<\/tr>\r\n<tr style=\"height: 15px;\">\r\n<td style=\"font-weight: bold; border: 0px solid transparent; width: 50%; text-align: right; height: 15px;\"><\/td>\r\n<td style=\"border: 0px solid transparent; width: 50%; height: 15px;\"><\/td>\r\n<\/tr>\r\n<tr style=\"height: 16px;\">\r\n<td style=\"font-weight: bold; border: 0px solid transparent; width: 50%; height: 16px; text-align: right;\"><\/td>\r\n<td style=\"border: 0px solid transparent; width: 50%; height: 16px;\"><\/td>\r\n<\/tr>\r\n<tr style=\"height: 15px;\">\r\n<td style=\"font-weight: bold; border: 0px solid transparent; width: 50%; height: 15px;\" align=\"right\" width=\"50%\">Rang<\/td>\r\n<td style=\"border: 0px solid transparent; width: 50%; height: 15px;\" align=\"left\" width=\"50%\">Zivilist \/\r\n\r\nSternenflotten Geheimdienst<\/td>\r\n<\/tr>\r\n<tr style=\"height: 15px;\">\r\n<td style=\"font-weight: bold; border: 0px solid transparent; width: 50%; height: 15px;\" align=\"right\" width=\"50%\">Posten<\/td>\r\n<td style=\"border: 0px solid transparent; width: 50%; height: 15px;\" align=\"left\" width=\"50%\">Grundschullehrer<\/td>\r\n<\/tr>\r\n<tr style=\"height: 15px;\">\r\n<td style=\"font-weight: bold; border: 0px solid transparent; width: 50%; height: 15px;\" align=\"right\" width=\"50%\">Stationierung<\/td>\r\n<td style=\"border: 0px solid transparent; width: 50%; height: 15px;\" align=\"left\" width=\"50%\">USS Galathea<\/td>\r\n<\/tr>\r\n<tr style=\"height: 15px;\">\r\n<td style=\"font-weight: bold; border: 0px solid #003366; background: #555555; box-shadow: rgba(255, 255, 255, 0.75) 0.1em 0.1em 0.5em; border-radius: 1em; width: 100%; height: 15px;\" colspan=\"2\" align=\"center\"><span style=\"color: #ffffff;\">Physische Beschreibung<\/span><\/td>\r\n<\/tr>\r\n<tr style=\"height: 15px;\">\r\n<td style=\"font-weight: bold; border: 0px solid transparent; width: 50%; height: 15px;\" align=\"right\" width=\"50%\">Spezies<\/td>\r\n<td style=\"border: 0px solid transparent; width: 50%; height: 15px;\" align=\"left\" width=\"50%\">Betazoid<\/td>\r\n<\/tr>\r\n<tr style=\"height: 15px;\">\r\n<td style=\"font-weight: bold; border: 0px solid transparent; width: 50%; height: 15px;\" align=\"right\" width=\"50%\">Geschlecht<\/td>\r\n<td style=\"border: 0px solid transparent; width: 50%; height: 15px;\" align=\"left\" width=\"50%\">M\u00e4nnlich<\/td>\r\n<\/tr>\r\n<tr style=\"height: 15px;\">\r\n<td style=\"font-weight: bold; border: 0px solid transparent; width: 50%; height: 15px;\" align=\"right\" width=\"50%\">Gr\u00f6\u00dfe<\/td>\r\n<td style=\"border: 0px solid transparent; width: 50%; height: 15px;\" align=\"left\" width=\"50%\">\u00a0190 cm<\/td>\r\n<\/tr>\r\n<tr style=\"height: 15px;\">\r\n<td style=\"font-weight: bold; border: 0px solid transparent; width: 50%; height: 15px;\" align=\"right\" width=\"50%\">Gewicht<\/td>\r\n<td style=\"border: 0px solid transparent; width: 50%; height: 15px;\" align=\"left\" width=\"50%\">\u00a085 kg<\/td>\r\n<\/tr>\r\n<tr style=\"height: 15px;\">\r\n<td style=\"font-weight: bold; border: 0px solid transparent; width: 50%; height: 15px;\" align=\"right\" width=\"50%\">Hautfarbe<\/td>\r\n<td style=\"border: 0px solid transparent; width: 50%; height: 15px;\" align=\"left\" width=\"50%\">Blass<\/td>\r\n<\/tr>\r\n<tr style=\"height: 15px;\">\r\n<td style=\"font-weight: bold; border: 0px solid transparent; width: 50%; height: 15px;\" align=\"right\" width=\"50%\">Haarfarbe<\/td>\r\n<td style=\"border: 0px solid transparent; width: 50%; height: 15px;\" align=\"left\" width=\"50%\">Braun<\/td>\r\n<\/tr>\r\n<tr style=\"height: 15px;\">\r\n<td style=\"font-weight: bold; border: 0px solid transparent; width: 50%; height: 15px;\" align=\"right\" width=\"50%\">Augenfarbe<\/td>\r\n<td style=\"border: 0px solid transparent; width: 50%; height: 15px;\" align=\"left\" width=\"50%\">Braun<\/td>\r\n<\/tr>\r\n<tr style=\"height: 15px;\">\r\n<td style=\"font-weight: bold; border: 0px solid transparent; width: 50%; text-align: right; height: 15px;\"><\/td>\r\n<td style=\"border: 0px solid transparent; width: 50%; height: 15px;\"><\/td>\r\n<\/tr>\r\n<tr style=\"height: 15px;\">\r\n<td style=\"font-weight: bold; border: 0px solid #003366; background: #555555; box-shadow: rgba(255, 255, 255, 0.75) 0.1em 0.1em 0.5em; border-radius: 1em; width: 100%; height: 15px;\" colspan=\"2\" align=\"center\"><span style=\"color: #ffffff;\">Biographische Informationen<\/span><\/td>\r\n<\/tr>\r\n<tr style=\"height: 15px;\">\r\n<td style=\"font-weight: bold; border: 0px solid transparent; width: 50%; height: 15px;\" align=\"right\" width=\"50%\">Geburtsort<\/td>\r\n<td style=\"border: 0px solid transparent; width: 50%; height: 15px;\" align=\"left\" width=\"50%\">Rixx &#8211; Betazed<\/td>\r\n<\/tr>\r\n<tr style=\"height: 15px;\">\r\n<td style=\"font-weight: bold; border: 0px solid transparent; width: 50%; height: 15px;\" align=\"right\" width=\"50%\">Geburtstag<\/td>\r\n<td style=\"border: 0px solid transparent; width: 50%; height: 15px;\" align=\"left\" width=\"50%\">01.06.2375<\/td>\r\n<\/tr>\r\n<tr style=\"height: 15px;\">\r\n<td style=\"font-weight: bold; border: 0px solid transparent; width: 50%; height: 15px;\" align=\"right\" width=\"50%\">Sexualit\u00e4t<\/td>\r\n<td style=\"border: 0px solid transparent; width: 50%; height: 15px;\" align=\"left\" width=\"50%\">flexibel<\/td>\r\n<\/tr>\r\n<tr style=\"height: 15px;\">\r\n<td style=\"font-weight: bold; border: 0px solid transparent; width: 50%; height: 15px;\" align=\"right\" width=\"50%\">Familienstand<\/td>\r\n<td style=\"border: 0px solid transparent; width: 50%; height: 15px;\" align=\"left\" width=\"50%\">ledig<\/td>\r\n<\/tr>\r\n<tr style=\"height: 15px;\">\r\n<td style=\"font-weight: bold; border: 0px solid transparent; width: 50%; height: 15px;\" align=\"right\" width=\"50%\">Familie<\/td>\r\n<td style=\"border: 0px solid transparent; width: 50%; height: 15px;\" align=\"left\" width=\"50%\">Mutter: Lawoxana\r\n\r\nVater: Aaron<\/td>\r\n<\/tr>\r\n<tr style=\"height: 15px;\">\r\n<td style=\"font-weight: bold; border: 0px solid transparent; width: 50%; height: 15px;\" align=\"right\" width=\"50%\">Religion<\/td>\r\n<td style=\"border: 0px solid transparent; width: 50%; height: 15px;\" align=\"left\" width=\"50%\">flexibel<\/td>\r\n<\/tr>\r\n<tr style=\"height: 15px;\">\r\n<td style=\"font-weight: bold; border: 0px solid #003366; background: #555555; box-shadow: rgba(255, 255, 255, 0.75) 0.1em 0.1em 0.5em; border-radius: 1em; width: 100%; height: 15px;\" colspan=\"2\" align=\"center\"><span style=\"color: #ffffff;\">Politische informationen<\/span><\/td>\r\n<\/tr>\r\n<tr style=\"height: 15px;\">\r\n<td style=\"font-weight: bold; border: 0px solid transparent; width: 50%; height: 15px;\" align=\"right\" width=\"50%\">Buergerschaft<\/td>\r\n<td style=\"border: 0px solid transparent; width: 50%; height: 15px;\" align=\"left\" width=\"50%\">F\u00f6derationsb\u00fcrger<\/td>\r\n<\/tr>\r\n<\/tbody>\r\n<\/table>\r\n<\/div>\r\n<!-- Inhaltsverzeichnis -->\r\n<div style=\"width: 25%; padding: 10px; margin-bottom: 15px; font-size: 11px; border: 1px solid #333333; display: inline-block;\">\r\n\r\n<strong>Inhalt<\/strong>\r\n<ul>\r\n \t<li><a href=\"#beschreibung\">Beschreibung<\/a><\/li>\r\n \t<li><a href=\"#lebenslauf\">Lebenslauf<\/a><\/li>\r\n \t<li><a href=\"#psychologisches\">Psychologisches Profil<\/a><\/li>\r\n \t<li><a href=\"#disziplin\">Disziplinarische Vermerke<\/a><\/li>\r\n \t<li><a href=\"#ausbildung\">Ausbildung &amp; Spezialgebiete<\/a><\/li>\r\n \t<li><a href=\"#spezies\">Besonderheiten<\/a><\/li>\r\n \t<li><a href=\"#hobbies\">Hobbies<\/a><\/li>\r\n \t<li><a href=\"#medizinisches\">Medizinisches Profil<\/a><\/li>\r\n \t<li><a href=\"#familie\">Familie<\/a><\/li>\r\n \t<li><a href=\"#haustiere\">Haustiere<\/a><\/li>\r\n \t<li><a href=\"#klassifiziert\">Klassifizierte Sektion<\/a><\/li>\r\n<\/ul>\r\n<!-- Ende des Inhaltsverzeichnis -->\r\n\r\n<\/div>\r\n<!-- Inhalte -->\r\n<h2><a id=\"beschreibung\"><\/a>Beschreibung<\/h2>\r\nAaron ist ein stattlicher Betazoid. Er wirkt oft ein wenig langweilig, wenn er vom Unterricht an der Grundschule berichtet. Wie alle Betazioden hat er die typischen Augen, seiner Spezies.\r\n\r\nEr wirkt freundlich und zur\u00fcckhalten, auff\u00e4llig unauff\u00e4llig. Dennoch konnte er 3-mal in Folge den Titel Lehrer des Monats einheimsen. Und genau so wirkt er auf andere, wie der einf\u00fchlsame Vorzeige Lehrer, der kein W\u00e4sserchen tr\u00fcgen k\u00f6nnte. Besonders die allein erziehenden M\u00fctter wirkt seine einf\u00fchlsame Art.\r\n\r\n<hr \/>\r\n\r\n<h2><a id=\"lebenslauf\"><\/a>Lebenslauf<\/h2>\r\nAaron wuchs auf Betazept auf. Seine Mutter arbeitet als Lehrerin, sein Vater f\u00fcr die Sternenflotte.\r\n\r\nEr wuchs als Einzelkind auf \u2013 was dem jungen immer sehr gefallen hatte. Er genoss die volle Aufmerksamkeit seiner Eltern zu bekommen. Sch\u00f6n fr\u00fch war ihm klar, dass er in die Fu\u00dfstapfen seiner Mutter treten wollte, denn auch er hatte viel Spa\u00df an B\u00fcchern und daran Dinge zu lernen um sie anderen erkl\u00e4ren zu k\u00f6nnen.\r\n\r\nSo war es nicht verwunderlich, dass recht schnell fest stand, dass Aaron Lehrer werden wollte. Die Ausbildung macht dem jungen Mann viel Spa\u00df und auch wenn er einige Frauengeschichten vorzuweisen hatte, lange und tiefgr\u00fcndige Beziehungen waren im Grunde nie sein Fall.\r\n\r\nEr hatte Hemmungen sich fest zu binden \u2013streng nach dem Motto: Drum pr\u00fcfe wer sich ewig binde, ob sich nicht noch was Besseres findet.\r\n\r\nF\u00fcr ihn \u00fcberraschend wurde er eines Tages vom Sternenflottengeheimdienst angesprochen. Aaron war nicht dumm und erkannte seine Chance. Bis heute ist er sich nicht ganz sicher, ob sein Vater da nicht vielleicht die Finger im Spiel hatte. Aaron und sein Vater hatten jedoch nie eine tiefe und liebevolle Beziehung, also hatte Aaron es hingenommen und den Wunsch unterdr\u00fcckt seinen alten Herrn nach der Wahrheit zu fragen.\r\n<h3>Ausbildung<\/h3>\r\nSchon vor seiner Ausbildung bei der Sternenflotte, hatte Aaron eine Ausbildung als Lehrer auf Betzept absolviert. \u00a0Er hatte fr\u00fch erkannt, dass er gern Wissen vermittelte und besonders der Bereich der interstellarer Geschichte und die Naturwissenschaften lagen dem jungen Mann w\u00e4hrend seines Studiums sehr am Herzen.\r\n\r\nZus\u00e4tzlich absolvierte er den Titel der musikalischen Fr\u00fcherziehung.\r\n<h3><\/h3>\r\n<h3>Karriere bei der Sternenflotte<\/h3>\r\nMitglied des Sternenflotten &#8211; Geheimdienstes\r\n\r\n&nbsp;\r\n<h3>Tabellarischer Lebenslauf<\/h3>\r\n<table style=\"border-collapse: collapse; width: 100%;\">\r\n<tbody>\r\n<tr>\r\n<td style=\"width: 11.5075%; background-color: #ed801a;\"><strong>Jahr<\/strong><\/td>\r\n<td style=\"width: 88.4925%; background-color: #ed801a;\"><strong>Ereignis<\/strong><\/td>\r\n<\/tr>\r\n<tr>\r\n<td style=\"width: 11.5075%;\">2375<\/td>\r\n<td style=\"width: 88.4925%;\">Geburt<\/td>\r\n<\/tr>\r\n<tr>\r\n<td style=\"width: 11.5075%;\">2392<\/td>\r\n<td style=\"width: 88.4925%;\">Studium Lehramt &#8211; Betazept<\/td>\r\n<\/tr>\r\n<tr>\r\n<td style=\"width: 11.5075%;\">2397<\/td>\r\n<td style=\"width: 88.4925%;\">Rekrutiert Sternenflottengeheimdienst &#8211; Start der Ausbildung<\/td>\r\n<\/tr>\r\n<tr>\r\n<td style=\"width: 11.5075%;\">2405<\/td>\r\n<td style=\"width: 88.4925%;\">Agent der Sternenflotte \/ Tarnung Lehrer auf unterschiedlichen Schiffen<\/td>\r\n<\/tr>\r\n<\/tbody>\r\n<\/table>\r\n\r\n<hr \/>\r\n\r\n<h2><a id=\"psychologisches\"><\/a>Psychologisches Profil<\/h2>\r\nAaron hat eine starke Pers\u00f6nlichkeit, die sehr wandelbar ist. Nicht die schlechteste Eigenschaft bei seinem Beruf. Er ist zielstrebig und konsequent in seinen Taten, wenn er jedoch nicht muss, dann h\u00e4lt er sich auch beruflich nicht mit emotionalen Floskeln auf \u2013 au\u00dfer es bringt ihm Vorteile.\r\n\r\nW\u00e4hrend die Muttis und Vatis die ihm jeden Tag ihren Nachwuchs anvertrauten darauf schw\u00f6ren das Aaron der beste Lehrer auf dem Schiff ist, w\u00fcrden ein paar Eroberungen ihn als Bad Boy beschreiben.\r\n\r\nDie Wahrheit liegt wahrscheinlich irgendwo in der Mitter.\r\n<table style=\"width: 100%; border-collapse: collapse; border-style: none; height: 46px;\">\r\n<tbody>\r\n<tr style=\"height: 23px;\">\r\n<td style=\"width: 624.933px; border-style: none none none solid; border-left-width: 3px; background-color: #e6dfdf; height: 23px;\"><\/td>\r\n<\/tr>\r\n<tr style=\"height: 23px;\">\r\n<td style=\"width: 626.267px; border-style: none; height: 23px;\"><\/td>\r\n<\/tr>\r\n<\/tbody>\r\n<\/table>\r\n&nbsp;\r\n<h3>St\u00e4rken &amp; Schw\u00e4chen<\/h3>\r\n<strong>Positiv:<\/strong>\r\n<ul>\r\n \t<li>Freundlich<\/li>\r\n \t<li>Aufmerksam<\/li>\r\n \t<li>Guter Zuh\u00f6rer<\/li>\r\n<\/ul>\r\n<strong>Negativ:<\/strong>\r\n<ul>\r\n \t<li>Manipulativ<\/li>\r\n \t<li>K\u00fchl<\/li>\r\n \t<li>Berechnend<\/li>\r\n<\/ul>\r\n<strong>Vorlieben:<\/strong>\r\n<ul>\r\n \t<li>Frauen<\/li>\r\n \t<li>Wein<\/li>\r\n \t<li>Gutes Essen<\/li>\r\n<\/ul>\r\n<strong>Abneigungen:\u00a0<\/strong>\r\n<ul>\r\n \t<li>Feste Bindungen<\/li>\r\n \t<li>Langeweile<\/li>\r\n \t<li>Ehrlichkeit<\/li>\r\n<\/ul>\r\n<h3><a id=\"diziplin\"><\/a>Personalakte &amp; Disziplinarische Vermerke<\/h3>\r\n<ul>\r\n \t<li>Geheim und unter Verschluss<\/li>\r\n<\/ul>\r\n\r\n<hr \/>\r\n\r\n<h2><a id=\"ausbildung\"><\/a>Ausbildung &amp; Spezialgebiete<\/h2>\r\n<h3>Zivile Vorbildung<\/h3>\r\n<span style=\"color: #999999;\"><em>Ausbildung zum Lehrer auf Betazept<\/em><\/span>\r\n<ul>\r\n \t<li>Geschichte<\/li>\r\n \t<li>Naturwissenschaften<\/li>\r\n \t<li>Musikalische Fr\u00fcherziehung<\/li>\r\n<\/ul>\r\n<h3>Studien auf der Sternenflottenakademie<\/h3>\r\n<span style=\"color: #999999;\"><i>Geheim und unter Verschluss<\/i><\/span>\r\n\r\n<strong>Hauptf\u00e4cher<\/strong>\r\n<ul>\r\n \t<li>Geheimdienst<\/li>\r\n<\/ul>\r\n<strong>Nebenf\u00e4cher<\/strong>\r\n<ul>\r\n \t<li>Kommunikation<\/li>\r\n<\/ul>\r\n<h2>Sprachen<\/h2>\r\n<ul>\r\n \t<li>F\u00f6derationsstandard<\/li>\r\n \t<li>Betazoid<\/li>\r\n \t<li>Klingonisch<\/li>\r\n<\/ul>\r\n<h2><a id=\"spezies\"><\/a>Besonderheiten der eigenen Spezies<\/h2>\r\nAaron ist wie alle Betazoiden ein Telepath.\r\n\r\n&nbsp;\r\n<h2>Sonstiges<\/h2>\r\nAllergisch gegen viele unterschiedliche Tierhaare\r\n\r\n<hr \/>\r\n\r\n<h2><a id=\"hobbies\"><\/a>Hobbies<\/h2>\r\n<ul>\r\n \t<li>Musik<\/li>\r\n<\/ul>\r\n\r\n<hr \/>\r\n\r\n<h2><a id=\"medizinisches\"><\/a>Medizinisches Profil<\/h2>\r\nGeheim\r\n<table style=\"width: 100%; border-collapse: collapse; border-style: none; height: 46px;\">\r\n<tbody>\r\n<tr style=\"height: 23px;\">\r\n<td style=\"width: 100%; border-style: none none none solid; border-left-width: 3px; background-color: #e6dfdf; height: 23px;\">Dies ist die Vorlage f\u00fcr einen Ingame-Akteneintrag.<\/td>\r\n<\/tr>\r\n<tr style=\"height: 23px;\">\r\n<td style=\"width: 100%; border-style: none; height: 23px;\">&#8212; Dr. XXX YYY, Stabsarzt<\/td>\r\n<\/tr>\r\n<\/tbody>\r\n<\/table>\r\n<strong>Krankheiten &amp; Gesundheit:<\/strong>\r\n<ul>\r\n \t<li>Tierhaarallergie<\/li>\r\n<\/ul>\r\n\r\n<hr \/>\r\n\r\n<h2><a id=\"familie\"><\/a>Familie<\/h2>\r\nMutter: Lawoxana &#8211; Betazoidin &#8211; Lehrerin\r\n\r\nVater: Aaron (Senior) &#8211; Betazoid &#8211; Sternenflotte\r\n<h2><a id=\"haustiere\"><\/a>Haustiere<\/h2>\r\nKeine\r\n\r\n<hr \/>\r\n\r\n<h2><a id=\"klassifiziert\"><\/a>Klassifizierte Sektion<\/h2>\r\nDas Aaron als Geheimagent f\u00fcr die Sternenflotte arbeitet ist geheim. Offiziell ist er ziviler\u00a0 Lehrer auf dem Schiff.\r\n\r\nNur Cmdr. Zima wei\u00df\u00a0um seine wahre Identit\u00e4t. Ihr ist jedoch befohlen worden, diese nicht preis zu geben.\r\n\r\n<!-- \/wp:post-content -->","protected":false},"excerpt":{"rendered":"<p>img: https:\/\/perchance.org\/ai-character-generator Aaron Baizix Status NPC* Spieler Sunny Dienstliche Informationen Rang Zivilist \/ Sternenflotten Geheimdienst Posten Grundschullehrer Stationierung USS Galathea Physische Beschreibung Spezies Betazoid Geschlecht M\u00e4nnlich Gr\u00f6\u00dfe \u00a0190 cm Gewicht \u00a085 kg Hautfarbe Blass Haarfarbe Braun Augenfarbe Braun Biographische Informationen Geburtsort Rixx &#8211; Betazed Geburtstag 01.06.2375 Sexualit\u00e4t flexibel Familienstand ledig Familie Mutter: Lawoxana Vater: Aaron [&hellip;]<\/p>\n","protected":false},"author":9,"featured_media":8603,"parent":2004,"menu_order":100,"comment_status":"closed","ping_status":"closed","template":"","meta":{"footnotes":""},"class_list":["post-8602","page","type-page","status-publish","has-post-thumbnail","hentry"],"publishpress_future_action":{"enabled":false,"date":"2026-05-24 05:28:23","action":"change-status","newStatus":"draft","terms":[],"taxonomy":"","extraData":[]},"publishpress_future_workflow_manual_trigger":{"enabledWorkflows":[]},"_links":{"self":[{"href":"https:\/\/www.sf-germany.org\/einheiten\/uss-galathea\/wp-json\/wp\/v2\/pages\/8602","targetHints":{"allow":["GET"]}}],"collection":[{"href":"https:\/\/www.sf-germany.org\/einheiten\/uss-galathea\/wp-json\/wp\/v2\/pages"}],"about":[{"href":"https:\/\/www.sf-germany.org\/einheiten\/uss-galathea\/wp-json\/wp\/v2\/types\/page"}],"author":[{"embeddable":true,"href":"https:\/\/www.sf-germany.org\/einheiten\/uss-galathea\/wp-json\/wp\/v2\/users\/9"}],"replies":[{"embeddable":true,"href":"https:\/\/www.sf-germany.org\/einheiten\/uss-galathea\/wp-json\/wp\/v2\/comments?post=8602"}],"version-history":[{"count":7,"href":"https:\/\/www.sf-germany.org\/einheiten\/uss-galathea\/wp-json\/wp\/v2\/pages\/8602\/revisions"}],"predecessor-version":[{"id":8777,"href":"https:\/\/www.sf-germany.org\/einheiten\/uss-galathea\/wp-json\/wp\/v2\/pages\/8602\/revisions\/8777"}],"up":[{"embeddable":true,"href":"https:\/\/www.sf-germany.org\/einheiten\/uss-galathea\/wp-json\/wp\/v2\/pages\/2004"}],"wp:featuredmedia":[{"embeddable":true,"href":"https:\/\/www.sf-germany.org\/einheiten\/uss-galathea\/wp-json\/wp\/v2\/media\/8603"}],"wp:attachment":[{"href":"https:\/\/www.sf-germany.org\/einheiten\/uss-galathea\/wp-json\/wp\/v2\/media?parent=8602"}],"curies":[{"name":"wp","href":"https:\/\/api.w.org\/{rel}","templated":true}]}}