{"id":8922,"date":"2024-05-24T23:47:25","date_gmt":"2024-05-24T21:47:25","guid":{"rendered":"https:\/\/www.sf-germany.org\/einheiten\/uss-galathea\/?page_id=8922"},"modified":"2024-06-24T17:48:02","modified_gmt":"2024-06-24T15:48:02","slug":"devries","status":"publish","type":"page","link":"https:\/\/www.sf-germany.org\/einheiten\/uss-galathea\/die-crew\/spielercharaktere\/devries\/","title":{"rendered":"Marjolijn de Vries"},"content":{"rendered":"<div style=\"float: right; margin-left: 15px; margin-bottom: 15px; font-size: 11px; min-width: 350px; width: 25%; padding-left: 10px; padding-right: 10px;\">\r\n<table style=\"width: 100%; border: 0px outset #003366; background: #ffffff; box-shadow: rgba(255, 255, 255, 0.75) 0.1em 0.1em 0.5em; border-radius: 1em; height: 562px;\" border=\"3\" cellspacing=\"10\" align=\"right\">\r\n<tbody>\r\n<tr style=\"height: 15px;\">\r\n<td style=\"font-weight: bold; border: 0px solid transparent; width: 100%; height: 15px;\" colspan=\"2\" align=\"center\"><\/td>\r\n<\/tr>\r\n<tr style=\"height: 144px;\">\r\n<td style=\"background: transparent; border: 0px solid transparent; width: 100%; height: 144px;\" colspan=\"2\" align=\"center\"><!-- hier das Charakterbild einf\u00fcgen -->\r\n<img loading=\"lazy\" decoding=\"async\" class=\"alignnone wp-image-8975 size-medium\" src=\"https:\/\/www.sf-germany.org\/einheiten\/uss-galathea\/wp-content\/uploads\/2024\/06\/marjolijn2-300x300.webp\" alt=\"\" width=\"300\" height=\"300\" srcset=\"https:\/\/www.sf-germany.org\/einheiten\/uss-galathea\/wp-content\/uploads\/2024\/06\/marjolijn2-300x300.webp 300w, https:\/\/www.sf-germany.org\/einheiten\/uss-galathea\/wp-content\/uploads\/2024\/06\/marjolijn2-150x150.webp 150w, https:\/\/www.sf-germany.org\/einheiten\/uss-galathea\/wp-content\/uploads\/2024\/06\/marjolijn2-96x96.webp 96w, https:\/\/www.sf-germany.org\/einheiten\/uss-galathea\/wp-content\/uploads\/2024\/06\/marjolijn2.webp 563w\" sizes=\"auto, (max-width: 300px) 100vw, 300px\" \/><\/td>\r\n<\/tr>\r\n<tr style=\"height: 15px;\">\r\n<td style=\"font-weight: bold; border: 0px solid transparent; width: 100%; height: 15px;\" colspan=\"2\" align=\"center\">Marjolijn de Vries<\/td>\r\n<\/tr>\r\n<tr style=\"height: 15px;\">\r\n<td style=\"font-weight: bold; border: 0px solid transparent; width: 50%; height: 15px;\" align=\"right\" width=\"50%\">Status<\/td>\r\n<td style=\"border: 0px solid transparent; width: 50%; height: 15px;\" align=\"left\" width=\"50%\">PC<\/td>\r\n<\/tr>\r\n<tr style=\"height: 15px;\">\r\n<td style=\"font-weight: bold; border: 0px solid transparent; width: 50%; height: 15px;\" align=\"right\" width=\"50%\">Spieler<\/td>\r\n<td style=\"border: 0px solid transparent; width: 50%; height: 15px;\" align=\"left\" width=\"50%\">Peter<\/td>\r\n<\/tr>\r\n<tr style=\"height: 15px;\">\r\n<td style=\"font-weight: bold; border: 0px solid #003366; background: #555555; box-shadow: rgba(255, 255, 255, 0.75) 0.1em 0.1em 0.5em; border-radius: 1em; width: 100%; height: 15px;\" colspan=\"2\" align=\"center\"><span style=\"color: #ffffff;\">Dienstliche Informationen<\/span><\/td>\r\n<\/tr>\r\n<tr style=\"height: 28px;\">\r\n<td style=\"font-weight: bold; border: 0px solid transparent; width: 50%; height: 28px;\" align=\"right\" width=\"50%\">Ranggrafik<\/td>\r\n<td style=\"border: 0px solid transparent; width: 50%; height: 28px;\" align=\"left\" width=\"50%\"><!-- Es gibt die R\u00e4nge in \/gelb\/, \/rot\/, \/blau\/ und \/wei\u00df\/, manche auch in \/gruen\/ -->\r\n<img loading=\"lazy\" decoding=\"async\" class=\"alignnone\" src=\"https:\/\/www.sf-germany.com\/images\/schemata\/sto\/gelb\/ens.png\" alt=\"\" width=\"100\" height=\"25\" \/><\/td>\r\n<\/tr>\r\n<tr style=\"height: 15px;\">\r\n<td style=\"font-weight: bold; border: 0px solid transparent; width: 50%; height: 15px;\" align=\"right\" width=\"50%\">Rang<\/td>\r\n<td style=\"border: 0px solid transparent; width: 50%; height: 15px;\" align=\"left\" width=\"50%\">Ensign<\/td>\r\n<\/tr>\r\n<tr style=\"height: 15px;\">\r\n<td style=\"font-weight: bold; border: 0px solid transparent; width: 50%; height: 15px;\" align=\"right\" width=\"50%\">Posten<\/td>\r\n<td style=\"border: 0px solid transparent; width: 50%; height: 15px;\" align=\"left\" width=\"50%\">Resourcen Management<\/td>\r\n<\/tr>\r\n<tr style=\"height: 15px;\">\r\n<td style=\"font-weight: bold; border: 0px solid transparent; width: 50%; height: 15px;\" align=\"right\" width=\"50%\">Stationierung<\/td>\r\n<td style=\"border: 0px solid transparent; width: 50%; height: 15px;\" align=\"left\" width=\"50%\">USS Galathea<\/td>\r\n<\/tr>\r\n<tr style=\"height: 15px;\">\r\n<td style=\"font-weight: bold; border: 0px solid #003366; background: #555555; box-shadow: rgba(255, 255, 255, 0.75) 0.1em 0.1em 0.5em; border-radius: 1em; width: 100%; height: 15px;\" colspan=\"2\" align=\"center\"><span style=\"color: #ffffff;\">Physische Beschreibung<\/span><\/td>\r\n<\/tr>\r\n<tr style=\"height: 15px;\">\r\n<td style=\"font-weight: bold; border: 0px solid transparent; width: 50%; height: 15px;\" align=\"right\" width=\"50%\">Spezies<\/td>\r\n<td style=\"border: 0px solid transparent; width: 50%; height: 15px;\" align=\"left\" width=\"50%\">Mensch<\/td>\r\n<\/tr>\r\n<tr style=\"height: 15px;\">\r\n<td style=\"font-weight: bold; border: 0px solid transparent; width: 50%; height: 15px;\" align=\"right\" width=\"50%\">Geschlecht<\/td>\r\n<td style=\"border: 0px solid transparent; width: 50%; height: 15px;\" align=\"left\" width=\"50%\">weiblich<\/td>\r\n<\/tr>\r\n<tr style=\"height: 15px;\">\r\n<td style=\"font-weight: bold; border: 0px solid transparent; width: 50%; height: 15px;\" align=\"right\" width=\"50%\">Gr\u00f6\u00dfe<\/td>\r\n<td style=\"border: 0px solid transparent; width: 50%; height: 15px;\" align=\"left\" width=\"50%\">\u00a0170 cm<\/td>\r\n<\/tr>\r\n<tr style=\"height: 15px;\">\r\n<td style=\"font-weight: bold; border: 0px solid transparent; width: 50%; height: 15px;\" align=\"right\" width=\"50%\">Gewicht<\/td>\r\n<td style=\"border: 0px solid transparent; width: 50%; height: 15px;\" align=\"left\" width=\"50%\">\u00a072 kg<\/td>\r\n<\/tr>\r\n<tr style=\"height: 15px;\">\r\n<td style=\"font-weight: bold; border: 0px solid transparent; width: 50%; height: 15px;\" align=\"right\" width=\"50%\">Hautfarbe<\/td>\r\n<td style=\"border: 0px solid transparent; width: 50%; height: 15px;\" align=\"left\" width=\"50%\"><\/td>\r\n<\/tr>\r\n<tr style=\"height: 15px;\">\r\n<td style=\"font-weight: bold; border: 0px solid transparent; width: 50%; height: 15px;\" align=\"right\" width=\"50%\">Haarfarbe<\/td>\r\n<td style=\"border: 0px solid transparent; width: 50%; height: 15px;\" align=\"left\" width=\"50%\">blond<\/td>\r\n<\/tr>\r\n<tr style=\"height: 15px;\">\r\n<td style=\"font-weight: bold; border: 0px solid transparent; width: 50%; height: 15px;\" align=\"right\" width=\"50%\">Augenfarbe<\/td>\r\n<td style=\"border: 0px solid transparent; width: 50%; height: 15px;\" align=\"left\" width=\"50%\">blau<\/td>\r\n<\/tr>\r\n<tr style=\"height: 15px;\">\r\n<td style=\"font-weight: bold; border: 0px solid transparent; width: 50%; text-align: right; height: 15px;\">bevorzugte Uniform-Variante<\/td>\r\n<td style=\"border: 0px solid transparent; width: 50%; height: 15px;\">2364 | 2369 | 2373 | 2395 | Sierra 2409 | Odyssey | Sierra II<\/td>\r\n<\/tr>\r\n<tr style=\"height: 15px;\">\r\n<td style=\"font-weight: bold; border: 0px solid #003366; background: #555555; box-shadow: rgba(255, 255, 255, 0.75) 0.1em 0.1em 0.5em; border-radius: 1em; width: 100%; height: 15px;\" colspan=\"2\" align=\"center\"><span style=\"color: #ffffff;\">Biographische Informationen<\/span><\/td>\r\n<\/tr>\r\n<tr style=\"height: 15px;\">\r\n<td style=\"font-weight: bold; border: 0px solid transparent; width: 50%; height: 15px;\" align=\"right\" width=\"50%\">Geburtsort<\/td>\r\n<td style=\"border: 0px solid transparent; width: 50%; height: 15px;\" align=\"left\" width=\"50%\">Nieuw Diemen, Altair VI<\/td>\r\n<\/tr>\r\n<tr style=\"height: 15px;\">\r\n<td style=\"font-weight: bold; border: 0px solid transparent; width: 50%; height: 15px;\" align=\"right\" width=\"50%\">Geburtstag<\/td>\r\n<td style=\"border: 0px solid transparent; width: 50%; height: 15px;\" align=\"left\" width=\"50%\">2392<\/td>\r\n<\/tr>\r\n<tr style=\"height: 15px;\">\r\n<td style=\"font-weight: bold; border: 0px solid transparent; width: 50%; height: 15px;\" align=\"right\" width=\"50%\">Sexualit\u00e4t<\/td>\r\n<td style=\"border: 0px solid transparent; width: 50%; height: 15px;\" align=\"left\" width=\"50%\"><\/td>\r\n<\/tr>\r\n<tr style=\"height: 15px;\">\r\n<td style=\"font-weight: bold; border: 0px solid transparent; width: 50%; height: 15px;\" align=\"right\" width=\"50%\">Familienstand<\/td>\r\n<td style=\"border: 0px solid transparent; width: 50%; height: 15px;\" align=\"left\" width=\"50%\">ledig<\/td>\r\n<\/tr>\r\n<tr style=\"height: 15px;\">\r\n<td style=\"font-weight: bold; border: 0px solid transparent; width: 50%; height: 15px;\" align=\"right\" width=\"50%\">Familie<\/td>\r\n<td style=\"border: 0px solid transparent; width: 50%; height: 15px;\" align=\"left\" width=\"50%\"><\/td>\r\n<\/tr>\r\n<tr style=\"height: 15px;\">\r\n<td style=\"font-weight: bold; border: 0px solid transparent; width: 50%; height: 15px;\" align=\"right\" width=\"50%\">Religion<\/td>\r\n<td style=\"border: 0px solid transparent; width: 50%; height: 15px;\" align=\"left\" width=\"50%\"><\/td>\r\n<\/tr>\r\n<tr style=\"height: 15px;\">\r\n<td style=\"font-weight: bold; border: 0px solid #003366; background: #555555; box-shadow: rgba(255, 255, 255, 0.75) 0.1em 0.1em 0.5em; border-radius: 1em; width: 100%; height: 15px;\" colspan=\"2\" align=\"center\"><span style=\"color: #ffffff;\">Politische informationen<\/span><\/td>\r\n<\/tr>\r\n<tr style=\"height: 15px;\">\r\n<td style=\"font-weight: bold; border: 0px solid transparent; width: 50%; height: 15px;\" align=\"right\" width=\"50%\">Buergerschaft<\/td>\r\n<td style=\"border: 0px solid transparent; width: 50%; height: 15px;\" align=\"left\" width=\"50%\">F\u00f6derationsb\u00fcrger<\/td>\r\n<\/tr>\r\n<\/tbody>\r\n<\/table>\r\n<\/div>\r\n<!-- Inhaltsverzeichnis -->\r\n<div style=\"width: 25%; padding: 10px; margin-bottom: 15px; font-size: 11px; border: 1px solid #333333; display: inline-block;\">\r\n\r\n<strong>Inhalt<\/strong>\r\n<ul>\r\n \t<li><a href=\"#beschreibung\">Beschreibung<\/a><\/li>\r\n \t<li><a href=\"#lebenslauf\">Lebenslauf<\/a><\/li>\r\n \t<li><a href=\"#psychologisches\">Psychologisches Profil<\/a><\/li>\r\n \t<li><a href=\"#disziplin\">Disziplinarische Vermerke<\/a><\/li>\r\n \t<li><a href=\"#ausbildung\">Ausbildung &amp; Spezialgebiete<\/a><\/li>\r\n \t<li><a href=\"#spezies\">Besonderheiten<\/a><\/li>\r\n \t<li><a href=\"#hobbies\">Hobbies<\/a><\/li>\r\n \t<li><a href=\"#medizinisches\">Medizinisches Profil<\/a><\/li>\r\n \t<li><a href=\"#familie\">Familie<\/a><\/li>\r\n \t<li><a href=\"#haustiere\">Haustiere<\/a><\/li>\r\n \t<li><a href=\"#klassifiziert\">Klassifizierte Sektion<\/a><\/li>\r\n<\/ul>\r\n<!-- Ende des Inhaltsverzeichnis -->\r\n\r\n<\/div>\r\n<!-- Inhalte -->\r\n<h2><a id=\"beschreibung\"><\/a>Beschreibung<\/h2>\r\n<em><span style=\"color: #999999;\">F\u00fcge hier bitte eine kurze Beschreibung deines Charakters ein. Wie sieht er aus? Was sind direkt sichtbare Merkmale? Wie ist der erste Eindruck, den der Charakter auf andere macht?<\/span><\/em>\r\n\r\n<hr \/>\r\n\r\n<h2><a id=\"lebenslauf\"><\/a>Lebenslauf<\/h2>\r\n<h3>Kindheit und Jugend<\/h3>\r\nMarjolijn ist auf Altair VI aufgewachsen in einer von niederl\u00e4ndischen Auswanderern gegr\u00fcndeten Kolonie. Dort hatte sie ein beh\u00fctetes Leben. Da auf ihrem Heimatplaneten nicht besonders viel los ist hatte es viele ihrer Familienmitglieder in die Sternenflotte gezogen: Sowohl ihr Gro\u00dfvater, ihre Tante, ihr Bruder und ihr Vater haben sich f\u00fcr den Dienst in der Sternenflotter bzw. bei den Marines entschlossen.\r\n<h3>Ausbildung<\/h3>\r\n<span style=\"color: #999999;\"><em>Welche Schule(n) hat der Charakter denn besucht? Hat er eine Ausbildung vor dem Besuch der Sternenflotten-Akademie durchlaufen? Hat er bereits in einem Beruf gearbeitet? Warum hat er sich f\u00fcr den Besuch der Akademie beworben? Und wurde er gleich beim ersten Mal aufgenommen?<\/em><\/span>\r\n<h3>Karriere bei der Sternenflotte<\/h3>\r\nZur \u00dcberraschung aller bewarb sie sich nach Abschluss der Schule auch bei der Sternenflotten-Akademie.\r\n<h3>Tabellarischer Lebenslauf<\/h3>\r\n&nbsp;\r\n<table style=\"border-collapse: collapse; width: 100%; height: 102px;\">\r\n<tbody>\r\n<tr style=\"height: 23px;\">\r\n<td style=\"width: 11.5075%; background-color: #ed801a; height: 23px;\"><strong>Jahr<\/strong><\/td>\r\n<td style=\"width: 88.4925%; background-color: #ed801a; height: 23px;\"><strong>Ereignis<\/strong><\/td>\r\n<\/tr>\r\n<tr style=\"height: 10px;\">\r\n<td style=\"width: 11.5075%; height: 10px;\">2392<\/td>\r\n<td style=\"width: 88.4925%; height: 10px;\">Geboren auf Altair VI<\/td>\r\n<\/tr>\r\n<tr style=\"height: 23px;\">\r\n<td style=\"width: 11.5075%; height: 23px;\">2410<\/td>\r\n<td style=\"width: 88.4925%; height: 23px;\">Eintritt Akademie (Schwerpunkte Operationen und Navigation)<\/td>\r\n<\/tr>\r\n<tr style=\"height: 23px;\">\r\n<td style=\"width: 11.5075%; height: 23px;\">2414<\/td>\r\n<td style=\"width: 88.4925%; height: 23px;\">Kadettenjahr<\/td>\r\n<\/tr>\r\n<tr style=\"height: 23px;\">\r\n<td style=\"width: 11.5075%; height: 23px;\">2415<\/td>\r\n<td style=\"width: 88.4925%; height: 23px;\">Erster Posten als Ensign auf die USS Fontana <span style=\"color: #ff0000;\"><em>\r\n<\/em><\/span><\/td>\r\n<\/tr>\r\n<tr>\r\n<td style=\"width: 11.5075%;\">2416<\/td>\r\n<td style=\"width: 88.4925%;\">Versetzung auf die USS Galathea<\/td>\r\n<\/tr>\r\n<\/tbody>\r\n<\/table>\r\n\r\n<hr \/>\r\n\r\n<h2><a id=\"psychologisches\"><\/a>Psychologisches Profil<\/h2>\r\nMarjolijn ist ehrgeizig, aber glaub nicht daran sich nur auf die Arbeit zu konzentrieren. Sie glaub ihr Motto lautet: &#8222;hart arbeiten, hart feiern&#8220;\u00a0 und sie zeigt sich \u00fcberzeugt, dass die Verbindungen die sie nach Dienstschluss macht ebenso wichtig sind wie ihre eigentlich Schicht. F\u00fcr ihre Vorgesetzten sieht es eher so aus als w\u00fcrde Marjolin der Arbeit aus dem Weg gehen.\r\nAber f\u00fcr sie ist es selbstverst\u00e4ndlich da\u00df sie sich ihre Arbeit nicht unn\u00f6tig schwer macht.\r\nSo hat sie neben &#8222;Operationen&#8220; als zweites Schwerpunktfach &#8222;Steuerung \/ Navigation&#8220; gew\u00e4hlt, weil sie daf\u00fcr die schwierigsten Kurse nur einmal machen musste.\r\nMarjolijn ist gut im Umgang mit Menschen, sucht aber auch fortw\u00e4hrend die Best\u00e4tigung anderer. Auch innerhalb der Sternenflotte ist ihr gr\u00f6\u00dfter Ansporn die Anerkennung anderer.\r\n<h3>St\u00e4rken &amp; Schw\u00e4chen<\/h3>\r\n<strong>Positiv:<\/strong>\r\n<ul>\r\n \t<li>sucht den Anschluss an andere Crewmitglieder<\/li>\r\n \t<li>versucht ihre Arbeit klug zu l\u00f6sen und nicht allein mit Anstrengung<\/li>\r\n<\/ul>\r\n<strong>Negativ:<\/strong>\r\n<ul>\r\n \t<li>sucht best\u00e4ndig nach Anerkennung<\/li>\r\n \t<li>Ehrgeizig<\/li>\r\n \t<li>kann manchmal faul wirken<\/li>\r\n<\/ul>\r\n<strong>Vorlieben:<\/strong>\r\n<ul>\r\n \t<li><\/li>\r\n<\/ul>\r\n<strong>Abneigungen:\u00a0<\/strong>\r\n<ul>\r\n \t<li><\/li>\r\n<\/ul>\r\n<h3><a id=\"diziplin\"><\/a>Personalakte &amp; Disziplinarische Vermerke<\/h3>\r\n<ul>\r\n \t<li>keine Eintr\u00e4ge<\/li>\r\n<\/ul>\r\n\r\n<hr \/>\r\n\r\n<h2><a id=\"ausbildung\"><\/a>Ausbildung &amp; Spezialgebiete<\/h2>\r\n<h3>Zivile Vorbildung<\/h3>\r\nNieuw Diemen ist ein Zentrum f\u00fcr Geoengineering auf Altair VI und entsprechend hat Marjolijn ein gewisses Vorwissen durch Praktika und Nebenjobs erhalten.\r\n<h3>Studien auf der Sternenflottenakademie<\/h3>\r\n<em><span style=\"color: #999999;\">Beschreibe hier die Studien deines Charakters auf der Sternenflottenakademie. Die meisten Charaktere haben zwei F\u00e4cher belegt und somit eine grundlegende Ausbildung in zwei Spezialgebieten erhalten. Bitte sieh dir die Seite zum Lehrplan der Sternenflottenakademie im SFG Wiki an und beachte auch, dass es bei manchen F\u00e4chern Wahlm\u00f6glichkeiten zur Spezialisierung gibt. Du kannst zudem ein paar Nebenf\u00e4cher angeben, die der Charakter belegt hat &#8211; hier kannst du dir etwas ausdenken und auch solche Dinge wie &#8222;Theater AG&#8220; oder die Mitgliedschaft in der Kunstflugstaffel erw\u00e4hnen. \u00dcbertreibe es aber bitte nicht &#8211; zwei Hauptf\u00e4cher sind schon ziemlich fordernd.<\/span><\/em>\r\n\r\n<strong>Hauptf\u00e4cher<\/strong>\r\n<ul>\r\n \t<li>Operations<\/li>\r\n \t<li>Navigation<\/li>\r\n<\/ul>\r\n<strong>Nebenf\u00e4cher<\/strong>\r\n<ul>\r\n \t<li><\/li>\r\n<\/ul>\r\n<h2>Sprachen<\/h2>\r\n<span style=\"color: #999999;\"><em>Jeder Charakter sollte F\u00f6rderationsstandard beherrschen. Im Laufe der Ausbildung an der Akademie lernt der Charakter zudem mindestens eine Fremdsprache. Weitere Sprache k\u00f6nnen sich aus der Muttersprache oder durch Vorbildung ergeben.<\/em><\/span>\r\n<ul>\r\n \t<li>F\u00f6derationsstandard<\/li>\r\n \t<li>Tellaritisch<\/li>\r\n<\/ul>\r\n<h2><a id=\"spezies\"><\/a>Besonderheiten der eigenen Spezies<\/h2>\r\n<ul>\r\n \t<li>Keine<\/li>\r\n<\/ul>\r\n<h2>Sonstiges<\/h2>\r\n<em><span style=\"color: #999999;\">Auch diese Sektion bleibt h\u00e4ufig leer &#8211; sie ist vor Allem daf\u00fcr gedacht, besondere F\u00e4higkeiten, Kenntnisse und Weiterbildungen aufzulisten, die der Charakter im Laufe seiner Karriere erwirbt und besucht. Theoretisch k\u00f6nnten hier aber auch genetische, biotechnologische und cybertechnologische Ver\u00e4nderungen beschrieben werden &#8211; wie zum Beispiel der Visor von Geordie LaForge.<\/span><\/em>\r\n\r\n<hr \/>\r\n\r\n<h2><a id=\"hobbies\"><\/a>Hobbies<\/h2>\r\n<ul>\r\n \t<li>Marjolijn hat fr\u00fcher an Wettkampfschwimmen und Turmspringen teilgenommen, hat aber sp\u00e4ter wenig Zeit daf\u00fcr gefunden<\/li>\r\n \t<li>Ebenso ist sie eine f\u00e4hige S\u00e4ngerin, hat aber keine Ambitionen das zu vertiefen<\/li>\r\n<\/ul>\r\n\r\n<hr \/>\r\n\r\n<h2><a id=\"medizinisches\"><\/a>Medizinisches Profil<\/h2>\r\n<table style=\"width: 100%; border-collapse: collapse; border-style: none; height: 46px;\">\r\n<tbody>\r\n<tr style=\"height: 23px;\">\r\n<td style=\"width: 100%; border-style: none none none solid; border-left-width: 3px; background-color: #e6dfdf; height: 23px;\">Ensign de Vries ist uneingeschr\u00e4nkt diensttauglich.<\/td>\r\n<\/tr>\r\n<tr style=\"height: 23px;\">\r\n<td style=\"width: 100%; border-style: none; height: 23px;\">&#8212; Dr. Malcom Quasar, Stabsarzt<\/td>\r\n<\/tr>\r\n<\/tbody>\r\n<\/table>\r\n<strong>Krankheiten &amp; Gesundheit:<\/strong>\r\n<ul>\r\n \t<li>wie viele Altairianer hat de Vries Spuren tellaritischer DNA<\/li>\r\n<\/ul>\r\n\r\n<hr \/>\r\n\r\n<h2><a id=\"familie\"><\/a>Familie<\/h2>\r\n<span style=\"color: #999999;\"><em>Beschreibe hier kurz die Familie deines Charakters, sofern diese im RPG vorkommen soll. Was hat der Charakter f\u00fcr ein Verh\u00e4ltnis zu seinen Eltern? Was machen seine Geschwister? Gibt es weitere Menschen, die wichtig sind?<\/em><\/span>\r\n<h2><a id=\"haustiere\"><\/a>Haustiere<\/h2>\r\n<span style=\"color: #999999;\"><em>Hat der Charakter Haustiere? Falls ja &#8211; beschreibe sie hier.<\/em><\/span>\r\n\r\n<hr \/>\r\n\r\n<h2><a id=\"klassifiziert\"><\/a>Klassifizierte Sektion<\/h2>\r\n<ul>\r\n \t<li>Keine Eintr\u00e4ge<\/li>\r\n<\/ul>\r\n<!-- \/wp:post-content -->","protected":false},"excerpt":{"rendered":"<p>Marjolijn de Vries Status PC Spieler Peter Dienstliche Informationen Ranggrafik Rang Ensign Posten Resourcen Management Stationierung USS Galathea Physische Beschreibung Spezies Mensch Geschlecht weiblich Gr\u00f6\u00dfe \u00a0170 cm Gewicht \u00a072 kg Hautfarbe Haarfarbe blond Augenfarbe blau bevorzugte Uniform-Variante 2364 | 2369 | 2373 | 2395 | Sierra 2409 | Odyssey | Sierra II Biographische Informationen Geburtsort [&hellip;]<\/p>\n","protected":false},"author":30,"featured_media":1126,"parent":1195,"menu_order":20,"comment_status":"closed","ping_status":"closed","template":"","meta":{"footnotes":""},"class_list":["post-8922","page","type-page","status-publish","has-post-thumbnail","hentry"],"publishpress_future_action":{"enabled":false,"date":"2026-04-29 16:16:59","action":"change-status","newStatus":"draft","terms":[],"taxonomy":"","extraData":[]},"publishpress_future_workflow_manual_trigger":{"enabledWorkflows":[]},"_links":{"self":[{"href":"https:\/\/www.sf-germany.org\/einheiten\/uss-galathea\/wp-json\/wp\/v2\/pages\/8922","targetHints":{"allow":["GET"]}}],"collection":[{"href":"https:\/\/www.sf-germany.org\/einheiten\/uss-galathea\/wp-json\/wp\/v2\/pages"}],"about":[{"href":"https:\/\/www.sf-germany.org\/einheiten\/uss-galathea\/wp-json\/wp\/v2\/types\/page"}],"author":[{"embeddable":true,"href":"https:\/\/www.sf-germany.org\/einheiten\/uss-galathea\/wp-json\/wp\/v2\/users\/30"}],"replies":[{"embeddable":true,"href":"https:\/\/www.sf-germany.org\/einheiten\/uss-galathea\/wp-json\/wp\/v2\/comments?post=8922"}],"version-history":[{"count":10,"href":"https:\/\/www.sf-germany.org\/einheiten\/uss-galathea\/wp-json\/wp\/v2\/pages\/8922\/revisions"}],"predecessor-version":[{"id":8977,"href":"https:\/\/www.sf-germany.org\/einheiten\/uss-galathea\/wp-json\/wp\/v2\/pages\/8922\/revisions\/8977"}],"up":[{"embeddable":true,"href":"https:\/\/www.sf-germany.org\/einheiten\/uss-galathea\/wp-json\/wp\/v2\/pages\/1195"}],"wp:featuredmedia":[{"embeddable":true,"href":"https:\/\/www.sf-germany.org\/einheiten\/uss-galathea\/wp-json\/wp\/v2\/media\/1126"}],"wp:attachment":[{"href":"https:\/\/www.sf-germany.org\/einheiten\/uss-galathea\/wp-json\/wp\/v2\/media?parent=8922"}],"curies":[{"name":"wp","href":"https:\/\/api.w.org\/{rel}","templated":true}]}}