{"id":9154,"date":"2025-02-26T15:11:31","date_gmt":"2025-02-26T14:11:31","guid":{"rendered":"https:\/\/www.sf-germany.org\/einheiten\/uss-galathea\/?page_id=9154"},"modified":"2025-04-23T21:41:09","modified_gmt":"2025-04-23T19:41:09","slug":"margaret-noni","status":"publish","type":"page","link":"https:\/\/www.sf-germany.org\/einheiten\/uss-galathea\/die-crew\/nichtspielercharaktere\/margaret-noni\/","title":{"rendered":"Margaret Noni"},"content":{"rendered":"<div style=\"float: right; margin-left: 15px; margin-bottom: 15px; font-size: 11px; min-width: 350px; width: 25%; padding-left: 10px; padding-right: 10px;\">\n<table style=\"width: 100%; border: 0px outset #003366; background: #ffffff; box-shadow: rgba(255, 255, 255, 0.75) 0.1em 0.1em 0.5em; border-radius: 1em; height: 550px;\" border=\"3\" cellspacing=\"10\" align=\"right\">\n<tbody>\n<tr style=\"height: 15px;\">\n<td style=\"font-weight: bold; border: 0px solid transparent; width: 100%; height: 15px;\" colspan=\"2\" align=\"center\"><\/td>\n<\/tr>\n<tr style=\"height: 144px;\">\n<td style=\"background: transparent; border: 0px solid transparent; width: 100%; height: 144px;\" colspan=\"2\" align=\"center\"><!-- hier das Charakterbild einf\u00fcgen -->\n\n<figure id=\"attachment_9103\" aria-describedby=\"caption-attachment-9103\" style=\"width: 202px\" class=\"wp-caption alignnone\"><img loading=\"lazy\" decoding=\"async\" class=\"wp-image-9103 size-medium\" src=\"https:\/\/www.sf-germany.org\/einheiten\/uss-galathea\/wp-content\/uploads\/2025\/01\/EnsignNoni-202x300.png\" alt=\"\" width=\"202\" height=\"300\" srcset=\"https:\/\/www.sf-germany.org\/einheiten\/uss-galathea\/wp-content\/uploads\/2025\/01\/EnsignNoni-202x300.png 202w, https:\/\/www.sf-germany.org\/einheiten\/uss-galathea\/wp-content\/uploads\/2025\/01\/EnsignNoni.png 245w\" sizes=\"auto, (max-width: 202px) 100vw, 202px\" \/><figcaption id=\"caption-attachment-9103\" class=\"wp-caption-text\">Picture generated by https:\/\/perchance.org\/ai-character-generator<\/figcaption><\/figure><\/td>\n<\/tr>\n<tr style=\"height: 15px;\">\n<td style=\"font-weight: bold; border: 0px solid transparent; width: 100%; height: 15px;\" colspan=\"2\" align=\"center\"><b>Margaret Noni<\/b><\/td>\n<\/tr>\n<tr style=\"height: 15px;\">\n<td style=\"font-weight: bold; border: 0px solid transparent; width: 50%; height: 15px;\" align=\"right\" width=\"50%\">Status<\/td>\n<td style=\"border: 0px solid transparent; width: 50%; height: 15px;\" align=\"left\" width=\"50%\">NPC*<\/td>\n<\/tr>\n<tr style=\"height: 15px;\">\n<td style=\"font-weight: bold; border: 0px solid transparent; width: 50%; height: 15px;\" align=\"right\" width=\"50%\">Spieler<\/td>\n<td style=\"border: 0px solid transparent; width: 50%; height: 15px;\" align=\"left\" width=\"50%\">Meowie<\/td>\n<\/tr>\n<tr style=\"height: 15px;\">\n<td style=\"font-weight: bold; border: 0px solid #003366; background: #555555; box-shadow: rgba(255, 255, 255, 0.75) 0.1em 0.1em 0.5em; border-radius: 1em; width: 100%; height: 15px;\" colspan=\"2\" align=\"center\"><span style=\"color: #ffffff;\">Dienstliche Informationen<\/span><\/td>\n<\/tr>\n<tr style=\"height: 16px;\">\n<td style=\"font-weight: bold; border: 0px solid transparent; width: 50%; height: 16px; text-align: right;\">Ranggrafik<\/td>\n<td style=\"border: 0px solid transparent; width: 50%; height: 16px;\"><img loading=\"lazy\" decoding=\"async\" class=\"alignnone\" src=\"https:\/\/www.sf-germany.com\/images\/schemata\/sto\/weiss\/ziv.png\" alt=\"\" width=\"100\" height=\"25\" \/><\/td>\n<\/tr>\n<tr style=\"height: 15px;\">\n<td style=\"font-weight: bold; border: 0px solid transparent; width: 50%; height: 15px;\" align=\"right\" width=\"50%\">Rang<\/td>\n<td style=\"border: 0px solid transparent; width: 50%; height: 15px;\" align=\"left\" width=\"50%\">Ensign<\/td>\n<\/tr>\n<tr style=\"height: 15px;\">\n<td style=\"font-weight: bold; border: 0px solid transparent; width: 50%; height: 15px;\" align=\"right\" width=\"50%\">Posten<\/td>\n<td style=\"border: 0px solid transparent; width: 50%; height: 15px;\" align=\"left\" width=\"50%\">OPS\/Information<\/td>\n<\/tr>\n<tr style=\"height: 15px;\">\n<td style=\"font-weight: bold; border: 0px solid transparent; width: 50%; height: 15px;\" align=\"right\" width=\"50%\">Stationierung<\/td>\n<td style=\"border: 0px solid transparent; width: 50%; height: 15px;\" align=\"left\" width=\"50%\">USS Galathea<\/td>\n<\/tr>\n<tr style=\"height: 15px;\">\n<td style=\"font-weight: bold; border: 0px solid #003366; background: #555555; box-shadow: rgba(255, 255, 255, 0.75) 0.1em 0.1em 0.5em; border-radius: 1em; width: 100%; height: 15px;\" colspan=\"2\" align=\"center\"><span style=\"color: #ffffff;\">Physische Beschreibung<\/span><\/td>\n<\/tr>\n<tr style=\"height: 15px;\">\n<td style=\"font-weight: bold; border: 0px solid transparent; width: 50%; height: 15px;\" align=\"right\" width=\"50%\">Spezies<\/td>\n<td style=\"border: 0px solid transparent; width: 50%; height: 15px;\" align=\"left\" width=\"50%\">Mensch<\/td>\n<\/tr>\n<tr style=\"height: 15px;\">\n<td style=\"font-weight: bold; border: 0px solid transparent; width: 50%; height: 15px;\" align=\"right\" width=\"50%\">Geschlecht<\/td>\n<td style=\"border: 0px solid transparent; width: 50%; height: 15px;\" align=\"left\" width=\"50%\">weiblich<\/td>\n<\/tr>\n<tr style=\"height: 15px;\">\n<td style=\"font-weight: bold; border: 0px solid transparent; width: 50%; height: 15px;\" align=\"right\" width=\"50%\">Gr\u00f6\u00dfe<\/td>\n<td style=\"border: 0px solid transparent; width: 50%; height: 15px;\" align=\"left\" width=\"50%\">\u00a0160 cm<\/td>\n<\/tr>\n<tr style=\"height: 15px;\">\n<td style=\"font-weight: bold; border: 0px solid transparent; width: 50%; height: 15px;\" align=\"right\" width=\"50%\">\u00a0Gewicht<\/td>\n<td style=\"border: 0px solid transparent; width: 50%; height: 15px;\" align=\"left\" width=\"50%\">\u00a055 kg<\/td>\n<\/tr>\n<tr style=\"height: 15px;\">\n<td style=\"font-weight: bold; border: 0px solid transparent; width: 50%; height: 15px;\" align=\"right\" width=\"50%\">Hautfarbe<\/td>\n<td style=\"border: 0px solid transparent; width: 50%; height: 15px;\" align=\"left\" width=\"50%\">dunkel<\/td>\n<\/tr>\n<tr style=\"height: 15px;\">\n<td style=\"font-weight: bold; border: 0px solid transparent; width: 50%; height: 15px;\" align=\"right\" width=\"50%\">Haarfarbe<\/td>\n<td style=\"border: 0px solid transparent; width: 50%; height: 15px;\" align=\"left\" width=\"50%\">schwarz<\/td>\n<\/tr>\n<tr style=\"height: 15px;\">\n<td style=\"font-weight: bold; border: 0px solid transparent; width: 50%; height: 15px;\" align=\"right\" width=\"50%\">Augenfarbe<\/td>\n<td style=\"border: 0px solid transparent; width: 50%; height: 15px;\" align=\"left\" width=\"50%\">braun<\/td>\n<\/tr>\n<tr style=\"height: 15px;\">\n<td style=\"font-weight: bold; border: 0px solid #003366; background: #555555; box-shadow: rgba(255, 255, 255, 0.75) 0.1em 0.1em 0.5em; border-radius: 1em; width: 100%; height: 15px;\" colspan=\"2\" align=\"center\"><span style=\"color: #ffffff;\">Biographische Informationen<\/span><\/td>\n<\/tr>\n<tr style=\"height: 15px;\">\n<td style=\"font-weight: bold; border: 0px solid transparent; width: 50%; height: 15px;\" align=\"right\" width=\"50%\">Geburtsort<\/td>\n<td style=\"border: 0px solid transparent; width: 50%; height: 15px;\" align=\"left\" width=\"50%\">Nairobi, Kenia, Erde<\/td>\n<\/tr>\n<tr style=\"height: 15px;\">\n<td style=\"font-weight: bold; border: 0px solid transparent; width: 50%; height: 15px;\" align=\"right\" width=\"50%\">Geburtstag<\/td>\n<td style=\"border: 0px solid transparent; width: 50%; height: 15px;\" align=\"left\" width=\"50%\">01.04.2390<\/td>\n<\/tr>\n<tr style=\"height: 15px;\">\n<td style=\"font-weight: bold; border: 0px solid transparent; width: 50%; height: 15px;\" align=\"right\" width=\"50%\">Sexualit\u00e4t<\/td>\n<td style=\"border: 0px solid transparent; width: 50%; height: 15px;\" align=\"left\" width=\"50%\"><\/td>\n<\/tr>\n<tr style=\"height: 15px;\">\n<td style=\"font-weight: bold; border: 0px solid transparent; width: 50%; height: 15px;\" align=\"right\" width=\"50%\">Familienstand<\/td>\n<td style=\"border: 0px solid transparent; width: 50%; height: 15px;\" align=\"left\" width=\"50%\">ledig<\/td>\n<\/tr>\n<tr style=\"height: 15px;\">\n<td style=\"font-weight: bold; border: 0px solid transparent; width: 50%; height: 15px;\" align=\"right\" width=\"50%\">Familie<\/td>\n<td style=\"border: 0px solid transparent; width: 50%; height: 15px;\" align=\"left\" width=\"50%\"><\/td>\n<\/tr>\n<tr style=\"height: 15px;\">\n<td style=\"font-weight: bold; border: 0px solid transparent; width: 50%; height: 15px;\" align=\"right\" width=\"50%\">Religion<\/td>\n<td style=\"border: 0px solid transparent; width: 50%; height: 15px;\" align=\"left\" width=\"50%\">Christlich<\/td>\n<\/tr>\n<tr style=\"height: 15px;\">\n<td style=\"font-weight: bold; border: 0px solid #003366; background: #555555; box-shadow: rgba(255, 255, 255, 0.75) 0.1em 0.1em 0.5em; border-radius: 1em; width: 100%; height: 15px;\" colspan=\"2\" align=\"center\"><span style=\"color: #ffffff;\">Politische informationen<\/span><\/td>\n<\/tr>\n<tr style=\"height: 15px;\">\n<td style=\"font-weight: bold; border: 0px solid transparent; width: 50%; height: 15px;\" align=\"right\" width=\"50%\">Buergerschaft<\/td>\n<td style=\"border: 0px solid transparent; width: 50%; height: 15px;\" align=\"left\" width=\"50%\">F\u00f6derationsb\u00fcrger<\/td>\n<\/tr>\n<\/tbody>\n<\/table>\n<\/div>\n<!-- Inhaltsverzeichnis -->\n<div style=\"width: 25%; padding: 10px; margin-bottom: 15px; font-size: 11px; border: 1px solid #333333; display: inline-block;\">\n\n<strong>Inhalt<\/strong>\n<ul>\n \t<li><a href=\"#beschreibung\">Beschreibung<\/a><\/li>\n \t<li><a href=\"#lebenslauf\">Lebenslauf<\/a><\/li>\n \t<li><a href=\"#psychologisches\">Psychologisches Profil<\/a><\/li>\n \t<li><a href=\"#disziplin\">Disziplinarische Vermerke<\/a><\/li>\n \t<li><a href=\"#ausbildung\">Ausbildung &amp; Spezialgebiete<\/a><\/li>\n \t<li><a href=\"#spezies\">Besonderheiten<\/a><\/li>\n \t<li><a href=\"#hobbies\">Hobbies<\/a><\/li>\n \t<li><a href=\"#medizinisches\">Medizinisches Profil<\/a><\/li>\n \t<li><a href=\"#familie\">Familie<\/a><\/li>\n \t<li><a href=\"#haustiere\">Haustiere<\/a><\/li>\n \t<li><a href=\"#klassifiziert\">Klassifizierte Sektion<\/a><\/li>\n<\/ul>\n<!-- Ende des Inhaltsverzeichnis -->\n\n<\/div>\n<!-- Inhalte -->\n<h2><a id=\"beschreibung\"><\/a>Beschreibung<\/h2>\nSie kam, sie sah, sie feierte. Margaret Noni, genannt Mags, ist Ensign in der OPS Abteilung der USS Galathea und selbsternannte Informations- und Partyzentrale.\n\n<hr \/>\n\n<h2><a id=\"lebenslauf\"><\/a>Lebenslauf<\/h2>\n<h3>Kindheit und Jugend<\/h3>\nMags wuchs in beh\u00fcteten Verh\u00e4ltnissen in Nairobi, Kenia auf der Erde auf. Ihre Eltern waren Diplomaten, sodass Mags schon fr\u00fch in den Genuss kam, verschiedenste Personen, Charaktere und ihre Geschichten kennen zu lernen. Durch die h\u00e4ufigen Events, denen sie schon im Kindesalter beiwohnen durfte, entwickelte sie schon fr\u00fch einen ausgesprochenen Hunger auf Informationen und eine ausgesprochene Ausdauer f\u00fcr alles was mit Musik, Tanz und gutem Essen zu tun hatte.\n<h3>Karriere bei der Sternenflotte<\/h3>\n<div class=\"entry-content\">\n\nWie Mags auf der USS Galathea gelandet ist, wei\u00df sie auch nicht so genau, aber sie ist h\u00f6chst zufrieden mit dieser Verkettung gl\u00fccklicher Umst\u00e4nde.\n\n<\/div>\nDie Ausbildung an der Sternenflottenakademie absolvierte Mags, weil es irgendwie nach einer guten Idee klang, nachdem sie einige Jahre als Freigeist durch die Clubs der irdischen Gro\u00dfst\u00e4dte gegeistert war. Also bewarb sie sich, wurde trotz ihrer l\u00e4ngeren Auszeit, wohl auch aufgrund ein wenig Vitamin-B ihrer Eltern, angenommen und hatte dreieinhalb Jahre lang einen Riesenspa\u00df mit ihren Kommilitonen. Trotz ihrem Fokus auf die sch\u00f6nen Seiten des Lebens war Mags immer aufmerksam und schnitt in ihrer Ausbildung gut ab. Nach der Basisausbildung mit Fokus auf Operations vertiefte Mags die Themen Administration und Informationsverarbeitung.\n\nDie USS Galathea ist ihr erster offizieller Einsatz als Ensign in der Sternenflotte. Mags ist in der OPS Abteilung eingesetzt und sieht sich selbst als die menschgewordene Informationsschaltzentrale. Sie beantwortet gerne eingehende Meldungen, um \u00fcber alles, was auf dem Schiff so los ist, informiert zu sein.\n<h3>Tabellarischer Lebenslauf<\/h3>\n<table style=\"border-collapse: collapse; width: 100%; height: 139px;\">\n<tbody>\n<tr style=\"height: 23px;\">\n<td style=\"width: 11.5075%; background-color: #ed801a; height: 23px;\"><strong>Jahr<\/strong><\/td>\n<td style=\"width: 88.4925%; background-color: #ed801a; height: 23px;\"><strong>Ereignis<\/strong><\/td>\n<\/tr>\n<tr style=\"height: 23px;\">\n<td style=\"width: 11.5075%; height: 23px;\">2390<\/td>\n<td style=\"width: 88.4925%; height: 23px;\">Geburt<\/td>\n<\/tr>\n<tr style=\"height: 23px;\">\n<td style=\"width: 11.5075%; height: 23px;\">2396-2408<\/td>\n<td style=\"width: 88.4925%; height: 23px;\">Schulbildung auf der Erde<\/td>\n<\/tr>\n<tr style=\"height: 23px;\">\n<td style=\"width: 11.5075%; height: 23px;\">2408-2412<\/td>\n<td style=\"width: 88.4925%; height: 23px;\">kreative Auszeit<\/td>\n<\/tr>\n<tr style=\"height: 23px;\">\n<td style=\"width: 11.5075%; height: 23px;\">2412<\/td>\n<td style=\"width: 88.4925%; height: 23px;\">Ausbildung zum Ensign mit Fokus Operations an der Sternenflottenakademie<\/td>\n<\/tr>\n<tr style=\"height: 24px;\">\n<td style=\"width: 11.5075%; height: 24px;\">2416<\/td>\n<td style=\"width: 88.4925%; height: 24px;\">USS Galathea, OPS Abteilung<\/td>\n<\/tr>\n<\/tbody>\n<\/table>\n\n<hr \/>\n\n<h2><a id=\"psychologisches\"><\/a>Psychologisches Profil<\/h2>\nMargaret Noni ist extrovertiert, laut und meistens gut gelaunt. Sie schlie\u00dft schnell Freundschaften, ist jedem gegen\u00fcber aufgeschlossen und tr\u00e4gt selten etwas nach. Spa\u00df zu haben ist ihr wichtig und diese Philosophie versucht sie auch gerne an ihre Umgebung weiterzureichen. Trotz ihrer Affinit\u00e4t f\u00fcr Feiern und Tratsch macht Mags einen erstaunlich guten Job. Sie hat schon als Kind gelernt, ihre Umgebung genau zu beobachten und alle f\u00fcr sie wichtigen Informationen herauszufiltern. Die Arbeit ist f\u00fcr sie nicht das Wichtigste, aber der Nebeneffekt des st\u00e4ndigen Informationsflusses entsch\u00e4digt sie f\u00fcr den Aufwand des fr\u00fchen Aufstehens.\n<ul>\n \t<li><strong>Positiv:<\/strong>\n<ul>\n \t<li>aufgeschlossen und freundlich<\/li>\n \t<li>absolut nicht nachtragend<\/li>\n \t<li>wei\u00df immer \u00fcber alles Bescheid<\/li>\n<\/ul>\n<strong>Negativ:<\/strong>\n<ul>\n \t<li>kann kein Geheimnis f\u00fcr sich behalten<\/li>\n \t<li>kann aufdringlich wirken<\/li>\n \t<li>manchmal zweifelhafte Priorit\u00e4tensetzung in Bezug auf die Arbeit<\/li>\n<\/ul>\n<strong>Vorlieben:<\/strong>\n<ul>\n \t<li>Parties<\/li>\n \t<li>Informationen<\/li>\n \t<li>alles was auch nur ansatzweise zuckerhaltig ist<\/li>\n \t<li><\/li>\n<\/ul>\n<strong>Abneigungen:\u00a0<\/strong>\n<ul>\n \t<li>die Farbe grau<\/li>\n \t<li>Meeresfr\u00fcchte<\/li>\n \t<li>Erdn\u00fcsse<\/li>\n<\/ul>\n<\/li>\n<\/ul>\n<h3><a id=\"diziplin\"><\/a>Personalakte &amp; Disziplinarische Vermerke<\/h3>\n<span style=\"color: #999999;\"><em>In dieser Sektion kannst du besondere Ereignisse, disziplinarische Ma\u00dfnahmen und Belobigungen eintragen. Auch der Erhalt von Orden und Auszeichnungen w\u00fcrde hier vermerkt werden. Gerne kannst du dies in Form von Akteneintr\u00e4gen oder als Auflistung machen. Beachte bitte, dass du hier nicht zwangsl\u00e4ufig etwas eintragen musst &#8211; bei vielen Charakteren ist diese Sektion zu Anfang leer.<\/em><\/span>\n<ul>\n \t<li>Belobigung<\/li>\n \t<li>Verweis<\/li>\n<\/ul>\n\n<hr \/>\n\n<h2><\/h2>\n<h2>Sprachen<\/h2>\nDurch die Diplomatent\u00e4tigkeit ihrer Eltern lernte Mags schon fr\u00fch, wie wichtig es war, sich in verschiedenen Sprachen ausdr\u00fccken zu k\u00f6nnen.\n<ul>\n \t<li>F\u00f6derationsstandard<\/li>\n \t<li>Vulkanisch<\/li>\n \t<li>Betazoidisch<\/li>\n \t<li>Klingonisch<\/li>\n \t<li>Andorianisch<\/li>\n<\/ul>\n<h2><a id=\"spezies\"><\/a>Besonderheiten der eigenen Spezies<\/h2>\nKeine\n\n<hr \/>\n\n<h2><a id=\"hobbies\"><\/a>Hobbies<\/h2>\n<ul>\n \t<li>Mags legt gerne als DJ auf<\/li>\n<\/ul>\n\n<hr \/>\n\n<h2><a id=\"medizinisches\"><\/a>Medizinisches Profil<\/h2>\n<strong>Krankheiten &amp; Gesundheit:<\/strong>\n<ul>\n \t<li>Mags ist allergisch gegen Erdn\u00fcsse<\/li>\n<\/ul>\n\n<hr \/>\n\n<h2><\/h2>\n<h2><a id=\"haustiere\"><\/a>Haustiere<\/h2>\nMags hat kein eigenes Haustier, mag aber den mindanischen Trenga ihrer Mitbewohnerin Grace Fraser ausgesprochen gerne.\n\n<hr \/>\n\n<h2><a id=\"klassifiziert\"><\/a>Klassifizierte Sektion<\/h2>\nKeine Eintr\u00e4ge\n\n<!-- \/wp:post-content -->","protected":false},"excerpt":{"rendered":"<p>Margaret Noni Status NPC* Spieler Meowie Dienstliche Informationen Ranggrafik Rang Ensign Posten OPS\/Information Stationierung USS Galathea Physische Beschreibung Spezies Mensch Geschlecht weiblich Gr\u00f6\u00dfe \u00a0160 cm \u00a0Gewicht \u00a055 kg Hautfarbe dunkel Haarfarbe schwarz Augenfarbe braun Biographische Informationen Geburtsort Nairobi, Kenia, Erde Geburtstag 01.04.2390 Sexualit\u00e4t Familienstand ledig Familie Religion Christlich Politische informationen Buergerschaft F\u00f6derationsb\u00fcrger Inhalt Beschreibung Lebenslauf [&hellip;]<\/p>\n","protected":false},"author":31,"featured_media":9103,"parent":2004,"menu_order":100,"comment_status":"closed","ping_status":"closed","template":"","meta":{"footnotes":""},"class_list":["post-9154","page","type-page","status-publish","has-post-thumbnail","hentry"],"publishpress_future_action":{"enabled":false,"date":"2026-05-07 10:00:25","action":"change-status","newStatus":"draft","terms":[],"taxonomy":"","extraData":[]},"publishpress_future_workflow_manual_trigger":{"enabledWorkflows":[]},"_links":{"self":[{"href":"https:\/\/www.sf-germany.org\/einheiten\/uss-galathea\/wp-json\/wp\/v2\/pages\/9154","targetHints":{"allow":["GET"]}}],"collection":[{"href":"https:\/\/www.sf-germany.org\/einheiten\/uss-galathea\/wp-json\/wp\/v2\/pages"}],"about":[{"href":"https:\/\/www.sf-germany.org\/einheiten\/uss-galathea\/wp-json\/wp\/v2\/types\/page"}],"author":[{"embeddable":true,"href":"https:\/\/www.sf-germany.org\/einheiten\/uss-galathea\/wp-json\/wp\/v2\/users\/31"}],"replies":[{"embeddable":true,"href":"https:\/\/www.sf-germany.org\/einheiten\/uss-galathea\/wp-json\/wp\/v2\/comments?post=9154"}],"version-history":[{"count":3,"href":"https:\/\/www.sf-germany.org\/einheiten\/uss-galathea\/wp-json\/wp\/v2\/pages\/9154\/revisions"}],"predecessor-version":[{"id":9259,"href":"https:\/\/www.sf-germany.org\/einheiten\/uss-galathea\/wp-json\/wp\/v2\/pages\/9154\/revisions\/9259"}],"up":[{"embeddable":true,"href":"https:\/\/www.sf-germany.org\/einheiten\/uss-galathea\/wp-json\/wp\/v2\/pages\/2004"}],"wp:featuredmedia":[{"embeddable":true,"href":"https:\/\/www.sf-germany.org\/einheiten\/uss-galathea\/wp-json\/wp\/v2\/media\/9103"}],"wp:attachment":[{"href":"https:\/\/www.sf-germany.org\/einheiten\/uss-galathea\/wp-json\/wp\/v2\/media?parent=9154"}],"curies":[{"name":"wp","href":"https:\/\/api.w.org\/{rel}","templated":true}]}}