{"id":9159,"date":"2025-02-26T15:25:00","date_gmt":"2025-02-26T14:25:00","guid":{"rendered":"https:\/\/www.sf-germany.org\/einheiten\/uss-galathea\/?page_id=9159"},"modified":"2025-02-26T15:25:00","modified_gmt":"2025-02-26T14:25:00","slug":"tholan","status":"publish","type":"page","link":"https:\/\/www.sf-germany.org\/einheiten\/uss-galathea\/die-crew\/nichtspielercharaktere\/tholan\/","title":{"rendered":"Tholan"},"content":{"rendered":"<div style=\"float: right; margin-left: 15px; margin-bottom: 15px; font-size: 11px; min-width: 350px; width: 25%; padding-left: 10px; padding-right: 10px;\">\r\n<table style=\"width: 100%; border: 0px outset #003366; background: #ffffff; box-shadow: rgba(255, 255, 255, 0.75) 0.1em 0.1em 0.5em; border-radius: 1em; height: 609px;\" border=\"3\" cellspacing=\"10\" align=\"right\">\r\n<tbody>\r\n<tr style=\"height: 15px;\">\r\n<td style=\"font-weight: bold; border: 0px solid transparent; width: 100%; height: 15px;\" colspan=\"2\" align=\"center\"><\/td>\r\n<\/tr>\r\n<tr style=\"height: 144px;\">\r\n<td style=\"background: transparent; border: 0px solid transparent; width: 100%; height: 144px;\" colspan=\"2\" align=\"center\"><!-- hier das Charakterbild einf\u00fcgen -->\r\n<img loading=\"lazy\" decoding=\"async\" class=\"alignnone wp-image-9137 size-medium\" src=\"https:\/\/www.sf-germany.org\/einheiten\/uss-galathea\/wp-content\/uploads\/2025\/01\/tholan-281x300.png\" alt=\"\" width=\"281\" height=\"300\" srcset=\"https:\/\/www.sf-germany.org\/einheiten\/uss-galathea\/wp-content\/uploads\/2025\/01\/tholan-281x300.png 281w, https:\/\/www.sf-germany.org\/einheiten\/uss-galathea\/wp-content\/uploads\/2025\/01\/tholan.png 583w\" sizes=\"auto, (max-width: 281px) 100vw, 281px\" \/><\/td>\r\n<\/tr>\r\n<tr style=\"height: 15px;\">\r\n<td style=\"font-weight: bold; border: 0px solid transparent; width: 100%; height: 15px;\" colspan=\"2\" align=\"center\"><b>Tholan<\/b><\/td>\r\n<\/tr>\r\n<tr style=\"height: 15px;\">\r\n<td style=\"font-weight: bold; border: 0px solid transparent; width: 50%; height: 15px;\" align=\"right\" width=\"50%\">Status<\/td>\r\n<td style=\"border: 0px solid transparent; width: 50%; height: 15px;\" align=\"left\" width=\"50%\">NPC*<\/td>\r\n<\/tr>\r\n<tr style=\"height: 15px;\">\r\n<td style=\"font-weight: bold; border: 0px solid transparent; width: 50%; height: 15px;\" align=\"right\" width=\"50%\">Spieler<\/td>\r\n<td style=\"border: 0px solid transparent; width: 50%; height: 15px;\" align=\"left\" width=\"50%\">Meowie<\/td>\r\n<\/tr>\r\n<tr style=\"height: 15px;\">\r\n<td style=\"font-weight: bold; border: 0px solid #003366; background: #555555; box-shadow: rgba(255, 255, 255, 0.75) 0.1em 0.1em 0.5em; border-radius: 1em; width: 100%; height: 15px;\" colspan=\"2\" align=\"center\"><span style=\"color: #ffffff;\">Dienstliche Informationen<\/span><\/td>\r\n<\/tr>\r\n<tr style=\"height: 16px;\">\r\n<td style=\"font-weight: bold; border: 0px solid transparent; width: 50%; height: 16px; text-align: right;\">Ranggrafik<\/td>\r\n<td style=\"border: 0px solid transparent; width: 50%; height: 16px;\"><img loading=\"lazy\" decoding=\"async\" class=\"alignnone\" src=\"https:\/\/www.sf-germany.com\/images\/schemata\/sto\/weiss\/ziv.png\" alt=\"\" width=\"100\" height=\"25\" \/><\/td>\r\n<\/tr>\r\n<tr style=\"height: 15px;\">\r\n<td style=\"font-weight: bold; border: 0px solid transparent; width: 50%; height: 15px;\" align=\"right\" width=\"50%\">Rang<\/td>\r\n<td style=\"border: 0px solid transparent; width: 50%; height: 15px;\" align=\"left\" width=\"50%\">Auszubildender<\/td>\r\n<\/tr>\r\n<tr style=\"height: 15px;\">\r\n<td style=\"font-weight: bold; border: 0px solid transparent; width: 50%; height: 15px;\" align=\"right\" width=\"50%\">Posten<\/td>\r\n<td style=\"border: 0px solid transparent; width: 50%; height: 15px;\" align=\"left\" width=\"50%\">Auszubildender zum Krankenpfleger<\/td>\r\n<\/tr>\r\n<tr style=\"height: 15px;\">\r\n<td style=\"font-weight: bold; border: 0px solid transparent; width: 50%; height: 15px;\" align=\"right\" width=\"50%\">Stationierung<\/td>\r\n<td style=\"border: 0px solid transparent; width: 50%; height: 15px;\" align=\"left\" width=\"50%\">USS Galathea<\/td>\r\n<\/tr>\r\n<tr style=\"height: 15px;\">\r\n<td style=\"font-weight: bold; border: 0px solid #003366; background: #555555; box-shadow: rgba(255, 255, 255, 0.75) 0.1em 0.1em 0.5em; border-radius: 1em; width: 100%; height: 15px;\" colspan=\"2\" align=\"center\"><span style=\"color: #ffffff;\">Physische Beschreibung<\/span><\/td>\r\n<\/tr>\r\n<tr style=\"height: 15px;\">\r\n<td style=\"font-weight: bold; border: 0px solid transparent; width: 50%; height: 15px;\" align=\"right\" width=\"50%\">Spezies<\/td>\r\n<td style=\"border: 0px solid transparent; width: 50%; height: 15px;\" align=\"left\" width=\"50%\">Andorianer<\/td>\r\n<\/tr>\r\n<tr style=\"height: 15px;\">\r\n<td style=\"font-weight: bold; border: 0px solid transparent; width: 50%; height: 15px;\" align=\"right\" width=\"50%\">Geschlecht<\/td>\r\n<td style=\"border: 0px solid transparent; width: 50%; height: 15px;\" align=\"left\" width=\"50%\">m\u00e4nnlich<\/td>\r\n<\/tr>\r\n<tr style=\"height: 15px;\">\r\n<td style=\"font-weight: bold; border: 0px solid transparent; width: 50%; height: 15px;\" align=\"right\" width=\"50%\">Gr\u00f6\u00dfe<\/td>\r\n<td style=\"border: 0px solid transparent; width: 50%; height: 15px;\" align=\"left\" width=\"50%\">\u00a0175 cm<\/td>\r\n<\/tr>\r\n<tr style=\"height: 15px;\">\r\n<td style=\"font-weight: bold; border: 0px solid transparent; width: 50%; height: 15px;\" align=\"right\" width=\"50%\">Gewicht<\/td>\r\n<td style=\"border: 0px solid transparent; width: 50%; height: 15px;\" align=\"left\" width=\"50%\">\u00a068 kg<\/td>\r\n<\/tr>\r\n<tr style=\"height: 15px;\">\r\n<td style=\"font-weight: bold; border: 0px solid transparent; width: 50%; height: 15px;\" align=\"right\" width=\"50%\">Hautfarbe<\/td>\r\n<td style=\"border: 0px solid transparent; width: 50%; height: 15px;\" align=\"left\" width=\"50%\">blau<\/td>\r\n<\/tr>\r\n<tr style=\"height: 15px;\">\r\n<td style=\"font-weight: bold; border: 0px solid transparent; width: 50%; height: 15px;\" align=\"right\" width=\"50%\">Haarfarbe<\/td>\r\n<td style=\"border: 0px solid transparent; width: 50%; height: 15px;\" align=\"left\" width=\"50%\">wei\u00df<\/td>\r\n<\/tr>\r\n<tr style=\"height: 15px;\">\r\n<td style=\"font-weight: bold; border: 0px solid transparent; width: 50%; height: 15px;\" align=\"right\" width=\"50%\">Augenfarbe<\/td>\r\n<td style=\"border: 0px solid transparent; width: 50%; height: 15px;\" align=\"left\" width=\"50%\">blau<\/td>\r\n<\/tr>\r\n<tr style=\"height: 15px;\">\r\n<td style=\"font-weight: bold; border: 0px solid #003366; background: #555555; box-shadow: rgba(255, 255, 255, 0.75) 0.1em 0.1em 0.5em; border-radius: 1em; width: 100%; height: 15px;\" colspan=\"2\" align=\"center\"><span style=\"color: #ffffff;\">Biographische Informationen<\/span><\/td>\r\n<\/tr>\r\n<tr style=\"height: 15px;\">\r\n<td style=\"font-weight: bold; border: 0px solid transparent; width: 50%; height: 15px;\" align=\"right\" width=\"50%\">Geburtsort<\/td>\r\n<td style=\"border: 0px solid transparent; width: 50%; height: 15px;\" align=\"left\" width=\"50%\">Andor<\/td>\r\n<\/tr>\r\n<tr style=\"height: 15px;\">\r\n<td style=\"font-weight: bold; border: 0px solid transparent; width: 50%; height: 15px;\" align=\"right\" width=\"50%\">Geburtstag<\/td>\r\n<td style=\"border: 0px solid transparent; width: 50%; height: 15px;\" align=\"left\" width=\"50%\">05.05.2398<\/td>\r\n<\/tr>\r\n<tr style=\"height: 15px;\">\r\n<td style=\"font-weight: bold; border: 0px solid transparent; width: 50%; height: 15px;\" align=\"right\" width=\"50%\">Sexualit\u00e4t<\/td>\r\n<td style=\"border: 0px solid transparent; width: 50%; height: 15px;\" align=\"left\" width=\"50%\"><\/td>\r\n<\/tr>\r\n<tr style=\"height: 15px;\">\r\n<td style=\"font-weight: bold; border: 0px solid transparent; width: 50%; height: 15px;\" align=\"right\" width=\"50%\">Familienstand<\/td>\r\n<td style=\"border: 0px solid transparent; width: 50%; height: 15px;\" align=\"left\" width=\"50%\">ledig<\/td>\r\n<\/tr>\r\n<tr style=\"height: 15px;\">\r\n<td style=\"font-weight: bold; border: 0px solid transparent; width: 50%; height: 15px;\" align=\"right\" width=\"50%\">Familie<\/td>\r\n<td style=\"border: 0px solid transparent; width: 50%; height: 15px;\" align=\"left\" width=\"50%\"><\/td>\r\n<\/tr>\r\n<tr style=\"height: 15px;\">\r\n<td style=\"font-weight: bold; border: 0px solid transparent; width: 50%; height: 15px;\" align=\"right\" width=\"50%\">Religion<\/td>\r\n<td style=\"border: 0px solid transparent; width: 50%; height: 15px;\" align=\"left\" width=\"50%\">keine<\/td>\r\n<\/tr>\r\n<tr style=\"height: 15px;\">\r\n<td style=\"font-weight: bold; border: 0px solid #003366; background: #555555; box-shadow: rgba(255, 255, 255, 0.75) 0.1em 0.1em 0.5em; border-radius: 1em; width: 100%; height: 15px;\" colspan=\"2\" align=\"center\"><span style=\"color: #ffffff;\">Politische informationen<\/span><\/td>\r\n<\/tr>\r\n<tr style=\"height: 15px;\">\r\n<td style=\"font-weight: bold; border: 0px solid transparent; width: 50%; height: 15px;\" align=\"right\" width=\"50%\">Buergerschaft<\/td>\r\n<td style=\"border: 0px solid transparent; width: 50%; height: 15px;\" align=\"left\" width=\"50%\">F\u00f6derationsb\u00fcrger<\/td>\r\n<\/tr>\r\n<\/tbody>\r\n<\/table>\r\n<\/div>\r\n<!-- Inhaltsverzeichnis -->\r\n<div style=\"width: 25%; padding: 10px; margin-bottom: 15px; font-size: 11px; border: 1px solid #333333; display: inline-block;\">\r\n\r\n<strong>Inhalt<\/strong>\r\n<ul>\r\n \t<li><a href=\"#beschreibung\">Beschreibung<\/a><\/li>\r\n \t<li><a href=\"#lebenslauf\">Lebenslauf<\/a><\/li>\r\n \t<li><a href=\"#psychologisches\">Psychologisches Profil<\/a><\/li>\r\n \t<li><a href=\"#disziplin\">Disziplinarische Vermerke<\/a><\/li>\r\n \t<li><a href=\"#ausbildung\">Ausbildung &amp; Spezialgebiete<\/a><\/li>\r\n \t<li><a href=\"#spezies\">Besonderheiten<\/a><\/li>\r\n \t<li><a href=\"#hobbies\">Hobbies<\/a><\/li>\r\n \t<li><a href=\"#medizinisches\">Medizinisches Profil<\/a><\/li>\r\n \t<li><a href=\"#familie\">Familie<\/a><\/li>\r\n \t<li><a href=\"#haustiere\">Haustiere<\/a><\/li>\r\n \t<li><a href=\"#klassifiziert\">Klassifizierte Sektion<\/a><\/li>\r\n<\/ul>\r\n<!-- Ende des Inhaltsverzeichnis -->\r\n\r\n<\/div>\r\n<!-- Inhalte -->\r\n<h2><a id=\"beschreibung\"><\/a>Beschreibung<\/h2>\r\nTholan ist ein junger Andorianer, der seine Ausbildung zum Krankenpfleger auf der Krankenstation der USS Galathea begonnen hat. Wissbegierig und engagiert kann er es kaum erwarten, irgendwann selbst mal Leben zu retten und unterwegs so viel zu lernen, wie m\u00f6glich.\r\n\r\n<hr \/>\r\n\r\n<h2><a id=\"lebenslauf\"><\/a>Lebenslauf<\/h2>\r\n<header class=\"entry-header\">\r\n<h3>Kindheit und Jugend<\/h3>\r\nTholan wuchs auf Andor auf. Als Sohn eines Botschafters reiste er bereits als Kind viel und lernte schon fr\u00fch den Weltraum und die vielen V\u00f6lker, die er zu bieten hatte, kennen. Einzige Konstante war neben seinen Eltern seine \u00e4ltere Schwester Kasa. Die Geschwister waren trotz eines Altersunterschiedes von etwa 6 Jahren von Anfang an unzertrennlich, was sich auch in der Teenagerzeit und als Kasa ins junge Erwachsenenalter kam, nicht \u00e4nderte.\r\n\r\n<\/header>W\u00e4hrend Tholan an vielen Dingen stark interessiert war, fiel es ihm schwer, sich auf ein Gebiet festzulegen, in dem er sp\u00e4ter Fu\u00df fassen wollte. Von Wissenschaft \u00fcber Kampf\u00fcbungen f\u00fcr klingonische Krieger bis zu B\u00fcchern \u00fcber Psychologie &#8211; alles interessierte und faszinierte ihn. Kasa beschloss dagegen schon fr\u00fch, in die diplomatischen Fu\u00dfstapfen ihres Vaters treten zu wollen und begleitete ihn, wenn angebracht, h\u00e4ufig auf seinen diplomatischen Missionen. Auf einem dieser Eins\u00e4tze auf einem Planeten namens Enderia III erkrankte Kasa an einer f\u00fcr Andorianer unbekannten Virusinfektion. Die \u00c4rztin eines ebenfalls anwesenden Au\u00dfenteams der USS Gallagher behandelte und heilte Kasa, gegen den Willen ihres Vaters, dem das Risiko des &#8222;Herumpfuschens mit unbekannten Viren&#8220;, wie er es nannte, zu gro\u00df gewesen war. Da Kasas Gesundheitszustand sich rapide verschlechterte, bat sie die \u00c4rztin selbst um Hilfe, da sie bef\u00fcrchtete, den Weg zur\u00fcck nach Andor nicht mehr zu erleben. Kasa wurde geheilt und bekam selbst nur wenig mit von dem diplomatischen Eklat zwischen ihrem Vater, der \u00c4rztin und deren Captain und dessen Folgen.\r\n\r\nF\u00fcr Tholan hatte der beinahe Verlust seiner Schwester eine kl\u00e4rende Wirkung. Er wusste nun genau, was er sp\u00e4ter einmal machen wollte &#8211; er wollte in der Medizin t\u00e4tig sein und zwar so schnell wie m\u00f6glich. Da er wusste, dass eine Ausbildung zum Arzt bei der Sternenflotte viele Jahre in Anspruch nimmt, er aber so schnell wie m\u00f6glich am Patienten lernen und helfen wollte, bewarb er sich stattdessen um einen Platz als Auszubildender zum Krankenpfleger. Aufgrund seiner immer guten schulischen Leistungen und den im Bewerbungsgespr\u00e4ch offenkundigen Enthusiasmus bekam er schnell eine Zusage und durfte im Sp\u00e4tsommer 2416 seine Ausbildung auf der USS Galathea beginnen.\r\n<h3>Tabellarischer Lebenslauf<\/h3>\r\n&nbsp;\r\n<table style=\"border-collapse: collapse; width: 100%;\">\r\n<tbody>\r\n<tr>\r\n<td style=\"width: 11.5075%; background-color: #ed801a;\"><strong>Jahr<\/strong><\/td>\r\n<td style=\"width: 88.4925%; background-color: #ed801a;\"><strong>Ereignis<\/strong><\/td>\r\n<\/tr>\r\n<tr style=\"height: 23px;\">\r\n<td style=\"width: 11.5075%; height: 23px;\">2398<\/td>\r\n<td style=\"width: 88.4925%; height: 23px;\">Geburt<\/td>\r\n<\/tr>\r\n<tr style=\"height: 23px;\">\r\n<td style=\"width: 11.5075%; height: 23px;\">23404 &#8211; 2416<\/td>\r\n<td style=\"width: 88.4925%; height: 23px;\">Schulische Ausbildung und Begleitung diplomatischer Reisen<\/td>\r\n<\/tr>\r\n<tr style=\"height: 23px;\">\r\n<td style=\"width: 11.5075%; height: 23px;\">2416<\/td>\r\n<td style=\"width: 88.4925%; height: 23px;\">Start der Ausbildung zum Krankenpfleger aus der USS Galathea<\/td>\r\n<\/tr>\r\n<\/tbody>\r\n<\/table>\r\n\r\n<hr \/>\r\n\r\n<h2><a id=\"psychologisches\"><\/a>Psychologisches Profil<\/h2>\r\nTholan ist aufgeschlossen, neugierig und engagiert. Er hat ein breites Spektrum an Interessen und ist jederzeit willens, neue Dinge kennen zu lernen.\r\n\r\nNachdem er seine Passion in der Medizin gefunden hat, wirft er sich mit Feuereifer in seine Ausbildung. Mit seinen 18 Jahren hat er noch viel zu lernen, bringt aber mehr als die notwendige Energie und Bereitschaft dazu mit.\r\n\r\nMit Gleichaltrigen und Gleichrangigen ist Tholan locker und kumpelhaft, Vorgesetzten und Personen, die \u00e4lter als er sind, gegen\u00fcber verh\u00e4lt er sich stets respektvoll.\r\n<h3>St\u00e4rken &amp; Schw\u00e4chen<\/h3>\r\n<strong>Positiv:<\/strong>\r\n<ul>\r\n \t<li>engagiert<\/li>\r\n \t<li>wissbegierig<\/li>\r\n \t<li>enthusiastisch<\/li>\r\n<\/ul>\r\n<strong>Negativ:<\/strong>\r\n<ul>\r\n \t<li>hat manchmal Schwierigkeiten, sich festzulegen<\/li>\r\n \t<li>l\u00e4uft Gefahr, sich aufgrund seiner Hilfsbereitschaft ausnutzen zu lassen<\/li>\r\n<\/ul>\r\n<strong>Vorlieben:<\/strong>\r\n<ul>\r\n \t<li>Neues lernen<\/li>\r\n \t<li>Zeit mit der Familie verbringen<\/li>\r\n \t<li>Singen &#8211; \u00fcberall und laut<\/li>\r\n<\/ul>\r\n<strong>Abneigungen:\u00a0<\/strong>\r\n<ul>\r\n \t<li style=\"list-style-type: none;\">\r\n<ul>\r\n \t<li>Ungerechtigkeiten<\/li>\r\n \t<li>Mobbing<\/li>\r\n \t<li>endlose Diskussionen<\/li>\r\n<\/ul>\r\n<\/li>\r\n<\/ul>\r\n\r\n<hr \/>\r\n\r\n<h2><\/h2>\r\n<h2>Sprachen<\/h2>\r\n<ul>\r\n \t<li>F\u00f6derationsstandard<\/li>\r\n \t<li>Andorianisch<\/li>\r\n<\/ul>\r\n<h2><a id=\"spezies\"><\/a>Besonderheiten der eigenen Spezies<\/h2>\r\nKeine\r\n\r\n&nbsp;\r\n\r\n<hr \/>\r\n\r\n<h2><a id=\"hobbies\"><\/a>Hobbies<\/h2>\r\n<ul>\r\n \t<li>vieles mal kurz, aber bisher nichts festes<\/li>\r\n<\/ul>\r\n\r\n<hr \/>\r\n\r\n<h2><a id=\"medizinisches\"><\/a>Medizinisches Profil<\/h2>\r\n<ul>\r\n \t<li>Tholan ist gesund und entspricht dem Entwicklungsstand f\u00fcr einen Andorianer seines Alters<\/li>\r\n<\/ul>\r\n&nbsp;\r\n\r\n<hr \/>\r\n\r\n<h2>NRPG<\/h2>\r\nTholans Schwester Kasa ist die Tochter des andorianischen Botschafters, den Dr. Grace Fraser, stv. CM der Galathea, gegen den Willen ihres Vaters behandelte, was zu ihrer Degradierung zum Lt.(jg) f\u00fchrte. Tholan wei\u00df allerdings nicht, dass eine seiner Vorgesetzten diejenige ist, die seine Schwester heilte und Grace wei\u00df auch nicht, dass Tholan mit dem Botschafter verwandt ist, der ihre Degradierung forciert hat. Tholans Vater wei\u00df ebenfalls nicht, dass sein Sohn jetzt mit der \u00c4rztin arbeitet, die sich seinen Anweisungen widersetzt hat, da er die Crewliste des Einsatzgebietes seines Sohns nur bis zu den Abteilungsleitern verfolgt hat. \u00dcberraschung :).\r\n\r\n<!-- \/wp:post-content -->","protected":false},"excerpt":{"rendered":"<p>Tholan Status NPC* Spieler Meowie Dienstliche Informationen Ranggrafik Rang Auszubildender Posten Auszubildender zum Krankenpfleger Stationierung USS Galathea Physische Beschreibung Spezies Andorianer Geschlecht m\u00e4nnlich Gr\u00f6\u00dfe \u00a0175 cm Gewicht \u00a068 kg Hautfarbe blau Haarfarbe wei\u00df Augenfarbe blau Biographische Informationen Geburtsort Andor Geburtstag 05.05.2398 Sexualit\u00e4t Familienstand ledig Familie Religion keine Politische informationen Buergerschaft F\u00f6derationsb\u00fcrger Inhalt Beschreibung Lebenslauf Psychologisches [&hellip;]<\/p>\n","protected":false},"author":31,"featured_media":9137,"parent":2004,"menu_order":100,"comment_status":"closed","ping_status":"closed","template":"","meta":{"footnotes":""},"class_list":["post-9159","page","type-page","status-publish","has-post-thumbnail","hentry"],"publishpress_future_action":{"enabled":false,"date":"2026-05-05 15:07:00","action":"change-status","newStatus":"draft","terms":[],"taxonomy":"","extraData":[]},"publishpress_future_workflow_manual_trigger":{"enabledWorkflows":[]},"_links":{"self":[{"href":"https:\/\/www.sf-germany.org\/einheiten\/uss-galathea\/wp-json\/wp\/v2\/pages\/9159","targetHints":{"allow":["GET"]}}],"collection":[{"href":"https:\/\/www.sf-germany.org\/einheiten\/uss-galathea\/wp-json\/wp\/v2\/pages"}],"about":[{"href":"https:\/\/www.sf-germany.org\/einheiten\/uss-galathea\/wp-json\/wp\/v2\/types\/page"}],"author":[{"embeddable":true,"href":"https:\/\/www.sf-germany.org\/einheiten\/uss-galathea\/wp-json\/wp\/v2\/users\/31"}],"replies":[{"embeddable":true,"href":"https:\/\/www.sf-germany.org\/einheiten\/uss-galathea\/wp-json\/wp\/v2\/comments?post=9159"}],"version-history":[{"count":1,"href":"https:\/\/www.sf-germany.org\/einheiten\/uss-galathea\/wp-json\/wp\/v2\/pages\/9159\/revisions"}],"predecessor-version":[{"id":9160,"href":"https:\/\/www.sf-germany.org\/einheiten\/uss-galathea\/wp-json\/wp\/v2\/pages\/9159\/revisions\/9160"}],"up":[{"embeddable":true,"href":"https:\/\/www.sf-germany.org\/einheiten\/uss-galathea\/wp-json\/wp\/v2\/pages\/2004"}],"wp:featuredmedia":[{"embeddable":true,"href":"https:\/\/www.sf-germany.org\/einheiten\/uss-galathea\/wp-json\/wp\/v2\/media\/9137"}],"wp:attachment":[{"href":"https:\/\/www.sf-germany.org\/einheiten\/uss-galathea\/wp-json\/wp\/v2\/media?parent=9159"}],"curies":[{"name":"wp","href":"https:\/\/api.w.org\/{rel}","templated":true}]}}