{"id":1001,"date":"2019-04-12T15:32:14","date_gmt":"2019-04-12T13:32:14","guid":{"rendered":"http:\/\/www.sf-germany.org\/einheiten\/hephaistos\/?page_id=1001"},"modified":"2022-10-07T12:53:13","modified_gmt":"2022-10-07T10:53:13","slug":"ileytis-von-lastor","status":"publish","type":"page","link":"https:\/\/www.sf-germany.org\/einheiten\/uss-hephaistos\/die-crew\/charakter-archiv\/ileytis-von-lastor\/","title":{"rendered":"Ileytis von Las&#8217;Tor"},"content":{"rendered":"<div style=\"float: right; margin-left: 15px; margin-bottom: 15px; font-size: 11px;\">\n<table style=\"border: 0px solid #003366; background: transparent; box-shadow: rgba(255, 255, 255, 0.75) 0.1em 0.1em 0.5em; border-radius: 1em; width: 100%;\" border=\"3\" cellspacing=\"10\" align=\"right\">\n<tbody>\n<tr>\n<td style=\"font-weight: bold; border: 0px solid transparent; width: 100%;\" colspan=\"2\" align=\"center\"><\/td>\n<\/tr>\n<tr>\n<td style=\"background: transparent; border: 0px solid transparent; width: 100%;\" colspan=\"2\" align=\"center\"><img loading=\"lazy\" decoding=\"async\" class=\"alignnone wp-image-1156 \" src=\"https:\/\/www.sf-germany.org\/einheiten\/uss-hephaistos\/wp-content\/uploads\/Ileytis_drawing-300x223.jpg\" alt=\"\" width=\"284\" height=\"211\" \/><\/td>\n<\/tr>\n<tr>\n<td style=\"font-weight: bold; border: 0px solid transparent; width: 100%;\" colspan=\"2\" align=\"center\"><b>Ileytis von Las&#8217;Tor<br \/>\n<\/b><\/td>\n<\/tr>\n<tr>\n<td style=\"font-weight: bold; border: 0px solid transparent; width: 50%;\" align=\"right\" width=\"50%\">Status<\/td>\n<td style=\"border: 0px solid transparent; width: 50%;\" align=\"left\" width=\"50%\">NPC<\/td>\n<\/tr>\n<tr>\n<td style=\"font-weight: bold; border: 0px solid transparent; width: 50%;\" align=\"right\" width=\"50%\">Spieler<\/td>\n<td style=\"border: 0px solid transparent; width: 50%;\" align=\"left\" width=\"50%\">alle<\/td>\n<\/tr>\n<tr>\n<td style=\"font-weight: bold; border: 0px solid #003366; background: #555555; box-shadow: rgba(255, 255, 255, 0.75) 0.1em 0.1em 0.5em; border-radius: 1em; width: 100%;\" colspan=\"2\" align=\"center\">Dienstliche Informationen<\/td>\n<\/tr>\n<tr>\n<td style=\"font-weight: bold; border: 0px solid transparent; width: 50%;\" align=\"right\" width=\"50%\">Ranggrafik<\/td>\n<td style=\"border: 0px solid transparent; width: 50%;\" align=\"left\" width=\"50%\"><img loading=\"lazy\" decoding=\"async\" src=\"https:\/\/www.sf-germany.com\/images\/schemata\/sto\/weiss\/ziv.png\" alt=\"\" width=\"100\" height=\"25\" \/><\/td>\n<\/tr>\n<tr>\n<td style=\"font-weight: bold; border: 0px solid transparent; width: 50%;\" align=\"right\" width=\"50%\">Rang<\/td>\n<td style=\"border: 0px solid transparent; width: 50%;\" align=\"left\" width=\"50%\">Besucher<\/td>\n<\/tr>\n<tr>\n<td style=\"font-weight: bold; border: 0px solid transparent; width: 50%;\" align=\"right\" width=\"50%\">Posten<\/td>\n<td style=\"border: 0px solid transparent; width: 50%;\" align=\"left\" width=\"50%\"><\/td>\n<\/tr>\n<tr>\n<td style=\"font-weight: bold; border: 0px solid transparent; width: 50%;\" align=\"right\" width=\"50%\">Stationierung<\/td>\n<td style=\"border: 0px solid transparent; width: 50%;\" align=\"left\" width=\"50%\">USS Hephaistos<\/td>\n<\/tr>\n<tr>\n<td style=\"font-weight: bold; border: 0px solid #003366; background: #555555; box-shadow: rgba(255, 255, 255, 0.75) 0.1em 0.1em 0.5em; border-radius: 1em; width: 100%;\" colspan=\"2\" align=\"center\">Physische Beschreibung<\/td>\n<\/tr>\n<tr>\n<td style=\"font-weight: bold; border: 0px solid transparent; width: 50%;\" align=\"right\" width=\"50%\">Spezies<\/td>\n<td style=\"border: 0px solid transparent; width: 50%;\" align=\"left\" width=\"50%\">Liduuri<\/td>\n<\/tr>\n<tr>\n<td style=\"font-weight: bold; border: 0px solid transparent; width: 50%;\" align=\"right\" width=\"50%\">Geschlecht<\/td>\n<td style=\"border: 0px solid transparent; width: 50%;\" align=\"left\" width=\"50%\">weiblich<\/td>\n<\/tr>\n<tr>\n<td style=\"font-weight: bold; border: 0px solid transparent; width: 50%;\" align=\"right\" width=\"50%\">Aussehen<\/td>\n<td style=\"border: 0px solid transparent; width: 50%;\" align=\"left\" width=\"50%\"><\/td>\n<\/tr>\n<tr>\n<td style=\"font-weight: bold; border: 0px solid #003366; background: #555555; box-shadow: rgba(255, 255, 255, 0.75) 0.1em 0.1em 0.5em; border-radius: 1em; width: 100%;\" colspan=\"2\" align=\"center\">Biographische Informationen<\/td>\n<\/tr>\n<tr>\n<td style=\"font-weight: bold; border: 0px solid transparent; width: 50%;\" align=\"right\" width=\"50%\">Geburtstag<\/td>\n<td style=\"border: 0px solid transparent; width: 50%;\" align=\"left\" width=\"50%\"><\/td>\n<\/tr>\n<tr>\n<td style=\"font-weight: bold; border: 0px solid transparent; width: 50%;\" align=\"right\" width=\"50%\">Herkunft<\/td>\n<td style=\"border: 0px solid transparent; width: 50%;\" align=\"left\" width=\"50%\"><\/td>\n<\/tr>\n<tr>\n<td style=\"font-weight: bold; border: 0px solid transparent; width: 50%;\" align=\"right\" width=\"50%\">Familie<\/td>\n<td style=\"border: 0px solid transparent; width: 50%;\" align=\"left\" width=\"50%\"><\/td>\n<\/tr>\n<tr>\n<td style=\"font-weight: bold; border: 0px solid transparent; width: 50%;\" align=\"right\" width=\"50%\">Religion<\/td>\n<td style=\"border: 0px solid transparent; width: 50%;\" align=\"left\" width=\"50%\"><\/td>\n<\/tr>\n<tr>\n<td style=\"font-weight: bold; border: 0px solid #003366; background: #555555; box-shadow: rgba(255, 255, 255, 0.75) 0.1em 0.1em 0.5em; border-radius: 1em; width: 100%;\" colspan=\"2\" align=\"center\">Politische informationen<\/td>\n<\/tr>\n<tr>\n<td style=\"font-weight: bold; border: 0px solid transparent; width: 50%;\" align=\"right\" width=\"50%\">Buergerschaft<\/td>\n<td style=\"border: 0px solid transparent; width: 50%;\" align=\"left\" width=\"50%\">unbekannt<\/td>\n<\/tr>\n<\/tbody>\n<\/table>\n<\/div>\n<p style=\"text-align: left;\">Ileytis von Las&#8217;Tor ist eine genetisch erzeugte Lebensform basierend aus menschlicher DNS gekreuzt mit Elementen deltanischen Erbguts, um auf diese Weise die k\u00fcnstliche Rasse der Liduuri zu erschaffen.<br \/>\nIhre s\u00e4mtlichen Erinnerungen sind fiktive Erlebnisse, die Ileytis w\u00e4hrend ihres Heranreifen in der Brutkammer einer Gruppe von Wissenschaftlern erlebt hatte. Dennoch erscheinen sie Ileytis absolut nat\u00fcrlich.<\/p>\n<h2>Lebenslauf<\/h2>\n<p>Vor etwa 12 Jahren (es herrschte noch tiefer Frieden) kam eine Gruppe aus mehreren politisch unzufriedenen Wissenschaftlern aus dem privaten Sektor auf die Idee, ein soziales Experiment durchzuf\u00fchren um ihre umstrittenen Thesen empirisch zu beweisen. Da sie wussten, dass eine solche Studie in der Realit\u00e4t nicht nur undurchf\u00fchrbar war, vor allem aber auch hoch illegal w\u00e4re, beschlossen sie, dieses Experiment virtuell durchzuf\u00fchren. Sie nutzten daf\u00fcr Gentechnologie sowie die weit fortgeschrittene Holodeck-Technologie. Und um ganz sicher zu gehen, verlegten sie ihr Experiment auf ein Raumschiff und f\u00fchrten es in einem neutralen bzw. sp\u00e4rlich besiedelten Raumgebiet durch.<\/p>\n<p>Aus illegal beschafften genetischen Material schufen sie mehrere weitgehend menschliche Personen, nutzen dazu ein gut Teil Protomaterie um die so entstandenen Kinder schnell auf das gew\u00fcnschte Alter zu bringen und f\u00fctterten sie dabei unabl\u00e4ssig mit Wissen und k\u00fcnstlichen Erfahrungen bis sie reif f\u00fcr das Experiment waren.<\/p>\n<p>Das Ziel ihres Experimentes war es, eine funktionierende diktatorische Gesellschaft auf Basis der Wissenschaften, also eine Art absolutistische Technokratie zu schaffen. Die Experimente scheiterten mehr oder weniger, da sich einerseits herausstellte, dass selbst die (virtuelle) Bev\u00f6lkerung mit der absolutistischen Herrschaft nicht einverstanden war und andererseits die Mehrzahl der von ihnen eingesetzten Herrscher unf\u00e4hig waren, sich \u00e4hnlich wie Vulkanier ausschlie\u00dflich der Wissenschaft zu unterstellen. Solche gescheiterte Experimente wurden eingestellt und die biologischen Proben vernichtet. Wichtig waren die Aufzeichnungen und das so entstandene Wissen an, nicht aber die &#8218;Versuchstiere&#8216; selber.<\/p>\n<p>Eines der Experimente war Ileytis (Teststellung &#8218;9&#8216;). Das von ihr regierte virtuelle Sternenreich kollabierte nach rund acht Jahren an den Folgen einer Rebellion, die durch das zu geringe Eingehen auf die sozialen W\u00fcnsche der Bev\u00f6lkerung entstand.<br \/>\nDas Experiment wurde allerdings entgegen der Regeln weiter laufen gelassen, da die Leiterin der Teststellung 9 sich selber in das Experiment mit eingebracht hatte und ihre Probandin zu sehr lieb gewonnen hatte um sie nach dem Scheitern einfach zu entsorgen. Heimlich \u00e4nderte sie die Programmierung und gab Ileytis somit das notwendigste Grundwissen \u00fcber die reale Welt mit und lie\u00df sie dann durch die siegreichen Rebellen virtuell in die Verbannung schicken. Sie plante, ihrerseits zu fliehen, die Stasiskammer zu bergen und mit Ileytis unterzutauchen. Doch ihr Verrat wurde entdeckt. Da sie sich weigerte, den Aufenthaltsort der Stasiskammer preiszugeben, gelang es nicht diese aufzufinden bis diese von der F\u00f6deration geborgen wurde.<\/p>\n<p>Ileytis h\u00e4lt sich selber f\u00fcr eine Liduuri, einer sehr menschen\u00e4hnlichen Spezies, die ihr Sternenreich im Beta-Sektor zu haben glaubte. Sie selber nimmt an, dass sie vor Jahrtausenden geherrscht, dann gest\u00fcrzt und in Stase in die Verbannung geschickt wurde. Sp\u00e4tere Untersuchungen sowohl ihrer Stasiskammer als auch des von ihr beschriebenen Sternensystems (4594 Phoenicis) werden ergeben, dass dies nicht stimmen kann.<\/p>\n<p>Ileytis ist auf eigenem Wunsch auf dem Planeten Thyene im Thassos-System geblieben.<\/p>\n<hr \/>\n<h2>Psychologisches Profil<\/h2>\n<p>Ileytis von Las&#8217;Tor erinnert sich daran, in ihrer Jugend ein fr\u00f6hliches und aufgeschlossenes M\u00e4dchen gewesen zu sein. Sie geh\u00f6rte zwar zur herrschenden Familie der Liduuri, hatte aber kein Interesse an Politik oder Wirtschaft sondern fand eher Gefallen an Wissenschaft und Forschung.<\/p>\n<p>Dabei hat sich bald herausgestellt, dass Ileytis zwar recht locker mit Konventionen umging und auch eine gute Menge an Freunden hatte, sie jedoch kein echter Teamplayer war. Diese Eigenheit kristallisierte sich sp\u00e4ter weiter heraus. Zuletzt holte Ileytis sich zwar Rat bei ihren Experten, traf ihre Entscheidungen aber immer selbst.<\/p>\n<p>Erst in den letzten vier Jahren erkannte die junge Frau, dass sie unendlich einsam geworden war und vermisste Freundschaften und Liebe. Seitdem versucht sie, wieder andere Leute an sich heran zu lassen, was ihr aber unendlich schwer f\u00e4llt. Dennoch gelang es ihr, die Zuneigung der Bev\u00f6lkerung ihres Heimat-Systems zu erringen, was ihr letztendlich das Leben gerettet hat.<\/p>\n<p>Ileytis ist beiderlei Geschlechtern gegen\u00fcber zugetan. In ihrer Jugend hatte sie einige m\u00e4nnliche Liebhaber, sp\u00e4ter dann eine dauerhafte Freundin (in Gestalt der sie \u00fcberwachenden Wissenschaftlerin). In den Jahren ihrer Regentschaft ist Sexualit\u00e4t etwas in den Hintergrund getreten und ist erst vor vier Jahren wieder aktuell geworden. Jedoch konnte Ileytis sich keiner Person in ihrer N\u00e4he wirklich \u00f6ffnen.<\/p>\n<p>Ileytis ist ein hochintelligentes Lebewesen, hat allerdings in den Jahren ihrer Regentschaft verlernt, mit anderen intelligenten Lebewesen auf Augenh\u00f6he umzugehen. Das zu \u00fcberwinden ist ihr auch in den letzten Jahren kaum gelungen. Sie wirkt eher verschlossen und manchmal auch \u00fcberheblich, was sie jedoch \u00fcberwinden kann, wenn sie sich zusammenrei\u00dft.<\/p>\n<p>Zu Jetsun Pema hat Ileytis seit ihrem Aufeinandertreffen eine tiefe emotionale Bindung erlangt, die ebenso erwidert wird. Diese ist m\u00f6glicherweise auf die aufgrund des starken Stresses \u00fcberm\u00e4\u00dfig produzierte Parastrahlung ihrer Vilga-Dr\u00fcse zur\u00fcckzuf\u00fchren.<\/p>\n<hr \/>\n<h2>Spezialgebiete<\/h2>\n<p>Ileytis Spezialgebiet ist die Biochemie.<br \/>\nAnsonsten hat sie ein relativ gutes Grundwissen auf mehreren wissenschaftlichen Gebieten.<\/p>\n<p><strong>St\u00e4rken \/ Schw\u00e4chen<\/strong><\/p>\n<hr \/>\n<h2>Hobbies<\/h2>\n<p>Ileytis hat keine Hobbies, denen sie aktuell nachgeht. Ihre Zeit hatte f\u00fcr solche Interessen nie gereicht.<br \/>\nSie hat aber viel Freude am Schwimmen, was sie immer wieder gerne tat. F\u00fcr sie war Schwimmen oder Baden vor allem Entspannung, die sie gerne auch mit anderen Leuten, die sie mehr oder weniger an sich heran lie\u00df teilte.<\/p>\n<p>Ileytis hatte auch viel Freude an der Natur. Wandern und spazieren gehen hatte ihr vor ihrer Regentschaft immer Freude bereitet. Dieses Interessengebiet hat sie allerdings lange vernachl\u00e4ssigt und war erst in den letzten Jahren ihres virtuellen Lebens wieder in den Vordergrund ger\u00fcckt wo sie immer wieder Zeit mit ihrer Freundin in der Natur verbracht hatte.<\/p>\n<hr \/>\n<h2>Medizinisches Profil<\/h2>\n<p>Ileytis ist von einer gewissen Ersch\u00f6pfung abgesehen kerngesund. Diese Ersch\u00f6pfung ist weniger k\u00f6rperlicher als vielmehr seelischer Natur und wird sich in wenigen Monaten wieder geben.<\/p>\n<p>An ihrer Stirn hat Ileytis eine brustwarzen\u00e4hnliche Para-Dr\u00fcse, die sie Vilga-Dr\u00fcse nennt und die ebenso ein Merkmal ihrer Rasse sei wie ihre gro\u00dfen Augen. Mit dieser Vilga-Dr\u00fcse kann sie Emotionen aufnehmen und auch rudiment\u00e4r beeinflussen. So kann sie, wenn sie es drauf anlegt, sympathisch wirken oder \u00fcberzeugend auftreten.<br \/>\nTats\u00e4chlich ist diese Vilga-Dr\u00fcse ein mittels Protomaterie ein aus deltanischer DNS erzeugtes k\u00fcnstliches Organ. Dennoch ist diese Dr\u00fcse nicht ann\u00e4hernd so leistungsf\u00e4hig wie die nat\u00fcrliche F\u00e4higkeit eines Deltaners. Schmerzen lindern kann sie \u00fcberhaupt nicht.<\/p>\n<p><strong>VitalErgie-RegenerationsModul (VERM):<\/strong><br \/>\nDas VERM ist ein medizinisches Ger\u00e4t, welches Ileytis bekommen hat um ihr in ihrer virtuellen Realit\u00e4t medizinische Unsterblichkeit vorzugaukeln.<br \/>\nIn Wahrheit ist das VERM ein f\u00fcr die \u00d6ffentlichkeit illegales Ger\u00e4t, welches unter anderem Sportler nutzen um sich zu dopen. In der Medizin wird es legal genutzt, um Gifte abzubauen und Krankheiten zu heilen. Wunden heilen schneller und der K\u00f6rper regeneriert schnell die verbrauchten Kr\u00e4fte. L\u00e4ngerer Gebrauch dieses Ger\u00e4tes macht jedoch davon abh\u00e4ngig, weshalb die private Nutzung in der F\u00f6deration verboten ist.<\/p>\n<p>Aufgrund des mehrj\u00e4hrigen Tragens des VERM ist Ileytis k\u00f6rperlich abh\u00e4ngig von diesem Ger\u00e4t.<\/p>\n<hr \/>\n<h2>Klassifzierte Sektion<\/h2>\n<p>Die Wissenschaftler haben nach des Debakels mit Teststellung 9 ihr Raumschiff in einen anderen Raumsektor verlegt.<\/p>\n","protected":false},"excerpt":{"rendered":"<p>Ileytis von Las&#8217;Tor Status NPC Spieler alle Dienstliche Informationen Ranggrafik Rang Besucher Posten Stationierung USS Hephaistos Physische Beschreibung Spezies Liduuri Geschlecht weiblich Aussehen Biographische Informationen Geburtstag Herkunft Familie Religion Politische informationen Buergerschaft unbekannt Ileytis von Las&#8217;Tor ist eine genetisch erzeugte Lebensform basierend aus menschlicher DNS gekreuzt mit Elementen deltanischen Erbguts, um auf diese Weise die&#8230;<\/p>\n<p class=\"more-link-wrap\"><a href=\"https:\/\/www.sf-germany.org\/einheiten\/uss-hephaistos\/die-crew\/charakter-archiv\/ileytis-von-lastor\/\" class=\"more-link\">Read More<span class=\"screen-reader-text\"> &ldquo;Ileytis von Las&#8217;Tor&rdquo;<\/span> &raquo;<\/a><\/p>\n","protected":false},"author":2,"featured_media":0,"parent":1100,"menu_order":1,"comment_status":"closed","ping_status":"closed","template":"page-templates\/medium.php","meta":{"footnotes":""},"class_list":["post-1001","page","type-page","status-publish","hentry"],"_links":{"self":[{"href":"https:\/\/www.sf-germany.org\/einheiten\/uss-hephaistos\/wp-json\/wp\/v2\/pages\/1001","targetHints":{"allow":["GET"]}}],"collection":[{"href":"https:\/\/www.sf-germany.org\/einheiten\/uss-hephaistos\/wp-json\/wp\/v2\/pages"}],"about":[{"href":"https:\/\/www.sf-germany.org\/einheiten\/uss-hephaistos\/wp-json\/wp\/v2\/types\/page"}],"author":[{"embeddable":true,"href":"https:\/\/www.sf-germany.org\/einheiten\/uss-hephaistos\/wp-json\/wp\/v2\/users\/2"}],"replies":[{"embeddable":true,"href":"https:\/\/www.sf-germany.org\/einheiten\/uss-hephaistos\/wp-json\/wp\/v2\/comments?post=1001"}],"version-history":[{"count":9,"href":"https:\/\/www.sf-germany.org\/einheiten\/uss-hephaistos\/wp-json\/wp\/v2\/pages\/1001\/revisions"}],"predecessor-version":[{"id":6011,"href":"https:\/\/www.sf-germany.org\/einheiten\/uss-hephaistos\/wp-json\/wp\/v2\/pages\/1001\/revisions\/6011"}],"up":[{"embeddable":true,"href":"https:\/\/www.sf-germany.org\/einheiten\/uss-hephaistos\/wp-json\/wp\/v2\/pages\/1100"}],"wp:attachment":[{"href":"https:\/\/www.sf-germany.org\/einheiten\/uss-hephaistos\/wp-json\/wp\/v2\/media?parent=1001"}],"curies":[{"name":"wp","href":"https:\/\/api.w.org\/{rel}","templated":true}]}}