{"id":1023,"date":"2019-05-18T14:52:56","date_gmt":"2019-05-18T12:52:56","guid":{"rendered":"http:\/\/www.sf-germany.org\/einheiten\/hephaistos\/?page_id=1023"},"modified":"2022-10-07T12:53:13","modified_gmt":"2022-10-07T10:53:13","slug":"john-geary","status":"publish","type":"page","link":"https:\/\/www.sf-germany.org\/einheiten\/uss-hephaistos\/die-crew\/charakter-archiv\/john-geary\/","title":{"rendered":"John Geary"},"content":{"rendered":"<p>&nbsp;<\/p>\r\n<div style=\"float: right; margin-left: 15px; margin-bottom: 15px; font-size: 11px;\">\r\n<table style=\"border: solid 0px #003366; background: transparent; box-shadow: 0.1em 0.1em 0.5em rgba(255,255,255,0.75); -moz-box-shadow: 0.1em 0.1em 0.5em rgba(255,255,255,0.75); -webkit-box-shadow: 0.1em 0.1em 0.5em rgba(255,255,255,0.75); border-radius: 1em; -moz-border-radius: 1em; -webkit-border-radius: 1em;\" border=\"3\" cellspacing=\"10\" align=\"right\">\r\n<tbody>\r\n<tr>\r\n<td style=\"font-weight: bold; border: solid 0px transparent;\" colspan=\"2\" align=\"center\">\u00a0<\/td>\r\n<\/tr>\r\n<tr>\r\n<td style=\"background: transparent; border: solid 0px transparent;\" colspan=\"2\" align=\"center\"><a href=\"https:\/\/www.sf-germany.org\/einheiten\/uss-hephaistos\/wp-content\/uploads\/2016\/01\/CharBild.png\" rel=\"attachment wp-att-117\"><img loading=\"lazy\" decoding=\"async\" class=\"alignnone wp-image-111 size-full\" src=\"https:\/\/www.sf-germany.org\/einheiten\/uss-hephaistos\/wp-content\/uploads\/2016\/01\/CharBild.png\" alt=\"\" width=\"179\" height=\"140\" \/><\/a><\/td>\r\n<\/tr>\r\n<tr>\r\n<td style=\"font-weight: bold; border: solid 0px transparent;\" colspan=\"2\" align=\"center\"><b>John Geary<br \/><\/b><\/td>\r\n<\/tr>\r\n<tr>\r\n<td style=\"font-weight: bold; border: solid 0px transparent;\" align=\"right\" width=\"50%\">Status<\/td>\r\n<td style=\"border: solid 0px transparent;\" align=\"left\" width=\"50%\">PC<\/td>\r\n<\/tr>\r\n<tr>\r\n<td style=\"font-weight: bold; border: solid 0px transparent;\" align=\"right\" width=\"50%\">Spieler<\/td>\r\n<td style=\"border: solid 0px transparent;\" align=\"left\" width=\"50%\"><a href=\"mailto:daskaterchen73@yahoo.de\">Erwin H.<\/a><\/td>\r\n<\/tr>\r\n<tr>\r\n<td style=\"font-weight: bold; border: solid 0px #003366; background: #555; box-shadow: 0.1em 0.1em 0.5em rgba(255,255,255,0.75); -webkit-box-shadow: 0.1em 0.1em 0.5em rgba(255,255,255,0.75); border-radius: 1em; -webkit-border-radius: 1em;\" colspan=\"2\" align=\"center\">Dienstliche Informationen<\/td>\r\n<\/tr>\r\n<tr>\r\n<td style=\"font-weight: bold; border: solid 0px transparent;\" align=\"right\" width=\"50%\">Ranggrafik<\/td>\r\n<td style=\"border: solid 0px transparent;\" align=\"left\" width=\"50%\"><img loading=\"lazy\" decoding=\"async\" class=\"alignnone\" src=\"https:\/\/www.sf-germany.com\/images\/schemata\/sto\/gelb\/ens.png\" alt=\"\" width=\"100\" height=\"25\" \/><\/td>\r\n<\/tr>\r\n<tr>\r\n<td style=\"font-weight: bold; border: solid 0px transparent;\" align=\"right\" width=\"50%\">Rang<\/td>\r\n<td style=\"border: solid 0px transparent;\" align=\"left\" width=\"50%\">Ensign<\/td>\r\n<\/tr>\r\n<tr>\r\n<td style=\"font-weight: bold; border: solid 0px transparent;\" align=\"right\" width=\"50%\">Posten<\/td>\r\n<td style=\"border: solid 0px transparent;\" align=\"left\" width=\"50%\">CSO<\/td>\r\n<\/tr>\r\n<tr>\r\n<td style=\"font-weight: bold; border: solid 0px transparent;\" align=\"right\" width=\"50%\">Stationierung<\/td>\r\n<td style=\"border: solid 0px transparent;\" align=\"left\" width=\"50%\">USS Hephaistos<\/td>\r\n<\/tr>\r\n<tr>\r\n<td style=\"font-weight: bold; border: solid 0px #003366; background: #555; box-shadow: 0.1em 0.1em 0.5em rgba(255,255,255,0.75); -webkit-box-shadow: 0.1em 0.1em 0.5em rgba(255,255,255,0.75); border-radius: 1em; -webkit-border-radius: 1em;\" colspan=\"2\" align=\"center\">Physische Beschreibung<\/td>\r\n<\/tr>\r\n<tr>\r\n<td style=\"font-weight: bold; border: solid 0px transparent;\" align=\"right\" width=\"50%\">Spezies<\/td>\r\n<td style=\"border: solid 0px transparent;\" align=\"left\" width=\"50%\">Mensch<\/td>\r\n<\/tr>\r\n<tr>\r\n<td style=\"font-weight: bold; border: solid 0px transparent;\" align=\"right\" width=\"50%\">Geschlecht<\/td>\r\n<td style=\"border: solid 0px transparent;\" align=\"left\" width=\"50%\">m\u00e4nnlich<\/td>\r\n<\/tr>\r\n<tr>\r\n<td style=\"font-weight: bold; border: 0px solid transparent;\" align=\"right\" width=\"50%\">Gr\u00f6\u00dfe<\/td>\r\n<td style=\"border: 0px solid transparent;\" align=\"left\" width=\"50%\">190 cm<\/td>\r\n<\/tr>\r\n<tr>\r\n<td style=\"font-weight: bold; border: 0px solid transparent;\" align=\"right\" width=\"50%\">Gewicht<\/td>\r\n<td style=\"border: 0px solid transparent;\" align=\"left\" width=\"50%\">94 kg<\/td>\r\n<\/tr>\r\n<tr>\r\n<td style=\"font-weight: bold; border: 0px solid transparent;\" align=\"right\" width=\"50%\">Hautfarbe<\/td>\r\n<td style=\"border: 0px solid transparent;\" align=\"left\" width=\"50%\">hell<\/td>\r\n<\/tr>\r\n<tr>\r\n<td style=\"font-weight: bold; border: solid 0px transparent;\" align=\"right\" width=\"50%\">Haarfarbe<\/td>\r\n<td style=\"border: solid 0px transparent;\" align=\"left\" width=\"50%\">\u00a0<\/td>\r\n<\/tr>\r\n<tr>\r\n<td style=\"font-weight: bold; border: solid 0px transparent;\" align=\"right\" width=\"50%\">Augenfarbe<\/td>\r\n<td style=\"border: solid 0px transparent;\" align=\"left\" width=\"50%\">grau-gr\u00fcn<\/td>\r\n<\/tr>\r\n<tr>\r\n<td style=\"font-weight: bold; border: solid 0px #003366; background: #555; box-shadow: 0.1em 0.1em 0.5em rgba(255,255,255,0.75); -webkit-box-shadow: 0.1em 0.1em 0.5em rgba(255,255,255,0.75); border-radius: 1em; -webkit-border-radius: 1em;\" colspan=\"2\" align=\"center\">Biographische Informationen<\/td>\r\n<\/tr>\r\n<tr>\r\n<td style=\"font-weight: bold; border: solid 0px transparent;\" align=\"right\" width=\"50%\">Geburtsort<\/td>\r\n<td style=\"border: solid 0px transparent;\" align=\"left\" width=\"50%\">Austin \/ Texas \/ Erde<\/td>\r\n<\/tr>\r\n<tr>\r\n<td style=\"font-weight: bold; border: solid 0px transparent;\" align=\"right\" width=\"50%\">Geburtstag<\/td>\r\n<td style=\"border: solid 0px transparent;\" align=\"left\" width=\"50%\">2389<\/td>\r\n<\/tr>\r\n<tr>\r\n<td style=\"font-weight: bold; border: 0px solid transparent;\" align=\"right\" width=\"50%\">Familienstand<\/td>\r\n<td style=\"border: 0px solid transparent;\" align=\"left\" width=\"50%\">ledig<\/td>\r\n<\/tr>\r\n<tr>\r\n<td style=\"font-weight: bold; border: 0px solid transparent;\" align=\"right\" width=\"50%\">Familie<\/td>\r\n<td style=\"border: 0px solid transparent;\" align=\"left\" width=\"50%\">\u00a0<\/td>\r\n<\/tr>\r\n<tr>\r\n<td style=\"font-weight: bold; border: 0px solid transparent;\" align=\"right\" width=\"50%\">Religion<\/td>\r\n<td style=\"border: 0px solid transparent;\" align=\"left\" width=\"50%\">\u00a0<\/td>\r\n<\/tr>\r\n<tr>\r\n<td style=\"font-weight: bold; border: solid 0px #003366; background: #555; box-shadow: 0.1em 0.1em 0.5em rgba(255,255,255,0.75); -webkit-box-shadow: 0.1em 0.1em 0.5em rgba(255,255,255,0.75); border-radius: 1em; -webkit-border-radius: 1em;\" colspan=\"2\" align=\"center\">Politische informationen<\/td>\r\n<\/tr>\r\n<tr>\r\n<td style=\"font-weight: bold; border: solid 0px transparent;\" align=\"right\" width=\"50%\">Buergerschaft<\/td>\r\n<td style=\"border: solid 0px transparent;\" align=\"left\" width=\"50%\">F\u00f6derationsb\u00fcrger<\/td>\r\n<\/tr>\r\n<\/tbody>\r\n<\/table>\r\n<\/div>\r\n<h2>Lebenslauf<\/h2>\r\n<p>John wurde in Austin\/ Texas geboren, was jedoch die einzige Zeit war, die er l\u00e4nger auf der Erde verbrachte.<br \/>Seine Eltern waren \u201eFreiberufler\u201c, die quer durch die Galaxie verschiedene Auftr\u00e4ge ausf\u00fchrten, solange diese Legal waren.\u00a0<br \/>Da auch sein Vater fr\u00fcher bei der Sternenflotte diente, war er schon als Kind entschlossen, ebenfalls beizutreten. Dies war jedoch nicht der einzige Grund: Sein Halbbruder David Jersey hatte sich auf der Achilles nicht mit Ruhm bekleckert. John hielt es f\u00fcr seine Pflicht, den Ruf wieder her zustellen.<br \/>Die Jahre zogen dahin und als Sie wieder im erdnahen Raum waren, war es auch an der Zeit \u201edas alte M\u00e4dchen\u201c wie ihr Schiff, die &#8222;Boomer&#8220; liebevoll genannt wurde, zu verlassen.<br \/>Manche spotteten \u00fcber den alten umgebauten Raider, doch John konterte immer: &#8222;Ein Schiff mag 100 Jahre alt sein, aber alle Fehler sind ausgemerzt. Deswegen ist es 100 Jahre alt.&#8220;<\/p>\r\n<p>Nach seinem Abschluss wurde John in die Sicherheitsabteilung der USS Langley versetzt. W\u00e4hrend einer gemeinsamen Mission mit der USS Hephaistos wechselte er auf diese und wurde zum CSO bef\u00f6rdert, da die Hephaistos auf Grund von Ereignissen w\u00e4hrend der Mission dringend einen neuen ben\u00f6tigte.<\/p>\r\n<hr \/>\r\n<h2>Psychologisches Profil<\/h2>\r\n<p>John Geary kann man aus ausgeglichen<br \/>bezeichnen. Er ist zwar manchmal etwas rau, vergisst dabei jedoch nie, wo die Grenzen sind. Sein Problem ist, das er anderen Fehler verzeiht, bei sich selbst jedoch nicht duldet. Er glaubt, das die eigenen Fehler ein Zeichen von Schw\u00e4che sind und muss lernen damit umzugehen.<\/p>\r\n<h3>St\u00e4rken \/ Schw\u00e4chen<\/h3>\r\n<p>Johns St\u00e4rke ist, das er sich in ein<br \/>Problem vertieft, bis es gel\u00f6st ist. Es ist f\u00fcr Ihn unprofessionell halbe Arbeit zu leisten.<br \/>Dies kann jedoch auch zu einer Schw\u00e4che<br \/>werden, da er manchmal so vertieft ist, das er anderes vergisst.<\/p>\r\n<p>Medaillen h\u00e4lt er f\u00fcr ein St\u00fcck<br \/>Blech. Es sind die Taten, die z\u00e4hlen.<\/p>\r\n<p><strong>Positiv:<\/strong><\/p>\r\n<ul>\r\n<li>John ist in der Lage eine Situation schnell einzusch\u00e4tzen.<\/li>\r\n<li>Loyal, befolgt Befehle, jedoch nicht blind.<\/li>\r\n<li>John Geary ist immer bereit neues zu lernen.<\/li>\r\n<\/ul>\r\n<p><strong>Negativ:<\/strong><\/p>\r\n<ul>\r\n<li>Manchmal leicht reizbar<\/li>\r\n<li>ungeduldig<\/li>\r\n<li>John hat, wie sich w\u00e4hrend der Mission auf Thyene herausstellte, das Diplomatie-Verst\u00e4ndnis eines Steins. Eines gro\u00dfen, harten, fest verankerten Steins.<\/li>\r\n<\/ul>\r\n<p><strong>Vorlieben:<\/strong><\/p>\r\n<ul>\r\n<li>.<\/li>\r\n<\/ul>\r\n<p><strong>Abneigungen:\u00a0<\/strong><\/p>\r\n<ul>\r\n<li>\u00a0<\/li>\r\n<\/ul>\r\n<hr \/>\r\n<h2>Spezialgebiete<\/h2>\r\n<p><strong>Studien auf der Sternenflottenakademie:<\/strong><\/p>\r\n<ul>\r\n<li>Sicherheit und Taktik.<\/li>\r\n<li>\u00dcberlebenstraining.<\/li>\r\n<li>Waffenkunde<\/li>\r\n<li>Diplomatie.<\/li>\r\n<li>Umgang mit anderen Spezies.<\/li>\r\n<li>Vorschriften und oberste Direktive der Sternenflotte und der F\u00f6deration\u00a0<\/li>\r\n<\/ul>\r\n<p>Er spricht F\u00f6derationsstandard und Klingonisch.<\/p>\r\n<p><strong>Besonderheiten der eigenen Spezies:<\/strong><br \/>Keine<\/p>\r\n<p><strong>Sonstiges:<\/strong><br \/>Keine besonderen Anmerkungen<\/p>\r\n<hr \/>\r\n<h2>Hobbies<\/h2>\r\n<ul>\r\n<li>\u00a0<\/li>\r\n<\/ul>\r\n<hr \/>\r\n<h2>Medizinisches Profil<\/h2>\r\n<p>Ensign Geary ist kerngesund.<\/p>\r\n<p><strong>Krankheiten &amp; Gesundheit:<\/strong><\/p>\r\n<ul>\r\n<li>\u00a0<\/li>\r\n<\/ul>\r\n<hr \/>\r\n<h2>Klassifzierte Sektion<\/h2>\r\n<p>keine Eintr\u00e4ge<\/p>\r\n\r\n<p>&nbsp;<\/p>\r\n","protected":false},"excerpt":{"rendered":"<p>&nbsp; \u00a0 John Geary Status PC Spieler Erwin H. Dienstliche Informationen Ranggrafik Rang Ensign Posten CSO Stationierung USS Hephaistos Physische Beschreibung Spezies Mensch Geschlecht m\u00e4nnlich Gr\u00f6\u00dfe 190 cm Gewicht 94 kg Hautfarbe hell Haarfarbe \u00a0 Augenfarbe grau-gr\u00fcn Biographische Informationen Geburtsort Austin \/ Texas \/ Erde Geburtstag 2389 Familienstand ledig Familie \u00a0 Religion \u00a0 Politische informationen&#8230;<\/p>\n<p class=\"more-link-wrap\"><a href=\"https:\/\/www.sf-germany.org\/einheiten\/uss-hephaistos\/die-crew\/charakter-archiv\/john-geary\/\" class=\"more-link\">Read More<span class=\"screen-reader-text\"> &ldquo;John Geary&rdquo;<\/span> &raquo;<\/a><\/p>\n","protected":false},"author":2,"featured_media":0,"parent":1100,"menu_order":0,"comment_status":"closed","ping_status":"closed","template":"page-templates\/medium.php","meta":{"footnotes":""},"class_list":["post-1023","page","type-page","status-publish","hentry"],"_links":{"self":[{"href":"https:\/\/www.sf-germany.org\/einheiten\/uss-hephaistos\/wp-json\/wp\/v2\/pages\/1023","targetHints":{"allow":["GET"]}}],"collection":[{"href":"https:\/\/www.sf-germany.org\/einheiten\/uss-hephaistos\/wp-json\/wp\/v2\/pages"}],"about":[{"href":"https:\/\/www.sf-germany.org\/einheiten\/uss-hephaistos\/wp-json\/wp\/v2\/types\/page"}],"author":[{"embeddable":true,"href":"https:\/\/www.sf-germany.org\/einheiten\/uss-hephaistos\/wp-json\/wp\/v2\/users\/2"}],"replies":[{"embeddable":true,"href":"https:\/\/www.sf-germany.org\/einheiten\/uss-hephaistos\/wp-json\/wp\/v2\/comments?post=1023"}],"version-history":[{"count":9,"href":"https:\/\/www.sf-germany.org\/einheiten\/uss-hephaistos\/wp-json\/wp\/v2\/pages\/1023\/revisions"}],"predecessor-version":[{"id":5662,"href":"https:\/\/www.sf-germany.org\/einheiten\/uss-hephaistos\/wp-json\/wp\/v2\/pages\/1023\/revisions\/5662"}],"up":[{"embeddable":true,"href":"https:\/\/www.sf-germany.org\/einheiten\/uss-hephaistos\/wp-json\/wp\/v2\/pages\/1100"}],"wp:attachment":[{"href":"https:\/\/www.sf-germany.org\/einheiten\/uss-hephaistos\/wp-json\/wp\/v2\/media?parent=1023"}],"curies":[{"name":"wp","href":"https:\/\/api.w.org\/{rel}","templated":true}]}}