{"id":1026,"date":"2019-05-18T14:54:05","date_gmt":"2019-05-18T12:54:05","guid":{"rendered":"http:\/\/www.sf-germany.org\/einheiten\/hephaistos\/?page_id=1026"},"modified":"2022-10-07T12:53:13","modified_gmt":"2022-10-07T10:53:13","slug":"tine-jenkins","status":"publish","type":"page","link":"https:\/\/www.sf-germany.org\/einheiten\/uss-hephaistos\/die-crew\/charakter-archiv\/tine-jenkins\/","title":{"rendered":"Tine Jenkins"},"content":{"rendered":"<div style=\"float: right; margin-left: 15px; margin-bottom: 15px; font-size: 11px; width: 350px; padding-left: 10px; padding-right: 10px;\">\n<table style=\"border: solid 0px #003366; background: transparent; box-shadow: 0.1em 0.1em 0.5em rgba(255,255,255,0.75); -moz-box-shadow: 0.1em 0.1em 0.5em rgba(255,255,255,0.75); -webkit-box-shadow: 0.1em 0.1em 0.5em rgba(255,255,255,0.75); border-radius: 1em; -moz-border-radius: 1em; -webkit-border-radius: 1em;\" border=\"3\" cellspacing=\"10\" align=\"right\">\n<tbody>\n<tr>\n<td style=\"font-weight: bold; border: solid 0px transparent;\" colspan=\"2\" align=\"center\"><\/td>\n<\/tr>\n<tr>\n<td style=\"background: transparent; border: solid 0px transparent;\" colspan=\"2\" align=\"center\"><a href=\"https:\/\/www.sf-germany.org\/einheiten\/uss-hephaistos\/wp-content\/uploads\/2016\/01\/CharBild.png\" rel=\"attachment wp-att-117\"><img loading=\"lazy\" decoding=\"async\" class=\"alignnone wp-image-111 size-full\" src=\"https:\/\/www.sf-germany.org\/einheiten\/uss-hephaistos\/wp-content\/uploads\/2016\/01\/CharBild.png\" alt=\"\" width=\"179\" height=\"140\" \/><\/a><\/td>\n<\/tr>\n<tr>\n<td style=\"font-weight: bold; border: solid 0px transparent;\" colspan=\"2\" align=\"center\"><b>Tine Jenkins<\/b><\/td>\n<\/tr>\n<tr>\n<td style=\"font-weight: bold; border: solid 0px transparent;\" align=\"right\" width=\"50%\">Status<\/td>\n<td style=\"border: solid 0px transparent;\" align=\"left\" width=\"50%\">PC<\/td>\n<\/tr>\n<tr>\n<td style=\"font-weight: bold; border: solid 0px transparent;\" align=\"right\" width=\"50%\">Spieler<\/td>\n<td style=\"border: solid 0px transparent;\" align=\"left\" width=\"50%\">Teresa<\/td>\n<\/tr>\n<tr>\n<td style=\"font-weight: bold; border: solid 0px #003366; background: #555; box-shadow: 0.1em 0.1em 0.5em rgba(255,255,255,0.75); -webkit-box-shadow: 0.1em 0.1em 0.5em rgba(255,255,255,0.75); border-radius: 1em; -webkit-border-radius: 1em;\" colspan=\"2\" align=\"center\">Dienstliche Informationen<\/td>\n<\/tr>\n<tr>\n<td style=\"font-weight: bold; border: solid 0px transparent;\" align=\"right\" width=\"50%\">Ranggrafik<\/td>\n<td style=\"border: solid 0px transparent;\" align=\"left\" width=\"50%\"><img loading=\"lazy\" decoding=\"async\" class=\"alignnone\" src=\"https:\/\/www.sf-germany.com\/images\/schemata\/sto\/gelb\/ens.png\" alt=\"\" width=\"100\" height=\"25\" \/><\/td>\n<\/tr>\n<tr>\n<td style=\"font-weight: bold; border: solid 0px transparent;\" align=\"right\" width=\"50%\">Rang<\/td>\n<td style=\"border: solid 0px transparent;\" align=\"left\" width=\"50%\">Ensign<\/td>\n<\/tr>\n<tr>\n<td style=\"font-weight: bold; border: solid 0px transparent;\" align=\"right\" width=\"50%\">Posten<\/td>\n<td style=\"border: solid 0px transparent;\" align=\"left\" width=\"50%\">TO<\/td>\n<\/tr>\n<tr>\n<td style=\"font-weight: bold; border: solid 0px transparent;\" align=\"right\" width=\"50%\">Stationierung<\/td>\n<td style=\"border: solid 0px transparent;\" align=\"left\" width=\"50%\">USS Hephaistos<\/td>\n<\/tr>\n<tr>\n<td style=\"font-weight: bold; border: solid 0px #003366; background: #555; box-shadow: 0.1em 0.1em 0.5em rgba(255,255,255,0.75); -webkit-box-shadow: 0.1em 0.1em 0.5em rgba(255,255,255,0.75); border-radius: 1em; -webkit-border-radius: 1em;\" colspan=\"2\" align=\"center\">Physische Beschreibung<\/td>\n<\/tr>\n<tr>\n<td style=\"font-weight: bold; border: solid 0px transparent;\" align=\"right\" width=\"50%\">Spezies<\/td>\n<td style=\"border: solid 0px transparent;\" align=\"left\" width=\"50%\">Mensch<\/td>\n<\/tr>\n<tr>\n<td style=\"font-weight: bold; border: solid 0px transparent;\" align=\"right\" width=\"50%\">Geschlecht<\/td>\n<td style=\"border: solid 0px transparent;\" align=\"left\" width=\"50%\">weiblich<\/td>\n<\/tr>\n<tr>\n<td style=\"font-weight: bold; border: 0px solid transparent;\" align=\"right\" width=\"50%\">Gr\u00f6\u00dfe<\/td>\n<td style=\"border: 0px solid transparent;\" align=\"left\" width=\"50%\">170 cm<\/td>\n<\/tr>\n<tr>\n<td style=\"font-weight: bold; border: 0px solid transparent;\" align=\"right\" width=\"50%\">Gewicht<\/td>\n<td style=\"border: 0px solid transparent;\" align=\"left\" width=\"50%\">68 kg<\/td>\n<\/tr>\n<tr>\n<td style=\"font-weight: bold; border: 0px solid transparent;\" align=\"right\" width=\"50%\">Hautfarbe<\/td>\n<td style=\"border: 0px solid transparent;\" align=\"left\" width=\"50%\">etwas dunkler<\/td>\n<\/tr>\n<tr>\n<td style=\"font-weight: bold; border: solid 0px transparent;\" align=\"right\" width=\"50%\">Haarfarbe<\/td>\n<td style=\"border: solid 0px transparent;\" align=\"left\" width=\"50%\">schwarze, halb lange Haare (bis \u00fcber die Schulter, meist zu einem Pferdeschwanz gebunden)<\/td>\n<\/tr>\n<tr>\n<td style=\"font-weight: bold; border: solid 0px transparent;\" align=\"right\" width=\"50%\">Augenfarbe<\/td>\n<td style=\"border: solid 0px transparent;\" align=\"left\" width=\"50%\">dunkel-braun<\/td>\n<\/tr>\n<tr>\n<td style=\"font-weight: bold; border: solid 0px #003366; background: #555; box-shadow: 0.1em 0.1em 0.5em rgba(255,255,255,0.75); -webkit-box-shadow: 0.1em 0.1em 0.5em rgba(255,255,255,0.75); border-radius: 1em; -webkit-border-radius: 1em;\" colspan=\"2\" align=\"center\">Biographische Informationen<\/td>\n<\/tr>\n<tr>\n<td style=\"font-weight: bold; border: solid 0px transparent;\" align=\"right\" width=\"50%\">Geburtsort<\/td>\n<td style=\"border: solid 0px transparent;\" align=\"left\" width=\"50%\">Forschungseinrichtung in der N\u00e4he von Nara\/Mali, Erde (climatic resarch Facility of Nara)<\/td>\n<\/tr>\n<tr>\n<td style=\"font-weight: bold; border: solid 0px transparent;\" align=\"right\" width=\"50%\">Geburtstag<\/td>\n<td style=\"border: solid 0px transparent;\" align=\"left\" width=\"50%\">25.05.2389<\/td>\n<\/tr>\n<tr>\n<td style=\"font-weight: bold; border: 0px solid transparent;\" align=\"right\" width=\"50%\">Familienstand<\/td>\n<td style=\"border: 0px solid transparent;\" align=\"left\" width=\"50%\">ledig<\/td>\n<\/tr>\n<tr>\n<td style=\"font-weight: bold; border: 0px solid transparent;\" align=\"right\" width=\"50%\">Familie<\/td>\n<td style=\"border: 0px solid transparent;\" align=\"left\" width=\"50%\">Vater: Steph Jenkins (Biologe)<\/p>\n<p>Mutter: Dr. Liz Jenkins (Klimatologin)<\/p>\n<p>Geschwister: Joshy Jenkins, zwei Jahre \u00e4lter als Tine (Ethnologe, derzeit wissenschaftlicher Mitarbeiter an einer nordamerikanischen Universit\u00e4t)<\/td>\n<\/tr>\n<tr>\n<td style=\"font-weight: bold; border: 0px solid transparent;\" align=\"right\" width=\"50%\">Religion<\/td>\n<td style=\"border: 0px solid transparent;\" align=\"left\" width=\"50%\"><\/td>\n<\/tr>\n<tr>\n<td style=\"font-weight: bold; border: solid 0px #003366; background: #555; box-shadow: 0.1em 0.1em 0.5em rgba(255,255,255,0.75); -webkit-box-shadow: 0.1em 0.1em 0.5em rgba(255,255,255,0.75); border-radius: 1em; -webkit-border-radius: 1em;\" colspan=\"2\" align=\"center\">Politische informationen<\/td>\n<\/tr>\n<tr>\n<td style=\"font-weight: bold; border: solid 0px transparent;\" align=\"right\" width=\"50%\">Buergerschaft<\/td>\n<td style=\"border: solid 0px transparent;\" align=\"left\" width=\"50%\">F\u00f6derationsb\u00fcrger<\/td>\n<\/tr>\n<\/tbody>\n<\/table>\n<\/div>\n<h2>Lebenslauf<\/h2>\n<p>Tine wuchs in einer kleineren Forschungseinrichtung in der westlichen Sahara, Erde, auf. In diesem Dorf lebten circa 30 Wissenschaftler, wobei ein erheblicher Teil des Personals regelm\u00e4\u00dfig wechselte. Ihre Eltern hatten sich der Wissenschaft verschrieben und forschten an den verschiedenen Auswirkungen der Klimaver\u00e4nderungen des zwanzigsten und einundzwanzigsten Jahrhunderts. Sie waren der \u00dcberzeugung, dass nur ein Umfassendes Verst\u00e4ndnis der Umwelt des eigenen Planeten Fehler in erd\u00e4hnlichen Kolonien vermeiden kann.Tine hinterfragte mit der Zeit diese Thesen und konnte die Entscheidung nicht nachvollziehen, freiwillig an einem so lebensfremden Ort zu leben. Sie selbst vertritt die Auffassung, dass sich die Menschheit genug weiterentwickelt hat, sodass diese Fehler nicht noch einmal begangen werden. Als Kind wurde sie meist als robust, trotzig und eigensinnig beschrieben, sie hielt sich nur selten an Regeln. H\u00e4ufig machte sie alleine, manchmal auch mit ihrem \u00e4lteren Bruder Joshy, Ausfl\u00fcge in die umgebende W\u00fcste. Dabei zeichnete sie einfache Karten und erfand Namen f\u00fcr die Felsen in ihrer Umgebung.<br \/>\nMit ungef\u00e4hr dreizehn Jahren stellte Tine fest, dass es f\u00fcr sie nur einen Weg gibt, ihren Neugierde auszuleben und m\u00f6glichst weit von diesem Ort wegzukommen: die Sternenflotte. Ihr Ziel war es daraufhin m\u00f6glichst schnell nach ihrem Schulabschluss auf die Akademie zu gelangen.<br \/>\nIn der Schule wurde sie daraufhin deutlich zielstrebiger. Mit f\u00fcnfzehn baut sie mithilfe einer Anleitung eine Drohne nach, die sie so Programmiert, dass sie ihr stets in f\u00fcnf Metern H\u00f6he folgte. Au\u00dferdem begann sie bei diversen Forschungsarbeiten \u00fcber die Schultern der Wissenschaftler zu schauen. Dabei bekam sie eine breite Allgemeinbildung in den diversen Naturwissenschaften. Nach der Schule wollte sie um jeden Preis die Erde verlassen und geht f\u00fcr drei Jahre an die Universt\u00e4t von Alpha Centauri. Sie hat diese Zeit als sehr positiv in Erinnerung. Der Kontakt zu ihrer Familie rei\u00dft immer weiter ab, ihr Freundeskreis wird ihre \u201eErsatzfamilie\u201c.<\/p>\n<hr \/>\n<h2>Psychologisches Profil<\/h2>\n<p>Ihr macht es viel Spa\u00df sich in komplexe Probleme hineinzudenken.<br \/>\nSie hat eine hohe Selbstdisziplin. Oft \u00fcbertr\u00e4gt sie diese auf andere und kann dadurch diverse Motivationsprobleme ihrer \u201eMitmenschen\u201c nicht nachvollziehen.<br \/>\nSie hat einen Uneingeschr\u00e4nkten Glauben an den Fortschritt und die Wissenschaft. Sie kann es daher nur schwer nachvollziehen, wenn sich Leute der Technik abkehren.<\/p>\n<h3>St\u00e4rken \/ Schw\u00e4chen<\/h3>\n<p><strong>Positiv:<\/strong><\/p>\n<ul>\n<li>Durchhalteverm\u00f6gen \/ Ausdauer<\/li>\n<li>Ruhe Bewahren und auch in hektischen Zeiten keine \u00fcbereilten Entscheidungen zu treffen<\/li>\n<\/ul>\n<p><strong>Negativ:<\/strong><\/p>\n<ul>\n<li>Verbissenheit, die teilweise dazu f\u00fchrt, dass sie ihre Umgebung kaum wahr nimmt<\/li>\n<\/ul>\n<p><strong>Vorlieben:<\/strong><\/p>\n<ul>\n<li><\/li>\n<\/ul>\n<p><strong>Abneigungen:\u00a0<\/strong><\/p>\n<ul>\n<li><\/li>\n<\/ul>\n<hr \/>\n<h2>Spezialgebiete<\/h2>\n<p><strong>Studien auf der Sternenflottenakademie:<\/strong><\/p>\n<p>Zivile Vorbildung:<\/p>\n<p>Sie studierte zuvor Raumfahrttechnik an der Universit\u00e4t von Alpha Centauri<\/p>\n<p>Hauptf\u00e4cher:<\/p>\n<ul>\n<li>Sie absolviert eine Standardausbildung im Bereich Ingenieurwesen an der Sternenflottenakademie.<\/li>\n<\/ul>\n<p>Nebenf\u00e4cher:<\/p>\n<ul>\n<li>Kurse in Wahrscheinlichkeitsmechanik, Informatik und einen Vertiefungskurs in der Transporter-Theorie (wie es zu letzteren Kurs kam, ist eine l\u00e4ngere Geschichte&#8230;)<\/li>\n<\/ul>\n<p><strong>Besonderheiten der eigenen Spezies:<\/strong><br \/>\nKeine<\/p>\n<p><strong>Sonstiges:<\/strong><\/p>\n<p>Sie spricht neben F\u00f6derationsstandart einige Worte Franz\u00f6sisch und kann auf klingonisch eine Kommunikation aufrecht erhalten<\/p>\n<hr \/>\n<h2>Hobbies<\/h2>\n<ul>\n<li>Tine liebt es zu joggen, da sie sich als Jugendliche daran gew\u00f6hnt hat, dies am fr\u00fchen Morgen zu tun (bevor es zu hei\u00df wird). Als Kadettin geht sie oftmals vor der ersten Vorlesung laufen.<\/li>\n<li>Sie denkt sich gerne in komplexe R\u00e4tsel hinein und l\u00e4sst erst nach, wenn sie es gel\u00f6st hat.<\/li>\n<li>Als Kind und Jugendliche spielte sie h\u00e4ufig Fu\u00dfball, auf der Akademie fehlt ihr aber die Zeit dazu<\/li>\n<\/ul>\n<hr \/>\n<h2>Medizinisches Profil<\/h2>\n<p>Sie kommt, dank ihrer Kindheit, gut mit trockener Hitze zurecht.<\/p>\n<p>An ihren Armen sind bei genaueren Hinsehen einige feine Narben zu erkennen. Diese entstammen kleineren Verletzungen, die sie sich als Kind bei ihren Unternehmungen zugezogen hat. Meistens hat sie diese ihren Eltern verschwiegen und selbst verbunden. Auch jetzt sieht sie es bei kleineren Verletzungen nicht ein, einen Arzt aufzusuchen, sondern sie versorgt die Wunden selbst.<\/p>\n<p><strong>Krankheiten &amp; Gesundheit:<\/strong><\/p>\n<ul>\n<li><\/li>\n<\/ul>\n<hr \/>\n<h2>Klassifzierte Sektion<\/h2>\n<p>Keine Eintr\u00e4ge<\/p>\n","protected":false},"excerpt":{"rendered":"<p>Tine Jenkins Status PC Spieler Teresa Dienstliche Informationen Ranggrafik Rang Ensign Posten TO Stationierung USS Hephaistos Physische Beschreibung Spezies Mensch Geschlecht weiblich Gr\u00f6\u00dfe 170 cm Gewicht 68 kg Hautfarbe etwas dunkler Haarfarbe schwarze, halb lange Haare (bis \u00fcber die Schulter, meist zu einem Pferdeschwanz gebunden) Augenfarbe dunkel-braun Biographische Informationen Geburtsort Forschungseinrichtung in der N\u00e4he von&#8230;<\/p>\n<p class=\"more-link-wrap\"><a href=\"https:\/\/www.sf-germany.org\/einheiten\/uss-hephaistos\/die-crew\/charakter-archiv\/tine-jenkins\/\" class=\"more-link\">Read More<span class=\"screen-reader-text\"> &ldquo;Tine Jenkins&rdquo;<\/span> &raquo;<\/a><\/p>\n","protected":false},"author":2,"featured_media":0,"parent":1100,"menu_order":0,"comment_status":"closed","ping_status":"closed","template":"page-templates\/medium.php","meta":{"footnotes":""},"class_list":["post-1026","page","type-page","status-publish","hentry"],"_links":{"self":[{"href":"https:\/\/www.sf-germany.org\/einheiten\/uss-hephaistos\/wp-json\/wp\/v2\/pages\/1026","targetHints":{"allow":["GET"]}}],"collection":[{"href":"https:\/\/www.sf-germany.org\/einheiten\/uss-hephaistos\/wp-json\/wp\/v2\/pages"}],"about":[{"href":"https:\/\/www.sf-germany.org\/einheiten\/uss-hephaistos\/wp-json\/wp\/v2\/types\/page"}],"author":[{"embeddable":true,"href":"https:\/\/www.sf-germany.org\/einheiten\/uss-hephaistos\/wp-json\/wp\/v2\/users\/2"}],"replies":[{"embeddable":true,"href":"https:\/\/www.sf-germany.org\/einheiten\/uss-hephaistos\/wp-json\/wp\/v2\/comments?post=1026"}],"version-history":[{"count":6,"href":"https:\/\/www.sf-germany.org\/einheiten\/uss-hephaistos\/wp-json\/wp\/v2\/pages\/1026\/revisions"}],"predecessor-version":[{"id":5534,"href":"https:\/\/www.sf-germany.org\/einheiten\/uss-hephaistos\/wp-json\/wp\/v2\/pages\/1026\/revisions\/5534"}],"up":[{"embeddable":true,"href":"https:\/\/www.sf-germany.org\/einheiten\/uss-hephaistos\/wp-json\/wp\/v2\/pages\/1100"}],"wp:attachment":[{"href":"https:\/\/www.sf-germany.org\/einheiten\/uss-hephaistos\/wp-json\/wp\/v2\/media?parent=1026"}],"curies":[{"name":"wp","href":"https:\/\/api.w.org\/{rel}","templated":true}]}}