{"id":1065,"date":"2019-05-22T07:21:50","date_gmt":"2019-05-22T05:21:50","guid":{"rendered":"http:\/\/www.sf-germany.org\/einheiten\/hephaistos\/?page_id=1065"},"modified":"2022-10-07T12:53:14","modified_gmt":"2022-10-07T10:53:14","slug":"evakuierung-von-minenarbeiter","status":"publish","type":"page","link":"https:\/\/www.sf-germany.org\/einheiten\/uss-hephaistos\/logbuch\/missionen\/evakuierung-von-minenarbeiter\/","title":{"rendered":"Evakuierung von Minenarbeiter"},"content":{"rendered":"<p><a href=\"https:\/\/www.sf-germany.org\/einheiten\/uss-hephaistos\/hephaistos\/wp-content\/uploads\/2016\/01\/hephaistoscprw3.png\" rel=\"attachment wp-att-11\"><img decoding=\"async\" class=\"size-full wp-image-11 aligncenter\" src=\"https:\/\/www.sf-germany.org\/einheiten\/uss-hephaistos\/hephaistos\/wp-content\/uploads\/2016\/01\/hephaistoscprw3.png\" alt=\"hephaistoscprw3\" width=\"150\" srcset=\"https:\/\/www.sf-germany.org\/einheiten\/uss-hephaistos\/wp-content\/uploads\/2016\/01\/hephaistoscprw3.png 388w, https:\/\/www.sf-germany.org\/einheiten\/uss-hephaistos\/wp-content\/uploads\/2016\/01\/hephaistoscprw3-300x254.png 300w\" sizes=\"(max-width: 388px) 100vw, 388px\" \/><\/a><\/p>\n<hr \/>\n<table border=\"0\" width=\"400\" cellspacing=\"1\" cellpadding=\"1\">\n<tbody>\n<tr>\n<td colspan=\"2\" align=\"left\" valign=\"middle\" nowrap=\"nowrap\" bgcolor=\"#ea4701\"><span style=\"font-size: 16px;\"><strong>MISSIONSDATEN<\/strong><\/span><\/td>\n<\/tr>\n<tr>\n<td align=\"left\" valign=\"middle\" width=\"110\"><strong>CODENAME:<\/strong><\/td>\n<td align=\"left\" valign=\"middle\" width=\"290\">Evakuierung von Minenarbeiter<\/td>\n<\/tr>\n<tr>\n<td align=\"left\" valign=\"middle\" width=\"110\"><strong>MISSIONSTYP:<\/strong><\/td>\n<td align=\"left\" valign=\"middle\" width=\"290\">Action<\/td>\n<\/tr>\n<tr>\n<td align=\"left\" valign=\"middle\" width=\"110\"><strong>ZEITRAUM:<\/strong><\/td>\n<td align=\"left\" valign=\"middle\" width=\"290\">SD 240719 &#8211; SD250522 (Ende 2415)<\/td>\n<\/tr>\n<tr>\n<td align=\"left\" valign=\"middle\" width=\"110\"><strong>STATUS:<\/strong><\/td>\n<td align=\"left\" valign=\"middle\" width=\"290\">abgeschlossen<\/td>\n<\/tr>\n<tr>\n<td align=\"left\" valign=\"middle\" width=\"110\"><strong>EINHEITEN:<\/strong><\/td>\n<td align=\"left\" valign=\"middle\" width=\"290\">USS Hephaistos<\/td>\n<\/tr>\n<\/tbody>\n<\/table>\n<p><strong><span style=\"font-size: 18px;\"><span style=\"font-family: Arial;\">Missionsverlauf<\/span><\/span><\/strong><\/p>\n<p><strong>Vorgeschichte:<\/strong><br \/>\nDie USS Hephaistos wird zusammen mit der USS Langley durch einen neu errichteten Trans-Warp-Kanal nach Deep Space K7 im Aldebaran Sektor fliegen. Von dort aus werden sie im nahe gelegenen Ba&#8217;aja Sektor die Evakuierung von Minenarbeiter \u00fcberwachen und den Konvoi sch\u00fctzen. Der Umstand, dass die USS Hephaistos eine funktionierende Tarnvorrichtung besitzt, l\u00e4sst vermuten das es vor Ort weitere Befehlen geben wird.<\/p>\n<p>Zus\u00e4tzlich wird auf dem Schiff die erste Version des <a href=\"https:\/\/www.sf-germany.org\/einheiten\/uss-hephaistos\/hephaistos\/das-schiff\/autonome-taktische-analyse-komponente-atak\/\">ATAK-Systems<\/a> installiert, welches bessere taktische Analyse- und Reaktionsoptionen bieten soll.<\/p>\n<p>Die USS Hephaistos und die USS Langley haben alle Modifikationen f\u00fcr den Transwarp Flug abgeschlossen und die Schiffe starten zu ihrer Mission.<\/p>\n<p>W\u00e4hrend des Transwarp Flugs gibt es auf der USS Hephaistos Komplikationen. \u00dcberall tauchen pl\u00f6tzlich temporale Echos auf und die gesamte Kommunikation f\u00e4llt aus.<\/p>\n<p>Dem CWI und der CING gelingt es die Ursache f\u00fcr die Echos festzustellen und mit Hilfe eines Shuttles dieses Problem zu l\u00f6sen. Die Kommunikation wird wieder hergestellt. Durch die Echos wurd eine klingonische Saboteurin enttarnt und festgesetzt.<br \/>\nLeider scheint es noch eine zweiten Saboteurin zu geben die nicht auffindbar ist.<\/p>\n<p>Nachdem die USS Langley und die USS Hephaistos den Transwarp-Tunnel verlassen haben, stellen sie fest, dass sie alleine an den vereinbarten Rendevouz-Koordinaten sind. Die erwarteten anderen Schiffe des Konvois sind nicht anwesend.<\/p>\n<p>Kurz darauf kommt es zu Explosionen auf der USS Langley, die deren Bordsysteme zeitweise lahm legt. Auf der USS Hephaistos kommt es zu einer Explosion auf der Krankenstation. Weitere Sabotageakte k\u00f6nnen jedoch durch beherztes Eingreifen der Crew verhindert werden.<\/p>\n<p>Die USS Hephaistos stellt sich jedoch besch\u00e4digt und kann so die kurz darauf angreifenden Klingonen \u00fcberraschen und zur\u00fcck schlagen. Dabei kann Commodore Claudia Ruthven gerettet werden, die von den Klingonen ins All gebeamt wird.<\/p>\n<p><strong>Crew der USS Langley <\/strong><strong> \u2013 Souvereign Klasse (bislang):<\/strong><br \/>\nCO, Andr\u00e9 Bernardy &#8211; Belgier<br \/>\nEO, Roy Glenn &#8211; Schotte<br \/>\nCWI, Lt. Joleen Brennan &#8211; Irin<br \/>\nsCWI, Brauer &#8211; Deutscher (stottert)<br \/>\nsOPS Lt. Reha \u2013 Vulkanier\/ Mensch<br \/>\nCSO, Lt. Jol Kinap &#8211; Ktarianer<br \/>\nsCSO, Ens. John Geary &#8211; Mensch (Wird sp\u00e4ter CSO der Hephaistos)<br \/>\nOPS, Billy Conner (Wird sp\u00e4ter OPS der Hephaistos)<br \/>\n<span style=\"font-size: inherit;\">TO, Tine Jenkins (Wird sp\u00e4ter TO der Hephaistos)<\/span><\/p>\n<p><strong>Aktuelle Ereignisse:<\/strong><\/p>\n<p>W\u00e4hrend der Reparaturarbeiten f\u00e4ngt die USS Hephaistos Funkspr\u00fcche auf, die vermuten lassen, dass es zwischen den eingeschlossenen Minenarbeitern zu Streit gekommen ist.<\/p>\n<p>Bei einer Erkundungsmission wird die Familie Simons gerettet, die aus der Mine verbannt wurde. Wie sich heraus stellt, gibt es Streitigkeiten \u00fcber die Fortsetzung der Rebellion.<\/p>\n<p>Man beschlie\u00dft, dass ein schnelles Eingreifen geboten ist und startet die Operation Persephone um die Minenarbeiter und ihre Familien notfalls auch gegen ihren Willen zu evakuieren.<\/p>\n<p>Die koordinierte Aktion verl\u00e4uft zun\u00e4chst erfolgreich, hat aber mit einigen unvorhergesehenen Schwierigkeiten zu k\u00e4mpfen:<\/p>\n<ul>\n<li>Nach der Deaktivierung des Reaktors befindet sich jemand direkt bei diesem und versucht, ihn wieder in Gang zu bringen. Dabei wird eine Kettenreaktion ausgel\u00f6st, die zur Explosion des Reaktors f\u00fchren kann und einen Neustart von au\u00dfen &#8211; wie eigentlich geplant &#8211; verhindert. Das Technik-Team kann den Reaktor noch rechtzeitig wieder stabilisieren.<\/li>\n<li>Lt. Thomas hat pl\u00f6tzliche Schmerzen in den Augenpartien und wird dienstuntauglich. Deswegen kann der Reaktor auch nicht zeitig gesichert werden, was zu obigen Problemen f\u00fchrt.<\/li>\n<li>Ensign Pema entfernt sich von ihrem Trupp, um einem der Aufst\u00e4ndischen zu folgen, der sie zu einer weiteren Person bringt, die in einer Art Stasekammer liegt. Diese Person wird unter Umgehung der Protokolle an Bord gebracht.<\/li>\n<li>Einige der Aufst\u00e4ndischen ziehen sich in die Kommandozentrale zur\u00fcck und leisten gewaltsamen Widerstand.\n<ul>\n<li>Mehrere Mitglieder der Sicherheitsteam werden leicht verletzt und m\u00fcssen behandelt werden.<\/li>\n<li>Der Gestaltwandler Ralf t\u00f6tet Crewman Vanlaere und nimmt die Gestalt eines Sternenflottenoffiziers an. Er nimmt die EO der Hephaistos, Sureya Bateh, als Geisel. Die Situation kann jedoch aufgel\u00f6st und Ralf verhaftet werden.<\/li>\n<\/ul>\n<\/li>\n<\/ul>\n<p>Alle evakuierten Personen werden, ebenso wie die festgesetzte klingonische Spionin, auf der Langley untergebracht.<\/p>\n<p><strong>W\u00e4hrend der Mission ausgesprochene Bef\u00f6rderungen \/ Degradierungen \/ Postenwechsel:<\/strong><\/p>\n<ul>\n<li>Cmdr. <a href=\"https:\/\/www.sf-germany.org\/einheiten\/uss-hephaistos\/hephaistos\/die-crew\/spieler\/shay-ruthven\/\">Shay Ruthven<\/a> wird zum Captain bef\u00f6rdert.<\/li>\n<li>Lt. (jg) <a href=\"https:\/\/www.sf-germany.org\/einheiten\/uss-hephaistos\/hephaistos\/die-crew\/spieler\/ajur-sohn-des-nedek\/\">Ajur, Sohn des Nedek<\/a> wird der Hephaistos als zweiter TAK zugeteilt.<\/li>\n<li>Ens. <a href=\"https:\/\/www.sf-germany.org\/einheiten\/uss-hephaistos\/hephaistos\/die-crew\/spieler\/jetsun-pema\/\">Jetsun Pema<\/a> \u00fcbernimmt provisorisch die Leitung der Krankenstation.<\/li>\n<\/ul>\n<p><strong>W\u00e4hrend der Mission verstorben \/ verschollen:<\/strong><\/p>\n<ul>\n<li>Durch eine Explosion in der Hauptkrankenstation starben der CM, <a href=\"https:\/\/www.sf-germany.org\/einheiten\/uss-hephaistos\/hephaistos\/die-crew\/spieler\/andih-skubalon\/\">An&#8217;dih Skubalon<\/a>, und sein Stellvertreter. Die Ermittlungen zur Explosionsursache dauern an, derzeit wird ein Anschlag vermutet.<\/li>\n<\/ul>\n<p><strong>Weitere Bemerkungen<\/strong><\/p>\n<ul>\n<li>Die <a href=\"https:\/\/www.sf-germany.org\/einheiten\/uss-hephaistos\/hephaistos\/die-crew\/unbekanntes-wesen\/\">unbekannte Lebensform<\/a>, die seit einigen Wochen in der Wissenschaftlichen Abteilung studiert wurde, verschwindet zu MD 8 spurlos aus dem Eind\u00e4mmungsfeld.<\/li>\n<li>Chief Michael Grundei aka Grilkara sowie WO Rixx entpuppten sich w\u00e4hrend der Mission als gestaltver\u00e4nderte klingonische Spione. W\u00e4hrend letztere get\u00f6tet wurde, befindet sich erste in Gewahrsam.<\/li>\n<\/ul>\n<p>gez.<br \/>\nCpt. Shay Ruthven, CO USS Hephaistos<\/p>\n<hr \/>\n<h2>F\u00fcr die Mission wichtige Personen (NRPG)<\/h2>\n<table border=\"1\" cellspacing=\"1\" cellpadding=\"1\">\n<tbody>\n<tr>\n<td style=\"text-align: center;\" align=\"left\" valign=\"middle\" nowrap=\"nowrap\" bgcolor=\"#ea4701\"><strong>Person<\/strong><\/td>\n<td style=\"text-align: center;\" align=\"left\" valign=\"middle\" nowrap=\"nowrap\" bgcolor=\"#ea4701\"><strong>Funktion<\/strong><\/td>\n<td style=\"text-align: center;\" align=\"left\" valign=\"middle\" nowrap=\"nowrap\" bgcolor=\"#ea4701\"><strong>Status<\/strong><\/td>\n<td style=\"text-align: center;\" align=\"left\" valign=\"middle\" nowrap=\"nowrap\" bgcolor=\"#ea4701\"><strong>Ort<\/strong><\/td>\n<td style=\"text-align: center;\" align=\"left\" valign=\"middle\" nowrap=\"nowrap\" bgcolor=\"#ea4701\"><strong>Details<\/strong><\/td>\n<\/tr>\n<tr>\n<td align=\"left\">Commodore <a href=\"https:\/\/www.sf-germany.org\/einheiten\/uss-hephaistos\/hephaistos\/die-crew\/spieler\/shay-ruthven\/claudia-ruthven\/\">Claudia Ruthven<\/a><\/td>\n<td align=\"left\">CO der USS Ainama (zerst\u00f6rt)<\/td>\n<td align=\"left\">verletzt aber grimmig<\/td>\n<td align=\"left\">USS Hephaistos<\/td>\n<td align=\"left\">Schwester von Capt. Ruthven<\/td>\n<\/tr>\n<tr>\n<td align=\"left\"><a href=\"https:\/\/www.sf-germany.org\/einheiten\/uss-hephaistos\/hephaistos\/die-crew\/spieler\/ajur-sohn-des-nedek\/mkor-sohn-des-nedek\/\">M&#8217;Kor, Sohn des Nedek<\/a><\/td>\n<td align=\"left\">Klingonischer CO des Angriffkreuzers IKS Qu\u2019Vat<\/td>\n<td align=\"left\">umtriebig<\/td>\n<td align=\"left\">IKS Qu\u2019Vat<\/td>\n<td align=\"left\">Ajurs Bruder; tr\u00e4gt eine Uniform mit roten Farbflecken an den Schultern<\/td>\n<\/tr>\n<tr>\n<td align=\"left\">Ensign <a href=\"https:\/\/www.sf-germany.org\/einheiten\/uss-hephaistos\/hephaistos\/die-crew\/lydia-antoniou\/\">Lydia Antoniou<\/a><\/td>\n<td align=\"left\">Gast auf der IKS Qu\u2019Vat<\/td>\n<td align=\"left\"><\/td>\n<td align=\"left\">IKS Qu\u2019Vat<\/td>\n<td align=\"left\">Die Griechin war Adjutantin von <a href=\"https:\/\/www.sf-germany.org\/einheiten\/uss-hephaistos\/hephaistos\/die-crew\/spieler\/shay-ruthven\/claudia-ruthven\/\">Commodore Ruthven<\/a>, hat aber Geheimnisse verraten um ihr Leben zu retten.<\/td>\n<\/tr>\n<tr>\n<td align=\"left\">Kang, Sohn des Oort<\/td>\n<td align=\"left\">EO IKS Qu\u2019Vat<\/td>\n<td align=\"left\"><\/td>\n<td align=\"left\">IKS Qu\u2019Vat<\/td>\n<td align=\"left\">verwandt mit M&#8217;Kor<\/td>\n<\/tr>\n<tr>\n<td align=\"left\">Yok<\/td>\n<td align=\"left\">2O IKS Qu\u2019Vat<\/td>\n<td align=\"left\">krank<\/td>\n<td align=\"left\">IKS Qu\u2019Vat<\/td>\n<td align=\"left\"><\/td>\n<\/tr>\n<tr>\n<td align=\"left\">On&#8217;ugh<\/td>\n<td align=\"left\">Doktor auf der IKS Qu\u2019Vat<\/td>\n<td align=\"left\"><\/td>\n<td align=\"left\">IKS Qu\u2019Vat<\/td>\n<td align=\"left\"><\/td>\n<\/tr>\n<tr>\n<td align=\"left\"><\/td>\n<td align=\"left\"><\/td>\n<td align=\"left\"><\/td>\n<td align=\"left\"><\/td>\n<td align=\"left\"><\/td>\n<\/tr>\n<tr>\n<td align=\"left\">Kayvak, Sohn des Huss, Haus Noggra<\/td>\n<td align=\"left\">CO IKS O&#8217;thor<\/td>\n<td align=\"left\"><\/td>\n<td align=\"left\">IKS O&#8217;tho<\/td>\n<td align=\"left\">Hat M&#8217;Kor in Frage gestellt, das Duell aber verloren. M&#8217;Kor hat ihn am Leben gelassen.<\/td>\n<\/tr>\n<tr>\n<td align=\"left\"><\/td>\n<td align=\"left\"><\/td>\n<td align=\"left\"><\/td>\n<td align=\"left\"><\/td>\n<td align=\"left\"><\/td>\n<\/tr>\n<tr>\n<td align=\"left\"><\/td>\n<td align=\"left\"><\/td>\n<td align=\"left\"><\/td>\n<td align=\"left\"><\/td>\n<td align=\"left\"><\/td>\n<\/tr>\n<tr>\n<td align=\"left\"><\/td>\n<td align=\"left\"><\/td>\n<td align=\"left\"><\/td>\n<td align=\"left\"><\/td>\n<td align=\"left\"><\/td>\n<\/tr>\n<tr>\n<td align=\"left\"><\/td>\n<td align=\"left\"><\/td>\n<td align=\"left\"><\/td>\n<td align=\"left\"><\/td>\n<td align=\"left\"><\/td>\n<\/tr>\n<\/tbody>\n<\/table>\n<h3>Die Minenarbeiter<\/h3>\n<ul>\n<li><strong>Ralf<\/strong>: Cham\u00e4leoniden (liebt die Gestalt der echsenartigen Gorn), gewaltbereiter Rebell<\/li>\n<li><strong>Kuorat<\/strong>: Flaxianer, entschlossener Rebell<\/li>\n<li><strong>Pradelo<\/strong>: Rebell, hegt inzwischen starke Zweifel an der Richtigkeit der Rebellion<\/li>\n<li><strong>Jasper<\/strong>: Chefprospektor, Rebell, hegt leise Zweifel an der Richtigkeit ihres Tuns<\/li>\n<li><strong>Adra<\/strong>: Ktarianerin (15 J.)<\/li>\n<li><strong>Thalos<\/strong>: Andorianer (zerst\u00f6rte das Funkger\u00e4t), gewaltbereiter Rebell<\/li>\n<li><strong>Marge Simons<\/strong>: junge Mutter und Ehefrau von Harry (sie hatte heimlich gefunkt)<\/li>\n<li><strong>Harry Simons<\/strong>: steht zu seiner Familie und begleitet sie ins Exil<\/li>\n<li><strong>Trish Simons<\/strong>: 6 Monate altes Baby<\/li>\n<li><strong>Constance Simons<\/strong>: 14 J., Tochter von Marges verstorbener Schwester<\/li>\n<\/ul>\n<h3>Referenz<\/h3>\n<p>Eine Liste von Bios, die nicht mehr im Roster sind &#8211; falls sie aber doch nochmal gebraucht werden (z.B. Backposts).<\/p>\n<table width=\"100%\">\n<tbody>\n<tr>\n<td align=\"center\" valign=\"top\" bgcolor=\"#ffffff\"><strong>Abzeichen<\/strong><\/td>\n<td align=\"center\" valign=\"top\" bgcolor=\"#ffffff\"><strong>Rang<\/strong><\/td>\n<td align=\"center\" valign=\"top\" bgcolor=\"#ffffff\"><strong>Name<\/strong><\/td>\n<td align=\"center\" valign=\"top\" bgcolor=\"#ffffff\"><strong>Spezies<\/strong><\/td>\n<td align=\"center\" valign=\"top\" bgcolor=\"#ffffff\"><strong>Position<\/strong><\/td>\n<td align=\"center\" valign=\"top\" bgcolor=\"#ffffff\"><strong>Priorit\u00e4t<\/strong><\/td>\n<\/tr>\n<tr>\n<td valign=\"top\"><img loading=\"lazy\" decoding=\"async\" src=\"https:\/\/www.sf-germany.com\/images\/schemata\/sto\/blau\/ens.png\" alt=\"\" width=\"100\" height=\"25\" \/><\/td>\n<td valign=\"top\">Ens.<\/td>\n<td valign=\"top\"><strong><a href=\"https:\/\/www.sf-germany.org\/einheiten\/uss-hephaistos\/hephaistos\/die-crew\/spieler\/andih-skubalon\/\">Dr. An&#8217;dih Skubalon<\/a><\/strong><\/td>\n<td valign=\"top\">Mensch (m)<\/td>\n<td valign=\"top\">CM<\/td>\n<td valign=\"top\">PC (Andy)<\/td>\n<\/tr>\n<tr>\n<td valign=\"top\"><img loading=\"lazy\" decoding=\"async\" src=\"https:\/\/www.sf-germany.com\/images\/schemata\/sto\/blau\/ens.png\" alt=\"\" width=\"100\" height=\"25\" \/><\/td>\n<td valign=\"top\">Ens.<\/td>\n<td valign=\"top\"><a href=\"https:\/\/www.sf-germany.org\/einheiten\/uss-hephaistos\/hephaistos\/die-crew\/marcus-voltaire\/\">Marcus Voltaire<\/a><\/td>\n<td valign=\"top\">Mensch (m)<\/td>\n<td valign=\"top\">Assistenzarzt<\/td>\n<td valign=\"top\">NPC<\/td>\n<\/tr>\n<tr>\n<td valign=\"top\">&#8211;<\/td>\n<td valign=\"top\">&#8211;<\/td>\n<td valign=\"top\"><a href=\"https:\/\/www.sf-germany.org\/einheiten\/uss-hephaistos\/hephaistos\/die-crew\/unbekanntes-wesen\/\">Unbekanntes Wesen (Alice im Wunderland)<\/a><\/td>\n<td valign=\"top\">Unbekannt (z)<\/td>\n<td valign=\"top\">Gast \/ Besucher<\/td>\n<td valign=\"top\">NPC<\/td>\n<\/tr>\n<tr>\n<td valign=\"top\"><img loading=\"lazy\" decoding=\"async\" src=\"https:\/\/www.sf-germany.com\/images\/schemata\/sto\/gelb\/ens.png\" alt=\"\" width=\"100\" height=\"25\" \/><\/td>\n<td valign=\"top\">Ens.<\/td>\n<td valign=\"top\"><a href=\"https:\/\/www.sf-germany.org\/einheiten\/uss-hephaistos\/hephaistos\/die-crew\/spieler\/kerral\/\">K&#8217;erral<\/a><\/td>\n<td valign=\"top\">Caitianer (m)<\/td>\n<td valign=\"top\">OPS<\/td>\n<td valign=\"top\">NPC<\/td>\n<\/tr>\n<\/tbody>\n<\/table>\n<h3>Infos zur Minenkolonie (NRPG)<\/h3>\n<ul>\n<li><strong>Kebonit<\/strong> im Felsen verhindert Funkverkehr und das Beamen.<\/li>\n<li><strong>Explosionen<\/strong>: Die Zug\u00e4nge zu einem bestimmten Bereich wurden gesprengt und haben ihn vom Rest des Komplexes abgeschnitten.<\/li>\n<li><strong>Miller-Tunnel<\/strong>: Ein Abschnitt des Komplexes, der vor 3 Jahren bei einer fehlerhaften Explosion teilweise eingest\u00fcrzt ist und jetzt als instabil gilt.<\/li>\n<\/ul>\n","protected":false},"excerpt":{"rendered":"<p>MISSIONSDATEN CODENAME: Evakuierung von Minenarbeiter MISSIONSTYP: Action ZEITRAUM: SD 240719 &#8211; SD250522 (Ende 2415) STATUS: abgeschlossen EINHEITEN: USS Hephaistos Missionsverlauf Vorgeschichte: Die USS Hephaistos wird zusammen mit der USS Langley durch einen neu errichteten Trans-Warp-Kanal nach Deep Space K7 im Aldebaran Sektor fliegen. Von dort aus werden sie im nahe gelegenen Ba&#8217;aja Sektor die Evakuierung&#8230;<\/p>\n<p class=\"more-link-wrap\"><a href=\"https:\/\/www.sf-germany.org\/einheiten\/uss-hephaistos\/logbuch\/missionen\/evakuierung-von-minenarbeiter\/\" class=\"more-link\">Read More<span class=\"screen-reader-text\"> &ldquo;Evakuierung von Minenarbeiter&rdquo;<\/span> &raquo;<\/a><\/p>\n","protected":false},"author":1,"featured_media":0,"parent":127,"menu_order":24,"comment_status":"closed","ping_status":"closed","template":"page-templates\/medium.php","meta":{"footnotes":""},"class_list":["post-1065","page","type-page","status-publish","hentry"],"_links":{"self":[{"href":"https:\/\/www.sf-germany.org\/einheiten\/uss-hephaistos\/wp-json\/wp\/v2\/pages\/1065","targetHints":{"allow":["GET"]}}],"collection":[{"href":"https:\/\/www.sf-germany.org\/einheiten\/uss-hephaistos\/wp-json\/wp\/v2\/pages"}],"about":[{"href":"https:\/\/www.sf-germany.org\/einheiten\/uss-hephaistos\/wp-json\/wp\/v2\/types\/page"}],"author":[{"embeddable":true,"href":"https:\/\/www.sf-germany.org\/einheiten\/uss-hephaistos\/wp-json\/wp\/v2\/users\/1"}],"replies":[{"embeddable":true,"href":"https:\/\/www.sf-germany.org\/einheiten\/uss-hephaistos\/wp-json\/wp\/v2\/comments?post=1065"}],"version-history":[{"count":13,"href":"https:\/\/www.sf-germany.org\/einheiten\/uss-hephaistos\/wp-json\/wp\/v2\/pages\/1065\/revisions"}],"predecessor-version":[{"id":5581,"href":"https:\/\/www.sf-germany.org\/einheiten\/uss-hephaistos\/wp-json\/wp\/v2\/pages\/1065\/revisions\/5581"}],"up":[{"embeddable":true,"href":"https:\/\/www.sf-germany.org\/einheiten\/uss-hephaistos\/wp-json\/wp\/v2\/pages\/127"}],"wp:attachment":[{"href":"https:\/\/www.sf-germany.org\/einheiten\/uss-hephaistos\/wp-json\/wp\/v2\/media?parent=1065"}],"curies":[{"name":"wp","href":"https:\/\/api.w.org\/{rel}","templated":true}]}}