{"id":1111,"date":"2019-05-25T12:03:07","date_gmt":"2019-05-25T10:03:07","guid":{"rendered":"http:\/\/www.sf-germany.org\/einheiten\/hephaistos\/?page_id=1111"},"modified":"2022-10-07T12:53:13","modified_gmt":"2022-10-07T10:53:13","slug":"jared","status":"publish","type":"page","link":"https:\/\/www.sf-germany.org\/einheiten\/uss-hephaistos\/die-crew\/charakter-archiv\/jared\/","title":{"rendered":"Jared"},"content":{"rendered":"<div style=\"float: right; margin-left: 15px; margin-bottom: 15px; font-size: 11px; width: 350px; padding-left: 10px; padding-right: 10px;\">\n<table style=\"border: 0px solid #003366; background: transparent; box-shadow: rgba(255, 255, 255, 0.75) 0.1em 0.1em 0.5em; border-radius: 1em; width: 100%;\" border=\"3\" cellspacing=\"10\" align=\"right\">\n<tbody>\n<tr>\n<td style=\"font-weight: bold; border: 0px solid transparent; width: 100%;\" colspan=\"2\" align=\"center\"><\/td>\n<\/tr>\n<tr>\n<td style=\"background: transparent; border: 0px solid transparent; width: 100%;\" colspan=\"2\" align=\"center\"><a href=\"https:\/\/www.sf-germany.org\/einheiten\/uss-hephaistos\/wp-content\/uploads\/2016\/01\/CharBild.png\" rel=\"attachment wp-att-117\"><img loading=\"lazy\" decoding=\"async\" class=\"alignnone wp-image-111 size-full\" src=\"https:\/\/www.sf-germany.org\/einheiten\/uss-hephaistos\/wp-content\/uploads\/2016\/01\/CharBild.png\" alt=\"\" width=\"179\" height=\"140\" \/><\/a><\/td>\n<\/tr>\n<tr>\n<td style=\"font-weight: bold; border: 0px solid transparent; width: 100%;\" colspan=\"2\" align=\"center\"><b>Jared<\/b><\/td>\n<\/tr>\n<tr>\n<td style=\"font-weight: bold; border: 0px solid transparent; width: 50%;\" align=\"right\" width=\"50%\">Status<\/td>\n<td style=\"border: 0px solid transparent; width: 50%;\" align=\"left\" width=\"50%\">NPC<\/td>\n<\/tr>\n<tr>\n<td style=\"font-weight: bold; border: 0px solid transparent; width: 50%;\" align=\"right\" width=\"50%\">Spieler<\/td>\n<td style=\"border: 0px solid transparent; width: 50%;\" align=\"left\" width=\"50%\">&#8211;<\/td>\n<\/tr>\n<tr>\n<td style=\"font-weight: bold; border: 0px solid #003366; background: #555555; box-shadow: rgba(255, 255, 255, 0.75) 0.1em 0.1em 0.5em; border-radius: 1em; width: 100%;\" colspan=\"2\" align=\"center\">Dienstliche Informationen<\/td>\n<\/tr>\n<tr>\n<td style=\"font-weight: bold; border: 0px solid transparent; width: 50%;\" align=\"right\" width=\"50%\">Ranggrafik<\/td>\n<td style=\"border: 0px solid transparent; width: 50%;\" align=\"left\" width=\"50%\"><img loading=\"lazy\" decoding=\"async\" class=\"alignnone\" src=\"https:\/\/www.sf-germany.com\/images\/schemata\/sto\/rot\/ziv.png\" alt=\"\" width=\"100\" height=\"25\" \/><\/td>\n<\/tr>\n<tr>\n<td style=\"font-weight: bold; border: 0px solid transparent; width: 50%;\" align=\"right\" width=\"50%\">Rang<\/td>\n<td style=\"border: 0px solid transparent; width: 50%;\" align=\"left\" width=\"50%\">Botschafter<\/td>\n<\/tr>\n<tr>\n<td style=\"font-weight: bold; border: 0px solid transparent; width: 50%;\" align=\"right\" width=\"50%\">Posten<\/td>\n<td style=\"border: 0px solid transparent; width: 50%;\" align=\"left\" width=\"50%\">Botschafter<\/td>\n<\/tr>\n<tr>\n<td style=\"font-weight: bold; border: 0px solid transparent; width: 50%;\" align=\"right\" width=\"50%\">Stationierung<\/td>\n<td style=\"border: 0px solid transparent; width: 50%;\" align=\"left\" width=\"50%\">USS Hephaistos<\/td>\n<\/tr>\n<tr>\n<td style=\"font-weight: bold; border: 0px solid #003366; background: #555555; box-shadow: rgba(255, 255, 255, 0.75) 0.1em 0.1em 0.5em; border-radius: 1em; width: 100%;\" colspan=\"2\" align=\"center\">Physische Beschreibung<\/td>\n<\/tr>\n<tr>\n<td style=\"font-weight: bold; border: 0px solid transparent; width: 50%;\" align=\"right\" width=\"50%\">Spezies<\/td>\n<td style=\"border: 0px solid transparent; width: 50%;\" align=\"left\" width=\"50%\">El-Aurianer<\/td>\n<\/tr>\n<tr>\n<td style=\"font-weight: bold; border: 0px solid transparent; width: 50%;\" align=\"right\" width=\"50%\">Geschlecht<\/td>\n<td style=\"border: 0px solid transparent; width: 50%;\" align=\"left\" width=\"50%\">m\u00e4nnlich<\/td>\n<\/tr>\n<tr>\n<td style=\"font-weight: bold; border: 0px solid transparent; width: 50%;\" align=\"right\" width=\"50%\">Gr\u00f6\u00dfe<\/td>\n<td style=\"border: 0px solid transparent; width: 50%;\" align=\"left\" width=\"50%\">\u00a0cm<\/td>\n<\/tr>\n<tr>\n<td style=\"font-weight: bold; border: 0px solid transparent; width: 50%;\" align=\"right\" width=\"50%\">Gewicht<\/td>\n<td style=\"border: 0px solid transparent; width: 50%;\" align=\"left\" width=\"50%\">\u00a0kg<\/td>\n<\/tr>\n<tr>\n<td style=\"font-weight: bold; border: 0px solid transparent; width: 50%;\" align=\"right\" width=\"50%\">Hautfarbe<\/td>\n<td style=\"border: 0px solid transparent; width: 50%;\" align=\"left\" width=\"50%\"><\/td>\n<\/tr>\n<tr>\n<td style=\"font-weight: bold; border: 0px solid transparent; width: 50%;\" align=\"right\" width=\"50%\">Haarfarbe<\/td>\n<td style=\"border: 0px solid transparent; width: 50%;\" align=\"left\" width=\"50%\"><\/td>\n<\/tr>\n<tr>\n<td style=\"font-weight: bold; border: 0px solid transparent; width: 50%;\" align=\"right\" width=\"50%\">Augenfarbe<\/td>\n<td style=\"border: 0px solid transparent; width: 50%;\" align=\"left\" width=\"50%\"><\/td>\n<\/tr>\n<tr>\n<td style=\"font-weight: bold; border: 0px solid #003366; background: #555555; box-shadow: rgba(255, 255, 255, 0.75) 0.1em 0.1em 0.5em; border-radius: 1em; width: 100%;\" colspan=\"2\" align=\"center\">Biographische Informationen<\/td>\n<\/tr>\n<tr>\n<td style=\"font-weight: bold; border: 0px solid transparent; width: 50%;\" align=\"right\" width=\"50%\">Geburtsort<\/td>\n<td style=\"border: 0px solid transparent; width: 50%;\" align=\"left\" width=\"50%\">El-Aurian<\/td>\n<\/tr>\n<tr>\n<td style=\"font-weight: bold; border: 0px solid transparent; width: 50%;\" align=\"right\" width=\"50%\">Geburtstag<\/td>\n<td style=\"border: 0px solid transparent; width: 50%;\" align=\"left\" width=\"50%\">Im 19. Jahrhundert<\/td>\n<\/tr>\n<tr>\n<td style=\"font-weight: bold; border: 0px solid transparent; width: 50%;\" align=\"right\" width=\"50%\">Familienstand<\/td>\n<td style=\"border: 0px solid transparent; width: 50%;\" align=\"left\" width=\"50%\">3x verwitwet, 5x geschieden<\/td>\n<\/tr>\n<tr>\n<td style=\"font-weight: bold; border: 0px solid transparent; width: 50%;\" align=\"right\" width=\"50%\">Familie<\/td>\n<td style=\"border: 0px solid transparent; width: 50%;\" align=\"left\" width=\"50%\"><\/td>\n<\/tr>\n<tr>\n<td style=\"font-weight: bold; border: 0px solid transparent; width: 50%;\" align=\"right\" width=\"50%\">Religion<\/td>\n<td style=\"border: 0px solid transparent; width: 50%;\" align=\"left\" width=\"50%\"><\/td>\n<\/tr>\n<tr>\n<td style=\"font-weight: bold; border: 0px solid #003366; background: #555555; box-shadow: rgba(255, 255, 255, 0.75) 0.1em 0.1em 0.5em; border-radius: 1em; width: 100%;\" colspan=\"2\" align=\"center\">Politische informationen<\/td>\n<\/tr>\n<tr>\n<td style=\"font-weight: bold; border: 0px solid transparent; width: 50%;\" align=\"right\" width=\"50%\">Buergerschaft<\/td>\n<td style=\"border: 0px solid transparent; width: 50%;\" align=\"left\" width=\"50%\">F\u00f6derationsb\u00fcrger<\/td>\n<\/tr>\n<\/tbody>\n<\/table>\n<\/div>\n<h2>Lebenslauf<\/h2>\n<p>Botschafter Jared steht seit 2190 in Diensten der F\u00f6deration &#8211; wenngleich immer wieder mit Unterbrechungen &#8211; und hat bereits an vielen Missionen teilgenommen.<\/p>\n<p>Auf die USS Hephaistos wurde er versetzt, um die Verhandlungen mit Thassos IV zu f\u00fchren.<\/p>\n<hr \/>\n<h2>Psychologisches Profil<\/h2>\n<p>&nbsp;<\/p>\n<h3>St\u00e4rken \/ Schw\u00e4chen<\/h3>\n<p><strong>Positiv:<\/strong><\/p>\n<ul>\n<li>Gut darin, die Stimmung und Mikroexpressionen anderer zu lesen und zu verwenden (es k\u00fcmmert ihn nur nicht immer, was andere denken oder f\u00fchlen)<\/li>\n<\/ul>\n<p><strong>Negativ:<\/strong><\/p>\n<ul>\n<li>Er wirkt auf andere, insbesondere junge Personen, oft arrogant und starrk\u00f6pfig &#8211; jedenfalls, wenn er nicht mit diesen Personen in diplomatischen Verhandlungen steht.<\/li>\n<li>Er hat lange Zeit in patriachischen Gesellschaften verbracht, was man ihm zwischenzeitlich anmerkt.<\/li>\n<\/ul>\n<p><strong>Vorlieben:<\/strong><\/p>\n<ul>\n<li>Trauben<\/li>\n<li>Whisky<\/li>\n<li>Schokolade<\/li>\n<\/ul>\n<p><strong>Abneigungen:\u00a0<\/strong><\/p>\n<ul>\n<li>Erdbeeren<\/li>\n<li>Champagner<\/li>\n<li>Borg<\/li>\n<\/ul>\n<hr \/>\n<h2>Spezialgebiete<\/h2>\n<p><strong>Vorbildung:<\/strong><\/p>\n<p>Botschafter Jared ist mehrere hundert Jahre alt und hat verschiedene Professionen erlernt.<\/p>\n<p>So war er zum Beispiel:<\/p>\n<ul>\n<li>Schneider<\/li>\n<li>Juwelier<\/li>\n<li>Cowboy<\/li>\n<li>Diplomat<\/li>\n<\/ul>\n<p><strong>Studien auf der Sternenflottenakademie:<\/strong><\/p>\n<p>Hauptf\u00e4cher:<\/p>\n<ul>\n<li>Diplomatie<\/li>\n<li>Interspezies-Protokoll<\/li>\n<li>Xenobiologie<\/li>\n<li>Xenolinguistik<\/li>\n<li>Kommando<\/li>\n<li>Jura<\/li>\n<\/ul>\n<p>Nebenf\u00e4cher:<\/p>\n<ul>\n<li>Anthropologie<\/li>\n<li>Arch\u00e4ologie<\/li>\n<li>Botanik<\/li>\n<li>Kreatives Schreiben<\/li>\n<li>Operations<\/li>\n<li>Theaterwissenschaften<\/li>\n<\/ul>\n<p>Jared hat im Laufe seines Lebens nicht nur mehrfach an der Akademie gelernt sondern auch des \u00d6fteren dort gelehrt.<\/p>\n<p><strong>Besonderheiten der eigenen Spezies:<\/strong><\/p>\n<ul>\n<li>El-Aurianer sind gute Zuh\u00f6rer. Es scheint ihnen leicht zu fallen, andere in ihrer Gegenwart dazu zu bringen, sich die Sorgen von der Seele zu reden.<\/li>\n<li>El-Aurianer k\u00f6nnen unterbewusst andere Zeitlinien und \u00c4nderungen in ihrer aktuellen Zeitlinie wahrnehmen.<\/li>\n<\/ul>\n<p><strong>Sonstiges:<\/strong><\/p>\n<p>Botschafter Jared hat im Laufe eines Lebens viele sprachen erlernt, unter Anderem Deutsch, Englisch, Franz\u00f6sisch, Spanisch, Russisch, Persisch, Navajo, mehrere vulkanische Dialekte, klingonisch, alt-andorianisch, andorianisch, oronisch, bajoranisch, zwei cardasianische Dialekte, breen, denobulanisch, kreto-molask, orthonisch, aglantisch, poluxianisch und Krgh-tzf.<\/p>\n<hr \/>\n<h2>Hobbies<\/h2>\n<ul>\n<li>Bonsai<\/li>\n<li>Leute schikanieren<\/li>\n<\/ul>\n<hr \/>\n<h2>Medizinisches Profil<\/h2>\n<p>&nbsp;<\/p>\n<p><strong>Krankheiten &amp; Gesundheit:<\/strong><\/p>\n<ul>\n<li><\/li>\n<\/ul>\n<hr \/>\n<h2>Klassifzierte Sektion<\/h2>\n<p>Keine Eintr\u00e4ge<\/p>\n","protected":false},"excerpt":{"rendered":"<p>Jared Status NPC Spieler &#8211; Dienstliche Informationen Ranggrafik Rang Botschafter Posten Botschafter Stationierung USS Hephaistos Physische Beschreibung Spezies El-Aurianer Geschlecht m\u00e4nnlich Gr\u00f6\u00dfe \u00a0cm Gewicht \u00a0kg Hautfarbe Haarfarbe Augenfarbe Biographische Informationen Geburtsort El-Aurian Geburtstag Im 19. Jahrhundert Familienstand 3x verwitwet, 5x geschieden Familie Religion Politische informationen Buergerschaft F\u00f6derationsb\u00fcrger Lebenslauf Botschafter Jared steht seit 2190 in Diensten&#8230;<\/p>\n<p class=\"more-link-wrap\"><a href=\"https:\/\/www.sf-germany.org\/einheiten\/uss-hephaistos\/die-crew\/charakter-archiv\/jared\/\" class=\"more-link\">Read More<span class=\"screen-reader-text\"> &ldquo;Jared&rdquo;<\/span> &raquo;<\/a><\/p>\n","protected":false},"author":4,"featured_media":0,"parent":1100,"menu_order":1,"comment_status":"closed","ping_status":"closed","template":"page-templates\/medium.php","meta":{"footnotes":""},"class_list":["post-1111","page","type-page","status-publish","hentry"],"_links":{"self":[{"href":"https:\/\/www.sf-germany.org\/einheiten\/uss-hephaistos\/wp-json\/wp\/v2\/pages\/1111","targetHints":{"allow":["GET"]}}],"collection":[{"href":"https:\/\/www.sf-germany.org\/einheiten\/uss-hephaistos\/wp-json\/wp\/v2\/pages"}],"about":[{"href":"https:\/\/www.sf-germany.org\/einheiten\/uss-hephaistos\/wp-json\/wp\/v2\/types\/page"}],"author":[{"embeddable":true,"href":"https:\/\/www.sf-germany.org\/einheiten\/uss-hephaistos\/wp-json\/wp\/v2\/users\/4"}],"replies":[{"embeddable":true,"href":"https:\/\/www.sf-germany.org\/einheiten\/uss-hephaistos\/wp-json\/wp\/v2\/comments?post=1111"}],"version-history":[{"count":5,"href":"https:\/\/www.sf-germany.org\/einheiten\/uss-hephaistos\/wp-json\/wp\/v2\/pages\/1111\/revisions"}],"predecessor-version":[{"id":5554,"href":"https:\/\/www.sf-germany.org\/einheiten\/uss-hephaistos\/wp-json\/wp\/v2\/pages\/1111\/revisions\/5554"}],"up":[{"embeddable":true,"href":"https:\/\/www.sf-germany.org\/einheiten\/uss-hephaistos\/wp-json\/wp\/v2\/pages\/1100"}],"wp:attachment":[{"href":"https:\/\/www.sf-germany.org\/einheiten\/uss-hephaistos\/wp-json\/wp\/v2\/media?parent=1111"}],"curies":[{"name":"wp","href":"https:\/\/api.w.org\/{rel}","templated":true}]}}