{"id":1228,"date":"2019-09-17T23:21:46","date_gmt":"2019-09-17T21:21:46","guid":{"rendered":"http:\/\/www.sf-germany.org\/einheiten\/hephaistos\/?page_id=1228"},"modified":"2025-08-04T10:13:34","modified_gmt":"2025-08-04T08:13:34","slug":"decoster","status":"publish","type":"page","link":"https:\/\/www.sf-germany.org\/einheiten\/uss-hephaistos\/die-crew\/spieler\/decoster\/","title":{"rendered":"DeCoster"},"content":{"rendered":"<div>\n<table style=\"width: 37.022%;\" border=\"3\" cellspacing=\"10\" align=\"right\">\n<tbody>\n<tr>\n<td style=\"width: 100%;\" colspan=\"2\" align=\"center\"><\/td>\n<\/tr>\n<tr>\n<td style=\"width: 100%;\" colspan=\"2\" align=\"center\"><a href=\"https:\/\/www.sf-germany.org\/einheiten\/uss-hephaistos\/wp-content\/uploads\/sam.webp\"><img loading=\"lazy\" decoding=\"async\" class=\"alignnone wp-image-7945\" src=\"https:\/\/www.sf-germany.org\/einheiten\/uss-hephaistos\/wp-content\/uploads\/sam-300x300.webp\" alt=\"\" width=\"150\" height=\"150\" srcset=\"https:\/\/www.sf-germany.org\/einheiten\/uss-hephaistos\/wp-content\/uploads\/sam-300x300.webp 300w, https:\/\/www.sf-germany.org\/einheiten\/uss-hephaistos\/wp-content\/uploads\/sam-150x150.webp 150w, https:\/\/www.sf-germany.org\/einheiten\/uss-hephaistos\/wp-content\/uploads\/sam.webp 866w\" sizes=\"auto, (max-width: 150px) 100vw, 150px\" \/><\/a><\/td>\n<\/tr>\n<tr>\n<td style=\"width: 100%;\" colspan=\"2\" align=\"center\"><b>Samantha DeCoster<br \/>\n<\/b><\/td>\n<\/tr>\n<tr>\n<td style=\"width: 50%;\" align=\"right\" width=\"50%\">Status<\/td>\n<td style=\"width: 50%;\" align=\"left\" width=\"50%\">PC<\/td>\n<\/tr>\n<tr>\n<td style=\"width: 50%;\" align=\"right\" width=\"50%\">Spieler<\/td>\n<td style=\"width: 50%;\" align=\"left\" width=\"50%\">ela<\/td>\n<\/tr>\n<tr>\n<td style=\"width: 100%;\" colspan=\"2\" align=\"center\">Dienstliche Informationen<\/td>\n<\/tr>\n<tr>\n<td style=\"width: 50%;\" align=\"right\" width=\"50%\">Ranggrafik<\/td>\n<td style=\"width: 50%;\" align=\"left\" width=\"50%\"><img loading=\"lazy\" decoding=\"async\" class=\"alignnone\" src=\"https:\/\/www.sf-germany.com\/images\/schemata\/sto\/rot\/cmdr.png\" alt=\"\" width=\"100\" height=\"25\" \/><\/td>\n<\/tr>\n<tr>\n<td style=\"width: 50%;\" align=\"right\" width=\"50%\">Rang<\/td>\n<td style=\"width: 50%;\" align=\"left\" width=\"50%\">Cmdr.<\/td>\n<\/tr>\n<tr>\n<td style=\"width: 50%;\" align=\"right\" width=\"50%\">Posten<\/td>\n<td style=\"width: 50%;\" align=\"left\" width=\"50%\">EO<\/td>\n<\/tr>\n<tr>\n<td style=\"width: 50%;\" align=\"right\" width=\"50%\">Stationierung<\/td>\n<td style=\"width: 50%;\" align=\"left\" width=\"50%\">USS Hephaistos<\/td>\n<\/tr>\n<tr>\n<td style=\"width: 100%;\" colspan=\"2\" align=\"center\">Physische Beschreibung<\/td>\n<\/tr>\n<tr>\n<td style=\"width: 50%;\" align=\"right\" width=\"50%\">Spezies<\/td>\n<td style=\"width: 50%;\" align=\"left\" width=\"50%\">Mensch<\/td>\n<\/tr>\n<tr>\n<td style=\"width: 50%;\" align=\"right\" width=\"50%\">Geschlecht<\/td>\n<td style=\"width: 50%;\" align=\"left\" width=\"50%\">weiblich<\/td>\n<\/tr>\n<tr>\n<td style=\"width: 50%;\" align=\"right\" width=\"50%\">Gr\u00f6\u00dfe<\/td>\n<td style=\"width: 50%;\" align=\"left\" width=\"50%\">168 cm<\/td>\n<\/tr>\n<tr>\n<td style=\"width: 50%;\" align=\"right\" width=\"50%\">Gewicht<\/td>\n<td style=\"width: 50%;\" align=\"left\" width=\"50%\">63 kg<\/td>\n<\/tr>\n<tr>\n<td style=\"width: 50%;\" align=\"right\" width=\"50%\">Hautfarbe<\/td>\n<td style=\"width: 50%;\" align=\"left\" width=\"50%\">hell<\/td>\n<\/tr>\n<tr>\n<td style=\"width: 50%;\" align=\"right\" width=\"50%\">Haarfarbe<\/td>\n<td style=\"width: 50%;\" align=\"left\" width=\"50%\">braun<\/td>\n<\/tr>\n<tr>\n<td style=\"width: 50%;\" align=\"right\" width=\"50%\">Augenfarbe<\/td>\n<td style=\"width: 50%;\" align=\"left\" width=\"50%\">gr\u00fcn-braun<\/td>\n<\/tr>\n<tr>\n<td style=\"width: 100%;\" colspan=\"2\" align=\"center\">Biographische Informationen<\/td>\n<\/tr>\n<tr>\n<td style=\"width: 50%;\" align=\"right\" width=\"50%\">Geburtsort<\/td>\n<td style=\"width: 50%;\" align=\"left\" width=\"50%\">Erde<\/td>\n<\/tr>\n<tr>\n<td style=\"width: 50%;\" align=\"right\" width=\"50%\">Geburtstag<\/td>\n<td style=\"width: 50%;\" align=\"left\" width=\"50%\">12.08.2375<\/td>\n<\/tr>\n<tr>\n<td style=\"width: 50%;\" align=\"right\" width=\"50%\">Familienstand<\/td>\n<td style=\"width: 50%;\" align=\"left\" width=\"50%\">verlobt<\/td>\n<\/tr>\n<tr>\n<td style=\"width: 50%;\" align=\"right\" width=\"50%\">Familie<\/td>\n<td style=\"width: 50%;\" align=\"left\" width=\"50%\"><\/td>\n<\/tr>\n<tr>\n<td style=\"width: 50%;\" align=\"right\" width=\"50%\">Religion<\/td>\n<td style=\"width: 50%;\" align=\"left\" width=\"50%\">christlich<\/td>\n<\/tr>\n<tr>\n<td style=\"width: 100%;\" colspan=\"2\" align=\"center\">Politische informationen<\/td>\n<\/tr>\n<tr>\n<td style=\"width: 50%;\" align=\"right\" width=\"50%\">Buergerschaft<\/td>\n<td style=\"width: 50%;\" align=\"left\" width=\"50%\">F\u00f6derationsb\u00fcrger<\/td>\n<\/tr>\n<\/tbody>\n<\/table>\n<\/div>\n<p><strong><span style=\"font-size: 24pt;\">Lebenslauf<\/span><\/strong><\/p>\n<p class=\"moz-quote-pre\"><span style=\"text-decoration: underline;\">Werdegang <\/span><\/p>\n<p class=\"moz-quote-pre\">Sam wuchs als Einzelkind auf, wobei ihr Vater als Sternenflottenoffizier, stationiert auf einem Raumschiff, w\u00e4hrend ihrer Kinder- und Jugendjahre kaum pr\u00e4sent war. Gepr\u00e4gt wurde sie haupts\u00e4chlich durch ihre Mutter, einer Wissenschaftlerin. Diese f\u00f6rderte schon fr\u00fch das Interesse ihrer Tochter f\u00fcr die Naturwissenschaften, das sich auch in der Schule zeigte. Bereits zu Schulzeiten fiel jedoch auch auf, dass es ihr eher schwer fiel, freundschaftliche Kontakte zu anderen zu kn\u00fcpfen. Stets war sie eher eine Au\u00dfenseiterin, was sich auch auf der Akademie fortsetzte.<\/p>\n<p class=\"moz-quote-pre\"><span style=\"text-decoration: underline;\">Sternenflottenlaufbahn <\/span><\/p>\n<p class=\"moz-quote-pre\">Nach Ihrem Abschluss an der Akademie wurde Samantha als TO auf die USS Marie Curie versetzt. Dort hob sie sich nicht nur im Maschinenraum hervor und wurde recht z\u00fcgig zu Fohrungsaufgaben herangezogen. Anl\u00e4sslich der Hochzeit von Tamari Eschner (EO USS Explorer) wurde sowohl die CO der Curie, als auch die Besatzung des Schiffes eingeladen daran teilzunehmen. Lessa McLeod (CO, Marie Curie), Tamari Eschner, Samantha DeCoster (2O, Marie Curie) wurden jedoch noch vor den Festlichkeiten entf\u00fchrt und auf einem idyllischen Hinterw\u00e4ldlerplaneten gefangengenommen. W\u00e4hrend der Zeit auf dem Planeten lief Sam ein junger Kobold zu. Aufgrund der Eigenschaft der Tiere sich in jungen Jahren Partner f\u00fcrs Leben zu suchen und mit ihm eine empathische Bindung aufzubauen, war Sam gezwungen ihn mit an Bord ihres Schiffes zu nehmen. Ansonsten w\u00e4re das Wesen dem Tod geweiht. Der Kobold erhielt den Namen Permin.<\/p>\n<p class=\"moz-quote-pre\">W\u00e4hrend eines sp\u00e4teren Au\u00dfeneinsatzes wurde unter ungekl\u00e4rtem Umst\u00e4nden der K\u00f6rper von Samantha und der eines m\u00e4nnlichen hominiden Wesens vertauscht als dieser sie gerade vergewaltigen wollte. Sam konnte zwar gerettet und der K\u00f6rpertausch r\u00fcckg\u00e4ngig gemacht werden. Doch psychisch nahm es sie st\u00e4rker mit als sie gehofft hatte. Kurzzeitig litt sie unter traumatischer Amnesie mit teilweiser Bewusstseinsabwesenheit. Nach ihrer Heilung wurde Samantha zu den Utopia-Werften versetzt, doch nur kurze Zeit sp\u00e4ter erhielt sie das Angebot als OPS auf der Akademie eingesetzt zu werden. Damit einher ging auch eine T\u00e4tigkeit als Tutor. Dies sollte f\u00fcr sie auch eine Bew\u00e4hrungsprobe darstellen, die sie mit Bravour meisterte. Eine vollst\u00e4ndige Heilung konnte ihr attestiert werden.W\u00e4hrend ihrer Zeit an der Akademie entwickelte sich eine enge Freundschaft zu Shay Ruthven.<\/p>\n<p class=\"moz-quote-pre\">An der Akademie hielt sie es jedoch nicht lange aus, da sie das Leben auf einem Raumschiff vermisste. Also beantragte sie beim FKOM eine Versetzung auf ein Sternenflottenschiff. Durch einen Zufall wurde zum selben Zeitpunkt auch Shay Ruthven zwangsversetzt. Der Vater von Shay forderte bei dem Gef\u00e4hrten von Samantha, J.J. R\u00e9v\u00e8lle, eine Gef\u00e4lligkeit ein und beauftragte ihn, sich des Sohnes anzunehmen und auf ihn aufzupassen. dementsprechend wurde eine Versetzung des Paares auf die USS Avalon arrangiert.<\/p>\n<p>Nachdem Samantha tempor\u00e4r den Posten als CO der USS Avalon \u00fcbernahm beschloss das FKOM sie wieder als F\u00fchrungsoffizier einzusetzen. So war sie EO auf der USS Phenomenon und anschlie\u00dfend wurde Sie EO auf der USS Ainama. 2415 wurde die USS Ainama zerst\u00f6rt. Samantha konnte sich mit einigen anderen Besatzungsmitgliedern in Rettungskapseln retten und wurde von der USS Hephaistos aus dem Raum gefischt. Da die dortige EO das Schiff wegen eines eigenen Kommandos verlie\u00df wurde Samantha zum EO ernannt.<\/p>\n<p>Nach Jagd durch Klingonen wurde die USS Hephaistos in einen fraktalen Riss gezogen. Die Crew befand sich auf einer Fantasy-Welt ohne Erinnerung. Samantha war B\u00fcrgermeisterin in Reedale und trachtete danach, die uneingeschr\u00e4nkte Macht \u00fcber die Anomalie und all ihre Bewohner zu erlangen. Dabei hat sie auch ihre Freundin Emily, die dort Prinzessin war, ausgenutzt. Nach der Vereinigung von Fantasy-Ich und Sternenflotten-Ich ist Samantha nicht gl\u00fccklich mit ihrem Fantasy-Leben und hat Schwierigkeiten, ihre beiden Seiten unter einen Hut zu bekommen.<\/p>\n<p class=\"moz-quote-pre\"><span style=\"text-decoration: underline;\">Tabellarischer Lebenslauf <\/span><\/p>\n<p class=\"moz-quote-pre\">SD\/Jahr Ereignis<\/p>\n<p class=\"moz-quote-pre\">2395 Abschluss der Akademie, Ernennung zum Ensign und Versetzung als TO auf die USS Marie Curie<\/p>\n<p class=\"moz-quote-pre\">2396 Bef\u00f6rderung zum Lt.(jg); Einsatz als 2O\/TO<\/p>\n<p class=\"moz-quote-pre\">2398 Bef\u00f6rderung zum Lt.(sg) und EO der USS Marie Curie<\/p>\n<p class=\"moz-quote-pre\">2400 Ausscheiden (wegen Krankheit) als EO auf der USS Marie Curie<\/p>\n<p class=\"moz-quote-pre\">2401 Versetzung zu den Utopia-Werften als Leitende Technikerin<\/p>\n<p class=\"moz-quote-pre\">2402 Versetzung als AKA-OPS 2403 Bef\u00f6rderung zum Lt.Cmdr<\/p>\n<p class=\"moz-quote-pre\">2403 Versetzung als TO auf die USS Avalon<\/p>\n<p class=\"moz-quote-pre\">2408 termpor\u00e4re \u00dcbernahme des Posten des CO USS Avalon<\/p>\n<p class=\"moz-quote-pre\">2408 Versetzung als EO auf die USS Phenomenon<\/p>\n<p class=\"moz-quote-pre\">2413 Versetzung als EO auf die USS Ainama<\/p>\n<p class=\"moz-quote-pre\">2416 Versetzung als EO auf die USS Hephaistos<\/p>\n<p class=\"moz-quote-pre\">2416 Bef\u00f6rderung zur Commander<\/p>\n<p class=\"moz-quote-pre\">Sep. 2416 Verleihung des Sternenflotten Ehrenkreuz<\/p>\n<p>&nbsp;<\/p>\n<hr \/>\n<p><strong><span style=\"font-size: 24pt;\">Auszeichnungen \/ Orden<\/span><\/strong><\/p>\n<p><a href=\"https:\/\/www.sf-germany.org\/einheiten\/uss-hephaistos\/wp-content\/uploads\/Samantha-DeCoster.jpg\"><img loading=\"lazy\" decoding=\"async\" class=\"aligncenter size-medium wp-image-6094\" src=\"https:\/\/www.sf-germany.org\/einheiten\/uss-hephaistos\/wp-content\/uploads\/Samantha-DeCoster-212x300.jpg\" alt=\"\" width=\"212\" height=\"300\" srcset=\"https:\/\/www.sf-germany.org\/einheiten\/uss-hephaistos\/wp-content\/uploads\/Samantha-DeCoster-212x300.jpg 212w, https:\/\/www.sf-germany.org\/einheiten\/uss-hephaistos\/wp-content\/uploads\/Samantha-DeCoster.jpg 620w\" sizes=\"auto, (max-width: 212px) 100vw, 212px\" \/><\/a><\/p>\n<p style=\"text-align: center;\">\n<a href=\"https:\/\/www.sf-germany.org\/einheiten\/uss-hephaistos\/wp-content\/uploads\/ehrenkreuz.webp\"><img loading=\"lazy\" decoding=\"async\" class=\"aligncenter wp-image-9053\" src=\"https:\/\/www.sf-germany.org\/einheiten\/uss-hephaistos\/wp-content\/uploads\/ehrenkreuz.webp\" alt=\"\" width=\"300\" height=\"200\" srcset=\"https:\/\/www.sf-germany.org\/einheiten\/uss-hephaistos\/wp-content\/uploads\/ehrenkreuz.webp 1536w, https:\/\/www.sf-germany.org\/einheiten\/uss-hephaistos\/wp-content\/uploads\/ehrenkreuz-300x200.webp 300w, https:\/\/www.sf-germany.org\/einheiten\/uss-hephaistos\/wp-content\/uploads\/ehrenkreuz-1024x683.webp 1024w\" sizes=\"auto, (max-width: 300px) 100vw, 300px\" \/><\/a><span style=\"font-size: 10pt;\"><em>(Sternenflotten Ehrenkreuz)<\/em><\/span><\/p>\n<p>&nbsp;<\/p>\n<hr \/>\n<p><strong><span style=\"font-size: 24pt;\">Psychologisches Profil<\/span><\/strong><\/p>\n<p class=\"moz-quote-pre\">Sam w\u00fcrde zwar gern mit mehr Menschen Freundschaft schlie\u00dfen, ist jedoch sehr sch\u00fcchtern, dies wirkt sich jedoch wenig auf ihre Arbeit mit anderen Personen aus. Sie kann als Einzelperson, aber genauso auch im Team arbeiten. Wenn sie sich mal privat mit anderen unterh\u00e4lt, dreht sich ihr Gespr\u00e4ch meist um ihre Arbeit. Andere Gespr\u00e4chsthemen bereiten ihr Unbehagen. Sie versucht stets den Sinn von Befehlen zu ergr\u00fcnden und, auch wenn sie sonst sch\u00fcchtern ist, scheut sie sich nicht, nach einer Begr\u00fcndung f\u00fcr sinnlos scheinende Befehle zu fragen. Wenn die jeweilige Begr\u00fcndung zufriedenstellend ausf\u00e4llt leistet sie daraufhin hervorragende Arbeit. Auch wenn ihr der Sinn eines Befehls nicht einleuchtend scheint, gibt sie sich M\u00fche, diesen ordnungsgem\u00e4\u00df auszuf\u00fchren. Da sie ihre Leidenschaft zum Beruf machte, ist sie ziemlich versessen auf ihre Arbeit und versucht diese sehr gewissenhaft zu erf\u00fcllen, auch wenn dabei ihre Freizeit vernachl\u00e4ssigt werden sollte. Sam hat eine innere Abscheu gegen sportliche Bet\u00e4tigung und versucht dieser, so weit es ihr m\u00f6glich ist, aus dem Weg zu gehen. So versucht sie sich auch regelm\u00e4\u00dfig um ihr verordnetes Aufbauprogramm zu dr\u00fccken.<\/p>\n<p class=\"moz-quote-pre\">Samantha kann sich schnell auf neue Situationen einstellen und diese meistern.<\/p>\n<p><strong><span style=\"font-size: 24pt;\">St\u00e4rken \/ Schw\u00e4chen<\/span><\/strong><\/p>\n<p><strong>Positiv:<\/strong><\/p>\n<ul>\n<li>\n<p class=\"moz-quote-pre\">Durch ihr starkes Interesse f\u00fcr physikalische und technische Zusammenh\u00e4nge hat Samantha ein breites Spektrum an Wissen und kann dieses sehr gut verkn\u00fcpfen. Probleml\u00f6sungen fallen ihr relativ einfach. Zudem hat sie w\u00e4hrend ihrer Zeit als EO gelernt Sachen effizient zu organisieren<\/p>\n<\/li>\n<\/ul>\n<p><strong>Negativ:<\/strong><\/p>\n<ul>\n<li>Samantha ist sehr auf die Arbeit fixiert<\/li>\n<li>Es f\u00e4llt ihr schwer Freundschaften zu schlie\u00dfen<\/li>\n<\/ul>\n<p>&nbsp;<\/p>\n<p><strong><span style=\"font-size: 24pt;\">Hobbies<\/span><\/strong><\/p>\n<ul>\n<li>B\u00fccher<\/li>\n<\/ul>\n<hr \/>\n<p><strong><span style=\"font-size: 24pt;\">Medizinisches Profil<\/span><\/strong><\/p>\n<p class=\"moz-quote-pre\">Aufnahmeuntersuchung:<\/p>\n<p class=\"moz-quote-pre\">2392 Miss de Coster wei\u00dft im gro\u00dfen und ganzen einen durchschnittlichen Gesundheitszustand auf, jedoch sind ihre Kondition und Ausdauer recht schlecht. Einer Aufnahme in die Sternenflotte steht jedoch nichts im Wege. Sie sollte jedoch vorerst auf Eins\u00e4tze mit \u00fcberm\u00e4\u00dfig gro\u00dfer k\u00f6rperlicher Beanspruchung verzichten. Ich empfehle ein t\u00e4glich durchzuf\u00fchrendes Aufbauprogramm, mit dem die Kondition gest\u00e4rkt werden sollte.<\/p>\n<p class=\"moz-quote-pre\"><span style=\"font-size: 10pt;\">&#8212; gez. Cpt. Franck &#8211; Stabsarzt \/ Sternenflotten-HQ<\/span><\/p>\n<p class=\"moz-quote-pre\">Lieutenant De Coster befand sich in stabiler Befassung als sie in unsere Klinik eingewiesen wurde. Jedoch konnte sie sich an keine Geschehnisse der letzten Monate erinnern. Sie hat in ihrer eigenen Welt gelebt und wurde von ihrem Freund versorgt und beaufsichtigt. Es konnte nicht ergr\u00fcndet werden was DeCosters Heilung ausgel\u00f6st hat. Diese trat spontan auf. Eine Nachbehandlung im gr\u00f6\u00dferen Ma\u00dfstab war nicht mehr n\u00f6tig. Lt. De Coster ist wieder voll dienstf\u00e4hig, sollte jedoch aufgrund der zur\u00fcckliegenden traumatischen Erfahrungen vorerst nicht im Au\u00dfendienst arbeiten.<\/p>\n<p class=\"moz-quote-pre\"><span style=\"font-size: 10pt;\">&#8212; gez. Dr. James Brown &#8211; Psychologe der Nervenklinik Trauenheim SD 110106<\/span><\/p>\n<p class=\"moz-quote-pre\">Samantha DeCoster hat ihre starke Pers\u00f6nlichkeit w\u00e4hrend ihrer Arbeit auf der Akademie gefestigt. Einer Wiederaufnahme des aktiven Dienstes steht in meinen Augen nichts im Wege.<\/p>\n<p class=\"moz-quote-pre\"><span style=\"font-size: 10pt;\">&#8212; gez. Dr. rer. nat. Dr. med. Dr. mult. H. Heeras &#8211; Oberarzt, Akademie<\/span><\/p>\n<p>&nbsp;<\/p>\n<hr \/>\n<p><strong><span style=\"font-size: 24pt;\">Klassifzierte Sektion<\/span><\/strong><\/p>\n<p>Keine Eintr\u00e4ge<\/p>\n<p>&nbsp;<\/p>\n<p><strong><span style=\"font-size: 18pt;\">Permin<\/span><\/strong><\/p>\n<p>W\u00e4hrend der Entf\u00fchrung von Lessa McLeod, Tamari Eschner und Samantha De Coster durch die Freiheitssiedler des Planeten Ilirion &#8218;adoptierte&#8216; der noch junge Kobold Sam. Es wird vermutet, dass Kobolde, sobald sie eine Beziehung zu einem anderen Wesen aufbauen, gleichzeitig auch eine empathische Bindung zu diesen eingehen. Sie sind damit an sie gebunden und sterben innerhalb kurzer Zeit, wenn sie ihren Partner verlieren. Deshalb bekam Samantha nach ihrer Rettung die Erlaubnis, Permin mit an Bord der Marie Curie zu bringen.<\/p>\n<p><span style=\"text-decoration: underline;\">Merkmale der Spezies<\/span><br \/>\nAusgewachsen sind Kobolde etwas 50 cm lang und haben einen 70 cm langen Schwanz. Junge Kobolde ben\u00f6tigen sehr viel Schlaf und Essen. W\u00e4hrend der ersten Zeit ist das ihre einzige Besch\u00e4ftigung. Mit zunehmenden Alter geht das Schlafbed\u00fcrfnis zur\u00fcck und der Spieltrieb setzt verst\u00e4rkt ein. Sie ern\u00e4hren sich haupts\u00e4chlich von Fr\u00fcchten. Aber auch Brot und \u00e4hnlich zubereitete Gerichte m\u00f6gen sie gern. Auf ihre Heimatwelt haben Kobolde nur wenig Feinde. Sie sind sehr flink und k\u00f6nnen sich notfalls auf B\u00e4ume und \u00e4hnliches fl\u00fcchten. Doch auch vor einem Kampf brauchen sie sich nicht zu f\u00fcrchten, da ihre Krallen und giftigen Z\u00e4hne gute Waffen darstellen.<\/p>\n<p><span style=\"text-decoration: underline;\">Aussehen<\/span><br \/>\nPermin ist 48 cm lang mit zus\u00e4tzlich 70 cm Schwanz. Der gesamte K\u00f6rper ist von einem weichen, braunschattiertem Fell bedeckt. Weit hinten am Kopf sitzen kleine runde Ohren. Im Kontrast dazu wirken die gro\u00dfen, schwarzen Augen. Er besitzt nadelscharfe Z\u00e4hne, die in drei Reihen angeordnet sind. Durch die Eckz\u00e4hne kann ein Gift abgesondert werden. Die Pfoten bestehen aus 6 krallenbesetzten Fingern, die gut zum Greifen geeignet sind.<\/p>\n<p>Vorlieben: mag besonders gern Kuchen<\/p>\n","protected":false},"excerpt":{"rendered":"<p>Samantha DeCoster Status PC Spieler ela Dienstliche Informationen Ranggrafik Rang Cmdr. Posten EO Stationierung USS Hephaistos Physische Beschreibung Spezies Mensch Geschlecht weiblich Gr\u00f6\u00dfe 168 cm Gewicht 63 kg Hautfarbe hell Haarfarbe braun Augenfarbe gr\u00fcn-braun Biographische Informationen Geburtsort Erde Geburtstag 12.08.2375 Familienstand verlobt Familie Religion christlich Politische informationen Buergerschaft F\u00f6derationsb\u00fcrger Lebenslauf Werdegang Sam wuchs als Einzelkind&#8230;<\/p>\n<p class=\"more-link-wrap\"><a href=\"https:\/\/www.sf-germany.org\/einheiten\/uss-hephaistos\/die-crew\/spieler\/decoster\/\" class=\"more-link\">Read More<span class=\"screen-reader-text\"> &ldquo;DeCoster&rdquo;<\/span> &raquo;<\/a><\/p>\n","protected":false},"author":2,"featured_media":0,"parent":54,"menu_order":1,"comment_status":"closed","ping_status":"closed","template":"page-templates\/medium.php","meta":{"footnotes":""},"class_list":["post-1228","page","type-page","status-publish","hentry"],"_links":{"self":[{"href":"https:\/\/www.sf-germany.org\/einheiten\/uss-hephaistos\/wp-json\/wp\/v2\/pages\/1228","targetHints":{"allow":["GET"]}}],"collection":[{"href":"https:\/\/www.sf-germany.org\/einheiten\/uss-hephaistos\/wp-json\/wp\/v2\/pages"}],"about":[{"href":"https:\/\/www.sf-germany.org\/einheiten\/uss-hephaistos\/wp-json\/wp\/v2\/types\/page"}],"author":[{"embeddable":true,"href":"https:\/\/www.sf-germany.org\/einheiten\/uss-hephaistos\/wp-json\/wp\/v2\/users\/2"}],"replies":[{"embeddable":true,"href":"https:\/\/www.sf-germany.org\/einheiten\/uss-hephaistos\/wp-json\/wp\/v2\/comments?post=1228"}],"version-history":[{"count":18,"href":"https:\/\/www.sf-germany.org\/einheiten\/uss-hephaistos\/wp-json\/wp\/v2\/pages\/1228\/revisions"}],"predecessor-version":[{"id":9054,"href":"https:\/\/www.sf-germany.org\/einheiten\/uss-hephaistos\/wp-json\/wp\/v2\/pages\/1228\/revisions\/9054"}],"up":[{"embeddable":true,"href":"https:\/\/www.sf-germany.org\/einheiten\/uss-hephaistos\/wp-json\/wp\/v2\/pages\/54"}],"wp:attachment":[{"href":"https:\/\/www.sf-germany.org\/einheiten\/uss-hephaistos\/wp-json\/wp\/v2\/media?parent=1228"}],"curies":[{"name":"wp","href":"https:\/\/api.w.org\/{rel}","templated":true}]}}