{"id":1233,"date":"2019-10-02T17:08:43","date_gmt":"2019-10-02T15:08:43","guid":{"rendered":"http:\/\/www.sf-germany.org\/einheiten\/hephaistos\/?page_id=1233"},"modified":"2024-04-12T10:04:27","modified_gmt":"2024-04-12T08:04:27","slug":"beziehungen","status":"publish","type":"page","link":"https:\/\/www.sf-germany.org\/einheiten\/uss-hephaistos\/die-crew\/beziehungen\/","title":{"rendered":"Beziehungen"},"content":{"rendered":"<p><a href=\"https:\/\/www.sf-germany.org\/einheiten\/uss-hephaistos\/wp-content\/uploads\/2016\/01\/hephaistoscprw3.png\" rel=\"attachment wp-att-11\"><img decoding=\"async\" class=\"size-medium wp-image-11 aligncenter\" src=\"https:\/\/www.sf-germany.org\/einheiten\/uss-hephaistos\/wp-content\/uploads\/2016\/01\/hephaistoscprw3-300x254.png\" alt=\"hephaistoscprw3\" width=\"150\" srcset=\"https:\/\/www.sf-germany.org\/einheiten\/uss-hephaistos\/wp-content\/uploads\/2016\/01\/hephaistoscprw3-300x254.png 300w, https:\/\/www.sf-germany.org\/einheiten\/uss-hephaistos\/wp-content\/uploads\/2016\/01\/hephaistoscprw3.png 388w\" sizes=\"(max-width: 300px) 100vw, 300px\" \/><\/a><\/p>\n<hr \/>\n<p>Diese Seite beschreibt Beziehungen zu anderen Personen aus Sicht des einzelnen Crew-Mitglieds. Bitte selbstst\u00e4ndig erg\u00e4nzen.<\/p>\n<p>&nbsp;<\/p>\n<table style=\"height: 1685px; width: 100%; border-collapse: collapse; border-color: #c9c9c9;\" border=\"1\">\n<tbody>\n<tr style=\"height: 127px; border-color: #c9c9c9;\">\n<td style=\"width: 15.2778%; height: 127px; border-color: #c9c9c9;\">CO<\/td>\n<td style=\"width: 19.2901%; height: 127px;\"><a href=\"https:\/\/www.sf-germany.org\/einheiten\/uss-hephaistos\/die-crew\/spieler\/shay-ruthven\/\"><strong>Shay Ruthven<\/strong><\/a><\/td>\n<td style=\"width: 65.3549%; height: 127px;\">\n<ul>\n<li>bisexuell<\/li>\n<li>verheiratet mit <a href=\"https:\/\/www.sf-germany.org\/einheiten\/uss-hephaistos\/die-crew\/spieler\/shay-ruthven\/elisa-careen\/\">Elli<\/a> &#8211; allerdings ist diese Ehe nur freundschaftlich und nicht vollzogen<\/li>\n<li>Shay wei\u00df auch von Colin (und kennt diesen von fr\u00fcher). Er hat von diesem beim Abschied einen Traumkristall zur Verwahrung bekommen.<\/li>\n<li>Beziehung mit <a href=\"https:\/\/www.sf-germany.org\/einheiten\/uss-hephaistos\/die-crew\/trish-greene\/\">Trish<\/a> (Technik), Elli wei\u00df Bescheid<\/li>\n<li><a href=\"https:\/\/www.sf-germany.org\/einheiten\/uss-hephaistos\/die-crew\/spieler\/shay-ruthven\/claudia-ruthven\/\">Claudia<\/a> ist seine Schwester, das Verh\u00e4ltnis ist&#8230; schwierig<\/li>\n<li>seine j\u00fcngere Schwester Teresa ist seit kurzem an Bord und vervielfacht die Zahl der grauen Haare, die ihm wachsen<\/li>\n<li>ist mit <a href=\"https:\/\/www.sf-germany.org\/einheiten\/uss-hephaistos\/die-crew\/spieler\/ettore-ludovico-della-scala\/\">Ettore<\/a> (und dessen Frau <a href=\"https:\/\/www.sf-germany.org\/einheiten\/uss-hephaistos\/die-crew\/melody-loona\/\">Melody<\/a>) befreundet und Patenonkel der Zwillinge<\/li>\n<li>freundschaftliches Verh\u00e4ltnis zu seinem klingonischen TAK Ajur. Beide k\u00e4mpfen gerne zusammen gegen Western-Zombies auf dem Holodeck.<\/li>\n<li>Hat einen 4 J\u00e4hrigen Sohn (Shay Jr.) mit Jynah Ros was erst er erst jetzt erfahren hat<\/li>\n<\/ul>\n<\/td>\n<\/tr>\n<tr style=\"height: 23px;\">\n<td style=\"width: 15.2778%; height: 23px;\">EO<\/td>\n<td style=\"width: 19.2901%; height: 23px;\"><a href=\"https:\/\/www.sf-germany.org\/einheiten\/uss-hephaistos\/die-crew\/spieler\/decoster\/\"><strong>Samantha DeCoster<\/strong><\/a><\/td>\n<td style=\"width: 65.3549%; height: 23px;\">\n<ul>\n<li>mit <a href=\"https:\/\/www.sf-germany.org\/einheiten\/uss-hephaistos\/die-crew\/spieler\/shay-ruthven\/\">Shay<\/a> befreundet<\/li>\n<li>war<a href=\"https:\/\/www.sf-germany.org\/einheiten\/uss-hephaistos\/die-crew\/spieler\/shay-ruthven\/claudia-ruthven\/\"> Claudia<\/a>s EO und hat zu dieser ein gutes Verh\u00e4ltnis<\/li>\n<li>\u00fcbernahm nach Sureyas Weggang den EO Posten der Hephaistos<\/li>\n<li>F\u00e4llt nicht oft auf<\/li>\n<li>Scheint in Emily eine neue Freundin gefunden zu haben oder vielleicht auch mehr?<\/li>\n<\/ul>\n<\/td>\n<\/tr>\n<tr style=\"height: 105px;\">\n<td style=\"width: 15.2778%; height: 105px;\">2O<\/td>\n<td style=\"width: 19.2901%; height: 105px;\"><strong><a href=\"https:\/\/www.sf-germany.org\/einheiten\/uss-hephaistos\/die-crew\/spieler\/ettore-ludovico-della-scala\/\">Ettore della Scala<\/a><\/strong><\/td>\n<td style=\"width: 65.3549%; height: 105px;\">\n<ul>\n<li>verheiratet mit <a href=\"https:\/\/www.sf-germany.org\/einheiten\/uss-hephaistos\/die-crew\/melody-loona\/\">Melody<\/a>, drei Kinder<\/li>\n<li>befreundet und per Du mit <a href=\"https:\/\/www.sf-germany.org\/einheiten\/uss-hephaistos\/die-crew\/spieler\/shay-ruthven\/\">Shay<\/a> (Patenonkel der Zwillinge) und <a href=\"https:\/\/www.sf-germany.org\/einheiten\/uss-hephaistos\/die-crew\/spieler\/shay-ruthven\/elisa-careen\/\">Elli\u00a0<\/a><\/li>\n<li>per Arbeits-Du mit <a href=\"https:\/\/www.sf-germany.org\/einheiten\/uss-hephaistos\/die-crew\/spieler\/decoster\/\">Sam<\/a><\/li>\n<li>es gab Probleme mit <a href=\"https:\/\/www.sf-germany.org\/einheiten\/uss-hephaistos\/die-crew\/spieler\/shay-ruthven\/claudia-ruthven\/\">Claudia<\/a><\/li>\n<li>diente mit <a href=\"https:\/\/www.sf-germany.org\/einheiten\/uss-hephaistos\/die-crew\/spieler\/jori-tainia\/\">Jori Tainia<\/a> zusammen bereits auf der USS Explorer, langes kameradschaftliches Verh\u00e4ltnis<\/li>\n<\/ul>\n<\/td>\n<\/tr>\n<tr style=\"height: 103px;\">\n<td style=\"width: 15.2778%; height: 103px;\">COMM<\/td>\n<td style=\"width: 19.2901%; height: 103px;\"><a href=\"https:\/\/www.sf-germany.org\/einheiten\/uss-hephaistos\/die-crew\/nikolaj-andreievich-enovo\/\">Nikolaj Enovo<\/a><\/td>\n<td style=\"width: 65.3549%; height: 103px;\">\n<ul>\n<li>heterosexuell<\/li>\n<li>befreundet mit Emily, sie hat \u00f6fters bei ihm \u00fcbernachtet, was zu Ger\u00fcchten gef\u00fchrt hat<\/li>\n<li>Verliebt in die Vorschriften der Sternenflotte<\/li>\n<\/ul>\n<\/td>\n<\/tr>\n<tr style=\"height: 103px;\">\n<td style=\"width: 15.2778%; height: 103px;\">FLG<\/td>\n<td style=\"width: 19.2901%; height: 103px;\"><a href=\"https:\/\/www.sf-germany.org\/einheiten\/uss-hephaistos\/die-crew\/spieler\/fabien-lagroille\/\"><strong>Fabien LaGroille<\/strong><\/a><\/td>\n<td style=\"width: 65.3549%; height: 103px;\">\n<ul>\n<li>Interessiert an <a href=\"https:\/\/www.sf-germany.org\/einheiten\/uss-hephaistos\/die-crew\/spieler\/jetsun-pema\/\">Jetsun Pema<\/a>, jedoch sehr sch\u00fcchtern -&gt; seitens Jetsun erfolgte ein Korb<\/li>\n<li>lebt ausgerechnet mit <a href=\"https:\/\/www.sf-germany.org\/einheiten\/uss-hephaistos\/die-crew\/trish-greene\/\">Trish<\/a> in einem Quartier, was immer wieder zu Begegnungen f\u00fchrt, die ihn rot werden lassen. Kochfreundschaft \ud83d\ude42<\/li>\n<li><a href=\"https:\/\/www.sf-germany.org\/einheiten\/uss-hephaistos\/die-crew\/spieler\/emily-lesi-wells\/\">Emily Karx<\/a>: Gut befreundet, dank der gemeinsamen Flucht aus der Kriegsgefangenschaft.<\/li>\n<li><a href=\"https:\/\/www.sf-germany.org\/einheiten\/uss-hephaistos\/die-crew\/spieler\/decoster\/\">Samantha DeCoster<\/a>: Locker befreundet, gemeinsamer Dienst auf der USS Marie Curie<\/li>\n<li><a href=\"https:\/\/www.sf-germany.org\/einheiten\/uss-hephaistos\/die-crew\/spieler\/jennifer-larson\/\">Jennifer Larson<\/a>: Antipathie, bisher kein offener Konflikt<\/li>\n<\/ul>\n<\/td>\n<\/tr>\n<tr style=\"height: 79px;\">\n<td style=\"width: 15.2778%; height: 79px;\">TAK<\/td>\n<td style=\"width: 19.2901%; height: 79px;\"><a href=\"https:\/\/www.sf-germany.org\/einheiten\/uss-hephaistos\/die-crew\/spieler\/ajur-sohn-des-nedek\/\"><strong>Ajur<\/strong><\/a><\/td>\n<td style=\"width: 65.3549%; height: 79px;\">\n<ul>\n<li>Freundschaft mit <a href=\"https:\/\/www.sf-germany.org\/einheiten\/uss-hephaistos\/die-crew\/spieler\/emily-lesi-wells\/\">Emily.<\/a><\/li>\n<li>wei\u00df direkt von Elli, dass diese ein Auge auf ihn und ATAK haben soll, sch\u00e4tzt ihre Offenheit. Mittlerweile kommt man recht gut miteinander aus und spielt regelm\u00e4\u00dfig &#8218;Go&#8216;.<\/li>\n<li>Versteht sich recht gut mit\u00a0<a href=\"https:\/\/www.sf-germany.org\/einheiten\/uss-hephaistos\/die-crew\/spieler\/shay-ruthven\/\">Shay Ruthven<\/a> &#8211; was auch daran lag, dass beide regelm\u00e4\u00dfig ein Zombie-Western-Szenario auf dem Holodeck besuchten.<\/li>\n<li>Er war mit\u00a0<a href=\"https:\/\/www.sf-germany.org\/einheiten\/uss-hephaistos\/die-crew\/spieler\/decoster\/\">Samantha<\/a> im holographischen &#8222;Urlaub&#8220;, wobei sie die Nachbildung eines klingonischen Klosters aufsuchten. Nach den Ereignissen in der Anomalie hat er ihr dort erneut Gesellschaft angeboten<\/li>\n<li>Hat nichts gegen\u00a0<a href=\"https:\/\/www.sf-germany.org\/einheiten\/uss-hephaistos\/die-crew\/spieler\/jennifer-larson\/\">Jennifer Larson<\/a> &#8211; er macht nur seinen Job.<\/li>\n<li>Er und Ettore werden vermutlich in diesem Leben keine Freunde mehr.<\/li>\n<li>an Bord gibt es einige Crewmitglieder, die Stimmung gegen ihn machen.<\/li>\n<li>Er hat sich aktiv dagegen entschieden, mit seinem Barde-Ich in der Anomalie zu verschmelzen, um sich erneut auf den Krieg konzentrieren zu k\u00f6nnen.<\/li>\n<li>heterosexuell, Spezisist &#8211; und daher mangels anderer Klingonen Single.<\/li>\n<li>Lebt mit der Ratte Elvis in einer M\u00e4nner &#8211; WG. Mittlerweile ist da allerdings auch eine zweite Ratte, Priscilla, eingezogen<\/li>\n<li>Arbeitet f\u00fcr TASK und die milit\u00e4rische Aufkl\u00e4rung der Sternenflotte und hat regelm\u00e4\u00dfig Bericht erstattet &#8211; was Emily (via Karx) und nun (nach einem &#8218;Anruf&#8216; von Captain JJJ Barka) auch der Captain wissen.<\/li>\n<\/ul>\n<\/td>\n<\/tr>\n<tr style=\"height: 79px;\">\n<td style=\"width: 15.2778%; height: 79px;\">CSO<\/td>\n<td style=\"width: 19.2901%; height: 79px;\"><a href=\"https:\/\/www.sf-germany.org\/einheiten\/uss-hephaistos\/die-crew\/spieler\/jori-tainia\/\"><strong>Jori Tainia<\/strong><\/a><\/td>\n<td style=\"width: 65.3549%; height: 79px;\">\n<ul>\n<li>War vor Skye CSO der Hephaistos und wurde versetzt<\/li>\n<li>Taucht nun zuf\u00e4llig mit anderen an der Font auf und hilft der Hephaistos mit einer List gegen die Klingonen<\/li>\n<li>Bekanntschaft mit <a href=\"https:\/\/www.sf-germany.org\/einheiten\/uss-hephaistos\/die-crew\/spieler\/emily-lesi-wells\/\">Emily<\/a><\/li>\n<li>Diente mit <a href=\"https:\/\/www.sf-germany.org\/einheiten\/uss-hephaistos\/die-crew\/spieler\/ettore-ludovico-della-scala\/\">Ettore<\/a> zusammen auf der USS Explorer. Sie wurden gleichzeitig auf die Hephaistos versetzt. Beide kennen und respektieren sich<\/li>\n<li><a href=\"https:\/\/www.sf-germany.org\/einheiten\/uss-hephaistos\/die-crew\/sean-forbes\/\">Sean<\/a> und Jori sind befreundet. Sie schlossen die Akademie im gleichen Jahr ab und traten ihre ersten Posten auf der USS Explorer an. Allerdings f\u00fchlte sich Sean nicht wohl auf der Explorer und lie\u00df sich auf die Hephaistos versetzen<\/li>\n<li>In einer festen Beziehung mit <a href=\"https:\/\/www.sf-germany.org\/einheiten\/uss-hephaistos\/die-crew\/spieler\/nazira-tapai\/\">Nazira<\/a>, nachdem sie sich in der Anomalie schon Jahrelang kannten &#8211; das hat die Entwicklung deutlich beschleunigt.<\/li>\n<\/ul>\n<\/td>\n<\/tr>\n<tr style=\"height: 79px;\">\n<td style=\"width: 15.2778%; height: 79px;\">OPS<\/td>\n<td style=\"width: 19.2901%; height: 79px;\"><a href=\"https:\/\/www.sf-germany.org\/einheiten\/uss-hephaistos\/die-crew\/spieler\/jennifer-larson\/\"><strong>Jennifer Larson<\/strong><\/a><\/td>\n<td style=\"width: 65.3549%; height: 79px;\">\n<ul>\n<li>befreundet mit <a href=\"https:\/\/www.sf-germany.org\/einheiten\/uss-hephaistos\/die-crew\/spieler\/emily-lesi-wells\/\">Emily<\/a> (CING)<\/li>\n<li>befreundet mit <a href=\"https:\/\/www.sf-germany.org\/einheiten\/uss-hephaistos\/die-crew\/spieler\/decoster\/\">Samantha<\/a> (EO)<\/li>\n<li>belastete Bekanntschaft mit <a href=\"https:\/\/www.sf-germany.org\/einheiten\/uss-hephaistos\/die-crew\/trish-greene\/\">Trish<\/a> (Technik)<\/li>\n<li><a href=\"https:\/\/www.sf-germany.org\/einheiten\/uss-hephaistos\/die-crew\/spieler\/ajur-sohn-des-nedek\/\">Ajur<\/a> (TAK) lie\u00df sie arrestieren, hat sie noch nicht verziehen.<\/li>\n<\/ul>\n<\/td>\n<\/tr>\n<tr style=\"height: 247px;\">\n<td style=\"width: 15.2778%; height: 247px;\">CING<\/td>\n<td style=\"width: 19.2901%; height: 247px;\"><a href=\"https:\/\/www.sf-germany.org\/einheiten\/uss-hephaistos\/die-crew\/spieler\/emily-lesi-wells\/\"><strong>Emily Wells-Karx<\/strong><\/a><\/td>\n<td style=\"width: 65.3549%; height: 247px;\">\n<ul>\n<li>Pan-Sexuell<\/li>\n<li>hat sich nach ihrer Vereinigung von Cat getrennt und das Ende der 2 Wochen Beziehung verarbeitet<\/li>\n<li>ist neu verknallt<\/li>\n<li>befreundet mit quasi allen &#8211; Dicke!<\/li>\n<li>Seelenverwandte (Beste Freundin) <a href=\"https:\/\/www.sf-germany.org\/einheiten\/uss-hephaistos\/die-crew\/trish-greene\/\">Trish<\/a><\/li>\n<li>Andere beste Freunde: Sam, <a href=\"https:\/\/www.sf-germany.org\/einheiten\/uss-hephaistos\/die-crew\/spieler\/jennifer-larson\/\">Jennifer<\/a>, <a href=\"https:\/\/www.sf-germany.org\/einheiten\/uss-hephaistos\/die-crew\/spieler\/fabien-lagroille\/\">Fabien LaGroille<\/a>,<\/li>\n<li><a href=\"https:\/\/www.sf-germany.org\/einheiten\/uss-hephaistos\/die-crew\/nikolaj-andreievich-enovo\/\">Nikolaj<\/a>, <a href=\"https:\/\/www.sf-germany.org\/einheiten\/uss-hephaistos\/die-crew\/spieler\/jetsun-pema\/\">Jetsun<\/a>, <a href=\"https:\/\/www.sf-germany.org\/einheiten\/uss-hephaistos\/die-crew\/trish-greene\/\">Trish<\/a>, <a href=\"https:\/\/www.sf-germany.org\/einheiten\/uss-hephaistos\/die-crew\/spieler\/skye-johnson\/\"><strong>Skye Johnson<\/strong><\/a><\/li>\n<li>seit ihrer Gefangenschaft bei den Klingonen vereinigte Trill<\/li>\n<\/ul>\n<\/td>\n<\/tr>\n<tr style=\"height: 23px;\">\n<td style=\"width: 15.2778%; height: 23px;\">TO<\/td>\n<td style=\"width: 19.2901%; height: 23px;\"><a href=\"https:\/\/www.sf-germany.org\/einheiten\/uss-odyssey\/schiff-amp-crew\/personal\/besatzung\/lwaxana-ivoin\/\"><b>Lwaxana Ivoin<\/b><\/a><\/td>\n<td style=\"width: 65.3549%; height: 23px;\">\n<ul>\n<li>Verlobt mit Ortrichk<\/li>\n<li>Gerade erst auf die Hephaistos versetzt<\/li>\n<li>\u00a0befreundet mit dem Hazard Team<\/li>\n<\/ul>\n<\/td>\n<\/tr>\n<tr style=\"height: 175px;\">\n<td style=\"width: 15.2778%; height: 177px;\">Technik<\/td>\n<td style=\"width: 19.2901%; height: 177px;\"><a href=\"https:\/\/www.sf-germany.org\/einheiten\/uss-hephaistos\/die-crew\/trish-greene\/\">Trish Greene<\/a><\/td>\n<td style=\"width: 65.3549%; height: 177px;\">\n<ul>\n<li>Koch- und Backfee an Bord<\/li>\n<li>Schmei\u00dft den <a href=\"https:\/\/www.sf-germany.org\/einheiten\/uss-hephaistos\/das-schiff\/topf-voll-gold\/\">Topf voll Gold<\/a>.<\/li>\n<li>pan-sexuell<\/li>\n<li>Hatte Beziehungen mit mehreren Personen an Bord.\n<ul>\n<li>war befreundet mit <a href=\"https:\/\/www.sf-germany.org\/einheiten\/uss-hephaistos\/die-crew\/spieler\/catarina-de-almeida-rocha\/\">Cat<\/a> (FLG) &#8211; nach einem von Cat initiierten One-Night-Stand wurde die Beziehung distanzierter<\/li>\n<li>hatte mal mit <a href=\"https:\/\/www.sf-germany.org\/einheiten\/uss-hephaistos\/die-crew\/nikolaj-andreievich-enovo\/\">Nik<\/a> geflirtet, aber das passte nicht.<\/li>\n<\/ul>\n<\/li>\n<li>Dick befreundet mit <a href=\"https:\/\/www.sf-germany.org\/einheiten\/uss-hephaistos\/die-crew\/spieler\/emily-lesi-wells\/\">Emily<\/a> (CING)<\/li>\n<li>Beziehung mit <a href=\"https:\/\/www.sf-germany.org\/einheiten\/uss-hephaistos\/die-crew\/spieler\/shay-ruthven\/\">Shay<\/a> (CO) &#8211; was an Bord mittlerweile bekannt ist.<\/li>\n<li>hat sich mit <a href=\"https:\/\/www.sf-germany.org\/einheiten\/uss-hephaistos\/die-crew\/spieler\/shay-ruthven\/elisa-careen\/\">Elli<\/a> arrangiert und seht sie mittlerweile als Freundin<\/li>\n<li>Tr\u00e4gt <a href=\"https:\/\/www.sf-germany.org\/einheiten\/uss-hephaistos\/die-crew\/spieler\/jennifer-larson\/\">Jennifer<\/a> nichts nach<\/li>\n<\/ul>\n<\/td>\n<\/tr>\n<tr style=\"height: 105px;\">\n<td style=\"width: 15.2778%; height: 105px;\">CNS<\/td>\n<td style=\"width: 19.2901%; height: 105px;\"><a href=\"https:\/\/www.sf-germany.org\/einheiten\/uss-hephaistos\/die-crew\/spieler\/nazira-tapai\/\"><strong>Nazira Tapai<\/strong><\/a><\/td>\n<td style=\"width: 65.3549%; height: 105px;\">\n<ul>\n<li>heterosexuell<\/li>\n<li>Befreundet mit <a href=\"https:\/\/www.sf-germany.org\/einheiten\/uss-hephaistos\/die-crew\/spieler\/jetsun-pema\/\">Jetsun<\/a>, <a href=\"https:\/\/www.sf-germany.org\/einheiten\/uss-hephaistos\/die-crew\/spieler\/emily-lesi-karx\/\">Emily<\/a> und <a href=\"https:\/\/www.sf-germany.org\/einheiten\/uss-hephaistos\/die-crew\/spieler\/tvala\/\">T&#8217;Vala<\/a>, sie kennt deren Geheimnis, hat ihr versprochen sie diesbez\u00fcglich zu unterst\u00fctzen und macht gelegentlich in einem Technik-Wartungsraum Musik mit ihr, so dass es durch die Jeffreys-R\u00f6hren schallt.<\/li>\n<li>in einer festen Beziehung mit <a href=\"https:\/\/www.sf-germany.org\/einheiten\/uss-hephaistos\/die-crew\/spieler\/jori-tainia\/\">Jori<\/a> nachdem sie sich in der Anomalie schon Jahrelang kannten &#8211; das hat die Entwicklung deutlich beschleunigt.<\/li>\n<li>wurde von Trish an ihrem ersten Abend im Topf voll Gold zu einem Gesangstrio zusammen mit Mel (der Frau von Ettore) zum Singen &#8218;verhaftet&#8216;.<\/li>\n<li>Hat ein &#8222;Geheimnis&#8220;, das sie irgendwann einholen k\u00f6nnte und das inzwischen nicht mehr nur dem Captain aus dem klassifizierten Teil ihrer Bio, sondern auch Emily, T&#8217;Vala und <a href=\"https:\/\/www.sf-germany.org\/einheiten\/uss-hephaistos\/die-crew\/spieler\/fabien-lagroille\/\">Fabien<\/a> bekannt ist, seit sie zusammen in Emilys Unterbewusstsein unterwegs waren, um diese zu retten.<\/li>\n<\/ul>\n<\/td>\n<\/tr>\n<tr style=\"height: 23px;\">\n<td style=\"width: 15.2778%; height: 23px;\">CM<\/td>\n<td style=\"width: 19.2901%; height: 23px;\"><a href=\"https:\/\/www.sf-germany.org\/einheiten\/uss-hephaistos\/die-crew\/spieler\/jetsun-pema\/\"><strong>Jetsun Pema<\/strong><\/a><\/td>\n<td style=\"width: 65.3549%; height: 23px;\">\n<ul>\n<li>bisexuell<\/li>\n<li>Ehemalige Beziehung mit <a href=\"https:\/\/www.sf-germany.org\/einheiten\/uss-hephaistos\/die-crew\/ileytis-von-lastor\/\">Ileytis<\/a> (Alien aus Andromeda; epathisch-manipulativ begabt) -&gt; beendet, da Ileytis auf Thyene geblieben war.<\/li>\n<li>befreundet mit <a href=\"https:\/\/www.sf-germany.org\/einheiten\/uss-hephaistos\/die-crew\/spieler\/emily-lesi-wells\/\">Emily<\/a><\/li>\n<li>ungl\u00fccklich verliebt in (oder eher angezogen von) <a href=\"https:\/\/www.sf-germany.org\/einheiten\/uss-hephaistos\/die-crew\/spieler\/fabien-lagroille\/\">Fabien LaGroille<\/a><\/li>\n<li>Beziehung mit <a href=\"https:\/\/www.sf-germany.org\/einheiten\/uss-hephaistos\/die-crew\/spieler\/massimo-aquila\/\">Massimo Aquila<\/a><\/li>\n<\/ul>\n<\/td>\n<\/tr>\n<tr style=\"height: 127px;\">\n<td style=\"width: 15.2778%; height: 127px;\">ATAK Beobachter<\/td>\n<td style=\"width: 19.2901%; height: 127px;\"><a href=\"https:\/\/www.sf-germany.org\/einheiten\/uss-hephaistos\/die-crew\/spieler\/shay-ruthven\/elisa-careen\/\"><strong>Elisa Careen<\/strong><\/a><\/td>\n<td style=\"width: 65.3549%; height: 127px;\">\n<ul>\n<li>verheiratet mit <a href=\"https:\/\/www.sf-germany.org\/einheiten\/uss-hephaistos\/die-crew\/spieler\/shay-ruthven\/\">Shay<\/a><\/li>\n<li>Adoptivmutter von Assets<\/li>\n<li>Ziehmutter von Luca<\/li>\n<li>ungl\u00fccklich verliebt in Colin A. A. Shamar. Sie hat einen &#8222;Traumkompass&#8220; als Andenken.<\/li>\n<li>wei\u00df von Shay und Trish und versucht den Beiden zu helfen<\/li>\n<li>hat Shay quasi die Scheidung angeboten<\/li>\n<\/ul>\n<\/td>\n<\/tr>\n<tr style=\"height: 103px;\">\n<td style=\"width: 15.2778%; height: 103px;\">sCWI<\/td>\n<td style=\"width: 19.2901%; height: 103px;\"><a href=\"https:\/\/www.sf-germany.org\/einheiten\/uss-hephaistos\/die-crew\/spieler\/tvala\/\">T&#8217;Vala<\/a><\/td>\n<td style=\"width: 65.3549%; height: 103px;\">\n<ul>\n<li>Liebe ist unlogisch<\/li>\n<li>befreundet mit Nazira und Reha, beide wissen um den Zustand T&#8217;Valas und ihre &#8222;Besessenheit&#8220;<\/li>\n<li>befreundet mit Jori, dem sie Andeutungen machte \u00fcber ihren Zustand<\/li>\n<li>befreundet mit Ana, die Technikerin sch\u00e4tzt sie sehr aufgrund ihrer Effizienz und Logik<\/li>\n<li>befreundet mit Emily seit einem Ausflug in deren &#8222;Geist&#8220;, um sie zur\u00fcckzuholen in die Realit\u00e4t<\/li>\n<li>befreundet mit Fabi, der einen Teil ihrer Geschichte kennt seit dem Ausflug in Emilys Geist<\/li>\n<\/ul>\n<\/td>\n<\/tr>\n<tr style=\"height: 103px;\">\n<td style=\"width: 15.2778%; height: 103px;\">sHAZ-OPS<\/td>\n<td style=\"width: 19.2901%; height: 103px;\"><a href=\"https:\/\/www.sf-germany.org\/einheiten\/uss-hephaistos\/die-crew\/spieler\/massimo-aquila\/\">Massimo Aquila<\/a><\/td>\n<td style=\"width: 65.3549%; height: 103px;\">\n<ul>\n<li>heterosexuell<\/li>\n<li>Beziehung mit Jetsun, mit der er gemeinsam Musik macht und den gr\u00f6\u00dften Teil seiner Freizeit verbringt<\/li>\n<li>befreundet mit Jori<\/li>\n<\/ul>\n<\/td>\n<\/tr>\n<tr>\n<td style=\"width: 15.2778%;\"><\/td>\n<td style=\"width: 19.2901%;\"><\/td>\n<td style=\"width: 65.3549%;\"><\/td>\n<\/tr>\n<\/tbody>\n<\/table>\n<h2>Andere Personen<\/h2>\n<table style=\"border-collapse: collapse; width: 99.7219%;\">\n<tbody>\n<tr>\n<td style=\"width: 14.9559%;\">TO<\/td>\n<td style=\"width: 19.5489%;\"><a href=\"https:\/\/www.sf-germany.org\/einheiten\/uss-hephaistos\/die-crew\/spieler\/tine-jenkins\/\"><strong>Tine Jenkins<\/strong><\/a><\/td>\n<td style=\"width: 222.913%;\">\n<ul>\n<li>eng mit <a href=\"https:\/\/www.sf-germany.org\/einheiten\/uss-hephaistos\/die-crew\/spieler\/william-connor\/\">Billy<\/a> befreundet<\/li>\n<li>hat <a href=\"https:\/\/www.sf-germany.org\/einheiten\/uss-hephaistos\/die-crew\/nikolaj-andreievich-enovo\/\">Nikolaj<\/a> einen Korb gegeben<\/li>\n<\/ul>\n<\/td>\n<\/tr>\n<tr style=\"height: 23px;\">\n<td style=\"width: 14.9559%; height: 23px;\">MHN<\/td>\n<td style=\"width: 19.5489%; height: 23px;\"><strong>MHN (alt)<\/strong><\/td>\n<td style=\"width: 222.913%; height: 23px;\">\n<ul>\n<li>befreundet mit <a href=\"https:\/\/www.sf-germany.org\/einheiten\/uss-hephaistos\/die-crew\/spieler\/emily-lesi-wells\/\">Emily<\/a><\/li>\n<li>&#8222;verliebt&#8220; in <a href=\"https:\/\/www.sf-germany.org\/einheiten\/uss-hephaistos\/die-crew\/spieler\/jetsun-pema\/\">Jetsun<\/a> &#8211; wobei das Stalkertum schon einer Obsession nahe kommt<\/li>\n<li>hat den Dienst quittiert und lebt auf K7 als Assistent der Anw\u00e4ltin Annalise, zusammen mit dem Anti &#8211; Raucherprogramm (Mini Emily)<\/li>\n<\/ul>\n<\/td>\n<\/tr>\n<tr style=\"height: 103px;\">\n<td style=\"width: 14.9559%; height: 103px;\">CWI<\/td>\n<td style=\"width: 19.5489%; height: 103px;\"><a href=\"https:\/\/www.sf-germany.org\/einheiten\/uss-hephaistos\/die-crew\/spieler\/daniel-claton-2\/\"><strong>Daniel Claton<\/strong><\/a><\/td>\n<td style=\"width: 222.913%; height: 103px;\">\n<ul>\n<li>heterosexuell<\/li>\n<li>findet romantische Kontakte generell zu anstrengend\/ablenkend<\/li>\n<li>\u00a0befreundet mit <a href=\"https:\/\/www.sf-germany.org\/einheiten\/uss-hephaistos\/die-crew\/spieler\/emily-lesi-wells\/\">Emily<\/a><\/li>\n<li>Blieb in der Anomalie zur\u00fcck<\/li>\n<\/ul>\n<\/td>\n<\/tr>\n<tr style=\"height: 79px;\">\n<td style=\"width: 14.9559%; height: 79px;\">CSO<\/td>\n<td style=\"width: 19.5489%; height: 79px;\"><a href=\"https:\/\/www.sf-germany.org\/einheiten\/uss-hephaistos\/die-crew\/spieler\/skye-johnson\/\"><strong>Skye Johnson<\/strong><\/a><\/td>\n<td style=\"width: 222.913%; height: 79px;\">\n<ul>\n<li>Wurde zusammen mit ihrem Bruder Finley auf die Hephaistos versetzt<\/li>\n<li>Lockere Bekanntschaft mit <a href=\"https:\/\/www.sf-germany.org\/einheiten\/uss-hephaistos\/die-crew\/spieler\/emily-lesi-wells\/\">Emily<\/a>, <a href=\"https:\/\/www.sf-germany.org\/einheiten\/uss-hephaistos\/die-crew\/spieler\/jetsun-pema\/\">Jetsun<\/a>,<\/li>\n<li>Blieb in der Anomalie zur\u00fcck<\/li>\n<\/ul>\n<\/td>\n<\/tr>\n<\/tbody>\n<\/table>\n<p>&nbsp;<\/p>\n","protected":false},"excerpt":{"rendered":"<p>Diese Seite beschreibt Beziehungen zu anderen Personen aus Sicht des einzelnen Crew-Mitglieds. Bitte selbstst\u00e4ndig erg\u00e4nzen. &nbsp; CO Shay Ruthven bisexuell verheiratet mit Elli &#8211; allerdings ist diese Ehe nur freundschaftlich und nicht vollzogen Shay wei\u00df auch von Colin (und kennt diesen von fr\u00fcher). Er hat von diesem beim Abschied einen Traumkristall zur Verwahrung bekommen. Beziehung&#8230;<\/p>\n<p class=\"more-link-wrap\"><a href=\"https:\/\/www.sf-germany.org\/einheiten\/uss-hephaistos\/die-crew\/beziehungen\/\" class=\"more-link\">Read More<span class=\"screen-reader-text\"> &ldquo;Beziehungen&rdquo;<\/span> &raquo;<\/a><\/p>\n","protected":false},"author":2,"featured_media":0,"parent":27,"menu_order":0,"comment_status":"closed","ping_status":"closed","template":"page-templates\/medium.php","meta":{"footnotes":""},"class_list":["post-1233","page","type-page","status-publish","hentry"],"_links":{"self":[{"href":"https:\/\/www.sf-germany.org\/einheiten\/uss-hephaistos\/wp-json\/wp\/v2\/pages\/1233","targetHints":{"allow":["GET"]}}],"collection":[{"href":"https:\/\/www.sf-germany.org\/einheiten\/uss-hephaistos\/wp-json\/wp\/v2\/pages"}],"about":[{"href":"https:\/\/www.sf-germany.org\/einheiten\/uss-hephaistos\/wp-json\/wp\/v2\/types\/page"}],"author":[{"embeddable":true,"href":"https:\/\/www.sf-germany.org\/einheiten\/uss-hephaistos\/wp-json\/wp\/v2\/users\/2"}],"replies":[{"embeddable":true,"href":"https:\/\/www.sf-germany.org\/einheiten\/uss-hephaistos\/wp-json\/wp\/v2\/comments?post=1233"}],"version-history":[{"count":48,"href":"https:\/\/www.sf-germany.org\/einheiten\/uss-hephaistos\/wp-json\/wp\/v2\/pages\/1233\/revisions"}],"predecessor-version":[{"id":8345,"href":"https:\/\/www.sf-germany.org\/einheiten\/uss-hephaistos\/wp-json\/wp\/v2\/pages\/1233\/revisions\/8345"}],"up":[{"embeddable":true,"href":"https:\/\/www.sf-germany.org\/einheiten\/uss-hephaistos\/wp-json\/wp\/v2\/pages\/27"}],"wp:attachment":[{"href":"https:\/\/www.sf-germany.org\/einheiten\/uss-hephaistos\/wp-json\/wp\/v2\/media?parent=1233"}],"curies":[{"name":"wp","href":"https:\/\/api.w.org\/{rel}","templated":true}]}}