{"id":1244,"date":"2019-10-02T21:53:11","date_gmt":"2019-10-02T19:53:11","guid":{"rendered":"http:\/\/www.sf-germany.org\/einheiten\/hephaistos\/?page_id=1244"},"modified":"2022-10-07T12:53:14","modified_gmt":"2022-10-07T10:53:14","slug":"die-klingonen","status":"publish","type":"page","link":"https:\/\/www.sf-germany.org\/einheiten\/uss-hephaistos\/logbuch\/die-klingonen\/","title":{"rendered":"Die Klingonen"},"content":{"rendered":"<p><a href=\"https:\/\/www.sf-germany.org\/einheiten\/uss-hephaistos\/uss-hephaistos\/wp-content\/uploads\/2016\/01\/hephaistoscprw3.png\" rel=\"attachment wp-att-11\"><img decoding=\"async\" class=\"size-medium wp-image-11 aligncenter\" src=\"https:\/\/www.sf-germany.org\/einheiten\/uss-hephaistos\/uss-hephaistos\/wp-content\/uploads\/2016\/01\/hephaistoscprw3-300x254.png\" alt=\"hephaistoscprw3\" width=\"150\" srcset=\"https:\/\/www.sf-germany.org\/einheiten\/uss-hephaistos\/wp-content\/uploads\/2016\/01\/hephaistoscprw3-300x254.png 300w, https:\/\/www.sf-germany.org\/einheiten\/uss-hephaistos\/wp-content\/uploads\/2016\/01\/hephaistoscprw3.png 388w\" sizes=\"(max-width: 300px) 100vw, 300px\" \/><\/a><\/p>\n<hr \/>\n\n<h1>Allgemeine Lage<\/h1>\n<p>Die F\u00f6deration befindet sich mit dem Klingonischen Reich seit Sp\u00e4tsommer\/Herbst 2415 im Krieg. Die Hephaistos operiert dabei aktuell im Grenzgebiet, in dem auch die 6. Klingonische Flotte aktiv ist.<\/p>\n<h1>Ereignisse<\/h1>\n<h2><a href=\"https:\/\/www.sf-germany.org\/einheiten\/uss-hephaistos\/hephaistos\/logbuch\/missionen\/evakuierung-von-minenarbeiter\/\"><strong>Zerst\u00f6rung der Ainama<\/strong><\/a><\/h2>\n<p>Claudia hatte die Selbstzerst\u00f6rung der Ainama eingeleitet, kam nur nicht mehr rechtzeitig weg, bevor die Klingonen sie eingesammelt haben. Vermutlich hat sie darauf bestanden, dass Sam zuerst in eine Kapsel steigt. Schon damit nicht gen\u00fcgend Leute mehr an Bord sind, um die Selbstzerst\u00f6rung aufzuhalten.<\/p>\n<p>Vor der Enterung sind Rettungskapseln und Shuttles in alle Richtungen gestartet.<\/p>\n<p>In den Datenspeichern der Ainama waren taktische Informationen und auch die Missionsparameter zu den Kikonen. Dummerweise hatte Lydia als Adjutantin da Dinge mitbekommen, die eigentlich gar nicht f\u00fcr sie bestimmt waren.<\/p>\n<h1>Fraktionen<\/h1>\n<h2><strong>Kriegsgesang auf Kithomer<\/strong><\/h2>\n<p>Eine Gruppierung innerhalb des klingonischen Reiches, die in letzter Zeit stark an Einfluss gewonnen hat und mittlerweile nicht nur mehrere Flotten sondern auch den Hohen Rat dominiert. Die Klingonen dieser Fraktion glauben, dass das B\u00fcndnis mit der F\u00f6deration den Zeitpunkt markiert, ab dem sie schwach wurden &#8211; sie trachten danach, dies auszumerzen und zu alter St\u00e4rke und Aggressivit\u00e4t zur\u00fcck zu kehren. Denn nur der Kampf kann die Klingonen st\u00e4hlen &#8211; so ihre \u00dcberzeugung.<\/p>\n<p>\u00dcberzeugte Mitglieder dieser Fraktion erkennt man an roten Farbflecken an den Schultern der Uniform.<\/p>\n<h2><strong>Die T\u00f6chter des Kor<\/strong><\/h2>\n<p>Diese Gruppe weiblicher Klingonen f\u00fchren sich auf mindestens zwei T\u00f6chter des klingonischen Kriegsf\u00fcrsten Kor zur\u00fcck, die nach dessem Tod die Blutrache des &#8211; ausgel\u00f6schten &#8211; Hauses vollstreckten und dabei zu beweisen trachteten, dass jede Klingonin ebenso gut ist wie ein m\u00e4nnlicher Krieger. Heute bilden sie eine Art S\u00f6ldnertruppe, die in Form eines Hauses strukturiert sind, obgleich sie nicht offiziell als solches anerkannt sind.<\/p>\n<h2><strong>Saboteure auf der Hephaistos<\/strong><\/h2>\n<p>Die Saboteure &#8211; weibliche Klingonen, die einer S\u00f6ldner(?)-Gruppe, welche sich <em>T\u00f6chter des Kor<\/em> nennt, angeh\u00f6ren &#8211; beauftragt hat augenscheinlich der klingonische Geheim- \/ Nachrichtendienst, f\u00fcr den auch M&#8217;Kors\/Ajurs Mutter arbeitet. Dieser hat wiederum dem Verband &#8222;Hol&#8220; die Befehle gegeben, die den Botschafter entf\u00fchrt und Emily gefangen genommen haben.<\/p>\n<h1>Schiffe und Flottenverb\u00e4nde<\/h1>\n<h2>6. Flotte<\/h2>\n<h3><strong>Klingonen-Flottenverband\u00a0 &#8222;IKS Qu&#8217;Vat&#8220;<\/strong><\/h3>\n<p><strong><em><a href=\"https:\/\/www.sf-germany.org\/einheiten\/uss-hephaistos\/hephaistos\/die-crew\/spieler\/ajur-sohn-des-nedek\/mkor-sohn-des-nedek\/\">M&#8217;Kor<\/a>s<\/em><\/strong> Verband besteht aus dem Vor&#8217;cha-Klasse Angriffskreuzer <em>Qu\u2019Vat<\/em> und zwei moderner Bird of Prey, der <em>O\u2019thor<\/em> und der <em>Ukvat<\/em>.<\/p>\n<p>Die Hephaistos hatte bisher nur Kontakt mit diesem Verband &#8211; der Raumkampf nach dem Transwarp-Flug. Vermutlich war die Hol in der N\u00e4he, als Backup, hat aber nicht eingegriffen.<\/p>\n<p>M&#8217;Kor &#8211; der vormalige EO, der nach dem Tod seines Onkels das Kommando \u00fcbernahm &#8211; hatte <a href=\"https:\/\/www.sf-germany.org\/einheiten\/uss-hephaistos\/hephaistos\/die-crew\/spieler\/shay-ruthven\/claudia-ruthven\/\"><em><strong>Claudia<\/strong><\/em><\/a> und hat die dann ins all gebeamt. Bei denen an Bord ist u.a. noch <a href=\"https:\/\/www.sf-germany.org\/einheiten\/uss-hephaistos\/hephaistos\/die-crew\/lydia-antoniou\/\"><em><strong>Lydia<\/strong><\/em><\/a>. M&#8217;Kors Schiff ist vorgeflogen, zu den Kikonen, w\u00e4hrend die zwei Bird of Prey getarnt die Hephaistos verfolgt haben. Die waren eingeweiht, dass es Saboteure an Bord der Langley und der Heph gegeben hat, hatten die aber nicht geschickt.<\/p>\n<p>M&#8217;Kor wei\u00df von seiner Mutter, dass es wohl noch einen anderen Verband gibt, aber nicht wo und wer das ist. W\u00fcrde er wohl auch kaum gut hei\u00dfen<\/p>\n<p>M&#8217;Kor wei\u00df noch nicht, dass sein Bruder Ajur auf der Hephaistos ist.<\/p>\n<h3><\/h3>\n<table style=\"border-width: 1px; border-style: solid; width: 100%; height: 383px;\" border=\"1\" cellspacing=\"1\" cellpadding=\"1\">\n<tbody>\n<tr style=\"border-width: 1px; border-style: solid;\">\n<td style=\"text-align: center; width: 16.8966%; height: 23px;\" align=\"left\" valign=\"middle\" nowrap=\"nowrap\" bgcolor=\"#ea4701\"><strong>Person<\/strong><\/td>\n<td style=\"text-align: center; width: 21.7241%; height: 23px;\" align=\"left\" valign=\"middle\" nowrap=\"nowrap\" bgcolor=\"#ea4701\"><strong>Funktion<\/strong><\/td>\n<td style=\"text-align: center; width: 13.7931%; height: 23px;\" align=\"left\" valign=\"middle\" nowrap=\"nowrap\" bgcolor=\"#ea4701\"><strong>Status<\/strong><\/td>\n<td style=\"text-align: center; width: 15.3448%; height: 23px;\" align=\"left\" valign=\"middle\" nowrap=\"nowrap\" bgcolor=\"#ea4701\"><strong>Ort<\/strong><\/td>\n<td style=\"text-align: center; width: 31.2069%; height: 23px;\" align=\"left\" valign=\"middle\" nowrap=\"nowrap\" bgcolor=\"#ea4701\"><strong>Details<\/strong><\/td>\n<\/tr>\n<tr style=\"border-width: 1px; border-style: solid;\">\n<td style=\"width: 16.8966%; height: 72px;\" align=\"left\"><a href=\"https:\/\/www.sf-germany.org\/einheiten\/uss-hephaistos\/hephaistos\/die-crew\/spieler\/ajur-sohn-des-nedek\/mkor-sohn-des-nedek\/\">M&#8217;Kor, Sohn des Nedek<\/a><\/td>\n<td style=\"width: 21.7241%; height: 72px;\" align=\"left\">Klingonischer CO des Angriffkreuzers IKS Qu\u2019Vat<\/td>\n<td style=\"width: 13.7931%; height: 72px;\" align=\"left\">umtriebig<\/td>\n<td style=\"width: 15.3448%; height: 72px;\" align=\"left\">IKS Qu\u2019Vat<\/td>\n<td style=\"width: 31.2069%; height: 72px;\" align=\"left\">Ajurs Bruder; tr\u00e4gt eine Uniform mit roten Farbflecken an den Schultern<\/td>\n<\/tr>\n<tr style=\"border-width: 1px; border-style: solid;\">\n<td style=\"width: 16.8966%; height: 108px;\" align=\"left\">Ensign <a href=\"https:\/\/www.sf-germany.org\/einheiten\/uss-hephaistos\/hephaistos\/die-crew\/lydia-antoniou\/\">Lydia Antoniou<\/a><\/td>\n<td style=\"width: 21.7241%; height: 108px;\" align=\"left\">Gast auf der IKS Qu\u2019Vat<\/td>\n<td style=\"width: 13.7931%; height: 108px;\" align=\"left\"><\/td>\n<td style=\"width: 15.3448%; height: 108px;\" align=\"left\">IKS Qu\u2019Vat<\/td>\n<td style=\"width: 31.2069%; height: 108px;\" align=\"left\">Die Griechin war Adjutantin von <a href=\"https:\/\/www.sf-germany.org\/einheiten\/uss-hephaistos\/hephaistos\/die-crew\/spieler\/shay-ruthven\/claudia-ruthven\/\">Commodore Ruthven<\/a>, hat aber Geheimnisse verraten um ihr Leben zu retten.<\/td>\n<\/tr>\n<tr style=\"border-width: 1px; border-style: solid;\">\n<td style=\"width: 16.8966%; height: 44px;\" align=\"left\">Kang, Sohn des Oort<\/td>\n<td style=\"width: 21.7241%; height: 44px;\" align=\"left\">EO IKS Qu\u2019Vat<\/td>\n<td style=\"width: 13.7931%; height: 44px;\" align=\"left\"><\/td>\n<td style=\"width: 15.3448%; height: 44px;\" align=\"left\">IKS Qu\u2019Vat<\/td>\n<td style=\"width: 31.2069%; height: 44px;\" align=\"left\">verwandt mit M\u2019Kor<\/td>\n<\/tr>\n<tr style=\"border-width: 1px; border-style: solid;\">\n<td style=\"width: 16.8966%; height: 23px;\" align=\"left\">Yok<\/td>\n<td style=\"width: 21.7241%; height: 23px;\" align=\"left\">2O IKS Qu\u2019Vat<\/td>\n<td style=\"width: 13.7931%; height: 23px;\" align=\"left\"><\/td>\n<td style=\"width: 15.3448%; height: 23px;\" align=\"left\">IKS Qu\u2019Vat<\/td>\n<td style=\"width: 31.2069%; height: 23px;\" align=\"left\"><\/td>\n<\/tr>\n<tr style=\"border-width: 1px; border-style: solid;\">\n<td style=\"width: 16.8966%; height: 44px;\" align=\"left\">On\u2019ugh<\/td>\n<td style=\"width: 21.7241%; height: 44px;\" align=\"left\">Doktor auf der IKS Qu\u2019Vat<\/td>\n<td style=\"width: 13.7931%; height: 44px;\" align=\"left\"><\/td>\n<td style=\"width: 15.3448%; height: 44px;\" align=\"left\">IKS Qu\u2019Vat<\/td>\n<td style=\"width: 31.2069%; height: 44px;\" align=\"left\"><\/td>\n<\/tr>\n<tr style=\"height: 105px;\">\n<td style=\"width: 16.8966%; height: 69px;\" align=\"left\">Kayvak, Sohn des Huss, Haus Noggra<\/td>\n<td style=\"width: 21.7241%; height: 69px;\" align=\"left\">CO IKS O\u2019thor<\/td>\n<td style=\"width: 13.7931%; height: 69px;\" align=\"left\"><\/td>\n<td style=\"width: 15.3448%; height: 69px;\" align=\"left\">IKS O\u2019thor<\/td>\n<td style=\"width: 31.2069%; height: 69px;\" align=\"left\">Hat M\u2019Kor in Frage gestellt, das Duell aber verloren. M\u2019Kor hat ihn am Leben gelassen.<\/td>\n<\/tr>\n<\/tbody>\n<\/table>\n<h2>Geheimdienst<\/h2>\n<h3><strong>Flottenverband 2 &#8222;Hol&#8220;<\/strong><\/h3>\n<p>Die &#8222;Hol&#8220; ist ein Angriffskreuzer der Vor&#8217;cha Klasse. Da d\u00fcrfte es vermutlich auch Begleitschiffe geben.<\/p>\n<p>Auf der Hol sind die Rettungskapseln mit den Kindern und der Schwangeren von der Ainama. Die haben nur behalten was sie irgendwie gebrauchen konnten. Die Hol ist ja im Grunde ein Forschungsschiff des Geheimdienstes.<\/p>\n<ul>\n<li>An Bord ist der entf\u00fchrte <em><strong>Botschafter Karx<\/strong><\/em> &#8211; vereinigter Trill (verstorben).<\/li>\n<li>Die Hol hat die fly-by-Entf\u00fchrung von <em><strong>Emily<\/strong><\/em> durchgef\u00fchrt<\/li>\n<li><em><strong>Permin<\/strong><\/em> (Sams Kobold) ist ebenfalls auf der Hol.<\/li>\n<\/ul>\n<p>Weitere Gefangene (NPCs) : Lt.Jg Jack Miller, Lt.Co Rebecca Tulip (hochschwanger), Kinder: Liliana Miller (5), Felicity Miller (14), Tom (9)<\/p>\n<p>Posts: <a href=\"https:\/\/de.groups.yahoo.com\/neo\/groups\/USS-Hephaistos\/conversations\/messages\/621\">621<\/a>, <a href=\"https:\/\/de.groups.yahoo.com\/neo\/groups\/USS-Hephaistos\/conversations\/messages\/633\">633<\/a>, <a href=\"https:\/\/de.groups.yahoo.com\/neo\/groups\/USS-Hephaistos\/conversations\/messages\/656\">656<\/a>, <a href=\"https:\/\/de.groups.yahoo.com\/neo\/groups\/USS-Hephaistos\/conversations\/messages\/658\">658<\/a><\/p>\n<table style=\"border-width: 1px; border-style: solid; width: 100%; height: 380px;\" border=\"1\" cellspacing=\"1\" cellpadding=\"1\">\n<tbody>\n<tr style=\"border-width: 1px; border-style: solid;\">\n<td style=\"text-align: center; width: 10.9007%; height: 23px;\" align=\"left\" valign=\"middle\" nowrap=\"nowrap\" bgcolor=\"#ea4701\"><strong>Person<\/strong><\/td>\n<td style=\"text-align: center; width: 14.2037%; height: 23px;\" align=\"left\" valign=\"middle\" nowrap=\"nowrap\" bgcolor=\"#ea4701\"><strong>Funktion<\/strong><\/td>\n<td style=\"text-align: center; width: 12.0655%; height: 23px;\" align=\"left\" valign=\"middle\" nowrap=\"nowrap\" bgcolor=\"#ea4701\"><strong>Status<\/strong><\/td>\n<td style=\"text-align: center; width: 10.7716%; height: 23px;\" align=\"left\" valign=\"middle\" nowrap=\"nowrap\" bgcolor=\"#ea4701\"><strong>Ort<\/strong><\/td>\n<td style=\"text-align: center; width: 51.024%; height: 23px;\" align=\"left\" valign=\"middle\" nowrap=\"nowrap\" bgcolor=\"#ea4701\"><strong>Details<\/strong><\/td>\n<\/tr>\n<tr style=\"border-width: 1px; border-style: solid;\">\n<td style=\"width: 10.9007%;\" align=\"left\">Magho<\/td>\n<td style=\"width: 14.2037%;\" align=\"left\">CO<\/td>\n<td style=\"width: 12.0655%;\" align=\"left\"><\/td>\n<td style=\"width: 10.7716%;\" align=\"left\">IKS Hol<\/td>\n<td style=\"width: 51.024%;\" align=\"left\">Vertrat schon immer die Meinung das Klingonen die vorherrschende Rasse sein sollten.<br \/>\nF\u00fcr ihn pers\u00f6nlich war es eine Schmach, dass sein Bruder sich dieser schwachen F\u00f6deration anschloss, er war schon immer der Meinung, dass allein das klingonische Reich \u00fcber die Welten herrschen sollte. Der Krieg war f\u00fcr ihn schon lange ein unausweichliches Ereignis und insgeheim ist er froh \u00fcber diese Wendung<\/td>\n<\/tr>\n<tr style=\"border-width: 1px; border-style: solid;\">\n<td style=\"width: 10.9007%;\" align=\"left\">Kahli<\/td>\n<td style=\"width: 14.2037%;\" align=\"left\">\u00c4rztin<\/td>\n<td style=\"width: 12.0655%;\" align=\"left\"><\/td>\n<td style=\"width: 10.7716%;\" align=\"left\">IKS Hol<\/td>\n<td style=\"width: 51.024%;\" align=\"left\">Wie viele ihrer Kollegen arbeitete auch Kahli viele Jahre f\u00fcr die Sternenflotte. Dass sie nun auf dem klingonischen Schliff dient hat sie den radikalen Ansichten ihres Gemahls zu verdanken und dem Umstand das dieser mit ihrer Tochter bei Ausbruch des Krieges auf Kronos war und sie zwang dem klingonischen Reich die Treue zu schw\u00f6ren. Kahli hadert mit ihrem Schicksal, ist aber breit alles zu tun um die Sicherheit ihrer Tochter zu gew\u00e4hrleisten.<\/td>\n<\/tr>\n<tr style=\"border-width: 1px; border-style: solid;\">\n<td style=\"width: 10.9007%;\" align=\"left\">Raka<\/td>\n<td style=\"width: 14.2037%;\" align=\"left\">Ingenieur<\/td>\n<td style=\"width: 12.0655%;\" align=\"left\"><\/td>\n<td style=\"width: 10.7716%;\" align=\"left\">IKS Hol<\/td>\n<td style=\"width: 51.024%;\" align=\"left\">Bruder von Magho, ging gegen den Willen seiner Familie zur Sternenflotte und arbeitete im Ingenieurchor im Sternenflottenhauptquartier bis zum Ausbruch des Krieges. Er wog seine Ideale ab und verlie\u00df die Sternenflotte um sich seiner Familie anzuschlie\u00dfen, im Gep\u00e4ck einige Informationen \u00fcber geheime Entwicklungen der Sternenflotte.<\/td>\n<\/tr>\n<tr style=\"border-width: 1px; border-style: solid;\">\n<td style=\"width: 10.9007%; height: 23px;\" align=\"left\"><\/td>\n<td style=\"width: 14.2037%; height: 23px;\" align=\"left\"><\/td>\n<td style=\"width: 12.0655%; height: 23px;\" align=\"left\"><\/td>\n<td style=\"width: 10.7716%; height: 23px;\" align=\"left\"><\/td>\n<td style=\"width: 51.024%; height: 23px;\" align=\"left\"><\/td>\n<\/tr>\n<tr style=\"border-width: 1px; border-style: solid;\">\n<td style=\"width: 10.9007%; height: 44px;\" align=\"left\"><\/td>\n<td style=\"width: 14.2037%; height: 44px;\" align=\"left\"><\/td>\n<td style=\"width: 12.0655%; height: 44px;\" align=\"left\"><\/td>\n<td style=\"width: 10.7716%; height: 44px;\" align=\"left\"><\/td>\n<td style=\"width: 51.024%; height: 44px;\" align=\"left\"><\/td>\n<\/tr>\n<tr style=\"height: 105px;\">\n<td style=\"width: 10.9007%; height: 52px;\" align=\"left\"><\/td>\n<td style=\"width: 14.2037%; height: 52px;\" align=\"left\"><\/td>\n<td style=\"width: 12.0655%; height: 52px;\" align=\"left\"><\/td>\n<td style=\"width: 10.7716%; height: 52px;\" align=\"left\"><\/td>\n<td style=\"width: 51.024%; height: 52px;\" align=\"left\"><\/td>\n<\/tr>\n<\/tbody>\n<\/table>\n","protected":false},"excerpt":{"rendered":"<p>Allgemeine Lage Die F\u00f6deration befindet sich mit dem Klingonischen Reich seit Sp\u00e4tsommer\/Herbst 2415 im Krieg. Die Hephaistos operiert dabei aktuell im Grenzgebiet, in dem auch die 6. Klingonische Flotte aktiv ist. Ereignisse Zerst\u00f6rung der Ainama Claudia hatte die Selbstzerst\u00f6rung der Ainama eingeleitet, kam nur nicht mehr rechtzeitig weg, bevor die Klingonen sie eingesammelt haben. Vermutlich&#8230;<\/p>\n<p class=\"more-link-wrap\"><a href=\"https:\/\/www.sf-germany.org\/einheiten\/uss-hephaistos\/logbuch\/die-klingonen\/\" class=\"more-link\">Read More<span class=\"screen-reader-text\"> &ldquo;Die Klingonen&rdquo;<\/span> &raquo;<\/a><\/p>\n","protected":false},"author":4,"featured_media":0,"parent":72,"menu_order":0,"comment_status":"closed","ping_status":"closed","template":"page-templates\/medium.php","meta":{"footnotes":""},"class_list":["post-1244","page","type-page","status-publish","hentry"],"_links":{"self":[{"href":"https:\/\/www.sf-germany.org\/einheiten\/uss-hephaistos\/wp-json\/wp\/v2\/pages\/1244","targetHints":{"allow":["GET"]}}],"collection":[{"href":"https:\/\/www.sf-germany.org\/einheiten\/uss-hephaistos\/wp-json\/wp\/v2\/pages"}],"about":[{"href":"https:\/\/www.sf-germany.org\/einheiten\/uss-hephaistos\/wp-json\/wp\/v2\/types\/page"}],"author":[{"embeddable":true,"href":"https:\/\/www.sf-germany.org\/einheiten\/uss-hephaistos\/wp-json\/wp\/v2\/users\/4"}],"replies":[{"embeddable":true,"href":"https:\/\/www.sf-germany.org\/einheiten\/uss-hephaistos\/wp-json\/wp\/v2\/comments?post=1244"}],"version-history":[{"count":17,"href":"https:\/\/www.sf-germany.org\/einheiten\/uss-hephaistos\/wp-json\/wp\/v2\/pages\/1244\/revisions"}],"predecessor-version":[{"id":5574,"href":"https:\/\/www.sf-germany.org\/einheiten\/uss-hephaistos\/wp-json\/wp\/v2\/pages\/1244\/revisions\/5574"}],"up":[{"embeddable":true,"href":"https:\/\/www.sf-germany.org\/einheiten\/uss-hephaistos\/wp-json\/wp\/v2\/pages\/72"}],"wp:attachment":[{"href":"https:\/\/www.sf-germany.org\/einheiten\/uss-hephaistos\/wp-json\/wp\/v2\/media?parent=1244"}],"curies":[{"name":"wp","href":"https:\/\/api.w.org\/{rel}","templated":true}]}}