{"id":200,"date":"2016-01-12T14:14:12","date_gmt":"2016-01-12T13:14:12","guid":{"rendered":"http:\/\/www.sf-germany.org\/einheiten\/hephaistos\/?page_id=200"},"modified":"2022-10-07T12:53:13","modified_gmt":"2022-10-07T10:53:13","slug":"torak","status":"publish","type":"page","link":"https:\/\/www.sf-germany.org\/einheiten\/uss-hephaistos\/die-crew\/charakter-archiv\/torak\/","title":{"rendered":"Torak"},"content":{"rendered":"<p>&nbsp;<\/p>\n<div style=\"float: right; margin-left: 15px; margin-bottom: 15px; font-size: 11px;\">\n<table style=\"border: solid 0px #003366; background: transparent; box-shadow: 0.1em 0.1em 0.5em rgba(255,255,255,0.75); -moz-box-shadow: 0.1em 0.1em 0.5em rgba(255,255,255,0.75); -webkit-box-shadow: 0.1em 0.1em 0.5em rgba(255,255,255,0.75); border-radius: 1em; -moz-border-radius: 1em; -webkit-border-radius: 1em;\" border=\"3\" cellspacing=\"10\" align=\"right\">\n<tbody>\n<tr>\n<td style=\"font-weight: bold; border: solid 0px transparent;\" colspan=\"2\" align=\"center\"><\/td>\n<\/tr>\n<tr>\n<td style=\"background: transparent; border: solid 0px transparent;\" colspan=\"2\" align=\"center\"><a href=\"https:\/\/www.sf-germany.org\/einheiten\/uss-hephaistos\/wp-content\/uploads\/2016\/01\/2102-Star_Trek_Offizier_Vulkanier.png\" rel=\"attachment wp-att-108\"><img decoding=\"async\" class=\"alignnone size-full wp-image-108\" src=\"https:\/\/www.sf-germany.org\/einheiten\/uss-hephaistos\/wp-content\/uploads\/2016\/01\/2102-Star_Trek_Offizier_Vulkanier.png\" alt=\"2102-Star_Trek_Offizier_Vulkanier\" width=\"140\" \/><\/a><\/td>\n<\/tr>\n<tr>\n<td style=\"font-weight: bold; border: solid 0px transparent;\" colspan=\"2\" align=\"center\"><b>Torak<\/b><\/td>\n<\/tr>\n<tr>\n<td style=\"font-weight: bold; border: solid 0px transparent;\" align=\"right\" width=\"50%\">Status<\/td>\n<td style=\"border: solid 0px transparent;\" align=\"left\" width=\"50%\">PC<\/td>\n<\/tr>\n<tr>\n<td style=\"font-weight: bold; border: solid 0px transparent;\" align=\"right\" width=\"50%\">Spieler<\/td>\n<td style=\"border: solid 0px transparent;\" align=\"left\" width=\"50%\">Swen S.<\/td>\n<\/tr>\n<tr>\n<td style=\"font-weight: bold; border: solid 0px #003366; background: #555; box-shadow: 0.1em 0.1em 0.5em rgba(255,255,255,0.75); -webkit-box-shadow: 0.1em 0.1em 0.5em rgba(255,255,255,0.75); border-radius: 1em; -webkit-border-radius: 1em;\" colspan=\"2\" align=\"center\">Dienstliche Informationen<\/td>\n<\/tr>\n<tr>\n<td style=\"font-weight: bold; border: solid 0px transparent;\" align=\"right\" width=\"50%\">Ranggrafik<\/td>\n<td style=\"border: solid 0px transparent;\" align=\"left\" width=\"50%\"><img decoding=\"async\" class=\"alignnone\" src=\"https:\/\/www.sf-germany.com\/images\/schemata\/sto\/rot\/ltcmdr.png\" alt=\"\" width=\"100\" \/><\/td>\n<\/tr>\n<tr>\n<td style=\"font-weight: bold; border: solid 0px transparent;\" align=\"right\" width=\"50%\">Rang<\/td>\n<td style=\"border: solid 0px transparent;\" align=\"left\" width=\"50%\">Lieutenant Commander<\/td>\n<\/tr>\n<tr>\n<td style=\"font-weight: bold; border: solid 0px transparent;\" align=\"right\" width=\"50%\">Posten<\/td>\n<td style=\"border: solid 0px transparent;\" align=\"left\" width=\"50%\">XO<\/td>\n<\/tr>\n<tr>\n<td style=\"font-weight: bold; border: solid 0px transparent;\" align=\"right\" width=\"50%\">Stationierung<\/td>\n<td style=\"border: solid 0px transparent;\" align=\"left\" width=\"50%\">USS Hephaistos<\/td>\n<\/tr>\n<tr>\n<td style=\"font-weight: bold; border: solid 0px #003366; background: #555; box-shadow: 0.1em 0.1em 0.5em rgba(255,255,255,0.75); -webkit-box-shadow: 0.1em 0.1em 0.5em rgba(255,255,255,0.75); border-radius: 1em; -webkit-border-radius: 1em;\" colspan=\"2\" align=\"center\">Biographische Informationen<\/td>\n<\/tr>\n<tr>\n<td style=\"font-weight: bold; border: solid 0px transparent;\" align=\"right\" width=\"50%\">Geburtstag<\/td>\n<td style=\"border: solid 0px transparent;\" align=\"left\" width=\"50%\">2370<\/td>\n<\/tr>\n<tr>\n<td style=\"font-weight: bold; border: solid 0px transparent;\" align=\"right\" width=\"50%\">Familienstand<\/td>\n<td style=\"border: solid 0px transparent;\" align=\"left\" width=\"50%\">ledig<\/td>\n<\/tr>\n<tr>\n<td style=\"font-weight: bold; border: 0px solid transparent;\" align=\"right\" valign=\"top\" width=\"50%\">Vater<\/td>\n<td style=\"border: 0px solid transparent;\" align=\"left\" width=\"50%\">\n<div>T&#8217;Vei, Botschafter<\/div>\n<\/td>\n<\/tr>\n<tr>\n<td style=\"font-weight: bold; border: solid 0px transparent;\" align=\"right\" valign=\"top\" width=\"50%\">Mutter<\/td>\n<td style=\"border: solid 0px transparent;\" align=\"left\" width=\"50%\">T&#8217;Pan, Wissenschaftlerin<\/td>\n<\/tr>\n<tr>\n<td style=\"font-weight: bold; border: solid 0px transparent;\" align=\"right\" valign=\"top\" width=\"50%\">Geschwister<\/td>\n<td style=\"border: solid 0px transparent;\" align=\"left\" width=\"50%\">Kaltor<\/td>\n<\/tr>\n<tr>\n<td style=\"font-weight: bold; border: solid 0px #003366; background: #555; box-shadow: 0.1em 0.1em 0.5em rgba(255,255,255,0.75); -webkit-box-shadow: 0.1em 0.1em 0.5em rgba(255,255,255,0.75); border-radius: 1em; -webkit-border-radius: 1em;\" colspan=\"2\" align=\"center\">Physische Beschreibung<\/td>\n<\/tr>\n<tr>\n<td style=\"font-weight: bold; border: solid 0px transparent;\" align=\"right\" width=\"50%\">Spezies<\/td>\n<td style=\"border: solid 0px transparent;\" align=\"left\" width=\"50%\">Vulkanier<\/td>\n<\/tr>\n<tr>\n<td style=\"font-weight: bold; border: solid 0px transparent;\" align=\"right\" width=\"50%\">Geschlecht<\/td>\n<td style=\"border: solid 0px transparent;\" align=\"left\" width=\"50%\">m\u00e4nnlich<\/td>\n<\/tr>\n<tr>\n<td style=\"font-weight: bold; border: solid 0px transparent;\" align=\"right\" width=\"50%\">Gr\u00f6\u00dfe<\/td>\n<td style=\"border: solid 0px transparent;\" align=\"left\" width=\"50%\">183 cm<\/td>\n<\/tr>\n<tr>\n<td style=\"font-weight: bold; border: solid 0px transparent;\" align=\"right\" width=\"50%\">Haarfarbe<\/td>\n<td style=\"border: solid 0px transparent;\" align=\"left\" width=\"50%\">grau, kurz<\/td>\n<\/tr>\n<tr>\n<td style=\"font-weight: bold; border: solid 0px transparent;\" align=\"right\" width=\"50%\">Augenfarbe<\/td>\n<td style=\"border: solid 0px transparent;\" align=\"left\" width=\"50%\">gr\u00fcngrau<\/td>\n<\/tr>\n<tr>\n<td style=\"font-weight: bold; border: solid 0px #003366; background: #555; box-shadow: 0.1em 0.1em 0.5em rgba(255,255,255,0.75); -webkit-box-shadow: 0.1em 0.1em 0.5em rgba(255,255,255,0.75); border-radius: 1em; -webkit-border-radius: 1em;\" colspan=\"2\" align=\"center\">Politische informationen<\/td>\n<\/tr>\n<tr>\n<td style=\"font-weight: bold; border: solid 0px transparent;\" align=\"right\" valign=\"top\" width=\"50%\">Buergerschaft<\/td>\n<td style=\"border: solid 0px transparent;\" align=\"left\" width=\"50%\">F\u00f6deration<\/td>\n<\/tr>\n<\/tbody>\n<\/table>\n<\/div>\n<h2>Lebenslauf<\/h2>\n<p>Torak wurde im Jahre 2370 auf dem Planeten Vulkan in der Stadt Ta&#8217;Valsh geboren. Seine Kindheit verlief ohne gro\u00dfe Besonderheiten. Mit der Tatsache, dass sein Vater nur selten zu Hause war fand sich Toark schnell ab. Wie viele Vulkanier, besa\u00df er einen enormen Wissensdurst. Sofern sein Vater auf Vulkan weilte unterst\u00fctze er seine S\u00f6hne so gut es ging. Torak selbst verfolgte die T\u00e4tigkeiten seiner Mutter mehr. Sein Interesse an diplomatischen Dingen war bei weitem nicht so ausgepr\u00e4gt, wie das seines Bruders Kaltor.<br \/>\nWie viele Vulkanier lernte Torak die Lehren Suraks kennen und zog diese auf wie ein Schwamm. Er widmete viel Zeit der Meditation, was ihm eine enorm gute Kontrolle seiner Emotionen einbrachte. Bereits mit jungen Jahren begleitete Torak seine Mutter bei kleineren Forschungsmissionen.<br \/>\nMit der Vollendung seines 20. Lebensjahrs nahm er an einer l\u00e4ngeren Forschungsmission teil. In den folgenden 8 Jahren lernte der noch junge Vulkanier die Grundlagen der Astronavigation. Er vertieft seine Kenntnisse im wissenschaftlichen Sektor, was ihm relativ einfach viel. Das Analysieren von Scannerdaten, Partikeln und anderen Dingen viel Torak leicht und stillte seinen Wissensdurst.<br \/>\nNoch w\u00e4hrend der Forschungsmission entschloss er sich, dass er mehr wollte. Der Entschluss zur Sternenflotte zu gehen festigte sich. Nach seiner R\u00fcckkehr auf Vulkan teilte er seinen Entschluss seinen Eltern mit, welche diesen begr\u00fc\u00dften.<br \/>\nBis zu diesem Tag verstand sich Torak mit seinem Bruder Kaltor recht gut. Der Entschluss zur Sternenflotte zu gehen brach dieses Verh\u00e4ltnis. Es wurden endlose Debatten gef\u00fchrt, dass er doch seine F\u00e4higkeiten und Kenntnisse lieber dem eigenen Volk zugutekommen lassen solle. Das sein Volk ihn mehr brauchte als die F\u00f6deration und so weiter.<br \/>\nAllerdings lie\u00df sich Torak nicht von seinem Entschluss abbringen. Dies f\u00fchrte schlussendlich dazu, dass der Kontakt zu seinem Bruder ab riss und er seit dem Eintritt in die Sternenflotte nichts mehr von ihm geh\u00f6rt hat.<br \/>\nAuf der Akademie angekommen wollte Torak die Laufbahn eines Wissenschaftsoffiziers einschlagen. Seine Dozenten brachte der Vulkanier durch sein st\u00e4ndiges Hinterfragen und Nachhaken teilweise zur Wei\u00dfglut. In seiner Akademiegruppe wurde Torak als Workaholic bezeichnet und viele brauchten einige Zeit um mit ihm \u201ewarm\u201c zu werden. \u00a0Auch w\u00e4hrend der gesamten Akademiezeit vernachl\u00e4ssigte er die Lehren Suraks nicht. Eine Spezialisierung in einem der vielen Gebiete legte Torak nicht ab, da hier sein Wissensdurst f\u00fcr alle Bereiche offen ist.<br \/>\nZus\u00e4tzlich zur Laufbahn des Wissenschaftsoffiziers, belegte Torak Kurse f\u00fcr die F\u00fchrungsebene. Er war sichtlich fasziniert davon, was f\u00fcr eine Verantwortung darin lag, ein ganzes Schiff oder eine Station zu kommandieren.<br \/>\nDie Abschlusspr\u00fcfung als Wissenschaftsoffizier legte der Vulkanier mit tadellosen Noten ab. Auch die Theorie der Zusatzkurse bestand er mit Bravur, allerdings kam es bei der praktischen Pr\u00fcfung in diesem Bereich zu Punktabz\u00fcgen, da er einfach zu penibel und der Wissenschaftlerdrang zu ausgepr\u00e4gt \u00a0war.<br \/>\nNach der Bef\u00f6rderung zum Ensign wurde Torak auf die USS Baron versetzt. Hier bekleidete er gute 7 Jahre lang den Posten des CWI. Durch seine guten Leistungen in dieser Zeit verbrachte er weitere 3 Jahre auf der USS Baron allerdings als 2O.<br \/>\nIm Jahre 2413 wurde er im Rang eines LtCmdr. als XO auf die USS Hephaistos versetzt.<br \/>\n<span style=\"color: #ff0000;\">SD 221103 &#8211; Bei einer Mission der Hephaistos bei der ein iconianisches Tor zerst\u00f6rt wurde, verletzte sich \u00a0Torak so schwer, das man in in Stasis versetzen musste, da keine M\u00f6glichkeit bestand ihn an Bord zu behandeln.<\/span><\/p>\n<hr \/>\n<h2>Psychologisches Profil<\/h2>\n<p>Torak versteht sich im Umgang mit Vorgesetzten und h\u00e4lt stets den Dienstweg ein. Sein Wissensdurst scheint schier unendlich, was ab und an daf\u00fcr sorgt, dass er tagelang an Problemen und L\u00f6sungen arbeiten kann. Selbst f\u00fcr einen Vulkanier, wei\u00dft Torak ein enormes Potential zum Hang eines Workaholic auf. Dies sollte durch den hiesigen Cunselor beobachtet werden.<\/p>\n<p>Ansonsten ist Torak sehr strukturiert in seiner Vorgehensweise. Mit ihm Untergebenen geht er wie es das Protokoll vorgibt respektvoll um.<\/p>\n<hr \/>\n<h2>Spezialgebiete<\/h2>\n<ul>\n<li>F\u00fchrungsseminare<\/li>\n<li>Grundlagen f\u00fcr einen Wissenschaftsoffizier<\/li>\n<li>Tieferreichende Ausbildung zum Wissenschaftsoffizier<\/li>\n<li>Sprachen:\u00a0F\u00f6derationsstandard (flie\u00dfend), Vulkanisch (flie\u00dfend)<\/li>\n<\/ul>\n<p>&nbsp;<\/p>\n<p><strong>Geistige F\u00e4higkeiten:<\/strong><\/p>\n<ul>\n<li>T&#8217;an s&#8217;at (Kontrolle der Emotionen)<\/li>\n<li>Mentalverschmelzung<\/li>\n<li>Mantra (Unterdr\u00fcckung starker Schmerzen)<\/li>\n<li>Nervengriff<\/li>\n<\/ul>\n<hr \/>\n<h2>Hobbies<\/h2>\n<p>Seine T\u00e4tigkeiten in seiner Freizeit, beschr\u00e4nken sich auf die Traditionen des vulkanischen Volkes. Er verbringt dadurch viel Zeit mit Meditation, sowie dem Training. Sein Training bezieht sich auf den K\u00f6rper, also dem Sport, sowie der Verbesserung der Kontrolle seiner Emotionen, welche ebenfalls durch die Meditation verbessert werden. Er versucht seine Leistungen auch in seiner Freizeit zu verbessern.<\/p>\n<hr \/>\n<h2>Medizinisches Profil<\/h2>\n<p>Bis auf wenige Prellungen und andere kleinere Verletzung, welche durch sein Training auftreten befindet sich Torak in einer sehr guten k\u00f6rperlichen Verfassung. Seine Ohren sind wie bei allen Vulkaniern spitz zulaufend und man kann sagen, dass er so gut h\u00f6rt wie ein Lux. Ebenso sind alle Organe vorhanden und befinden sich an der Spezies typischen Pl\u00e4tzen (z.B. vulkanisches Herz befindet sich in der H\u00f6he der menschlichen Leber). Das Blut basiert, wie bei Vulkaniern \u00fcblich, auf Kupfer. Ebenso hat Torak au\u00dfergew\u00f6hnliche Kr\u00e4fte, er weist etwa 4 mal so hohe Kr\u00e4fte auf wie ein Mensch, aber dies ist durch die erh\u00f6hte Gravitation auf Vulkan bereits in anderen F\u00e4llen schon erkannt worden.<\/p>\n<hr \/>\n<h2>Klassifzierte Sektion<\/h2>\n<p>keine Eintr\u00e4ge<\/p>\n<p>&nbsp;<\/p>\n","protected":false},"excerpt":{"rendered":"<p>&nbsp; Torak Status PC Spieler Swen S. Dienstliche Informationen Ranggrafik Rang Lieutenant Commander Posten XO Stationierung USS Hephaistos Biographische Informationen Geburtstag 2370 Familienstand ledig Vater T&#8217;Vei, Botschafter Mutter T&#8217;Pan, Wissenschaftlerin Geschwister Kaltor Physische Beschreibung Spezies Vulkanier Geschlecht m\u00e4nnlich Gr\u00f6\u00dfe 183 cm Haarfarbe grau, kurz Augenfarbe gr\u00fcngrau Politische informationen Buergerschaft F\u00f6deration Lebenslauf Torak wurde im Jahre&#8230;<\/p>\n<p class=\"more-link-wrap\"><a href=\"https:\/\/www.sf-germany.org\/einheiten\/uss-hephaistos\/die-crew\/charakter-archiv\/torak\/\" class=\"more-link\">Read More<span class=\"screen-reader-text\"> &ldquo;Torak&rdquo;<\/span> &raquo;<\/a><\/p>\n","protected":false},"author":1,"featured_media":0,"parent":1100,"menu_order":1,"comment_status":"closed","ping_status":"closed","template":"page-templates\/medium.php","meta":{"footnotes":""},"class_list":["post-200","page","type-page","status-publish","hentry"],"_links":{"self":[{"href":"https:\/\/www.sf-germany.org\/einheiten\/uss-hephaistos\/wp-json\/wp\/v2\/pages\/200","targetHints":{"allow":["GET"]}}],"collection":[{"href":"https:\/\/www.sf-germany.org\/einheiten\/uss-hephaistos\/wp-json\/wp\/v2\/pages"}],"about":[{"href":"https:\/\/www.sf-germany.org\/einheiten\/uss-hephaistos\/wp-json\/wp\/v2\/types\/page"}],"author":[{"embeddable":true,"href":"https:\/\/www.sf-germany.org\/einheiten\/uss-hephaistos\/wp-json\/wp\/v2\/users\/1"}],"replies":[{"embeddable":true,"href":"https:\/\/www.sf-germany.org\/einheiten\/uss-hephaistos\/wp-json\/wp\/v2\/comments?post=200"}],"version-history":[{"count":5,"href":"https:\/\/www.sf-germany.org\/einheiten\/uss-hephaistos\/wp-json\/wp\/v2\/pages\/200\/revisions"}],"predecessor-version":[{"id":5601,"href":"https:\/\/www.sf-germany.org\/einheiten\/uss-hephaistos\/wp-json\/wp\/v2\/pages\/200\/revisions\/5601"}],"up":[{"embeddable":true,"href":"https:\/\/www.sf-germany.org\/einheiten\/uss-hephaistos\/wp-json\/wp\/v2\/pages\/1100"}],"wp:attachment":[{"href":"https:\/\/www.sf-germany.org\/einheiten\/uss-hephaistos\/wp-json\/wp\/v2\/media?parent=200"}],"curies":[{"name":"wp","href":"https:\/\/api.w.org\/{rel}","templated":true}]}}